{"id":16845,"date":"2023-09-12T10:55:59","date_gmt":"2023-09-12T10:55:59","guid":{"rendered":"https:\/\/tajkertesz.com\/?post_type=product&#038;p=16845"},"modified":"2026-02-25T08:22:46","modified_gmt":"2026-02-25T08:22:46","slug":"photinia-x-faseri-red-robin-spalier-spalettas-korallberkenye","status":"publish","type":"product","link":"https:\/\/tajkertesz.com\/en_US\/product\/photinia-x-faseri-red-robin-spalier-spalettas-korallberkenye\/","title":{"rendered":"Photinia x faseri &#8222;Red Robin&#8221; spalier\/ spalett\u00e1s korallberkenye"},"content":{"rendered":"<h2>Photinia x faseri &#8222;Red Robin&#8221; spalier\/ spalett\u00e1s korallberkenye<\/h2>\n<p>Photinia x faseri &#8222;Red Robin&#8221; spalier\/ spalett\u00e1s korallberkenye<\/p>\n<p>A Photinia x faseri &#8222;Red Robin&#8221; \u201espalier\u201d \u2013\u00a0 Korallberkenye Spalier 150&#215;150 cm m\u00e9ret\u0171 fa v\u00e1zhoz r\u00f6gz\u00edtett 200cm-es t\u00f6rzs\u00f6n, ny\u00edrt t\u00e9relv\u00e1laszt\u00f3 \u00f6r\u00f6kz\u00f6ld n\u00f6v\u00e9ny.<\/p>\n<p>A Photina\u00a0 fraseri \u2018Red Robin\u2019 , Korallberkenye a fiatal hajt\u00e1sok \u00e9s a fels\u0151 levelek kihajt\u00e1skor \u00e9l\u00e9nk v\u00f6r\u00f6sek, \u00e9rdekes sz\u00ednfoltot adva kert\u00fcnknek.<\/p>\n<p>T\u00f6k\u00e9letes megold\u00e1s a k\u00edv\u00e1ncsi tekintetek el\u0151l \u00e9s azonnali takar\u00e1st biztos\u00edt.<\/p>\n<p>Olyan helyekre is t\u00f6k\u00e9letes ahol kicsi a hely a klasszikus s\u00f6v\u00e9nynek.<\/p>\n<p>Teraszokon, er\u00e9lyeken is kit\u0171n\u0151 megold\u00e1s lehet.<\/p>\n<p>A term\u00e9ket sz\u00fcks\u00e9ges ny\u00edrni, igaz\u00edtani, de ehhez nem kell nagy szaktud\u00e1s sem nagy s\u00f6v\u00e9nyny\u00edr\u00f3kra beruh\u00e1znunk.<\/p>\n<p>Elegend\u0151 lesz hozz\u00e1 egy egyszer\u0171 metsz\u0151oll\u00f3 is.<\/p>\n<p>Viszont fontos megeml\u00edteni , hogy a folyamatos t\u00e1panyag ut\u00e1np\u00f3tl\u00e1sr\u00f3l nem szabad elfelejtkezn\u00fcnk!<\/p>\n<p>A spalier term\u00e9kek sz\u00e9les v\u00e1laszt\u00e9kban megv\u00e1s\u00e1rolhat\u00f3ak kert\u00e9szet\u00fcnkben.<\/p>\n<h1><strong>M\u00e9ret\u00e9n\u00e9l fogva GLS-fut\u00e1rszolg\u00e1lattal nem sz\u00e1ll\u00edthat\u00f3!<\/strong><\/h1>\n<p>El\u00e9rhet\u0151 t\u00f6bbf\u00e9le m\u00e9retben \u00e9s \u00e1rban.<\/p>\n<p><strong>K\u00e9szlet\u00fcnk napi szinten v\u00e1ltozik, ez\u00e9rt k\u00e9rj\u00fck, \u00e9rdekl\u0151dj\u00f6n szem\u00e9lyesen, telefonon vagy email-en.<br \/>\nA v\u00e1ltoztat\u00e1s jog\u00e1t fenntartjuk!\u00a0<\/strong><\/p>\n<p>&nbsp;<\/p>\n<p><a href=\"https:\/\/tajkertesz.com\/\">https:\/\/tajkertesz.com\/<\/a><\/p>\n<p><a href=\"https:\/\/www.facebook.com\/tajkertesz\/\">https:\/\/www.facebook.com\/tajkertesz\/<\/a><\/p>\n<p>Kisz\u00e1ll\u00edt\u00e1s: 200cm-ig \u00a0\u00e9s 40 kg-ig a sz\u00e1ll\u00edt\u00e1s fut\u00e1rszolg\u00e1lattal \u00a0t\u00f6rt\u00e9nik.<\/p>\n<p>Szem\u00e9lyes \u00e1tv\u00e9tel nyitvatart\u00e1si id\u0151ben a 17. ker\u00fclet Bakancsos utca 7. sz\u00e1m alatti Kert\u00e9szeti \u00e1rud\u00e1ban.<\/p>\n<p>&nbsp;<\/p>\n<h6><span style=\"color: #ffffff;\">A Photinia x faseri &#8222;Red Robin&#8221; \u201espalier\u201d \u2013\u00a0 Korallberkenye Spalier 150&#215;150 cm m\u00e9ret\u0171 fa v\u00e1zhoz r\u00f6gz\u00edtett 200cm-es t\u00f6rzs\u00f6n, ny\u00edrt t\u00e9relv\u00e1laszt\u00f3 \u00f6r\u00f6kz\u00f6ld n\u00f6v\u00e9ny.A Photina\u00a0 fraseri \u2018Red Robin\u2019 , Korallberkenye a fiatal hajt\u00e1sok \u00e9s a fels\u0151 levelek kihajt\u00e1skor \u00e9l\u00e9nk v\u00f6r\u00f6sek, \u00e9rdekes sz\u00ednfoltot adva kert\u00fcnknek.T\u00f6k\u00e9letes megold\u00e1s a k\u00edv\u00e1ncsi tekintetek el\u0151l \u00e9s azonnali takar\u00e1st biztos\u00edt.Olyan helyekre is t\u00f6k\u00e9letes ahol kicsi a hely a klasszikus s\u00f6v\u00e9nynek.Teraszokon, er\u00e9lyeken is kit\u0171n\u0151 megold\u00e1s lehet.A term\u00e9ket sz\u00fcks\u00e9ges ny\u00edrni, igaz\u00edtani, de ehhez nem kell nagy szaktud\u00e1s sem nagy s\u00f6v\u00e9nyny\u00edr\u00f3kra beruh\u00e1znunk.Elegend\u0151 lesz hozz\u00e1 egy egyszer\u0171 metsz\u0151oll\u00f3 is.Viszont fontos megeml\u00edteni , hogy a folyamatos t\u00e1panyag ut\u00e1np\u00f3tl\u00e1sr\u00f3l nem szabad elfelejtkezn\u00fcnk!<\/span><\/h6>","protected":false},"excerpt":{"rendered":"<p>Photinia x faseri &#8222;Red Robin&#8221; \u201espalier\u201d \u2013\u00a0 Korallberkenye Spalier 150&#215;150 cm<\/p>\n<p>A Photinia x faseri &#8222;Red Robin&#8221; \u201espalier\u201d \u2013\u00a0 Korallberkenye Spalier 150&#215;150 cm m\u00e9ret\u0171 fa v\u00e1zhoz r\u00f6gz\u00edtett 200cm-es t\u00f6rzs\u00f6n, ny\u00edrt t\u00e9relv\u00e1laszt\u00f3&#8230;<\/p>\n<p>El\u00e9rhet\u0151 t\u00f6bbf\u00e9le m\u00e9retben \u00e9s \u00e1rban.<\/p>\n<p><strong>K\u00e9szlet\u00fcnk napi szinten v\u00e1ltozik, ez\u00e9rt k\u00e9rj\u00fck, \u00e9rdekl\u0151dj\u00f6n szem\u00e9lyesen, telefonon vagy email-en.<br \/>\nA v\u00e1ltoztat\u00e1s jog\u00e1t fenntartjuk!\u00a0<\/strong><\/p>\n<p><a href=\"https:\/\/tajkertesz.com\/\">https:\/\/tajkertesz.com\/<\/a><\/p>\n<p><a href=\"https:\/\/www.facebook.com\/tajkertesz\/\">https:\/\/www.facebook.com\/tajkertesz\/<\/a><\/p>\n<h3><span style=\"color: #ff0000;\">Kisz\u00e1ll\u00edt\u00e1s: 200cm-ig \u00a0\u00e9s 40 kg-ig a sz\u00e1ll\u00edt\u00e1s fut\u00e1rszolg\u00e1lattal \u00a0t\u00f6rt\u00e9nik, ez\u00e9rt<\/span><\/h3>\n<h3><span style=\"color: #ff0000;\"><strong>m\u00e9ret\u00e9n\u00e9l fogva GLS-fut\u00e1rszolg\u00e1lattal nem sz\u00e1ll\u00edthat\u00f3 ,szem\u00e9lyesen \u00e1tvehet\u0151 kert\u00e9szet\u00fcnkben!<\/strong><\/span><\/h3>","protected":false},"featured_media":16857,"template":"","meta":{"_et_pb_use_builder":"","_et_pb_old_content":"","_et_gb_content_width":""},"product_brand":[],"product_cat":[4189],"product_tag":[907,24,4368,4248,4939],"class_list":{"0":"post-16845","1":"product","2":"type-product","3":"status-publish","4":"has-post-thumbnail","6":"product_cat-terelvalaszto-novenyek","7":"product_tag-korallberkenye","8":"product_tag-orokzold","9":"product_tag-spalettas-noveny","10":"product_tag-spalier","11":"product_tag-terelvalaszto","13":"first","14":"instock","15":"shipping-taxable","16":"purchasable","17":"product-type-simple"},"yoast_head":"<!-- This site is optimized with the Yoast SEO plugin v27.4 - https:\/\/yoast.com\/product\/yoast-seo-wordpress\/ -->\n<title>Photinia x faseri &quot;Red Robin&quot; spalier\/ spalett\u00e1s korallberkenye - T\u00e1jkert\u00e9sz<\/title>\n<meta name=\"description\" content=\"Photinia x faseri &quot;Red Robin&quot; spalier\/ spalett\u00e1s korallberkenye m\u00e9ret\u0171 fa v\u00e1zhoz r\u00f6gz\u00edtett 200cm-es t\u00f6rzs\u00f6n, ny\u00edrt t\u00e9relv\u00e1laszt\u00f3. T\u00f6k\u00e9letes...\" \/>\n<meta name=\"robots\" content=\"index, follow, max-snippet:-1, max-image-preview:large, max-video-preview:-1\" \/>\n<link rel=\"canonical\" href=\"https:\/\/tajkertesz.com\/en_US\/product\/photinia-x-faseri-red-robin-spalier-spalettas-korallberkenye\/\" \/>\n<meta property=\"og:locale\" content=\"en_US\" \/>\n<meta property=\"og:type\" content=\"article\" \/>\n<meta property=\"og:title\" content=\"https:\/\/www.facebook.com\/tajkertesz\/\" \/>\n<meta property=\"og:description\" content=\"A Photinia x faseri &quot;Red Robin&quot; \u201espalier\u201d \u2013\u00a0 Korallberkenye Spalier 150x150 cm m\u00e9ret\u0171 fa v\u00e1zhoz r\u00f6gz\u00edtett 200cm-es t\u00f6rzs\u00f6n, ny\u00edrt t\u00e9relv\u00e1laszt\u00f3.T\u00f6k\u00e9letes megold\u00e1s a k\u00edv\u00e1ncsi tekintetek el\u0151l \u00e9s azonnali takar\u00e1st biztos\u00edt.Olyan helyekre is t\u00f6k\u00e9letes ahol kicsi a hely a klasszikus s\u00f6v\u00e9nynek.Teraszokon, er\u00e9lyeken is kit\u0171n\u0151 megold\u00e1s lehet.\" \/>\n<meta property=\"og:url\" content=\"https:\/\/tajkertesz.com\/en_US\/product\/photinia-x-faseri-red-robin-spalier-spalettas-korallberkenye\/\" \/>\n<meta property=\"og:site_name\" content=\"T\u00e1jkert\u00e9sz\" \/>\n<meta property=\"article:publisher\" content=\"https:\/\/www.facebook.com\/Tajkertesz\/\" \/>\n<meta property=\"article:modified_time\" content=\"2026-02-25T08:22:46+00:00\" \/>\n<meta property=\"og:image\" content=\"https:\/\/tajkertesz.com\/wp-content\/uploads\/2023\/09\/20230912_103738-1-scaled.jpg\" \/>\n\t<meta property=\"og:image:width\" content=\"1154\" \/>\n\t<meta property=\"og:image:height\" content=\"2560\" \/>\n\t<meta property=\"og:image:type\" content=\"image\/jpeg\" \/>\n<meta name=\"twitter:card\" content=\"summary_large_image\" \/>\n<meta name=\"twitter:label1\" content=\"Est. reading time\" \/>\n\t<meta name=\"twitter:data1\" content=\"2 minutes\" \/>\n<script type=\"application\/ld+json\" class=\"yoast-schema-graph\">{\"@context\":\"https:\\\/\\\/schema.org\",\"@graph\":[{\"@type\":\"WebPage\",\"@id\":\"https:\\\/\\\/tajkertesz.com\\\/termek\\\/photinia-x-faseri-red-robin-spalier-spalettas-korallberkenye\\\/\",\"url\":\"https:\\\/\\\/tajkertesz.com\\\/termek\\\/photinia-x-faseri-red-robin-spalier-spalettas-korallberkenye\\\/\",\"name\":\"Photinia x faseri \\\"Red Robin\\\" spalier\\\/ spalett\u00e1s korallberkenye - T\u00e1jkert\u00e9sz\",\"isPartOf\":{\"@id\":\"https:\\\/\\\/tajkertesz.com\\\/#website\"},\"primaryImageOfPage\":{\"@id\":\"https:\\\/\\\/tajkertesz.com\\\/termek\\\/photinia-x-faseri-red-robin-spalier-spalettas-korallberkenye\\\/#primaryimage\"},\"image\":{\"@id\":\"https:\\\/\\\/tajkertesz.com\\\/termek\\\/photinia-x-faseri-red-robin-spalier-spalettas-korallberkenye\\\/#primaryimage\"},\"thumbnailUrl\":\"https:\\\/\\\/tajkertesz.com\\\/wp-content\\\/uploads\\\/2023\\\/09\\\/CAR_BE_S3_C_0055_T18B_33.jpg\",\"datePublished\":\"2023-09-12T10:55:59+00:00\",\"dateModified\":\"2026-02-25T08:22:46+00:00\",\"description\":\"Photinia x faseri \\\"Red Robin\\\" spalier\\\/ spalett\u00e1s korallberkenye m\u00e9ret\u0171 fa v\u00e1zhoz r\u00f6gz\u00edtett 200cm-es t\u00f6rzs\u00f6n, ny\u00edrt t\u00e9relv\u00e1laszt\u00f3. T\u00f6k\u00e9letes...\",\"breadcrumb\":{\"@id\":\"https:\\\/\\\/tajkertesz.com\\\/termek\\\/photinia-x-faseri-red-robin-spalier-spalettas-korallberkenye\\\/#breadcrumb\"},\"inLanguage\":\"en-US\",\"potentialAction\":[{\"@type\":\"ReadAction\",\"target\":[\"https:\\\/\\\/tajkertesz.com\\\/termek\\\/photinia-x-faseri-red-robin-spalier-spalettas-korallberkenye\\\/\"]}]},{\"@type\":\"ImageObject\",\"inLanguage\":\"en-US\",\"@id\":\"https:\\\/\\\/tajkertesz.com\\\/termek\\\/photinia-x-faseri-red-robin-spalier-spalettas-korallberkenye\\\/#primaryimage\",\"url\":\"https:\\\/\\\/tajkertesz.com\\\/wp-content\\\/uploads\\\/2023\\\/09\\\/CAR_BE_S3_C_0055_T18B_33.jpg\",\"contentUrl\":\"https:\\\/\\\/tajkertesz.com\\\/wp-content\\\/uploads\\\/2023\\\/09\\\/CAR_BE_S3_C_0055_T18B_33.jpg\",\"width\":450,\"height\":600},{\"@type\":\"BreadcrumbList\",\"@id\":\"https:\\\/\\\/tajkertesz.com\\\/termek\\\/photinia-x-faseri-red-robin-spalier-spalettas-korallberkenye\\\/#breadcrumb\",\"itemListElement\":[{\"@type\":\"ListItem\",\"position\":1,\"name\":\"Home\",\"item\":\"https:\\\/\\\/tajkertesz.com\\\/\"},{\"@type\":\"ListItem\",\"position\":2,\"name\":\"Kezd\u0151lap\",\"item\":\"https:\\\/\\\/tajkertesz.com\\\/\"},{\"@type\":\"ListItem\",\"position\":3,\"name\":\"Photinia x faseri &#8222;Red Robin&#8221; spalier\\\/ spalett\u00e1s korallberkenye\"}]},{\"@type\":\"WebSite\",\"@id\":\"https:\\\/\\\/tajkertesz.com\\\/#website\",\"url\":\"https:\\\/\\\/tajkertesz.com\\\/\",\"name\":\"T\u00e1j-Kert\u00e9sz 84 Kft.\",\"description\":\"Kert\u00e9szeti kis- \u00e9s nagykeresked\u00e9s, D\u00edszn\u00f6v\u00e9ny web\u00e1ruh\u00e1z orsz\u00e1gos h\u00e1zhozsz\u00e1ll\u00edt\u00e1ssal!\",\"publisher\":{\"@id\":\"https:\\\/\\\/tajkertesz.com\\\/#organization\"},\"potentialAction\":[{\"@type\":\"SearchAction\",\"target\":{\"@type\":\"EntryPoint\",\"urlTemplate\":\"https:\\\/\\\/tajkertesz.com\\\/?s={search_term_string}\"},\"query-input\":{\"@type\":\"PropertyValueSpecification\",\"valueRequired\":true,\"valueName\":\"search_term_string\"}}],\"inLanguage\":\"en-US\"},{\"@type\":\"Organization\",\"@id\":\"https:\\\/\\\/tajkertesz.com\\\/#organization\",\"name\":\"T\u00e1j-Kert\u00e9sz 84 Kft.\",\"url\":\"https:\\\/\\\/tajkertesz.com\\\/\",\"logo\":{\"@type\":\"ImageObject\",\"inLanguage\":\"en-US\",\"@id\":\"https:\\\/\\\/tajkertesz.com\\\/#\\\/schema\\\/logo\\\/image\\\/\",\"url\":\"https:\\\/\\\/tajkertesz.com\\\/wp-content\\\/uploads\\\/2018\\\/02\\\/logo-2-e1518678052539.png\",\"contentUrl\":\"https:\\\/\\\/tajkertesz.com\\\/wp-content\\\/uploads\\\/2018\\\/02\\\/logo-2-e1518678052539.png\",\"width\":81,\"height\":140,\"caption\":\"T\u00e1j-Kert\u00e9sz 84 Kft.\"},\"image\":{\"@id\":\"https:\\\/\\\/tajkertesz.com\\\/#\\\/schema\\\/logo\\\/image\\\/\"},\"sameAs\":[\"https:\\\/\\\/www.facebook.com\\\/Tajkertesz\\\/\"]}]}<\/script>\n<!-- \/ Yoast SEO plugin. -->","yoast_head_json":{"title":"Photinia x faseri \"Red Robin\" spalier\/ spalett\u00e1s korallberkenye - T\u00e1jkert\u00e9sz","description":"Photinia x faseri \"Red Robin\" spalier\/ spalett\u00e1s korallberkenye m\u00e9ret\u0171 fa v\u00e1zhoz r\u00f6gz\u00edtett 200cm-es t\u00f6rzs\u00f6n, ny\u00edrt t\u00e9relv\u00e1laszt\u00f3. T\u00f6k\u00e9letes...","robots":{"index":"index","follow":"follow","max-snippet":"max-snippet:-1","max-image-preview":"max-image-preview:large","max-video-preview":"max-video-preview:-1"},"canonical":"https:\/\/tajkertesz.com\/en_US\/product\/photinia-x-faseri-red-robin-spalier-spalettas-korallberkenye\/","og_locale":"en_US","og_type":"article","og_title":"https:\/\/www.facebook.com\/tajkertesz\/","og_description":"A Photinia x faseri \"Red Robin\" \u201espalier\u201d \u2013\u00a0 Korallberkenye Spalier 150x150 cm m\u00e9ret\u0171 fa v\u00e1zhoz r\u00f6gz\u00edtett 200cm-es t\u00f6rzs\u00f6n, ny\u00edrt t\u00e9relv\u00e1laszt\u00f3.T\u00f6k\u00e9letes megold\u00e1s a k\u00edv\u00e1ncsi tekintetek el\u0151l \u00e9s azonnali takar\u00e1st biztos\u00edt.Olyan helyekre is t\u00f6k\u00e9letes ahol kicsi a hely a klasszikus s\u00f6v\u00e9nynek.Teraszokon, er\u00e9lyeken is kit\u0171n\u0151 megold\u00e1s lehet.","og_url":"https:\/\/tajkertesz.com\/en_US\/product\/photinia-x-faseri-red-robin-spalier-spalettas-korallberkenye\/","og_site_name":"T\u00e1jkert\u00e9sz","article_publisher":"https:\/\/www.facebook.com\/Tajkertesz\/","article_modified_time":"2026-02-25T08:22:46+00:00","og_image":[{"width":1154,"height":2560,"url":"https:\/\/tajkertesz.com\/wp-content\/uploads\/2023\/09\/20230912_103738-1-scaled.jpg","type":"image\/jpeg"}],"twitter_card":"summary_large_image","twitter_misc":{"Est. reading time":"2 minutes"},"schema":{"@context":"https:\/\/schema.org","@graph":[{"@type":"WebPage","@id":"https:\/\/tajkertesz.com\/termek\/photinia-x-faseri-red-robin-spalier-spalettas-korallberkenye\/","url":"https:\/\/tajkertesz.com\/termek\/photinia-x-faseri-red-robin-spalier-spalettas-korallberkenye\/","name":"Photinia x faseri \"Red Robin\" spalier\/ spalett\u00e1s korallberkenye - T\u00e1jkert\u00e9sz","isPartOf":{"@id":"https:\/\/tajkertesz.com\/#website"},"primaryImageOfPage":{"@id":"https:\/\/tajkertesz.com\/termek\/photinia-x-faseri-red-robin-spalier-spalettas-korallberkenye\/#primaryimage"},"image":{"@id":"https:\/\/tajkertesz.com\/termek\/photinia-x-faseri-red-robin-spalier-spalettas-korallberkenye\/#primaryimage"},"thumbnailUrl":"https:\/\/tajkertesz.com\/wp-content\/uploads\/2023\/09\/CAR_BE_S3_C_0055_T18B_33.jpg","datePublished":"2023-09-12T10:55:59+00:00","dateModified":"2026-02-25T08:22:46+00:00","description":"Photinia x faseri \"Red Robin\" spalier\/ spalett\u00e1s korallberkenye m\u00e9ret\u0171 fa v\u00e1zhoz r\u00f6gz\u00edtett 200cm-es t\u00f6rzs\u00f6n, ny\u00edrt t\u00e9relv\u00e1laszt\u00f3. T\u00f6k\u00e9letes...","breadcrumb":{"@id":"https:\/\/tajkertesz.com\/termek\/photinia-x-faseri-red-robin-spalier-spalettas-korallberkenye\/#breadcrumb"},"inLanguage":"en-US","potentialAction":[{"@type":"ReadAction","target":["https:\/\/tajkertesz.com\/termek\/photinia-x-faseri-red-robin-spalier-spalettas-korallberkenye\/"]}]},{"@type":"ImageObject","inLanguage":"en-US","@id":"https:\/\/tajkertesz.com\/termek\/photinia-x-faseri-red-robin-spalier-spalettas-korallberkenye\/#primaryimage","url":"https:\/\/tajkertesz.com\/wp-content\/uploads\/2023\/09\/CAR_BE_S3_C_0055_T18B_33.jpg","contentUrl":"https:\/\/tajkertesz.com\/wp-content\/uploads\/2023\/09\/CAR_BE_S3_C_0055_T18B_33.jpg","width":450,"height":600},{"@type":"BreadcrumbList","@id":"https:\/\/tajkertesz.com\/termek\/photinia-x-faseri-red-robin-spalier-spalettas-korallberkenye\/#breadcrumb","itemListElement":[{"@type":"ListItem","position":1,"name":"Home","item":"https:\/\/tajkertesz.com\/"},{"@type":"ListItem","position":2,"name":"Kezd\u0151lap","item":"https:\/\/tajkertesz.com\/"},{"@type":"ListItem","position":3,"name":"Photinia x faseri &#8222;Red Robin&#8221; spalier\/ spalett\u00e1s korallberkenye"}]},{"@type":"WebSite","@id":"https:\/\/tajkertesz.com\/#website","url":"https:\/\/tajkertesz.com\/","name":"T\u00e1j-Kert\u00e9sz 84 Kft.","description":"Kert\u00e9szeti kis- \u00e9s nagykeresked\u00e9s, D\u00edszn\u00f6v\u00e9ny web\u00e1ruh\u00e1z orsz\u00e1gos h\u00e1zhozsz\u00e1ll\u00edt\u00e1ssal!","publisher":{"@id":"https:\/\/tajkertesz.com\/#organization"},"potentialAction":[{"@type":"SearchAction","target":{"@type":"EntryPoint","urlTemplate":"https:\/\/tajkertesz.com\/?s={search_term_string}"},"query-input":{"@type":"PropertyValueSpecification","valueRequired":true,"valueName":"search_term_string"}}],"inLanguage":"en-US"},{"@type":"Organization","@id":"https:\/\/tajkertesz.com\/#organization","name":"T\u00e1j-Kert\u00e9sz 84 Kft.","url":"https:\/\/tajkertesz.com\/","logo":{"@type":"ImageObject","inLanguage":"en-US","@id":"https:\/\/tajkertesz.com\/#\/schema\/logo\/image\/","url":"https:\/\/tajkertesz.com\/wp-content\/uploads\/2018\/02\/logo-2-e1518678052539.png","contentUrl":"https:\/\/tajkertesz.com\/wp-content\/uploads\/2018\/02\/logo-2-e1518678052539.png","width":81,"height":140,"caption":"T\u00e1j-Kert\u00e9sz 84 Kft."},"image":{"@id":"https:\/\/tajkertesz.com\/#\/schema\/logo\/image\/"},"sameAs":["https:\/\/www.facebook.com\/Tajkertesz\/"]}]}},"_links":{"self":[{"href":"https:\/\/tajkertesz.com\/en_US\/wp-json\/wp\/v2\/product\/16845","targetHints":{"allow":["GET"]}}],"collection":[{"href":"https:\/\/tajkertesz.com\/en_US\/wp-json\/wp\/v2\/product"}],"about":[{"href":"https:\/\/tajkertesz.com\/en_US\/wp-json\/wp\/v2\/types\/product"}],"wp:featuredmedia":[{"embeddable":true,"href":"https:\/\/tajkertesz.com\/en_US\/wp-json\/wp\/v2\/media\/16857"}],"wp:attachment":[{"href":"https:\/\/tajkertesz.com\/en_US\/wp-json\/wp\/v2\/media?parent=16845"}],"wp:term":[{"taxonomy":"product_brand","embeddable":true,"href":"https:\/\/tajkertesz.com\/en_US\/wp-json\/wp\/v2\/product_brand?post=16845"},{"taxonomy":"product_cat","embeddable":true,"href":"https:\/\/tajkertesz.com\/en_US\/wp-json\/wp\/v2\/product_cat?post=16845"},{"taxonomy":"product_tag","embeddable":true,"href":"https:\/\/tajkertesz.com\/en_US\/wp-json\/wp\/v2\/product_tag?post=16845"}],"curies":[{"name":"wp","href":"https:\/\/api.w.org\/{rel}","templated":true}]}}