{"id":16881,"date":"2023-09-12T14:35:20","date_gmt":"2023-09-12T14:35:20","guid":{"rendered":"https:\/\/tajkertesz.com\/?post_type=product&#038;p=16881"},"modified":"2026-02-24T12:46:53","modified_gmt":"2026-02-24T12:46:53","slug":"euonymus-japonicus-green-spire-japan-oszlopos-kecskerago","status":"publish","type":"product","link":"https:\/\/tajkertesz.com\/en_US\/product\/euonymus-japonicus-green-spire-japan-oszlopos-kecskerago\/","title":{"rendered":"Euonymus japonicus&#8217;Green Spire&#8217; &#8211; Oszlopos kecsker\u00e1g\u00f3"},"content":{"rendered":"<h2>Euonymus japonicus&#8217;Green Spire&#8217; &#8211; Oszlopos kecsker\u00e1g\u00f3<\/h2>\n<p data-start=\"627\" data-end=\"954\">Az Euonymus japonicus&#8217;Green Spire&#8217; &#8211; Oszlopos kecsker\u00e1g\u00f3\u00a0kiv\u00e1l\u00f3 v\u00e1laszt\u00e1s azok sz\u00e1m\u00e1ra, akik karcs\u00fa, eleg\u00e1ns, alacsony karbantart\u00e1s\u00fa \u00f6r\u00f6kz\u00f6ld n\u00f6v\u00e9nyt keresnek. S\u0171r\u0171, fel\u00e1ll\u00f3 \u00e1grendszer\u00e9nek k\u00f6sz\u00f6nhet\u0151en t\u00f6k\u00e9letesen alkalmas sz\u0171kebb helyekre, bej\u00e1ratok mell\u00e9, el\u0151kertekbe vagy modern, geometrikus kertekbe.<\/p>\n<p data-start=\"956\" data-end=\"1149\">A fajta legnagyobb er\u0151ss\u00e9ge a <strong data-start=\"986\" data-end=\"1024\">kompakt, oszlopos n\u00f6veked\u00e9si forma<\/strong>, amely metsz\u00e9s n\u00e9lk\u00fcl is j\u00f3l tartja alakj\u00e1t. Eg\u00e9sz \u00e9vben d\u00edsz\u00edt a f\u00e9nyes, s\u00f6t\u00e9tz\u00f6ld lombozattal, \u00edgy kiv\u00e1l\u00f3 strukt\u00faran\u00f6v\u00e9ny.<\/p>\n<h4 data-start=\"1151\" data-end=\"1170\">\u2b50 <strong data-start=\"1157\" data-end=\"1170\">Jellemz\u0151k<\/strong><\/h4>\n<ul data-start=\"1171\" data-end=\"1495\">\n<li data-start=\"1171\" data-end=\"1196\">\n<p data-start=\"1173\" data-end=\"1196\"><strong data-start=\"1173\" data-end=\"1186\">Magass\u00e1g:<\/strong> 1\u20131,5 m<\/p>\n<\/li>\n<li data-start=\"1197\" data-end=\"1224\">\n<p data-start=\"1199\" data-end=\"1224\"><strong data-start=\"1199\" data-end=\"1213\">Sz\u00e9less\u00e9g:<\/strong> 20\u201340 cm<\/p>\n<\/li>\n<li data-start=\"1225\" data-end=\"1257\">\n<p data-start=\"1227\" data-end=\"1257\"><strong data-start=\"1227\" data-end=\"1241\">N\u00f6veked\u00e9s:<\/strong> lass\u00fa\u2013k\u00f6zepes<\/p>\n<\/li>\n<li data-start=\"1258\" data-end=\"1311\">\n<p data-start=\"1260\" data-end=\"1311\"><strong data-start=\"1260\" data-end=\"1273\">Lombozat:<\/strong> \u00f6r\u00f6kz\u00f6ld, f\u00e9nyes, s\u00f6t\u00e9tz\u00f6ld levelek<\/p>\n<\/li>\n<li data-start=\"1312\" data-end=\"1354\">\n<p data-start=\"1314\" data-end=\"1354\"><strong data-start=\"1314\" data-end=\"1328\">F\u00e9nyig\u00e9ny:<\/strong> napos, f\u00e9l\u00e1rny\u00e9kos hely<\/p>\n<\/li>\n<li data-start=\"1355\" data-end=\"1417\">\n<p data-start=\"1357\" data-end=\"1417\"><strong data-start=\"1357\" data-end=\"1372\">Talajig\u00e9ny:<\/strong> j\u00f3 v\u00edzelvezet\u00e9s\u0171, t\u00e1panyagban gazdag talaj<\/p>\n<\/li>\n<li data-start=\"1418\" data-end=\"1495\">\n<p data-start=\"1420\" data-end=\"1495\"><strong data-start=\"1420\" data-end=\"1435\">T\u00e9l\u00e1ll\u00f3s\u00e1g:<\/strong> j\u00f3, de az er\u0151s fagyok ellen fiatal korban \u00e9rdemes takarni<\/p>\n<\/li>\n<\/ul>\n<h4 data-start=\"1497\" data-end=\"1520\">\ud83c\udf31 <strong data-start=\"1504\" data-end=\"1520\">Felhaszn\u00e1l\u00e1s<\/strong><\/h4>\n<ul data-start=\"1521\" data-end=\"1709\">\n<li data-start=\"1521\" data-end=\"1557\">\n<p data-start=\"1523\" data-end=\"1557\">oszlopos \u00f6r\u00f6kz\u00f6ld szolitern\u00f6v\u00e9ny<\/p>\n<\/li>\n<li data-start=\"1558\" data-end=\"1585\">\n<p data-start=\"1560\" data-end=\"1585\">alacsony\u2013k\u00f6zepes s\u00f6v\u00e9ny<\/p>\n<\/li>\n<li data-start=\"1586\" data-end=\"1624\">\n<p data-start=\"1588\" data-end=\"1624\">modern kertek geometriai elemek\u00e9nt<\/p>\n<\/li>\n<li data-start=\"1625\" data-end=\"1670\">\n<p data-start=\"1627\" data-end=\"1670\">sz\u0171k helyekre, bej\u00e1rat mell\u00e9, teraszokhoz<\/p>\n<\/li>\n<li data-start=\"1671\" data-end=\"1709\">\n<p data-start=\"1673\" data-end=\"1709\">kont\u00e9neres n\u00f6v\u00e9nyk\u00e9nt is nevelhet\u0151<\/p>\n<\/li>\n<\/ul>\n<h4 data-start=\"1711\" data-end=\"1731\">\ud83c\udf27\ufe0f <strong data-start=\"1719\" data-end=\"1731\">Gondoz\u00e1s<\/strong><\/h4>\n<p data-start=\"1732\" data-end=\"1867\">Egyszer\u0171en tarthat\u00f3 n\u00f6v\u00e9ny; m\u00e9rs\u00e9kelt \u00f6nt\u00f6z\u00e9st ig\u00e9nyel. J\u00f3l t\u0171ri a metsz\u00e9st, ez\u00e9rt k\u00f6nnyen alak\u00edthat\u00f3. Tavaszi t\u00e1panyagp\u00f3tl\u00e1s aj\u00e1nlott.<\/p>\n<p>&nbsp;<\/p>\n<h4><strong>\ud83d\udd04 K\u00e9szletinform\u00e1ci\u00f3<\/strong><\/h4>\n<p><strong>K\u00e9szlet\u00fcnk napi szinten v\u00e1ltozik, \u00edgy a webshopban szerepl<\/strong><strong>\u0151<\/strong><strong>\u00a0term\u00e9kek el\u00e9rhet<\/strong><strong>\u0151<\/strong><strong>s\u00e9ge nem garant\u00e1lt.<br \/>\n\ud83d\udcde A megrendel\u00e9s el<\/strong><strong>\u0151<\/strong><strong>tt k\u00e9rj\u00fck, \u00e9rdekl<\/strong><strong>\u0151<\/strong><strong>dj\u00f6n szem\u00e9lyesen, telefonon vagy e-mailben!<\/strong><\/p>\n<h4><strong>\u27a1\ufe0f Kapcsolat:<\/strong><\/h4>\n<ul>\n<li><strong>Weboldal:\u00a0<\/strong><a href=\"https:\/\/tajkertesz.com\/\"><strong>tajkertesz.com<\/strong><\/a><\/li>\n<li><strong>Facebook:\u00a0<\/strong><a href=\"https:\/\/www.facebook.com\/tajkertesz\/\"><strong>facebook.com\/tajkertesz<\/strong><\/a><\/li>\n<li><strong>Telefonsz\u00e1m, e-mail: +36\/20-319-3770\u00a0<\/strong><a href=\"mailto:tajkerteszaruda@gmail.com\"><strong>tajkerteszaruda@gmail.com<\/strong><\/a><\/li>\n<\/ul>\n<h4><strong>\ud83d\ude9a Sz\u00e1ll\u00edt\u00e1si inform\u00e1ci\u00f3k<\/strong><\/h4>\n<p><strong>A megrendelt n\u00f6v\u00e9nyek kisz\u00e1ll\u00edt\u00e1sa az al\u00e1bbi felt\u00e9telek mellett t\u00f6rt\u00e9nik:<\/strong><\/p>\n<h4><strong>\ud83d\udce6 Fut\u00e1rszolg\u00e1latos sz\u00e1ll\u00edt\u00e1s<\/strong><\/h4>\n<ul>\n<li><strong>Maxim\u00e1lis m\u00e9ret: 200 cm (hossz\u00fas\u00e1g)<\/strong><\/li>\n<li><strong>Maxim\u00e1lis s\u00faly: 40 kg<\/strong><\/li>\n<li><strong>Az enn\u00e9l kisebb \u00e9s k\u00f6nnyebb csomagokat fut\u00e1rszolg\u00e1lattal k\u00e9zbes\u00edtj\u00fck a lehet<\/strong><strong>\u0151<\/strong><strong>\u00a0legbiztons\u00e1gosabb csomagol\u00e1sban.<\/strong><\/li>\n<\/ul>\n<h4><strong>\ud83d\udefb Szem\u00e9lyes \u00e1tv\u00e9tel<\/strong><\/h4>\n<ul>\n<li><strong>1173 Budapest, Bakancsos utca 7. sz\u00e1m alatt nyitvatart\u00e1si id<\/strong><strong>\u0151<\/strong><strong>ben szem\u00e9lyesen \u00e1tvehet<\/strong><strong>\u0151<\/strong><strong>\u00a0kert\u00e9szeti \u00e1rud\u00e1nkban.<\/strong><\/li>\n<li><strong>K\u00f6lts\u00e9ghat\u00e9kony megold\u00e1s nagyobb, t\u00f6r\u00e9kenyebb vagy t\u00falm\u00e9retes n\u00f6v\u00e9nyek eset\u00e9n.<\/strong><\/li>\n<\/ul>\n<h4><strong>\ud83d\udcde Nagy m\u00e9ret<\/strong><strong>\u0171<\/strong><strong>\u00a0vagy s\u00faly\u00fa n\u00f6v\u00e9nyek eset\u00e9n<\/strong><\/h4>\n<p><strong>Ha a term\u00e9k:<\/strong><\/p>\n<ul>\n<li><strong>meghaladja a 200 cm hossz\u00fas\u00e1got vagy<\/strong><\/li>\n<li><strong>meghaladja a 40 kg s\u00falyt,<\/strong><\/li>\n<\/ul>\n<p><strong>akkor szem\u00e9lyes \u00e1tv\u00e9tellel vagy egyedi, el<\/strong><strong>\u0151<\/strong><strong>re egyeztetett sz\u00e1ll\u00edt\u00e1si felt\u00e9telek mellett t\u00f6rt\u00e9nik.<br \/>\nK\u00e9rj\u00fck, ilyen esetben rendel\u00e9s el<\/strong><strong>\u0151<\/strong><strong>tt vegye fel vel\u00fcnk a kapcsolatot, hogy a lehet<\/strong><strong>\u0151<\/strong><strong>\u00a0legmegfelel<\/strong><strong>\u0151<\/strong><strong>bb sz\u00e1ll\u00edt\u00e1si megold\u00e1st k\u00edn\u00e1lhassuk.<\/strong><\/p>\n<p><strong>\ud83d\udd14 Fontos: A n\u00f6v\u00e9nyeket minden esetben igyeksz\u00fcnk gondosan, egyes\u00e9vel csomagolni, azonban a sz\u00e1ll\u00edt\u00e1s sor\u00e1n kisebb eszt\u00e9tikai s\u00e9r\u00fcl\u00e9sek el<\/strong><strong>\u0151<\/strong><strong>fordulhatnak (pl. lev\u00e9lhull\u00e1s). Ez nem min<\/strong><strong>\u0151<\/strong><strong>s\u00fcl hib\u00e1s teljes\u00edt\u00e9snek.<\/strong><\/p>\n<h4><strong>\ud83d\udcf7 Fontos tudni a k\u00e9pekr<\/strong><strong>\u0151<\/strong><strong>l<\/strong><\/h4>\n<p><strong>A webshopban szerepl<\/strong><strong>\u0151<\/strong><strong>\u00a0k\u00e9pek illusztr\u00e1ci\u00f3k, a n\u00f6v\u00e9nyek term\u00e9szet\u00fckn\u00e9l fogva egyediek, \u00edgy m\u00e9retben, alakban \u00e9s sz\u00ednben minim\u00e1lis elt\u00e9r\u00e9sek el<\/strong><strong>\u0151<\/strong><strong>fordulhatnak a k\u00e9pen l\u00e1that\u00f3 \u00e9s a val\u00f3s p\u00e9ld\u00e1nyok k\u00f6z\u00f6tt.<\/strong><\/p>\n<h4><strong>\ud83e\uddfe \u00c1rak \u00e9s el\u00e1ll\u00e1si jog<\/strong><\/h4>\n<ul>\n<li><strong>Az \u00e1rak egy darab\u00a0n\u00f6v\u00e9nyre vonatkoznak.<\/strong><\/li>\n<li><strong>\u00c9l<\/strong><strong>\u0151<\/strong><strong>\u00a0n\u00f6v\u00e9nyek rendel\u00e9se eset\u00e9n a 14 napos el\u00e1ll\u00e1s joga nem \u00e9rv\u00e9nyes\u00edthet<\/strong><strong>\u0151<\/strong><strong>, mivel azok romland\u00f3, biol\u00f3giailag \u00e9l<\/strong><strong>\u0151<\/strong><strong>\u00a0term\u00e9keknek min<\/strong><strong>\u0151<\/strong><strong>s\u00fclnek.<br \/>\n\ud83d\udd12 (17\/1999. (II. 5.) Korm. rendelet 5. \u00a7 c) pontja alapj\u00e1n)<\/strong><\/li>\n<\/ul>\n<h4><strong>\ud83d\udce6 K\u00e9zbes\u00edt\u00e9s ut\u00e1ni teend<\/strong><strong>\u0151<\/strong><strong>k<\/strong><\/h4>\n<p><strong>A k\u00e9zbes\u00edt\u00e9st k\u00f6vet<\/strong><strong>\u0151<\/strong><strong>en a csomagot azonnal bontsuk ki, \u00e9s a n\u00f6v\u00e9nyt helyezz\u00fck el megfelel<\/strong><strong>\u0151<\/strong><strong>\u00a0k\u00f6rnyezetben.<br \/>\nFontos: ha a n\u00f6v\u00e9ny nem r\u00e9szes\u00fcl megfelel<\/strong><strong>\u0151<\/strong><strong>\u00a0gondoz\u00e1sban \u00e9s ennek k\u00f6vetkezt\u00e9ben k\u00e1rosodik vagy elpusztul, felel<\/strong><strong>\u0151<\/strong><strong>ss\u00e9get nem tudunk v\u00e1llalni.<\/strong><\/p>","protected":false},"excerpt":{"rendered":"<p>Az <strong data-start=\"346\" data-end=\"382\">Euonymus japonicus \u2018Green Spire\u2019<\/strong> egy keskeny, oszlopos n\u00f6veked\u00e9s\u0171, \u00f6r\u00f6kz\u00f6ld kecsker\u00e1g\u00f3, amely eg\u00e9sz \u00e9vben s\u0171r\u0171, f\u00e9nyes z\u00f6ld lombj\u00e1val d\u00edsz\u00edti a kertet. Ide\u00e1lis s\u00f6v\u00e9nynek, t\u00e9rhat\u00e1rol\u00f3nak vagy modern kertek f\u00fcgg\u0151leges elemek\u00e9nt.<\/p>\n<p>M\u00e9rete: 30-35 cm magas, 2,5 literes kont\u00e9nerben.<\/p>","protected":false},"featured_media":16882,"template":"","meta":{"_et_pb_use_builder":"","_et_pb_old_content":"","_et_gb_content_width":""},"product_brand":[],"product_cat":[27,26],"product_tag":[73,5849,186,5189,7579,4931,72,4564,7580,6711,4932],"class_list":{"0":"post-16881","1":"product","2":"type-product","3":"status-publish","4":"has-post-thumbnail","6":"product_cat-cserjek","7":"product_cat-orokzold-novenyek","8":"product_tag-cserje","9":"product_tag-diszcserje","10":"product_tag-euonymus","11":"product_tag-euonymus-japonicus","12":"product_tag-green-spire","13":"product_tag-japan-kecskerago","14":"product_tag-kecskerago","15":"product_tag-kerteszet","16":"product_tag-keskeny-novekedesu-noveny","17":"product_tag-orokzold-noveny","18":"product_tag-oszlopos-kecskerago","20":"first","21":"instock","22":"shipping-taxable","23":"purchasable","24":"product-type-simple"},"yoast_head":"<!-- This site is optimized with the Yoast SEO plugin v27.4 - https:\/\/yoast.com\/product\/yoast-seo-wordpress\/ -->\n<title>Euonymus japonicus&#039;Green Spire&#039; - Oszlopos kecsker\u00e1g\u00f3 - T\u00e1jkert\u00e9sz<\/title>\n<meta name=\"description\" content=\"Euonymus japonicus&#039;Green Spire&#039; - Oszlopos kecsker\u00e1g\u00f3 modern kertekbe \u00e9s s\u00f6v\u00e9nynek. S\u0171r\u0171, f\u00e9nyes lomb, eleg\u00e1ns megjelen\u00e9s. V\u00e1s\u00e1rolja meg online!\" \/>\n<meta name=\"robots\" content=\"index, follow, max-snippet:-1, max-image-preview:large, max-video-preview:-1\" \/>\n<link rel=\"canonical\" href=\"https:\/\/tajkertesz.com\/en_US\/product\/euonymus-japonicus-green-spire-japan-oszlopos-kecskerago\/\" \/>\n<meta property=\"og:locale\" content=\"en_US\" \/>\n<meta property=\"og:type\" content=\"article\" \/>\n<meta property=\"og:title\" content=\"https:\/\/www.facebook.com\/tajkertesz\" \/>\n<meta property=\"og:description\" content=\"Euonymus japonicus Green Spire \/ Jap\u00e1n oszlopos kecsker\u00e1g\u00f3. Kiszerel\u00e9s: kont\u00e9neres K2. 10-15cm. \u00d6r\u00f6kz\u00f6ld, f\u00e9nyes s\u00f6t\u00e9tz\u00f6ld, k\u00f6zepes lev\u00e9lm\u00e9ret\u0171, oszlopos n\u00f6veked\u00e9s\u0171.\" \/>\n<meta property=\"og:url\" content=\"https:\/\/tajkertesz.com\/en_US\/product\/euonymus-japonicus-green-spire-japan-oszlopos-kecskerago\/\" \/>\n<meta property=\"og:site_name\" content=\"T\u00e1jkert\u00e9sz\" \/>\n<meta property=\"article:publisher\" content=\"https:\/\/www.facebook.com\/Tajkertesz\/\" \/>\n<meta property=\"article:modified_time\" content=\"2026-02-24T12:46:53+00:00\" \/>\n<meta property=\"og:image\" content=\"https:\/\/tajkertesz.com\/wp-content\/uploads\/2023\/09\/Euonymus-japonicus-Green-Spire-02.jpg\" \/>\n\t<meta property=\"og:image:width\" content=\"500\" \/>\n\t<meta property=\"og:image:height\" content=\"500\" \/>\n\t<meta property=\"og:image:type\" content=\"image\/jpeg\" \/>\n<meta name=\"twitter:card\" content=\"summary_large_image\" \/>\n<meta name=\"twitter:label1\" content=\"Est. reading time\" \/>\n\t<meta name=\"twitter:data1\" content=\"3 minutes\" \/>\n<script type=\"application\/ld+json\" class=\"yoast-schema-graph\">{\"@context\":\"https:\\\/\\\/schema.org\",\"@graph\":[{\"@type\":\"WebPage\",\"@id\":\"https:\\\/\\\/tajkertesz.com\\\/termek\\\/euonymus-japonicus-green-spire-japan-oszlopos-kecskerago\\\/\",\"url\":\"https:\\\/\\\/tajkertesz.com\\\/termek\\\/euonymus-japonicus-green-spire-japan-oszlopos-kecskerago\\\/\",\"name\":\"Euonymus japonicus'Green Spire' - Oszlopos kecsker\u00e1g\u00f3 - T\u00e1jkert\u00e9sz\",\"isPartOf\":{\"@id\":\"https:\\\/\\\/tajkertesz.com\\\/#website\"},\"primaryImageOfPage\":{\"@id\":\"https:\\\/\\\/tajkertesz.com\\\/termek\\\/euonymus-japonicus-green-spire-japan-oszlopos-kecskerago\\\/#primaryimage\"},\"image\":{\"@id\":\"https:\\\/\\\/tajkertesz.com\\\/termek\\\/euonymus-japonicus-green-spire-japan-oszlopos-kecskerago\\\/#primaryimage\"},\"thumbnailUrl\":\"https:\\\/\\\/tajkertesz.com\\\/wp-content\\\/uploads\\\/2023\\\/09\\\/Euonymus-japonicus-Green-Spire-02.jpg\",\"datePublished\":\"2023-09-12T14:35:20+00:00\",\"dateModified\":\"2026-02-24T12:46:53+00:00\",\"description\":\"Euonymus japonicus'Green Spire' - Oszlopos kecsker\u00e1g\u00f3 modern kertekbe \u00e9s s\u00f6v\u00e9nynek. S\u0171r\u0171, f\u00e9nyes lomb, eleg\u00e1ns megjelen\u00e9s. V\u00e1s\u00e1rolja meg online!\",\"breadcrumb\":{\"@id\":\"https:\\\/\\\/tajkertesz.com\\\/termek\\\/euonymus-japonicus-green-spire-japan-oszlopos-kecskerago\\\/#breadcrumb\"},\"inLanguage\":\"en-US\",\"potentialAction\":[{\"@type\":\"ReadAction\",\"target\":[\"https:\\\/\\\/tajkertesz.com\\\/termek\\\/euonymus-japonicus-green-spire-japan-oszlopos-kecskerago\\\/\"]}]},{\"@type\":\"ImageObject\",\"inLanguage\":\"en-US\",\"@id\":\"https:\\\/\\\/tajkertesz.com\\\/termek\\\/euonymus-japonicus-green-spire-japan-oszlopos-kecskerago\\\/#primaryimage\",\"url\":\"https:\\\/\\\/tajkertesz.com\\\/wp-content\\\/uploads\\\/2023\\\/09\\\/Euonymus-japonicus-Green-Spire-02.jpg\",\"contentUrl\":\"https:\\\/\\\/tajkertesz.com\\\/wp-content\\\/uploads\\\/2023\\\/09\\\/Euonymus-japonicus-Green-Spire-02.jpg\",\"width\":500,\"height\":500},{\"@type\":\"BreadcrumbList\",\"@id\":\"https:\\\/\\\/tajkertesz.com\\\/termek\\\/euonymus-japonicus-green-spire-japan-oszlopos-kecskerago\\\/#breadcrumb\",\"itemListElement\":[{\"@type\":\"ListItem\",\"position\":1,\"name\":\"Home\",\"item\":\"https:\\\/\\\/tajkertesz.com\\\/\"},{\"@type\":\"ListItem\",\"position\":2,\"name\":\"Kezd\u0151lap\",\"item\":\"https:\\\/\\\/tajkertesz.com\\\/\"},{\"@type\":\"ListItem\",\"position\":3,\"name\":\"Euonymus japonicus&#8217;Green Spire&#8217; &#8211; Oszlopos kecsker\u00e1g\u00f3\"}]},{\"@type\":\"WebSite\",\"@id\":\"https:\\\/\\\/tajkertesz.com\\\/#website\",\"url\":\"https:\\\/\\\/tajkertesz.com\\\/\",\"name\":\"T\u00e1j-Kert\u00e9sz 84 Kft.\",\"description\":\"Kert\u00e9szeti kis- \u00e9s nagykeresked\u00e9s, D\u00edszn\u00f6v\u00e9ny web\u00e1ruh\u00e1z orsz\u00e1gos h\u00e1zhozsz\u00e1ll\u00edt\u00e1ssal!\",\"publisher\":{\"@id\":\"https:\\\/\\\/tajkertesz.com\\\/#organization\"},\"potentialAction\":[{\"@type\":\"SearchAction\",\"target\":{\"@type\":\"EntryPoint\",\"urlTemplate\":\"https:\\\/\\\/tajkertesz.com\\\/?s={search_term_string}\"},\"query-input\":{\"@type\":\"PropertyValueSpecification\",\"valueRequired\":true,\"valueName\":\"search_term_string\"}}],\"inLanguage\":\"en-US\"},{\"@type\":\"Organization\",\"@id\":\"https:\\\/\\\/tajkertesz.com\\\/#organization\",\"name\":\"T\u00e1j-Kert\u00e9sz 84 Kft.\",\"url\":\"https:\\\/\\\/tajkertesz.com\\\/\",\"logo\":{\"@type\":\"ImageObject\",\"inLanguage\":\"en-US\",\"@id\":\"https:\\\/\\\/tajkertesz.com\\\/#\\\/schema\\\/logo\\\/image\\\/\",\"url\":\"https:\\\/\\\/tajkertesz.com\\\/wp-content\\\/uploads\\\/2018\\\/02\\\/logo-2-e1518678052539.png\",\"contentUrl\":\"https:\\\/\\\/tajkertesz.com\\\/wp-content\\\/uploads\\\/2018\\\/02\\\/logo-2-e1518678052539.png\",\"width\":81,\"height\":140,\"caption\":\"T\u00e1j-Kert\u00e9sz 84 Kft.\"},\"image\":{\"@id\":\"https:\\\/\\\/tajkertesz.com\\\/#\\\/schema\\\/logo\\\/image\\\/\"},\"sameAs\":[\"https:\\\/\\\/www.facebook.com\\\/Tajkertesz\\\/\"]}]}<\/script>\n<!-- \/ Yoast SEO plugin. -->","yoast_head_json":{"title":"Euonymus japonicus'Green Spire' - Oszlopos kecsker\u00e1g\u00f3 - T\u00e1jkert\u00e9sz","description":"Euonymus japonicus'Green Spire' - Oszlopos kecsker\u00e1g\u00f3 modern kertekbe \u00e9s s\u00f6v\u00e9nynek. S\u0171r\u0171, f\u00e9nyes lomb, eleg\u00e1ns megjelen\u00e9s. V\u00e1s\u00e1rolja meg online!","robots":{"index":"index","follow":"follow","max-snippet":"max-snippet:-1","max-image-preview":"max-image-preview:large","max-video-preview":"max-video-preview:-1"},"canonical":"https:\/\/tajkertesz.com\/en_US\/product\/euonymus-japonicus-green-spire-japan-oszlopos-kecskerago\/","og_locale":"en_US","og_type":"article","og_title":"https:\/\/www.facebook.com\/tajkertesz","og_description":"Euonymus japonicus Green Spire \/ Jap\u00e1n oszlopos kecsker\u00e1g\u00f3. Kiszerel\u00e9s: kont\u00e9neres K2. 10-15cm. \u00d6r\u00f6kz\u00f6ld, f\u00e9nyes s\u00f6t\u00e9tz\u00f6ld, k\u00f6zepes lev\u00e9lm\u00e9ret\u0171, oszlopos n\u00f6veked\u00e9s\u0171.","og_url":"https:\/\/tajkertesz.com\/en_US\/product\/euonymus-japonicus-green-spire-japan-oszlopos-kecskerago\/","og_site_name":"T\u00e1jkert\u00e9sz","article_publisher":"https:\/\/www.facebook.com\/Tajkertesz\/","article_modified_time":"2026-02-24T12:46:53+00:00","og_image":[{"width":500,"height":500,"url":"https:\/\/tajkertesz.com\/wp-content\/uploads\/2023\/09\/Euonymus-japonicus-Green-Spire-02.jpg","type":"image\/jpeg"}],"twitter_card":"summary_large_image","twitter_misc":{"Est. reading time":"3 minutes"},"schema":{"@context":"https:\/\/schema.org","@graph":[{"@type":"WebPage","@id":"https:\/\/tajkertesz.com\/termek\/euonymus-japonicus-green-spire-japan-oszlopos-kecskerago\/","url":"https:\/\/tajkertesz.com\/termek\/euonymus-japonicus-green-spire-japan-oszlopos-kecskerago\/","name":"Euonymus japonicus'Green Spire' - Oszlopos kecsker\u00e1g\u00f3 - T\u00e1jkert\u00e9sz","isPartOf":{"@id":"https:\/\/tajkertesz.com\/#website"},"primaryImageOfPage":{"@id":"https:\/\/tajkertesz.com\/termek\/euonymus-japonicus-green-spire-japan-oszlopos-kecskerago\/#primaryimage"},"image":{"@id":"https:\/\/tajkertesz.com\/termek\/euonymus-japonicus-green-spire-japan-oszlopos-kecskerago\/#primaryimage"},"thumbnailUrl":"https:\/\/tajkertesz.com\/wp-content\/uploads\/2023\/09\/Euonymus-japonicus-Green-Spire-02.jpg","datePublished":"2023-09-12T14:35:20+00:00","dateModified":"2026-02-24T12:46:53+00:00","description":"Euonymus japonicus'Green Spire' - Oszlopos kecsker\u00e1g\u00f3 modern kertekbe \u00e9s s\u00f6v\u00e9nynek. S\u0171r\u0171, f\u00e9nyes lomb, eleg\u00e1ns megjelen\u00e9s. V\u00e1s\u00e1rolja meg online!","breadcrumb":{"@id":"https:\/\/tajkertesz.com\/termek\/euonymus-japonicus-green-spire-japan-oszlopos-kecskerago\/#breadcrumb"},"inLanguage":"en-US","potentialAction":[{"@type":"ReadAction","target":["https:\/\/tajkertesz.com\/termek\/euonymus-japonicus-green-spire-japan-oszlopos-kecskerago\/"]}]},{"@type":"ImageObject","inLanguage":"en-US","@id":"https:\/\/tajkertesz.com\/termek\/euonymus-japonicus-green-spire-japan-oszlopos-kecskerago\/#primaryimage","url":"https:\/\/tajkertesz.com\/wp-content\/uploads\/2023\/09\/Euonymus-japonicus-Green-Spire-02.jpg","contentUrl":"https:\/\/tajkertesz.com\/wp-content\/uploads\/2023\/09\/Euonymus-japonicus-Green-Spire-02.jpg","width":500,"height":500},{"@type":"BreadcrumbList","@id":"https:\/\/tajkertesz.com\/termek\/euonymus-japonicus-green-spire-japan-oszlopos-kecskerago\/#breadcrumb","itemListElement":[{"@type":"ListItem","position":1,"name":"Home","item":"https:\/\/tajkertesz.com\/"},{"@type":"ListItem","position":2,"name":"Kezd\u0151lap","item":"https:\/\/tajkertesz.com\/"},{"@type":"ListItem","position":3,"name":"Euonymus japonicus&#8217;Green Spire&#8217; &#8211; Oszlopos kecsker\u00e1g\u00f3"}]},{"@type":"WebSite","@id":"https:\/\/tajkertesz.com\/#website","url":"https:\/\/tajkertesz.com\/","name":"T\u00e1j-Kert\u00e9sz 84 Kft.","description":"Kert\u00e9szeti kis- \u00e9s nagykeresked\u00e9s, D\u00edszn\u00f6v\u00e9ny web\u00e1ruh\u00e1z orsz\u00e1gos h\u00e1zhozsz\u00e1ll\u00edt\u00e1ssal!","publisher":{"@id":"https:\/\/tajkertesz.com\/#organization"},"potentialAction":[{"@type":"SearchAction","target":{"@type":"EntryPoint","urlTemplate":"https:\/\/tajkertesz.com\/?s={search_term_string}"},"query-input":{"@type":"PropertyValueSpecification","valueRequired":true,"valueName":"search_term_string"}}],"inLanguage":"en-US"},{"@type":"Organization","@id":"https:\/\/tajkertesz.com\/#organization","name":"T\u00e1j-Kert\u00e9sz 84 Kft.","url":"https:\/\/tajkertesz.com\/","logo":{"@type":"ImageObject","inLanguage":"en-US","@id":"https:\/\/tajkertesz.com\/#\/schema\/logo\/image\/","url":"https:\/\/tajkertesz.com\/wp-content\/uploads\/2018\/02\/logo-2-e1518678052539.png","contentUrl":"https:\/\/tajkertesz.com\/wp-content\/uploads\/2018\/02\/logo-2-e1518678052539.png","width":81,"height":140,"caption":"T\u00e1j-Kert\u00e9sz 84 Kft."},"image":{"@id":"https:\/\/tajkertesz.com\/#\/schema\/logo\/image\/"},"sameAs":["https:\/\/www.facebook.com\/Tajkertesz\/"]}]}},"_links":{"self":[{"href":"https:\/\/tajkertesz.com\/en_US\/wp-json\/wp\/v2\/product\/16881","targetHints":{"allow":["GET"]}}],"collection":[{"href":"https:\/\/tajkertesz.com\/en_US\/wp-json\/wp\/v2\/product"}],"about":[{"href":"https:\/\/tajkertesz.com\/en_US\/wp-json\/wp\/v2\/types\/product"}],"wp:featuredmedia":[{"embeddable":true,"href":"https:\/\/tajkertesz.com\/en_US\/wp-json\/wp\/v2\/media\/16882"}],"wp:attachment":[{"href":"https:\/\/tajkertesz.com\/en_US\/wp-json\/wp\/v2\/media?parent=16881"}],"wp:term":[{"taxonomy":"product_brand","embeddable":true,"href":"https:\/\/tajkertesz.com\/en_US\/wp-json\/wp\/v2\/product_brand?post=16881"},{"taxonomy":"product_cat","embeddable":true,"href":"https:\/\/tajkertesz.com\/en_US\/wp-json\/wp\/v2\/product_cat?post=16881"},{"taxonomy":"product_tag","embeddable":true,"href":"https:\/\/tajkertesz.com\/en_US\/wp-json\/wp\/v2\/product_tag?post=16881"}],"curies":[{"name":"wp","href":"https:\/\/api.w.org\/{rel}","templated":true}]}}