{"id":16890,"date":"2023-09-13T07:39:20","date_gmt":"2023-09-13T07:39:20","guid":{"rendered":"https:\/\/tajkertesz.com\/?post_type=product&#038;p=16890"},"modified":"2025-04-28T13:57:43","modified_gmt":"2025-04-28T13:57:43","slug":"ilex-aquifolium-zold-levelu-magyal","status":"publish","type":"product","link":"https:\/\/tajkertesz.com\/en_US\/product\/ilex-aquifolium-zold-levelu-magyal\/","title":{"rendered":"Ilex aquifolium\/z\u00f6ld level\u0171 magyal"},"content":{"rendered":"<h2>Ilex aquifolium\/z\u00f6ld level\u0171 magyal<\/h2>\n<p>Cserje vagy ritk\u00e1n legfeljebb 8 m magasra megn\u00f6v\u0151, t\u00f6v\u00e9t\u0151l \u00e1gas, \u00f6r\u00f6kz\u00f6ld, k\u00fap alak\u00fa fa. Fiatal hajt\u00e1sai z\u00f6lden pelyhesek, az id\u0151sebb \u00e1gak sz\u00fcrk\u00e9k. \u00c1grendszere er\u0151sen el\u00e1gaz\u00f3. Toj\u00e1sdad, f\u00e9nyes, b\u0151rnem\u0171, s\u00f6t\u00e9tz\u00f6ld, hull\u00e1mos sz\u00e9l\u0171 levelei vannak.<\/p>\n<p>K\u00e9tlaki n\u00f6v\u00e9ny, vir\u00e1gai feh\u00e9ren ny\u00edlnak a lev\u00e9l h\u00f3naljakban melyek sok nekt\u00e1rt termelnek.<\/p>\n<ul>\n<li>a porz\u00f3sak h\u00e1romvir\u00e1g\u00fa bogerny\u0151ben,<\/li>\n<li>a feh\u00e9r term\u0151s\u00f6k t\u00f6bbnyire mag\u00e1nosan, csak ritk\u00e1n t\u00f6bbes\u00e9vel.<\/li>\n<li>Term\u00e9se \u00e9l\u00e9nkpiros 8-10mm.<\/li>\n<\/ul>\n<p>L\u00e1tv\u00e1nyos, piros bogy\u00f3i miatt d\u00edszn\u00f6v\u00e9nynek, sz\u00far\u00f3s levelei miatt els\u0151sorban s\u00f6v\u00e9nynek \u00fcltetik. T\u00e9len is d\u00edszl\u0151 bogy\u00f3i miatt a kar\u00e1csonyi dekor\u00e1ci\u00f3 kedvelt eleme.<\/p>\n<p>Bogy\u00f3i az ember sz\u00e1m\u00e1ra m\u00e9rgez\u0151ek!<\/p>","protected":false},"excerpt":{"rendered":"<p>Magass\u00e1ga: 40\/60cm<\/p>\n<p>Cser\u00e9p: 2L.<\/p>\n<p>L\u00e1tv\u00e1nyos, piros bogy\u00f3i miatt d\u00edszn\u00f6v\u00e9nynek, sz\u00far\u00f3s levelei miatt els\u0151sorban s\u00f6v\u00e9nynek \u00fcltetik. T\u00e9len is d\u00edszl\u0151 bogy\u00f3i miatt a kar\u00e1csonyi dekor\u00e1ci\u00f3 kedvelt eleme&#8230;<\/p>\n<div id=\"bodyContent\" class=\"mw-body-content\">\n<div id=\"mw-content-text\" class=\"mw-content-ltr\" dir=\"ltr\" lang=\"hu\">\n<div id=\"bodyContent\" class=\"mw-body-content\">\n<div id=\"mw-content-text\" class=\"mw-content-ltr\" dir=\"ltr\" lang=\"hu\">\n<p><b>K\u00e9szlet\u00fcnk napi szinten v\u00e1ltozik, ez\u00e9rt k\u00e9rj\u00fck, \u00e9rdekl\u0151dj\u00f6n szem\u00e9lyesen, telefonon vagy email-en.<\/b><\/p>\n<p>Term\u00e9keinket szem\u00e9lyesen is \u00e1tveheti a h\u00e9t minden napj\u00e1n nyitvatart\u00e1si id\u0151ben!<\/p>\n<p>Kisz\u00e1ll\u00edt\u00e1s: 200 cm \u00e9s 40 kg-ig a sz\u00e1ll\u00edt\u00e1s fut\u00e1rszolg\u00e1lattal t\u00f6rt\u00e9nik.<\/p>\n<\/div>\n<\/div>\n<\/div>\n<\/div>\n<p><b>A v\u00e1ltoztat\u00e1s jog\u00e1t fenntartjuk!\u00a0<\/b><\/p>","protected":false},"featured_media":16891,"template":"","meta":{"_et_pb_use_builder":"","_et_pb_old_content":"","_et_gb_content_width":""},"product_brand":[],"product_cat":[27,26],"product_tag":[73,4371,24],"class_list":{"0":"post-16890","1":"product","2":"type-product","3":"status-publish","4":"has-post-thumbnail","6":"product_cat-cserjek","7":"product_cat-orokzold-novenyek","8":"product_tag-cserje","9":"product_tag-magyal","10":"product_tag-orokzold","12":"first","13":"outofstock","14":"shipping-taxable","15":"product-type-simple"},"yoast_head":"<!-- This site is optimized with the Yoast SEO plugin v27.3 - https:\/\/yoast.com\/product\/yoast-seo-wordpress\/ -->\n<title>Ilex aquifolium\/z\u00f6ld level\u0171 magyal - T\u00e1jkert\u00e9sz<\/title>\n<meta name=\"description\" content=\"Ilex aquifolium\/z\u00f6ld level\u0171 magyal\" \/>\n<meta name=\"robots\" content=\"index, follow, max-snippet:-1, max-image-preview:large, max-video-preview:-1\" \/>\n<link rel=\"canonical\" href=\"https:\/\/tajkertesz.com\/en_US\/product\/ilex-aquifolium-zold-levelu-magyal\/\" \/>\n<meta property=\"og:locale\" content=\"en_US\" \/>\n<meta property=\"og:type\" content=\"article\" \/>\n<meta property=\"og:title\" content=\"https:\/\/www.facebook.com\/tajkertesz\/\" \/>\n<meta property=\"og:description\" content=\"L\u00e1tv\u00e1nyos, piros bogy\u00f3i miatt d\u00edszn\u00f6v\u00e9nynek, sz\u00far\u00f3s levelei miatt els\u0151sorban s\u00f6v\u00e9nynek \u00fcltetik. T\u00e9len is d\u00edszl\u0151 bogy\u00f3i miatt a kar\u00e1csonyi dekor\u00e1ci\u00f3 kedvelt eleme.\" \/>\n<meta property=\"og:url\" content=\"https:\/\/tajkertesz.com\/en_US\/product\/ilex-aquifolium-zold-levelu-magyal\/\" \/>\n<meta property=\"og:site_name\" content=\"T\u00e1jkert\u00e9sz\" \/>\n<meta property=\"article:publisher\" content=\"https:\/\/www.facebook.com\/Tajkertesz\/\" \/>\n<meta property=\"article:modified_time\" content=\"2025-04-28T13:57:43+00:00\" \/>\n<meta property=\"og:image\" content=\"https:\/\/tajkertesz.com\/wp-content\/uploads\/2023\/09\/20230912_163809-1-scaled.jpg\" \/>\n\t<meta property=\"og:image:width\" content=\"2396\" \/>\n\t<meta property=\"og:image:height\" content=\"1080\" \/>\n\t<meta property=\"og:image:type\" content=\"image\/jpeg\" \/>\n<meta name=\"twitter:card\" content=\"summary_large_image\" \/>\n<meta name=\"twitter:label1\" content=\"Est. reading time\" \/>\n\t<meta name=\"twitter:data1\" content=\"1 minute\" \/>\n<script type=\"application\/ld+json\" class=\"yoast-schema-graph\">{\"@context\":\"https:\\\/\\\/schema.org\",\"@graph\":[{\"@type\":\"WebPage\",\"@id\":\"https:\\\/\\\/tajkertesz.com\\\/termek\\\/ilex-aquifolium-zold-levelu-magyal\\\/\",\"url\":\"https:\\\/\\\/tajkertesz.com\\\/termek\\\/ilex-aquifolium-zold-levelu-magyal\\\/\",\"name\":\"Ilex aquifolium\\\/z\u00f6ld level\u0171 magyal - T\u00e1jkert\u00e9sz\",\"isPartOf\":{\"@id\":\"https:\\\/\\\/tajkertesz.com\\\/#website\"},\"primaryImageOfPage\":{\"@id\":\"https:\\\/\\\/tajkertesz.com\\\/termek\\\/ilex-aquifolium-zold-levelu-magyal\\\/#primaryimage\"},\"image\":{\"@id\":\"https:\\\/\\\/tajkertesz.com\\\/termek\\\/ilex-aquifolium-zold-levelu-magyal\\\/#primaryimage\"},\"thumbnailUrl\":\"https:\\\/\\\/tajkertesz.com\\\/wp-content\\\/uploads\\\/2023\\\/09\\\/20230912_163809-1-scaled.jpg\",\"datePublished\":\"2023-09-13T07:39:20+00:00\",\"dateModified\":\"2025-04-28T13:57:43+00:00\",\"description\":\"Ilex aquifolium\\\/z\u00f6ld level\u0171 magyal\",\"breadcrumb\":{\"@id\":\"https:\\\/\\\/tajkertesz.com\\\/termek\\\/ilex-aquifolium-zold-levelu-magyal\\\/#breadcrumb\"},\"inLanguage\":\"en-US\",\"potentialAction\":[{\"@type\":\"ReadAction\",\"target\":[\"https:\\\/\\\/tajkertesz.com\\\/termek\\\/ilex-aquifolium-zold-levelu-magyal\\\/\"]}]},{\"@type\":\"ImageObject\",\"inLanguage\":\"en-US\",\"@id\":\"https:\\\/\\\/tajkertesz.com\\\/termek\\\/ilex-aquifolium-zold-levelu-magyal\\\/#primaryimage\",\"url\":\"https:\\\/\\\/tajkertesz.com\\\/wp-content\\\/uploads\\\/2023\\\/09\\\/20230912_163809-1-scaled.jpg\",\"contentUrl\":\"https:\\\/\\\/tajkertesz.com\\\/wp-content\\\/uploads\\\/2023\\\/09\\\/20230912_163809-1-scaled.jpg\",\"width\":2396,\"height\":1080},{\"@type\":\"BreadcrumbList\",\"@id\":\"https:\\\/\\\/tajkertesz.com\\\/termek\\\/ilex-aquifolium-zold-levelu-magyal\\\/#breadcrumb\",\"itemListElement\":[{\"@type\":\"ListItem\",\"position\":1,\"name\":\"Home\",\"item\":\"https:\\\/\\\/tajkertesz.com\\\/\"},{\"@type\":\"ListItem\",\"position\":2,\"name\":\"Kezd\u0151lap\",\"item\":\"https:\\\/\\\/tajkertesz.com\\\/\"},{\"@type\":\"ListItem\",\"position\":3,\"name\":\"Ilex aquifolium\\\/z\u00f6ld level\u0171 magyal\"}]},{\"@type\":\"WebSite\",\"@id\":\"https:\\\/\\\/tajkertesz.com\\\/#website\",\"url\":\"https:\\\/\\\/tajkertesz.com\\\/\",\"name\":\"T\u00e1j-Kert\u00e9sz 84 Kft.\",\"description\":\"Kert\u00e9szeti kis- \u00e9s nagykeresked\u00e9s, D\u00edszn\u00f6v\u00e9ny web\u00e1ruh\u00e1z orsz\u00e1gos h\u00e1zhozsz\u00e1ll\u00edt\u00e1ssal!\",\"publisher\":{\"@id\":\"https:\\\/\\\/tajkertesz.com\\\/#organization\"},\"potentialAction\":[{\"@type\":\"SearchAction\",\"target\":{\"@type\":\"EntryPoint\",\"urlTemplate\":\"https:\\\/\\\/tajkertesz.com\\\/?s={search_term_string}\"},\"query-input\":{\"@type\":\"PropertyValueSpecification\",\"valueRequired\":true,\"valueName\":\"search_term_string\"}}],\"inLanguage\":\"en-US\"},{\"@type\":\"Organization\",\"@id\":\"https:\\\/\\\/tajkertesz.com\\\/#organization\",\"name\":\"T\u00e1j-Kert\u00e9sz 84 Kft.\",\"url\":\"https:\\\/\\\/tajkertesz.com\\\/\",\"logo\":{\"@type\":\"ImageObject\",\"inLanguage\":\"en-US\",\"@id\":\"https:\\\/\\\/tajkertesz.com\\\/#\\\/schema\\\/logo\\\/image\\\/\",\"url\":\"https:\\\/\\\/tajkertesz.com\\\/wp-content\\\/uploads\\\/2018\\\/02\\\/logo-2-e1518678052539.png\",\"contentUrl\":\"https:\\\/\\\/tajkertesz.com\\\/wp-content\\\/uploads\\\/2018\\\/02\\\/logo-2-e1518678052539.png\",\"width\":81,\"height\":140,\"caption\":\"T\u00e1j-Kert\u00e9sz 84 Kft.\"},\"image\":{\"@id\":\"https:\\\/\\\/tajkertesz.com\\\/#\\\/schema\\\/logo\\\/image\\\/\"},\"sameAs\":[\"https:\\\/\\\/www.facebook.com\\\/Tajkertesz\\\/\"]}]}<\/script>\n<!-- \/ Yoast SEO plugin. -->","yoast_head_json":{"title":"Ilex aquifolium\/z\u00f6ld level\u0171 magyal - T\u00e1jkert\u00e9sz","description":"Ilex aquifolium\/z\u00f6ld level\u0171 magyal","robots":{"index":"index","follow":"follow","max-snippet":"max-snippet:-1","max-image-preview":"max-image-preview:large","max-video-preview":"max-video-preview:-1"},"canonical":"https:\/\/tajkertesz.com\/en_US\/product\/ilex-aquifolium-zold-levelu-magyal\/","og_locale":"en_US","og_type":"article","og_title":"https:\/\/www.facebook.com\/tajkertesz\/","og_description":"L\u00e1tv\u00e1nyos, piros bogy\u00f3i miatt d\u00edszn\u00f6v\u00e9nynek, sz\u00far\u00f3s levelei miatt els\u0151sorban s\u00f6v\u00e9nynek \u00fcltetik. T\u00e9len is d\u00edszl\u0151 bogy\u00f3i miatt a kar\u00e1csonyi dekor\u00e1ci\u00f3 kedvelt eleme.","og_url":"https:\/\/tajkertesz.com\/en_US\/product\/ilex-aquifolium-zold-levelu-magyal\/","og_site_name":"T\u00e1jkert\u00e9sz","article_publisher":"https:\/\/www.facebook.com\/Tajkertesz\/","article_modified_time":"2025-04-28T13:57:43+00:00","og_image":[{"width":2396,"height":1080,"url":"https:\/\/tajkertesz.com\/wp-content\/uploads\/2023\/09\/20230912_163809-1-scaled.jpg","type":"image\/jpeg"}],"twitter_card":"summary_large_image","twitter_misc":{"Est. reading time":"1 minute"},"schema":{"@context":"https:\/\/schema.org","@graph":[{"@type":"WebPage","@id":"https:\/\/tajkertesz.com\/termek\/ilex-aquifolium-zold-levelu-magyal\/","url":"https:\/\/tajkertesz.com\/termek\/ilex-aquifolium-zold-levelu-magyal\/","name":"Ilex aquifolium\/z\u00f6ld level\u0171 magyal - T\u00e1jkert\u00e9sz","isPartOf":{"@id":"https:\/\/tajkertesz.com\/#website"},"primaryImageOfPage":{"@id":"https:\/\/tajkertesz.com\/termek\/ilex-aquifolium-zold-levelu-magyal\/#primaryimage"},"image":{"@id":"https:\/\/tajkertesz.com\/termek\/ilex-aquifolium-zold-levelu-magyal\/#primaryimage"},"thumbnailUrl":"https:\/\/tajkertesz.com\/wp-content\/uploads\/2023\/09\/20230912_163809-1-scaled.jpg","datePublished":"2023-09-13T07:39:20+00:00","dateModified":"2025-04-28T13:57:43+00:00","description":"Ilex aquifolium\/z\u00f6ld level\u0171 magyal","breadcrumb":{"@id":"https:\/\/tajkertesz.com\/termek\/ilex-aquifolium-zold-levelu-magyal\/#breadcrumb"},"inLanguage":"en-US","potentialAction":[{"@type":"ReadAction","target":["https:\/\/tajkertesz.com\/termek\/ilex-aquifolium-zold-levelu-magyal\/"]}]},{"@type":"ImageObject","inLanguage":"en-US","@id":"https:\/\/tajkertesz.com\/termek\/ilex-aquifolium-zold-levelu-magyal\/#primaryimage","url":"https:\/\/tajkertesz.com\/wp-content\/uploads\/2023\/09\/20230912_163809-1-scaled.jpg","contentUrl":"https:\/\/tajkertesz.com\/wp-content\/uploads\/2023\/09\/20230912_163809-1-scaled.jpg","width":2396,"height":1080},{"@type":"BreadcrumbList","@id":"https:\/\/tajkertesz.com\/termek\/ilex-aquifolium-zold-levelu-magyal\/#breadcrumb","itemListElement":[{"@type":"ListItem","position":1,"name":"Home","item":"https:\/\/tajkertesz.com\/"},{"@type":"ListItem","position":2,"name":"Kezd\u0151lap","item":"https:\/\/tajkertesz.com\/"},{"@type":"ListItem","position":3,"name":"Ilex aquifolium\/z\u00f6ld level\u0171 magyal"}]},{"@type":"WebSite","@id":"https:\/\/tajkertesz.com\/#website","url":"https:\/\/tajkertesz.com\/","name":"T\u00e1j-Kert\u00e9sz 84 Kft.","description":"Kert\u00e9szeti kis- \u00e9s nagykeresked\u00e9s, D\u00edszn\u00f6v\u00e9ny web\u00e1ruh\u00e1z orsz\u00e1gos h\u00e1zhozsz\u00e1ll\u00edt\u00e1ssal!","publisher":{"@id":"https:\/\/tajkertesz.com\/#organization"},"potentialAction":[{"@type":"SearchAction","target":{"@type":"EntryPoint","urlTemplate":"https:\/\/tajkertesz.com\/?s={search_term_string}"},"query-input":{"@type":"PropertyValueSpecification","valueRequired":true,"valueName":"search_term_string"}}],"inLanguage":"en-US"},{"@type":"Organization","@id":"https:\/\/tajkertesz.com\/#organization","name":"T\u00e1j-Kert\u00e9sz 84 Kft.","url":"https:\/\/tajkertesz.com\/","logo":{"@type":"ImageObject","inLanguage":"en-US","@id":"https:\/\/tajkertesz.com\/#\/schema\/logo\/image\/","url":"https:\/\/tajkertesz.com\/wp-content\/uploads\/2018\/02\/logo-2-e1518678052539.png","contentUrl":"https:\/\/tajkertesz.com\/wp-content\/uploads\/2018\/02\/logo-2-e1518678052539.png","width":81,"height":140,"caption":"T\u00e1j-Kert\u00e9sz 84 Kft."},"image":{"@id":"https:\/\/tajkertesz.com\/#\/schema\/logo\/image\/"},"sameAs":["https:\/\/www.facebook.com\/Tajkertesz\/"]}]}},"_links":{"self":[{"href":"https:\/\/tajkertesz.com\/en_US\/wp-json\/wp\/v2\/product\/16890","targetHints":{"allow":["GET"]}}],"collection":[{"href":"https:\/\/tajkertesz.com\/en_US\/wp-json\/wp\/v2\/product"}],"about":[{"href":"https:\/\/tajkertesz.com\/en_US\/wp-json\/wp\/v2\/types\/product"}],"wp:featuredmedia":[{"embeddable":true,"href":"https:\/\/tajkertesz.com\/en_US\/wp-json\/wp\/v2\/media\/16891"}],"wp:attachment":[{"href":"https:\/\/tajkertesz.com\/en_US\/wp-json\/wp\/v2\/media?parent=16890"}],"wp:term":[{"taxonomy":"product_brand","embeddable":true,"href":"https:\/\/tajkertesz.com\/en_US\/wp-json\/wp\/v2\/product_brand?post=16890"},{"taxonomy":"product_cat","embeddable":true,"href":"https:\/\/tajkertesz.com\/en_US\/wp-json\/wp\/v2\/product_cat?post=16890"},{"taxonomy":"product_tag","embeddable":true,"href":"https:\/\/tajkertesz.com\/en_US\/wp-json\/wp\/v2\/product_tag?post=16890"}],"curies":[{"name":"wp","href":"https:\/\/api.w.org\/{rel}","templated":true}]}}