{"id":16908,"date":"2023-09-14T08:51:45","date_gmt":"2023-09-14T08:51:45","guid":{"rendered":"https:\/\/tajkertesz.com\/?post_type=product&#038;p=16908"},"modified":"2026-02-22T09:08:24","modified_gmt":"2026-02-22T09:08:24","slug":"lonicera-percilymenum-serotina-bubos-futolonc","status":"publish","type":"product","link":"https:\/\/tajkertesz.com\/en_US\/product\/lonicera-percilymenum-serotina-bubos-futolonc\/","title":{"rendered":"Lonicera percilymenum &#8216;Serotina&#8217; &#8211; B\u00fabos fut\u00f3lonc"},"content":{"rendered":"<h1>Lonicera percilymenum &#8216;Serotina&#8217; &#8211; B\u00fabos fut\u00f3lonc<\/h1>\n<p>A Lonicera percilymenum &#8216;Serotina&#8217; &#8211; B\u00fabos fut\u00f3lonc<\/p>\n<p data-start=\"511\" data-end=\"731\">az egyik legkedveltebb illatos fut\u00f3lonc fajta. L\u00e1tv\u00e1nyos, k\u00e9tsz\u00edn\u0171 vir\u00e1gai k\u00edv\u00fcl b\u00edborv\u00f6r\u00f6sek, bel\u00fcl s\u00e1rg\u00e1s-kr\u00e9msz\u00edn\u0171ek, er\u0151s, \u00e9desk\u00e9s illatot \u00e1rasztanak, k\u00fcl\u00f6n\u00f6sen az esti \u00f3r\u00e1kban.<\/p>\n<h2>Lonicera percilymenum &#8216;Serotina&#8217; jellemz\u0151i<\/h2>\n<ul data-start=\"761\" data-end=\"918\">\n<li data-start=\"761\" data-end=\"805\">\n<p data-start=\"763\" data-end=\"805\">\ud83c\udf38 Vir\u00e1gz\u00e1si id\u0151: j\u00faniust\u00f3l szeptemberig<\/p>\n<\/li>\n<li data-start=\"806\" data-end=\"844\">\n<p data-start=\"808\" data-end=\"844\">\ud83c\udf38 Vir\u00e1gsz\u00edn: b\u00edborv\u00f6r\u00f6s\u2013kr\u00e9ms\u00e1rga<\/p>\n<\/li>\n<li data-start=\"845\" data-end=\"881\">\n<p data-start=\"847\" data-end=\"881\">\ud83c\udf3f Lomb: \u00fcde z\u00f6ld, s\u0171r\u0171 lombozat<\/p>\n<\/li>\n<li data-start=\"882\" data-end=\"918\">\n<p data-start=\"884\" data-end=\"918\">\ud83d\udccf N\u00f6veked\u00e9s: 3\u20135 m\u00e9ter magass\u00e1g<\/p>\n<\/li>\n<\/ul>\n<p data-start=\"920\" data-end=\"978\">Hossz\u00fa vir\u00e1gz\u00e1si ideje miatt eg\u00e9sz ny\u00e1ron dekorat\u00edv marad.<\/p>\n<h3>B\u00fabos fut\u00f3lonc felhaszn\u00e1l\u00e1sa a kertben<\/h3>\n<ul data-start=\"1008\" data-end=\"1150\">\n<li data-start=\"1008\" data-end=\"1043\">\n<p data-start=\"1010\" data-end=\"1043\">Pergol\u00e1k, lugasok befuttat\u00e1s\u00e1ra<\/p>\n<\/li>\n<li data-start=\"1044\" data-end=\"1078\">\n<p data-start=\"1046\" data-end=\"1078\">Ker\u00edt\u00e9sek \u00e9s r\u00e1csok takar\u00e1s\u00e1ra<\/p>\n<\/li>\n<li data-start=\"1079\" data-end=\"1103\">\n<p data-start=\"1081\" data-end=\"1103\">Erk\u00e9lyek z\u00f6ld\u00edt\u00e9s\u00e9re<\/p>\n<\/li>\n<li data-start=\"1104\" data-end=\"1150\">\n<p data-start=\"1106\" data-end=\"1150\">Romantikus, illatos kertr\u00e9sz kialak\u00edt\u00e1s\u00e1ra<\/p>\n<\/li>\n<\/ul>\n<p data-start=\"1152\" data-end=\"1204\">T\u00e1maszt\u00e9kot ig\u00e9nyel, amelyre csavarodva kapaszkodik.<\/p>\n<h3 data-start=\"1206\" data-end=\"1228\">Gondoz\u00e1si \u00fatmutat\u00f3<\/h3>\n<ul data-start=\"1230\" data-end=\"1476\">\n<li data-start=\"1230\" data-end=\"1277\">\n<p data-start=\"1232\" data-end=\"1277\">\u2600\ufe0f F\u00e9nyig\u00e9ny: napos vagy f\u00e9l\u00e1rny\u00e9kos fekv\u00e9s<\/p>\n<\/li>\n<li data-start=\"1278\" data-end=\"1327\">\n<p data-start=\"1280\" data-end=\"1327\">\ud83c\udf31 Talaj: j\u00f3 v\u00edz\u00e1tereszt\u0151, t\u00e1panyagban gazdag<\/p>\n<\/li>\n<li data-start=\"1328\" data-end=\"1380\">\n<p data-start=\"1330\" data-end=\"1380\">\ud83d\udca7 \u00d6nt\u00f6z\u00e9s: rendszeres, k\u00fcl\u00f6n\u00f6sen ny\u00e1ri melegben<\/p>\n<\/li>\n<li data-start=\"1381\" data-end=\"1444\">\n<p data-start=\"1383\" data-end=\"1444\">\u2702\ufe0f Metsz\u00e9s: vir\u00e1gz\u00e1s ut\u00e1n vagy kora tavasszal visszav\u00e1ghat\u00f3<\/p>\n<\/li>\n<li data-start=\"1445\" data-end=\"1476\">\n<p data-start=\"1447\" data-end=\"1476\">\u2744\ufe0f T\u00e9l\u00e1ll\u00f3s\u00e1g: j\u00f3l fagyt\u0171r\u0151<\/p>\n<\/li>\n<\/ul>\n<h4><strong>\ud83d\udd04 K\u00e9szletinform\u00e1ci\u00f3<\/strong><\/h4>\n<p><strong>K\u00e9szlet\u00fcnk napi szinten v\u00e1ltozik, \u00edgy a webshopban szerepl<\/strong><strong>\u0151<\/strong><strong>\u00a0term\u00e9kek el\u00e9rhet<\/strong><strong>\u0151<\/strong><strong>s\u00e9ge nem garant\u00e1lt.<br \/>\n\ud83d\udcde A megrendel\u00e9s el<\/strong><strong>\u0151<\/strong><strong>tt k\u00e9rj\u00fck, \u00e9rdekl<\/strong><strong>\u0151<\/strong><strong>dj\u00f6n szem\u00e9lyesen, telefonon vagy e-mailben!<\/strong><\/p>\n<h4><strong>\u27a1\ufe0f Kapcsolat:<\/strong><\/h4>\n<ul>\n<li><strong>Weboldal:\u00a0<\/strong><a href=\"https:\/\/tajkertesz.com\/\"><strong>tajkertesz.com<\/strong><\/a><\/li>\n<li><strong>Facebook:\u00a0<\/strong><a href=\"https:\/\/www.facebook.com\/tajkertesz\/\"><strong>facebook.com\/tajkertesz<\/strong><\/a><\/li>\n<li><strong>Telefonsz\u00e1m, e-mail: +36\/20-319-3770\u00a0<\/strong><a href=\"mailto:tajkerteszaruda@gmail.com\"><strong>tajkerteszaruda@gmail.com<\/strong><\/a><\/li>\n<\/ul>\n<h4><strong>\ud83d\ude9a Sz\u00e1ll\u00edt\u00e1si inform\u00e1ci\u00f3k<\/strong><\/h4>\n<p><strong>A megrendelt n\u00f6v\u00e9nyek kisz\u00e1ll\u00edt\u00e1sa az al\u00e1bbi felt\u00e9telek mellett t\u00f6rt\u00e9nik:<\/strong><\/p>\n<h4><strong>\ud83d\udce6 Fut\u00e1rszolg\u00e1latos sz\u00e1ll\u00edt\u00e1s<\/strong><\/h4>\n<ul>\n<li><strong>Maxim\u00e1lis m\u00e9ret: 200 cm (hossz\u00fas\u00e1g)<\/strong><\/li>\n<li><strong>Maxim\u00e1lis s\u00faly: 40 kg<\/strong><\/li>\n<li><strong>Az enn\u00e9l kisebb \u00e9s k\u00f6nnyebb csomagokat fut\u00e1rszolg\u00e1lattal k\u00e9zbes\u00edtj\u00fck a lehet<\/strong><strong>\u0151<\/strong><strong>\u00a0legbiztons\u00e1gosabb csomagol\u00e1sban.<\/strong><\/li>\n<\/ul>\n<h4><strong>\ud83d\udefb Szem\u00e9lyes \u00e1tv\u00e9tel<\/strong><\/h4>\n<ul>\n<li><strong>1173 Budapest, Bakancsos utca 7. sz\u00e1m alatt nyitvatart\u00e1si id<\/strong><strong>\u0151<\/strong><strong>ben szem\u00e9lyesen \u00e1tvehet<\/strong><strong>\u0151<\/strong><strong>\u00a0kert\u00e9szeti \u00e1rud\u00e1nkban.<\/strong><\/li>\n<li><strong>K\u00f6lts\u00e9ghat\u00e9kony megold\u00e1s nagyobb, t\u00f6r\u00e9kenyebb vagy t\u00falm\u00e9retes n\u00f6v\u00e9nyek eset\u00e9n.<\/strong><\/li>\n<\/ul>\n<h4><strong>\ud83d\udcde Nagy m\u00e9ret<\/strong><strong>\u0171<\/strong><strong>\u00a0vagy s\u00faly\u00fa n\u00f6v\u00e9nyek eset\u00e9n<\/strong><\/h4>\n<p><strong>Ha a term\u00e9k:<\/strong><\/p>\n<ul>\n<li><strong>meghaladja a 200 cm hossz\u00fas\u00e1got vagy<\/strong><\/li>\n<li><strong>meghaladja a 40 kg s\u00falyt,<\/strong><\/li>\n<\/ul>\n<p><strong>akkor szem\u00e9lyes \u00e1tv\u00e9tellel vagy egyedi, el<\/strong><strong>\u0151<\/strong><strong>re egyeztetett sz\u00e1ll\u00edt\u00e1si felt\u00e9telek mellett t\u00f6rt\u00e9nik.<br \/>\nK\u00e9rj\u00fck, ilyen esetben rendel\u00e9s el<\/strong><strong>\u0151<\/strong><strong>tt vegye fel vel\u00fcnk a kapcsolatot, hogy a lehet<\/strong><strong>\u0151<\/strong><strong>\u00a0legmegfelel<\/strong><strong>\u0151<\/strong><strong>bb sz\u00e1ll\u00edt\u00e1si megold\u00e1st k\u00edn\u00e1lhassuk.<\/strong><\/p>\n<p><strong>\ud83d\udd14 Fontos: A n\u00f6v\u00e9nyeket minden esetben igyeksz\u00fcnk gondosan, egyes\u00e9vel csomagolni, azonban a sz\u00e1ll\u00edt\u00e1s sor\u00e1n kisebb eszt\u00e9tikai s\u00e9r\u00fcl\u00e9sek el<\/strong><strong>\u0151<\/strong><strong>fordulhatnak (pl. lev\u00e9lhull\u00e1s). Ez nem min<\/strong><strong>\u0151<\/strong><strong>s\u00fcl hib\u00e1s teljes\u00edt\u00e9snek.<\/strong><\/p>\n<h4><strong>\ud83d\udcf7 Fontos tudni a k\u00e9pekr<\/strong><strong>\u0151<\/strong><strong>l<\/strong><\/h4>\n<p><strong>A webshopban szerepl<\/strong><strong>\u0151<\/strong><strong>\u00a0k\u00e9pek illusztr\u00e1ci\u00f3k, a n\u00f6v\u00e9nyek term\u00e9szet\u00fckn\u00e9l fogva egyediek, \u00edgy m\u00e9retben, alakban \u00e9s sz\u00ednben minim\u00e1lis elt\u00e9r\u00e9sek el<\/strong><strong>\u0151<\/strong><strong>fordulhatnak a k\u00e9pen l\u00e1that\u00f3 \u00e9s a val\u00f3s p\u00e9ld\u00e1nyok k\u00f6z\u00f6tt.<\/strong><\/p>\n<h4><strong>\ud83e\uddfe \u00c1rak \u00e9s el\u00e1ll\u00e1si jog<\/strong><\/h4>\n<ul>\n<li><strong>Az \u00e1rak egy darab\u00a0n\u00f6v\u00e9nyre vonatkoznak.<\/strong><\/li>\n<li><strong>\u00c9l<\/strong><strong>\u0151<\/strong><strong>\u00a0n\u00f6v\u00e9nyek rendel\u00e9se eset\u00e9n a 14 napos el\u00e1ll\u00e1s joga nem \u00e9rv\u00e9nyes\u00edthet<\/strong><strong>\u0151<\/strong><strong>, mivel azok romland\u00f3, biol\u00f3giailag \u00e9l<\/strong><strong>\u0151<\/strong><strong>\u00a0term\u00e9keknek min<\/strong><strong>\u0151<\/strong><strong>s\u00fclnek.<br \/>\n\ud83d\udd12 (17\/1999. (II. 5.) Korm. rendelet 5. \u00a7 c) pontja alapj\u00e1n)<\/strong><\/li>\n<\/ul>\n<h4><strong>\ud83d\udce6 K\u00e9zbes\u00edt\u00e9s ut\u00e1ni teend<\/strong><strong>\u0151<\/strong><strong>k<\/strong><\/h4>\n<p><strong>A k\u00e9zbes\u00edt\u00e9st k\u00f6vet<\/strong><strong>\u0151<\/strong><strong>en a csomagot azonnal bontsuk ki, \u00e9s a n\u00f6v\u00e9nyt helyezz\u00fck el megfelel<\/strong><strong>\u0151<\/strong><strong>\u00a0k\u00f6rnyezetben.<br \/>\nFontos: ha a n\u00f6v\u00e9ny nem r\u00e9szes\u00fcl megfelel<\/strong><strong>\u0151<\/strong><strong>\u00a0gondoz\u00e1sban \u00e9s ennek k\u00f6vetkezt\u00e9ben k\u00e1rosodik vagy elpusztul, felel<\/strong><strong>\u0151<\/strong><strong>ss\u00e9get nem tudunk v\u00e1llalni.<\/strong><\/p>","protected":false},"excerpt":{"rendered":"<p data-start=\"190\" data-end=\"405\">A <strong data-start=\"192\" data-end=\"228\">Lonicera periclymenum &#8216;Serotina&#8217;<\/strong>, vagyis b\u00fabos fut\u00f3lonc, er\u0151teljes n\u00f6veked\u00e9s\u0171, illatos fut\u00f3n\u00f6v\u00e9ny. B\u00edborv\u00f6r\u00f6s \u00e9s kr\u00e9ms\u00e1rga k\u00e9tsz\u00edn\u0171 vir\u00e1gai eg\u00e9sz ny\u00e1ron d\u00edsz\u00edtenek, pergol\u00e1k \u00e9s ker\u00edt\u00e9sek befuttat\u00e1s\u00e1ra ide\u00e1lis.<\/p>\n<p data-start=\"190\" data-end=\"405\">M\u00e9rete: 60-80 cm magas, 2 literes kont\u00e9nerben.<\/p>","protected":false},"featured_media":16909,"template":"","meta":{"_et_pb_use_builder":"","_et_pb_old_content":"","_et_gb_content_width":""},"product_brand":[],"product_cat":[3995],"product_tag":[8011,8014,8013,8015,5748,8012,7993,8016,7992],"class_list":{"0":"post-16908","1":"product","2":"type-product","3":"status-publish","4":"has-post-thumbnail","6":"product_cat-futonovenyek","7":"product_tag-bubos-futolonc","8":"product_tag-futolonc","9":"product_tag-illatos-lonc","10":"product_tag-ketszinu-viragu-noveny","11":"product_tag-kuszonoveny","12":"product_tag-lonicera-periclymenum-serotina","13":"product_tag-lugas-noveny","14":"product_tag-nyari-viragzasu-futonoveny","15":"product_tag-pergola-noveny","17":"first","18":"instock","19":"shipping-taxable","20":"purchasable","21":"product-type-simple"},"yoast_head":"<!-- This site is optimized with the Yoast SEO plugin v27.4 - https:\/\/yoast.com\/product\/yoast-seo-wordpress\/ -->\n<title>Lonicera percilymenum &#039;Serotina&#039; - B\u00fabos fut\u00f3lonc - T\u00e1jkert\u00e9sz<\/title>\n<meta name=\"description\" content=\"Lonicera percilymenum &#039;Serotina&#039; - B\u00fabos fut\u00f3lonc 4-5 m magasra kapaszkod\u00f3, \u00f6r\u00f6kz\u00f6ld fut\u00f3n\u00f6v\u00e9ny. Vir\u00e1gai k\u00edv\u00fcl lil\u00e1s-piros, bel\u00fcl b\u00e9zs sz\u00edn\u0171 hajt\u00e1sv\u00e9gi...\" \/>\n<meta name=\"robots\" content=\"index, follow, max-snippet:-1, max-image-preview:large, max-video-preview:-1\" \/>\n<link rel=\"canonical\" href=\"https:\/\/tajkertesz.com\/en_US\/product\/lonicera-percilymenum-serotina-bubos-futolonc\/\" \/>\n<meta property=\"og:locale\" content=\"en_US\" \/>\n<meta property=\"og:type\" content=\"article\" \/>\n<meta property=\"og:title\" content=\"https:\/\/www.facebook.com\/tajkertesz\" \/>\n<meta property=\"og:description\" content=\"A Lonicera periclymenum \u2018Serotina\u2019 \u2013 k\u00fasz\u00f3 lonc\/b\u00fabos lonc. Nagyon dekorat\u00edv fut\u00f3n\u00f6v\u00e9ny fajta. Hosszan vir\u00e1gz\u00f3, k\u00edv\u00fcl lil\u00e1s-piros, bel\u00fcl b\u00e9zs sz\u00edn\u0171 vir\u00e1gaival d\u00edsz\u00edt...\" \/>\n<meta property=\"og:url\" content=\"https:\/\/tajkertesz.com\/en_US\/product\/lonicera-percilymenum-serotina-bubos-futolonc\/\" \/>\n<meta property=\"og:site_name\" content=\"T\u00e1jkert\u00e9sz\" \/>\n<meta property=\"article:publisher\" content=\"https:\/\/www.facebook.com\/Tajkertesz\/\" \/>\n<meta property=\"article:modified_time\" content=\"2026-02-22T09:08:24+00:00\" \/>\n<meta property=\"og:image\" content=\"https:\/\/tajkertesz.com\/wp-content\/uploads\/2023\/09\/20230914_083818-1-scaled.jpg\" \/>\n\t<meta property=\"og:image:width\" content=\"1154\" \/>\n\t<meta property=\"og:image:height\" content=\"2560\" \/>\n\t<meta property=\"og:image:type\" content=\"image\/jpeg\" \/>\n<meta name=\"twitter:card\" content=\"summary_large_image\" \/>\n<meta name=\"twitter:label1\" content=\"Est. reading time\" \/>\n\t<meta name=\"twitter:data1\" content=\"3 minutes\" \/>\n<script type=\"application\/ld+json\" class=\"yoast-schema-graph\">{\"@context\":\"https:\\\/\\\/schema.org\",\"@graph\":[{\"@type\":\"WebPage\",\"@id\":\"https:\\\/\\\/tajkertesz.com\\\/termek\\\/lonicera-percilymenum-serotina-bubos-futolonc\\\/\",\"url\":\"https:\\\/\\\/tajkertesz.com\\\/termek\\\/lonicera-percilymenum-serotina-bubos-futolonc\\\/\",\"name\":\"Lonicera percilymenum 'Serotina' - B\u00fabos fut\u00f3lonc - T\u00e1jkert\u00e9sz\",\"isPartOf\":{\"@id\":\"https:\\\/\\\/tajkertesz.com\\\/#website\"},\"primaryImageOfPage\":{\"@id\":\"https:\\\/\\\/tajkertesz.com\\\/termek\\\/lonicera-percilymenum-serotina-bubos-futolonc\\\/#primaryimage\"},\"image\":{\"@id\":\"https:\\\/\\\/tajkertesz.com\\\/termek\\\/lonicera-percilymenum-serotina-bubos-futolonc\\\/#primaryimage\"},\"thumbnailUrl\":\"https:\\\/\\\/tajkertesz.com\\\/wp-content\\\/uploads\\\/2023\\\/09\\\/20230914_083818-1-scaled.jpg\",\"datePublished\":\"2023-09-14T08:51:45+00:00\",\"dateModified\":\"2026-02-22T09:08:24+00:00\",\"description\":\"Lonicera percilymenum 'Serotina' - B\u00fabos fut\u00f3lonc 4-5 m magasra kapaszkod\u00f3, \u00f6r\u00f6kz\u00f6ld fut\u00f3n\u00f6v\u00e9ny. Vir\u00e1gai k\u00edv\u00fcl lil\u00e1s-piros, bel\u00fcl b\u00e9zs sz\u00edn\u0171 hajt\u00e1sv\u00e9gi...\",\"breadcrumb\":{\"@id\":\"https:\\\/\\\/tajkertesz.com\\\/termek\\\/lonicera-percilymenum-serotina-bubos-futolonc\\\/#breadcrumb\"},\"inLanguage\":\"en-US\",\"potentialAction\":[{\"@type\":\"ReadAction\",\"target\":[\"https:\\\/\\\/tajkertesz.com\\\/termek\\\/lonicera-percilymenum-serotina-bubos-futolonc\\\/\"]}]},{\"@type\":\"ImageObject\",\"inLanguage\":\"en-US\",\"@id\":\"https:\\\/\\\/tajkertesz.com\\\/termek\\\/lonicera-percilymenum-serotina-bubos-futolonc\\\/#primaryimage\",\"url\":\"https:\\\/\\\/tajkertesz.com\\\/wp-content\\\/uploads\\\/2023\\\/09\\\/20230914_083818-1-scaled.jpg\",\"contentUrl\":\"https:\\\/\\\/tajkertesz.com\\\/wp-content\\\/uploads\\\/2023\\\/09\\\/20230914_083818-1-scaled.jpg\",\"width\":1154,\"height\":2560,\"caption\":\"Lonicera percilymenum 'Serotina' - B\u00fabos fut\u00f3lonc\"},{\"@type\":\"BreadcrumbList\",\"@id\":\"https:\\\/\\\/tajkertesz.com\\\/termek\\\/lonicera-percilymenum-serotina-bubos-futolonc\\\/#breadcrumb\",\"itemListElement\":[{\"@type\":\"ListItem\",\"position\":1,\"name\":\"Home\",\"item\":\"https:\\\/\\\/tajkertesz.com\\\/\"},{\"@type\":\"ListItem\",\"position\":2,\"name\":\"Kezd\u0151lap\",\"item\":\"https:\\\/\\\/tajkertesz.com\\\/\"},{\"@type\":\"ListItem\",\"position\":3,\"name\":\"Lonicera percilymenum &#8216;Serotina&#8217; &#8211; B\u00fabos fut\u00f3lonc\"}]},{\"@type\":\"WebSite\",\"@id\":\"https:\\\/\\\/tajkertesz.com\\\/#website\",\"url\":\"https:\\\/\\\/tajkertesz.com\\\/\",\"name\":\"T\u00e1j-Kert\u00e9sz 84 Kft.\",\"description\":\"Kert\u00e9szeti kis- \u00e9s nagykeresked\u00e9s, D\u00edszn\u00f6v\u00e9ny web\u00e1ruh\u00e1z orsz\u00e1gos h\u00e1zhozsz\u00e1ll\u00edt\u00e1ssal!\",\"publisher\":{\"@id\":\"https:\\\/\\\/tajkertesz.com\\\/#organization\"},\"potentialAction\":[{\"@type\":\"SearchAction\",\"target\":{\"@type\":\"EntryPoint\",\"urlTemplate\":\"https:\\\/\\\/tajkertesz.com\\\/?s={search_term_string}\"},\"query-input\":{\"@type\":\"PropertyValueSpecification\",\"valueRequired\":true,\"valueName\":\"search_term_string\"}}],\"inLanguage\":\"en-US\"},{\"@type\":\"Organization\",\"@id\":\"https:\\\/\\\/tajkertesz.com\\\/#organization\",\"name\":\"T\u00e1j-Kert\u00e9sz 84 Kft.\",\"url\":\"https:\\\/\\\/tajkertesz.com\\\/\",\"logo\":{\"@type\":\"ImageObject\",\"inLanguage\":\"en-US\",\"@id\":\"https:\\\/\\\/tajkertesz.com\\\/#\\\/schema\\\/logo\\\/image\\\/\",\"url\":\"https:\\\/\\\/tajkertesz.com\\\/wp-content\\\/uploads\\\/2018\\\/02\\\/logo-2-e1518678052539.png\",\"contentUrl\":\"https:\\\/\\\/tajkertesz.com\\\/wp-content\\\/uploads\\\/2018\\\/02\\\/logo-2-e1518678052539.png\",\"width\":81,\"height\":140,\"caption\":\"T\u00e1j-Kert\u00e9sz 84 Kft.\"},\"image\":{\"@id\":\"https:\\\/\\\/tajkertesz.com\\\/#\\\/schema\\\/logo\\\/image\\\/\"},\"sameAs\":[\"https:\\\/\\\/www.facebook.com\\\/Tajkertesz\\\/\"]}]}<\/script>\n<!-- \/ Yoast SEO plugin. -->","yoast_head_json":{"title":"Lonicera percilymenum 'Serotina' - B\u00fabos fut\u00f3lonc - T\u00e1jkert\u00e9sz","description":"Lonicera percilymenum 'Serotina' - B\u00fabos fut\u00f3lonc 4-5 m magasra kapaszkod\u00f3, \u00f6r\u00f6kz\u00f6ld fut\u00f3n\u00f6v\u00e9ny. Vir\u00e1gai k\u00edv\u00fcl lil\u00e1s-piros, bel\u00fcl b\u00e9zs sz\u00edn\u0171 hajt\u00e1sv\u00e9gi...","robots":{"index":"index","follow":"follow","max-snippet":"max-snippet:-1","max-image-preview":"max-image-preview:large","max-video-preview":"max-video-preview:-1"},"canonical":"https:\/\/tajkertesz.com\/en_US\/product\/lonicera-percilymenum-serotina-bubos-futolonc\/","og_locale":"en_US","og_type":"article","og_title":"https:\/\/www.facebook.com\/tajkertesz","og_description":"A Lonicera periclymenum \u2018Serotina\u2019 \u2013 k\u00fasz\u00f3 lonc\/b\u00fabos lonc. Nagyon dekorat\u00edv fut\u00f3n\u00f6v\u00e9ny fajta. Hosszan vir\u00e1gz\u00f3, k\u00edv\u00fcl lil\u00e1s-piros, bel\u00fcl b\u00e9zs sz\u00edn\u0171 vir\u00e1gaival d\u00edsz\u00edt...","og_url":"https:\/\/tajkertesz.com\/en_US\/product\/lonicera-percilymenum-serotina-bubos-futolonc\/","og_site_name":"T\u00e1jkert\u00e9sz","article_publisher":"https:\/\/www.facebook.com\/Tajkertesz\/","article_modified_time":"2026-02-22T09:08:24+00:00","og_image":[{"width":1154,"height":2560,"url":"https:\/\/tajkertesz.com\/wp-content\/uploads\/2023\/09\/20230914_083818-1-scaled.jpg","type":"image\/jpeg"}],"twitter_card":"summary_large_image","twitter_misc":{"Est. reading time":"3 minutes"},"schema":{"@context":"https:\/\/schema.org","@graph":[{"@type":"WebPage","@id":"https:\/\/tajkertesz.com\/termek\/lonicera-percilymenum-serotina-bubos-futolonc\/","url":"https:\/\/tajkertesz.com\/termek\/lonicera-percilymenum-serotina-bubos-futolonc\/","name":"Lonicera percilymenum 'Serotina' - B\u00fabos fut\u00f3lonc - T\u00e1jkert\u00e9sz","isPartOf":{"@id":"https:\/\/tajkertesz.com\/#website"},"primaryImageOfPage":{"@id":"https:\/\/tajkertesz.com\/termek\/lonicera-percilymenum-serotina-bubos-futolonc\/#primaryimage"},"image":{"@id":"https:\/\/tajkertesz.com\/termek\/lonicera-percilymenum-serotina-bubos-futolonc\/#primaryimage"},"thumbnailUrl":"https:\/\/tajkertesz.com\/wp-content\/uploads\/2023\/09\/20230914_083818-1-scaled.jpg","datePublished":"2023-09-14T08:51:45+00:00","dateModified":"2026-02-22T09:08:24+00:00","description":"Lonicera percilymenum 'Serotina' - B\u00fabos fut\u00f3lonc 4-5 m magasra kapaszkod\u00f3, \u00f6r\u00f6kz\u00f6ld fut\u00f3n\u00f6v\u00e9ny. Vir\u00e1gai k\u00edv\u00fcl lil\u00e1s-piros, bel\u00fcl b\u00e9zs sz\u00edn\u0171 hajt\u00e1sv\u00e9gi...","breadcrumb":{"@id":"https:\/\/tajkertesz.com\/termek\/lonicera-percilymenum-serotina-bubos-futolonc\/#breadcrumb"},"inLanguage":"en-US","potentialAction":[{"@type":"ReadAction","target":["https:\/\/tajkertesz.com\/termek\/lonicera-percilymenum-serotina-bubos-futolonc\/"]}]},{"@type":"ImageObject","inLanguage":"en-US","@id":"https:\/\/tajkertesz.com\/termek\/lonicera-percilymenum-serotina-bubos-futolonc\/#primaryimage","url":"https:\/\/tajkertesz.com\/wp-content\/uploads\/2023\/09\/20230914_083818-1-scaled.jpg","contentUrl":"https:\/\/tajkertesz.com\/wp-content\/uploads\/2023\/09\/20230914_083818-1-scaled.jpg","width":1154,"height":2560,"caption":"Lonicera percilymenum 'Serotina' - B\u00fabos fut\u00f3lonc"},{"@type":"BreadcrumbList","@id":"https:\/\/tajkertesz.com\/termek\/lonicera-percilymenum-serotina-bubos-futolonc\/#breadcrumb","itemListElement":[{"@type":"ListItem","position":1,"name":"Home","item":"https:\/\/tajkertesz.com\/"},{"@type":"ListItem","position":2,"name":"Kezd\u0151lap","item":"https:\/\/tajkertesz.com\/"},{"@type":"ListItem","position":3,"name":"Lonicera percilymenum &#8216;Serotina&#8217; &#8211; B\u00fabos fut\u00f3lonc"}]},{"@type":"WebSite","@id":"https:\/\/tajkertesz.com\/#website","url":"https:\/\/tajkertesz.com\/","name":"T\u00e1j-Kert\u00e9sz 84 Kft.","description":"Kert\u00e9szeti kis- \u00e9s nagykeresked\u00e9s, D\u00edszn\u00f6v\u00e9ny web\u00e1ruh\u00e1z orsz\u00e1gos h\u00e1zhozsz\u00e1ll\u00edt\u00e1ssal!","publisher":{"@id":"https:\/\/tajkertesz.com\/#organization"},"potentialAction":[{"@type":"SearchAction","target":{"@type":"EntryPoint","urlTemplate":"https:\/\/tajkertesz.com\/?s={search_term_string}"},"query-input":{"@type":"PropertyValueSpecification","valueRequired":true,"valueName":"search_term_string"}}],"inLanguage":"en-US"},{"@type":"Organization","@id":"https:\/\/tajkertesz.com\/#organization","name":"T\u00e1j-Kert\u00e9sz 84 Kft.","url":"https:\/\/tajkertesz.com\/","logo":{"@type":"ImageObject","inLanguage":"en-US","@id":"https:\/\/tajkertesz.com\/#\/schema\/logo\/image\/","url":"https:\/\/tajkertesz.com\/wp-content\/uploads\/2018\/02\/logo-2-e1518678052539.png","contentUrl":"https:\/\/tajkertesz.com\/wp-content\/uploads\/2018\/02\/logo-2-e1518678052539.png","width":81,"height":140,"caption":"T\u00e1j-Kert\u00e9sz 84 Kft."},"image":{"@id":"https:\/\/tajkertesz.com\/#\/schema\/logo\/image\/"},"sameAs":["https:\/\/www.facebook.com\/Tajkertesz\/"]}]}},"_links":{"self":[{"href":"https:\/\/tajkertesz.com\/en_US\/wp-json\/wp\/v2\/product\/16908","targetHints":{"allow":["GET"]}}],"collection":[{"href":"https:\/\/tajkertesz.com\/en_US\/wp-json\/wp\/v2\/product"}],"about":[{"href":"https:\/\/tajkertesz.com\/en_US\/wp-json\/wp\/v2\/types\/product"}],"wp:featuredmedia":[{"embeddable":true,"href":"https:\/\/tajkertesz.com\/en_US\/wp-json\/wp\/v2\/media\/16909"}],"wp:attachment":[{"href":"https:\/\/tajkertesz.com\/en_US\/wp-json\/wp\/v2\/media?parent=16908"}],"wp:term":[{"taxonomy":"product_brand","embeddable":true,"href":"https:\/\/tajkertesz.com\/en_US\/wp-json\/wp\/v2\/product_brand?post=16908"},{"taxonomy":"product_cat","embeddable":true,"href":"https:\/\/tajkertesz.com\/en_US\/wp-json\/wp\/v2\/product_cat?post=16908"},{"taxonomy":"product_tag","embeddable":true,"href":"https:\/\/tajkertesz.com\/en_US\/wp-json\/wp\/v2\/product_tag?post=16908"}],"curies":[{"name":"wp","href":"https:\/\/api.w.org\/{rel}","templated":true}]}}