{"id":16998,"date":"2025-05-24T11:33:35","date_gmt":"2025-05-24T11:33:35","guid":{"rendered":"https:\/\/tajkertesz.com\/?post_type=product&#038;p=16998"},"modified":"2025-05-25T07:49:21","modified_gmt":"2025-05-25T07:49:21","slug":"prunus-cerasifera-woodii-verszilva-3","status":"publish","type":"product","link":"https:\/\/tajkertesz.com\/en_US\/product\/prunus-cerasifera-woodii-verszilva-3\/","title":{"rendered":"Prunus cerasifera &#8216;Woodii&#8217; &#8211; V\u00e9rszilva"},"content":{"rendered":"<h1>Prunus cerasifera &#8216;Woodii&#8217; &#8211; V\u00e9rszilva<\/h1>\n<p data-start=\"0\" data-end=\"231\">A Prunus cerasifera &#8216;Woodii&#8217; &#8211; V\u00e9rszilva egy mutat\u00f3s, lombhullat\u00f3 d\u00edszfa, amelyet f\u0151k\u00e9nt k\u00fcl\u00f6nleges, s\u00f6t\u00e9tv\u00f6r\u00f6s lombj\u00e1\u00e9rt \u00e9s tavaszi vir\u00e1gz\u00e1s\u00e1\u00e9rt \u00fcltetnek.<\/p>\n<h2>Prunus cerasifera &#8216;Woodii&#8217; jellemz\u0151i<\/h2>\n<p>A V\u00e9rszilva egy tereb\u00e9lyes, s\u0171r\u0171 \u00e1grendszer\u0171, 5-8 m magas, 3-4 m sz\u00e9les g\u00f6mb lombkoron\u00e1j\u00fa, lombhullat\u00f3, kism\u00e9ret\u0171 fa. Levele s\u00f6t\u00e9t bord\u00f3, lombhull\u00e1sig tartja a sz\u00edn\u00e9t. Vir\u00e1ga r\u00f3zsasz\u00edn sz\u00edn\u0171, mely \u00e1prilisban ny\u00edlik, de f\u0151 d\u00edsz\u00edt\u0151je a levele. Term\u00e9s 2-3 cm-es, g\u00f6mb\u00f6ly\u0171, s\u00f6t\u00e9tv\u00f6r\u00f6s, ehet\u0151 szilva.<\/p>\n<h3>A v\u00e9rszilva gondoz\u00e1sa:<\/h3>\n<p>A Prunus cerasifera &#8216;Woodii&#8217; egy sz\u00e9les t\u0171r\u0151k\u00e9pess\u00e9g\u0171 fa, viszont\u00a0 kedveli a term\u00e9keny, nedvesebb talajokat. A savast\u00f3l a l\u00fagos talajig mindent elvisel. A ny\u00e1ri sz\u00e1razs\u00e1got is rendk\u00edv\u00fcl j\u00f3l t\u0171ri. S\u00f6t\u00e9tv\u00f6r\u00f6s lombszine csak napos helyre \u00fcltetve lesz igaz\u00e1n mutat\u00f3s. F\u00e9l\u00e1rny\u00e9kban is el\u00e9l, de a levelek fak\u00f3bbak lesznek. -25 \u00b0C-ig fagyt\u0171r\u0151.<\/p>\n<h4 style=\"line-height: 18.0pt; background: white; margin: 0cm 0cm 15.0pt 0cm;\"><strong><span style=\"font-family: 'Ubuntu',serif; color: black;\">A n\u00f6v\u00e9ny jelenlegi m\u00e9rete: 9,5 literes kont\u00e9nerben kaphat\u00f3. T\u00f6rzsmagass\u00e1ga 220 cm. T\u00f6rzsk\u00f6rm\u00e9rete 6\/8.<\/span><\/strong><\/h4>\n<p><b>K\u00e9szlet\u00fcnk napi szinten v\u00e1ltozik, ez\u00e9rt k\u00e9rj\u00fck, \u00e9rdekl\u0151dj\u00f6n szem\u00e9lyesen, telefonon vagy email-en.<br \/>\nA v\u00e1ltoztat\u00e1s jog\u00e1t fenntartjuk!<\/b><b>\u00a0<\/b><\/p>\n<p><a href=\"https:\/\/tajkertesz.com\/\">https:\/\/tajkertesz.com\/<\/a><\/p>\n<p><a href=\"https:\/\/www.facebook.com\/tajkertesz\/\">https:\/\/www.facebook.com\/tajkertesz\/<\/a><\/p>\n<h5><span style=\"color: #ff0000;\"><strong>Kisz\u00e1ll\u00edt\u00e1s: 200cm-ig \u00e9s 40 kg-ig a sz\u00e1ll\u00edt\u00e1s fut\u00e1rszolg\u00e1lattal t\u00f6rt\u00e9nik.<\/strong><\/span><\/h5>\n<p>Szem\u00e9lyes \u00e1tv\u00e9tel nyitvatart\u00e1si id\u0151ben a 17. ker\u00fclet Bakancsos utca 7. sz\u00e1m alatti Kert\u00e9szeti \u00e1rud\u00e1nkban.<\/p>\n<p>Kert\u00e9p\u00edt\u0151k \u00e9s viszontelad\u00f3k regisztr\u00e1l\u00e1s ut\u00e1n egyedi kedvezm\u00e9nnyel v\u00e1s\u00e1rolhatnak kert\u00e9szeti kis-\u00e9s nagykeresked\u00e9s\u00fcnkben.<\/p>\n<p><strong>Az \u00e1rak egy darab term\u00e9kre vonatkoznak.<\/strong><\/p>\n<p><strong>J\u00f3 tudni!<\/strong><\/p>\n<p>K\u00e9pek-elt\u00e9r\u00e9sek:<\/p>\n<p>A n\u00f6v\u00e9nyekr\u0151l felt\u00f6lt\u00f6tt k\u00e9pek illusztr\u00e1ci\u00f3k. N\u00f6v\u00e9nyekn\u00e9l el\u0151fordulhatnak minim\u00e1lis elt\u00e9r\u00e9sek a k\u00e9peken szerepl\u0151 n\u00f6v\u00e9nyek \u00e9s az \u00e1tvett n\u00f6v\u00e9nyek k\u00f6z\u00f6tt, mivel minden n\u00f6v\u00e9ny egyedi.<\/p>\n<h4>N\u00f6v\u00e9nyek sz\u00e1ll\u00edt\u00e1sa:<\/h4>\n<p>A megrendelt n\u00f6v\u00e9nyeket igyeksz\u00fcnk a lehet\u0151 legbiztons\u00e1gosabban egyes\u00e9vel csomagolni, azonban a sz\u00e1ll\u00edt\u00e1s sor\u00e1n m\u00e9g ennek ellen\u00e9re is\u00a0bek\u00f6vetkezhetnek apr\u00f3bb s\u00e9r\u00fcl\u00e9sek (lev\u00e9l- vagy vir\u00e1ghull\u00e1s).<br \/>\nN\u00f6v\u00e9ny rendel\u00e9s eset\u00e9n k\u00e9rj\u00fck a k\u00e9zbes\u00edt\u00e9st k\u00f6vet\u0151en a lehet\u0151 leghamarabb bonts\u00e1k ki a csomagot.<\/p>\n<p>Abban az esetben, ha a megrendelt n\u00f6v\u00e9ny\u00a0a sz\u00e1ll\u00edt\u00e1st k\u00f6vet\u0151en\u00a0nem megfelel\u0151 gondoz\u00e1sban r\u00e9szes\u00fcl \u00e9s ebb\u0151l kifoly\u00f3lag\u00a0k\u00e1rosodik,\u00a0elpusztul, felel\u0151ss\u00e9get sajnos nem tudunk v\u00e1llalni.<\/p>\n<p>V\u00e1s\u00e1rl\u00e1st\u00f3l val\u00f3 el\u00e1ll\u00e1s \u00e9l\u0151 n\u00f6v\u00e9ny v\u00e1s\u00e1rl\u00e1sa eset\u00e9n:<\/p>\n<p>Az \u00e1ltal\u00e1nos 14 napos el\u00e1ll\u00e1s lehet\u0151s\u00e9ge \u00e9l\u0151 n\u00f6v\u00e9nyekre nem vonatkozik. V\u00e1s\u00e1rl\u00e1st\u00f3l val\u00f3 el\u00e1ll\u00e1sra, visszak\u00fcld\u00e9sre nincs lehet\u0151s\u00e9g.\u00a0(17\/1999. (II. 5.) Korm. rendelet 5c pontja)<\/p>\n<p><strong>K\u00e9rj\u00fck fentiek figyelembev\u00e9tel\u00e9t n\u00f6v\u00e9ny rendel\u00e9se sor\u00e1n!<\/strong><\/p>\n<p>&nbsp;<\/p>","protected":false},"excerpt":{"rendered":"<h4 style=\"line-height: 18.0pt; background: white; margin: 0cm 0cm 15.0pt 0cm;\"><strong><span style=\"font-family: 'Ubuntu',serif; color: black;\">A n\u00f6v\u00e9ny jelenlegi m\u00e9rete: 9,5 literes kont\u00e9nerben kaphat\u00f3. T\u00f6rzsmagass\u00e1ga 220 cm. T\u00f6rzsk\u00f6rm\u00e9rete 6\/8.<\/span><\/strong><\/h4>\n<p><b>K\u00e9szlet\u00fcnk napi szinten v\u00e1ltozik, ez\u00e9rt k\u00e9rj\u00fck, \u00e9rdekl\u0151dj\u00f6n szem\u00e9lyesen, telefonon vagy email-en.<br \/>\nA v\u00e1ltoztat\u00e1s jog\u00e1t fenntartjuk!<\/b><b>\u00a0<\/b><\/p>","protected":false},"featured_media":8073,"template":"","meta":{"_et_pb_use_builder":"","_et_pb_old_content":"","_et_gb_content_width":""},"product_brand":[],"product_cat":[28],"product_tag":[2355],"class_list":{"0":"post-16998","1":"product","2":"type-product","3":"status-publish","4":"has-post-thumbnail","6":"product_cat-diszfak","7":"product_tag-prunus-cerasifera-woodii-verszilva","8":"product_shipping_class-nehez-meretes-csomagok","10":"first","11":"instock","12":"shipping-taxable","13":"purchasable","14":"product-type-simple"},"yoast_head":"<!-- This site is optimized with the Yoast SEO plugin v27.3 - https:\/\/yoast.com\/product\/yoast-seo-wordpress\/ -->\n<title>Prunus cerasifera &#039;Woodii&#039; - V\u00e9rszilva - T\u00e1jkert\u00e9sz<\/title>\n<meta name=\"description\" content=\"Prunus cerasifera &#039;Woodii&#039; - V\u00e9rszilva 5-8 m magas, 3-4 m sz\u00e9les lombkoron\u00e1j\u00fa, lombhullat\u00f3, kism\u00e9ret\u0171 fa. Levele s\u00f6t\u00e9t bord\u00f3, lombhull\u00e1sig tartja a sz\u00edn\u00e9t.\" \/>\n<meta name=\"robots\" content=\"index, follow, max-snippet:-1, max-image-preview:large, max-video-preview:-1\" \/>\n<link rel=\"canonical\" href=\"https:\/\/tajkertesz.com\/en_US\/product\/prunus-cerasifera-woodii-verszilva-3\/\" \/>\n<meta property=\"og:locale\" content=\"en_US\" \/>\n<meta property=\"og:type\" content=\"article\" \/>\n<meta property=\"og:title\" content=\"https:\/\/www.facebook.com\/tajkertesz\" \/>\n<meta property=\"og:description\" content=\"Prunus cerasifera woodii -V\u00e9rszilva,tereb\u00e9lyes, s\u0171r\u0171 \u00e1grendszer\u0171, 5-8 m magas, 3-4 m sz\u00e9les g\u00f6mb lombkoron\u00e1j\u00fa, lombhullat\u00f3, kism\u00e9ret\u0171 fa. Levele s\u00f6t\u00e9t bord\u00f3, lombhull\u00e1sig tartja a sz\u00edn\u00e9t. Vir\u00e1ga r\u00f3zsasz\u00edn sz\u00edn\u0171, mely \u00e1prilisban ny\u00edlik, de f\u0151 d\u00edsz\u00edt\u0151je a levele. Term\u00e9s 2-3 cm-es, g\u00f6mb\u00f6ly\u0171, s\u00f6t\u00e9tv\u00f6r\u00f6s, ehet\u0151 szilva. Sz\u00e9les t\u0171r\u0151k\u00e9pess\u00e9g\u0171, de kedveli a term\u00e9keny, nedvesebb talajokat. A savast\u00f3l a l\u00fagos talajig mindent elvisel. A ny\u00e1ri sz\u00e1razs\u00e1got is. A f\u00e9l\u00e1rny\u00e9kot t\u0171ri, de csak teljes napf\u00e9nyen marad meg s\u00f6t\u00e9tv\u00f6r\u00f6s lombsz\u00edne. Fagyt\u0171r\u0151.\" \/>\n<meta property=\"og:url\" content=\"https:\/\/tajkertesz.com\/en_US\/product\/prunus-cerasifera-woodii-verszilva-3\/\" \/>\n<meta property=\"og:site_name\" content=\"T\u00e1jkert\u00e9sz\" \/>\n<meta property=\"article:publisher\" content=\"https:\/\/www.facebook.com\/Tajkertesz\/\" \/>\n<meta property=\"article:modified_time\" content=\"2025-05-25T07:49:21+00:00\" \/>\n<meta property=\"og:image\" content=\"https:\/\/tajkertesz.com\/wp-content\/uploads\/2020\/03\/Prunus-cistena-T\u00f6rpe-v\u00e9rszilva3.jpg\" \/>\n\t<meta property=\"og:image:width\" content=\"1000\" \/>\n\t<meta property=\"og:image:height\" content=\"1000\" \/>\n\t<meta property=\"og:image:type\" content=\"image\/jpeg\" \/>\n<meta name=\"twitter:card\" content=\"summary_large_image\" \/>\n<meta name=\"twitter:label1\" content=\"Est. reading time\" \/>\n\t<meta name=\"twitter:data1\" content=\"2 minutes\" \/>\n<script type=\"application\/ld+json\" class=\"yoast-schema-graph\">{\"@context\":\"https:\\\/\\\/schema.org\",\"@graph\":[{\"@type\":\"WebPage\",\"@id\":\"https:\\\/\\\/tajkertesz.com\\\/termek\\\/prunus-cerasifera-woodii-verszilva-3\\\/\",\"url\":\"https:\\\/\\\/tajkertesz.com\\\/termek\\\/prunus-cerasifera-woodii-verszilva-3\\\/\",\"name\":\"Prunus cerasifera 'Woodii' - V\u00e9rszilva - T\u00e1jkert\u00e9sz\",\"isPartOf\":{\"@id\":\"https:\\\/\\\/tajkertesz.com\\\/#website\"},\"primaryImageOfPage\":{\"@id\":\"https:\\\/\\\/tajkertesz.com\\\/termek\\\/prunus-cerasifera-woodii-verszilva-3\\\/#primaryimage\"},\"image\":{\"@id\":\"https:\\\/\\\/tajkertesz.com\\\/termek\\\/prunus-cerasifera-woodii-verszilva-3\\\/#primaryimage\"},\"thumbnailUrl\":\"https:\\\/\\\/tajkertesz.com\\\/wp-content\\\/uploads\\\/2021\\\/08\\\/kirschpflaume_prunus_cerasifera_woodii_-scaled.jpg\",\"datePublished\":\"2025-05-24T11:33:35+00:00\",\"dateModified\":\"2025-05-25T07:49:21+00:00\",\"description\":\"Prunus cerasifera 'Woodii' - V\u00e9rszilva 5-8 m magas, 3-4 m sz\u00e9les lombkoron\u00e1j\u00fa, lombhullat\u00f3, kism\u00e9ret\u0171 fa. Levele s\u00f6t\u00e9t bord\u00f3, lombhull\u00e1sig tartja a sz\u00edn\u00e9t.\",\"breadcrumb\":{\"@id\":\"https:\\\/\\\/tajkertesz.com\\\/termek\\\/prunus-cerasifera-woodii-verszilva-3\\\/#breadcrumb\"},\"inLanguage\":\"en-US\",\"potentialAction\":[{\"@type\":\"ReadAction\",\"target\":[\"https:\\\/\\\/tajkertesz.com\\\/termek\\\/prunus-cerasifera-woodii-verszilva-3\\\/\"]}]},{\"@type\":\"ImageObject\",\"inLanguage\":\"en-US\",\"@id\":\"https:\\\/\\\/tajkertesz.com\\\/termek\\\/prunus-cerasifera-woodii-verszilva-3\\\/#primaryimage\",\"url\":\"https:\\\/\\\/tajkertesz.com\\\/wp-content\\\/uploads\\\/2021\\\/08\\\/kirschpflaume_prunus_cerasifera_woodii_-scaled.jpg\",\"contentUrl\":\"https:\\\/\\\/tajkertesz.com\\\/wp-content\\\/uploads\\\/2021\\\/08\\\/kirschpflaume_prunus_cerasifera_woodii_-scaled.jpg\",\"width\":2560,\"height\":2560,\"caption\":\"Prunus cerasifera 'Woodii' - V\u00e9rszilva\"},{\"@type\":\"BreadcrumbList\",\"@id\":\"https:\\\/\\\/tajkertesz.com\\\/termek\\\/prunus-cerasifera-woodii-verszilva-3\\\/#breadcrumb\",\"itemListElement\":[{\"@type\":\"ListItem\",\"position\":1,\"name\":\"Home\",\"item\":\"https:\\\/\\\/tajkertesz.com\\\/\"},{\"@type\":\"ListItem\",\"position\":2,\"name\":\"Kezd\u0151lap\",\"item\":\"https:\\\/\\\/tajkertesz.com\\\/\"},{\"@type\":\"ListItem\",\"position\":3,\"name\":\"Prunus cerasifera &#8216;Woodii&#8217; &#8211; V\u00e9rszilva\"}]},{\"@type\":\"WebSite\",\"@id\":\"https:\\\/\\\/tajkertesz.com\\\/#website\",\"url\":\"https:\\\/\\\/tajkertesz.com\\\/\",\"name\":\"T\u00e1j-Kert\u00e9sz 84 Kft.\",\"description\":\"Kert\u00e9szeti kis- \u00e9s nagykeresked\u00e9s, D\u00edszn\u00f6v\u00e9ny web\u00e1ruh\u00e1z orsz\u00e1gos h\u00e1zhozsz\u00e1ll\u00edt\u00e1ssal!\",\"publisher\":{\"@id\":\"https:\\\/\\\/tajkertesz.com\\\/#organization\"},\"potentialAction\":[{\"@type\":\"SearchAction\",\"target\":{\"@type\":\"EntryPoint\",\"urlTemplate\":\"https:\\\/\\\/tajkertesz.com\\\/?s={search_term_string}\"},\"query-input\":{\"@type\":\"PropertyValueSpecification\",\"valueRequired\":true,\"valueName\":\"search_term_string\"}}],\"inLanguage\":\"en-US\"},{\"@type\":\"Organization\",\"@id\":\"https:\\\/\\\/tajkertesz.com\\\/#organization\",\"name\":\"T\u00e1j-Kert\u00e9sz 84 Kft.\",\"url\":\"https:\\\/\\\/tajkertesz.com\\\/\",\"logo\":{\"@type\":\"ImageObject\",\"inLanguage\":\"en-US\",\"@id\":\"https:\\\/\\\/tajkertesz.com\\\/#\\\/schema\\\/logo\\\/image\\\/\",\"url\":\"https:\\\/\\\/tajkertesz.com\\\/wp-content\\\/uploads\\\/2018\\\/02\\\/logo-2-e1518678052539.png\",\"contentUrl\":\"https:\\\/\\\/tajkertesz.com\\\/wp-content\\\/uploads\\\/2018\\\/02\\\/logo-2-e1518678052539.png\",\"width\":81,\"height\":140,\"caption\":\"T\u00e1j-Kert\u00e9sz 84 Kft.\"},\"image\":{\"@id\":\"https:\\\/\\\/tajkertesz.com\\\/#\\\/schema\\\/logo\\\/image\\\/\"},\"sameAs\":[\"https:\\\/\\\/www.facebook.com\\\/Tajkertesz\\\/\"]}]}<\/script>\n<!-- \/ Yoast SEO plugin. -->","yoast_head_json":{"title":"Prunus cerasifera 'Woodii' - V\u00e9rszilva - T\u00e1jkert\u00e9sz","description":"Prunus cerasifera 'Woodii' - V\u00e9rszilva 5-8 m magas, 3-4 m sz\u00e9les lombkoron\u00e1j\u00fa, lombhullat\u00f3, kism\u00e9ret\u0171 fa. Levele s\u00f6t\u00e9t bord\u00f3, lombhull\u00e1sig tartja a sz\u00edn\u00e9t.","robots":{"index":"index","follow":"follow","max-snippet":"max-snippet:-1","max-image-preview":"max-image-preview:large","max-video-preview":"max-video-preview:-1"},"canonical":"https:\/\/tajkertesz.com\/en_US\/product\/prunus-cerasifera-woodii-verszilva-3\/","og_locale":"en_US","og_type":"article","og_title":"https:\/\/www.facebook.com\/tajkertesz","og_description":"Prunus cerasifera woodii -V\u00e9rszilva,tereb\u00e9lyes, s\u0171r\u0171 \u00e1grendszer\u0171, 5-8 m magas, 3-4 m sz\u00e9les g\u00f6mb lombkoron\u00e1j\u00fa, lombhullat\u00f3, kism\u00e9ret\u0171 fa. Levele s\u00f6t\u00e9t bord\u00f3, lombhull\u00e1sig tartja a sz\u00edn\u00e9t. Vir\u00e1ga r\u00f3zsasz\u00edn sz\u00edn\u0171, mely \u00e1prilisban ny\u00edlik, de f\u0151 d\u00edsz\u00edt\u0151je a levele. Term\u00e9s 2-3 cm-es, g\u00f6mb\u00f6ly\u0171, s\u00f6t\u00e9tv\u00f6r\u00f6s, ehet\u0151 szilva. Sz\u00e9les t\u0171r\u0151k\u00e9pess\u00e9g\u0171, de kedveli a term\u00e9keny, nedvesebb talajokat. A savast\u00f3l a l\u00fagos talajig mindent elvisel. A ny\u00e1ri sz\u00e1razs\u00e1got is. A f\u00e9l\u00e1rny\u00e9kot t\u0171ri, de csak teljes napf\u00e9nyen marad meg s\u00f6t\u00e9tv\u00f6r\u00f6s lombsz\u00edne. Fagyt\u0171r\u0151.","og_url":"https:\/\/tajkertesz.com\/en_US\/product\/prunus-cerasifera-woodii-verszilva-3\/","og_site_name":"T\u00e1jkert\u00e9sz","article_publisher":"https:\/\/www.facebook.com\/Tajkertesz\/","article_modified_time":"2025-05-25T07:49:21+00:00","og_image":[{"width":1000,"height":1000,"url":"https:\/\/tajkertesz.com\/wp-content\/uploads\/2020\/03\/Prunus-cistena-T\u00f6rpe-v\u00e9rszilva3.jpg","type":"image\/jpeg"}],"twitter_card":"summary_large_image","twitter_misc":{"Est. reading time":"2 minutes"},"schema":{"@context":"https:\/\/schema.org","@graph":[{"@type":"WebPage","@id":"https:\/\/tajkertesz.com\/termek\/prunus-cerasifera-woodii-verszilva-3\/","url":"https:\/\/tajkertesz.com\/termek\/prunus-cerasifera-woodii-verszilva-3\/","name":"Prunus cerasifera 'Woodii' - V\u00e9rszilva - T\u00e1jkert\u00e9sz","isPartOf":{"@id":"https:\/\/tajkertesz.com\/#website"},"primaryImageOfPage":{"@id":"https:\/\/tajkertesz.com\/termek\/prunus-cerasifera-woodii-verszilva-3\/#primaryimage"},"image":{"@id":"https:\/\/tajkertesz.com\/termek\/prunus-cerasifera-woodii-verszilva-3\/#primaryimage"},"thumbnailUrl":"https:\/\/tajkertesz.com\/wp-content\/uploads\/2021\/08\/kirschpflaume_prunus_cerasifera_woodii_-scaled.jpg","datePublished":"2025-05-24T11:33:35+00:00","dateModified":"2025-05-25T07:49:21+00:00","description":"Prunus cerasifera 'Woodii' - V\u00e9rszilva 5-8 m magas, 3-4 m sz\u00e9les lombkoron\u00e1j\u00fa, lombhullat\u00f3, kism\u00e9ret\u0171 fa. Levele s\u00f6t\u00e9t bord\u00f3, lombhull\u00e1sig tartja a sz\u00edn\u00e9t.","breadcrumb":{"@id":"https:\/\/tajkertesz.com\/termek\/prunus-cerasifera-woodii-verszilva-3\/#breadcrumb"},"inLanguage":"en-US","potentialAction":[{"@type":"ReadAction","target":["https:\/\/tajkertesz.com\/termek\/prunus-cerasifera-woodii-verszilva-3\/"]}]},{"@type":"ImageObject","inLanguage":"en-US","@id":"https:\/\/tajkertesz.com\/termek\/prunus-cerasifera-woodii-verszilva-3\/#primaryimage","url":"https:\/\/tajkertesz.com\/wp-content\/uploads\/2021\/08\/kirschpflaume_prunus_cerasifera_woodii_-scaled.jpg","contentUrl":"https:\/\/tajkertesz.com\/wp-content\/uploads\/2021\/08\/kirschpflaume_prunus_cerasifera_woodii_-scaled.jpg","width":2560,"height":2560,"caption":"Prunus cerasifera 'Woodii' - V\u00e9rszilva"},{"@type":"BreadcrumbList","@id":"https:\/\/tajkertesz.com\/termek\/prunus-cerasifera-woodii-verszilva-3\/#breadcrumb","itemListElement":[{"@type":"ListItem","position":1,"name":"Home","item":"https:\/\/tajkertesz.com\/"},{"@type":"ListItem","position":2,"name":"Kezd\u0151lap","item":"https:\/\/tajkertesz.com\/"},{"@type":"ListItem","position":3,"name":"Prunus cerasifera &#8216;Woodii&#8217; &#8211; V\u00e9rszilva"}]},{"@type":"WebSite","@id":"https:\/\/tajkertesz.com\/#website","url":"https:\/\/tajkertesz.com\/","name":"T\u00e1j-Kert\u00e9sz 84 Kft.","description":"Kert\u00e9szeti kis- \u00e9s nagykeresked\u00e9s, D\u00edszn\u00f6v\u00e9ny web\u00e1ruh\u00e1z orsz\u00e1gos h\u00e1zhozsz\u00e1ll\u00edt\u00e1ssal!","publisher":{"@id":"https:\/\/tajkertesz.com\/#organization"},"potentialAction":[{"@type":"SearchAction","target":{"@type":"EntryPoint","urlTemplate":"https:\/\/tajkertesz.com\/?s={search_term_string}"},"query-input":{"@type":"PropertyValueSpecification","valueRequired":true,"valueName":"search_term_string"}}],"inLanguage":"en-US"},{"@type":"Organization","@id":"https:\/\/tajkertesz.com\/#organization","name":"T\u00e1j-Kert\u00e9sz 84 Kft.","url":"https:\/\/tajkertesz.com\/","logo":{"@type":"ImageObject","inLanguage":"en-US","@id":"https:\/\/tajkertesz.com\/#\/schema\/logo\/image\/","url":"https:\/\/tajkertesz.com\/wp-content\/uploads\/2018\/02\/logo-2-e1518678052539.png","contentUrl":"https:\/\/tajkertesz.com\/wp-content\/uploads\/2018\/02\/logo-2-e1518678052539.png","width":81,"height":140,"caption":"T\u00e1j-Kert\u00e9sz 84 Kft."},"image":{"@id":"https:\/\/tajkertesz.com\/#\/schema\/logo\/image\/"},"sameAs":["https:\/\/www.facebook.com\/Tajkertesz\/"]}]}},"_links":{"self":[{"href":"https:\/\/tajkertesz.com\/en_US\/wp-json\/wp\/v2\/product\/16998","targetHints":{"allow":["GET"]}}],"collection":[{"href":"https:\/\/tajkertesz.com\/en_US\/wp-json\/wp\/v2\/product"}],"about":[{"href":"https:\/\/tajkertesz.com\/en_US\/wp-json\/wp\/v2\/types\/product"}],"wp:featuredmedia":[{"embeddable":true,"href":"https:\/\/tajkertesz.com\/en_US\/wp-json\/wp\/v2\/media\/8073"}],"wp:attachment":[{"href":"https:\/\/tajkertesz.com\/en_US\/wp-json\/wp\/v2\/media?parent=16998"}],"wp:term":[{"taxonomy":"product_brand","embeddable":true,"href":"https:\/\/tajkertesz.com\/en_US\/wp-json\/wp\/v2\/product_brand?post=16998"},{"taxonomy":"product_cat","embeddable":true,"href":"https:\/\/tajkertesz.com\/en_US\/wp-json\/wp\/v2\/product_cat?post=16998"},{"taxonomy":"product_tag","embeddable":true,"href":"https:\/\/tajkertesz.com\/en_US\/wp-json\/wp\/v2\/product_tag?post=16998"}],"curies":[{"name":"wp","href":"https:\/\/api.w.org\/{rel}","templated":true}]}}