{"id":17008,"date":"2023-09-26T12:33:25","date_gmt":"2023-09-26T12:33:25","guid":{"rendered":"https:\/\/tajkertesz.com\/?post_type=product&#038;p=17008"},"modified":"2025-04-03T10:43:15","modified_gmt":"2025-04-03T10:43:15","slug":"quercus-robur-kocsanyos-tolgy-2","status":"publish","type":"product","link":"https:\/\/tajkertesz.com\/en_US\/product\/quercus-robur-kocsanyos-tolgy-2\/","title":{"rendered":"Quercus robur \/kocs\u00e1nyos t\u00f6lgy"},"content":{"rendered":"<h3>Quercus robur \/kocs\u00e1nyos t\u00f6lgy<\/h3>\n<ul>\n<li>V\u00e9gleges magass\u00e1ga 20\/30m<\/li>\n<li>Korona sz\u00e9less\u00e9ge 3m<\/li>\n<li>Nedves ter\u00fcleteket szeret<\/li>\n<li>Meszes talajokat kedveli<\/li>\n<\/ul>\n<p><b>Jellemz\u0151k:\u00a0<\/b>A legelterjedtebb t\u00f6lgy. Rendk\u00edv\u00fcl lass\u00fa n\u00f6veked\u00e9s\u0171ek. 20\/30 m magas, koron\u00e1ja magasan boltozatos \u00e9s sz\u00e9les, f\u00e9lg\u00f6mb, illetve g\u00f6mb alak\u00fa, csaknem a t\u00f6rzsig visszaz\u00e1rt. \u00c1grendszere felt\u00f6rekv\u0151, \u00e1gai messze sz\u00e9tter\u00fclnek. K\u00e9rge jellegzetesen m\u00e9lyen bar\u00e1zd\u00e1ltt\u00e1 v\u00e1lik id\u0151sebb kor\u00e1ra.<\/p>\n<p><b>Levelek:\u00a0<\/b>\u00d6bl\u00f6sen kar\u00e9josak s\u00f6t\u00e9tz\u00f6ld levelek jellemzik. Leveleiket a lisztharmat vesz\u00e9lyezteti.<\/p>\n<p><b>Vir\u00e1gok:<\/b>\u00a0\u00c1prilis-m\u00e1jusban vir\u00e1gzik.<\/p>\n<p><b>Felhaszn\u00e1l\u00e1s:\u00a0<\/b>Nagy helyet ig\u00e9nyel, ez\u00e9rt szoliternek, f\u00f3kuszba \u00e9rdemes \u00fcltetni. Term\u00e9szetes vill\u00e1mh\u00e1r\u00edt\u00f3nak \u00fcltetik.\u00a0 Fens\u00e9ges, m\u00e9lt\u00f3s\u00e1gteljes fa, de az \u00e1tlagos kertekbe t\u00fal nagy.<\/p>\n<p><b>Talajig\u00e9ny:<\/b>\u00a0A m\u00e9lyr\u00e9teg\u0171 t\u0151zeg- \u00e9s l\u00e1ptalajokat kiv\u00e9ve b\u00e1rmilyen talajon meg\u00e9lnek. M\u00e9g a laza homoktalajokon is k\u00e9pes m\u00e9lyen gy\u00f6keresedni.<\/p>\n<p><b>F\u00e9nyig\u00e9ny:<\/b>\u00a0Vil\u00e1gos, vagy t\u0171z\u0151 napos \u00fcltet\u00e9si helyet v\u00e1lasszunk.<\/p>\n<p><b>V\u00edzig\u00e9nye:<\/b>\u00a0K\u00f6zepes. M\u00e9lyre hatol\u00f3 gy\u00f6kereik miatt a t\u00f6lgyf\u00e1kba a t\u00f6bbi fafajn\u00e1l k\u00f6nnyebben csap a vill\u00e1m, hiszen azok j\u00f3 kapcsolatot alak\u00edtanak ki a talajv\u00edzzel.<\/p>","protected":false},"excerpt":{"rendered":"<p>A legelterjedtebb t\u00f6lgy, rendk\u00edv\u00fcl lass\u00fa n\u00f6veked\u00e9s\u0171&#8230;<\/p>\n<p>Kont\u00e9ner 7,5L<\/p>\n<p>Magass\u00e1ga kb. 180\/200cm<\/p>\n<div id=\"bodyContent\" class=\"mw-body-content\">\n<div id=\"mw-content-text\" class=\"mw-content-ltr\" dir=\"ltr\" lang=\"hu\">\n<div id=\"bodyContent\" class=\"mw-body-content\">\n<div id=\"mw-content-text\" class=\"mw-content-ltr\" dir=\"ltr\" lang=\"hu\">\n<p><b>K\u00e9szlet\u00fcnk napi szinten v\u00e1ltozik, ez\u00e9rt k\u00e9rj\u00fck, \u00e9rdekl\u0151dj\u00f6n szem\u00e9lyesen, telefonon vagy email-en.<\/b><\/p>\n<p>Term\u00e9keinket szem\u00e9lyesen is \u00e1tveheti a h\u00e9t minden napj\u00e1n nyitvatart\u00e1si id\u0151ben!<\/p>\n<p>Kisz\u00e1ll\u00edt\u00e1s: 200 cm \u00e9s 40 kg-ig a sz\u00e1ll\u00edt\u00e1s fut\u00e1rszolg\u00e1lattal t\u00f6rt\u00e9nik.<\/p>\n<\/div>\n<\/div>\n<\/div>\n<\/div>\n<p><b>A v\u00e1ltoztat\u00e1s jog\u00e1t fenntartjuk!\u00a0<\/b><\/p>","protected":false},"featured_media":17003,"template":"","meta":{"_et_pb_use_builder":"","_et_pb_old_content":"","_et_gb_content_width":""},"product_brand":[],"product_cat":[28],"product_tag":[4376,4377,144],"class_list":{"0":"post-17008","1":"product","2":"type-product","3":"status-publish","4":"has-post-thumbnail","6":"product_cat-diszfak","7":"product_tag-fak","8":"product_tag-quercus","9":"product_tag-tolgy","11":"first","12":"instock","13":"shipping-taxable","14":"purchasable","15":"product-type-simple"},"yoast_head":"<!-- This site is optimized with the Yoast SEO plugin v27.4 - https:\/\/yoast.com\/product\/yoast-seo-wordpress\/ -->\n<title>Quercus robur \/kocs\u00e1nyos t\u00f6lgy - T\u00e1jkert\u00e9sz<\/title>\n<meta name=\"description\" content=\"Quercus robur \/kocs\u00e1nyos t\u00f6lgy. A legelterjedtebb t\u00f6lgy. Rendk\u00edv\u00fcl lass\u00fa n\u00f6veked\u00e9s\u0171ek. 20\/30 m magas, koron\u00e1ja magasan boltozatos \u00e9s sz\u00e9les\" \/>\n<meta name=\"robots\" content=\"index, follow, max-snippet:-1, max-image-preview:large, max-video-preview:-1\" \/>\n<link rel=\"canonical\" href=\"https:\/\/tajkertesz.com\/en_US\/product\/quercus-robur-kocsanyos-tolgy-2\/\" \/>\n<meta property=\"og:locale\" content=\"en_US\" \/>\n<meta property=\"og:type\" content=\"article\" \/>\n<meta property=\"og:title\" content=\"https:\/\/www.facebook.com\/tajkertesz\" \/>\n<meta property=\"og:description\" content=\"Quercus robur \/kocs\u00e1nyos t\u00f6lgyV\u00e9gleges magass\u00e1ga 20\/30mKorona sz\u00e9less\u00e9ge 3mNedves ter\u00fcleteket szeretMeszes talajokat kedveliJellemz\u0151k:\u00a0A legelterjedtebb t\u00f6lgy. Rendk\u00edv\u00fcl lass\u00fa n\u00f6veked\u00e9s\u0171ek. 20\/30 m magas, koron\u00e1ja magasan boltozatos \u00e9s sz\u00e9les, f\u00e9lg\u00f6mb, illetve g\u00f6mb alak\u00fa, csaknem a t\u00f6rzsig visszaz\u00e1rt. \u00c1grendszere felt\u00f6rekv\u0151, \u00e1gai messze sz\u00e9tter\u00fclnek. K\u00e9rge jellegzetesen m\u00e9lyen bar\u00e1zd\u00e1ltt\u00e1 v\u00e1lik id\u0151sebb kor\u00e1ra.\" \/>\n<meta property=\"og:url\" content=\"https:\/\/tajkertesz.com\/en_US\/product\/quercus-robur-kocsanyos-tolgy-2\/\" \/>\n<meta property=\"og:site_name\" content=\"T\u00e1jkert\u00e9sz\" \/>\n<meta property=\"article:publisher\" content=\"https:\/\/www.facebook.com\/Tajkertesz\/\" \/>\n<meta property=\"article:modified_time\" content=\"2025-04-03T10:43:15+00:00\" \/>\n<meta property=\"og:image\" content=\"https:\/\/tajkertesz.com\/wp-content\/uploads\/2023\/09\/Quercus_robur_002.jpg\" \/>\n\t<meta property=\"og:image:width\" content=\"1347\" \/>\n\t<meta property=\"og:image:height\" content=\"1796\" \/>\n\t<meta property=\"og:image:type\" content=\"image\/jpeg\" \/>\n<meta name=\"twitter:card\" content=\"summary_large_image\" \/>\n<meta name=\"twitter:label1\" content=\"Est. reading time\" \/>\n\t<meta name=\"twitter:data1\" content=\"1 minute\" \/>\n<script type=\"application\/ld+json\" class=\"yoast-schema-graph\">{\"@context\":\"https:\\\/\\\/schema.org\",\"@graph\":[{\"@type\":\"WebPage\",\"@id\":\"https:\\\/\\\/tajkertesz.com\\\/termek\\\/quercus-robur-kocsanyos-tolgy-2\\\/\",\"url\":\"https:\\\/\\\/tajkertesz.com\\\/termek\\\/quercus-robur-kocsanyos-tolgy-2\\\/\",\"name\":\"Quercus robur \\\/kocs\u00e1nyos t\u00f6lgy - T\u00e1jkert\u00e9sz\",\"isPartOf\":{\"@id\":\"https:\\\/\\\/tajkertesz.com\\\/#website\"},\"primaryImageOfPage\":{\"@id\":\"https:\\\/\\\/tajkertesz.com\\\/termek\\\/quercus-robur-kocsanyos-tolgy-2\\\/#primaryimage\"},\"image\":{\"@id\":\"https:\\\/\\\/tajkertesz.com\\\/termek\\\/quercus-robur-kocsanyos-tolgy-2\\\/#primaryimage\"},\"thumbnailUrl\":\"https:\\\/\\\/tajkertesz.com\\\/wp-content\\\/uploads\\\/2023\\\/09\\\/QURO__01.jpg\",\"datePublished\":\"2023-09-26T12:33:25+00:00\",\"dateModified\":\"2025-04-03T10:43:15+00:00\",\"description\":\"Quercus robur \\\/kocs\u00e1nyos t\u00f6lgy. A legelterjedtebb t\u00f6lgy. Rendk\u00edv\u00fcl lass\u00fa n\u00f6veked\u00e9s\u0171ek. 20\\\/30 m magas, koron\u00e1ja magasan boltozatos \u00e9s sz\u00e9les\",\"breadcrumb\":{\"@id\":\"https:\\\/\\\/tajkertesz.com\\\/termek\\\/quercus-robur-kocsanyos-tolgy-2\\\/#breadcrumb\"},\"inLanguage\":\"en-US\",\"potentialAction\":[{\"@type\":\"ReadAction\",\"target\":[\"https:\\\/\\\/tajkertesz.com\\\/termek\\\/quercus-robur-kocsanyos-tolgy-2\\\/\"]}]},{\"@type\":\"ImageObject\",\"inLanguage\":\"en-US\",\"@id\":\"https:\\\/\\\/tajkertesz.com\\\/termek\\\/quercus-robur-kocsanyos-tolgy-2\\\/#primaryimage\",\"url\":\"https:\\\/\\\/tajkertesz.com\\\/wp-content\\\/uploads\\\/2023\\\/09\\\/QURO__01.jpg\",\"contentUrl\":\"https:\\\/\\\/tajkertesz.com\\\/wp-content\\\/uploads\\\/2023\\\/09\\\/QURO__01.jpg\",\"width\":514,\"height\":709},{\"@type\":\"BreadcrumbList\",\"@id\":\"https:\\\/\\\/tajkertesz.com\\\/termek\\\/quercus-robur-kocsanyos-tolgy-2\\\/#breadcrumb\",\"itemListElement\":[{\"@type\":\"ListItem\",\"position\":1,\"name\":\"Home\",\"item\":\"https:\\\/\\\/tajkertesz.com\\\/\"},{\"@type\":\"ListItem\",\"position\":2,\"name\":\"Kezd\u0151lap\",\"item\":\"https:\\\/\\\/tajkertesz.com\\\/\"},{\"@type\":\"ListItem\",\"position\":3,\"name\":\"Quercus robur \\\/kocs\u00e1nyos t\u00f6lgy\"}]},{\"@type\":\"WebSite\",\"@id\":\"https:\\\/\\\/tajkertesz.com\\\/#website\",\"url\":\"https:\\\/\\\/tajkertesz.com\\\/\",\"name\":\"T\u00e1j-Kert\u00e9sz 84 Kft.\",\"description\":\"Kert\u00e9szeti kis- \u00e9s nagykeresked\u00e9s, D\u00edszn\u00f6v\u00e9ny web\u00e1ruh\u00e1z orsz\u00e1gos h\u00e1zhozsz\u00e1ll\u00edt\u00e1ssal!\",\"publisher\":{\"@id\":\"https:\\\/\\\/tajkertesz.com\\\/#organization\"},\"potentialAction\":[{\"@type\":\"SearchAction\",\"target\":{\"@type\":\"EntryPoint\",\"urlTemplate\":\"https:\\\/\\\/tajkertesz.com\\\/?s={search_term_string}\"},\"query-input\":{\"@type\":\"PropertyValueSpecification\",\"valueRequired\":true,\"valueName\":\"search_term_string\"}}],\"inLanguage\":\"en-US\"},{\"@type\":\"Organization\",\"@id\":\"https:\\\/\\\/tajkertesz.com\\\/#organization\",\"name\":\"T\u00e1j-Kert\u00e9sz 84 Kft.\",\"url\":\"https:\\\/\\\/tajkertesz.com\\\/\",\"logo\":{\"@type\":\"ImageObject\",\"inLanguage\":\"en-US\",\"@id\":\"https:\\\/\\\/tajkertesz.com\\\/#\\\/schema\\\/logo\\\/image\\\/\",\"url\":\"https:\\\/\\\/tajkertesz.com\\\/wp-content\\\/uploads\\\/2018\\\/02\\\/logo-2-e1518678052539.png\",\"contentUrl\":\"https:\\\/\\\/tajkertesz.com\\\/wp-content\\\/uploads\\\/2018\\\/02\\\/logo-2-e1518678052539.png\",\"width\":81,\"height\":140,\"caption\":\"T\u00e1j-Kert\u00e9sz 84 Kft.\"},\"image\":{\"@id\":\"https:\\\/\\\/tajkertesz.com\\\/#\\\/schema\\\/logo\\\/image\\\/\"},\"sameAs\":[\"https:\\\/\\\/www.facebook.com\\\/Tajkertesz\\\/\"]}]}<\/script>\n<!-- \/ Yoast SEO plugin. -->","yoast_head_json":{"title":"Quercus robur \/kocs\u00e1nyos t\u00f6lgy - T\u00e1jkert\u00e9sz","description":"Quercus robur \/kocs\u00e1nyos t\u00f6lgy. A legelterjedtebb t\u00f6lgy. Rendk\u00edv\u00fcl lass\u00fa n\u00f6veked\u00e9s\u0171ek. 20\/30 m magas, koron\u00e1ja magasan boltozatos \u00e9s sz\u00e9les","robots":{"index":"index","follow":"follow","max-snippet":"max-snippet:-1","max-image-preview":"max-image-preview:large","max-video-preview":"max-video-preview:-1"},"canonical":"https:\/\/tajkertesz.com\/en_US\/product\/quercus-robur-kocsanyos-tolgy-2\/","og_locale":"en_US","og_type":"article","og_title":"https:\/\/www.facebook.com\/tajkertesz","og_description":"Quercus robur \/kocs\u00e1nyos t\u00f6lgyV\u00e9gleges magass\u00e1ga 20\/30mKorona sz\u00e9less\u00e9ge 3mNedves ter\u00fcleteket szeretMeszes talajokat kedveliJellemz\u0151k:\u00a0A legelterjedtebb t\u00f6lgy. Rendk\u00edv\u00fcl lass\u00fa n\u00f6veked\u00e9s\u0171ek. 20\/30 m magas, koron\u00e1ja magasan boltozatos \u00e9s sz\u00e9les, f\u00e9lg\u00f6mb, illetve g\u00f6mb alak\u00fa, csaknem a t\u00f6rzsig visszaz\u00e1rt. \u00c1grendszere felt\u00f6rekv\u0151, \u00e1gai messze sz\u00e9tter\u00fclnek. K\u00e9rge jellegzetesen m\u00e9lyen bar\u00e1zd\u00e1ltt\u00e1 v\u00e1lik id\u0151sebb kor\u00e1ra.","og_url":"https:\/\/tajkertesz.com\/en_US\/product\/quercus-robur-kocsanyos-tolgy-2\/","og_site_name":"T\u00e1jkert\u00e9sz","article_publisher":"https:\/\/www.facebook.com\/Tajkertesz\/","article_modified_time":"2025-04-03T10:43:15+00:00","og_image":[{"width":1347,"height":1796,"url":"https:\/\/tajkertesz.com\/wp-content\/uploads\/2023\/09\/Quercus_robur_002.jpg","type":"image\/jpeg"}],"twitter_card":"summary_large_image","twitter_misc":{"Est. reading time":"1 minute"},"schema":{"@context":"https:\/\/schema.org","@graph":[{"@type":"WebPage","@id":"https:\/\/tajkertesz.com\/termek\/quercus-robur-kocsanyos-tolgy-2\/","url":"https:\/\/tajkertesz.com\/termek\/quercus-robur-kocsanyos-tolgy-2\/","name":"Quercus robur \/kocs\u00e1nyos t\u00f6lgy - T\u00e1jkert\u00e9sz","isPartOf":{"@id":"https:\/\/tajkertesz.com\/#website"},"primaryImageOfPage":{"@id":"https:\/\/tajkertesz.com\/termek\/quercus-robur-kocsanyos-tolgy-2\/#primaryimage"},"image":{"@id":"https:\/\/tajkertesz.com\/termek\/quercus-robur-kocsanyos-tolgy-2\/#primaryimage"},"thumbnailUrl":"https:\/\/tajkertesz.com\/wp-content\/uploads\/2023\/09\/QURO__01.jpg","datePublished":"2023-09-26T12:33:25+00:00","dateModified":"2025-04-03T10:43:15+00:00","description":"Quercus robur \/kocs\u00e1nyos t\u00f6lgy. A legelterjedtebb t\u00f6lgy. Rendk\u00edv\u00fcl lass\u00fa n\u00f6veked\u00e9s\u0171ek. 20\/30 m magas, koron\u00e1ja magasan boltozatos \u00e9s sz\u00e9les","breadcrumb":{"@id":"https:\/\/tajkertesz.com\/termek\/quercus-robur-kocsanyos-tolgy-2\/#breadcrumb"},"inLanguage":"en-US","potentialAction":[{"@type":"ReadAction","target":["https:\/\/tajkertesz.com\/termek\/quercus-robur-kocsanyos-tolgy-2\/"]}]},{"@type":"ImageObject","inLanguage":"en-US","@id":"https:\/\/tajkertesz.com\/termek\/quercus-robur-kocsanyos-tolgy-2\/#primaryimage","url":"https:\/\/tajkertesz.com\/wp-content\/uploads\/2023\/09\/QURO__01.jpg","contentUrl":"https:\/\/tajkertesz.com\/wp-content\/uploads\/2023\/09\/QURO__01.jpg","width":514,"height":709},{"@type":"BreadcrumbList","@id":"https:\/\/tajkertesz.com\/termek\/quercus-robur-kocsanyos-tolgy-2\/#breadcrumb","itemListElement":[{"@type":"ListItem","position":1,"name":"Home","item":"https:\/\/tajkertesz.com\/"},{"@type":"ListItem","position":2,"name":"Kezd\u0151lap","item":"https:\/\/tajkertesz.com\/"},{"@type":"ListItem","position":3,"name":"Quercus robur \/kocs\u00e1nyos t\u00f6lgy"}]},{"@type":"WebSite","@id":"https:\/\/tajkertesz.com\/#website","url":"https:\/\/tajkertesz.com\/","name":"T\u00e1j-Kert\u00e9sz 84 Kft.","description":"Kert\u00e9szeti kis- \u00e9s nagykeresked\u00e9s, D\u00edszn\u00f6v\u00e9ny web\u00e1ruh\u00e1z orsz\u00e1gos h\u00e1zhozsz\u00e1ll\u00edt\u00e1ssal!","publisher":{"@id":"https:\/\/tajkertesz.com\/#organization"},"potentialAction":[{"@type":"SearchAction","target":{"@type":"EntryPoint","urlTemplate":"https:\/\/tajkertesz.com\/?s={search_term_string}"},"query-input":{"@type":"PropertyValueSpecification","valueRequired":true,"valueName":"search_term_string"}}],"inLanguage":"en-US"},{"@type":"Organization","@id":"https:\/\/tajkertesz.com\/#organization","name":"T\u00e1j-Kert\u00e9sz 84 Kft.","url":"https:\/\/tajkertesz.com\/","logo":{"@type":"ImageObject","inLanguage":"en-US","@id":"https:\/\/tajkertesz.com\/#\/schema\/logo\/image\/","url":"https:\/\/tajkertesz.com\/wp-content\/uploads\/2018\/02\/logo-2-e1518678052539.png","contentUrl":"https:\/\/tajkertesz.com\/wp-content\/uploads\/2018\/02\/logo-2-e1518678052539.png","width":81,"height":140,"caption":"T\u00e1j-Kert\u00e9sz 84 Kft."},"image":{"@id":"https:\/\/tajkertesz.com\/#\/schema\/logo\/image\/"},"sameAs":["https:\/\/www.facebook.com\/Tajkertesz\/"]}]}},"_links":{"self":[{"href":"https:\/\/tajkertesz.com\/en_US\/wp-json\/wp\/v2\/product\/17008","targetHints":{"allow":["GET"]}}],"collection":[{"href":"https:\/\/tajkertesz.com\/en_US\/wp-json\/wp\/v2\/product"}],"about":[{"href":"https:\/\/tajkertesz.com\/en_US\/wp-json\/wp\/v2\/types\/product"}],"wp:featuredmedia":[{"embeddable":true,"href":"https:\/\/tajkertesz.com\/en_US\/wp-json\/wp\/v2\/media\/17003"}],"wp:attachment":[{"href":"https:\/\/tajkertesz.com\/en_US\/wp-json\/wp\/v2\/media?parent=17008"}],"wp:term":[{"taxonomy":"product_brand","embeddable":true,"href":"https:\/\/tajkertesz.com\/en_US\/wp-json\/wp\/v2\/product_brand?post=17008"},{"taxonomy":"product_cat","embeddable":true,"href":"https:\/\/tajkertesz.com\/en_US\/wp-json\/wp\/v2\/product_cat?post=17008"},{"taxonomy":"product_tag","embeddable":true,"href":"https:\/\/tajkertesz.com\/en_US\/wp-json\/wp\/v2\/product_tag?post=17008"}],"curies":[{"name":"wp","href":"https:\/\/api.w.org\/{rel}","templated":true}]}}