{"id":17013,"date":"2024-10-24T11:53:19","date_gmt":"2024-10-24T11:53:19","guid":{"rendered":"https:\/\/tajkertesz.com\/?post_type=product&#038;p=17013"},"modified":"2024-10-24T11:51:57","modified_gmt":"2024-10-24T11:51:57","slug":"catalpa-erubescens-purporea-piros-levelu-szivarfa","status":"publish","type":"product","link":"https:\/\/tajkertesz.com\/en_US\/product\/catalpa-erubescens-purporea-piros-levelu-szivarfa\/","title":{"rendered":"Catalpa erubescens &#8216;Purpurea&#8217; &#8211; Bord\u00f3 level\u0171 szivarfa"},"content":{"rendered":"<h2>Catalpa erubescens &#8216;Purpurea&#8217; &#8211; Bord\u00f3 level\u0171 szivarfa<\/h2>\n<p>A\u00a0<strong>Catalpa erubescens \u2018Purpurea\u2019 &#8211; <\/strong>bord\u00f3 level\u0171 szivarfa, egy k\u00fcl\u00f6nleges d\u00edszfa, amelyet gyakran \u00fcltetnek kertekbe \u00e9s parkokba dekorat\u00edv megjelen\u00e9se miatt. Ez a fa k\u00fcl\u00f6n\u00f6sen figyelemre m\u00e9lt\u00f3 a levelei sz\u00ednv\u00e1ltoz\u00e1sa \u00e9s l\u00e1tv\u00e1nyos vir\u00e1gai miatt.<\/p>\n<h2>Catalpa erubescens &#8216;Purpurea&#8217; jellemz\u0151i<\/h2>\n<p>A bord\u00f3 level\u0171 szivarfa 6-8 m\u00e9ter magasra n\u0151, \u00e9s laza, g\u00f6mb\u00f6lyded koron\u00e1t nevel. A levelei nagyok, sz\u00edv alak\u00faak, \u00e9s az \u00faj hajt\u00e1sok pirosas-lil\u00e1s sz\u00edn\u0171ek, amelyek k\u00e9s\u0151bb z\u00f6ldre v\u00e1ltanak. Ha azt szeretn\u00e9nk, hogy a lombkorona eg\u00e9sz \u00e9vben pirosas sz\u00edn\u0171 maradjon, minden tavasszal vissza kell metszeni a lombkoron\u00e1t.<\/p>\n<p>A fa vir\u00e1gai nagy, feh\u00e9r bug\u00e1kban ny\u00edlnak j\u00fanius-j\u00faliusban, \u00e9s kellemes illatot \u00e1rasztanak. A vir\u00e1gz\u00e1s ut\u00e1n hossz\u00fa, szivar alak\u00fa term\u00e9seket hoz, amelyek tov\u00e1bb n\u00f6velik a fa d\u00edsz\u00edt\u0151\u00e9rt\u00e9k\u00e9t.<\/p>\n<h3>Bord\u00f3 level\u0171 szivarfa gondoz\u00e1sa<\/h3>\n<p>A Catalpa erubescens \u2018Purpurea\u2019 napos, meleg helyen \u00e9rzi j\u00f3l mag\u00e1t. A j\u00f3 min\u0151s\u00e9g\u0171, nedvesebb talajokat kedveli, de elviseli a sz\u00e1razs\u00e1got is, b\u00e1r ilyenkor gyeng\u00e9bben fejl\u0151dik. Fontos, hogy sz\u00e9lv\u00e9dett helyre \u00fcltess\u00fck, mivel a sz\u00e9l k\u00e1ros\u00edthatja a leveleket \u00e9s a vir\u00e1gokat.<\/p>\n<p>Az \u00fcltet\u00e9s sor\u00e1n \u00e9rdemes egy megfelel\u0151 m\u00e9ret\u0171 g\u00f6dr\u00f6t \u00e1sni, amely kb. 50 cm sz\u00e9les \u00e9s 80-100 cm m\u00e9ly. A g\u00f6d\u00f6r alj\u00e1ra \u00e9rdemes egy r\u00e9teg tr\u00e1gy\u00e1t helyezni, majd term\u0151f\u00f6lddel befedni, miel\u0151tt a f\u00e1t elhelyezz\u00fck benne. \u00dcltet\u00e9s ut\u00e1n alaposan \u00f6nt\u00f6zz\u00fck meg a n\u00f6v\u00e9nyt, hogy biztos\u00edtsuk a gy\u00f6kerek megfelel\u0151 nedvess\u00e9g\u00e9t.<\/p>\n<h4>Felhaszn\u00e1l\u00e1sa<\/h4>\n<p>A bord\u00f3 level\u0171 szivarfa sokoldal\u00faan felhaszn\u00e1lhat\u00f3. Alacsony n\u00f6veked\u00e9se miatt ide\u00e1lis v\u00e1laszt\u00e1s lehet kisebb kertekbe, el\u0151kertekbe \u00e9s utcai sorfak\u00e9nt. Szab\u00e1lyos g\u00f6mb alak\u00fa koron\u00e1ja miatt szoborszer\u0171 megjelen\u00e9st k\u00f6lcs\u00f6n\u00f6z a kertnek, \u00e9s k\u00fcl\u00f6n\u00f6sebb metsz\u00e9st nem ig\u00e9nyel.<\/p>\n<h5>El\u0151ny\u00f6k \u00e9s H\u00e1tr\u00e1nyok<\/h5>\n<p>A Catalpa erubescens \u2018Purpurea\u2019 egyik legnagyobb el\u0151nye, hogy ellen\u00e1ll\u00f3 \u00e9s kev\u00e9s gondoz\u00e1st ig\u00e9nyel. Kompakt m\u00e9rete miatt k\u00f6nnyen beilleszthet\u0151 kisebb kertekbe is, \u00e9s nem ig\u00e9nyel rendszeres metsz\u00e9st a g\u00f6mb alak\u00fa korona fenntart\u00e1s\u00e1hoz. Ugyanakkor fontos megjegyezni, hogy a fa levelei id\u0151vel z\u00f6ldre v\u00e1ltanak, ami egyesek sz\u00e1m\u00e1ra h\u00e1tr\u00e1ny lehet.<\/p>\n<p>\u00d6sszegz\u00e9s<br \/>\nA bord\u00f3 level\u0171 szivarfa egy kiv\u00e1l\u00f3 v\u00e1laszt\u00e1s azok sz\u00e1m\u00e1ra, akik egy alacsony n\u00f6v\u00e9s\u0171, dekorat\u00edv d\u00edszf\u00e1t keresnek, amely kev\u00e9s gondoz\u00e1st ig\u00e9nyel. Szab\u00e1lyos g\u00f6mb alak\u00fa koron\u00e1ja \u00e9s sz\u00ednv\u00e1lt\u00f3 levelei k\u00fcl\u00f6nleges megjelen\u00e9st k\u00f6lcs\u00f6n\u00f6znek a kertnek, mik\u00f6zben ellen\u00e1ll\u00f3 \u00e9s sz\u00e1razs\u00e1gt\u0171r\u0151 tulajdons\u00e1gai miatt praktikus v\u00e1laszt\u00e1s is.<\/p>\n<p>Jelen term\u00e9k\u00fcnk 7,5 literes kont\u00e9nerben kaphat\u00f3 \u00e9s 180-220 cm magass\u00e1g\u00fa.<\/p>\n<p>&nbsp;<\/p>\n<p><strong>K\u00e9szlet\u00fcnk napi szinten v\u00e1ltozik, ez\u00e9rt k\u00e9rj\u00fck, \u00e9rdekl\u0151dj\u00f6n szem\u00e9lyesen, telefonon vagy email-en.<br \/>\nA v\u00e1ltoztat\u00e1s jog\u00e1t fenntartjuk!\u00a0<\/strong><\/p>\n<p><a href=\"https:\/\/tajkertesz.com\/\">https:\/\/tajkertesz.com\/<\/a><\/p>\n<p><a href=\"https:\/\/www.facebook.com\/tajkertesz\/\">https:\/\/www.facebook.com\/tajkertesz\/<\/a><\/p>\n<p>Kisz\u00e1ll\u00edt\u00e1s: 200cm-ig \u00a0\u00e9s 40 kg-ig a sz\u00e1ll\u00edt\u00e1s fut\u00e1rszolg\u00e1lattal \u00a0t\u00f6rt\u00e9nik.<\/p>\n<p>Szem\u00e9lyes \u00e1tv\u00e9tel nyitvatart\u00e1si id\u0151ben a 17. ker\u00fclet Bakancsos utca 7. sz\u00e1m alatti Kert\u00e9szeti \u00e1rud\u00e1nkban.<\/p>","protected":false},"excerpt":{"rendered":"<h2>Catalpa erubescens &#8216;Purporea&#8217;\/Piros level\u0171 szivarfa<\/h2>\n<p>6-8 m\u00e9ter magasra megn\u00f6v\u0151 d\u00edszfa. Levelei kihajt\u00e1skor pirosas lil\u00e1sak, melyek k\u00e9s\u00f6bb bez\u00f6ld\u00fclnek&#8230;<\/p>\n<div id=\"bodyContent\" class=\"mw-body-content\">\n<div id=\"mw-content-text\" class=\"mw-content-ltr\" dir=\"ltr\" lang=\"hu\">\n<div id=\"bodyContent\" class=\"mw-body-content\">\n<div id=\"mw-content-text\" class=\"mw-content-ltr\" dir=\"ltr\" lang=\"hu\">\n<p><b>K\u00e9szlet\u00fcnk napi szinten v\u00e1ltozik, ez\u00e9rt k\u00e9rj\u00fck, \u00e9rdekl\u0151dj\u00f6n szem\u00e9lyesen, telefonon vagy email-en.<\/b><\/p>\n<p>Term\u00e9keinket szem\u00e9lyesen is \u00e1tveheti a h\u00e9t minden napj\u00e1n nyitvatart\u00e1si id\u0151ben!<\/p>\n<p>Kisz\u00e1ll\u00edt\u00e1s: 200 cm \u00e9s 40 kg-ig a sz\u00e1ll\u00edt\u00e1s fut\u00e1rszolg\u00e1lattal t\u00f6rt\u00e9nik.<\/p>\n<\/div>\n<\/div>\n<\/div>\n<\/div>\n<p><b>A v\u00e1ltoztat\u00e1s jog\u00e1t fenntartjuk!\u00a0<\/b><\/p>","protected":false},"featured_media":17018,"template":"","meta":{"_et_pb_use_builder":"","_et_pb_old_content":"","_et_gb_content_width":""},"product_brand":[],"product_cat":[28],"product_tag":[5370,69,5369,33,3910],"class_list":{"0":"post-17013","1":"product","2":"type-product","3":"status-publish","4":"has-post-thumbnail","6":"product_cat-diszfak","7":"product_tag-bordo-levelu-szivarfa","8":"product_tag-catalpa","9":"product_tag-catalpa-erubescens-purpurea","10":"product_tag-diszfa","11":"product_tag-szivarfa","13":"first","14":"instock","15":"shipping-taxable","16":"purchasable","17":"product-type-simple"},"yoast_head":"<!-- This site is optimized with the Yoast SEO plugin v27.5 - https:\/\/yoast.com\/product\/yoast-seo-wordpress\/ -->\n<title>Catalpa erubescens &#039;Purpurea&#039; - Bord\u00f3 level\u0171 szivarfa - T\u00e1jkert\u00e9sz<\/title>\n<meta name=\"description\" content=\"Catalpa erubescens &#039;Purpurea&#039; - Bord\u00f3 level\u0171 szivarfa 6-8 m\u00e9ter magasra megn\u00f6v\u0151 d\u00edszfa. Levelei kihajt\u00e1skor pirosas lil\u00e1sak, melyek k\u00e9s\u00f6bb bez\u00f6ld\u00fclnek...\" \/>\n<meta name=\"robots\" content=\"index, follow, max-snippet:-1, max-image-preview:large, max-video-preview:-1\" \/>\n<link rel=\"canonical\" href=\"https:\/\/tajkertesz.com\/en_US\/product\/catalpa-erubescens-purporea-piros-levelu-szivarfa\/\" \/>\n<meta property=\"og:locale\" content=\"en_US\" \/>\n<meta property=\"og:type\" content=\"article\" \/>\n<meta property=\"og:title\" content=\"https:\/\/www.facebook.com\/tajkertesz\" \/>\n<meta property=\"og:description\" content=\"6-8 m\u00e9ter magasra megn\u00f6v\u0151 d\u00edszfa. Levelei kihajt\u00e1skor pirosas lil\u00e1sak, melyek k\u00e9s\u00f6bb bez\u00f6ld\u00fclnek...Ha tiszta piros lomb\u00fa f\u00e1t szeretn\u00e9nk, minden tavasszal v\u00e1gjuk vissza a lombkoron\u00e1t. Vir\u00e1gai feh\u00e9rek \u00e9s nagy fel\u00e1ll\u00f3 bug\u00e1kban j\u00fanius-j\u00faliusban ny\u00edlnak. Term\u00e9se a szivarhoz hasonl\u00f3 20-30cm hossz\u00fa.\" \/>\n<meta property=\"og:url\" content=\"https:\/\/tajkertesz.com\/en_US\/product\/catalpa-erubescens-purporea-piros-levelu-szivarfa\/\" \/>\n<meta property=\"og:site_name\" content=\"T\u00e1jkert\u00e9sz\" \/>\n<meta property=\"article:publisher\" content=\"https:\/\/www.facebook.com\/Tajkertesz\/\" \/>\n<meta property=\"og:image\" content=\"https:\/\/tajkertesz.com\/wp-content\/uploads\/2023\/09\/catalpa-erubescens-purpurea-purple-indian-bean-tree-e95.jpg\" \/>\n\t<meta property=\"og:image:width\" content=\"1280\" \/>\n\t<meta property=\"og:image:height\" content=\"1280\" \/>\n\t<meta property=\"og:image:type\" content=\"image\/jpeg\" \/>\n<meta name=\"twitter:card\" content=\"summary_large_image\" \/>\n<meta name=\"twitter:label1\" content=\"Est. reading time\" \/>\n\t<meta name=\"twitter:data1\" content=\"3 minutes\" \/>\n<script type=\"application\/ld+json\" class=\"yoast-schema-graph\">{\"@context\":\"https:\\\/\\\/schema.org\",\"@graph\":[{\"@type\":\"WebPage\",\"@id\":\"https:\\\/\\\/tajkertesz.com\\\/termek\\\/catalpa-erubescens-purporea-piros-levelu-szivarfa\\\/\",\"url\":\"https:\\\/\\\/tajkertesz.com\\\/termek\\\/catalpa-erubescens-purporea-piros-levelu-szivarfa\\\/\",\"name\":\"Catalpa erubescens 'Purpurea' - Bord\u00f3 level\u0171 szivarfa - T\u00e1jkert\u00e9sz\",\"isPartOf\":{\"@id\":\"https:\\\/\\\/tajkertesz.com\\\/#website\"},\"primaryImageOfPage\":{\"@id\":\"https:\\\/\\\/tajkertesz.com\\\/termek\\\/catalpa-erubescens-purporea-piros-levelu-szivarfa\\\/#primaryimage\"},\"image\":{\"@id\":\"https:\\\/\\\/tajkertesz.com\\\/termek\\\/catalpa-erubescens-purporea-piros-levelu-szivarfa\\\/#primaryimage\"},\"thumbnailUrl\":\"https:\\\/\\\/tajkertesz.com\\\/wp-content\\\/uploads\\\/2023\\\/09\\\/catalpa-erubescens-purpurea-purple-indian-bean-tree-e95.jpg\",\"datePublished\":\"2024-10-24T11:53:19+00:00\",\"description\":\"Catalpa erubescens 'Purpurea' - Bord\u00f3 level\u0171 szivarfa 6-8 m\u00e9ter magasra megn\u00f6v\u0151 d\u00edszfa. Levelei kihajt\u00e1skor pirosas lil\u00e1sak, melyek k\u00e9s\u00f6bb bez\u00f6ld\u00fclnek...\",\"breadcrumb\":{\"@id\":\"https:\\\/\\\/tajkertesz.com\\\/termek\\\/catalpa-erubescens-purporea-piros-levelu-szivarfa\\\/#breadcrumb\"},\"inLanguage\":\"en-US\",\"potentialAction\":[{\"@type\":\"ReadAction\",\"target\":[\"https:\\\/\\\/tajkertesz.com\\\/termek\\\/catalpa-erubescens-purporea-piros-levelu-szivarfa\\\/\"]}]},{\"@type\":\"ImageObject\",\"inLanguage\":\"en-US\",\"@id\":\"https:\\\/\\\/tajkertesz.com\\\/termek\\\/catalpa-erubescens-purporea-piros-levelu-szivarfa\\\/#primaryimage\",\"url\":\"https:\\\/\\\/tajkertesz.com\\\/wp-content\\\/uploads\\\/2023\\\/09\\\/catalpa-erubescens-purpurea-purple-indian-bean-tree-e95.jpg\",\"contentUrl\":\"https:\\\/\\\/tajkertesz.com\\\/wp-content\\\/uploads\\\/2023\\\/09\\\/catalpa-erubescens-purpurea-purple-indian-bean-tree-e95.jpg\",\"width\":1280,\"height\":1280,\"caption\":\"Catalpa erubescens 'Purpurea' - Bord\u00f3 level\u0171 szivarfa\"},{\"@type\":\"BreadcrumbList\",\"@id\":\"https:\\\/\\\/tajkertesz.com\\\/termek\\\/catalpa-erubescens-purporea-piros-levelu-szivarfa\\\/#breadcrumb\",\"itemListElement\":[{\"@type\":\"ListItem\",\"position\":1,\"name\":\"Home\",\"item\":\"https:\\\/\\\/tajkertesz.com\\\/\"},{\"@type\":\"ListItem\",\"position\":2,\"name\":\"Kezd\u0151lap\",\"item\":\"https:\\\/\\\/tajkertesz.com\\\/\"},{\"@type\":\"ListItem\",\"position\":3,\"name\":\"Catalpa erubescens &#8216;Purpurea&#8217; &#8211; Bord\u00f3 level\u0171 szivarfa\"}]},{\"@type\":\"WebSite\",\"@id\":\"https:\\\/\\\/tajkertesz.com\\\/#website\",\"url\":\"https:\\\/\\\/tajkertesz.com\\\/\",\"name\":\"T\u00e1j-Kert\u00e9sz 84 Kft.\",\"description\":\"Kert\u00e9szeti kis- \u00e9s nagykeresked\u00e9s, D\u00edszn\u00f6v\u00e9ny web\u00e1ruh\u00e1z orsz\u00e1gos h\u00e1zhozsz\u00e1ll\u00edt\u00e1ssal!\",\"publisher\":{\"@id\":\"https:\\\/\\\/tajkertesz.com\\\/#organization\"},\"potentialAction\":[{\"@type\":\"SearchAction\",\"target\":{\"@type\":\"EntryPoint\",\"urlTemplate\":\"https:\\\/\\\/tajkertesz.com\\\/?s={search_term_string}\"},\"query-input\":{\"@type\":\"PropertyValueSpecification\",\"valueRequired\":true,\"valueName\":\"search_term_string\"}}],\"inLanguage\":\"en-US\"},{\"@type\":\"Organization\",\"@id\":\"https:\\\/\\\/tajkertesz.com\\\/#organization\",\"name\":\"T\u00e1j-Kert\u00e9sz 84 Kft.\",\"url\":\"https:\\\/\\\/tajkertesz.com\\\/\",\"logo\":{\"@type\":\"ImageObject\",\"inLanguage\":\"en-US\",\"@id\":\"https:\\\/\\\/tajkertesz.com\\\/#\\\/schema\\\/logo\\\/image\\\/\",\"url\":\"https:\\\/\\\/tajkertesz.com\\\/wp-content\\\/uploads\\\/2018\\\/02\\\/logo-2-e1518678052539.png\",\"contentUrl\":\"https:\\\/\\\/tajkertesz.com\\\/wp-content\\\/uploads\\\/2018\\\/02\\\/logo-2-e1518678052539.png\",\"width\":81,\"height\":140,\"caption\":\"T\u00e1j-Kert\u00e9sz 84 Kft.\"},\"image\":{\"@id\":\"https:\\\/\\\/tajkertesz.com\\\/#\\\/schema\\\/logo\\\/image\\\/\"},\"sameAs\":[\"https:\\\/\\\/www.facebook.com\\\/Tajkertesz\\\/\"]}]}<\/script>\n<!-- \/ Yoast SEO plugin. -->","yoast_head_json":{"title":"Catalpa erubescens 'Purpurea' - Bord\u00f3 level\u0171 szivarfa - T\u00e1jkert\u00e9sz","description":"Catalpa erubescens 'Purpurea' - Bord\u00f3 level\u0171 szivarfa 6-8 m\u00e9ter magasra megn\u00f6v\u0151 d\u00edszfa. Levelei kihajt\u00e1skor pirosas lil\u00e1sak, melyek k\u00e9s\u00f6bb bez\u00f6ld\u00fclnek...","robots":{"index":"index","follow":"follow","max-snippet":"max-snippet:-1","max-image-preview":"max-image-preview:large","max-video-preview":"max-video-preview:-1"},"canonical":"https:\/\/tajkertesz.com\/en_US\/product\/catalpa-erubescens-purporea-piros-levelu-szivarfa\/","og_locale":"en_US","og_type":"article","og_title":"https:\/\/www.facebook.com\/tajkertesz","og_description":"6-8 m\u00e9ter magasra megn\u00f6v\u0151 d\u00edszfa. Levelei kihajt\u00e1skor pirosas lil\u00e1sak, melyek k\u00e9s\u00f6bb bez\u00f6ld\u00fclnek...Ha tiszta piros lomb\u00fa f\u00e1t szeretn\u00e9nk, minden tavasszal v\u00e1gjuk vissza a lombkoron\u00e1t. Vir\u00e1gai feh\u00e9rek \u00e9s nagy fel\u00e1ll\u00f3 bug\u00e1kban j\u00fanius-j\u00faliusban ny\u00edlnak. Term\u00e9se a szivarhoz hasonl\u00f3 20-30cm hossz\u00fa.","og_url":"https:\/\/tajkertesz.com\/en_US\/product\/catalpa-erubescens-purporea-piros-levelu-szivarfa\/","og_site_name":"T\u00e1jkert\u00e9sz","article_publisher":"https:\/\/www.facebook.com\/Tajkertesz\/","og_image":[{"width":1280,"height":1280,"url":"https:\/\/tajkertesz.com\/wp-content\/uploads\/2023\/09\/catalpa-erubescens-purpurea-purple-indian-bean-tree-e95.jpg","type":"image\/jpeg"}],"twitter_card":"summary_large_image","twitter_misc":{"Est. reading time":"3 minutes"},"schema":{"@context":"https:\/\/schema.org","@graph":[{"@type":"WebPage","@id":"https:\/\/tajkertesz.com\/termek\/catalpa-erubescens-purporea-piros-levelu-szivarfa\/","url":"https:\/\/tajkertesz.com\/termek\/catalpa-erubescens-purporea-piros-levelu-szivarfa\/","name":"Catalpa erubescens 'Purpurea' - Bord\u00f3 level\u0171 szivarfa - T\u00e1jkert\u00e9sz","isPartOf":{"@id":"https:\/\/tajkertesz.com\/#website"},"primaryImageOfPage":{"@id":"https:\/\/tajkertesz.com\/termek\/catalpa-erubescens-purporea-piros-levelu-szivarfa\/#primaryimage"},"image":{"@id":"https:\/\/tajkertesz.com\/termek\/catalpa-erubescens-purporea-piros-levelu-szivarfa\/#primaryimage"},"thumbnailUrl":"https:\/\/tajkertesz.com\/wp-content\/uploads\/2023\/09\/catalpa-erubescens-purpurea-purple-indian-bean-tree-e95.jpg","datePublished":"2024-10-24T11:53:19+00:00","description":"Catalpa erubescens 'Purpurea' - Bord\u00f3 level\u0171 szivarfa 6-8 m\u00e9ter magasra megn\u00f6v\u0151 d\u00edszfa. Levelei kihajt\u00e1skor pirosas lil\u00e1sak, melyek k\u00e9s\u00f6bb bez\u00f6ld\u00fclnek...","breadcrumb":{"@id":"https:\/\/tajkertesz.com\/termek\/catalpa-erubescens-purporea-piros-levelu-szivarfa\/#breadcrumb"},"inLanguage":"en-US","potentialAction":[{"@type":"ReadAction","target":["https:\/\/tajkertesz.com\/termek\/catalpa-erubescens-purporea-piros-levelu-szivarfa\/"]}]},{"@type":"ImageObject","inLanguage":"en-US","@id":"https:\/\/tajkertesz.com\/termek\/catalpa-erubescens-purporea-piros-levelu-szivarfa\/#primaryimage","url":"https:\/\/tajkertesz.com\/wp-content\/uploads\/2023\/09\/catalpa-erubescens-purpurea-purple-indian-bean-tree-e95.jpg","contentUrl":"https:\/\/tajkertesz.com\/wp-content\/uploads\/2023\/09\/catalpa-erubescens-purpurea-purple-indian-bean-tree-e95.jpg","width":1280,"height":1280,"caption":"Catalpa erubescens 'Purpurea' - Bord\u00f3 level\u0171 szivarfa"},{"@type":"BreadcrumbList","@id":"https:\/\/tajkertesz.com\/termek\/catalpa-erubescens-purporea-piros-levelu-szivarfa\/#breadcrumb","itemListElement":[{"@type":"ListItem","position":1,"name":"Home","item":"https:\/\/tajkertesz.com\/"},{"@type":"ListItem","position":2,"name":"Kezd\u0151lap","item":"https:\/\/tajkertesz.com\/"},{"@type":"ListItem","position":3,"name":"Catalpa erubescens &#8216;Purpurea&#8217; &#8211; Bord\u00f3 level\u0171 szivarfa"}]},{"@type":"WebSite","@id":"https:\/\/tajkertesz.com\/#website","url":"https:\/\/tajkertesz.com\/","name":"T\u00e1j-Kert\u00e9sz 84 Kft.","description":"Kert\u00e9szeti kis- \u00e9s nagykeresked\u00e9s, D\u00edszn\u00f6v\u00e9ny web\u00e1ruh\u00e1z orsz\u00e1gos h\u00e1zhozsz\u00e1ll\u00edt\u00e1ssal!","publisher":{"@id":"https:\/\/tajkertesz.com\/#organization"},"potentialAction":[{"@type":"SearchAction","target":{"@type":"EntryPoint","urlTemplate":"https:\/\/tajkertesz.com\/?s={search_term_string}"},"query-input":{"@type":"PropertyValueSpecification","valueRequired":true,"valueName":"search_term_string"}}],"inLanguage":"en-US"},{"@type":"Organization","@id":"https:\/\/tajkertesz.com\/#organization","name":"T\u00e1j-Kert\u00e9sz 84 Kft.","url":"https:\/\/tajkertesz.com\/","logo":{"@type":"ImageObject","inLanguage":"en-US","@id":"https:\/\/tajkertesz.com\/#\/schema\/logo\/image\/","url":"https:\/\/tajkertesz.com\/wp-content\/uploads\/2018\/02\/logo-2-e1518678052539.png","contentUrl":"https:\/\/tajkertesz.com\/wp-content\/uploads\/2018\/02\/logo-2-e1518678052539.png","width":81,"height":140,"caption":"T\u00e1j-Kert\u00e9sz 84 Kft."},"image":{"@id":"https:\/\/tajkertesz.com\/#\/schema\/logo\/image\/"},"sameAs":["https:\/\/www.facebook.com\/Tajkertesz\/"]}]}},"_links":{"self":[{"href":"https:\/\/tajkertesz.com\/en_US\/wp-json\/wp\/v2\/product\/17013","targetHints":{"allow":["GET"]}}],"collection":[{"href":"https:\/\/tajkertesz.com\/en_US\/wp-json\/wp\/v2\/product"}],"about":[{"href":"https:\/\/tajkertesz.com\/en_US\/wp-json\/wp\/v2\/types\/product"}],"wp:featuredmedia":[{"embeddable":true,"href":"https:\/\/tajkertesz.com\/en_US\/wp-json\/wp\/v2\/media\/17018"}],"wp:attachment":[{"href":"https:\/\/tajkertesz.com\/en_US\/wp-json\/wp\/v2\/media?parent=17013"}],"wp:term":[{"taxonomy":"product_brand","embeddable":true,"href":"https:\/\/tajkertesz.com\/en_US\/wp-json\/wp\/v2\/product_brand?post=17013"},{"taxonomy":"product_cat","embeddable":true,"href":"https:\/\/tajkertesz.com\/en_US\/wp-json\/wp\/v2\/product_cat?post=17013"},{"taxonomy":"product_tag","embeddable":true,"href":"https:\/\/tajkertesz.com\/en_US\/wp-json\/wp\/v2\/product_tag?post=17013"}],"curies":[{"name":"wp","href":"https:\/\/api.w.org\/{rel}","templated":true}]}}