{"id":17040,"date":"2023-09-27T06:39:16","date_gmt":"2023-09-27T06:39:16","guid":{"rendered":"https:\/\/tajkertesz.com\/?post_type=product&#038;p=17040"},"modified":"2026-02-25T13:18:43","modified_gmt":"2026-02-25T13:18:43","slug":"icl-landscaper-springsummer-tavaszi-nyari-gyepfenntarto-mutragya20-0-076cao3mgo-2-3-honap15kg","status":"publish","type":"product","link":"https:\/\/tajkertesz.com\/en_US\/product\/icl-landscaper-springsummer-tavaszi-nyari-gyepfenntarto-mutragya20-0-076cao3mgo-2-3-honap15kg\/","title":{"rendered":"ICL.Landscaper Spring&#038;Summer tavaszi\/ny\u00e1ri gyepfenntart\u00f3 m\u0171tr\u00e1gya20-0-07+6CaO+3MgO 2-3 h\u00f3nap 15 kg"},"content":{"rendered":"<h2>ICL.Landscaper Spring&amp;Summer tavaszi\/ny\u00e1ri gyepfenntart\u00f3 m\u0171tr\u00e1gya20-0-07+6CaO+3MgO 2-3 h\u00f3nap 15 kg<\/h2>\n<h2>Landscaper Pro tavaszi-ny\u00e1ri gyepfenntart\u00f3 m\u0171tr\u00e1gya<\/h2>\n<p>Hat\u00e9kony m\u0171tr\u00e1gya szab\u00e1lyozott felt\u00e1r\u00f3d\u00e1st biztos\u00edt\u00f3technol\u00f3gi\u00e1val.<br \/>\nMagas nitrog\u00e9n \u00e9s magn\u00e9zium tartalma el\u0151seg\u00edti a gyors n\u00f6veked\u00e9st.<\/p>\n<h3>El\u0151nye:<\/h3>\n<p>A Landscaper Pro Spring &amp; Summer formula h\u0171v\u00f6s id\u0151ben is rendk\u00edv\u00fcl gyors hat\u00e1st eredm\u00e9nyez, ak\u00e1r k\u00e9t nap alatt is l\u00e1tv\u00e1nyos a v\u00e1ltoz\u00e1s, m\u00edg hat\u00e1sa ak\u00e1r 2-3 h\u00f3napig is tart.<\/p>\n<h2>Burkolat:<\/h2>\n<p>A Poly-S technol\u00f3gi\u00e1val burkolt m\u0171tr\u00e1gyaszemcs\u00e9kben a nitrog\u00e9nt k\u00e9ntartalm\u00fa \u00e9s biol\u00f3giailag leboml\u00f3 polimer membr\u00e1nr\u00e9teg veszi k\u00f6r\u00fcl.<br \/>\nAmint a talajnedvess\u00e9g be\u00e1ramlik a k\u00fcls\u0151 membr\u00e1nr\u00e9tegbe, a nitrog\u00e9n felt\u00e1r\u00f3d\u00e1sa megkezd\u0151dik. A burkolat vastags\u00e1g\u00e1t\u00f3l f\u00fcgg\u0151en a nitrog\u00e9n kiold\u00f3d\u00e1sa t\u00f6bb h\u00f3napig is tarthat.<br \/>\nA nitrog\u00e9n-felszabadul\u00e1s akkor is egyenletes marad, ha a talajh\u0151m\u00e9rs\u00e9klet vagy a talaj nedvess\u00e9gtartalma v\u00e1ltozik.<br \/>\nA Poly-S technol\u00f3gi\u00e1val burkolt m\u0171tr\u00e1gy\u00e1k t\u00e1panyag-felt\u00e1r\u00f3d\u00e1sa minim\u00e1lis t\u00e1panyagvesztes\u00e9g mellett, pontosan k\u00f6veti a gyep t\u00e1panyagig\u00e9ny\u00e9t.<br \/>\nHat\u00e9kony nitrog\u00e9nell\u00e1t\u00e1st biztos\u00edt, mert a t\u00e1panyag-kimos\u00f3d\u00e1s m\u00e9rt\u00e9ke jelent\u0151sen cs\u00f6kken.<br \/>\nNincsenek n\u00f6veked\u00e9si cs\u00facsok, \u00edgy a ny\u00edr\u00e1s gyakoris\u00e1ga is cs\u00f6kkenthet\u0151. Ez kevesebb nyesed\u00e9kkel is j\u00e1r, \u00edgy a gyep sz\u00e1m\u00e1ra k\u00e1ros filcesed\u00e9s is megel\u0151zhet\u0151.<\/p>\n<h2>Mikor haszn\u00e1ljuk?<\/h2>\n<p>Ide\u00e1lis tavaszi \u00e9s ny\u00e1rihaszn\u00e1latra. Azonnali hat\u00e1s. A t\u00e1panyagok 2 h\u00f3napon \u00e1t fokozatosan t\u00e1r\u00f3dnak fel<\/p>\n<h3>Javasolt alkalmaz\u00e1si id\u0151szak:<\/h3>\n<p>m\u00e1rcius-augusztus<br \/>\nHat\u00e1startam: 2-3 h\u00f3nap<\/p>\n<h2>Szemcsem\u00e9ret:<\/h2>\n<p>0,8-2 mm<\/p>\n<h2>Adagol\u00e1s:<\/h2>\n<p>25-35g\/m2<\/p>\n<h2>\u00d6sszet\u00e9tel:<\/h2>\n<p>20 % N (20 % N -urea)<br \/>\n7 % K ( K2O )<br \/>\n2 % MgO<br \/>\n5 % CaO<br \/>\n4,8 % S<\/p>\n<p>&nbsp;<\/p>\n<p>El\u00e9rhet\u0151 t\u00f6bbf\u00e9le m\u00e9retben \u00e9s \u00e1rban.<\/p>\n<h4><strong>\ud83d\udd04 K\u00e9szletinform\u00e1ci\u00f3<\/strong><\/h4>\n<p><strong>K\u00e9szlet\u00fcnk napi szinten v\u00e1ltozik, \u00edgy a webshopban szerepl<\/strong><strong>\u0151<\/strong><strong>\u00a0term\u00e9kek el\u00e9rhet<\/strong><strong>\u0151<\/strong><strong>s\u00e9ge nem garant\u00e1lt.<br \/>\n\ud83d\udcde A megrendel\u00e9s el<\/strong><strong>\u0151<\/strong><strong>tt k\u00e9rj\u00fck, \u00e9rdekl<\/strong><strong>\u0151<\/strong><strong>dj\u00f6n szem\u00e9lyesen, telefonon vagy e-mailben!<\/strong><\/p>\n<h4><strong>\u27a1\ufe0f Kapcsolat:<\/strong><\/h4>\n<ul>\n<li><strong>Weboldal:\u00a0<\/strong><a href=\"https:\/\/tajkertesz.com\/\"><strong>tajkertesz.com<\/strong><\/a><\/li>\n<li><strong>Facebook:\u00a0<\/strong><a href=\"https:\/\/www.facebook.com\/tajkertesz\/\"><strong>facebook.com\/tajkertesz<\/strong><\/a><\/li>\n<li><strong>Telefonsz\u00e1m, e-mail: +36\/20-319-3770\u00a0<\/strong><a href=\"mailto:tajkerteszaruda@gmail.com\"><strong>tajkerteszaruda@gmail.com<\/strong><\/a><\/li>\n<\/ul>\n<h4><strong>\ud83d\ude9a Sz\u00e1ll\u00edt\u00e1si inform\u00e1ci\u00f3k<\/strong><\/h4>\n<p><strong>A megrendelt n\u00f6v\u00e9nyek kisz\u00e1ll\u00edt\u00e1sa az al\u00e1bbi felt\u00e9telek mellett t\u00f6rt\u00e9nik:<\/strong><\/p>\n<h4><strong>\ud83d\udce6 Fut\u00e1rszolg\u00e1latos sz\u00e1ll\u00edt\u00e1s<\/strong><\/h4>\n<ul>\n<li><strong>Maxim\u00e1lis m\u00e9ret: 200 cm (hossz\u00fas\u00e1g)<\/strong><\/li>\n<li><strong>Maxim\u00e1lis s\u00faly: 40 kg<\/strong><\/li>\n<li><strong>Az enn\u00e9l kisebb \u00e9s k\u00f6nnyebb csomagokat fut\u00e1rszolg\u00e1lattal k\u00e9zbes\u00edtj\u00fck a lehet<\/strong><strong>\u0151<\/strong><strong>\u00a0legbiztons\u00e1gosabb csomagol\u00e1sban.<\/strong><\/li>\n<\/ul>\n<h4><strong>\ud83d\udefb Szem\u00e9lyes \u00e1tv\u00e9tel<\/strong><\/h4>\n<ul>\n<li><strong>1173 Budapest, Bakancsos utca 7. sz\u00e1m alatt nyitvatart\u00e1si id<\/strong><strong>\u0151<\/strong><strong>ben szem\u00e9lyesen \u00e1tvehet<\/strong><strong>\u0151<\/strong><strong>\u00a0kert\u00e9szeti \u00e1rud\u00e1nkban.<\/strong><\/li>\n<li><strong>K\u00f6lts\u00e9ghat\u00e9kony megold\u00e1s nagyobb, t\u00f6r\u00e9kenyebb vagy t\u00falm\u00e9retes n\u00f6v\u00e9nyek eset\u00e9n.<\/strong><\/li>\n<\/ul>\n<h4><strong>\ud83d\udcde Nagy m\u00e9ret<\/strong><strong>\u0171<\/strong><strong>\u00a0vagy s\u00faly\u00fa n\u00f6v\u00e9nyek eset\u00e9n<\/strong><\/h4>\n<p><strong>Ha a term\u00e9k:<\/strong><\/p>\n<ul>\n<li><strong>meghaladja a 200 cm hossz\u00fas\u00e1got vagy<\/strong><\/li>\n<li><strong>meghaladja a 40 kg s\u00falyt,<\/strong><\/li>\n<\/ul>\n<p><strong>akkor szem\u00e9lyes \u00e1tv\u00e9tellel vagy egyedi, el<\/strong><strong>\u0151<\/strong><strong>re egyeztetett sz\u00e1ll\u00edt\u00e1si felt\u00e9telek mellett t\u00f6rt\u00e9nik.<br \/>\nK\u00e9rj\u00fck, ilyen esetben rendel\u00e9s el<\/strong><strong>\u0151<\/strong><strong>tt vegye fel vel\u00fcnk a kapcsolatot, hogy a lehet<\/strong><strong>\u0151<\/strong><strong>\u00a0legmegfelel<\/strong><strong>\u0151<\/strong><strong>bb sz\u00e1ll\u00edt\u00e1si megold\u00e1st k\u00edn\u00e1lhassuk.<\/strong><\/p>\n<p><strong>\ud83d\udd14 Fontos: A n\u00f6v\u00e9nyeket minden esetben igyeksz\u00fcnk gondosan, egyes\u00e9vel csomagolni, azonban a sz\u00e1ll\u00edt\u00e1s sor\u00e1n kisebb eszt\u00e9tikai s\u00e9r\u00fcl\u00e9sek el<\/strong><strong>\u0151<\/strong><strong>fordulhatnak (pl. lev\u00e9lhull\u00e1s). Ez nem min<\/strong><strong>\u0151<\/strong><strong>s\u00fcl hib\u00e1s teljes\u00edt\u00e9snek.<\/strong><\/p>\n<h4><strong>\ud83d\udcf7 Fontos tudni a k\u00e9pekr<\/strong><strong>\u0151<\/strong><strong>l<\/strong><\/h4>\n<p><strong>A webshopban szerepl<\/strong><strong>\u0151<\/strong><strong>\u00a0k\u00e9pek illusztr\u00e1ci\u00f3k, a n\u00f6v\u00e9nyek term\u00e9szet\u00fckn\u00e9l fogva egyediek, \u00edgy m\u00e9retben, alakban \u00e9s sz\u00ednben minim\u00e1lis elt\u00e9r\u00e9sek el<\/strong><strong>\u0151<\/strong><strong>fordulhatnak a k\u00e9pen l\u00e1that\u00f3 \u00e9s a val\u00f3s p\u00e9ld\u00e1nyok k\u00f6z\u00f6tt.<\/strong><\/p>\n<h4><strong>\ud83e\uddfe \u00c1rak \u00e9s el\u00e1ll\u00e1si jog<\/strong><\/h4>\n<ul>\n<li><strong>Az \u00e1rak egy darab\u00a0n\u00f6v\u00e9nyre vonatkoznak.<\/strong><\/li>\n<li><strong>\u00c9l<\/strong><strong>\u0151<\/strong><strong>\u00a0n\u00f6v\u00e9nyek rendel\u00e9se eset\u00e9n a 14 napos el\u00e1ll\u00e1s joga nem \u00e9rv\u00e9nyes\u00edthet<\/strong><strong>\u0151<\/strong><strong>, mivel azok romland\u00f3, biol\u00f3giailag \u00e9l<\/strong><strong>\u0151<\/strong><strong>\u00a0term\u00e9keknek min<\/strong><strong>\u0151<\/strong><strong>s\u00fclnek.<br \/>\n\ud83d\udd12 (17\/1999. (II. 5.) Korm. rendelet 5. \u00a7 c) pontja alapj\u00e1n)<\/strong><\/li>\n<\/ul>\n<h4><strong>\ud83d\udce6 K\u00e9zbes\u00edt\u00e9s ut\u00e1ni teend<\/strong><strong>\u0151<\/strong><strong>k<\/strong><\/h4>\n<p><strong>A k\u00e9zbes\u00edt\u00e9st k\u00f6vet<\/strong><strong>\u0151<\/strong><strong>en a csomagot azonnal bontsuk ki, \u00e9s a n\u00f6v\u00e9nyt helyezz\u00fck el megfelel<\/strong><strong>\u0151<\/strong><strong>\u00a0k\u00f6rnyezetben.<br \/>\nFontos: ha a n\u00f6v\u00e9ny nem r\u00e9szes\u00fcl megfelel<\/strong><strong>\u0151<\/strong><strong>\u00a0gondoz\u00e1sban \u00e9s ennek k\u00f6vetkezt\u00e9ben k\u00e1rosodik vagy elpusztul, felel<\/strong><strong>\u0151<\/strong><strong>ss\u00e9get nem tudunk v\u00e1llalni.<\/strong><\/p>","protected":false},"excerpt":{"rendered":"<p>&nbsp;<\/p>\n<p>Landscaper Pro tavaszi-ny\u00e1ri gyepfenntart\u00f3 m\u0171tr\u00e1gya Hat\u00e9kony m\u0171tr\u00e1gya szab\u00e1lyozott felt\u00e1r\u00f3d\u00e1st biztos\u00edt\u00f3technol\u00f3gi\u00e1val. Magas nitrog\u00e9n \u00e9s magn\u00e9zium tartalma el\u0151seg\u00edti a gyors n\u00f6veked\u00e9st.<\/p>","protected":false},"featured_media":15406,"template":"","meta":{"_et_pb_use_builder":"","_et_pb_old_content":"","_et_gb_content_width":""},"product_brand":[],"product_cat":[1456],"product_tag":[],"class_list":{"0":"post-17040","1":"product","2":"type-product","3":"status-publish","4":"has-post-thumbnail","6":"product_cat-icl-everris-scotts-mutragyak","8":"first","9":"instock","10":"shipping-taxable","11":"purchasable","12":"product-type-simple"},"yoast_head":"<!-- This site is optimized with the Yoast SEO plugin v27.4 - https:\/\/yoast.com\/product\/yoast-seo-wordpress\/ -->\n<title>ICL.Landscaper Spring&amp;Summer tavaszi\/ny\u00e1ri gyepfenntart\u00f3 m\u0171tr\u00e1gya20-0-07+6CaO+3MgO 2-3 h\u00f3nap 15 kg - T\u00e1jkert\u00e9sz<\/title>\n<meta name=\"description\" content=\"ICL.Landscaper Pring&amp;Summer tavaszi\/ny\u00e1ri gyepfenntart\u00f3 m\u0171tr\u00e1gya. L\u00e1togassa meg kert\u00e9szet\u00fcnket, vagy rendeljen kert\u00e9szeti term\u00e9keket web\u00e1ruh\u00e1zunkb\u00f3l.\" \/>\n<meta name=\"robots\" content=\"index, follow, max-snippet:-1, max-image-preview:large, max-video-preview:-1\" \/>\n<link rel=\"canonical\" href=\"https:\/\/tajkertesz.com\/en_US\/product\/icl-landscaper-springsummer-tavaszi-nyari-gyepfenntarto-mutragya20-0-076cao3mgo-2-3-honap15kg\/\" \/>\n<meta property=\"og:locale\" content=\"en_US\" \/>\n<meta property=\"og:type\" content=\"article\" \/>\n<meta property=\"og:title\" content=\"https:\/\/www.facebook.com\/tajkertesz\" \/>\n<meta property=\"og:description\" content=\"Landscaper Pro tavaszi-ny\u00e1ri gyepfenntart\u00f3 m\u0171tr\u00e1gyaHat\u00e9kony m\u0171tr\u00e1gya szab\u00e1lyozott felt\u00e1r\u00f3d\u00e1st biztos\u00edt\u00f3technol\u00f3gi\u00e1val.Magas nitrog\u00e9n \u00e9s magn\u00e9zium tartalma el\u0151seg\u00edti a gyors n\u00f6veked\u00e9st.El\u0151nye:A Landscaper Pro Spring &amp; Summer formula h\u0171v\u00f6s id\u0151ben is rendk\u00edv\u00fcl gyors hat\u00e1st eredm\u00e9nyez, ak\u00e1r k\u00e9t nap alatt is l\u00e1tv\u00e1nyos a v\u00e1ltoz\u00e1s, m\u00edg hat\u00e1sa ak\u00e1r 2-3 h\u00f3napig is tart.\" \/>\n<meta property=\"og:url\" content=\"https:\/\/tajkertesz.com\/en_US\/product\/icl-landscaper-springsummer-tavaszi-nyari-gyepfenntarto-mutragya20-0-076cao3mgo-2-3-honap15kg\/\" \/>\n<meta property=\"og:site_name\" content=\"T\u00e1jkert\u00e9sz\" \/>\n<meta property=\"article:publisher\" content=\"https:\/\/www.facebook.com\/Tajkertesz\/\" \/>\n<meta property=\"article:modified_time\" content=\"2026-02-25T13:18:43+00:00\" \/>\n<meta property=\"og:image\" content=\"https:\/\/tajkertesz.com\/wp-content\/uploads\/2023\/09\/00012606.jpg\" \/>\n\t<meta property=\"og:image:width\" content=\"387\" \/>\n\t<meta property=\"og:image:height\" content=\"516\" \/>\n\t<meta property=\"og:image:type\" content=\"image\/jpeg\" \/>\n<meta name=\"twitter:card\" content=\"summary_large_image\" \/>\n<meta name=\"twitter:label1\" content=\"Est. reading time\" \/>\n\t<meta name=\"twitter:data1\" content=\"4 minutes\" \/>\n<script type=\"application\/ld+json\" class=\"yoast-schema-graph\">{\"@context\":\"https:\\\/\\\/schema.org\",\"@graph\":[{\"@type\":\"WebPage\",\"@id\":\"https:\\\/\\\/tajkertesz.com\\\/termek\\\/icl-landscaper-springsummer-tavaszi-nyari-gyepfenntarto-mutragya20-0-076cao3mgo-2-3-honap15kg\\\/\",\"url\":\"https:\\\/\\\/tajkertesz.com\\\/termek\\\/icl-landscaper-springsummer-tavaszi-nyari-gyepfenntarto-mutragya20-0-076cao3mgo-2-3-honap15kg\\\/\",\"name\":\"ICL.Landscaper Spring&Summer tavaszi\\\/ny\u00e1ri gyepfenntart\u00f3 m\u0171tr\u00e1gya20-0-07+6CaO+3MgO 2-3 h\u00f3nap 15 kg - T\u00e1jkert\u00e9sz\",\"isPartOf\":{\"@id\":\"https:\\\/\\\/tajkertesz.com\\\/#website\"},\"primaryImageOfPage\":{\"@id\":\"https:\\\/\\\/tajkertesz.com\\\/termek\\\/icl-landscaper-springsummer-tavaszi-nyari-gyepfenntarto-mutragya20-0-076cao3mgo-2-3-honap15kg\\\/#primaryimage\"},\"image\":{\"@id\":\"https:\\\/\\\/tajkertesz.com\\\/termek\\\/icl-landscaper-springsummer-tavaszi-nyari-gyepfenntarto-mutragya20-0-076cao3mgo-2-3-honap15kg\\\/#primaryimage\"},\"thumbnailUrl\":\"https:\\\/\\\/tajkertesz.com\\\/wp-content\\\/uploads\\\/2023\\\/04\\\/T14498-1-LSP_Spring-and-Summer_5kg_2021_jpg_1920x1920.jpg\",\"datePublished\":\"2023-09-27T06:39:16+00:00\",\"dateModified\":\"2026-02-25T13:18:43+00:00\",\"description\":\"ICL.Landscaper Pring&Summer tavaszi\\\/ny\u00e1ri gyepfenntart\u00f3 m\u0171tr\u00e1gya. L\u00e1togassa meg kert\u00e9szet\u00fcnket, vagy rendeljen kert\u00e9szeti term\u00e9keket web\u00e1ruh\u00e1zunkb\u00f3l.\",\"breadcrumb\":{\"@id\":\"https:\\\/\\\/tajkertesz.com\\\/termek\\\/icl-landscaper-springsummer-tavaszi-nyari-gyepfenntarto-mutragya20-0-076cao3mgo-2-3-honap15kg\\\/#breadcrumb\"},\"inLanguage\":\"en-US\",\"potentialAction\":[{\"@type\":\"ReadAction\",\"target\":[\"https:\\\/\\\/tajkertesz.com\\\/termek\\\/icl-landscaper-springsummer-tavaszi-nyari-gyepfenntarto-mutragya20-0-076cao3mgo-2-3-honap15kg\\\/\"]}]},{\"@type\":\"ImageObject\",\"inLanguage\":\"en-US\",\"@id\":\"https:\\\/\\\/tajkertesz.com\\\/termek\\\/icl-landscaper-springsummer-tavaszi-nyari-gyepfenntarto-mutragya20-0-076cao3mgo-2-3-honap15kg\\\/#primaryimage\",\"url\":\"https:\\\/\\\/tajkertesz.com\\\/wp-content\\\/uploads\\\/2023\\\/04\\\/T14498-1-LSP_Spring-and-Summer_5kg_2021_jpg_1920x1920.jpg\",\"contentUrl\":\"https:\\\/\\\/tajkertesz.com\\\/wp-content\\\/uploads\\\/2023\\\/04\\\/T14498-1-LSP_Spring-and-Summer_5kg_2021_jpg_1920x1920.jpg\",\"width\":400,\"height\":719},{\"@type\":\"BreadcrumbList\",\"@id\":\"https:\\\/\\\/tajkertesz.com\\\/termek\\\/icl-landscaper-springsummer-tavaszi-nyari-gyepfenntarto-mutragya20-0-076cao3mgo-2-3-honap15kg\\\/#breadcrumb\",\"itemListElement\":[{\"@type\":\"ListItem\",\"position\":1,\"name\":\"Home\",\"item\":\"https:\\\/\\\/tajkertesz.com\\\/\"},{\"@type\":\"ListItem\",\"position\":2,\"name\":\"Kezd\u0151lap\",\"item\":\"https:\\\/\\\/tajkertesz.com\\\/\"},{\"@type\":\"ListItem\",\"position\":3,\"name\":\"ICL.Landscaper Spring&#038;Summer tavaszi\\\/ny\u00e1ri gyepfenntart\u00f3 m\u0171tr\u00e1gya20-0-07+6CaO+3MgO 2-3 h\u00f3nap 15 kg\"}]},{\"@type\":\"WebSite\",\"@id\":\"https:\\\/\\\/tajkertesz.com\\\/#website\",\"url\":\"https:\\\/\\\/tajkertesz.com\\\/\",\"name\":\"T\u00e1j-Kert\u00e9sz 84 Kft.\",\"description\":\"Kert\u00e9szeti kis- \u00e9s nagykeresked\u00e9s, D\u00edszn\u00f6v\u00e9ny web\u00e1ruh\u00e1z orsz\u00e1gos h\u00e1zhozsz\u00e1ll\u00edt\u00e1ssal!\",\"publisher\":{\"@id\":\"https:\\\/\\\/tajkertesz.com\\\/#organization\"},\"potentialAction\":[{\"@type\":\"SearchAction\",\"target\":{\"@type\":\"EntryPoint\",\"urlTemplate\":\"https:\\\/\\\/tajkertesz.com\\\/?s={search_term_string}\"},\"query-input\":{\"@type\":\"PropertyValueSpecification\",\"valueRequired\":true,\"valueName\":\"search_term_string\"}}],\"inLanguage\":\"en-US\"},{\"@type\":\"Organization\",\"@id\":\"https:\\\/\\\/tajkertesz.com\\\/#organization\",\"name\":\"T\u00e1j-Kert\u00e9sz 84 Kft.\",\"url\":\"https:\\\/\\\/tajkertesz.com\\\/\",\"logo\":{\"@type\":\"ImageObject\",\"inLanguage\":\"en-US\",\"@id\":\"https:\\\/\\\/tajkertesz.com\\\/#\\\/schema\\\/logo\\\/image\\\/\",\"url\":\"https:\\\/\\\/tajkertesz.com\\\/wp-content\\\/uploads\\\/2018\\\/02\\\/logo-2-e1518678052539.png\",\"contentUrl\":\"https:\\\/\\\/tajkertesz.com\\\/wp-content\\\/uploads\\\/2018\\\/02\\\/logo-2-e1518678052539.png\",\"width\":81,\"height\":140,\"caption\":\"T\u00e1j-Kert\u00e9sz 84 Kft.\"},\"image\":{\"@id\":\"https:\\\/\\\/tajkertesz.com\\\/#\\\/schema\\\/logo\\\/image\\\/\"},\"sameAs\":[\"https:\\\/\\\/www.facebook.com\\\/Tajkertesz\\\/\"]}]}<\/script>\n<!-- \/ Yoast SEO plugin. -->","yoast_head_json":{"title":"ICL.Landscaper Spring&Summer tavaszi\/ny\u00e1ri gyepfenntart\u00f3 m\u0171tr\u00e1gya20-0-07+6CaO+3MgO 2-3 h\u00f3nap 15 kg - T\u00e1jkert\u00e9sz","description":"ICL.Landscaper Pring&Summer tavaszi\/ny\u00e1ri gyepfenntart\u00f3 m\u0171tr\u00e1gya. L\u00e1togassa meg kert\u00e9szet\u00fcnket, vagy rendeljen kert\u00e9szeti term\u00e9keket web\u00e1ruh\u00e1zunkb\u00f3l.","robots":{"index":"index","follow":"follow","max-snippet":"max-snippet:-1","max-image-preview":"max-image-preview:large","max-video-preview":"max-video-preview:-1"},"canonical":"https:\/\/tajkertesz.com\/en_US\/product\/icl-landscaper-springsummer-tavaszi-nyari-gyepfenntarto-mutragya20-0-076cao3mgo-2-3-honap15kg\/","og_locale":"en_US","og_type":"article","og_title":"https:\/\/www.facebook.com\/tajkertesz","og_description":"Landscaper Pro tavaszi-ny\u00e1ri gyepfenntart\u00f3 m\u0171tr\u00e1gyaHat\u00e9kony m\u0171tr\u00e1gya szab\u00e1lyozott felt\u00e1r\u00f3d\u00e1st biztos\u00edt\u00f3technol\u00f3gi\u00e1val.Magas nitrog\u00e9n \u00e9s magn\u00e9zium tartalma el\u0151seg\u00edti a gyors n\u00f6veked\u00e9st.El\u0151nye:A Landscaper Pro Spring & Summer formula h\u0171v\u00f6s id\u0151ben is rendk\u00edv\u00fcl gyors hat\u00e1st eredm\u00e9nyez, ak\u00e1r k\u00e9t nap alatt is l\u00e1tv\u00e1nyos a v\u00e1ltoz\u00e1s, m\u00edg hat\u00e1sa ak\u00e1r 2-3 h\u00f3napig is tart.","og_url":"https:\/\/tajkertesz.com\/en_US\/product\/icl-landscaper-springsummer-tavaszi-nyari-gyepfenntarto-mutragya20-0-076cao3mgo-2-3-honap15kg\/","og_site_name":"T\u00e1jkert\u00e9sz","article_publisher":"https:\/\/www.facebook.com\/Tajkertesz\/","article_modified_time":"2026-02-25T13:18:43+00:00","og_image":[{"width":387,"height":516,"url":"https:\/\/tajkertesz.com\/wp-content\/uploads\/2023\/09\/00012606.jpg","type":"image\/jpeg"}],"twitter_card":"summary_large_image","twitter_misc":{"Est. reading time":"4 minutes"},"schema":{"@context":"https:\/\/schema.org","@graph":[{"@type":"WebPage","@id":"https:\/\/tajkertesz.com\/termek\/icl-landscaper-springsummer-tavaszi-nyari-gyepfenntarto-mutragya20-0-076cao3mgo-2-3-honap15kg\/","url":"https:\/\/tajkertesz.com\/termek\/icl-landscaper-springsummer-tavaszi-nyari-gyepfenntarto-mutragya20-0-076cao3mgo-2-3-honap15kg\/","name":"ICL.Landscaper Spring&Summer tavaszi\/ny\u00e1ri gyepfenntart\u00f3 m\u0171tr\u00e1gya20-0-07+6CaO+3MgO 2-3 h\u00f3nap 15 kg - T\u00e1jkert\u00e9sz","isPartOf":{"@id":"https:\/\/tajkertesz.com\/#website"},"primaryImageOfPage":{"@id":"https:\/\/tajkertesz.com\/termek\/icl-landscaper-springsummer-tavaszi-nyari-gyepfenntarto-mutragya20-0-076cao3mgo-2-3-honap15kg\/#primaryimage"},"image":{"@id":"https:\/\/tajkertesz.com\/termek\/icl-landscaper-springsummer-tavaszi-nyari-gyepfenntarto-mutragya20-0-076cao3mgo-2-3-honap15kg\/#primaryimage"},"thumbnailUrl":"https:\/\/tajkertesz.com\/wp-content\/uploads\/2023\/04\/T14498-1-LSP_Spring-and-Summer_5kg_2021_jpg_1920x1920.jpg","datePublished":"2023-09-27T06:39:16+00:00","dateModified":"2026-02-25T13:18:43+00:00","description":"ICL.Landscaper Pring&Summer tavaszi\/ny\u00e1ri gyepfenntart\u00f3 m\u0171tr\u00e1gya. L\u00e1togassa meg kert\u00e9szet\u00fcnket, vagy rendeljen kert\u00e9szeti term\u00e9keket web\u00e1ruh\u00e1zunkb\u00f3l.","breadcrumb":{"@id":"https:\/\/tajkertesz.com\/termek\/icl-landscaper-springsummer-tavaszi-nyari-gyepfenntarto-mutragya20-0-076cao3mgo-2-3-honap15kg\/#breadcrumb"},"inLanguage":"en-US","potentialAction":[{"@type":"ReadAction","target":["https:\/\/tajkertesz.com\/termek\/icl-landscaper-springsummer-tavaszi-nyari-gyepfenntarto-mutragya20-0-076cao3mgo-2-3-honap15kg\/"]}]},{"@type":"ImageObject","inLanguage":"en-US","@id":"https:\/\/tajkertesz.com\/termek\/icl-landscaper-springsummer-tavaszi-nyari-gyepfenntarto-mutragya20-0-076cao3mgo-2-3-honap15kg\/#primaryimage","url":"https:\/\/tajkertesz.com\/wp-content\/uploads\/2023\/04\/T14498-1-LSP_Spring-and-Summer_5kg_2021_jpg_1920x1920.jpg","contentUrl":"https:\/\/tajkertesz.com\/wp-content\/uploads\/2023\/04\/T14498-1-LSP_Spring-and-Summer_5kg_2021_jpg_1920x1920.jpg","width":400,"height":719},{"@type":"BreadcrumbList","@id":"https:\/\/tajkertesz.com\/termek\/icl-landscaper-springsummer-tavaszi-nyari-gyepfenntarto-mutragya20-0-076cao3mgo-2-3-honap15kg\/#breadcrumb","itemListElement":[{"@type":"ListItem","position":1,"name":"Home","item":"https:\/\/tajkertesz.com\/"},{"@type":"ListItem","position":2,"name":"Kezd\u0151lap","item":"https:\/\/tajkertesz.com\/"},{"@type":"ListItem","position":3,"name":"ICL.Landscaper Spring&#038;Summer tavaszi\/ny\u00e1ri gyepfenntart\u00f3 m\u0171tr\u00e1gya20-0-07+6CaO+3MgO 2-3 h\u00f3nap 15 kg"}]},{"@type":"WebSite","@id":"https:\/\/tajkertesz.com\/#website","url":"https:\/\/tajkertesz.com\/","name":"T\u00e1j-Kert\u00e9sz 84 Kft.","description":"Kert\u00e9szeti kis- \u00e9s nagykeresked\u00e9s, D\u00edszn\u00f6v\u00e9ny web\u00e1ruh\u00e1z orsz\u00e1gos h\u00e1zhozsz\u00e1ll\u00edt\u00e1ssal!","publisher":{"@id":"https:\/\/tajkertesz.com\/#organization"},"potentialAction":[{"@type":"SearchAction","target":{"@type":"EntryPoint","urlTemplate":"https:\/\/tajkertesz.com\/?s={search_term_string}"},"query-input":{"@type":"PropertyValueSpecification","valueRequired":true,"valueName":"search_term_string"}}],"inLanguage":"en-US"},{"@type":"Organization","@id":"https:\/\/tajkertesz.com\/#organization","name":"T\u00e1j-Kert\u00e9sz 84 Kft.","url":"https:\/\/tajkertesz.com\/","logo":{"@type":"ImageObject","inLanguage":"en-US","@id":"https:\/\/tajkertesz.com\/#\/schema\/logo\/image\/","url":"https:\/\/tajkertesz.com\/wp-content\/uploads\/2018\/02\/logo-2-e1518678052539.png","contentUrl":"https:\/\/tajkertesz.com\/wp-content\/uploads\/2018\/02\/logo-2-e1518678052539.png","width":81,"height":140,"caption":"T\u00e1j-Kert\u00e9sz 84 Kft."},"image":{"@id":"https:\/\/tajkertesz.com\/#\/schema\/logo\/image\/"},"sameAs":["https:\/\/www.facebook.com\/Tajkertesz\/"]}]}},"_links":{"self":[{"href":"https:\/\/tajkertesz.com\/en_US\/wp-json\/wp\/v2\/product\/17040","targetHints":{"allow":["GET"]}}],"collection":[{"href":"https:\/\/tajkertesz.com\/en_US\/wp-json\/wp\/v2\/product"}],"about":[{"href":"https:\/\/tajkertesz.com\/en_US\/wp-json\/wp\/v2\/types\/product"}],"wp:featuredmedia":[{"embeddable":true,"href":"https:\/\/tajkertesz.com\/en_US\/wp-json\/wp\/v2\/media\/15406"}],"wp:attachment":[{"href":"https:\/\/tajkertesz.com\/en_US\/wp-json\/wp\/v2\/media?parent=17040"}],"wp:term":[{"taxonomy":"product_brand","embeddable":true,"href":"https:\/\/tajkertesz.com\/en_US\/wp-json\/wp\/v2\/product_brand?post=17040"},{"taxonomy":"product_cat","embeddable":true,"href":"https:\/\/tajkertesz.com\/en_US\/wp-json\/wp\/v2\/product_cat?post=17040"},{"taxonomy":"product_tag","embeddable":true,"href":"https:\/\/tajkertesz.com\/en_US\/wp-json\/wp\/v2\/product_tag?post=17040"}],"curies":[{"name":"wp","href":"https:\/\/api.w.org\/{rel}","templated":true}]}}