{"id":17062,"date":"2023-09-28T09:21:55","date_gmt":"2023-09-28T09:21:55","guid":{"rendered":"https:\/\/tajkertesz.com\/?post_type=product&#038;p=17062"},"modified":"2025-05-19T13:33:51","modified_gmt":"2025-05-19T13:33:51","slug":"koelreuteria-paniculata-fastigiata-oszlopos-csorgofa","status":"publish","type":"product","link":"https:\/\/tajkertesz.com\/en_US\/product\/koelreuteria-paniculata-fastigiata-oszlopos-csorgofa\/","title":{"rendered":"Koelreuteria paniculata &#8216;Fastigiata&#8217;\/Oszlopos cs\u00f6rg\u0151fa"},"content":{"rendered":"<h2>Koelreuteria paniculata &#8216;Fastigiata&#8217;\/Oszlopos cs\u00f6rg\u0151fa<\/h2>\n<p>7-8 m\u00e9ter magasra, 1 m sz\u00e9lesre n\u00f6v\u0151, oszlopos termet\u0171 fa.<\/p>\n<p>Illatos, \u00e9l\u00e9nks\u00e1rga vir\u00e1gai j\u00fanius v\u00e9g\u00e9n ny\u00edlnak.<\/p>\n<p>F\u00e9ny- \u00e9s melegig\u00e9nyes.<\/p>\n<p>Talajjal szemben ig\u00e9nytelen.<\/p>\n<p>Jelen term\u00e9k\u00fcnk 20 literes kont\u00e9nerben kaphat\u00f3 \u00e9s kb 4m magass\u00e1g\u00fa.<\/p>\n<p>&nbsp;<\/p>","protected":false},"excerpt":{"rendered":"<p>Koelreuteria paniculata &#8216;Fastigiata&#8217;\/Oszlopos cs\u00f6rg\u0151fa<\/p>\n<p>7-8 m\u00e9ter magasra, 1 m sz\u00e9lesre n\u00f6v\u0151, oszlopos termet\u0171 fa&#8230;<\/p>\n<div id=\"bodyContent\" class=\"mw-body-content\">\n<div id=\"mw-content-text\" class=\"mw-content-ltr\" dir=\"ltr\" lang=\"hu\">\n<div id=\"bodyContent\" class=\"mw-body-content\">\n<div id=\"mw-content-text\" class=\"mw-content-ltr\" dir=\"ltr\" lang=\"hu\">\n<p><b>K\u00e9szlet\u00fcnk napi szinten v\u00e1ltozik, ez\u00e9rt k\u00e9rj\u00fck, \u00e9rdekl\u0151dj\u00f6n szem\u00e9lyesen, telefonon vagy email-en.<\/b><\/p>\n<p>Term\u00e9keinket szem\u00e9lyesen is \u00e1tveheti a h\u00e9t minden napj\u00e1n nyitvatart\u00e1si id\u0151ben!<\/p>\n<p>Kisz\u00e1ll\u00edt\u00e1s: 200 cm \u00e9s 40 kg-ig a sz\u00e1ll\u00edt\u00e1s fut\u00e1rszolg\u00e1lattal t\u00f6rt\u00e9nik.<\/p>\n<\/div>\n<\/div>\n<\/div>\n<\/div>\n<p><b>A v\u00e1ltoztat\u00e1s jog\u00e1t fenntartjuk!\u00a0<\/b><\/p>\n<h2><span style=\"color: #ff0000;\"><strong>M\u00e9rete miatt postai csomagk\u00e9nt nem tudjuk elk\u00fcldeni!<\/strong><\/span><\/h2>","protected":false},"featured_media":17063,"template":"","meta":{"_et_pb_use_builder":"","_et_pb_old_content":"","_et_gb_content_width":""},"product_brand":[],"product_cat":[28],"product_tag":[4400,33,4401],"class_list":{"0":"post-17062","1":"product","2":"type-product","3":"status-publish","4":"has-post-thumbnail","6":"product_cat-diszfak","7":"product_tag-csorgofa","8":"product_tag-diszfa","9":"product_tag-oszlopos-diszfa","11":"first","12":"instock","13":"shipping-taxable","14":"product-type-simple"},"yoast_head":"<!-- This site is optimized with the Yoast SEO plugin v27.3 - https:\/\/yoast.com\/product\/yoast-seo-wordpress\/ -->\n<title>Koelreuteria paniculata &#039;Fastigiata&#039;\/Oszlopos cs\u00f6rg\u0151fa - T\u00e1jkert\u00e9sz<\/title>\n<meta name=\"description\" content=\"Koelreuteria paniculata &#039;Fastigiata&#039;\/Oszlopos cs\u00f6rg\u0151fa. 7-8 m\u00e9ter magasra, 1 m sz\u00e9lesre n\u00f6v\u0151, oszlopos termet\u0171 fa.Illatos, \u00e9l\u00e9nks\u00e1rga vir\u00e1gai j\u00fanius v\u00e9g\u00e9n..\" \/>\n<meta name=\"robots\" content=\"index, follow, max-snippet:-1, max-image-preview:large, max-video-preview:-1\" \/>\n<link rel=\"canonical\" href=\"https:\/\/tajkertesz.com\/en_US\/product\/koelreuteria-paniculata-fastigiata-oszlopos-csorgofa\/\" \/>\n<meta property=\"og:locale\" content=\"en_US\" \/>\n<meta property=\"og:type\" content=\"article\" \/>\n<meta property=\"og:title\" content=\"https:\/\/www.facebook.com\/tajkertesz\/\" \/>\n<meta property=\"og:description\" content=\"K\u00e9szlet\u00fcnk napi szinten v\u00e1ltozik, ez\u00e9rt k\u00e9rj\u00fck, \u00e9rdekl\u0151dj\u00f6n szem\u00e9lyesen, telefonon vagy email-en.Term\u00e9keinket szem\u00e9lyesen is \u00e1tveheti a h\u00e9t minden napj\u00e1n nyitvatart\u00e1si id\u0151ben!Kisz\u00e1ll\u00edt\u00e1s: 200 cm \u00e9s 40 kg-ig a sz\u00e1ll\u00edt\u00e1s fut\u00e1rszolg\u00e1lattal t\u00f6rt\u00e9nik.A v\u00e1ltoztat\u00e1s jog\u00e1t fenntartjuk!\" \/>\n<meta property=\"og:url\" content=\"https:\/\/tajkertesz.com\/en_US\/product\/koelreuteria-paniculata-fastigiata-oszlopos-csorgofa\/\" \/>\n<meta property=\"og:site_name\" content=\"T\u00e1jkert\u00e9sz\" \/>\n<meta property=\"article:publisher\" content=\"https:\/\/www.facebook.com\/Tajkertesz\/\" \/>\n<meta property=\"article:modified_time\" content=\"2025-05-19T13:33:51+00:00\" \/>\n<meta property=\"og:image\" content=\"https:\/\/tajkertesz.com\/wp-content\/uploads\/2023\/09\/GBPIX_photo_489913-1.jpg\" \/>\n\t<meta property=\"og:image:width\" content=\"200\" \/>\n\t<meta property=\"og:image:height\" content=\"701\" \/>\n\t<meta property=\"og:image:type\" content=\"image\/jpeg\" \/>\n<meta name=\"twitter:card\" content=\"summary_large_image\" \/>\n<meta name=\"twitter:label1\" content=\"Est. reading time\" \/>\n\t<meta name=\"twitter:data1\" content=\"1 minute\" \/>\n<script type=\"application\/ld+json\" class=\"yoast-schema-graph\">{\"@context\":\"https:\\\/\\\/schema.org\",\"@graph\":[{\"@type\":\"WebPage\",\"@id\":\"https:\\\/\\\/tajkertesz.com\\\/termek\\\/koelreuteria-paniculata-fastigiata-oszlopos-csorgofa\\\/\",\"url\":\"https:\\\/\\\/tajkertesz.com\\\/termek\\\/koelreuteria-paniculata-fastigiata-oszlopos-csorgofa\\\/\",\"name\":\"Koelreuteria paniculata 'Fastigiata'\\\/Oszlopos cs\u00f6rg\u0151fa - T\u00e1jkert\u00e9sz\",\"isPartOf\":{\"@id\":\"https:\\\/\\\/tajkertesz.com\\\/#website\"},\"primaryImageOfPage\":{\"@id\":\"https:\\\/\\\/tajkertesz.com\\\/termek\\\/koelreuteria-paniculata-fastigiata-oszlopos-csorgofa\\\/#primaryimage\"},\"image\":{\"@id\":\"https:\\\/\\\/tajkertesz.com\\\/termek\\\/koelreuteria-paniculata-fastigiata-oszlopos-csorgofa\\\/#primaryimage\"},\"thumbnailUrl\":\"https:\\\/\\\/tajkertesz.com\\\/wp-content\\\/uploads\\\/2023\\\/09\\\/GBPIX_photo_489913.jpg\",\"datePublished\":\"2023-09-28T09:21:55+00:00\",\"dateModified\":\"2025-05-19T13:33:51+00:00\",\"description\":\"Koelreuteria paniculata 'Fastigiata'\\\/Oszlopos cs\u00f6rg\u0151fa. 7-8 m\u00e9ter magasra, 1 m sz\u00e9lesre n\u00f6v\u0151, oszlopos termet\u0171 fa.Illatos, \u00e9l\u00e9nks\u00e1rga vir\u00e1gai j\u00fanius v\u00e9g\u00e9n..\",\"breadcrumb\":{\"@id\":\"https:\\\/\\\/tajkertesz.com\\\/termek\\\/koelreuteria-paniculata-fastigiata-oszlopos-csorgofa\\\/#breadcrumb\"},\"inLanguage\":\"en-US\",\"potentialAction\":[{\"@type\":\"ReadAction\",\"target\":[\"https:\\\/\\\/tajkertesz.com\\\/termek\\\/koelreuteria-paniculata-fastigiata-oszlopos-csorgofa\\\/\"]}]},{\"@type\":\"ImageObject\",\"inLanguage\":\"en-US\",\"@id\":\"https:\\\/\\\/tajkertesz.com\\\/termek\\\/koelreuteria-paniculata-fastigiata-oszlopos-csorgofa\\\/#primaryimage\",\"url\":\"https:\\\/\\\/tajkertesz.com\\\/wp-content\\\/uploads\\\/2023\\\/09\\\/GBPIX_photo_489913.jpg\",\"contentUrl\":\"https:\\\/\\\/tajkertesz.com\\\/wp-content\\\/uploads\\\/2023\\\/09\\\/GBPIX_photo_489913.jpg\",\"width\":200,\"height\":701},{\"@type\":\"BreadcrumbList\",\"@id\":\"https:\\\/\\\/tajkertesz.com\\\/termek\\\/koelreuteria-paniculata-fastigiata-oszlopos-csorgofa\\\/#breadcrumb\",\"itemListElement\":[{\"@type\":\"ListItem\",\"position\":1,\"name\":\"Home\",\"item\":\"https:\\\/\\\/tajkertesz.com\\\/\"},{\"@type\":\"ListItem\",\"position\":2,\"name\":\"Kezd\u0151lap\",\"item\":\"https:\\\/\\\/tajkertesz.com\\\/\"},{\"@type\":\"ListItem\",\"position\":3,\"name\":\"Koelreuteria paniculata &#8216;Fastigiata&#8217;\\\/Oszlopos cs\u00f6rg\u0151fa\"}]},{\"@type\":\"WebSite\",\"@id\":\"https:\\\/\\\/tajkertesz.com\\\/#website\",\"url\":\"https:\\\/\\\/tajkertesz.com\\\/\",\"name\":\"T\u00e1j-Kert\u00e9sz 84 Kft.\",\"description\":\"Kert\u00e9szeti kis- \u00e9s nagykeresked\u00e9s, D\u00edszn\u00f6v\u00e9ny web\u00e1ruh\u00e1z orsz\u00e1gos h\u00e1zhozsz\u00e1ll\u00edt\u00e1ssal!\",\"publisher\":{\"@id\":\"https:\\\/\\\/tajkertesz.com\\\/#organization\"},\"potentialAction\":[{\"@type\":\"SearchAction\",\"target\":{\"@type\":\"EntryPoint\",\"urlTemplate\":\"https:\\\/\\\/tajkertesz.com\\\/?s={search_term_string}\"},\"query-input\":{\"@type\":\"PropertyValueSpecification\",\"valueRequired\":true,\"valueName\":\"search_term_string\"}}],\"inLanguage\":\"en-US\"},{\"@type\":\"Organization\",\"@id\":\"https:\\\/\\\/tajkertesz.com\\\/#organization\",\"name\":\"T\u00e1j-Kert\u00e9sz 84 Kft.\",\"url\":\"https:\\\/\\\/tajkertesz.com\\\/\",\"logo\":{\"@type\":\"ImageObject\",\"inLanguage\":\"en-US\",\"@id\":\"https:\\\/\\\/tajkertesz.com\\\/#\\\/schema\\\/logo\\\/image\\\/\",\"url\":\"https:\\\/\\\/tajkertesz.com\\\/wp-content\\\/uploads\\\/2018\\\/02\\\/logo-2-e1518678052539.png\",\"contentUrl\":\"https:\\\/\\\/tajkertesz.com\\\/wp-content\\\/uploads\\\/2018\\\/02\\\/logo-2-e1518678052539.png\",\"width\":81,\"height\":140,\"caption\":\"T\u00e1j-Kert\u00e9sz 84 Kft.\"},\"image\":{\"@id\":\"https:\\\/\\\/tajkertesz.com\\\/#\\\/schema\\\/logo\\\/image\\\/\"},\"sameAs\":[\"https:\\\/\\\/www.facebook.com\\\/Tajkertesz\\\/\"]}]}<\/script>\n<!-- \/ Yoast SEO plugin. -->","yoast_head_json":{"title":"Koelreuteria paniculata 'Fastigiata'\/Oszlopos cs\u00f6rg\u0151fa - T\u00e1jkert\u00e9sz","description":"Koelreuteria paniculata 'Fastigiata'\/Oszlopos cs\u00f6rg\u0151fa. 7-8 m\u00e9ter magasra, 1 m sz\u00e9lesre n\u00f6v\u0151, oszlopos termet\u0171 fa.Illatos, \u00e9l\u00e9nks\u00e1rga vir\u00e1gai j\u00fanius v\u00e9g\u00e9n..","robots":{"index":"index","follow":"follow","max-snippet":"max-snippet:-1","max-image-preview":"max-image-preview:large","max-video-preview":"max-video-preview:-1"},"canonical":"https:\/\/tajkertesz.com\/en_US\/product\/koelreuteria-paniculata-fastigiata-oszlopos-csorgofa\/","og_locale":"en_US","og_type":"article","og_title":"https:\/\/www.facebook.com\/tajkertesz\/","og_description":"K\u00e9szlet\u00fcnk napi szinten v\u00e1ltozik, ez\u00e9rt k\u00e9rj\u00fck, \u00e9rdekl\u0151dj\u00f6n szem\u00e9lyesen, telefonon vagy email-en.Term\u00e9keinket szem\u00e9lyesen is \u00e1tveheti a h\u00e9t minden napj\u00e1n nyitvatart\u00e1si id\u0151ben!Kisz\u00e1ll\u00edt\u00e1s: 200 cm \u00e9s 40 kg-ig a sz\u00e1ll\u00edt\u00e1s fut\u00e1rszolg\u00e1lattal t\u00f6rt\u00e9nik.A v\u00e1ltoztat\u00e1s jog\u00e1t fenntartjuk!","og_url":"https:\/\/tajkertesz.com\/en_US\/product\/koelreuteria-paniculata-fastigiata-oszlopos-csorgofa\/","og_site_name":"T\u00e1jkert\u00e9sz","article_publisher":"https:\/\/www.facebook.com\/Tajkertesz\/","article_modified_time":"2025-05-19T13:33:51+00:00","og_image":[{"width":200,"height":701,"url":"https:\/\/tajkertesz.com\/wp-content\/uploads\/2023\/09\/GBPIX_photo_489913-1.jpg","type":"image\/jpeg"}],"twitter_card":"summary_large_image","twitter_misc":{"Est. reading time":"1 minute"},"schema":{"@context":"https:\/\/schema.org","@graph":[{"@type":"WebPage","@id":"https:\/\/tajkertesz.com\/termek\/koelreuteria-paniculata-fastigiata-oszlopos-csorgofa\/","url":"https:\/\/tajkertesz.com\/termek\/koelreuteria-paniculata-fastigiata-oszlopos-csorgofa\/","name":"Koelreuteria paniculata 'Fastigiata'\/Oszlopos cs\u00f6rg\u0151fa - T\u00e1jkert\u00e9sz","isPartOf":{"@id":"https:\/\/tajkertesz.com\/#website"},"primaryImageOfPage":{"@id":"https:\/\/tajkertesz.com\/termek\/koelreuteria-paniculata-fastigiata-oszlopos-csorgofa\/#primaryimage"},"image":{"@id":"https:\/\/tajkertesz.com\/termek\/koelreuteria-paniculata-fastigiata-oszlopos-csorgofa\/#primaryimage"},"thumbnailUrl":"https:\/\/tajkertesz.com\/wp-content\/uploads\/2023\/09\/GBPIX_photo_489913.jpg","datePublished":"2023-09-28T09:21:55+00:00","dateModified":"2025-05-19T13:33:51+00:00","description":"Koelreuteria paniculata 'Fastigiata'\/Oszlopos cs\u00f6rg\u0151fa. 7-8 m\u00e9ter magasra, 1 m sz\u00e9lesre n\u00f6v\u0151, oszlopos termet\u0171 fa.Illatos, \u00e9l\u00e9nks\u00e1rga vir\u00e1gai j\u00fanius v\u00e9g\u00e9n..","breadcrumb":{"@id":"https:\/\/tajkertesz.com\/termek\/koelreuteria-paniculata-fastigiata-oszlopos-csorgofa\/#breadcrumb"},"inLanguage":"en-US","potentialAction":[{"@type":"ReadAction","target":["https:\/\/tajkertesz.com\/termek\/koelreuteria-paniculata-fastigiata-oszlopos-csorgofa\/"]}]},{"@type":"ImageObject","inLanguage":"en-US","@id":"https:\/\/tajkertesz.com\/termek\/koelreuteria-paniculata-fastigiata-oszlopos-csorgofa\/#primaryimage","url":"https:\/\/tajkertesz.com\/wp-content\/uploads\/2023\/09\/GBPIX_photo_489913.jpg","contentUrl":"https:\/\/tajkertesz.com\/wp-content\/uploads\/2023\/09\/GBPIX_photo_489913.jpg","width":200,"height":701},{"@type":"BreadcrumbList","@id":"https:\/\/tajkertesz.com\/termek\/koelreuteria-paniculata-fastigiata-oszlopos-csorgofa\/#breadcrumb","itemListElement":[{"@type":"ListItem","position":1,"name":"Home","item":"https:\/\/tajkertesz.com\/"},{"@type":"ListItem","position":2,"name":"Kezd\u0151lap","item":"https:\/\/tajkertesz.com\/"},{"@type":"ListItem","position":3,"name":"Koelreuteria paniculata &#8216;Fastigiata&#8217;\/Oszlopos cs\u00f6rg\u0151fa"}]},{"@type":"WebSite","@id":"https:\/\/tajkertesz.com\/#website","url":"https:\/\/tajkertesz.com\/","name":"T\u00e1j-Kert\u00e9sz 84 Kft.","description":"Kert\u00e9szeti kis- \u00e9s nagykeresked\u00e9s, D\u00edszn\u00f6v\u00e9ny web\u00e1ruh\u00e1z orsz\u00e1gos h\u00e1zhozsz\u00e1ll\u00edt\u00e1ssal!","publisher":{"@id":"https:\/\/tajkertesz.com\/#organization"},"potentialAction":[{"@type":"SearchAction","target":{"@type":"EntryPoint","urlTemplate":"https:\/\/tajkertesz.com\/?s={search_term_string}"},"query-input":{"@type":"PropertyValueSpecification","valueRequired":true,"valueName":"search_term_string"}}],"inLanguage":"en-US"},{"@type":"Organization","@id":"https:\/\/tajkertesz.com\/#organization","name":"T\u00e1j-Kert\u00e9sz 84 Kft.","url":"https:\/\/tajkertesz.com\/","logo":{"@type":"ImageObject","inLanguage":"en-US","@id":"https:\/\/tajkertesz.com\/#\/schema\/logo\/image\/","url":"https:\/\/tajkertesz.com\/wp-content\/uploads\/2018\/02\/logo-2-e1518678052539.png","contentUrl":"https:\/\/tajkertesz.com\/wp-content\/uploads\/2018\/02\/logo-2-e1518678052539.png","width":81,"height":140,"caption":"T\u00e1j-Kert\u00e9sz 84 Kft."},"image":{"@id":"https:\/\/tajkertesz.com\/#\/schema\/logo\/image\/"},"sameAs":["https:\/\/www.facebook.com\/Tajkertesz\/"]}]}},"_links":{"self":[{"href":"https:\/\/tajkertesz.com\/en_US\/wp-json\/wp\/v2\/product\/17062","targetHints":{"allow":["GET"]}}],"collection":[{"href":"https:\/\/tajkertesz.com\/en_US\/wp-json\/wp\/v2\/product"}],"about":[{"href":"https:\/\/tajkertesz.com\/en_US\/wp-json\/wp\/v2\/types\/product"}],"wp:featuredmedia":[{"embeddable":true,"href":"https:\/\/tajkertesz.com\/en_US\/wp-json\/wp\/v2\/media\/17063"}],"wp:attachment":[{"href":"https:\/\/tajkertesz.com\/en_US\/wp-json\/wp\/v2\/media?parent=17062"}],"wp:term":[{"taxonomy":"product_brand","embeddable":true,"href":"https:\/\/tajkertesz.com\/en_US\/wp-json\/wp\/v2\/product_brand?post=17062"},{"taxonomy":"product_cat","embeddable":true,"href":"https:\/\/tajkertesz.com\/en_US\/wp-json\/wp\/v2\/product_cat?post=17062"},{"taxonomy":"product_tag","embeddable":true,"href":"https:\/\/tajkertesz.com\/en_US\/wp-json\/wp\/v2\/product_tag?post=17062"}],"curies":[{"name":"wp","href":"https:\/\/api.w.org\/{rel}","templated":true}]}}