{"id":17145,"date":"2023-10-05T09:44:32","date_gmt":"2023-10-05T09:44:32","guid":{"rendered":"https:\/\/tajkertesz.com\/?post_type=product&#038;p=17145"},"modified":"2025-10-18T07:32:27","modified_gmt":"2025-10-18T07:32:27","slug":"cotinus-coggygria-lilla-voros-lombu-torpe-cserszomorce","status":"publish","type":"product","link":"https:\/\/tajkertesz.com\/en_US\/product\/cotinus-coggygria-lilla-voros-lombu-torpe-cserszomorce\/","title":{"rendered":"Cotinus coggygria &#8216;Lilla&#8217;, v\u00f6r\u00f6s lomb\u00fa t\u00f6rpe csersz\u00f6m\u00f6rce"},"content":{"rendered":"<p>Cotinus coggygria &#8216;Lilla&#8217;, v\u00f6r\u00f6s lomb\u00fa t\u00f6rpe csersz\u00f6m\u00f6rce<\/p>\n<p>A Cotinus coggygria &#8216;Lilla&#8217;, v\u00f6r\u00f6s lomb\u00fa t\u00f6rpe csersz\u00f6m\u00f6rce 40\/50 cm magas, igen l\u00e1tv\u00e1nyos, s\u00f6t\u00e9t lil\u00e1sv\u00f6r\u00f6s level\u0171 bokor.<\/p>\n<p>Lombja kihajt\u00e1st\u00f3l lombhull\u00e1sig megtartja sz\u00e9p sz\u00edn\u00e9t.<\/p>\n<p>J\u00faniusi vir\u00e1gz\u00e1s\u00e1t k\u00f6vet\u0151en vattacukorszer\u0171, hatalmas lil\u00e1sr\u00f3zsasz\u00edn\u0171 term\u00e9spamacsai d\u00edsz\u00edtik.<\/p>\n<p>Ig\u00e9nyei az alapfaj\u00e9val megegyez\u0151k v\u00e9gmagass\u00e1ga 60\/100cm.<\/p>\n<p>Rendk\u00edv\u00fcl impoz\u00e1ns szoliter n\u00f6v\u00e9ny, az id\u0151nk\u00e9nti ifj\u00edt\u00f3 visszametsz\u00e9st er\u0151s, d\u00fas n\u00f6veked\u00e9ssel \u00e9s csod\u00e1latos lombsz\u00ednnel h\u00e1l\u00e1lja meg.<\/p>\n<p><a href=\"https:\/\/tajkertesz.com\/\">https:\/\/tajkertesz.com\/<\/a><\/p>\n<p><a href=\"https:\/\/hu.wikipedia.org\/wiki\/S%C3%A1rga_csersz%C3%B6m%C3%B6rce\">https:\/\/hu.wikipedia.org\/wiki\/S%C3%A1rga_csersz%C3%B6m%C3%B6rce<\/a><\/p>\n<p><span style=\"color: #ffffff;\">Leggyakrabban 2-3 m\u00e9ter magas, t\u00f6m\u00f6tt, tereb\u00e9lyes bokor, de el\u00e9rheti az 5 m\u00e9teres magass\u00e1got is. Ismertek 100 \u00e9vesn\u00e9l is id\u0151sebb p\u00e9ld\u00e1nyai.<sup id=\"cite_ref-5\" class=\"reference\"><a style=\"color: #ffffff;\" href=\"https:\/\/hu.wikipedia.org\/wiki\/S%C3%A1rga_csersz%C3%B6m%C3%B6rce#cite_note-5\">[4]<\/a><\/sup>\u00a0R\u00fcgyei apr\u00f3k, g\u00f6mb\u00f6lydedek, v\u00f6r\u00f6sesbarna sz\u00edn\u0171ek, a sz\u00e1ron sz\u00f3rt \u00e1ll\u00e1sban helyezkednek el, a f\u00e9lhold alak\u00fa, nagy lev\u00e9lripacs a sz\u00e1r fel\u00fclet\u00e9b\u0151l kiugr\u00f3 lev\u00e9ltalpon \u00fcl. Fiatal hajt\u00e1sait \u00e9s leveleit megd\u00f6rzs\u00f6lve jellegzetesen keserny\u00e9s terpentinillatot \u00e1rasztanak. Hajt\u00e1sai vil\u00e1gosbarna sz\u00edn\u0171ek, v\u00e9kony hengeres fel\u00e9p\u00edt\u00e9s\u0171ek. Levelei 5\u20138\u00a0cm hossz\u00faak, t\u00f6bbnyire kopaszok, de a fon\u00e1kuk pelyhes lehet; a lev\u00e9llemez alakja sz\u00e9les ov\u00e1lis, kerekded vagy ford\u00edtott toj\u00e1sdad alak\u00fa, sz\u00e9le \u00e9p, cs\u00facsa tompa, alapja hirtelen elkeskenyed\u0151. Lombja \u0151sszel m\u00e9ly b\u00edborv\u00f6r\u00f6sre (ritk\u00e1n s\u00e1rg\u00e1ra) sz\u00ednez\u0151dik. Magyarorsz\u00e1gon j\u00faniusban ny\u00edlnak vir\u00e1gai sz\u00e1rv\u00e9gen \u00e1ll\u00f3, piramis alak\u00fa, d\u00fas, fel\u00e1ll\u00f3 bugavir\u00e1gzatban: a vir\u00e1gok s\u00e1rga szirm\u00faak, t\u00f6bbnyire medd\u0151k. A bug\u00e1k sz\u00f6sz\u00f6s d\u00edsz\u00e9t a rengeteg medd\u0151 vir\u00e1g 1\u20135\u00a0cm-es kocs\u00e1nyain fejl\u0151d\u0151 tollas sz\u0151r\u00f6k adj\u00e1k, melyek lil\u00e1spiros, r\u00f3zsasz\u00ednes vagy s\u00e1rg\u00e1sz\u00f6ld sz\u00edn\u0171ek, \u00e9s az elvir\u00e1gz\u00e1s ut\u00e1n m\u00e9g sok\u00e1ig, ak\u00e1r augusztus v\u00e9g\u00e9ig is megmaradnak. A term\u00e9keny vir\u00e1gokb\u00f3l bors\u00f3 m\u00e9ret\u0171, toj\u00e1s alak\u00fa, eleinte piros, \u00e9retten barna sz\u00edn\u0171 csont\u00e1rterm\u00e9sek fejl\u0151dnek.<\/span><\/p>\n<p><span style=\"color: #ffffff;\">Karsztbokorerd\u0151kben, meszes, dolomitos kop\u00e1rokon \u00e9l. A csersz\u00f6m\u00f6rc\u00e9s-molyhos t\u00f6lgyes bokorerd\u0151 (Cotino-Quercetum pubescentis) jellegzetes n\u00f6v\u00e9nye.<sup id=\"cite_ref-6\" class=\"reference\"><a style=\"color: #ffffff;\" href=\"https:\/\/hu.wikipedia.org\/wiki\/S%C3%A1rga_csersz%C3%B6m%C3%B6rce#cite_note-6\">[5]<\/a><\/sup>\u00a0F\u00e9ny- \u00e9s melegkedvel\u0151, j\u00f3l viseli a sz\u00e9ls\u0151s\u00e9ges sz\u00e1razs\u00e1got, viszont fagy\u00e9rz\u00e9keny. Az optim\u00e1lisn\u00e1l m\u00e9lyebbre, nyirkosabb vagy er\u0151sen k\u00f6t\u00f6tt talajra nem \u00e9rdemes \u00fcltetni, mert leveg\u0151ig\u00e9nyes gy\u00f6kerei a\u00a0<i><a class=\"new\" style=\"color: #ffffff;\" title=\"Verticillium (a lap nem l\u00e9tezik)\" href=\"https:\/\/hu.wikipedia.org\/w\/index.php?title=Verticillium&amp;action=edit&amp;redlink=1\">Verticillium<\/a><\/i>\u00a0gomb\u00e1k miatt k\u00f6nnyen megbetegszenek. A sz\u00e1raz r\u00e9zs\u0171k\u00f6n als\u00f3 \u00e1gai a talajfelsz\u00ednre fekszenek \u00e9s legy\u00f6keresednek, ennek k\u00f6sz\u00f6nhet\u0151en megk\u00f6ti a r\u00e9zs\u0171t.<\/span><\/p>\n<p>&nbsp;<\/p>\n","protected":false},"excerpt":{"rendered":"<p>Cotinus coggygria &#8216;Lilla&#8217;, v\u00f6r\u00f6s lomb\u00fa t\u00f6rpe csersz\u00f6m\u00f6rce<\/p>\n<p><em>Magass\u00e1ga:20\/40cm+ a cser\u00e9p<\/em><\/p>\n<p><em>Kont\u00e9ner m\u00e9rete: 4L.<\/em><\/p>\n<p><strong>Eg\u00e9sz \u00e9vben \u00fcltethet\u0151 kont\u00e9neres lombhullat\u00f3 cserje!<\/strong><\/p>\n<p>A Cotinus coggygria &#8216;Lilla&#8217;,Bord\u00f3 level\u0171 csersz\u00f6m\u00f6rce 1m magas, igen l\u00e1tv\u00e1nyos, s\u00f6t\u00e9t lil\u00e1sv\u00f6r\u00f6s level\u0171 bokor.<\/p>\n<p>Lombja kihajt\u00e1st\u00f3l lombhull\u00e1sig megtartja sz\u00e9p sz\u00edn\u00e9t.<\/p>\n<p>J\u00faniusi vir\u00e1gz\u00e1s\u00e1t k\u00f6vet\u0151en vattacukorszer\u0171, hatalmas lil\u00e1sr\u00f3zsasz\u00edn\u0171 term\u00e9spamacsai d\u00edsz\u00edtik.<\/p>\n<p>Ig\u00e9nyei az alapfaj\u00e9val megegyez\u0151k.<\/p>\n<p>Rendk\u00edv\u00fcl impoz\u00e1ns szoliter n\u00f6v\u00e9ny, az id\u0151nk\u00e9nti ifj\u00edt\u00f3 visszametsz\u00e9st er\u0151s, d\u00fas n\u00f6veked\u00e9ssel \u00e9s csod\u00e1latos lombsz\u00ednnel h\u00e1l\u00e1lja meg.<\/p>\n<p>&nbsp;<\/p>","protected":false},"featured_media":1259,"template":"","meta":{"_et_pb_use_builder":"","_et_pb_old_content":"","_et_gb_content_width":""},"product_brand":[],"product_cat":[27],"product_tag":[282,281,219],"class_list":{"0":"post-17145","1":"product","2":"type-product","3":"status-publish","4":"has-post-thumbnail","6":"product_cat-cserjek","7":"product_tag-bordo-levelu-cserszomorce","8":"product_tag-cotinus-coggygria-royal-purple","9":"product_tag-cserszomorce","11":"first","12":"instock","13":"shipping-taxable","14":"purchasable","15":"product-type-simple"},"yoast_head":"<!-- This site is optimized with the Yoast SEO plugin v27.5 - https:\/\/yoast.com\/product\/yoast-seo-wordpress\/ -->\n<title>Cotinus coggygria &#039;Lilla&#039;, v\u00f6r\u00f6s lomb\u00fa t\u00f6rpe csersz\u00f6m\u00f6rce - T\u00e1jkert\u00e9sz<\/title>\n<meta name=\"description\" content=\"A Cotinus coggygria &#039;Lilla&#039;, v\u00f6r\u00f6s lomb\u00fa t\u00f6rpe csersz\u00f6m\u00f6rce. 60\/100 cm magasra n\u00f6v\u0151 , s\u00f6t\u00e9t lil\u00e1sv\u00f6r\u00f6s level\u0171 bokor. Kihajt\u00e1st\u00f3l lombhull\u00e1sig megtartja sz\u00edn\u00e9t.\" \/>\n<meta name=\"robots\" content=\"index, follow, max-snippet:-1, max-image-preview:large, max-video-preview:-1\" \/>\n<link rel=\"canonical\" href=\"https:\/\/tajkertesz.com\/en_US\/product\/cotinus-coggygria-lilla-voros-lombu-torpe-cserszomorce\/\" \/>\n<meta property=\"og:locale\" content=\"en_US\" \/>\n<meta property=\"og:type\" content=\"article\" \/>\n<meta property=\"og:title\" content=\"https:\/\/www.facebook.com\/tajkertesz\/\" \/>\n<meta property=\"og:description\" content=\"A Cotinus coggygria &#039;Lilla&#039;,Bord\u00f3 level\u0171 csersz\u00f6m\u00f6rce 80\/100cm magas, igen l\u00e1tv\u00e1nyos, s\u00f6t\u00e9t lil\u00e1sv\u00f6r\u00f6s level\u0171 bokor.Lombja kihajt\u00e1st\u00f3l lombhull\u00e1sig megtartja sz\u00e9p sz\u00edn\u00e9t.J\u00faniusi vir\u00e1gz\u00e1s\u00e1t k\u00f6vet\u0151en vattacukorszer\u0171, hatalmas lil\u00e1sr\u00f3zsasz\u00edn\u0171 term\u00e9spamacsai d\u00edsz\u00edtik.Ig\u00e9nyei az alapfaj\u00e9val megegyez\u0151k.Rendk\u00edv\u00fcl impoz\u00e1ns szoliter n\u00f6v\u00e9ny, az id\u0151nk\u00e9nti ifj\u00edt\u00f3 visszametsz\u00e9st er\u0151s, d\u00fas n\u00f6veked\u00e9ssel \u00e9s csod\u00e1latos lombsz\u00ednnel h\u00e1l\u00e1lja meg.\" \/>\n<meta property=\"og:url\" content=\"https:\/\/tajkertesz.com\/en_US\/product\/cotinus-coggygria-lilla-voros-lombu-torpe-cserszomorce\/\" \/>\n<meta property=\"og:site_name\" content=\"T\u00e1jkert\u00e9sz\" \/>\n<meta property=\"article:publisher\" content=\"https:\/\/www.facebook.com\/Tajkertesz\/\" \/>\n<meta property=\"article:modified_time\" content=\"2025-10-18T07:32:27+00:00\" \/>\n<meta property=\"og:image\" content=\"https:\/\/tajkertesz.com\/wp-content\/uploads\/2020\/03\/cotinus-royalpurple.jpg\" \/>\n\t<meta property=\"og:image:width\" content=\"500\" \/>\n\t<meta property=\"og:image:height\" content=\"887\" \/>\n\t<meta property=\"og:image:type\" content=\"image\/jpeg\" \/>\n<meta name=\"twitter:card\" content=\"summary_large_image\" \/>\n<meta name=\"twitter:label1\" content=\"Est. reading time\" \/>\n\t<meta name=\"twitter:data1\" content=\"2 minutes\" \/>\n<script type=\"application\/ld+json\" class=\"yoast-schema-graph\">{\"@context\":\"https:\\\/\\\/schema.org\",\"@graph\":[{\"@type\":\"WebPage\",\"@id\":\"https:\\\/\\\/tajkertesz.com\\\/termek\\\/cotinus-coggygria-lilla-voros-lombu-torpe-cserszomorce\\\/\",\"url\":\"https:\\\/\\\/tajkertesz.com\\\/termek\\\/cotinus-coggygria-lilla-voros-lombu-torpe-cserszomorce\\\/\",\"name\":\"Cotinus coggygria 'Lilla', v\u00f6r\u00f6s lomb\u00fa t\u00f6rpe csersz\u00f6m\u00f6rce - T\u00e1jkert\u00e9sz\",\"isPartOf\":{\"@id\":\"https:\\\/\\\/tajkertesz.com\\\/#website\"},\"primaryImageOfPage\":{\"@id\":\"https:\\\/\\\/tajkertesz.com\\\/termek\\\/cotinus-coggygria-lilla-voros-lombu-torpe-cserszomorce\\\/#primaryimage\"},\"image\":{\"@id\":\"https:\\\/\\\/tajkertesz.com\\\/termek\\\/cotinus-coggygria-lilla-voros-lombu-torpe-cserszomorce\\\/#primaryimage\"},\"thumbnailUrl\":\"https:\\\/\\\/tajkertesz.com\\\/wp-content\\\/uploads\\\/2020\\\/03\\\/cotinus-royla-purple.jpg\",\"datePublished\":\"2023-10-05T09:44:32+00:00\",\"dateModified\":\"2025-10-18T07:32:27+00:00\",\"description\":\"A Cotinus coggygria 'Lilla', v\u00f6r\u00f6s lomb\u00fa t\u00f6rpe csersz\u00f6m\u00f6rce. 60\\\/100 cm magasra n\u00f6v\u0151 , s\u00f6t\u00e9t lil\u00e1sv\u00f6r\u00f6s level\u0171 bokor. Kihajt\u00e1st\u00f3l lombhull\u00e1sig megtartja sz\u00edn\u00e9t.\",\"breadcrumb\":{\"@id\":\"https:\\\/\\\/tajkertesz.com\\\/termek\\\/cotinus-coggygria-lilla-voros-lombu-torpe-cserszomorce\\\/#breadcrumb\"},\"inLanguage\":\"en-US\",\"potentialAction\":[{\"@type\":\"ReadAction\",\"target\":[\"https:\\\/\\\/tajkertesz.com\\\/termek\\\/cotinus-coggygria-lilla-voros-lombu-torpe-cserszomorce\\\/\"]}]},{\"@type\":\"ImageObject\",\"inLanguage\":\"en-US\",\"@id\":\"https:\\\/\\\/tajkertesz.com\\\/termek\\\/cotinus-coggygria-lilla-voros-lombu-torpe-cserszomorce\\\/#primaryimage\",\"url\":\"https:\\\/\\\/tajkertesz.com\\\/wp-content\\\/uploads\\\/2020\\\/03\\\/cotinus-royla-purple.jpg\",\"contentUrl\":\"https:\\\/\\\/tajkertesz.com\\\/wp-content\\\/uploads\\\/2020\\\/03\\\/cotinus-royla-purple.jpg\",\"width\":225,\"height\":225},{\"@type\":\"BreadcrumbList\",\"@id\":\"https:\\\/\\\/tajkertesz.com\\\/termek\\\/cotinus-coggygria-lilla-voros-lombu-torpe-cserszomorce\\\/#breadcrumb\",\"itemListElement\":[{\"@type\":\"ListItem\",\"position\":1,\"name\":\"Home\",\"item\":\"https:\\\/\\\/tajkertesz.com\\\/\"},{\"@type\":\"ListItem\",\"position\":2,\"name\":\"Kezd\u0151lap\",\"item\":\"https:\\\/\\\/tajkertesz.com\\\/\"},{\"@type\":\"ListItem\",\"position\":3,\"name\":\"Cotinus coggygria &#8216;Lilla&#8217;, v\u00f6r\u00f6s lomb\u00fa t\u00f6rpe csersz\u00f6m\u00f6rce\"}]},{\"@type\":\"WebSite\",\"@id\":\"https:\\\/\\\/tajkertesz.com\\\/#website\",\"url\":\"https:\\\/\\\/tajkertesz.com\\\/\",\"name\":\"T\u00e1j-Kert\u00e9sz 84 Kft.\",\"description\":\"Kert\u00e9szeti kis- \u00e9s nagykeresked\u00e9s, D\u00edszn\u00f6v\u00e9ny web\u00e1ruh\u00e1z orsz\u00e1gos h\u00e1zhozsz\u00e1ll\u00edt\u00e1ssal!\",\"publisher\":{\"@id\":\"https:\\\/\\\/tajkertesz.com\\\/#organization\"},\"potentialAction\":[{\"@type\":\"SearchAction\",\"target\":{\"@type\":\"EntryPoint\",\"urlTemplate\":\"https:\\\/\\\/tajkertesz.com\\\/?s={search_term_string}\"},\"query-input\":{\"@type\":\"PropertyValueSpecification\",\"valueRequired\":true,\"valueName\":\"search_term_string\"}}],\"inLanguage\":\"en-US\"},{\"@type\":\"Organization\",\"@id\":\"https:\\\/\\\/tajkertesz.com\\\/#organization\",\"name\":\"T\u00e1j-Kert\u00e9sz 84 Kft.\",\"url\":\"https:\\\/\\\/tajkertesz.com\\\/\",\"logo\":{\"@type\":\"ImageObject\",\"inLanguage\":\"en-US\",\"@id\":\"https:\\\/\\\/tajkertesz.com\\\/#\\\/schema\\\/logo\\\/image\\\/\",\"url\":\"https:\\\/\\\/tajkertesz.com\\\/wp-content\\\/uploads\\\/2018\\\/02\\\/logo-2-e1518678052539.png\",\"contentUrl\":\"https:\\\/\\\/tajkertesz.com\\\/wp-content\\\/uploads\\\/2018\\\/02\\\/logo-2-e1518678052539.png\",\"width\":81,\"height\":140,\"caption\":\"T\u00e1j-Kert\u00e9sz 84 Kft.\"},\"image\":{\"@id\":\"https:\\\/\\\/tajkertesz.com\\\/#\\\/schema\\\/logo\\\/image\\\/\"},\"sameAs\":[\"https:\\\/\\\/www.facebook.com\\\/Tajkertesz\\\/\"]}]}<\/script>\n<!-- \/ Yoast SEO plugin. -->","yoast_head_json":{"title":"Cotinus coggygria 'Lilla', v\u00f6r\u00f6s lomb\u00fa t\u00f6rpe csersz\u00f6m\u00f6rce - T\u00e1jkert\u00e9sz","description":"A Cotinus coggygria 'Lilla', v\u00f6r\u00f6s lomb\u00fa t\u00f6rpe csersz\u00f6m\u00f6rce. 60\/100 cm magasra n\u00f6v\u0151 , s\u00f6t\u00e9t lil\u00e1sv\u00f6r\u00f6s level\u0171 bokor. Kihajt\u00e1st\u00f3l lombhull\u00e1sig megtartja sz\u00edn\u00e9t.","robots":{"index":"index","follow":"follow","max-snippet":"max-snippet:-1","max-image-preview":"max-image-preview:large","max-video-preview":"max-video-preview:-1"},"canonical":"https:\/\/tajkertesz.com\/en_US\/product\/cotinus-coggygria-lilla-voros-lombu-torpe-cserszomorce\/","og_locale":"en_US","og_type":"article","og_title":"https:\/\/www.facebook.com\/tajkertesz\/","og_description":"A Cotinus coggygria 'Lilla',Bord\u00f3 level\u0171 csersz\u00f6m\u00f6rce 80\/100cm magas, igen l\u00e1tv\u00e1nyos, s\u00f6t\u00e9t lil\u00e1sv\u00f6r\u00f6s level\u0171 bokor.Lombja kihajt\u00e1st\u00f3l lombhull\u00e1sig megtartja sz\u00e9p sz\u00edn\u00e9t.J\u00faniusi vir\u00e1gz\u00e1s\u00e1t k\u00f6vet\u0151en vattacukorszer\u0171, hatalmas lil\u00e1sr\u00f3zsasz\u00edn\u0171 term\u00e9spamacsai d\u00edsz\u00edtik.Ig\u00e9nyei az alapfaj\u00e9val megegyez\u0151k.Rendk\u00edv\u00fcl impoz\u00e1ns szoliter n\u00f6v\u00e9ny, az id\u0151nk\u00e9nti ifj\u00edt\u00f3 visszametsz\u00e9st er\u0151s, d\u00fas n\u00f6veked\u00e9ssel \u00e9s csod\u00e1latos lombsz\u00ednnel h\u00e1l\u00e1lja meg.","og_url":"https:\/\/tajkertesz.com\/en_US\/product\/cotinus-coggygria-lilla-voros-lombu-torpe-cserszomorce\/","og_site_name":"T\u00e1jkert\u00e9sz","article_publisher":"https:\/\/www.facebook.com\/Tajkertesz\/","article_modified_time":"2025-10-18T07:32:27+00:00","og_image":[{"width":500,"height":887,"url":"https:\/\/tajkertesz.com\/wp-content\/uploads\/2020\/03\/cotinus-royalpurple.jpg","type":"image\/jpeg"}],"twitter_card":"summary_large_image","twitter_misc":{"Est. reading time":"2 minutes"},"schema":{"@context":"https:\/\/schema.org","@graph":[{"@type":"WebPage","@id":"https:\/\/tajkertesz.com\/termek\/cotinus-coggygria-lilla-voros-lombu-torpe-cserszomorce\/","url":"https:\/\/tajkertesz.com\/termek\/cotinus-coggygria-lilla-voros-lombu-torpe-cserszomorce\/","name":"Cotinus coggygria 'Lilla', v\u00f6r\u00f6s lomb\u00fa t\u00f6rpe csersz\u00f6m\u00f6rce - T\u00e1jkert\u00e9sz","isPartOf":{"@id":"https:\/\/tajkertesz.com\/#website"},"primaryImageOfPage":{"@id":"https:\/\/tajkertesz.com\/termek\/cotinus-coggygria-lilla-voros-lombu-torpe-cserszomorce\/#primaryimage"},"image":{"@id":"https:\/\/tajkertesz.com\/termek\/cotinus-coggygria-lilla-voros-lombu-torpe-cserszomorce\/#primaryimage"},"thumbnailUrl":"https:\/\/tajkertesz.com\/wp-content\/uploads\/2020\/03\/cotinus-royla-purple.jpg","datePublished":"2023-10-05T09:44:32+00:00","dateModified":"2025-10-18T07:32:27+00:00","description":"A Cotinus coggygria 'Lilla', v\u00f6r\u00f6s lomb\u00fa t\u00f6rpe csersz\u00f6m\u00f6rce. 60\/100 cm magasra n\u00f6v\u0151 , s\u00f6t\u00e9t lil\u00e1sv\u00f6r\u00f6s level\u0171 bokor. Kihajt\u00e1st\u00f3l lombhull\u00e1sig megtartja sz\u00edn\u00e9t.","breadcrumb":{"@id":"https:\/\/tajkertesz.com\/termek\/cotinus-coggygria-lilla-voros-lombu-torpe-cserszomorce\/#breadcrumb"},"inLanguage":"en-US","potentialAction":[{"@type":"ReadAction","target":["https:\/\/tajkertesz.com\/termek\/cotinus-coggygria-lilla-voros-lombu-torpe-cserszomorce\/"]}]},{"@type":"ImageObject","inLanguage":"en-US","@id":"https:\/\/tajkertesz.com\/termek\/cotinus-coggygria-lilla-voros-lombu-torpe-cserszomorce\/#primaryimage","url":"https:\/\/tajkertesz.com\/wp-content\/uploads\/2020\/03\/cotinus-royla-purple.jpg","contentUrl":"https:\/\/tajkertesz.com\/wp-content\/uploads\/2020\/03\/cotinus-royla-purple.jpg","width":225,"height":225},{"@type":"BreadcrumbList","@id":"https:\/\/tajkertesz.com\/termek\/cotinus-coggygria-lilla-voros-lombu-torpe-cserszomorce\/#breadcrumb","itemListElement":[{"@type":"ListItem","position":1,"name":"Home","item":"https:\/\/tajkertesz.com\/"},{"@type":"ListItem","position":2,"name":"Kezd\u0151lap","item":"https:\/\/tajkertesz.com\/"},{"@type":"ListItem","position":3,"name":"Cotinus coggygria &#8216;Lilla&#8217;, v\u00f6r\u00f6s lomb\u00fa t\u00f6rpe csersz\u00f6m\u00f6rce"}]},{"@type":"WebSite","@id":"https:\/\/tajkertesz.com\/#website","url":"https:\/\/tajkertesz.com\/","name":"T\u00e1j-Kert\u00e9sz 84 Kft.","description":"Kert\u00e9szeti kis- \u00e9s nagykeresked\u00e9s, D\u00edszn\u00f6v\u00e9ny web\u00e1ruh\u00e1z orsz\u00e1gos h\u00e1zhozsz\u00e1ll\u00edt\u00e1ssal!","publisher":{"@id":"https:\/\/tajkertesz.com\/#organization"},"potentialAction":[{"@type":"SearchAction","target":{"@type":"EntryPoint","urlTemplate":"https:\/\/tajkertesz.com\/?s={search_term_string}"},"query-input":{"@type":"PropertyValueSpecification","valueRequired":true,"valueName":"search_term_string"}}],"inLanguage":"en-US"},{"@type":"Organization","@id":"https:\/\/tajkertesz.com\/#organization","name":"T\u00e1j-Kert\u00e9sz 84 Kft.","url":"https:\/\/tajkertesz.com\/","logo":{"@type":"ImageObject","inLanguage":"en-US","@id":"https:\/\/tajkertesz.com\/#\/schema\/logo\/image\/","url":"https:\/\/tajkertesz.com\/wp-content\/uploads\/2018\/02\/logo-2-e1518678052539.png","contentUrl":"https:\/\/tajkertesz.com\/wp-content\/uploads\/2018\/02\/logo-2-e1518678052539.png","width":81,"height":140,"caption":"T\u00e1j-Kert\u00e9sz 84 Kft."},"image":{"@id":"https:\/\/tajkertesz.com\/#\/schema\/logo\/image\/"},"sameAs":["https:\/\/www.facebook.com\/Tajkertesz\/"]}]}},"_links":{"self":[{"href":"https:\/\/tajkertesz.com\/en_US\/wp-json\/wp\/v2\/product\/17145","targetHints":{"allow":["GET"]}}],"collection":[{"href":"https:\/\/tajkertesz.com\/en_US\/wp-json\/wp\/v2\/product"}],"about":[{"href":"https:\/\/tajkertesz.com\/en_US\/wp-json\/wp\/v2\/types\/product"}],"wp:featuredmedia":[{"embeddable":true,"href":"https:\/\/tajkertesz.com\/en_US\/wp-json\/wp\/v2\/media\/1259"}],"wp:attachment":[{"href":"https:\/\/tajkertesz.com\/en_US\/wp-json\/wp\/v2\/media?parent=17145"}],"wp:term":[{"taxonomy":"product_brand","embeddable":true,"href":"https:\/\/tajkertesz.com\/en_US\/wp-json\/wp\/v2\/product_brand?post=17145"},{"taxonomy":"product_cat","embeddable":true,"href":"https:\/\/tajkertesz.com\/en_US\/wp-json\/wp\/v2\/product_cat?post=17145"},{"taxonomy":"product_tag","embeddable":true,"href":"https:\/\/tajkertesz.com\/en_US\/wp-json\/wp\/v2\/product_tag?post=17145"}],"curies":[{"name":"wp","href":"https:\/\/api.w.org\/{rel}","templated":true}]}}