{"id":17179,"date":"2023-10-09T11:56:43","date_gmt":"2023-10-09T11:56:43","guid":{"rendered":"https:\/\/tajkertesz.com\/?post_type=product&#038;p=17179"},"modified":"2026-02-12T14:24:39","modified_gmt":"2026-02-12T14:24:39","slug":"platanus-acerifolia-spalettas-kozonseges-platan","status":"publish","type":"product","link":"https:\/\/tajkertesz.com\/en_US\/product\/platanus-acerifolia-spalettas-kozonseges-platan\/","title":{"rendered":"Platanus acerifolia &#8211; Spalett\u00e1s k\u00f6z\u00f6ns\u00e9ges plat\u00e1n"},"content":{"rendered":"<h1>Platanus acerifolia &#8211; Spalett\u00e1s k\u00f6z\u00f6ns\u00e9ges plat\u00e1n<\/h1>\n<p>A Platanus acerifolia &#8211; Spalett\u00e1s k\u00f6z\u00f6ns\u00e9ges plat\u00e1n egy hibrid fa, amely a keleti plat\u00e1n (Platanus orientalis) \u00e9s a nyugati plat\u00e1n (Platanus occidentalis) keresztez\u00e9s\u00e9b\u0151l sz\u00e1rmazik. Ez a fa k\u00fcl\u00f6n\u00f6sen n\u00e9pszer\u0171 v\u00e1rosi k\u00f6rnyezetben, mivel j\u00f3l t\u0171ri a szennyezett leveg\u0151t \u00e9s a korl\u00e1tozott gy\u00f6k\u00e9rteret.<\/p>\n<h2>Platanus acerifolia &#8211; k\u00f6z\u00f6ns\u00e9ges plat\u00e1n jellemz\u0151i<\/h2>\n<p>A k\u00f6z\u00f6ns\u00e9ges plat\u00e1n nagy m\u00e9ret\u0171 lombhullat\u00f3 fa, amely ak\u00e1r 30-40 m\u00e9ter magasra is megn\u0151het. Sz\u00e9les, kiterjedt koron\u00e1ja jellemzi, amely \u00e1rny\u00e9kot biztos\u00edt a forr\u00f3 ny\u00e1ri napokon. A fa k\u00e9rge jellegzetesen nagy lapokban v\u00e1lik le, ami k\u00fcl\u00f6nleges megjelen\u00e9st k\u00f6lcs\u00f6n\u00f6z neki. Levelei nagyok, 10-20 cm hossz\u00faak \u00e9s 12-25 cm sz\u00e9lesek, 3-5 kar\u00e9j\u00faak, juharszer\u0171ek. Tavasszal ny\u00edlnak s\u00e1rg\u00e1sz\u00f6ld vir\u00e1gai, amelyekb\u0151l k\u00e9s\u0151bb barna, g\u00f6mb\u00f6lyded term\u00e9sek fejl\u0151dnek.<\/p>\n<h3>A k\u00f6z\u00f6ns\u00e9ges plat\u00e1n gondoz\u00e1sa<\/h3>\n<p>A k\u00f6z\u00f6ns\u00e9ges plat\u00e1n j\u00f3l alkalmazkodik a k\u00fcl\u00f6nb\u00f6z\u0151 talajt\u00edpusokhoz, de legjobban a laza, j\u00f3 v\u00edzelvezet\u00e9s\u0171, t\u00e1panyagban gazdag talajban fejl\u0151dik. Kedveli a napos, meleg helyeket, \u00e9s j\u00f3l t\u0171ri a v\u00e1rosi k\u00f6rnyezetet, bele\u00e9rtve a l\u00e9gszennyez\u00e9st is. Fagyt\u0171r\u0151 k\u00e9pess\u00e9ge miatt sz\u00e9les k\u00f6rben elterjedt Eur\u00f3p\u00e1ban \u00e9s \u00c9szak-Amerik\u00e1ban is.<\/p>\n<p>A Platanus acerifolia k\u00fcl\u00f6n\u00f6sen n\u00e9pszer\u0171 d\u00edszfa,amelyet\u00a0 gyakran \u00fcltetnek parkokba, utc\u00e1ra \u00e9s nagyobb kertekbe. A k\u00f6z\u00f6ns\u00e9ges plat\u00e1n lombkoron\u00e1ja sok f\u00e9nyt enged \u00e1t, ami lehet\u0151v\u00e9 teszi, hogy alatta m\u00e1s n\u00f6v\u00e9nyek is j\u00f3l fejl\u0151djenek. Emellett a fa metsz\u00e9se is k\u00f6nnyen megoldhat\u00f3, \u00edgy magass\u00e1ga \u00e9s form\u00e1ja j\u00f3l szab\u00e1lyozhat\u00f3.<\/p>\n<p><span style=\"color: #ff0000;\">M\u00e9ret\u00e9n\u00e9l fogva postai csomagk\u00e9nt val\u00f3 sz\u00e1ll\u00edt\u00e1sa nem megoldhat\u00f3!<\/span><\/p>\n<p>A n\u00f6v\u00e9nyekr\u0151l felt\u00f6lt\u00f6tt k\u00e9pek illusztr\u00e1ci\u00f3k. N\u00f6v\u00e9nyekn\u00e9l el\u0151fordulhatnak minim\u00e1lis elt\u00e9r\u00e9sek a k\u00e9peken szerepl\u0151 n\u00f6v\u00e9nyek \u00e9s az \u00e1tvett n\u00f6v\u00e9nyek k\u00f6z\u00f6tt, mivel minden n\u00f6v\u00e9ny egyedi.<\/p>\n<p style=\"line-height: 18.0pt; background: white; margin: 0cm 0cm 15.0pt 0cm;\"><b><span style=\"font-family: 'Ubuntu',sans-serif; color: black;\">K\u00e9szlet\u00fcnk napi szinten v\u00e1ltozik, ez\u00e9rt k\u00e9rj\u00fck, \u00e9rdekl\u0151dj\u00f6n szem\u00e9lyesen, telefonon vagy email-en.<br \/>\nA v\u00e1ltoztat\u00e1s jog\u00e1t fenntartjuk!\u00a0<\/span><\/b><\/p>\n<p><a href=\"https:\/\/tajkertesz.com\/\">https:\/\/tajkertesz.com\/<\/a><\/p>\n<p><a href=\"https:\/\/www.facebook.com\/tajkertesz\/\">https:\/\/www.facebook.com\/tajkertesz\/<\/a><\/p>\n<p>Kisz\u00e1ll\u00edt\u00e1s: 200cm-ig \u00e9s 40 kg-ig a sz\u00e1ll\u00edt\u00e1s fut\u00e1rszolg\u00e1lattal t\u00f6rt\u00e9nik.<\/p>\n<p>Szem\u00e9lyes \u00e1tv\u00e9tel nyitvatart\u00e1si id\u0151ben a 17. ker\u00fclet Bakancsos utca 7. sz\u00e1m alatti Kert\u00e9szeti \u00e1rud\u00e1nkban.<\/p>\n<p>Abban az esetben, ha a megrendelt n\u00f6v\u00e9ny\u00a0a sz\u00e1ll\u00edt\u00e1st k\u00f6vet\u0151en\u00a0nem megfelel\u0151 gondoz\u00e1sban r\u00e9szes\u00fcl \u00e9s ebb\u0151l kifoly\u00f3lag\u00a0k\u00e1rosodik,\u00a0elpusztul, felel\u0151ss\u00e9get sajnos nem tudunk v\u00e1llalni.<\/p>\n<p>V\u00e1s\u00e1rl\u00e1st\u00f3l val\u00f3 el\u00e1ll\u00e1s \u00e9l\u0151 n\u00f6v\u00e9ny v\u00e1s\u00e1rl\u00e1sa eset\u00e9n:<\/p>\n<p>Az \u00e1ltal\u00e1nos 14 napos el\u00e1ll\u00e1s lehet\u0151s\u00e9ge \u00e9l\u0151 n\u00f6v\u00e9nyekre nem vonatkozik. V\u00e1s\u00e1rl\u00e1st\u00f3l val\u00f3 el\u00e1ll\u00e1sra, visszak\u00fcld\u00e9sre nincs lehet\u0151s\u00e9g.\u00a0(17\/1999. (II. 5.) Korm. rendelet 5c pontja)<\/p>\n<p>&nbsp;<\/p>\n<p><strong>K\u00e9rj\u00fck fentiek figyelembev\u00e9tel\u00e9t n\u00f6v\u00e9ny rendel\u00e9se sor\u00e1n!<\/strong><\/p>","protected":false},"excerpt":{"rendered":"<h2>Platanus Acerifolia\/Plat\u00e1nfa lapos koron\u00e1val<\/h2>\n<p><em>Juharlevel\u0171 plat\u00e1nfa.<\/em><\/p>\n<p>Kont\u00e9ner m\u00e9rete: 35L<\/p>\n<p>T\u00f6rzsm\u00e9rete: 18\/20cm<\/p>\n<p>S\u0171r\u0171, nagy koron\u00e1t nevel\u0151, 20-35 m magas, lombhullat\u00f3 d\u00edszfa. T\u00f6rzs\u00e9t pikkelyes k\u00e9reg fedi, mely kisebb-nagyobb darabokban lev\u00e1lik. Napos helyet kedvel. M\u00e9lyr\u00e9teg\u0171, t\u00e1pd\u00fas talajban gyorsan n\u00f6vekszik&#8230;<\/p>\n<h2><span style=\"color: #ff0000;\"><strong>M\u00e9rete miatt postai csomagk\u00e9nt nem tudjuk elk\u00fcldeni!<\/strong><\/span><\/h2>\n<div id=\"bodyContent\" class=\"mw-body-content\">\n<div id=\"mw-content-text\" class=\"mw-content-ltr\" dir=\"ltr\" lang=\"hu\">\n<div id=\"bodyContent\" class=\"mw-body-content\">\n<div id=\"mw-content-text\" class=\"mw-content-ltr\" dir=\"ltr\" lang=\"hu\">\n<p><b>K\u00e9szlet\u00fcnk napi szinten v\u00e1ltozik, ez\u00e9rt k\u00e9rj\u00fck, \u00e9rdekl\u0151dj\u00f6n szem\u00e9lyesen, telefonon vagy email-en.<\/b><\/p>\n<p>Term\u00e9keinket szem\u00e9lyesen is \u00e1tveheti a h\u00e9t minden napj\u00e1n nyitvatart\u00e1si id\u0151ben!<\/p>\n<p>Kisz\u00e1ll\u00edt\u00e1s: 200 cm \u00e9s 40 kg-ig a sz\u00e1ll\u00edt\u00e1s fut\u00e1rszolg\u00e1lattal t\u00f6rt\u00e9nik.<\/p>\n<\/div>\n<\/div>\n<\/div>\n<\/div>\n<p><b>A v\u00e1ltoztat\u00e1s jog\u00e1t fenntartjuk!\u00a0<\/b><\/p>","protected":false},"featured_media":17181,"template":"","meta":{"_et_pb_use_builder":"","_et_pb_old_content":"","_et_gb_content_width":""},"product_brand":[],"product_cat":[28,4189],"product_tag":[33,21,4410,4409],"class_list":{"0":"post-17179","1":"product","2":"type-product","3":"status-publish","4":"has-post-thumbnail","6":"product_cat-diszfak","7":"product_cat-terelvalaszto-novenyek","8":"product_tag-diszfa","9":"product_tag-fa","10":"product_tag-konteneres-diszfa","11":"product_tag-platanfa","13":"first","14":"instock","15":"shipping-taxable","16":"purchasable","17":"product-type-simple"},"yoast_head":"<!-- This site is optimized with the Yoast SEO plugin v27.3 - https:\/\/yoast.com\/product\/yoast-seo-wordpress\/ -->\n<title>Platanus acerifolia - Spalett\u00e1s k\u00f6z\u00f6ns\u00e9ges plat\u00e1n - T\u00e1jkert\u00e9sz<\/title>\n<meta name=\"description\" content=\"Platanus acerifolia - Spalett\u00e1s k\u00f6z\u00f6ns\u00e9ges plat\u00e1n S\u0171r\u0171, nagy koron\u00e1t nevel\u0151, 20-35 m magas, lombhullat\u00f3 d\u00edszfa. T\u00f6rzs\u00e9t pikkelyes k\u00e9reg fedi, mely kisebb...\" \/>\n<meta name=\"robots\" content=\"index, follow, max-snippet:-1, max-image-preview:large, max-video-preview:-1\" \/>\n<link rel=\"canonical\" href=\"https:\/\/tajkertesz.com\/en_US\/product\/platanus-acerifolia-spalettas-kozonseges-platan\/\" \/>\n<meta property=\"og:locale\" content=\"en_US\" \/>\n<meta property=\"og:type\" content=\"article\" \/>\n<meta property=\"og:title\" content=\"https:\/\/www.facebook.com\/tajkertesz\/\" \/>\n<meta property=\"og:description\" content=\"Juharlevel\u0171 plat\u00e1nfa.S\u0171r\u0171, nagy koron\u00e1t nevel\u0151, 20-35 m magas, lombhullat\u00f3 d\u00edszfa. T\u00f6rzs\u00e9t pikkelyes k\u00e9reg fedi, mely kisebb-nagyobb darabokban lev\u00e1lik. Napos helyet kedvel. M\u00e9lyr\u00e9teg\u0171, t\u00e1pd\u00fas talajban gyorsan n\u00f6vekszik.\" \/>\n<meta property=\"og:url\" content=\"https:\/\/tajkertesz.com\/en_US\/product\/platanus-acerifolia-spalettas-kozonseges-platan\/\" \/>\n<meta property=\"og:site_name\" content=\"T\u00e1jkert\u00e9sz\" \/>\n<meta property=\"article:publisher\" content=\"https:\/\/www.facebook.com\/Tajkertesz\/\" \/>\n<meta property=\"article:modified_time\" content=\"2026-02-12T14:24:39+00:00\" \/>\n<meta property=\"og:image\" content=\"https:\/\/tajkertesz.com\/wp-content\/uploads\/2023\/10\/PLA_AC_TT_A__T28B_42.jpg\" \/>\n\t<meta property=\"og:image:width\" content=\"450\" \/>\n\t<meta property=\"og:image:height\" content=\"600\" \/>\n\t<meta property=\"og:image:type\" content=\"image\/jpeg\" \/>\n<meta name=\"twitter:card\" content=\"summary_large_image\" \/>\n<meta name=\"twitter:label1\" content=\"Est. reading time\" \/>\n\t<meta name=\"twitter:data1\" content=\"3 minutes\" \/>\n<script type=\"application\/ld+json\" class=\"yoast-schema-graph\">{\"@context\":\"https:\\\/\\\/schema.org\",\"@graph\":[{\"@type\":\"WebPage\",\"@id\":\"https:\\\/\\\/tajkertesz.com\\\/termek\\\/platanus-acerifolia-spalettas-kozonseges-platan\\\/\",\"url\":\"https:\\\/\\\/tajkertesz.com\\\/termek\\\/platanus-acerifolia-spalettas-kozonseges-platan\\\/\",\"name\":\"Platanus acerifolia - Spalett\u00e1s k\u00f6z\u00f6ns\u00e9ges plat\u00e1n - T\u00e1jkert\u00e9sz\",\"isPartOf\":{\"@id\":\"https:\\\/\\\/tajkertesz.com\\\/#website\"},\"primaryImageOfPage\":{\"@id\":\"https:\\\/\\\/tajkertesz.com\\\/termek\\\/platanus-acerifolia-spalettas-kozonseges-platan\\\/#primaryimage\"},\"image\":{\"@id\":\"https:\\\/\\\/tajkertesz.com\\\/termek\\\/platanus-acerifolia-spalettas-kozonseges-platan\\\/#primaryimage\"},\"thumbnailUrl\":\"https:\\\/\\\/tajkertesz.com\\\/wp-content\\\/uploads\\\/2023\\\/10\\\/PLA_AC_TT_A__T28B_42.jpg\",\"datePublished\":\"2023-10-09T11:56:43+00:00\",\"dateModified\":\"2026-02-12T14:24:39+00:00\",\"description\":\"Platanus acerifolia - Spalett\u00e1s k\u00f6z\u00f6ns\u00e9ges plat\u00e1n S\u0171r\u0171, nagy koron\u00e1t nevel\u0151, 20-35 m magas, lombhullat\u00f3 d\u00edszfa. T\u00f6rzs\u00e9t pikkelyes k\u00e9reg fedi, mely kisebb...\",\"breadcrumb\":{\"@id\":\"https:\\\/\\\/tajkertesz.com\\\/termek\\\/platanus-acerifolia-spalettas-kozonseges-platan\\\/#breadcrumb\"},\"inLanguage\":\"en-US\",\"potentialAction\":[{\"@type\":\"ReadAction\",\"target\":[\"https:\\\/\\\/tajkertesz.com\\\/termek\\\/platanus-acerifolia-spalettas-kozonseges-platan\\\/\"]}]},{\"@type\":\"ImageObject\",\"inLanguage\":\"en-US\",\"@id\":\"https:\\\/\\\/tajkertesz.com\\\/termek\\\/platanus-acerifolia-spalettas-kozonseges-platan\\\/#primaryimage\",\"url\":\"https:\\\/\\\/tajkertesz.com\\\/wp-content\\\/uploads\\\/2023\\\/10\\\/PLA_AC_TT_A__T28B_42.jpg\",\"contentUrl\":\"https:\\\/\\\/tajkertesz.com\\\/wp-content\\\/uploads\\\/2023\\\/10\\\/PLA_AC_TT_A__T28B_42.jpg\",\"width\":450,\"height\":600,\"caption\":\"Platanus acerifolia - Juharlevel\u0171 plat\u00e1n lapos koron\u00e1val\"},{\"@type\":\"BreadcrumbList\",\"@id\":\"https:\\\/\\\/tajkertesz.com\\\/termek\\\/platanus-acerifolia-spalettas-kozonseges-platan\\\/#breadcrumb\",\"itemListElement\":[{\"@type\":\"ListItem\",\"position\":1,\"name\":\"Home\",\"item\":\"https:\\\/\\\/tajkertesz.com\\\/\"},{\"@type\":\"ListItem\",\"position\":2,\"name\":\"Kezd\u0151lap\",\"item\":\"https:\\\/\\\/tajkertesz.com\\\/\"},{\"@type\":\"ListItem\",\"position\":3,\"name\":\"Platanus acerifolia &#8211; Spalett\u00e1s k\u00f6z\u00f6ns\u00e9ges plat\u00e1n\"}]},{\"@type\":\"WebSite\",\"@id\":\"https:\\\/\\\/tajkertesz.com\\\/#website\",\"url\":\"https:\\\/\\\/tajkertesz.com\\\/\",\"name\":\"T\u00e1j-Kert\u00e9sz 84 Kft.\",\"description\":\"Kert\u00e9szeti kis- \u00e9s nagykeresked\u00e9s, D\u00edszn\u00f6v\u00e9ny web\u00e1ruh\u00e1z orsz\u00e1gos h\u00e1zhozsz\u00e1ll\u00edt\u00e1ssal!\",\"publisher\":{\"@id\":\"https:\\\/\\\/tajkertesz.com\\\/#organization\"},\"potentialAction\":[{\"@type\":\"SearchAction\",\"target\":{\"@type\":\"EntryPoint\",\"urlTemplate\":\"https:\\\/\\\/tajkertesz.com\\\/?s={search_term_string}\"},\"query-input\":{\"@type\":\"PropertyValueSpecification\",\"valueRequired\":true,\"valueName\":\"search_term_string\"}}],\"inLanguage\":\"en-US\"},{\"@type\":\"Organization\",\"@id\":\"https:\\\/\\\/tajkertesz.com\\\/#organization\",\"name\":\"T\u00e1j-Kert\u00e9sz 84 Kft.\",\"url\":\"https:\\\/\\\/tajkertesz.com\\\/\",\"logo\":{\"@type\":\"ImageObject\",\"inLanguage\":\"en-US\",\"@id\":\"https:\\\/\\\/tajkertesz.com\\\/#\\\/schema\\\/logo\\\/image\\\/\",\"url\":\"https:\\\/\\\/tajkertesz.com\\\/wp-content\\\/uploads\\\/2018\\\/02\\\/logo-2-e1518678052539.png\",\"contentUrl\":\"https:\\\/\\\/tajkertesz.com\\\/wp-content\\\/uploads\\\/2018\\\/02\\\/logo-2-e1518678052539.png\",\"width\":81,\"height\":140,\"caption\":\"T\u00e1j-Kert\u00e9sz 84 Kft.\"},\"image\":{\"@id\":\"https:\\\/\\\/tajkertesz.com\\\/#\\\/schema\\\/logo\\\/image\\\/\"},\"sameAs\":[\"https:\\\/\\\/www.facebook.com\\\/Tajkertesz\\\/\"]}]}<\/script>\n<!-- \/ Yoast SEO plugin. -->","yoast_head_json":{"title":"Platanus acerifolia - Spalett\u00e1s k\u00f6z\u00f6ns\u00e9ges plat\u00e1n - T\u00e1jkert\u00e9sz","description":"Platanus acerifolia - Spalett\u00e1s k\u00f6z\u00f6ns\u00e9ges plat\u00e1n S\u0171r\u0171, nagy koron\u00e1t nevel\u0151, 20-35 m magas, lombhullat\u00f3 d\u00edszfa. T\u00f6rzs\u00e9t pikkelyes k\u00e9reg fedi, mely kisebb...","robots":{"index":"index","follow":"follow","max-snippet":"max-snippet:-1","max-image-preview":"max-image-preview:large","max-video-preview":"max-video-preview:-1"},"canonical":"https:\/\/tajkertesz.com\/en_US\/product\/platanus-acerifolia-spalettas-kozonseges-platan\/","og_locale":"en_US","og_type":"article","og_title":"https:\/\/www.facebook.com\/tajkertesz\/","og_description":"Juharlevel\u0171 plat\u00e1nfa.S\u0171r\u0171, nagy koron\u00e1t nevel\u0151, 20-35 m magas, lombhullat\u00f3 d\u00edszfa. T\u00f6rzs\u00e9t pikkelyes k\u00e9reg fedi, mely kisebb-nagyobb darabokban lev\u00e1lik. Napos helyet kedvel. M\u00e9lyr\u00e9teg\u0171, t\u00e1pd\u00fas talajban gyorsan n\u00f6vekszik.","og_url":"https:\/\/tajkertesz.com\/en_US\/product\/platanus-acerifolia-spalettas-kozonseges-platan\/","og_site_name":"T\u00e1jkert\u00e9sz","article_publisher":"https:\/\/www.facebook.com\/Tajkertesz\/","article_modified_time":"2026-02-12T14:24:39+00:00","og_image":[{"width":450,"height":600,"url":"https:\/\/tajkertesz.com\/wp-content\/uploads\/2023\/10\/PLA_AC_TT_A__T28B_42.jpg","type":"image\/jpeg"}],"twitter_card":"summary_large_image","twitter_misc":{"Est. reading time":"3 minutes"},"schema":{"@context":"https:\/\/schema.org","@graph":[{"@type":"WebPage","@id":"https:\/\/tajkertesz.com\/termek\/platanus-acerifolia-spalettas-kozonseges-platan\/","url":"https:\/\/tajkertesz.com\/termek\/platanus-acerifolia-spalettas-kozonseges-platan\/","name":"Platanus acerifolia - Spalett\u00e1s k\u00f6z\u00f6ns\u00e9ges plat\u00e1n - T\u00e1jkert\u00e9sz","isPartOf":{"@id":"https:\/\/tajkertesz.com\/#website"},"primaryImageOfPage":{"@id":"https:\/\/tajkertesz.com\/termek\/platanus-acerifolia-spalettas-kozonseges-platan\/#primaryimage"},"image":{"@id":"https:\/\/tajkertesz.com\/termek\/platanus-acerifolia-spalettas-kozonseges-platan\/#primaryimage"},"thumbnailUrl":"https:\/\/tajkertesz.com\/wp-content\/uploads\/2023\/10\/PLA_AC_TT_A__T28B_42.jpg","datePublished":"2023-10-09T11:56:43+00:00","dateModified":"2026-02-12T14:24:39+00:00","description":"Platanus acerifolia - Spalett\u00e1s k\u00f6z\u00f6ns\u00e9ges plat\u00e1n S\u0171r\u0171, nagy koron\u00e1t nevel\u0151, 20-35 m magas, lombhullat\u00f3 d\u00edszfa. T\u00f6rzs\u00e9t pikkelyes k\u00e9reg fedi, mely kisebb...","breadcrumb":{"@id":"https:\/\/tajkertesz.com\/termek\/platanus-acerifolia-spalettas-kozonseges-platan\/#breadcrumb"},"inLanguage":"en-US","potentialAction":[{"@type":"ReadAction","target":["https:\/\/tajkertesz.com\/termek\/platanus-acerifolia-spalettas-kozonseges-platan\/"]}]},{"@type":"ImageObject","inLanguage":"en-US","@id":"https:\/\/tajkertesz.com\/termek\/platanus-acerifolia-spalettas-kozonseges-platan\/#primaryimage","url":"https:\/\/tajkertesz.com\/wp-content\/uploads\/2023\/10\/PLA_AC_TT_A__T28B_42.jpg","contentUrl":"https:\/\/tajkertesz.com\/wp-content\/uploads\/2023\/10\/PLA_AC_TT_A__T28B_42.jpg","width":450,"height":600,"caption":"Platanus acerifolia - Juharlevel\u0171 plat\u00e1n lapos koron\u00e1val"},{"@type":"BreadcrumbList","@id":"https:\/\/tajkertesz.com\/termek\/platanus-acerifolia-spalettas-kozonseges-platan\/#breadcrumb","itemListElement":[{"@type":"ListItem","position":1,"name":"Home","item":"https:\/\/tajkertesz.com\/"},{"@type":"ListItem","position":2,"name":"Kezd\u0151lap","item":"https:\/\/tajkertesz.com\/"},{"@type":"ListItem","position":3,"name":"Platanus acerifolia &#8211; Spalett\u00e1s k\u00f6z\u00f6ns\u00e9ges plat\u00e1n"}]},{"@type":"WebSite","@id":"https:\/\/tajkertesz.com\/#website","url":"https:\/\/tajkertesz.com\/","name":"T\u00e1j-Kert\u00e9sz 84 Kft.","description":"Kert\u00e9szeti kis- \u00e9s nagykeresked\u00e9s, D\u00edszn\u00f6v\u00e9ny web\u00e1ruh\u00e1z orsz\u00e1gos h\u00e1zhozsz\u00e1ll\u00edt\u00e1ssal!","publisher":{"@id":"https:\/\/tajkertesz.com\/#organization"},"potentialAction":[{"@type":"SearchAction","target":{"@type":"EntryPoint","urlTemplate":"https:\/\/tajkertesz.com\/?s={search_term_string}"},"query-input":{"@type":"PropertyValueSpecification","valueRequired":true,"valueName":"search_term_string"}}],"inLanguage":"en-US"},{"@type":"Organization","@id":"https:\/\/tajkertesz.com\/#organization","name":"T\u00e1j-Kert\u00e9sz 84 Kft.","url":"https:\/\/tajkertesz.com\/","logo":{"@type":"ImageObject","inLanguage":"en-US","@id":"https:\/\/tajkertesz.com\/#\/schema\/logo\/image\/","url":"https:\/\/tajkertesz.com\/wp-content\/uploads\/2018\/02\/logo-2-e1518678052539.png","contentUrl":"https:\/\/tajkertesz.com\/wp-content\/uploads\/2018\/02\/logo-2-e1518678052539.png","width":81,"height":140,"caption":"T\u00e1j-Kert\u00e9sz 84 Kft."},"image":{"@id":"https:\/\/tajkertesz.com\/#\/schema\/logo\/image\/"},"sameAs":["https:\/\/www.facebook.com\/Tajkertesz\/"]}]}},"_links":{"self":[{"href":"https:\/\/tajkertesz.com\/en_US\/wp-json\/wp\/v2\/product\/17179","targetHints":{"allow":["GET"]}}],"collection":[{"href":"https:\/\/tajkertesz.com\/en_US\/wp-json\/wp\/v2\/product"}],"about":[{"href":"https:\/\/tajkertesz.com\/en_US\/wp-json\/wp\/v2\/types\/product"}],"wp:featuredmedia":[{"embeddable":true,"href":"https:\/\/tajkertesz.com\/en_US\/wp-json\/wp\/v2\/media\/17181"}],"wp:attachment":[{"href":"https:\/\/tajkertesz.com\/en_US\/wp-json\/wp\/v2\/media?parent=17179"}],"wp:term":[{"taxonomy":"product_brand","embeddable":true,"href":"https:\/\/tajkertesz.com\/en_US\/wp-json\/wp\/v2\/product_brand?post=17179"},{"taxonomy":"product_cat","embeddable":true,"href":"https:\/\/tajkertesz.com\/en_US\/wp-json\/wp\/v2\/product_cat?post=17179"},{"taxonomy":"product_tag","embeddable":true,"href":"https:\/\/tajkertesz.com\/en_US\/wp-json\/wp\/v2\/product_tag?post=17179"}],"curies":[{"name":"wp","href":"https:\/\/api.w.org\/{rel}","templated":true}]}}