{"id":1718,"date":"2020-04-07T13:05:26","date_gmt":"2020-04-07T13:05:26","guid":{"rendered":"https:\/\/tajkertesz.com\/?post_type=product&#038;p=1718"},"modified":"2026-04-28T11:34:14","modified_gmt":"2026-04-28T11:34:14","slug":"cortaderia-selloana-white","status":"publish","type":"product","link":"https:\/\/tajkertesz.com\/en_US\/product\/cortaderia-selloana-white\/","title":{"rendered":"Cortaderia selloana &#8216;White&#8217; &#8211; Feh\u00e9r vir\u00e1g\u00fa pampaf\u0171"},"content":{"rendered":"<h1>Cortaderia selloana &#8216;White&#8217; &#8211; Feh\u00e9r vir\u00e1g\u00fa pampaf\u0171<\/h1>\n<p data-start=\"600\" data-end=\"907\">A <strong data-start=\"602\" data-end=\"633\">Cortaderia selloana \u2018White\u2019<\/strong>, k\u00f6zismert nev\u00e9n <strong data-start=\"651\" data-end=\"668\">feh\u00e9r pampaf\u0171<\/strong>, egy l\u00e1tv\u00e1nyos, nagytermet\u0171 d\u00edszf\u0171, amely karakteres megjelen\u00e9s\u00e9vel azonnal mag\u00e1ra vonja a figyelmet. Hossz\u00fa, \u00edves levelei \u00e9s \u0151sszel megjelen\u0151, <strong data-start=\"813\" data-end=\"848\">kr\u00e9mfeh\u00e9r, tollszer\u0171 vir\u00e1gbug\u00e1i<\/strong> eleg\u00e1ns \u00e9s exkluz\u00edv hangulatot teremtenek b\u00e1rmely kertben.<\/p>\n<p data-start=\"909\" data-end=\"1138\">A pampaf\u0171 kiv\u00e1l\u00f3an alkalmas <strong data-start=\"937\" data-end=\"960\">szoliter n\u00f6v\u00e9nyk\u00e9nt<\/strong>, de \u00fcltethet\u0151 ker\u00edt\u00e9sek mell\u00e9, kerti tavak k\u00f6zel\u00e9be vagy nagyobb vir\u00e1g\u00e1gy\u00e1sok h\u00e1tter\u00e9be is. Gyors n\u00f6veked\u00e9s\u00e9nek k\u00f6sz\u00f6nhet\u0151en r\u00f6vid id\u0151 alatt l\u00e1tv\u00e1nyos t\u00e9rkit\u00f6lt\u0151 n\u00f6v\u00e9nny\u00e9 v\u00e1lik.<\/p>\n<p data-start=\"1140\" data-end=\"1353\">A <strong data-start=\"1142\" data-end=\"1173\">Cortaderia selloana \u2018White\u2019<\/strong> napf\u00e9nykedvel\u0151, j\u00f3l t\u0171ri a sz\u00e1razabb id\u0151szakokat, \u00e9s megfelel\u0151 takar\u00e1ssal a t\u00e9li hideget is \u00e1tv\u00e9szeli. Kev\u00e9s gondoz\u00e1st ig\u00e9nyel, ez\u00e9rt kezd\u0151 kert\u00e9szek sz\u00e1m\u00e1ra is ide\u00e1lis v\u00e1laszt\u00e1s.<\/p>\n<h2 data-start=\"1355\" data-end=\"1374\">Cortaderia selloana &#8216;White&#8217; &#8211; Feh\u00e9r vir\u00e1g\u00fa pampaf\u0171 jellemz\u0151i:<\/h2>\n<ul data-start=\"1375\" data-end=\"1553\">\n<li data-start=\"1375\" data-end=\"1399\">\n<p data-start=\"1377\" data-end=\"1399\">Magass\u00e1g: 150\u2013250 cm<\/p>\n<\/li>\n<li data-start=\"1400\" data-end=\"1431\">\n<p data-start=\"1402\" data-end=\"1431\">Vir\u00e1gz\u00e1s: augusztus\u2013okt\u00f3ber<\/p>\n<\/li>\n<li data-start=\"1432\" data-end=\"1454\">\n<p data-start=\"1434\" data-end=\"1454\">Vir\u00e1g sz\u00edne: feh\u00e9r<\/p>\n<\/li>\n<li data-start=\"1455\" data-end=\"1482\">\n<p data-start=\"1457\" data-end=\"1482\">F\u00e9nyig\u00e9ny: napos fekv\u00e9s<\/p>\n<\/li>\n<li data-start=\"1483\" data-end=\"1504\">\n<p data-start=\"1485\" data-end=\"1504\">V\u00edzig\u00e9ny: k\u00f6zepes<\/p>\n<\/li>\n<li data-start=\"1505\" data-end=\"1553\">\n<p data-start=\"1507\" data-end=\"1553\">Felhaszn\u00e1l\u00e1s: szoliter, d\u00edszkert, parkos\u00edt\u00e1s<\/p>\n<\/li>\n<\/ul>\n<h4><strong>\ud83d\udd04 K\u00e9szletinform\u00e1ci\u00f3<\/strong><\/h4>\n<p><strong>K\u00e9szlet\u00fcnk napi szinten v\u00e1ltozik, \u00edgy a webshopban szerepl<\/strong><strong>\u0151<\/strong><strong>\u00a0term\u00e9kek el\u00e9rhet<\/strong><strong>\u0151<\/strong><strong>s\u00e9ge nem garant\u00e1lt.<br \/>\n\ud83d\udcde A megrendel\u00e9s el<\/strong><strong>\u0151<\/strong><strong>tt k\u00e9rj\u00fck, \u00e9rdekl<\/strong><strong>\u0151<\/strong><strong>dj\u00f6n szem\u00e9lyesen, telefonon vagy e-mailben!<\/strong><\/p>\n<h4><strong>\u27a1\ufe0f Kapcsolat:<\/strong><\/h4>\n<ul>\n<li><strong>Weboldal:\u00a0<\/strong><a href=\"https:\/\/tajkertesz.com\/\"><strong>tajkertesz.com<\/strong><\/a><\/li>\n<li><strong>Facebook:\u00a0<\/strong><a href=\"https:\/\/www.facebook.com\/tajkertesz\/\"><strong>facebook.com\/tajkertesz<\/strong><\/a><\/li>\n<li><strong>Telefonsz\u00e1m, e-mail: +36\/20-319-3770\u00a0<\/strong><a href=\"mailto:tajkerteszaruda@gmail.com\"><strong>tajkerteszaruda@gmail.com<\/strong><\/a><\/li>\n<\/ul>\n<h4><strong>\ud83d\ude9a Sz\u00e1ll\u00edt\u00e1si inform\u00e1ci\u00f3k<\/strong><\/h4>\n<p><strong>A megrendelt n\u00f6v\u00e9nyek kisz\u00e1ll\u00edt\u00e1sa az al\u00e1bbi felt\u00e9telek mellett t\u00f6rt\u00e9nik:<\/strong><\/p>\n<h4><strong>\ud83d\udce6 Fut\u00e1rszolg\u00e1latos sz\u00e1ll\u00edt\u00e1s<\/strong><\/h4>\n<ul>\n<li><strong>Maxim\u00e1lis m\u00e9ret: 200 cm (hossz\u00fas\u00e1g)<\/strong><\/li>\n<li><strong>Maxim\u00e1lis s\u00faly: 40 kg<\/strong><\/li>\n<li><strong>Az enn\u00e9l kisebb \u00e9s k\u00f6nnyebb csomagokat fut\u00e1rszolg\u00e1lattal k\u00e9zbes\u00edtj\u00fck a lehet<\/strong><strong>\u0151<\/strong><strong>\u00a0legbiztons\u00e1gosabb csomagol\u00e1sban.<\/strong><\/li>\n<\/ul>\n<h4><strong>\ud83d\udefb Szem\u00e9lyes \u00e1tv\u00e9tel<\/strong><\/h4>\n<ul>\n<li><strong>1173 Budapest, Bakancsos utca 7. sz\u00e1m alatt nyitvatart\u00e1si id<\/strong><strong>\u0151<\/strong><strong>ben szem\u00e9lyesen \u00e1tvehet<\/strong><strong>\u0151<\/strong><strong>\u00a0kert\u00e9szeti \u00e1rud\u00e1nkban.<\/strong><\/li>\n<li><strong>K\u00f6lts\u00e9ghat\u00e9kony megold\u00e1s nagyobb, t\u00f6r\u00e9kenyebb vagy t\u00falm\u00e9retes n\u00f6v\u00e9nyek eset\u00e9n.<\/strong><\/li>\n<\/ul>\n<h4><strong>\ud83d\udcde Nagy m\u00e9ret<\/strong><strong>\u0171<\/strong><strong>\u00a0vagy s\u00faly\u00fa n\u00f6v\u00e9nyek eset\u00e9n<\/strong><\/h4>\n<p><strong>Ha a term\u00e9k:<\/strong><\/p>\n<ul>\n<li><strong>meghaladja a 200 cm hossz\u00fas\u00e1got vagy<\/strong><\/li>\n<li><strong>meghaladja a 40 kg s\u00falyt,<\/strong><\/li>\n<\/ul>\n<p><strong>akkor szem\u00e9lyes \u00e1tv\u00e9tellel vagy egyedi, el<\/strong><strong>\u0151<\/strong><strong>re egyeztetett sz\u00e1ll\u00edt\u00e1si felt\u00e9telek mellett t\u00f6rt\u00e9nik.<br \/>\nK\u00e9rj\u00fck, ilyen esetben rendel\u00e9s el<\/strong><strong>\u0151<\/strong><strong>tt vegye fel vel\u00fcnk a kapcsolatot, hogy a lehet<\/strong><strong>\u0151<\/strong><strong>\u00a0legmegfelel<\/strong><strong>\u0151<\/strong><strong>bb sz\u00e1ll\u00edt\u00e1si megold\u00e1st k\u00edn\u00e1lhassuk.<\/strong><\/p>\n<p><strong>\ud83d\udd14 Fontos: A n\u00f6v\u00e9nyeket minden esetben igyeksz\u00fcnk gondosan, egyes\u00e9vel csomagolni, azonban a sz\u00e1ll\u00edt\u00e1s sor\u00e1n kisebb eszt\u00e9tikai s\u00e9r\u00fcl\u00e9sek el<\/strong><strong>\u0151<\/strong><strong>fordulhatnak (pl. lev\u00e9lhull\u00e1s). Ez nem min<\/strong><strong>\u0151<\/strong><strong>s\u00fcl hib\u00e1s teljes\u00edt\u00e9snek.<\/strong><\/p>\n<h4><strong>\ud83d\udcf7 Fontos tudni a k\u00e9pekr<\/strong><strong>\u0151<\/strong><strong>l<\/strong><\/h4>\n<p><strong>A webshopban szerepl<\/strong><strong>\u0151<\/strong><strong>\u00a0k\u00e9pek illusztr\u00e1ci\u00f3k, a n\u00f6v\u00e9nyek term\u00e9szet\u00fckn\u00e9l fogva egyediek, \u00edgy m\u00e9retben, alakban \u00e9s sz\u00ednben minim\u00e1lis elt\u00e9r\u00e9sek el<\/strong><strong>\u0151<\/strong><strong>fordulhatnak a k\u00e9pen l\u00e1that\u00f3 \u00e9s a val\u00f3s p\u00e9ld\u00e1nyok k\u00f6z\u00f6tt.<\/strong><\/p>\n<h4><strong>\ud83e\uddfe \u00c1rak \u00e9s el\u00e1ll\u00e1si jog<\/strong><\/h4>\n<ul>\n<li><strong>Az \u00e1rak egy darab\u00a0n\u00f6v\u00e9nyre vonatkoznak.<\/strong><\/li>\n<li><strong>\u00c9l<\/strong><strong>\u0151<\/strong><strong>\u00a0n\u00f6v\u00e9nyek rendel\u00e9se eset\u00e9n a 14 napos el\u00e1ll\u00e1s joga nem \u00e9rv\u00e9nyes\u00edthet<\/strong><strong>\u0151<\/strong><strong>, mivel azok romland\u00f3, biol\u00f3giailag \u00e9l<\/strong><strong>\u0151<\/strong><strong>\u00a0term\u00e9keknek min<\/strong><strong>\u0151<\/strong><strong>s\u00fclnek.<br \/>\n\ud83d\udd12 (17\/1999. (II. 5.) Korm. rendelet 5. \u00a7 c) pontja alapj\u00e1n)<\/strong><\/li>\n<\/ul>\n<h4><strong>\ud83d\udce6 K\u00e9zbes\u00edt\u00e9s ut\u00e1ni teend<\/strong><strong>\u0151<\/strong><strong>k<\/strong><\/h4>\n<p><strong>A k\u00e9zbes\u00edt\u00e9st k\u00f6vet<\/strong><strong>\u0151<\/strong><strong>en a csomagot azonnal bontsuk ki, \u00e9s a n\u00f6v\u00e9nyt helyezz\u00fck el megfelel<\/strong><strong>\u0151<\/strong><strong>\u00a0k\u00f6rnyezetben.<br \/>\nFontos: ha a n\u00f6v\u00e9ny nem r\u00e9szes\u00fcl megfelel<\/strong><strong>\u0151<\/strong><strong>\u00a0gondoz\u00e1sban \u00e9s ennek k\u00f6vetkezt\u00e9ben k\u00e1rosodik vagy elpusztul, felel<\/strong><strong>\u0151<\/strong><strong>ss\u00e9get nem tudunk v\u00e1llalni.<\/strong><\/p>\n<p><strong>\u00a0<\/strong><\/p>","protected":false},"excerpt":{"rendered":"<p>A Cortaderia selloana \u2018White\u2019 eleg\u00e1ns, h\u00f3feh\u00e9r bug\u00e1ival k\u00fcl\u00f6nleges d\u00edsze kerteknek \u00e9s nagyobb z\u00f6ldfel\u00fcleteknek. Gyors n\u00f6veked\u00e9s\u0171, ig\u00e9nytelen pampaf\u0171, amely kiv\u00e1l\u00f3 v\u00e1laszt\u00e1s modern \u00e9s term\u00e9szetk\u00f6zeli kertekbe egyar\u00e1nt.<\/p>\n<p>M\u00e9rete: 80-100 cm magas \u00e9s 3\u00a0 literes kont\u00e9nerben kaphat\u00f3.<\/p>","protected":false},"featured_media":1714,"template":"","meta":{"_et_pb_use_builder":"","_et_pb_old_content":"","_et_gb_content_width":""},"product_brand":[],"product_cat":[197],"product_tag":[7817,7818,5920,7820,7819,6394,6525,7821,476,5945],"class_list":{"0":"post-1718","1":"product","2":"type-product","3":"status-publish","4":"has-post-thumbnail","6":"product_cat-diszfuvek-fufelek","7":"product_tag-cortaderia","8":"product_tag-cortaderia-selloana","9":"product_tag-diszfu","10":"product_tag-evelo-diszfu","11":"product_tag-feher-pampafu","12":"product_tag-kerti-noveny","13":"product_tag-mediterran-hangulat","14":"product_tag-nagymeretu-diszfu","15":"product_tag-pampafu","16":"product_tag-szoliter-noveny","18":"first","19":"instock","20":"shipping-taxable","21":"purchasable","22":"product-type-simple"},"yoast_head":"<!-- This site is optimized with the Yoast SEO plugin v27.5 - https:\/\/yoast.com\/product\/yoast-seo-wordpress\/ -->\n<title>Cortaderia selloana &#039;White&#039; - Feh\u00e9r vir\u00e1g\u00fa pampaf\u0171 - T\u00e1jkert\u00e9sz<\/title>\n<meta name=\"description\" content=\"A Cortaderia selloana &#039;White&#039; - Feh\u00e9r vir\u00e1g\u00fa pampaf\u0171 2,5 m magara n\u00f6v\u0151 \u00e9vel\u0151 f\u0171f\u00e9le. A levelek \u00f6r\u00f6kz\u00f6ldek bar\u00e1zd\u00e1ltak, keskenyek, \u00edvesesen kihajl\u00f3ak.\" \/>\n<meta name=\"robots\" content=\"index, follow, max-snippet:-1, max-image-preview:large, max-video-preview:-1\" \/>\n<link rel=\"canonical\" href=\"https:\/\/tajkertesz.com\/en_US\/product\/cortaderia-selloana-white\/\" \/>\n<meta property=\"og:locale\" content=\"en_US\" \/>\n<meta property=\"og:type\" content=\"article\" \/>\n<meta property=\"og:title\" content=\"Cortaderia selloana &#039;White&#039; - Feh\u00e9r vir\u00e1g\u00fa pampaf\u0171 - T\u00e1jkert\u00e9sz\" \/>\n<meta property=\"og:description\" content=\"A Cortaderia selloana &#039;White&#039; - Feh\u00e9r vir\u00e1g\u00fa pampaf\u0171 2,5 m magara n\u00f6v\u0151 \u00e9vel\u0151 f\u0171f\u00e9le. A levelek \u00f6r\u00f6kz\u00f6ldek bar\u00e1zd\u00e1ltak, keskenyek, \u00edvesesen kihajl\u00f3ak.\" \/>\n<meta property=\"og:url\" content=\"https:\/\/tajkertesz.com\/en_US\/product\/cortaderia-selloana-white\/\" \/>\n<meta property=\"og:site_name\" content=\"T\u00e1jkert\u00e9sz\" \/>\n<meta property=\"article:publisher\" content=\"https:\/\/www.facebook.com\/Tajkertesz\/\" \/>\n<meta property=\"article:modified_time\" content=\"2026-04-28T11:34:14+00:00\" \/>\n<meta property=\"og:image\" content=\"https:\/\/tajkertesz.com\/wp-content\/uploads\/2020\/04\/cortaderia-white-1.jpg\" \/>\n\t<meta property=\"og:image:width\" content=\"512\" \/>\n\t<meta property=\"og:image:height\" content=\"417\" \/>\n\t<meta property=\"og:image:type\" content=\"image\/jpeg\" \/>\n<meta name=\"twitter:card\" content=\"summary_large_image\" \/>\n<meta name=\"twitter:label1\" content=\"Est. reading time\" \/>\n\t<meta name=\"twitter:data1\" content=\"3 minutes\" \/>\n<script type=\"application\/ld+json\" class=\"yoast-schema-graph\">{\"@context\":\"https:\\\/\\\/schema.org\",\"@graph\":[{\"@type\":\"WebPage\",\"@id\":\"https:\\\/\\\/tajkertesz.com\\\/termek\\\/cortaderia-selloana-white\\\/\",\"url\":\"https:\\\/\\\/tajkertesz.com\\\/termek\\\/cortaderia-selloana-white\\\/\",\"name\":\"Cortaderia selloana 'White' - Feh\u00e9r vir\u00e1g\u00fa pampaf\u0171 - T\u00e1jkert\u00e9sz\",\"isPartOf\":{\"@id\":\"https:\\\/\\\/tajkertesz.com\\\/#website\"},\"primaryImageOfPage\":{\"@id\":\"https:\\\/\\\/tajkertesz.com\\\/termek\\\/cortaderia-selloana-white\\\/#primaryimage\"},\"image\":{\"@id\":\"https:\\\/\\\/tajkertesz.com\\\/termek\\\/cortaderia-selloana-white\\\/#primaryimage\"},\"thumbnailUrl\":\"https:\\\/\\\/tajkertesz.com\\\/wp-content\\\/uploads\\\/2020\\\/04\\\/cortaderia-white-1.jpg\",\"datePublished\":\"2020-04-07T13:05:26+00:00\",\"dateModified\":\"2026-04-28T11:34:14+00:00\",\"description\":\"A Cortaderia selloana 'White' - Feh\u00e9r vir\u00e1g\u00fa pampaf\u0171 2,5 m magara n\u00f6v\u0151 \u00e9vel\u0151 f\u0171f\u00e9le. A levelek \u00f6r\u00f6kz\u00f6ldek bar\u00e1zd\u00e1ltak, keskenyek, \u00edvesesen kihajl\u00f3ak.\",\"breadcrumb\":{\"@id\":\"https:\\\/\\\/tajkertesz.com\\\/termek\\\/cortaderia-selloana-white\\\/#breadcrumb\"},\"inLanguage\":\"en-US\",\"potentialAction\":[{\"@type\":\"ReadAction\",\"target\":[\"https:\\\/\\\/tajkertesz.com\\\/termek\\\/cortaderia-selloana-white\\\/\"]}]},{\"@type\":\"ImageObject\",\"inLanguage\":\"en-US\",\"@id\":\"https:\\\/\\\/tajkertesz.com\\\/termek\\\/cortaderia-selloana-white\\\/#primaryimage\",\"url\":\"https:\\\/\\\/tajkertesz.com\\\/wp-content\\\/uploads\\\/2020\\\/04\\\/cortaderia-white-1.jpg\",\"contentUrl\":\"https:\\\/\\\/tajkertesz.com\\\/wp-content\\\/uploads\\\/2020\\\/04\\\/cortaderia-white-1.jpg\",\"width\":512,\"height\":417,\"caption\":\"Cortaderia selloana 'White' - Feh\u00e9r vir\u00e1g\u00fa pampaf\u0171\"},{\"@type\":\"BreadcrumbList\",\"@id\":\"https:\\\/\\\/tajkertesz.com\\\/termek\\\/cortaderia-selloana-white\\\/#breadcrumb\",\"itemListElement\":[{\"@type\":\"ListItem\",\"position\":1,\"name\":\"Home\",\"item\":\"https:\\\/\\\/tajkertesz.com\\\/\"},{\"@type\":\"ListItem\",\"position\":2,\"name\":\"Kezd\u0151lap\",\"item\":\"https:\\\/\\\/tajkertesz.com\\\/\"},{\"@type\":\"ListItem\",\"position\":3,\"name\":\"Cortaderia selloana &#8216;White&#8217; &#8211; Feh\u00e9r vir\u00e1g\u00fa pampaf\u0171\"}]},{\"@type\":\"WebSite\",\"@id\":\"https:\\\/\\\/tajkertesz.com\\\/#website\",\"url\":\"https:\\\/\\\/tajkertesz.com\\\/\",\"name\":\"T\u00e1j-Kert\u00e9sz 84 Kft.\",\"description\":\"Kert\u00e9szeti kis- \u00e9s nagykeresked\u00e9s, D\u00edszn\u00f6v\u00e9ny web\u00e1ruh\u00e1z orsz\u00e1gos h\u00e1zhozsz\u00e1ll\u00edt\u00e1ssal!\",\"publisher\":{\"@id\":\"https:\\\/\\\/tajkertesz.com\\\/#organization\"},\"potentialAction\":[{\"@type\":\"SearchAction\",\"target\":{\"@type\":\"EntryPoint\",\"urlTemplate\":\"https:\\\/\\\/tajkertesz.com\\\/?s={search_term_string}\"},\"query-input\":{\"@type\":\"PropertyValueSpecification\",\"valueRequired\":true,\"valueName\":\"search_term_string\"}}],\"inLanguage\":\"en-US\"},{\"@type\":\"Organization\",\"@id\":\"https:\\\/\\\/tajkertesz.com\\\/#organization\",\"name\":\"T\u00e1j-Kert\u00e9sz 84 Kft.\",\"url\":\"https:\\\/\\\/tajkertesz.com\\\/\",\"logo\":{\"@type\":\"ImageObject\",\"inLanguage\":\"en-US\",\"@id\":\"https:\\\/\\\/tajkertesz.com\\\/#\\\/schema\\\/logo\\\/image\\\/\",\"url\":\"https:\\\/\\\/tajkertesz.com\\\/wp-content\\\/uploads\\\/2018\\\/02\\\/logo-2-e1518678052539.png\",\"contentUrl\":\"https:\\\/\\\/tajkertesz.com\\\/wp-content\\\/uploads\\\/2018\\\/02\\\/logo-2-e1518678052539.png\",\"width\":81,\"height\":140,\"caption\":\"T\u00e1j-Kert\u00e9sz 84 Kft.\"},\"image\":{\"@id\":\"https:\\\/\\\/tajkertesz.com\\\/#\\\/schema\\\/logo\\\/image\\\/\"},\"sameAs\":[\"https:\\\/\\\/www.facebook.com\\\/Tajkertesz\\\/\"]}]}<\/script>\n<!-- \/ Yoast SEO plugin. -->","yoast_head_json":{"title":"Cortaderia selloana 'White' - Feh\u00e9r vir\u00e1g\u00fa pampaf\u0171 - T\u00e1jkert\u00e9sz","description":"A Cortaderia selloana 'White' - Feh\u00e9r vir\u00e1g\u00fa pampaf\u0171 2,5 m magara n\u00f6v\u0151 \u00e9vel\u0151 f\u0171f\u00e9le. A levelek \u00f6r\u00f6kz\u00f6ldek bar\u00e1zd\u00e1ltak, keskenyek, \u00edvesesen kihajl\u00f3ak.","robots":{"index":"index","follow":"follow","max-snippet":"max-snippet:-1","max-image-preview":"max-image-preview:large","max-video-preview":"max-video-preview:-1"},"canonical":"https:\/\/tajkertesz.com\/en_US\/product\/cortaderia-selloana-white\/","og_locale":"en_US","og_type":"article","og_title":"Cortaderia selloana 'White' - Feh\u00e9r vir\u00e1g\u00fa pampaf\u0171 - T\u00e1jkert\u00e9sz","og_description":"A Cortaderia selloana 'White' - Feh\u00e9r vir\u00e1g\u00fa pampaf\u0171 2,5 m magara n\u00f6v\u0151 \u00e9vel\u0151 f\u0171f\u00e9le. A levelek \u00f6r\u00f6kz\u00f6ldek bar\u00e1zd\u00e1ltak, keskenyek, \u00edvesesen kihajl\u00f3ak.","og_url":"https:\/\/tajkertesz.com\/en_US\/product\/cortaderia-selloana-white\/","og_site_name":"T\u00e1jkert\u00e9sz","article_publisher":"https:\/\/www.facebook.com\/Tajkertesz\/","article_modified_time":"2026-04-28T11:34:14+00:00","og_image":[{"width":512,"height":417,"url":"https:\/\/tajkertesz.com\/wp-content\/uploads\/2020\/04\/cortaderia-white-1.jpg","type":"image\/jpeg"}],"twitter_card":"summary_large_image","twitter_misc":{"Est. reading time":"3 minutes"},"schema":{"@context":"https:\/\/schema.org","@graph":[{"@type":"WebPage","@id":"https:\/\/tajkertesz.com\/termek\/cortaderia-selloana-white\/","url":"https:\/\/tajkertesz.com\/termek\/cortaderia-selloana-white\/","name":"Cortaderia selloana 'White' - Feh\u00e9r vir\u00e1g\u00fa pampaf\u0171 - T\u00e1jkert\u00e9sz","isPartOf":{"@id":"https:\/\/tajkertesz.com\/#website"},"primaryImageOfPage":{"@id":"https:\/\/tajkertesz.com\/termek\/cortaderia-selloana-white\/#primaryimage"},"image":{"@id":"https:\/\/tajkertesz.com\/termek\/cortaderia-selloana-white\/#primaryimage"},"thumbnailUrl":"https:\/\/tajkertesz.com\/wp-content\/uploads\/2020\/04\/cortaderia-white-1.jpg","datePublished":"2020-04-07T13:05:26+00:00","dateModified":"2026-04-28T11:34:14+00:00","description":"A Cortaderia selloana 'White' - Feh\u00e9r vir\u00e1g\u00fa pampaf\u0171 2,5 m magara n\u00f6v\u0151 \u00e9vel\u0151 f\u0171f\u00e9le. A levelek \u00f6r\u00f6kz\u00f6ldek bar\u00e1zd\u00e1ltak, keskenyek, \u00edvesesen kihajl\u00f3ak.","breadcrumb":{"@id":"https:\/\/tajkertesz.com\/termek\/cortaderia-selloana-white\/#breadcrumb"},"inLanguage":"en-US","potentialAction":[{"@type":"ReadAction","target":["https:\/\/tajkertesz.com\/termek\/cortaderia-selloana-white\/"]}]},{"@type":"ImageObject","inLanguage":"en-US","@id":"https:\/\/tajkertesz.com\/termek\/cortaderia-selloana-white\/#primaryimage","url":"https:\/\/tajkertesz.com\/wp-content\/uploads\/2020\/04\/cortaderia-white-1.jpg","contentUrl":"https:\/\/tajkertesz.com\/wp-content\/uploads\/2020\/04\/cortaderia-white-1.jpg","width":512,"height":417,"caption":"Cortaderia selloana 'White' - Feh\u00e9r vir\u00e1g\u00fa pampaf\u0171"},{"@type":"BreadcrumbList","@id":"https:\/\/tajkertesz.com\/termek\/cortaderia-selloana-white\/#breadcrumb","itemListElement":[{"@type":"ListItem","position":1,"name":"Home","item":"https:\/\/tajkertesz.com\/"},{"@type":"ListItem","position":2,"name":"Kezd\u0151lap","item":"https:\/\/tajkertesz.com\/"},{"@type":"ListItem","position":3,"name":"Cortaderia selloana &#8216;White&#8217; &#8211; Feh\u00e9r vir\u00e1g\u00fa pampaf\u0171"}]},{"@type":"WebSite","@id":"https:\/\/tajkertesz.com\/#website","url":"https:\/\/tajkertesz.com\/","name":"T\u00e1j-Kert\u00e9sz 84 Kft.","description":"Kert\u00e9szeti kis- \u00e9s nagykeresked\u00e9s, D\u00edszn\u00f6v\u00e9ny web\u00e1ruh\u00e1z orsz\u00e1gos h\u00e1zhozsz\u00e1ll\u00edt\u00e1ssal!","publisher":{"@id":"https:\/\/tajkertesz.com\/#organization"},"potentialAction":[{"@type":"SearchAction","target":{"@type":"EntryPoint","urlTemplate":"https:\/\/tajkertesz.com\/?s={search_term_string}"},"query-input":{"@type":"PropertyValueSpecification","valueRequired":true,"valueName":"search_term_string"}}],"inLanguage":"en-US"},{"@type":"Organization","@id":"https:\/\/tajkertesz.com\/#organization","name":"T\u00e1j-Kert\u00e9sz 84 Kft.","url":"https:\/\/tajkertesz.com\/","logo":{"@type":"ImageObject","inLanguage":"en-US","@id":"https:\/\/tajkertesz.com\/#\/schema\/logo\/image\/","url":"https:\/\/tajkertesz.com\/wp-content\/uploads\/2018\/02\/logo-2-e1518678052539.png","contentUrl":"https:\/\/tajkertesz.com\/wp-content\/uploads\/2018\/02\/logo-2-e1518678052539.png","width":81,"height":140,"caption":"T\u00e1j-Kert\u00e9sz 84 Kft."},"image":{"@id":"https:\/\/tajkertesz.com\/#\/schema\/logo\/image\/"},"sameAs":["https:\/\/www.facebook.com\/Tajkertesz\/"]}]}},"_links":{"self":[{"href":"https:\/\/tajkertesz.com\/en_US\/wp-json\/wp\/v2\/product\/1718","targetHints":{"allow":["GET"]}}],"collection":[{"href":"https:\/\/tajkertesz.com\/en_US\/wp-json\/wp\/v2\/product"}],"about":[{"href":"https:\/\/tajkertesz.com\/en_US\/wp-json\/wp\/v2\/types\/product"}],"wp:featuredmedia":[{"embeddable":true,"href":"https:\/\/tajkertesz.com\/en_US\/wp-json\/wp\/v2\/media\/1714"}],"wp:attachment":[{"href":"https:\/\/tajkertesz.com\/en_US\/wp-json\/wp\/v2\/media?parent=1718"}],"wp:term":[{"taxonomy":"product_brand","embeddable":true,"href":"https:\/\/tajkertesz.com\/en_US\/wp-json\/wp\/v2\/product_brand?post=1718"},{"taxonomy":"product_cat","embeddable":true,"href":"https:\/\/tajkertesz.com\/en_US\/wp-json\/wp\/v2\/product_cat?post=1718"},{"taxonomy":"product_tag","embeddable":true,"href":"https:\/\/tajkertesz.com\/en_US\/wp-json\/wp\/v2\/product_tag?post=1718"}],"curies":[{"name":"wp","href":"https:\/\/api.w.org\/{rel}","templated":true}]}}