{"id":17185,"date":"2023-10-09T12:37:20","date_gmt":"2023-10-09T12:37:20","guid":{"rendered":"https:\/\/tajkertesz.com\/?post_type=product&#038;p=17185"},"modified":"2025-04-28T14:52:44","modified_gmt":"2025-04-28T14:52:44","slug":"prunus-laurocerasus-sofia-gomb-gombre-nyirt-babermeggy","status":"publish","type":"product","link":"https:\/\/tajkertesz.com\/en_US\/product\/prunus-laurocerasus-sofia-gomb-gombre-nyirt-babermeggy\/","title":{"rendered":"Prunus Laurocerasus &#8216;Sofia g\u00f6mb&#8217; \/ G\u00f6mbre ny\u00edrt bab\u00e9rmeggy"},"content":{"rendered":"<h2>Prunus Laurocerasus &#8216;Sofia g\u00f6mb&#8217; \/ G\u00f6mbre ny\u00edrt bab\u00e9rmeggy<\/h2>\n<h2 class=\"font-bold font-vulcan\">Bab\u00e9rmeggy PRUNUS LAUROCERASUS SOFIA G\u00d6MB 50\/60<\/h2>\n<h5 class=\"font-bold font-vulcan\">Bab\u00e9rmeggy PRUNUS LAUROCERASUS SOFIA G\u00d6MB<\/h5>\n<p>Kisebb termet\u0171, legfeljebb 1,5 m\u00e9ter magasra \u00e9s 1,2 m\u00e9ter sz\u00e9lesre n\u00f6v\u0151 \u00f6r\u00f6kz\u00f6ld cserje. Csipk\u00e9zett sz\u00e9l\u0171, hossz\u00fak\u00e1s, s\u00f6t\u00e9tz\u00f6ld levelei mutat\u00f3s, toj\u00e1sdad kis bokrot alkotnak. Alacsony s\u00f6v\u00e9nynek is alkalmas, de d\u00e9zs\u00e1s tart\u00e1sra, illetve kerti szoliternek is kiv\u00e1l\u00f3. J\u00f3 t\u00e9l\u00e1ll\u00f3s\u00e1g\u00fa, magyar nemes\u00edt\u00e9s\u0171 v\u00e1ltozat!<\/p>\n<p>Alacsony n\u00f6veked\u00e9s\u0171 kis level\u0171, szab\u00e1lyos g\u00f6mb form\u00e1j\u00fara fejl\u0151d\u0151 bab\u00e9rmeggy k\u00fcl\u00f6nlegess\u00e9g. F\u00e9nyes z\u00f6ld, a megszokottn\u00e1l j\u00f3val kisebb levelei sz\u00e9le fogazott.<\/p>\n<p>Magyar nemes\u00edt\u00e9s\u0171, meglep\u0151 megjelen\u00e9s\u0171 bab\u00e9rmeggy. S\u0171r\u0171, kompakt n\u00f6veked\u00e9s\u0171 bokra, keskeny, fogazott levele els\u0151 r\u00e1n\u00e9z\u00e9sre nem a bab\u00e9rmeggyet juttatja esz\u00fcnkbe. K\u00f6z\u00e9per\u0151s n\u00f6veked\u00e9s\u0171, \u00e1grendszere felfel\u00e9 t\u00f6r\u0151. Edzett, a ny\u00e1ri meleget \u00e9s a t\u00e9li fagyokat az \u00e1tlagn\u00e1l jobban t\u0171ri. Kiv\u00e1l\u00f3an alak\u00edthat\u00f3, s\u00f6v\u00e9nyt, form\u00e1ra ny\u00edrt bokrot is nevelhet\u00fcnk bel\u0151le.<\/p>\n<p><strong>K\u00e9szlet\u00fcnk napi szinten v\u00e1ltozik, ez\u00e9rt k\u00e9rj\u00fck, \u00e9rdekl\u0151dj\u00f6n szem\u00e9lyesen, telefonon vagy email-en.<br \/>\nA v\u00e1ltoztat\u00e1s jog\u00e1t fenntartjuk!\u00a0<\/strong><\/p>\n<p>&nbsp;<\/p>\n<p><a href=\"https:\/\/tajkertesz.com\/\">https:\/\/tajkertesz.com\/<\/a><\/p>\n<p><a href=\"https:\/\/www.facebook.com\/tajkertesz\/\">https:\/\/www.facebook.com\/tajkertesz\/<\/a><\/p>\n<p>Kisz\u00e1ll\u00edt\u00e1s: 200cm-ig \u00a0\u00e9s 40 kg-ig a sz\u00e1ll\u00edt\u00e1s GLS fut\u00e1rszolg\u00e1lattal \u00a0t\u00f6rt\u00e9nik.<\/p>\n<p>Szem\u00e9lyes \u00e1tv\u00e9tel nyitvatart\u00e1si id\u0151ben a 17. ker\u00fclet Bakancsos utca 7. sz\u00e1m alatti Kert\u00e9szeti \u00e1rud\u00e1ban.<\/p>\n<p>&nbsp;<\/p>","protected":false},"excerpt":{"rendered":"<h2>Prunus Laurocerasus &#8216;Sofia g\u00f6mb&#8217; \/ G\u00f6mbre ny\u00edrt bab\u00e9rmeggy<\/h2>\n<p>Korona m\u00e9rete 40\/50cm<\/p>\n<p>Kisebb termet\u0171, legfeljebb 1,5 m\u00e9ter magasra \u00e9s 1,2 m\u00e9ter sz\u00e9lesre n\u00f6v\u0151 \u00f6r\u00f6kz\u00f6ld cserje. Csipk\u00e9zett sz\u00e9l\u0171, hossz\u00fak\u00e1s, s\u00f6t\u00e9tz\u00f6ld levelei mutat\u00f3s, toj\u00e1sdad kis bokrot alkotnak. Alacsony s\u00f6v\u00e9nynek is alkalmas, de d\u00e9zs\u00e1s tart\u00e1sra, illetve kerti szoliternek is kiv\u00e1l\u00f3. J\u00f3 t\u00e9l\u00e1ll\u00f3s\u00e1g\u00fa, magyar nemes\u00edt\u00e9s\u0171 v\u00e1ltozat!<\/p>\n<div id=\"bodyContent\" class=\"mw-body-content\">\n<div id=\"mw-content-text\" class=\"mw-content-ltr\" dir=\"ltr\" lang=\"hu\">\n<div id=\"bodyContent\" class=\"mw-body-content\">\n<div id=\"mw-content-text\" class=\"mw-content-ltr\" dir=\"ltr\" lang=\"hu\">\n<p><b>K\u00e9szlet\u00fcnk napi szinten v\u00e1ltozik, ez\u00e9rt k\u00e9rj\u00fck, \u00e9rdekl\u0151dj\u00f6n szem\u00e9lyesen, telefonon vagy email-en.<\/b><\/p>\n<p>Term\u00e9keinket szem\u00e9lyesen is \u00e1tveheti a h\u00e9t minden napj\u00e1n nyitvatart\u00e1si id\u0151ben!<\/p>\n<p>Kisz\u00e1ll\u00edt\u00e1s: 200 cm \u00e9s 40 kg-ig a sz\u00e1ll\u00edt\u00e1s fut\u00e1rszolg\u00e1lattal t\u00f6rt\u00e9nik.<\/p>\n<\/div>\n<\/div>\n<\/div>\n<\/div>\n<p><b>A v\u00e1ltoztat\u00e1s jog\u00e1t fenntartjuk!\u00a0<\/b><\/p>","protected":false},"featured_media":17187,"template":"","meta":{"_et_pb_use_builder":"","_et_pb_old_content":"","_et_gb_content_width":""},"product_brand":[],"product_cat":[32,4192],"product_tag":[1278,1276,4323,1624,4471,24,4411],"class_list":{"0":"post-17185","1":"product","2":"type-product","3":"status-publish","4":"has-post-thumbnail","6":"product_cat-formanovenyek-alakfak","7":"product_cat-orokzold-diszbaberok-prunus-laurocerasus","8":"product_tag-baber","9":"product_tag-babermeggy","10":"product_tag-formanoveny","11":"product_tag-gomb","12":"product_tag-laurocerasus","13":"product_tag-orokzold","14":"product_tag-prunus-laurocerasus","16":"first","17":"outofstock","18":"shipping-taxable","19":"purchasable","20":"product-type-simple"},"yoast_head":"<!-- This site is optimized with the Yoast SEO plugin v27.3 - https:\/\/yoast.com\/product\/yoast-seo-wordpress\/ -->\n<title>Prunus Laurocerasus &#039;Sofia g\u00f6mb&#039; \/ G\u00f6mbre ny\u00edrt bab\u00e9rmeggy - T\u00e1jkert\u00e9sz<\/title>\n<meta name=\"description\" content=\"Prunus Laurocerasus &#039;Sofia g\u00f6mb&#039; \/ G\u00f6mbre ny\u00edrt bab\u00e9rmeggy. Magyar nemes\u00edt\u00e9s\u0171, meglep\u0151 megjelen\u00e9s\u0171 bab\u00e9rmeggy. \u00d6r\u00f6kz\u00f6ld fagyt\u0171r\u0151 n\u00f6v\u00e9ny.\" \/>\n<meta name=\"robots\" content=\"index, follow, max-snippet:-1, max-image-preview:large, max-video-preview:-1\" \/>\n<link rel=\"canonical\" href=\"https:\/\/tajkertesz.com\/en_US\/product\/prunus-laurocerasus-sofia-gomb-gombre-nyirt-babermeggy\/\" \/>\n<meta property=\"og:locale\" content=\"en_US\" \/>\n<meta property=\"og:type\" content=\"article\" \/>\n<meta property=\"og:title\" content=\"https:\/\/www.facebook.com\/tajkertesz\/\" \/>\n<meta property=\"og:description\" content=\"Kisebb termet\u0171, legfeljebb 1,5 m\u00e9ter magasra \u00e9s 1,2 m\u00e9ter sz\u00e9lesre n\u00f6v\u0151 \u00f6r\u00f6kz\u00f6ld cserje. Csipk\u00e9zett sz\u00e9l\u0171, hossz\u00fak\u00e1s, s\u00f6t\u00e9tz\u00f6ld levelei mutat\u00f3s, toj\u00e1sdad kis bokrot alkotnak. Alacsony s\u00f6v\u00e9nynek is alkalmas, de d\u00e9zs\u00e1s tart\u00e1sra, illetve kerti szoliternek is kiv\u00e1l\u00f3. J\u00f3 t\u00e9l\u00e1ll\u00f3s\u00e1g\u00fa, magyar nemes\u00edt\u00e9s\u0171 v\u00e1ltozat!\" \/>\n<meta property=\"og:url\" content=\"https:\/\/tajkertesz.com\/en_US\/product\/prunus-laurocerasus-sofia-gomb-gombre-nyirt-babermeggy\/\" \/>\n<meta property=\"og:site_name\" content=\"T\u00e1jkert\u00e9sz\" \/>\n<meta property=\"article:publisher\" content=\"https:\/\/www.facebook.com\/Tajkertesz\/\" \/>\n<meta property=\"article:modified_time\" content=\"2025-04-28T14:52:44+00:00\" \/>\n<meta property=\"og:image\" content=\"https:\/\/tajkertesz.com\/wp-content\/uploads\/2023\/10\/baber-768x795.png\" \/>\n\t<meta property=\"og:image:width\" content=\"768\" \/>\n\t<meta property=\"og:image:height\" content=\"795\" \/>\n\t<meta property=\"og:image:type\" content=\"image\/png\" \/>\n<meta name=\"twitter:card\" content=\"summary_large_image\" \/>\n<meta name=\"twitter:label1\" content=\"Est. reading time\" \/>\n\t<meta name=\"twitter:data1\" content=\"1 minute\" \/>\n<script type=\"application\/ld+json\" class=\"yoast-schema-graph\">{\"@context\":\"https:\\\/\\\/schema.org\",\"@graph\":[{\"@type\":\"WebPage\",\"@id\":\"https:\\\/\\\/tajkertesz.com\\\/termek\\\/prunus-laurocerasus-sofia-gomb-gombre-nyirt-babermeggy\\\/\",\"url\":\"https:\\\/\\\/tajkertesz.com\\\/termek\\\/prunus-laurocerasus-sofia-gomb-gombre-nyirt-babermeggy\\\/\",\"name\":\"Prunus Laurocerasus 'Sofia g\u00f6mb' \\\/ G\u00f6mbre ny\u00edrt bab\u00e9rmeggy - T\u00e1jkert\u00e9sz\",\"isPartOf\":{\"@id\":\"https:\\\/\\\/tajkertesz.com\\\/#website\"},\"primaryImageOfPage\":{\"@id\":\"https:\\\/\\\/tajkertesz.com\\\/termek\\\/prunus-laurocerasus-sofia-gomb-gombre-nyirt-babermeggy\\\/#primaryimage\"},\"image\":{\"@id\":\"https:\\\/\\\/tajkertesz.com\\\/termek\\\/prunus-laurocerasus-sofia-gomb-gombre-nyirt-babermeggy\\\/#primaryimage\"},\"thumbnailUrl\":\"https:\\\/\\\/tajkertesz.com\\\/wp-content\\\/uploads\\\/2023\\\/10\\\/baber.png\",\"datePublished\":\"2023-10-09T12:37:20+00:00\",\"dateModified\":\"2025-04-28T14:52:44+00:00\",\"description\":\"Prunus Laurocerasus 'Sofia g\u00f6mb' \\\/ G\u00f6mbre ny\u00edrt bab\u00e9rmeggy. Magyar nemes\u00edt\u00e9s\u0171, meglep\u0151 megjelen\u00e9s\u0171 bab\u00e9rmeggy. \u00d6r\u00f6kz\u00f6ld fagyt\u0171r\u0151 n\u00f6v\u00e9ny.\",\"breadcrumb\":{\"@id\":\"https:\\\/\\\/tajkertesz.com\\\/termek\\\/prunus-laurocerasus-sofia-gomb-gombre-nyirt-babermeggy\\\/#breadcrumb\"},\"inLanguage\":\"en-US\",\"potentialAction\":[{\"@type\":\"ReadAction\",\"target\":[\"https:\\\/\\\/tajkertesz.com\\\/termek\\\/prunus-laurocerasus-sofia-gomb-gombre-nyirt-babermeggy\\\/\"]}]},{\"@type\":\"ImageObject\",\"inLanguage\":\"en-US\",\"@id\":\"https:\\\/\\\/tajkertesz.com\\\/termek\\\/prunus-laurocerasus-sofia-gomb-gombre-nyirt-babermeggy\\\/#primaryimage\",\"url\":\"https:\\\/\\\/tajkertesz.com\\\/wp-content\\\/uploads\\\/2023\\\/10\\\/baber.png\",\"contentUrl\":\"https:\\\/\\\/tajkertesz.com\\\/wp-content\\\/uploads\\\/2023\\\/10\\\/baber.png\",\"width\":1920,\"height\":1989},{\"@type\":\"BreadcrumbList\",\"@id\":\"https:\\\/\\\/tajkertesz.com\\\/termek\\\/prunus-laurocerasus-sofia-gomb-gombre-nyirt-babermeggy\\\/#breadcrumb\",\"itemListElement\":[{\"@type\":\"ListItem\",\"position\":1,\"name\":\"Home\",\"item\":\"https:\\\/\\\/tajkertesz.com\\\/\"},{\"@type\":\"ListItem\",\"position\":2,\"name\":\"Kezd\u0151lap\",\"item\":\"https:\\\/\\\/tajkertesz.com\\\/\"},{\"@type\":\"ListItem\",\"position\":3,\"name\":\"Prunus Laurocerasus &#8216;Sofia g\u00f6mb&#8217; \\\/ G\u00f6mbre ny\u00edrt bab\u00e9rmeggy\"}]},{\"@type\":\"WebSite\",\"@id\":\"https:\\\/\\\/tajkertesz.com\\\/#website\",\"url\":\"https:\\\/\\\/tajkertesz.com\\\/\",\"name\":\"T\u00e1j-Kert\u00e9sz 84 Kft.\",\"description\":\"Kert\u00e9szeti kis- \u00e9s nagykeresked\u00e9s, D\u00edszn\u00f6v\u00e9ny web\u00e1ruh\u00e1z orsz\u00e1gos h\u00e1zhozsz\u00e1ll\u00edt\u00e1ssal!\",\"publisher\":{\"@id\":\"https:\\\/\\\/tajkertesz.com\\\/#organization\"},\"potentialAction\":[{\"@type\":\"SearchAction\",\"target\":{\"@type\":\"EntryPoint\",\"urlTemplate\":\"https:\\\/\\\/tajkertesz.com\\\/?s={search_term_string}\"},\"query-input\":{\"@type\":\"PropertyValueSpecification\",\"valueRequired\":true,\"valueName\":\"search_term_string\"}}],\"inLanguage\":\"en-US\"},{\"@type\":\"Organization\",\"@id\":\"https:\\\/\\\/tajkertesz.com\\\/#organization\",\"name\":\"T\u00e1j-Kert\u00e9sz 84 Kft.\",\"url\":\"https:\\\/\\\/tajkertesz.com\\\/\",\"logo\":{\"@type\":\"ImageObject\",\"inLanguage\":\"en-US\",\"@id\":\"https:\\\/\\\/tajkertesz.com\\\/#\\\/schema\\\/logo\\\/image\\\/\",\"url\":\"https:\\\/\\\/tajkertesz.com\\\/wp-content\\\/uploads\\\/2018\\\/02\\\/logo-2-e1518678052539.png\",\"contentUrl\":\"https:\\\/\\\/tajkertesz.com\\\/wp-content\\\/uploads\\\/2018\\\/02\\\/logo-2-e1518678052539.png\",\"width\":81,\"height\":140,\"caption\":\"T\u00e1j-Kert\u00e9sz 84 Kft.\"},\"image\":{\"@id\":\"https:\\\/\\\/tajkertesz.com\\\/#\\\/schema\\\/logo\\\/image\\\/\"},\"sameAs\":[\"https:\\\/\\\/www.facebook.com\\\/Tajkertesz\\\/\"]}]}<\/script>\n<!-- \/ Yoast SEO plugin. -->","yoast_head_json":{"title":"Prunus Laurocerasus 'Sofia g\u00f6mb' \/ G\u00f6mbre ny\u00edrt bab\u00e9rmeggy - T\u00e1jkert\u00e9sz","description":"Prunus Laurocerasus 'Sofia g\u00f6mb' \/ G\u00f6mbre ny\u00edrt bab\u00e9rmeggy. Magyar nemes\u00edt\u00e9s\u0171, meglep\u0151 megjelen\u00e9s\u0171 bab\u00e9rmeggy. \u00d6r\u00f6kz\u00f6ld fagyt\u0171r\u0151 n\u00f6v\u00e9ny.","robots":{"index":"index","follow":"follow","max-snippet":"max-snippet:-1","max-image-preview":"max-image-preview:large","max-video-preview":"max-video-preview:-1"},"canonical":"https:\/\/tajkertesz.com\/en_US\/product\/prunus-laurocerasus-sofia-gomb-gombre-nyirt-babermeggy\/","og_locale":"en_US","og_type":"article","og_title":"https:\/\/www.facebook.com\/tajkertesz\/","og_description":"Kisebb termet\u0171, legfeljebb 1,5 m\u00e9ter magasra \u00e9s 1,2 m\u00e9ter sz\u00e9lesre n\u00f6v\u0151 \u00f6r\u00f6kz\u00f6ld cserje. Csipk\u00e9zett sz\u00e9l\u0171, hossz\u00fak\u00e1s, s\u00f6t\u00e9tz\u00f6ld levelei mutat\u00f3s, toj\u00e1sdad kis bokrot alkotnak. Alacsony s\u00f6v\u00e9nynek is alkalmas, de d\u00e9zs\u00e1s tart\u00e1sra, illetve kerti szoliternek is kiv\u00e1l\u00f3. J\u00f3 t\u00e9l\u00e1ll\u00f3s\u00e1g\u00fa, magyar nemes\u00edt\u00e9s\u0171 v\u00e1ltozat!","og_url":"https:\/\/tajkertesz.com\/en_US\/product\/prunus-laurocerasus-sofia-gomb-gombre-nyirt-babermeggy\/","og_site_name":"T\u00e1jkert\u00e9sz","article_publisher":"https:\/\/www.facebook.com\/Tajkertesz\/","article_modified_time":"2025-04-28T14:52:44+00:00","og_image":[{"width":768,"height":795,"url":"https:\/\/tajkertesz.com\/wp-content\/uploads\/2023\/10\/baber-768x795.png","type":"image\/png"}],"twitter_card":"summary_large_image","twitter_misc":{"Est. reading time":"1 minute"},"schema":{"@context":"https:\/\/schema.org","@graph":[{"@type":"WebPage","@id":"https:\/\/tajkertesz.com\/termek\/prunus-laurocerasus-sofia-gomb-gombre-nyirt-babermeggy\/","url":"https:\/\/tajkertesz.com\/termek\/prunus-laurocerasus-sofia-gomb-gombre-nyirt-babermeggy\/","name":"Prunus Laurocerasus 'Sofia g\u00f6mb' \/ G\u00f6mbre ny\u00edrt bab\u00e9rmeggy - T\u00e1jkert\u00e9sz","isPartOf":{"@id":"https:\/\/tajkertesz.com\/#website"},"primaryImageOfPage":{"@id":"https:\/\/tajkertesz.com\/termek\/prunus-laurocerasus-sofia-gomb-gombre-nyirt-babermeggy\/#primaryimage"},"image":{"@id":"https:\/\/tajkertesz.com\/termek\/prunus-laurocerasus-sofia-gomb-gombre-nyirt-babermeggy\/#primaryimage"},"thumbnailUrl":"https:\/\/tajkertesz.com\/wp-content\/uploads\/2023\/10\/baber.png","datePublished":"2023-10-09T12:37:20+00:00","dateModified":"2025-04-28T14:52:44+00:00","description":"Prunus Laurocerasus 'Sofia g\u00f6mb' \/ G\u00f6mbre ny\u00edrt bab\u00e9rmeggy. Magyar nemes\u00edt\u00e9s\u0171, meglep\u0151 megjelen\u00e9s\u0171 bab\u00e9rmeggy. \u00d6r\u00f6kz\u00f6ld fagyt\u0171r\u0151 n\u00f6v\u00e9ny.","breadcrumb":{"@id":"https:\/\/tajkertesz.com\/termek\/prunus-laurocerasus-sofia-gomb-gombre-nyirt-babermeggy\/#breadcrumb"},"inLanguage":"en-US","potentialAction":[{"@type":"ReadAction","target":["https:\/\/tajkertesz.com\/termek\/prunus-laurocerasus-sofia-gomb-gombre-nyirt-babermeggy\/"]}]},{"@type":"ImageObject","inLanguage":"en-US","@id":"https:\/\/tajkertesz.com\/termek\/prunus-laurocerasus-sofia-gomb-gombre-nyirt-babermeggy\/#primaryimage","url":"https:\/\/tajkertesz.com\/wp-content\/uploads\/2023\/10\/baber.png","contentUrl":"https:\/\/tajkertesz.com\/wp-content\/uploads\/2023\/10\/baber.png","width":1920,"height":1989},{"@type":"BreadcrumbList","@id":"https:\/\/tajkertesz.com\/termek\/prunus-laurocerasus-sofia-gomb-gombre-nyirt-babermeggy\/#breadcrumb","itemListElement":[{"@type":"ListItem","position":1,"name":"Home","item":"https:\/\/tajkertesz.com\/"},{"@type":"ListItem","position":2,"name":"Kezd\u0151lap","item":"https:\/\/tajkertesz.com\/"},{"@type":"ListItem","position":3,"name":"Prunus Laurocerasus &#8216;Sofia g\u00f6mb&#8217; \/ G\u00f6mbre ny\u00edrt bab\u00e9rmeggy"}]},{"@type":"WebSite","@id":"https:\/\/tajkertesz.com\/#website","url":"https:\/\/tajkertesz.com\/","name":"T\u00e1j-Kert\u00e9sz 84 Kft.","description":"Kert\u00e9szeti kis- \u00e9s nagykeresked\u00e9s, D\u00edszn\u00f6v\u00e9ny web\u00e1ruh\u00e1z orsz\u00e1gos h\u00e1zhozsz\u00e1ll\u00edt\u00e1ssal!","publisher":{"@id":"https:\/\/tajkertesz.com\/#organization"},"potentialAction":[{"@type":"SearchAction","target":{"@type":"EntryPoint","urlTemplate":"https:\/\/tajkertesz.com\/?s={search_term_string}"},"query-input":{"@type":"PropertyValueSpecification","valueRequired":true,"valueName":"search_term_string"}}],"inLanguage":"en-US"},{"@type":"Organization","@id":"https:\/\/tajkertesz.com\/#organization","name":"T\u00e1j-Kert\u00e9sz 84 Kft.","url":"https:\/\/tajkertesz.com\/","logo":{"@type":"ImageObject","inLanguage":"en-US","@id":"https:\/\/tajkertesz.com\/#\/schema\/logo\/image\/","url":"https:\/\/tajkertesz.com\/wp-content\/uploads\/2018\/02\/logo-2-e1518678052539.png","contentUrl":"https:\/\/tajkertesz.com\/wp-content\/uploads\/2018\/02\/logo-2-e1518678052539.png","width":81,"height":140,"caption":"T\u00e1j-Kert\u00e9sz 84 Kft."},"image":{"@id":"https:\/\/tajkertesz.com\/#\/schema\/logo\/image\/"},"sameAs":["https:\/\/www.facebook.com\/Tajkertesz\/"]}]}},"_links":{"self":[{"href":"https:\/\/tajkertesz.com\/en_US\/wp-json\/wp\/v2\/product\/17185","targetHints":{"allow":["GET"]}}],"collection":[{"href":"https:\/\/tajkertesz.com\/en_US\/wp-json\/wp\/v2\/product"}],"about":[{"href":"https:\/\/tajkertesz.com\/en_US\/wp-json\/wp\/v2\/types\/product"}],"wp:featuredmedia":[{"embeddable":true,"href":"https:\/\/tajkertesz.com\/en_US\/wp-json\/wp\/v2\/media\/17187"}],"wp:attachment":[{"href":"https:\/\/tajkertesz.com\/en_US\/wp-json\/wp\/v2\/media?parent=17185"}],"wp:term":[{"taxonomy":"product_brand","embeddable":true,"href":"https:\/\/tajkertesz.com\/en_US\/wp-json\/wp\/v2\/product_brand?post=17185"},{"taxonomy":"product_cat","embeddable":true,"href":"https:\/\/tajkertesz.com\/en_US\/wp-json\/wp\/v2\/product_cat?post=17185"},{"taxonomy":"product_tag","embeddable":true,"href":"https:\/\/tajkertesz.com\/en_US\/wp-json\/wp\/v2\/product_tag?post=17185"}],"curies":[{"name":"wp","href":"https:\/\/api.w.org\/{rel}","templated":true}]}}