{"id":17193,"date":"2024-10-02T09:50:31","date_gmt":"2024-10-02T09:50:31","guid":{"rendered":"https:\/\/tajkertesz.com\/?post_type=product&#038;p=17193"},"modified":"2026-02-25T09:46:27","modified_gmt":"2026-02-25T09:46:27","slug":"picea-omorika-szerb-lucfenyo","status":"publish","type":"product","link":"https:\/\/tajkertesz.com\/en_US\/product\/picea-omorika-szerb-lucfenyo\/","title":{"rendered":"Picea omorika &#8211; Szerb lucfeny\u0151"},"content":{"rendered":"<h1>Picea omorika &#8211; Szerb lucfeny\u0151<\/h1>\n<p>A Picea omorika &#8211; Szerb lucfeny\u0151 egy \u00f6r\u00f6kz\u00f6ld t\u0171level\u0171 fa. Term\u00e9szetes \u00e9l\u0151hely\u00e9n ak\u00e1r 50-60 m\u00e9ter magasra is megn\u0151het, de parkokban \u00e9s kertekben 20-30 m\u00e9teres magass\u00e1got \u00e9r el. J\u00f3l t\u0171ri a v\u00e1rosi k\u00f6rnyezetet, \u00e9s a k\u00fcl\u00f6nb\u00f6z\u0151 talajtipusokat, \u00edgy gyakran \u00fcltetik parkokban, \u00e9s kertekben. Ez a fa k\u00fcl\u00f6n\u00f6sen n\u00e9pszer\u0171 d\u00edszfak\u00e9nt, mivel karcs\u00fa, oszlopos form\u00e1ja \u00e9s k\u00e9kesz\u00f6ld t\u0171levelei nagyon dekorat\u00edvak.<\/p>\n<p>&nbsp;<\/p>\n<h2>A Picea omorika &#8211; Szerb lucfeny\u0151 gondoz\u00e1sa<\/h2>\n<ol>\n<li><strong>F\u00e9nyig\u00e9ny<\/strong>: A szerb lucfeny\u0151 napos vagy f\u00e9l\u00e1rny\u00e9kos helyet kedvel. Teljes \u00e1rny\u00e9kban nem fejl\u0151dik j\u00f3l.<\/li>\n<li><strong>Talaj<\/strong>: J\u00f3l t\u0171ri a k\u00fcl\u00f6nb\u00f6z\u0151 talajt\u00edpusokat, de a legjobban a j\u00f3 v\u00edzelvezet\u00e9s\u0171, enyh\u00e9n savas vagy semleges talajban \u00e9rzi mag\u00e1t.<\/li>\n<li><strong>\u00d6nt\u00f6z\u00e9s<\/strong>: Fiatal kor\u00e1ban rendszeres \u00f6nt\u00f6z\u00e9st ig\u00e9nyel, k\u00fcl\u00f6n\u00f6sen sz\u00e1raz id\u0151szakokban. Az id\u0151sebb f\u00e1k m\u00e1r jobban t\u0171rik a sz\u00e1razs\u00e1got, de hosszan tart\u00f3 sz\u00e1razs\u00e1g eset\u00e9n nekik is sz\u00fcks\u00e9g\u00fck lehet \u00f6nt\u00f6z\u00e9sre.<\/li>\n<li><strong>Metsz\u00e9s<\/strong>: \u00c1ltal\u00e1ban nincs sz\u00fcks\u00e9g rendszeres metsz\u00e9sre, de ha form\u00e1zni szeretn\u00e9d, a legjobb id\u0151szak erre a k\u00e9s\u0151 t\u00e9l vagy kora tavasz.<\/li>\n<li><strong>T\u00e1panyag<\/strong>: Tavasszal \u00e9rdemes lassan old\u00f3d\u00f3 m\u0171tr\u00e1gy\u00e1val vagy komposzttal tr\u00e1gy\u00e1zni, hogy el\u0151seg\u00edtsd a n\u00f6veked\u00e9st.<\/li>\n<li><strong>K\u00e1rtev\u0151k \u00e9s betegs\u00e9gek<\/strong>: A szerb lucfeny\u0151 viszonylag ellen\u00e1ll\u00f3 a k\u00e1rtev\u0151kkel \u00e9s betegs\u00e9gekkel szemben, de \u00e9rdemes figyelni a t\u0171lev\u00e9l barnul\u00e1s\u00e1ra vagy a gyanta sziv\u00e1rg\u00e1s\u00e1ra, ami probl\u00e9m\u00e1t jelezhet.<\/li>\n<\/ol>\n<p>&nbsp;<\/p>\n<h3>Picea omorika \u00fcltet\u00e9se<\/h3>\n<ol>\n<li><strong>Hely kiv\u00e1laszt\u00e1sa<\/strong>: V\u00e1lasszunk egy napos vagy f\u00e9l\u00e1rny\u00e9kos helyet, ahol a fa elegend\u0151 f\u00e9nyt kap.<\/li>\n<li><strong>Talaj el\u0151k\u00e9sz\u00edt\u00e9se<\/strong>: A szerb lucfeny\u0151 j\u00f3l t\u0171ri a k\u00fcl\u00f6nb\u00f6z\u0151 talajt\u00edpusokat, de a legjobban a j\u00f3 v\u00edzelvezet\u00e9s\u0171, enyh\u00e9n savas vagy semleges talajban \u00e9rzi mag\u00e1t. Ha a talaj t\u00fal s\u0171r\u0171, keverj hozz\u00e1 homokot vagy komposztot a jobb v\u00edzelvezet\u00e9s \u00e9rdek\u00e9ben.<\/li>\n<li><strong>\u00dcltet\u0151g\u00f6d\u00f6r \u00e1s\u00e1sa<\/strong>: \u00c1ssunk egy g\u00f6dr\u00f6t, amely k\u00e9tszer olyan sz\u00e9les \u00e9s m\u00e9ly, mint a fa gy\u00f6k\u00e9rlabd\u00e1ja. Ez seg\u00edt a gy\u00f6kereknek k\u00f6nnyebben elterjedni.<\/li>\n<li><strong>Fa elhelyez\u00e9se<\/strong>: Helyezz\u00fck a f\u00e1t a g\u00f6d\u00f6rbe \u00fagy, hogy a gy\u00f6k\u00e9rnyak (ahol a gy\u00f6kerek tal\u00e1lkoznak a t\u00f6rzzsel) a talajszinttel egy vonalban legyen. T\u00f6lts\u00fck vissza a g\u00f6dr\u00f6t f\u00f6lddel, \u00e9s \u00f3vatosan t\u00f6m\u00f6r\u00edts\u00fck le. <strong>\u00d6nt\u00f6z\u00e9s<\/strong>: \u00dcltet\u00e9s ut\u00e1n alaposan \u00f6nt\u00f6zz\u00fck meg a f\u00e1t. Az els\u0151 \u00e9vben rendszeresen \u00f6nt\u00f6zz\u00fck, k\u00fcl\u00f6n\u00f6sen sz\u00e1raz id\u0151szakokban.<\/li>\n<li><strong>Mulcsoz\u00e1s<\/strong>: Ter\u00edts\u00fcnk egy r\u00e9teg mulcsot (pl. fak\u00e9reg vagy komposzt) a fa k\u00f6r\u00e9, hogy meg\u0151rizz\u00fck a talaj nedvess\u00e9gtartalm\u00e1t \u00e9s cs\u00f6kkents\u00fck a gyomok n\u00f6veked\u00e9s\u00e9t.<\/li>\n<\/ol>\n<p>&nbsp;<\/p>\n<p>15L-es kont\u00e9nerben 80\/100cm -es.<\/p>\n<p>&nbsp;<\/p>\n<p><a href=\"https:\/\/tajkertesz.com\/\">https:\/\/tajkertesz.com\/<\/a><\/p>\n<p><a href=\"https:\/\/www.facebook.com\/tajkertesz\/\">https:\/\/www.facebook.com\/tajkertesz\/<\/a><\/p>\n<p style=\"line-height: 18.0pt; background: white; margin: 0cm 0cm 15.0pt 0cm;\"><b><span style=\"font-family: 'Ubuntu',serif; color: black;\">K\u00e9szlet\u00fcnk napi szinten v\u00e1ltozik, ez\u00e9rt k\u00e9rj\u00fck, \u00e9rdekl\u0151dj\u00f6n szem\u00e9lyesen, telefonon vagy email-en.<br \/>\nA v\u00e1ltoztat\u00e1s jog\u00e1t fenntartjuk!\u00a0<\/span><\/b><\/p>\n<div id=\"bodyContent\" class=\"mw-body-content\">\n<div id=\"mw-content-text\" class=\"mw-content-ltr\" dir=\"ltr\" lang=\"hu\">\n<div id=\"bodyContent\" class=\"mw-body-content\">\n<div id=\"mw-content-text\" class=\"mw-content-ltr\" dir=\"ltr\" lang=\"hu\">\n<p>Term\u00e9keinket szem\u00e9lyesen is \u00e1tveheti a h\u00e9t minden napj\u00e1n nyitvatart\u00e1si id\u0151ben!<\/p>\n<p>Kisz\u00e1ll\u00edt\u00e1s: 200 cm \u00e9s 40 kg-ig a sz\u00e1ll\u00edt\u00e1s fut\u00e1rszolg\u00e1lattal t\u00f6rt\u00e9nik.<\/p>\n<\/div>\n<\/div>\n<\/div>\n<\/div>\n<p>&nbsp;<\/p>","protected":false},"excerpt":{"rendered":"<h2>Picea omorika \/ Szerb lucfeny\u0151<\/h2>\n<p>15L-es kont\u00e9nerben 80\/100cm -es .<\/p>\n<p>Gyorsan n\u00f6veked\u0151, keskeny k\u00fap alak\u00fa, 20-30 m\u00e9ter magasra n\u00f6v\u0151 feny\u0151fa&#8230;<\/p>\n<div id=\"bodyContent\" class=\"mw-body-content\">\n<div id=\"mw-content-text\" class=\"mw-content-ltr\" dir=\"ltr\" lang=\"hu\">\n<div id=\"bodyContent\" class=\"mw-body-content\">\n<div id=\"mw-content-text\" class=\"mw-content-ltr\" dir=\"ltr\" lang=\"hu\">\n<p><b>K\u00e9szlet\u00fcnk napi szinten v\u00e1ltozik, ez\u00e9rt k\u00e9rj\u00fck, \u00e9rdekl\u0151dj\u00f6n szem\u00e9lyesen, telefonon vagy email-en.<\/b><\/p>\n<p>Term\u00e9keinket szem\u00e9lyesen is \u00e1tveheti a h\u00e9t minden napj\u00e1n nyitvatart\u00e1si id\u0151ben!<\/p>\n<p>Kisz\u00e1ll\u00edt\u00e1s: 200 cm \u00e9s 40 kg-ig a sz\u00e1ll\u00edt\u00e1s fut\u00e1rszolg\u00e1lattal t\u00f6rt\u00e9nik.<\/p>\n<\/div>\n<\/div>\n<\/div>\n<\/div>\n<p><b>A v\u00e1ltoztat\u00e1s jog\u00e1t fenntartjuk!\u00a0<\/b><\/p>","protected":false},"featured_media":21196,"template":"","meta":{"_et_pb_use_builder":"","_et_pb_old_content":"","_et_gb_content_width":""},"product_brand":[],"product_cat":[4028],"product_tag":[1447,4413,24,5324,5326,5325],"class_list":{"0":"post-17193","1":"product","2":"type-product","3":"status-publish","4":"has-post-thumbnail","6":"product_cat-lucfenyo","7":"product_tag-fenyo","8":"product_tag-fenyofa","9":"product_tag-orokzold","10":"product_tag-picea-omorika","11":"product_tag-picea-omorika-szerb-lucfenyo","12":"product_tag-szerb-lucfenyo","14":"first","15":"outofstock","16":"shipping-taxable","17":"purchasable","18":"product-type-simple"},"yoast_head":"<!-- This site is optimized with the Yoast SEO plugin v27.3 - https:\/\/yoast.com\/product\/yoast-seo-wordpress\/ -->\n<title>Picea omorika - Szerb lucfeny\u0151 - T\u00e1jkert\u00e9sz<\/title>\n<meta name=\"description\" content=\"Picea omorika - Szerb lucfeny\u0151. Gyorsan n\u00f6veked\u0151, keskeny k\u00fap alak\u00fa, 20-30 m\u00e9ter magasra n\u00f6v\u0151 feny\u0151fa. Sz\u00far\u00f3s t\u0171levelei ez\u00fcst\u00f6s sz\u00edn\u0171ek.\" \/>\n<meta name=\"robots\" content=\"index, follow, max-snippet:-1, max-image-preview:large, max-video-preview:-1\" \/>\n<link rel=\"canonical\" href=\"https:\/\/tajkertesz.com\/en_US\/product\/picea-omorika-szerb-lucfenyo\/\" \/>\n<meta property=\"og:locale\" content=\"en_US\" \/>\n<meta property=\"og:type\" content=\"article\" \/>\n<meta property=\"og:title\" content=\"https:\/\/www.facebook.com\/tajkertesz\/\" \/>\n<meta property=\"og:description\" content=\"Gyorsan n\u00f6veked\u0151, keskeny k\u00fap alak\u00fa, 20-30 m\u00e9ter magasra n\u00f6v\u0151 feny\u0151fa.Karcs\u00fa koron\u00e1j\u00e1t \u00edvesen felfel\u00e9 hajl\u00f3, r\u00f6vid \u00e1gainak k\u00f6sz\u00f6nheti, melyekr\u0151l hosszan cs\u00fcngenek al\u00e1 hajt\u00e1sai. Sz\u00far\u00f3s t\u0171levelei ez\u00fcst\u00f6s sz\u00edn\u0171ek. 3-6 cm hossz\u00fa lecs\u00fcng\u0151 tobozai \u00e9retlen\u00fcl s\u00f6t\u00e9tlil\u00e1k, \u00e9retten fah\u00e9j barn\u00e1k, toj\u00e1s alak\u00faak. A nedves \u00e9s savany\u00fa f\u00f6ldet kedveli, de a legt\u00f6bb talajon meg\u00e9l, m\u00e9g ha az meszes is. J\u00f3l t\u0171ri a sz\u00e1razs\u00e1got. Napos vagy f\u00e9l\u00e1rny\u00e9kos helyre \u00e9s \u00f6r\u00f6kz\u00f6ld f\u00f6ldkever\u00e9kbe \u00fcltess\u00fck. A meszes talajokat is j\u00f3l t\u0171ri.\u00a0\" \/>\n<meta property=\"og:url\" content=\"https:\/\/tajkertesz.com\/en_US\/product\/picea-omorika-szerb-lucfenyo\/\" \/>\n<meta property=\"og:site_name\" content=\"T\u00e1jkert\u00e9sz\" \/>\n<meta property=\"article:publisher\" content=\"https:\/\/www.facebook.com\/Tajkertesz\/\" \/>\n<meta property=\"article:modified_time\" content=\"2026-02-25T09:46:27+00:00\" \/>\n<meta property=\"og:image\" content=\"https:\/\/tajkertesz.com\/wp-content\/uploads\/2023\/10\/picea-omorika-1-e1696861424843.jpg\" \/>\n\t<meta property=\"og:image:width\" content=\"384\" \/>\n\t<meta property=\"og:image:height\" content=\"512\" \/>\n\t<meta property=\"og:image:type\" content=\"image\/jpeg\" \/>\n<meta name=\"twitter:card\" content=\"summary_large_image\" \/>\n<meta name=\"twitter:label1\" content=\"Est. reading time\" \/>\n\t<meta name=\"twitter:data1\" content=\"3 minutes\" \/>\n<script type=\"application\/ld+json\" class=\"yoast-schema-graph\">{\"@context\":\"https:\\\/\\\/schema.org\",\"@graph\":[{\"@type\":\"WebPage\",\"@id\":\"https:\\\/\\\/tajkertesz.com\\\/termek\\\/picea-omorika-szerb-lucfenyo\\\/\",\"url\":\"https:\\\/\\\/tajkertesz.com\\\/termek\\\/picea-omorika-szerb-lucfenyo\\\/\",\"name\":\"Picea omorika - Szerb lucfeny\u0151 - T\u00e1jkert\u00e9sz\",\"isPartOf\":{\"@id\":\"https:\\\/\\\/tajkertesz.com\\\/#website\"},\"primaryImageOfPage\":{\"@id\":\"https:\\\/\\\/tajkertesz.com\\\/termek\\\/picea-omorika-szerb-lucfenyo\\\/#primaryimage\"},\"image\":{\"@id\":\"https:\\\/\\\/tajkertesz.com\\\/termek\\\/picea-omorika-szerb-lucfenyo\\\/#primaryimage\"},\"thumbnailUrl\":\"https:\\\/\\\/tajkertesz.com\\\/wp-content\\\/uploads\\\/2023\\\/10\\\/20240925_120439-scaled.jpg\",\"datePublished\":\"2024-10-02T09:50:31+00:00\",\"dateModified\":\"2026-02-25T09:46:27+00:00\",\"description\":\"Picea omorika - Szerb lucfeny\u0151. Gyorsan n\u00f6veked\u0151, keskeny k\u00fap alak\u00fa, 20-30 m\u00e9ter magasra n\u00f6v\u0151 feny\u0151fa. Sz\u00far\u00f3s t\u0171levelei ez\u00fcst\u00f6s sz\u00edn\u0171ek.\",\"breadcrumb\":{\"@id\":\"https:\\\/\\\/tajkertesz.com\\\/termek\\\/picea-omorika-szerb-lucfenyo\\\/#breadcrumb\"},\"inLanguage\":\"en-US\",\"potentialAction\":[{\"@type\":\"ReadAction\",\"target\":[\"https:\\\/\\\/tajkertesz.com\\\/termek\\\/picea-omorika-szerb-lucfenyo\\\/\"]}]},{\"@type\":\"ImageObject\",\"inLanguage\":\"en-US\",\"@id\":\"https:\\\/\\\/tajkertesz.com\\\/termek\\\/picea-omorika-szerb-lucfenyo\\\/#primaryimage\",\"url\":\"https:\\\/\\\/tajkertesz.com\\\/wp-content\\\/uploads\\\/2023\\\/10\\\/20240925_120439-scaled.jpg\",\"contentUrl\":\"https:\\\/\\\/tajkertesz.com\\\/wp-content\\\/uploads\\\/2023\\\/10\\\/20240925_120439-scaled.jpg\",\"width\":1391,\"height\":2560,\"caption\":\"Picea omorika - Szerb lucfeny\u0151\"},{\"@type\":\"BreadcrumbList\",\"@id\":\"https:\\\/\\\/tajkertesz.com\\\/termek\\\/picea-omorika-szerb-lucfenyo\\\/#breadcrumb\",\"itemListElement\":[{\"@type\":\"ListItem\",\"position\":1,\"name\":\"Home\",\"item\":\"https:\\\/\\\/tajkertesz.com\\\/\"},{\"@type\":\"ListItem\",\"position\":2,\"name\":\"Kezd\u0151lap\",\"item\":\"https:\\\/\\\/tajkertesz.com\\\/\"},{\"@type\":\"ListItem\",\"position\":3,\"name\":\"Picea omorika &#8211; Szerb lucfeny\u0151\"}]},{\"@type\":\"WebSite\",\"@id\":\"https:\\\/\\\/tajkertesz.com\\\/#website\",\"url\":\"https:\\\/\\\/tajkertesz.com\\\/\",\"name\":\"T\u00e1j-Kert\u00e9sz 84 Kft.\",\"description\":\"Kert\u00e9szeti kis- \u00e9s nagykeresked\u00e9s, D\u00edszn\u00f6v\u00e9ny web\u00e1ruh\u00e1z orsz\u00e1gos h\u00e1zhozsz\u00e1ll\u00edt\u00e1ssal!\",\"publisher\":{\"@id\":\"https:\\\/\\\/tajkertesz.com\\\/#organization\"},\"potentialAction\":[{\"@type\":\"SearchAction\",\"target\":{\"@type\":\"EntryPoint\",\"urlTemplate\":\"https:\\\/\\\/tajkertesz.com\\\/?s={search_term_string}\"},\"query-input\":{\"@type\":\"PropertyValueSpecification\",\"valueRequired\":true,\"valueName\":\"search_term_string\"}}],\"inLanguage\":\"en-US\"},{\"@type\":\"Organization\",\"@id\":\"https:\\\/\\\/tajkertesz.com\\\/#organization\",\"name\":\"T\u00e1j-Kert\u00e9sz 84 Kft.\",\"url\":\"https:\\\/\\\/tajkertesz.com\\\/\",\"logo\":{\"@type\":\"ImageObject\",\"inLanguage\":\"en-US\",\"@id\":\"https:\\\/\\\/tajkertesz.com\\\/#\\\/schema\\\/logo\\\/image\\\/\",\"url\":\"https:\\\/\\\/tajkertesz.com\\\/wp-content\\\/uploads\\\/2018\\\/02\\\/logo-2-e1518678052539.png\",\"contentUrl\":\"https:\\\/\\\/tajkertesz.com\\\/wp-content\\\/uploads\\\/2018\\\/02\\\/logo-2-e1518678052539.png\",\"width\":81,\"height\":140,\"caption\":\"T\u00e1j-Kert\u00e9sz 84 Kft.\"},\"image\":{\"@id\":\"https:\\\/\\\/tajkertesz.com\\\/#\\\/schema\\\/logo\\\/image\\\/\"},\"sameAs\":[\"https:\\\/\\\/www.facebook.com\\\/Tajkertesz\\\/\"]}]}<\/script>\n<!-- \/ Yoast SEO plugin. -->","yoast_head_json":{"title":"Picea omorika - Szerb lucfeny\u0151 - T\u00e1jkert\u00e9sz","description":"Picea omorika - Szerb lucfeny\u0151. Gyorsan n\u00f6veked\u0151, keskeny k\u00fap alak\u00fa, 20-30 m\u00e9ter magasra n\u00f6v\u0151 feny\u0151fa. Sz\u00far\u00f3s t\u0171levelei ez\u00fcst\u00f6s sz\u00edn\u0171ek.","robots":{"index":"index","follow":"follow","max-snippet":"max-snippet:-1","max-image-preview":"max-image-preview:large","max-video-preview":"max-video-preview:-1"},"canonical":"https:\/\/tajkertesz.com\/en_US\/product\/picea-omorika-szerb-lucfenyo\/","og_locale":"en_US","og_type":"article","og_title":"https:\/\/www.facebook.com\/tajkertesz\/","og_description":"Gyorsan n\u00f6veked\u0151, keskeny k\u00fap alak\u00fa, 20-30 m\u00e9ter magasra n\u00f6v\u0151 feny\u0151fa.Karcs\u00fa koron\u00e1j\u00e1t \u00edvesen felfel\u00e9 hajl\u00f3, r\u00f6vid \u00e1gainak k\u00f6sz\u00f6nheti, melyekr\u0151l hosszan cs\u00fcngenek al\u00e1 hajt\u00e1sai. Sz\u00far\u00f3s t\u0171levelei ez\u00fcst\u00f6s sz\u00edn\u0171ek. 3-6 cm hossz\u00fa lecs\u00fcng\u0151 tobozai \u00e9retlen\u00fcl s\u00f6t\u00e9tlil\u00e1k, \u00e9retten fah\u00e9j barn\u00e1k, toj\u00e1s alak\u00faak. A nedves \u00e9s savany\u00fa f\u00f6ldet kedveli, de a legt\u00f6bb talajon meg\u00e9l, m\u00e9g ha az meszes is. J\u00f3l t\u0171ri a sz\u00e1razs\u00e1got. Napos vagy f\u00e9l\u00e1rny\u00e9kos helyre \u00e9s \u00f6r\u00f6kz\u00f6ld f\u00f6ldkever\u00e9kbe \u00fcltess\u00fck. A meszes talajokat is j\u00f3l t\u0171ri.\u00a0","og_url":"https:\/\/tajkertesz.com\/en_US\/product\/picea-omorika-szerb-lucfenyo\/","og_site_name":"T\u00e1jkert\u00e9sz","article_publisher":"https:\/\/www.facebook.com\/Tajkertesz\/","article_modified_time":"2026-02-25T09:46:27+00:00","og_image":[{"width":384,"height":512,"url":"https:\/\/tajkertesz.com\/wp-content\/uploads\/2023\/10\/picea-omorika-1-e1696861424843.jpg","type":"image\/jpeg"}],"twitter_card":"summary_large_image","twitter_misc":{"Est. reading time":"3 minutes"},"schema":{"@context":"https:\/\/schema.org","@graph":[{"@type":"WebPage","@id":"https:\/\/tajkertesz.com\/termek\/picea-omorika-szerb-lucfenyo\/","url":"https:\/\/tajkertesz.com\/termek\/picea-omorika-szerb-lucfenyo\/","name":"Picea omorika - Szerb lucfeny\u0151 - T\u00e1jkert\u00e9sz","isPartOf":{"@id":"https:\/\/tajkertesz.com\/#website"},"primaryImageOfPage":{"@id":"https:\/\/tajkertesz.com\/termek\/picea-omorika-szerb-lucfenyo\/#primaryimage"},"image":{"@id":"https:\/\/tajkertesz.com\/termek\/picea-omorika-szerb-lucfenyo\/#primaryimage"},"thumbnailUrl":"https:\/\/tajkertesz.com\/wp-content\/uploads\/2023\/10\/20240925_120439-scaled.jpg","datePublished":"2024-10-02T09:50:31+00:00","dateModified":"2026-02-25T09:46:27+00:00","description":"Picea omorika - Szerb lucfeny\u0151. Gyorsan n\u00f6veked\u0151, keskeny k\u00fap alak\u00fa, 20-30 m\u00e9ter magasra n\u00f6v\u0151 feny\u0151fa. Sz\u00far\u00f3s t\u0171levelei ez\u00fcst\u00f6s sz\u00edn\u0171ek.","breadcrumb":{"@id":"https:\/\/tajkertesz.com\/termek\/picea-omorika-szerb-lucfenyo\/#breadcrumb"},"inLanguage":"en-US","potentialAction":[{"@type":"ReadAction","target":["https:\/\/tajkertesz.com\/termek\/picea-omorika-szerb-lucfenyo\/"]}]},{"@type":"ImageObject","inLanguage":"en-US","@id":"https:\/\/tajkertesz.com\/termek\/picea-omorika-szerb-lucfenyo\/#primaryimage","url":"https:\/\/tajkertesz.com\/wp-content\/uploads\/2023\/10\/20240925_120439-scaled.jpg","contentUrl":"https:\/\/tajkertesz.com\/wp-content\/uploads\/2023\/10\/20240925_120439-scaled.jpg","width":1391,"height":2560,"caption":"Picea omorika - Szerb lucfeny\u0151"},{"@type":"BreadcrumbList","@id":"https:\/\/tajkertesz.com\/termek\/picea-omorika-szerb-lucfenyo\/#breadcrumb","itemListElement":[{"@type":"ListItem","position":1,"name":"Home","item":"https:\/\/tajkertesz.com\/"},{"@type":"ListItem","position":2,"name":"Kezd\u0151lap","item":"https:\/\/tajkertesz.com\/"},{"@type":"ListItem","position":3,"name":"Picea omorika &#8211; Szerb lucfeny\u0151"}]},{"@type":"WebSite","@id":"https:\/\/tajkertesz.com\/#website","url":"https:\/\/tajkertesz.com\/","name":"T\u00e1j-Kert\u00e9sz 84 Kft.","description":"Kert\u00e9szeti kis- \u00e9s nagykeresked\u00e9s, D\u00edszn\u00f6v\u00e9ny web\u00e1ruh\u00e1z orsz\u00e1gos h\u00e1zhozsz\u00e1ll\u00edt\u00e1ssal!","publisher":{"@id":"https:\/\/tajkertesz.com\/#organization"},"potentialAction":[{"@type":"SearchAction","target":{"@type":"EntryPoint","urlTemplate":"https:\/\/tajkertesz.com\/?s={search_term_string}"},"query-input":{"@type":"PropertyValueSpecification","valueRequired":true,"valueName":"search_term_string"}}],"inLanguage":"en-US"},{"@type":"Organization","@id":"https:\/\/tajkertesz.com\/#organization","name":"T\u00e1j-Kert\u00e9sz 84 Kft.","url":"https:\/\/tajkertesz.com\/","logo":{"@type":"ImageObject","inLanguage":"en-US","@id":"https:\/\/tajkertesz.com\/#\/schema\/logo\/image\/","url":"https:\/\/tajkertesz.com\/wp-content\/uploads\/2018\/02\/logo-2-e1518678052539.png","contentUrl":"https:\/\/tajkertesz.com\/wp-content\/uploads\/2018\/02\/logo-2-e1518678052539.png","width":81,"height":140,"caption":"T\u00e1j-Kert\u00e9sz 84 Kft."},"image":{"@id":"https:\/\/tajkertesz.com\/#\/schema\/logo\/image\/"},"sameAs":["https:\/\/www.facebook.com\/Tajkertesz\/"]}]}},"_links":{"self":[{"href":"https:\/\/tajkertesz.com\/en_US\/wp-json\/wp\/v2\/product\/17193","targetHints":{"allow":["GET"]}}],"collection":[{"href":"https:\/\/tajkertesz.com\/en_US\/wp-json\/wp\/v2\/product"}],"about":[{"href":"https:\/\/tajkertesz.com\/en_US\/wp-json\/wp\/v2\/types\/product"}],"wp:featuredmedia":[{"embeddable":true,"href":"https:\/\/tajkertesz.com\/en_US\/wp-json\/wp\/v2\/media\/21196"}],"wp:attachment":[{"href":"https:\/\/tajkertesz.com\/en_US\/wp-json\/wp\/v2\/media?parent=17193"}],"wp:term":[{"taxonomy":"product_brand","embeddable":true,"href":"https:\/\/tajkertesz.com\/en_US\/wp-json\/wp\/v2\/product_brand?post=17193"},{"taxonomy":"product_cat","embeddable":true,"href":"https:\/\/tajkertesz.com\/en_US\/wp-json\/wp\/v2\/product_cat?post=17193"},{"taxonomy":"product_tag","embeddable":true,"href":"https:\/\/tajkertesz.com\/en_US\/wp-json\/wp\/v2\/product_tag?post=17193"}],"curies":[{"name":"wp","href":"https:\/\/api.w.org\/{rel}","templated":true}]}}