{"id":17196,"date":"2024-12-06T08:54:59","date_gmt":"2024-12-06T08:54:59","guid":{"rendered":"https:\/\/tajkertesz.com\/?post_type=product&#038;p=17196"},"modified":"2026-02-25T12:47:50","modified_gmt":"2026-02-25T12:47:50","slug":"picea-pungens-super-blue-seedling-ezustfenyo","status":"publish","type":"product","link":"https:\/\/tajkertesz.com\/en_US\/product\/picea-pungens-super-blue-seedling-ezustfenyo\/","title":{"rendered":"Picea pungens &#8216;Super Blue Seedling&#8217; &#8211; Ez\u00fcstfeny\u0151"},"content":{"rendered":"<h1>Picea pungens &#8216;Super Blue Seedling&#8217; &#8211; Ez\u00fcstfeny\u0151<\/h1>\n<p>A\u00a0<strong>Picea pungens &#8216;Super Blue Seedling&#8217;<\/strong> &#8211; Ez\u00fcstfeny\u0151 egy k\u00fcl\u00f6nleges feny\u0151 fajta, amelyet gyakran v\u00e1lasztanak kertekbe \u00e9s parkokba.<\/p>\n<p>A &#8216;Super Blue Seedling&#8217; ez\u00fcstfeny\u0151 egy gy\u00f6ny\u00f6r\u0171 \u00e9s k\u00f6nnyen gondozhat\u00f3 ez\u00fcstfeny\u0151, amely b\u00e1rmely kert d\u00edsze lehet. Lass\u00fa n\u00f6veked\u00e9se \u00e9s kompakt m\u00e9rete miatt kisebb kertekbe is ide\u00e1lis v\u00e1laszt\u00e1s. Ha megfelel\u0151en gondozzuk, hossz\u00fa \u00e9vekig gy\u00f6ny\u00f6rk\u00f6dhet\u00fcnk benne.<\/p>\n<h2>Picea pungens &#8216;Super Blue Seedling&#8217; jellemz\u0151i<\/h2>\n<p>A\u00a0 Picea pungens &#8216;Super Blue Seedling&#8217; egy kompakt, lassan n\u00f6v\u0151 \u00f6r\u00f6kz\u00f6ld fa, amely 10 \u00e9v alatt k\u00f6r\u00fclbel\u00fcl 2,5 m\u00e9ter magasra n\u0151.<\/p>\n<p>Ez a fajta ez\u00fcstfeny\u0151 metsz\u00e9s n\u00e9lk\u00fcl is sz\u00e9p, szab\u00e1lyos, t\u00f6m\u00f6tt koron\u00e1t nevel. T\u0171levelei \u00e9l\u00e9nk k\u00e9kessz\u00fcrk\u00e9k.<\/p>\n<p>15 &#8211; 20 m\u00e9ter magasra n\u00f6v\u0151, k\u00fap alak\u00fa, k\u00e9k lomb\u00fa lass\u00fa n\u00f6veked\u00e9s\u0171 \u00f6r\u00f6kz\u00f6ld. Hajt\u00e1sai, f\u0151leg tavasszal intenz\u00edv k\u00e9k sz\u00edn\u0171ek. J\u00f3 v\u00edzell\u00e1totts\u00e1g\u00fa, t\u00e1panyagd\u00fas talajba \u00fcltess\u00fck!<\/p>\n<p>K\u00fap alak\u00fa koron\u00e1ja \u00e9s s\u0171r\u0171, merev, ez\u00fcstk\u00e9k t\u0171levelei k\u00fcl\u00f6n\u00f6sen dekorat\u00edvak<\/p>\n<p>Az id\u0151sebb p\u00e9ld\u00e1nyok k\u00e9k sz\u00edne m\u00e9g intenz\u00edvebb\u00e9 v\u00e1lik.<\/p>\n<ul>\n<li><strong><span lang=\"HU\">Alak:\u00a0<\/span><\/strong><span class=\"product_desc\">Magass\u00e1ga id\u0151s kor\u00e1ban 15-20 m\u00e9ter, sz\u00e9less\u00e9ge: 3-4 m\u00e9ter. Form\u00e1ja metsz\u00e9s n\u00e9lk\u00fcl is teljesen szab\u00e1lyos k\u00fap alak\u00fa.<br \/>\n<\/span><\/li>\n<li><b><span lang=\"HU\"><strong>Lev\u00e9l:<\/strong><\/span><\/b><span lang=\"HU\">\u00a0Lombja ez\u00fcst\u00f6s k\u00e9k sz\u00edn\u0171, t\u0171levelei sz\u00far\u00f3sak.<br \/>\n<\/span><\/li>\n<li><strong>Sz\u00e1rmaz\u00e1s:<\/strong>\u00a0\u00c9szak-Amerika<\/li>\n<li><strong><span lang=\"HU\">Felhaszn\u00e1l\u00e1sa:\u00a0<\/span><\/strong>Szoliternek. Kar\u00e1csonyf\u00e1nak kit\u0171n\u0151 fajta.<\/li>\n<li><strong><span lang=\"HU\">Teny\u00e9szhely:<\/span><\/strong><span lang=\"HU\">\u00a0<\/span>F\u00e9l\u00e1rny\u00e9kos, p\u00e1r\u00e1s helyre \u00fcltess\u00fck \u00e9s rendszeresen \u00f6nt\u00f6zz\u00fck. A meszes talajt nem kedveli. Nem fagy\u00e9rz\u00e9keny.<\/li>\n<li><strong>Gondoz\u00e1sa<\/strong>: Fiatal kor\u00e1ban rendszeresen \u00f6nt\u00f6zz\u00fck,<\/li>\n<li><strong>Betegs\u00e9gei:<\/strong>\u00a0Ritk\u00e1n megt\u00e1madhatj\u00e1k a tak\u00e1csatk\u00e1k, illetve az ez\u00fcstfeny\u0151-lev\u00e9ltet\u0171.<\/li>\n<\/ul>\n<div class=\"___frx9oy0 f14t3ns0\"><\/div>\n<h3>Az ez\u00fcstfeny\u0151 gondoz\u00e1sa<\/h3>\n<p>Ez a fajta feny\u0151 teljes napf\u00e9nyt ig\u00e9nyel, \u00e9s j\u00f3l \u00e9rzi mag\u00e1t k\u00f6zepesen nedves, j\u00f3l v\u00edzelvezetett talajban. A talaj pH-ja lehet savas vagy semleges. Fontos, hogy a talaj ne legyen t\u00fal nedves, mert a t\u00falzott nedvess\u00e9g k\u00e1ros\u00edthatja a gy\u00f6kereket.<\/p>\n<p>\u00dcltet\u00e9s ut\u00e1n\u00a0 az els\u0151 \u00e9vben rendszeresen \u00f6nt\u00f6zz\u00fck, ezzel el\u0151seg\u00edtj\u00fck, hogy a gy\u00f6kerek j\u00f3l meger\u0151s\u00f6djenek. K\u00e9s\u0151bb csak sz\u00e1raz id\u0151szakokban sz\u00fcks\u00e9ges \u00f6nt\u00f6zni.<\/p>\n<p>Metszeni nem sz\u00fcks\u00e9ges.<\/p>\n<p>Tavasszal gondoskodjuk a megfelel\u0151 t\u00e1panyag ut\u00e1np\u00f3tl\u00e1sr\u00f3l, a n\u00f6v\u00e9ny t\u00f6ve k\u00f6r\u00e9 sz\u00f3rjunk szerves marhatr\u00e1gya granul\u00e1tomot, vagy lassan old\u00f3d\u00f3 m\u0171tr\u00e1gy\u00e1t, hogy t\u00e1mogassuk a n\u00f6v\u00e9ny eg\u00e9szs\u00e9ges fejl\u0151d\u00e9s\u00e9t.<\/p>\n<p>A &#8216;Super Blue Seedling&#8217; ellen\u00e1ll\u00f3 a legt\u00f6bb k\u00e1rtev\u0151vel \u00e9s betegs\u00e9ggel szemben, de figyelj\u00fcnk a lev\u00e9ltetvekre \u00e9s a feny\u0151rozsd\u00e1ra.<\/p>\n<p>Ha sz\u00fcks\u00e9ges, haszn\u00e1ljunk megfelel\u0151 n\u00f6v\u00e9nyv\u00e9d\u0151 szereket.<\/p>\n<h4>Felhaszn\u00e1l\u00e1sa<\/h4>\n<p>Ez a fajta feny\u0151 kiv\u00e1l\u00f3 v\u00e1laszt\u00e1s szoliter n\u00f6v\u00e9nyk\u00e9nt, de csoportosan \u00fcltetve is j\u00f3l mutat.<\/p>\n<p>Gyakran haszn\u00e1lj\u00e1k sz\u00e9lfog\u00f3k\u00e9nt vagy t\u00e9relv\u00e1laszt\u00f3k\u00e9nt is. A kar\u00e1csonyi id\u0151szakban k\u00fcl\u00f6n\u00f6sen n\u00e9pszer\u0171, mivel form\u00e1ja \u00e9s sz\u00edne miatt ide\u00e1lis kar\u00e1csonyfa lehet.<\/p>\n<p>&nbsp;<\/p>\n<div id=\"bodyContent\" class=\"mw-body-content\">\n<div id=\"mw-content-text\" class=\"mw-content-ltr\" dir=\"ltr\" lang=\"hu\">\n<div id=\"bodyContent\" class=\"mw-body-content\">\n<div id=\"mw-content-text\" class=\"mw-content-ltr\" dir=\"ltr\" lang=\"hu\">\n<p><b>K\u00e9szlet\u00fcnk napi szinten v\u00e1ltozik, ez\u00e9rt k\u00e9rj\u00fck, \u00e9rdekl\u0151dj\u00f6n szem\u00e9lyesen, telefonon vagy email-en.<\/b><\/p>\n<p>Term\u00e9keinket szem\u00e9lyesen is \u00e1tveheti a h\u00e9t minden napj\u00e1n nyitvatart\u00e1si id\u0151ben!<\/p>\n<\/div>\n<\/div>\n<\/div>\n<\/div>\n<p><strong>K\u00e9szlet\u00fcnk napi szinten v\u00e1ltozik, ez\u00e9rt k\u00e9rj\u00fck, \u00e9rdekl\u0151dj\u00f6n szem\u00e9lyesen, telefonon vagy email-en.<br \/>\nA v\u00e1ltoztat\u00e1s jog\u00e1t fenntartjuk!\u00a0<\/strong><\/p>\n<p><a href=\"https:\/\/tajkertesz.com\/\">https:\/\/tajkertesz.com\/<\/a><\/p>\n<p><a href=\"https:\/\/www.facebook.com\/tajkertesz\/\">https:\/\/www.facebook.com\/tajkertesz\/<\/a><\/p>\n<p>Kisz\u00e1ll\u00edt\u00e1s: 200cm-ig \u00a0\u00e9s 40 kg-ig a sz\u00e1ll\u00edt\u00e1s fut\u00e1rszolg\u00e1lattal \u00a0t\u00f6rt\u00e9nik.<\/p>\n<p>Szem\u00e9lyes \u00e1tv\u00e9tel nyitvatart\u00e1si id\u0151ben a 17. ker\u00fclet Bakancsos utca 7. sz\u00e1m alatti Kert\u00e9szeti \u00e1rud\u00e1ban<\/p>","protected":false},"excerpt":{"rendered":"<p>Picea pungens &#8216;<em>Super Blue Seedling<\/em>&#8216; ez\u00fcstfeny\u0151 metsz\u00e9s n\u00e9lk\u00fcl is sz\u00e9p, szab\u00e1lyos, t\u00f6m\u00f6tt koron\u00e1t nevel. T\u0171levelei \u00e9l\u00e9nk k\u00e9kessz\u00fcrk\u00e9k f\u0151leg tavasszal&#8230;<\/p>\n<p>5L-es kont\u00e9nerben 80\/100cm<\/p>\n<div id=\"bodyContent\" class=\"mw-body-content\">\n<div id=\"mw-content-text\" class=\"mw-content-ltr\" dir=\"ltr\" lang=\"hu\">\n<div id=\"bodyContent\" class=\"mw-body-content\">\n<div id=\"mw-content-text\" class=\"mw-content-ltr\" dir=\"ltr\" lang=\"hu\">\n<p><b>K\u00e9szlet\u00fcnk napi szinten v\u00e1ltozik, ez\u00e9rt k\u00e9rj\u00fck, \u00e9rdekl\u0151dj\u00f6n szem\u00e9lyesen, telefonon vagy email-en.<\/b><\/p>\n<p>Term\u00e9keinket szem\u00e9lyesen is \u00e1tveheti a h\u00e9t minden napj\u00e1n nyitvatart\u00e1si id\u0151ben!<\/p>\n<p>Kisz\u00e1ll\u00edt\u00e1s: 200 cm \u00e9s 40 kg-ig a sz\u00e1ll\u00edt\u00e1s fut\u00e1rszolg\u00e1lattal t\u00f6rt\u00e9nik.<\/p>\n<\/div>\n<\/div>\n<\/div>\n<\/div>\n<p><b>A v\u00e1ltoztat\u00e1s jog\u00e1t fenntartjuk!\u00a0<\/b><\/p>","protected":false},"featured_media":17198,"template":"","meta":{"_et_pb_use_builder":"","_et_pb_old_content":"","_et_gb_content_width":""},"product_brand":[],"product_cat":[4029],"product_tag":[4415,4413,4414,5499],"class_list":{"0":"post-17196","1":"product","2":"type-product","3":"status-publish","4":"has-post-thumbnail","6":"product_cat-ezustfenyok","7":"product_tag-ezustfenyo","8":"product_tag-fenyofa","9":"product_tag-karacsonyfa","10":"product_tag-picea-pungens-super-blue-seedling-ezustfenyo","12":"first","13":"outofstock","14":"shipping-taxable","15":"product-type-simple"},"yoast_head":"<!-- This site is optimized with the Yoast SEO plugin v27.6 - https:\/\/yoast.com\/product\/yoast-seo-wordpress\/ -->\n<title>Picea pungens &#039;Super Blue Seedling&#039; - Ez\u00fcstfeny\u0151 - T\u00e1jkert\u00e9sz<\/title>\n<meta name=\"description\" content=\"Picea pungens &#039;Super Blue Seedling&#039; - Ez\u00fcstfeny\u0151 A &#039;Super Blue Seedling&#039; ez\u00fcstfeny\u0151 metsz\u00e9s n\u00e9lk\u00fcl is sz\u00e9p, szab\u00e1lyos, t\u00f6m\u00f6tt koron\u00e1t nevel.\" \/>\n<meta name=\"robots\" content=\"index, follow, max-snippet:-1, max-image-preview:large, max-video-preview:-1\" \/>\n<link rel=\"canonical\" href=\"https:\/\/tajkertesz.com\/en_US\/product\/picea-pungens-super-blue-seedling-ezustfenyo\/\" \/>\n<meta property=\"og:locale\" content=\"en_US\" \/>\n<meta property=\"og:type\" content=\"article\" \/>\n<meta property=\"og:title\" content=\"https:\/\/www.facebook.com\/tajkertesz\/\" \/>\n<meta property=\"og:description\" content=\"A &#039;Super Blue Seedling&#039; ez\u00fcstfeny\u0151 metsz\u00e9s n\u00e9lk\u00fcl is sz\u00e9p, szab\u00e1lyos, t\u00f6m\u00f6tt koron\u00e1t nevel. T\u0171levelei \u00e9l\u00e9nk k\u00e9kessz\u00fcrk\u00e9k.\u00a02-3 m magasra n\u00f6v\u0151, k\u00fap alak\u00fa, k\u00e9k lomb\u00fa lass\u00fa n\u00f6veked\u00e9s\u0171 \u00f6r\u00f6kz\u00f6ld. Hajt\u00e1sai, f\u0151leg tavasszal intenz\u00edv k\u00e9k sz\u00edn\u0171ek. J\u00f3 v\u00edzell\u00e1totts\u00e1g\u00fa, t\u00e1panyagd\u00fas talajba \u00fcltess\u00fck!\" \/>\n<meta property=\"og:url\" content=\"https:\/\/tajkertesz.com\/en_US\/product\/picea-pungens-super-blue-seedling-ezustfenyo\/\" \/>\n<meta property=\"og:site_name\" content=\"T\u00e1jkert\u00e9sz\" \/>\n<meta property=\"article:publisher\" content=\"https:\/\/www.facebook.com\/Tajkertesz\/\" \/>\n<meta property=\"article:modified_time\" content=\"2026-02-25T12:47:50+00:00\" \/>\n<meta property=\"og:image\" content=\"https:\/\/tajkertesz.com\/wp-content\/uploads\/2023\/10\/198431.jpg\" \/>\n\t<meta property=\"og:image:width\" content=\"502\" \/>\n\t<meta property=\"og:image:height\" content=\"751\" \/>\n\t<meta property=\"og:image:type\" content=\"image\/jpeg\" \/>\n<meta name=\"twitter:card\" content=\"summary_large_image\" \/>\n<meta name=\"twitter:label1\" content=\"Est. reading time\" \/>\n\t<meta name=\"twitter:data1\" content=\"3 minutes\" \/>\n<script type=\"application\/ld+json\" class=\"yoast-schema-graph\">{\"@context\":\"https:\\\/\\\/schema.org\",\"@graph\":[{\"@type\":\"WebPage\",\"@id\":\"https:\\\/\\\/tajkertesz.com\\\/termek\\\/picea-pungens-super-blue-seedling-ezustfenyo\\\/\",\"url\":\"https:\\\/\\\/tajkertesz.com\\\/termek\\\/picea-pungens-super-blue-seedling-ezustfenyo\\\/\",\"name\":\"Picea pungens 'Super Blue Seedling' - Ez\u00fcstfeny\u0151 - T\u00e1jkert\u00e9sz\",\"isPartOf\":{\"@id\":\"https:\\\/\\\/tajkertesz.com\\\/#website\"},\"primaryImageOfPage\":{\"@id\":\"https:\\\/\\\/tajkertesz.com\\\/termek\\\/picea-pungens-super-blue-seedling-ezustfenyo\\\/#primaryimage\"},\"image\":{\"@id\":\"https:\\\/\\\/tajkertesz.com\\\/termek\\\/picea-pungens-super-blue-seedling-ezustfenyo\\\/#primaryimage\"},\"thumbnailUrl\":\"https:\\\/\\\/tajkertesz.com\\\/wp-content\\\/uploads\\\/2023\\\/10\\\/198431.jpg\",\"datePublished\":\"2024-12-06T08:54:59+00:00\",\"dateModified\":\"2026-02-25T12:47:50+00:00\",\"description\":\"Picea pungens 'Super Blue Seedling' - Ez\u00fcstfeny\u0151 A 'Super Blue Seedling' ez\u00fcstfeny\u0151 metsz\u00e9s n\u00e9lk\u00fcl is sz\u00e9p, szab\u00e1lyos, t\u00f6m\u00f6tt koron\u00e1t nevel.\",\"breadcrumb\":{\"@id\":\"https:\\\/\\\/tajkertesz.com\\\/termek\\\/picea-pungens-super-blue-seedling-ezustfenyo\\\/#breadcrumb\"},\"inLanguage\":\"en-US\",\"potentialAction\":[{\"@type\":\"ReadAction\",\"target\":[\"https:\\\/\\\/tajkertesz.com\\\/termek\\\/picea-pungens-super-blue-seedling-ezustfenyo\\\/\"]}]},{\"@type\":\"ImageObject\",\"inLanguage\":\"en-US\",\"@id\":\"https:\\\/\\\/tajkertesz.com\\\/termek\\\/picea-pungens-super-blue-seedling-ezustfenyo\\\/#primaryimage\",\"url\":\"https:\\\/\\\/tajkertesz.com\\\/wp-content\\\/uploads\\\/2023\\\/10\\\/198431.jpg\",\"contentUrl\":\"https:\\\/\\\/tajkertesz.com\\\/wp-content\\\/uploads\\\/2023\\\/10\\\/198431.jpg\",\"width\":502,\"height\":751,\"caption\":\"Picea pungens 'Super Blue Seedling' - Ez\u00fcstfeny\u0151\"},{\"@type\":\"BreadcrumbList\",\"@id\":\"https:\\\/\\\/tajkertesz.com\\\/termek\\\/picea-pungens-super-blue-seedling-ezustfenyo\\\/#breadcrumb\",\"itemListElement\":[{\"@type\":\"ListItem\",\"position\":1,\"name\":\"Home\",\"item\":\"https:\\\/\\\/tajkertesz.com\\\/\"},{\"@type\":\"ListItem\",\"position\":2,\"name\":\"Kezd\u0151lap\",\"item\":\"https:\\\/\\\/tajkertesz.com\\\/\"},{\"@type\":\"ListItem\",\"position\":3,\"name\":\"Picea pungens &#8216;Super Blue Seedling&#8217; &#8211; Ez\u00fcstfeny\u0151\"}]},{\"@type\":\"WebSite\",\"@id\":\"https:\\\/\\\/tajkertesz.com\\\/#website\",\"url\":\"https:\\\/\\\/tajkertesz.com\\\/\",\"name\":\"T\u00e1j-Kert\u00e9sz 84 Kft.\",\"description\":\"Kert\u00e9szeti kis- \u00e9s nagykeresked\u00e9s, D\u00edszn\u00f6v\u00e9ny web\u00e1ruh\u00e1z orsz\u00e1gos h\u00e1zhozsz\u00e1ll\u00edt\u00e1ssal!\",\"publisher\":{\"@id\":\"https:\\\/\\\/tajkertesz.com\\\/#organization\"},\"potentialAction\":[{\"@type\":\"SearchAction\",\"target\":{\"@type\":\"EntryPoint\",\"urlTemplate\":\"https:\\\/\\\/tajkertesz.com\\\/?s={search_term_string}\"},\"query-input\":{\"@type\":\"PropertyValueSpecification\",\"valueRequired\":true,\"valueName\":\"search_term_string\"}}],\"inLanguage\":\"en-US\"},{\"@type\":\"Organization\",\"@id\":\"https:\\\/\\\/tajkertesz.com\\\/#organization\",\"name\":\"T\u00e1j-Kert\u00e9sz 84 Kft.\",\"url\":\"https:\\\/\\\/tajkertesz.com\\\/\",\"logo\":{\"@type\":\"ImageObject\",\"inLanguage\":\"en-US\",\"@id\":\"https:\\\/\\\/tajkertesz.com\\\/#\\\/schema\\\/logo\\\/image\\\/\",\"url\":\"https:\\\/\\\/tajkertesz.com\\\/wp-content\\\/uploads\\\/2018\\\/02\\\/logo-2-e1518678052539.png\",\"contentUrl\":\"https:\\\/\\\/tajkertesz.com\\\/wp-content\\\/uploads\\\/2018\\\/02\\\/logo-2-e1518678052539.png\",\"width\":81,\"height\":140,\"caption\":\"T\u00e1j-Kert\u00e9sz 84 Kft.\"},\"image\":{\"@id\":\"https:\\\/\\\/tajkertesz.com\\\/#\\\/schema\\\/logo\\\/image\\\/\"},\"sameAs\":[\"https:\\\/\\\/www.facebook.com\\\/Tajkertesz\\\/\"]}]}<\/script>\n<!-- \/ Yoast SEO plugin. -->","yoast_head_json":{"title":"Picea pungens 'Super Blue Seedling' - Ez\u00fcstfeny\u0151 - T\u00e1jkert\u00e9sz","description":"Picea pungens 'Super Blue Seedling' - Ez\u00fcstfeny\u0151 A 'Super Blue Seedling' ez\u00fcstfeny\u0151 metsz\u00e9s n\u00e9lk\u00fcl is sz\u00e9p, szab\u00e1lyos, t\u00f6m\u00f6tt koron\u00e1t nevel.","robots":{"index":"index","follow":"follow","max-snippet":"max-snippet:-1","max-image-preview":"max-image-preview:large","max-video-preview":"max-video-preview:-1"},"canonical":"https:\/\/tajkertesz.com\/en_US\/product\/picea-pungens-super-blue-seedling-ezustfenyo\/","og_locale":"en_US","og_type":"article","og_title":"https:\/\/www.facebook.com\/tajkertesz\/","og_description":"A 'Super Blue Seedling' ez\u00fcstfeny\u0151 metsz\u00e9s n\u00e9lk\u00fcl is sz\u00e9p, szab\u00e1lyos, t\u00f6m\u00f6tt koron\u00e1t nevel. T\u0171levelei \u00e9l\u00e9nk k\u00e9kessz\u00fcrk\u00e9k.\u00a02-3 m magasra n\u00f6v\u0151, k\u00fap alak\u00fa, k\u00e9k lomb\u00fa lass\u00fa n\u00f6veked\u00e9s\u0171 \u00f6r\u00f6kz\u00f6ld. Hajt\u00e1sai, f\u0151leg tavasszal intenz\u00edv k\u00e9k sz\u00edn\u0171ek. J\u00f3 v\u00edzell\u00e1totts\u00e1g\u00fa, t\u00e1panyagd\u00fas talajba \u00fcltess\u00fck!","og_url":"https:\/\/tajkertesz.com\/en_US\/product\/picea-pungens-super-blue-seedling-ezustfenyo\/","og_site_name":"T\u00e1jkert\u00e9sz","article_publisher":"https:\/\/www.facebook.com\/Tajkertesz\/","article_modified_time":"2026-02-25T12:47:50+00:00","og_image":[{"width":502,"height":751,"url":"https:\/\/tajkertesz.com\/wp-content\/uploads\/2023\/10\/198431.jpg","type":"image\/jpeg"}],"twitter_card":"summary_large_image","twitter_misc":{"Est. reading time":"3 minutes"},"schema":{"@context":"https:\/\/schema.org","@graph":[{"@type":"WebPage","@id":"https:\/\/tajkertesz.com\/termek\/picea-pungens-super-blue-seedling-ezustfenyo\/","url":"https:\/\/tajkertesz.com\/termek\/picea-pungens-super-blue-seedling-ezustfenyo\/","name":"Picea pungens 'Super Blue Seedling' - Ez\u00fcstfeny\u0151 - T\u00e1jkert\u00e9sz","isPartOf":{"@id":"https:\/\/tajkertesz.com\/#website"},"primaryImageOfPage":{"@id":"https:\/\/tajkertesz.com\/termek\/picea-pungens-super-blue-seedling-ezustfenyo\/#primaryimage"},"image":{"@id":"https:\/\/tajkertesz.com\/termek\/picea-pungens-super-blue-seedling-ezustfenyo\/#primaryimage"},"thumbnailUrl":"https:\/\/tajkertesz.com\/wp-content\/uploads\/2023\/10\/198431.jpg","datePublished":"2024-12-06T08:54:59+00:00","dateModified":"2026-02-25T12:47:50+00:00","description":"Picea pungens 'Super Blue Seedling' - Ez\u00fcstfeny\u0151 A 'Super Blue Seedling' ez\u00fcstfeny\u0151 metsz\u00e9s n\u00e9lk\u00fcl is sz\u00e9p, szab\u00e1lyos, t\u00f6m\u00f6tt koron\u00e1t nevel.","breadcrumb":{"@id":"https:\/\/tajkertesz.com\/termek\/picea-pungens-super-blue-seedling-ezustfenyo\/#breadcrumb"},"inLanguage":"en-US","potentialAction":[{"@type":"ReadAction","target":["https:\/\/tajkertesz.com\/termek\/picea-pungens-super-blue-seedling-ezustfenyo\/"]}]},{"@type":"ImageObject","inLanguage":"en-US","@id":"https:\/\/tajkertesz.com\/termek\/picea-pungens-super-blue-seedling-ezustfenyo\/#primaryimage","url":"https:\/\/tajkertesz.com\/wp-content\/uploads\/2023\/10\/198431.jpg","contentUrl":"https:\/\/tajkertesz.com\/wp-content\/uploads\/2023\/10\/198431.jpg","width":502,"height":751,"caption":"Picea pungens 'Super Blue Seedling' - Ez\u00fcstfeny\u0151"},{"@type":"BreadcrumbList","@id":"https:\/\/tajkertesz.com\/termek\/picea-pungens-super-blue-seedling-ezustfenyo\/#breadcrumb","itemListElement":[{"@type":"ListItem","position":1,"name":"Home","item":"https:\/\/tajkertesz.com\/"},{"@type":"ListItem","position":2,"name":"Kezd\u0151lap","item":"https:\/\/tajkertesz.com\/"},{"@type":"ListItem","position":3,"name":"Picea pungens &#8216;Super Blue Seedling&#8217; &#8211; Ez\u00fcstfeny\u0151"}]},{"@type":"WebSite","@id":"https:\/\/tajkertesz.com\/#website","url":"https:\/\/tajkertesz.com\/","name":"T\u00e1j-Kert\u00e9sz 84 Kft.","description":"Kert\u00e9szeti kis- \u00e9s nagykeresked\u00e9s, D\u00edszn\u00f6v\u00e9ny web\u00e1ruh\u00e1z orsz\u00e1gos h\u00e1zhozsz\u00e1ll\u00edt\u00e1ssal!","publisher":{"@id":"https:\/\/tajkertesz.com\/#organization"},"potentialAction":[{"@type":"SearchAction","target":{"@type":"EntryPoint","urlTemplate":"https:\/\/tajkertesz.com\/?s={search_term_string}"},"query-input":{"@type":"PropertyValueSpecification","valueRequired":true,"valueName":"search_term_string"}}],"inLanguage":"en-US"},{"@type":"Organization","@id":"https:\/\/tajkertesz.com\/#organization","name":"T\u00e1j-Kert\u00e9sz 84 Kft.","url":"https:\/\/tajkertesz.com\/","logo":{"@type":"ImageObject","inLanguage":"en-US","@id":"https:\/\/tajkertesz.com\/#\/schema\/logo\/image\/","url":"https:\/\/tajkertesz.com\/wp-content\/uploads\/2018\/02\/logo-2-e1518678052539.png","contentUrl":"https:\/\/tajkertesz.com\/wp-content\/uploads\/2018\/02\/logo-2-e1518678052539.png","width":81,"height":140,"caption":"T\u00e1j-Kert\u00e9sz 84 Kft."},"image":{"@id":"https:\/\/tajkertesz.com\/#\/schema\/logo\/image\/"},"sameAs":["https:\/\/www.facebook.com\/Tajkertesz\/"]}]}},"_links":{"self":[{"href":"https:\/\/tajkertesz.com\/en_US\/wp-json\/wp\/v2\/product\/17196","targetHints":{"allow":["GET"]}}],"collection":[{"href":"https:\/\/tajkertesz.com\/en_US\/wp-json\/wp\/v2\/product"}],"about":[{"href":"https:\/\/tajkertesz.com\/en_US\/wp-json\/wp\/v2\/types\/product"}],"wp:featuredmedia":[{"embeddable":true,"href":"https:\/\/tajkertesz.com\/en_US\/wp-json\/wp\/v2\/media\/17198"}],"wp:attachment":[{"href":"https:\/\/tajkertesz.com\/en_US\/wp-json\/wp\/v2\/media?parent=17196"}],"wp:term":[{"taxonomy":"product_brand","embeddable":true,"href":"https:\/\/tajkertesz.com\/en_US\/wp-json\/wp\/v2\/product_brand?post=17196"},{"taxonomy":"product_cat","embeddable":true,"href":"https:\/\/tajkertesz.com\/en_US\/wp-json\/wp\/v2\/product_cat?post=17196"},{"taxonomy":"product_tag","embeddable":true,"href":"https:\/\/tajkertesz.com\/en_US\/wp-json\/wp\/v2\/product_tag?post=17196"}],"curies":[{"name":"wp","href":"https:\/\/api.w.org\/{rel}","templated":true}]}}