{"id":17206,"date":"2023-10-10T13:26:57","date_gmt":"2023-10-10T13:26:57","guid":{"rendered":"https:\/\/tajkertesz.com\/?post_type=product&#038;p=17206"},"modified":"2024-05-18T08:26:59","modified_gmt":"2024-05-18T08:26:59","slug":"cupressocyparis-leylandii-gold-rider-aranysarga-leylandi-ciprus-175-200cm","status":"publish","type":"product","link":"https:\/\/tajkertesz.com\/en_US\/product\/cupressocyparis-leylandii-gold-rider-aranysarga-leylandi-ciprus-175-200cm\/","title":{"rendered":"Cupressocyparis leylandii \u2018Gold Rider&#8217;\/ Aranys\u00e1rga leylandi ciprus 175\/200cm"},"content":{"rendered":"<h3>Cupressocyparis leylandii \u2018Gold Rider&#8217;\/ Aranys\u00e1rga leylandi ciprus 175\/200cm<\/h3>\n<p>Cupressocyparis leylandii \u2018Gold Rider&#8217;\/ Aranys\u00e1rga leylandi ciprus 175\/200cm<\/p>\n<p>Teljesen ellen\u00e1ll\u00f3 , \u00f6r\u00f6kz\u00f6ld fajta.<\/p>\n<p>Szoliter n\u00f6v\u00e9nyk\u00e9nt kert\u00fcnk csod\u00e1s \u00e9ke lehet.<\/p>\n<p>Ed\u00e9nyes n\u00f6v\u00e9nyk\u00e9nt is tarthat\u00f3 de akkor \u00fcgyelni kell a locsol\u00e1s mennyis\u00e9g\u00e9re.<\/p>\n<p>Nagyon j\u00f3 sz\u00e1razs\u00e1gt\u0171r\u0151 , de sz\u00e9p sz\u00edn\u00e9t t\u00e1panyag ut\u00e1np\u00f3tl\u00e1ssal is el\u0151seg\u00edthetj\u00fck. S\u00f6v\u00e9nyk\u00e9nt \u00fcltetve t\u0151t\u00e1vols\u00e1ga 70-120 cm.<\/p>\n<p>A leylandi s\u00f6v\u00e9ny ny\u00edr\u00e1s\u00e1t kora tavasszal m\u00e1rciusban v\u00e9gezz\u00fck. A s\u00f6v\u00e9ny ny\u00edr\u00e1sa v\u00e9gezhet\u0151 ny\u00e1r k\u00f6zep\u00e9n is a hajt\u00e1sn\u00f6veked\u00e9s le\u00e1ll\u00e1sakor, de ekkor a napf\u00e9nyre ker\u00fcl\u0151 levelei meg\u00e9ghetnek, ami eszt\u00e9tikai szempontb\u00f3l nem el\u0151ny\u00f6s. A n\u00f6v\u00e9nyeken semmif\u00e9le k\u00e1rtev\u0151 vagy k\u00f3rokoz\u00f3 k\u00e1ros\u00edt\u00e1s\u00e1t nem \u00e9szlelt\u00e9k eddig!<\/p>\n<p style=\"line-height: 18.0pt; background: white; margin: 0cm 0cm 15.0pt 0cm;\"><span style=\"font-family: 'Ubuntu',serif; color: black;\">El\u00e9rhet\u0151 t\u00f6bbf\u00e9le m\u00e9retben \u00e9s \u00e1rban.<\/span><\/p>\n<h2 dir=\"auto\">Aj\u00e1nlom mell\u00e9 az al\u00e1bbi term\u00e9keket:<\/h2>\n<div dir=\"auto\"><a href=\"https:\/\/tajkertesz.com\/termek\/florimo-tozegkocka-25-l\/\">https:\/\/tajkertesz.com\/termek\/florimo-tozegkocka-25-l\/<\/a><\/div>\n<div dir=\"auto\"><a href=\"https:\/\/tajkertesz.com\/termek\/marhatragya-15-literes\/\">https:\/\/tajkertesz.com\/termek\/marhatragya-15-literes\/<\/a><\/div>\n<div dir=\"auto\"><a href=\"https:\/\/tajkertesz.com\/termek\/fiskars-trowel-ultetoaso-1027032\/\">https:\/\/tajkertesz.com\/termek\/fiskars-trowel-ultetoaso-1027032\/<\/a><\/div>\n<p>El\u00e9rhet\u0151 t\u00f6bbf\u00e9le m\u00e9retben \u00e9s \u00e1rban.<\/p>\n<p><strong>K\u00e9szlet\u00fcnk napi szinten v\u00e1ltozik, ez\u00e9rt k\u00e9rj\u00fck, \u00e9rdekl\u0151dj\u00f6n szem\u00e9lyesen, telefonon vagy email-en.<br \/>\nA v\u00e1ltoztat\u00e1s jog\u00e1t fenntartjuk!\u00a0<\/strong><\/p>\n<p>&nbsp;<\/p>\n<p><a href=\"https:\/\/tajkertesz.com\/\">https:\/\/tajkertesz.com\/<\/a><\/p>\n<p><a href=\"https:\/\/www.facebook.com\/tajkertesz\/\">https:\/\/www.facebook.com\/tajkertesz\/<\/a><\/p>\n<p>Kisz\u00e1ll\u00edt\u00e1s: 200cm-ig \u00a0\u00e9s 40 kg-ig a sz\u00e1ll\u00edt\u00e1s fut\u00e1rszolg\u00e1lattal \u00a0t\u00f6rt\u00e9nik.<\/p>\n<p>Szem\u00e9lyes \u00e1tv\u00e9tel nyitvatart\u00e1si id\u0151ben a 17. ker\u00fclet Bakancsos utca 7. sz\u00e1m alatti Kert\u00e9szeti \u00e1rud\u00e1ban.<\/p>\n<h6><span style=\"color: #ffffff;\">A leylandi s\u00f6v\u00e9ny ny\u00edr\u00e1s\u00e1t kora tavasszal m\u00e1rciusban v\u00e9gezz\u00fck. A s\u00f6v\u00e9ny ny\u00edr\u00e1sa v\u00e9gezhet\u0151 ny\u00e1r k\u00f6zep\u00e9n is a hajt\u00e1sn\u00f6veked\u00e9s le\u00e1ll\u00e1sakor, de ekkor a napf\u00e9nyre ker\u00fcl\u0151 levelei meg\u00e9ghetnek, ami eszt\u00e9tikai szempontb\u00f3l nem el\u0151ny\u00f6s. A n\u00f6v\u00e9nyeken semmif\u00e9le k\u00e1rtev\u0151 vagy k\u00f3rokoz\u00f3 k\u00e1ros\u00edt\u00e1s\u00e1t nem \u00e9szlelt\u00e9k eddig!<\/span><\/h6>\n<h6><span style=\"color: #ffffff;\">A leylandi s\u00f6v\u00e9ny ny\u00edr\u00e1s\u00e1t kora tavasszal m\u00e1rciusban v\u00e9gezz\u00fck. A s\u00f6v\u00e9ny ny\u00edr\u00e1sa v\u00e9gezhet\u0151 ny\u00e1r k\u00f6zep\u00e9n is a hajt\u00e1sn\u00f6veked\u00e9s le\u00e1ll\u00e1sakor, de ekkor a napf\u00e9nyre ker\u00fcl\u0151 levelei meg\u00e9ghetnek, ami eszt\u00e9tikai szempontb\u00f3l nem el\u0151ny\u00f6s. A n\u00f6v\u00e9nyeken semmif\u00e9le k\u00e1rtev\u0151 vagy k\u00f3rokoz\u00f3 k\u00e1ros\u00edt\u00e1s\u00e1t nem \u00e9szlelt\u00e9k eddig!<\/span><\/h6>","protected":false},"excerpt":{"rendered":"<div id=\"bodyContent\" class=\"mw-body-content\">\n<div id=\"mw-content-text\" class=\"mw-content-ltr\" dir=\"ltr\" lang=\"hu\">\n<div id=\"bodyContent\" class=\"mw-body-content\">\n<div id=\"mw-content-text\" class=\"mw-content-ltr\" dir=\"ltr\" lang=\"hu\">\n<div id=\"mw-content-text\" class=\"mw-content-ltr\" dir=\"ltr\" lang=\"hu\">\n<div id=\"bodyContent\" class=\"mw-body-content\">\n<div id=\"mw-content-text\" class=\"mw-content-ltr\" dir=\"ltr\" lang=\"hu\"><\/div>\n<\/div>\n<\/div>\n<h2>Cupressocyparis leylandii \u2018Gold Rider&#8217;\/ Aranys\u00e1rga leylandi ciprus 175\/200cm<\/h2>\n<h2><strong><em>F\u00f6ldlabd\u00e1s n\u00f6v\u00e9ny<\/em><\/strong><\/h2>\n<p><b>K\u00e9szlet\u00fcnk napi szinten v\u00e1ltozik, ez\u00e9rt k\u00e9rj\u00fck, \u00e9rdekl\u0151dj\u00f6n szem\u00e9lyesen, telefonon vagy email-en.<\/b><\/p>\n<p>Term\u00e9keinket szem\u00e9lyesen is \u00e1tveheti a h\u00e9t minden napj\u00e1n nyitvatart\u00e1si id\u0151ben!<\/p>\n<p>Kisz\u00e1ll\u00edt\u00e1s: 200 cm \u00e9s 40 kg is a sz\u00e1ll\u00edt\u00e1s fut\u00e1rszolg\u00e1lattal t\u00f6rt\u00e9nik.<\/p>\n<\/div>\n<\/div>\n<\/div>\n<\/div>\n<p><b>A v\u00e1ltoztat\u00e1s jog\u00e1t fenntartjuk!\u00a0<\/b><\/p>\n<p>&nbsp;<\/p>","protected":false},"featured_media":16380,"template":"","meta":{"_et_pb_use_builder":"","_et_pb_old_content":"","_et_gb_content_width":""},"product_brand":[],"product_cat":[5166],"product_tag":[917,677,4893,4892,24],"class_list":{"0":"post-17206","1":"product","2":"type-product","3":"status-publish","4":"has-post-thumbnail","6":"product_cat-leylandii-ciprus","7":"product_tag-ciprus","8":"product_tag-cupressocyparis-leylandii-gold-rider","9":"product_tag-goldride","10":"product_tag-leylandiciprus","11":"product_tag-orokzold","13":"first","14":"outofstock","15":"shipping-taxable","16":"product-type-simple"},"yoast_head":"<!-- This site is optimized with the Yoast SEO plugin v27.5 - https:\/\/yoast.com\/product\/yoast-seo-wordpress\/ -->\n<title>Cupressocyparis leylandii \u2018Gold Rider&#039;\/ Aranys\u00e1rga leylandi ciprus 175\/200cm - T\u00e1jkert\u00e9sz<\/title>\n<meta name=\"description\" content=\"Cupressocyparis leylandii \u2018Gold Rider&#039;\/ Aranys\u00e1rga leylandi ciprus 175\/200cm. Teljesen ellen\u00e1ll\u00f3 , \u00f6r\u00f6kz\u00f6ld fajta.Szoliter n\u00f6v\u00e9nyk\u00e9nt kert\u00fcnk csod\u00e1s \u00e9ke\" \/>\n<meta name=\"robots\" content=\"index, follow, max-snippet:-1, max-image-preview:large, max-video-preview:-1\" \/>\n<link rel=\"canonical\" href=\"https:\/\/tajkertesz.com\/en_US\/product\/cupressocyparis-leylandii-gold-rider-aranysarga-leylandi-ciprus-175-200cm\/\" \/>\n<meta property=\"og:locale\" content=\"en_US\" \/>\n<meta property=\"og:type\" content=\"article\" \/>\n<meta property=\"og:title\" content=\"https:\/\/www.facebook.com\/tajkertesz\" \/>\n<meta property=\"og:description\" content=\"Cupressocyparis \u2018Gold Rider&#039;, Arany leylandi ciprus.Teljesen ellen\u00e1ll\u00f3 , \u00f6r\u00f6kz\u00f6ld fajta.Szoliter n\u00f6v\u00e9nyk\u00e9nt kert\u00fcnk csod\u00e1s \u00e9ke lehet.Ed\u00e9nyes n\u00f6v\u00e9nyk\u00e9nt is tarthat\u00f3 de akkor \u00fcgyelni kell a locsol\u00e1s mennyis\u00e9g\u00e9re.\" \/>\n<meta property=\"og:url\" content=\"https:\/\/tajkertesz.com\/en_US\/product\/cupressocyparis-leylandii-gold-rider-aranysarga-leylandi-ciprus-175-200cm\/\" \/>\n<meta property=\"og:site_name\" content=\"T\u00e1jkert\u00e9sz\" \/>\n<meta property=\"article:publisher\" content=\"https:\/\/www.facebook.com\/Tajkertesz\/\" \/>\n<meta property=\"article:modified_time\" content=\"2024-05-18T08:26:59+00:00\" \/>\n<meta property=\"og:image\" content=\"https:\/\/tajkertesz.com\/wp-content\/uploads\/2023\/08\/Nevtelen.jpg\" \/>\n\t<meta property=\"og:image:width\" content=\"1020\" \/>\n\t<meta property=\"og:image:height\" content=\"787\" \/>\n\t<meta property=\"og:image:type\" content=\"image\/jpeg\" \/>\n<meta name=\"twitter:card\" content=\"summary_large_image\" \/>\n<meta name=\"twitter:label1\" content=\"Est. reading time\" \/>\n\t<meta name=\"twitter:data1\" content=\"2 minutes\" \/>\n<script type=\"application\/ld+json\" class=\"yoast-schema-graph\">{\"@context\":\"https:\\\/\\\/schema.org\",\"@graph\":[{\"@type\":\"WebPage\",\"@id\":\"https:\\\/\\\/tajkertesz.com\\\/termek\\\/cupressocyparis-leylandii-gold-rider-aranysarga-leylandi-ciprus-175-200cm\\\/\",\"url\":\"https:\\\/\\\/tajkertesz.com\\\/termek\\\/cupressocyparis-leylandii-gold-rider-aranysarga-leylandi-ciprus-175-200cm\\\/\",\"name\":\"Cupressocyparis leylandii \u2018Gold Rider'\\\/ Aranys\u00e1rga leylandi ciprus 175\\\/200cm - T\u00e1jkert\u00e9sz\",\"isPartOf\":{\"@id\":\"https:\\\/\\\/tajkertesz.com\\\/#website\"},\"primaryImageOfPage\":{\"@id\":\"https:\\\/\\\/tajkertesz.com\\\/termek\\\/cupressocyparis-leylandii-gold-rider-aranysarga-leylandi-ciprus-175-200cm\\\/#primaryimage\"},\"image\":{\"@id\":\"https:\\\/\\\/tajkertesz.com\\\/termek\\\/cupressocyparis-leylandii-gold-rider-aranysarga-leylandi-ciprus-175-200cm\\\/#primaryimage\"},\"thumbnailUrl\":\"https:\\\/\\\/tajkertesz.com\\\/wp-content\\\/uploads\\\/2023\\\/08\\\/Nevtelen.jpg\",\"datePublished\":\"2023-10-10T13:26:57+00:00\",\"dateModified\":\"2024-05-18T08:26:59+00:00\",\"description\":\"Cupressocyparis leylandii \u2018Gold Rider'\\\/ Aranys\u00e1rga leylandi ciprus 175\\\/200cm. Teljesen ellen\u00e1ll\u00f3 , \u00f6r\u00f6kz\u00f6ld fajta.Szoliter n\u00f6v\u00e9nyk\u00e9nt kert\u00fcnk csod\u00e1s \u00e9ke\",\"breadcrumb\":{\"@id\":\"https:\\\/\\\/tajkertesz.com\\\/termek\\\/cupressocyparis-leylandii-gold-rider-aranysarga-leylandi-ciprus-175-200cm\\\/#breadcrumb\"},\"inLanguage\":\"en-US\",\"potentialAction\":[{\"@type\":\"ReadAction\",\"target\":[\"https:\\\/\\\/tajkertesz.com\\\/termek\\\/cupressocyparis-leylandii-gold-rider-aranysarga-leylandi-ciprus-175-200cm\\\/\"]}]},{\"@type\":\"ImageObject\",\"inLanguage\":\"en-US\",\"@id\":\"https:\\\/\\\/tajkertesz.com\\\/termek\\\/cupressocyparis-leylandii-gold-rider-aranysarga-leylandi-ciprus-175-200cm\\\/#primaryimage\",\"url\":\"https:\\\/\\\/tajkertesz.com\\\/wp-content\\\/uploads\\\/2023\\\/08\\\/Nevtelen.jpg\",\"contentUrl\":\"https:\\\/\\\/tajkertesz.com\\\/wp-content\\\/uploads\\\/2023\\\/08\\\/Nevtelen.jpg\",\"width\":1020,\"height\":787,\"caption\":\"Cupressocyparis leylandii \u2018Gold Rider\u2019 \u2013 Arany Leylandi Ciprus 200\\\/250 cm\"},{\"@type\":\"BreadcrumbList\",\"@id\":\"https:\\\/\\\/tajkertesz.com\\\/termek\\\/cupressocyparis-leylandii-gold-rider-aranysarga-leylandi-ciprus-175-200cm\\\/#breadcrumb\",\"itemListElement\":[{\"@type\":\"ListItem\",\"position\":1,\"name\":\"Home\",\"item\":\"https:\\\/\\\/tajkertesz.com\\\/\"},{\"@type\":\"ListItem\",\"position\":2,\"name\":\"Kezd\u0151lap\",\"item\":\"https:\\\/\\\/tajkertesz.com\\\/\"},{\"@type\":\"ListItem\",\"position\":3,\"name\":\"Cupressocyparis leylandii \u2018Gold Rider&#8217;\\\/ Aranys\u00e1rga leylandi ciprus 175\\\/200cm\"}]},{\"@type\":\"WebSite\",\"@id\":\"https:\\\/\\\/tajkertesz.com\\\/#website\",\"url\":\"https:\\\/\\\/tajkertesz.com\\\/\",\"name\":\"T\u00e1j-Kert\u00e9sz 84 Kft.\",\"description\":\"Kert\u00e9szeti kis- \u00e9s nagykeresked\u00e9s, D\u00edszn\u00f6v\u00e9ny web\u00e1ruh\u00e1z orsz\u00e1gos h\u00e1zhozsz\u00e1ll\u00edt\u00e1ssal!\",\"publisher\":{\"@id\":\"https:\\\/\\\/tajkertesz.com\\\/#organization\"},\"potentialAction\":[{\"@type\":\"SearchAction\",\"target\":{\"@type\":\"EntryPoint\",\"urlTemplate\":\"https:\\\/\\\/tajkertesz.com\\\/?s={search_term_string}\"},\"query-input\":{\"@type\":\"PropertyValueSpecification\",\"valueRequired\":true,\"valueName\":\"search_term_string\"}}],\"inLanguage\":\"en-US\"},{\"@type\":\"Organization\",\"@id\":\"https:\\\/\\\/tajkertesz.com\\\/#organization\",\"name\":\"T\u00e1j-Kert\u00e9sz 84 Kft.\",\"url\":\"https:\\\/\\\/tajkertesz.com\\\/\",\"logo\":{\"@type\":\"ImageObject\",\"inLanguage\":\"en-US\",\"@id\":\"https:\\\/\\\/tajkertesz.com\\\/#\\\/schema\\\/logo\\\/image\\\/\",\"url\":\"https:\\\/\\\/tajkertesz.com\\\/wp-content\\\/uploads\\\/2018\\\/02\\\/logo-2-e1518678052539.png\",\"contentUrl\":\"https:\\\/\\\/tajkertesz.com\\\/wp-content\\\/uploads\\\/2018\\\/02\\\/logo-2-e1518678052539.png\",\"width\":81,\"height\":140,\"caption\":\"T\u00e1j-Kert\u00e9sz 84 Kft.\"},\"image\":{\"@id\":\"https:\\\/\\\/tajkertesz.com\\\/#\\\/schema\\\/logo\\\/image\\\/\"},\"sameAs\":[\"https:\\\/\\\/www.facebook.com\\\/Tajkertesz\\\/\"]}]}<\/script>\n<!-- \/ Yoast SEO plugin. -->","yoast_head_json":{"title":"Cupressocyparis leylandii \u2018Gold Rider'\/ Aranys\u00e1rga leylandi ciprus 175\/200cm - T\u00e1jkert\u00e9sz","description":"Cupressocyparis leylandii \u2018Gold Rider'\/ Aranys\u00e1rga leylandi ciprus 175\/200cm. Teljesen ellen\u00e1ll\u00f3 , \u00f6r\u00f6kz\u00f6ld fajta.Szoliter n\u00f6v\u00e9nyk\u00e9nt kert\u00fcnk csod\u00e1s \u00e9ke","robots":{"index":"index","follow":"follow","max-snippet":"max-snippet:-1","max-image-preview":"max-image-preview:large","max-video-preview":"max-video-preview:-1"},"canonical":"https:\/\/tajkertesz.com\/en_US\/product\/cupressocyparis-leylandii-gold-rider-aranysarga-leylandi-ciprus-175-200cm\/","og_locale":"en_US","og_type":"article","og_title":"https:\/\/www.facebook.com\/tajkertesz","og_description":"Cupressocyparis \u2018Gold Rider', Arany leylandi ciprus.Teljesen ellen\u00e1ll\u00f3 , \u00f6r\u00f6kz\u00f6ld fajta.Szoliter n\u00f6v\u00e9nyk\u00e9nt kert\u00fcnk csod\u00e1s \u00e9ke lehet.Ed\u00e9nyes n\u00f6v\u00e9nyk\u00e9nt is tarthat\u00f3 de akkor \u00fcgyelni kell a locsol\u00e1s mennyis\u00e9g\u00e9re.","og_url":"https:\/\/tajkertesz.com\/en_US\/product\/cupressocyparis-leylandii-gold-rider-aranysarga-leylandi-ciprus-175-200cm\/","og_site_name":"T\u00e1jkert\u00e9sz","article_publisher":"https:\/\/www.facebook.com\/Tajkertesz\/","article_modified_time":"2024-05-18T08:26:59+00:00","og_image":[{"width":1020,"height":787,"url":"https:\/\/tajkertesz.com\/wp-content\/uploads\/2023\/08\/Nevtelen.jpg","type":"image\/jpeg"}],"twitter_card":"summary_large_image","twitter_misc":{"Est. reading time":"2 minutes"},"schema":{"@context":"https:\/\/schema.org","@graph":[{"@type":"WebPage","@id":"https:\/\/tajkertesz.com\/termek\/cupressocyparis-leylandii-gold-rider-aranysarga-leylandi-ciprus-175-200cm\/","url":"https:\/\/tajkertesz.com\/termek\/cupressocyparis-leylandii-gold-rider-aranysarga-leylandi-ciprus-175-200cm\/","name":"Cupressocyparis leylandii \u2018Gold Rider'\/ Aranys\u00e1rga leylandi ciprus 175\/200cm - T\u00e1jkert\u00e9sz","isPartOf":{"@id":"https:\/\/tajkertesz.com\/#website"},"primaryImageOfPage":{"@id":"https:\/\/tajkertesz.com\/termek\/cupressocyparis-leylandii-gold-rider-aranysarga-leylandi-ciprus-175-200cm\/#primaryimage"},"image":{"@id":"https:\/\/tajkertesz.com\/termek\/cupressocyparis-leylandii-gold-rider-aranysarga-leylandi-ciprus-175-200cm\/#primaryimage"},"thumbnailUrl":"https:\/\/tajkertesz.com\/wp-content\/uploads\/2023\/08\/Nevtelen.jpg","datePublished":"2023-10-10T13:26:57+00:00","dateModified":"2024-05-18T08:26:59+00:00","description":"Cupressocyparis leylandii \u2018Gold Rider'\/ Aranys\u00e1rga leylandi ciprus 175\/200cm. Teljesen ellen\u00e1ll\u00f3 , \u00f6r\u00f6kz\u00f6ld fajta.Szoliter n\u00f6v\u00e9nyk\u00e9nt kert\u00fcnk csod\u00e1s \u00e9ke","breadcrumb":{"@id":"https:\/\/tajkertesz.com\/termek\/cupressocyparis-leylandii-gold-rider-aranysarga-leylandi-ciprus-175-200cm\/#breadcrumb"},"inLanguage":"en-US","potentialAction":[{"@type":"ReadAction","target":["https:\/\/tajkertesz.com\/termek\/cupressocyparis-leylandii-gold-rider-aranysarga-leylandi-ciprus-175-200cm\/"]}]},{"@type":"ImageObject","inLanguage":"en-US","@id":"https:\/\/tajkertesz.com\/termek\/cupressocyparis-leylandii-gold-rider-aranysarga-leylandi-ciprus-175-200cm\/#primaryimage","url":"https:\/\/tajkertesz.com\/wp-content\/uploads\/2023\/08\/Nevtelen.jpg","contentUrl":"https:\/\/tajkertesz.com\/wp-content\/uploads\/2023\/08\/Nevtelen.jpg","width":1020,"height":787,"caption":"Cupressocyparis leylandii \u2018Gold Rider\u2019 \u2013 Arany Leylandi Ciprus 200\/250 cm"},{"@type":"BreadcrumbList","@id":"https:\/\/tajkertesz.com\/termek\/cupressocyparis-leylandii-gold-rider-aranysarga-leylandi-ciprus-175-200cm\/#breadcrumb","itemListElement":[{"@type":"ListItem","position":1,"name":"Home","item":"https:\/\/tajkertesz.com\/"},{"@type":"ListItem","position":2,"name":"Kezd\u0151lap","item":"https:\/\/tajkertesz.com\/"},{"@type":"ListItem","position":3,"name":"Cupressocyparis leylandii \u2018Gold Rider&#8217;\/ Aranys\u00e1rga leylandi ciprus 175\/200cm"}]},{"@type":"WebSite","@id":"https:\/\/tajkertesz.com\/#website","url":"https:\/\/tajkertesz.com\/","name":"T\u00e1j-Kert\u00e9sz 84 Kft.","description":"Kert\u00e9szeti kis- \u00e9s nagykeresked\u00e9s, D\u00edszn\u00f6v\u00e9ny web\u00e1ruh\u00e1z orsz\u00e1gos h\u00e1zhozsz\u00e1ll\u00edt\u00e1ssal!","publisher":{"@id":"https:\/\/tajkertesz.com\/#organization"},"potentialAction":[{"@type":"SearchAction","target":{"@type":"EntryPoint","urlTemplate":"https:\/\/tajkertesz.com\/?s={search_term_string}"},"query-input":{"@type":"PropertyValueSpecification","valueRequired":true,"valueName":"search_term_string"}}],"inLanguage":"en-US"},{"@type":"Organization","@id":"https:\/\/tajkertesz.com\/#organization","name":"T\u00e1j-Kert\u00e9sz 84 Kft.","url":"https:\/\/tajkertesz.com\/","logo":{"@type":"ImageObject","inLanguage":"en-US","@id":"https:\/\/tajkertesz.com\/#\/schema\/logo\/image\/","url":"https:\/\/tajkertesz.com\/wp-content\/uploads\/2018\/02\/logo-2-e1518678052539.png","contentUrl":"https:\/\/tajkertesz.com\/wp-content\/uploads\/2018\/02\/logo-2-e1518678052539.png","width":81,"height":140,"caption":"T\u00e1j-Kert\u00e9sz 84 Kft."},"image":{"@id":"https:\/\/tajkertesz.com\/#\/schema\/logo\/image\/"},"sameAs":["https:\/\/www.facebook.com\/Tajkertesz\/"]}]}},"_links":{"self":[{"href":"https:\/\/tajkertesz.com\/en_US\/wp-json\/wp\/v2\/product\/17206","targetHints":{"allow":["GET"]}}],"collection":[{"href":"https:\/\/tajkertesz.com\/en_US\/wp-json\/wp\/v2\/product"}],"about":[{"href":"https:\/\/tajkertesz.com\/en_US\/wp-json\/wp\/v2\/types\/product"}],"wp:featuredmedia":[{"embeddable":true,"href":"https:\/\/tajkertesz.com\/en_US\/wp-json\/wp\/v2\/media\/16380"}],"wp:attachment":[{"href":"https:\/\/tajkertesz.com\/en_US\/wp-json\/wp\/v2\/media?parent=17206"}],"wp:term":[{"taxonomy":"product_brand","embeddable":true,"href":"https:\/\/tajkertesz.com\/en_US\/wp-json\/wp\/v2\/product_brand?post=17206"},{"taxonomy":"product_cat","embeddable":true,"href":"https:\/\/tajkertesz.com\/en_US\/wp-json\/wp\/v2\/product_cat?post=17206"},{"taxonomy":"product_tag","embeddable":true,"href":"https:\/\/tajkertesz.com\/en_US\/wp-json\/wp\/v2\/product_tag?post=17206"}],"curies":[{"name":"wp","href":"https:\/\/api.w.org\/{rel}","templated":true}]}}