{"id":1721,"date":"2020-04-11T11:55:17","date_gmt":"2020-04-11T11:55:17","guid":{"rendered":"https:\/\/tajkertesz.com\/?post_type=product&#038;p=1721"},"modified":"2024-09-30T14:13:16","modified_gmt":"2024-09-30T14:13:16","slug":"magastorzsu-rozsa-alinka-tearozsa","status":"publish","type":"product","link":"https:\/\/tajkertesz.com\/en_US\/product\/magastorzsu-rozsa-alinka-tearozsa\/","title":{"rendered":"Magast\u00f6rzs\u0171 r\u00f3zsa &#8216;Alinka&#8217; &#8211;  Tear\u00f3zsa"},"content":{"rendered":"<p>Magast\u00f6rzs\u0171 r\u00f3zsa &#8216;Alinka&#8217; &#8211; Tear\u00f3zsa vir\u00e1ga citroms\u00e1rga piros szeg\u0151vel,\u00a0 serleg alak\u00fa, teltvir\u00e1g\u00fa, er\u0151sen illatos.<\/p>\n<p>Er\u0151s, felfele n\u00f6vekv\u0151, 1-1,20 m magas t\u00f6rzsre oltott, ism\u00e9tl\u0151d\u0151 vir\u00e1gz\u00e1s jellemzi, fagyokat j\u00f3l t\u0171ri. Kora ny\u00e1rt\u00f3l k\u00e9s\u0151 \u0151szig, az els\u0151 fagyokig vir\u00e1gzik.<\/p>\n<p>R\u00e9z \u00e9s k\u00e9ntartalm\u00fa szerekkel kezelj\u00fck lisztharmat \u00e9s gomb\u00e1s betegs\u00e9gek ellen<\/p>\n<p>Metsz\u00e9ssel intenz\u00edvebb n\u00f6veked\u00e9st \u00e9s vir\u00e1gz\u00e1st \u00e9r\u00fcnk el vele. Az els\u0151 \u00e9vben az \u00e1gakat\u00a0 v\u00e1gjuk vissza kb. a fel\u00e9re. K\u00e9s\u0151bbiekben a s\u00e9r\u00fclt, befel\u00e9 n\u00f6v\u0151 \u00e9s a sz\u00e1raz \u00e1gakat metssz\u00fck le a n\u00f6v\u00e9nyr\u0151l.<\/p>\n<p>A r\u00f3zs\u00e1k \u00e1ltal\u00e1ban a napos, szell\u0151s helyeket kedvelik, de n\u00e9h\u00e1ny fajta t\u0171ri a f\u00e9l\u00e1rny\u00e9kot is, \u00e1rny\u00e9kba \u00fcltetve viszont kevesebbet vir\u00e1gzik, vagy egy\u00e1ltal\u00e1n nem hoz vir\u00e1got. Fog\u00e9konyabb lesz a betegs\u00e9gekre is. Sajnos a t\u0171z\u0151 nap sem annyira j\u00f3 a r\u00f3zs\u00e1nak, mivel ha eg\u00e9sz nap er\u0151s napf\u00e9ny \u00e9ri a leveleket \u00e9s nem mozog a leveg\u0151, a r\u00f3zsa \u00e9rz\u00e9kenyebb\u00e9 v\u00e1lik a k\u00e1rtev\u0151kre. \u00a0A r\u00f3zsa a t\u00e1panyagban gazdag, j\u00f3 v\u00edz\u00e1tereszt\u0151, k\u00f6zepesen k\u00f6t\u00f6tt talajokat r\u00e9szes\u00edti el\u0151nyben, megh\u00e1l\u00e1lja ha a talaja enyh\u00e9n savany\u00fa. A r\u00f3zsa \u00fcltet\u00e9se sor\u00e1n figyelj\u00fcnk oda a megfelel\u0151 helyv\u00e1laszt\u00e1sra \u00e9s a sz\u00e1m\u00e1ra megfelel\u0151 talajra is. \u00d6nt\u00f6zz\u00fck gyakran, ha homokos a talaj, alkalmank\u00e9nt forgassunk bele szerves komposztot. Ha agyagos a talaj, laz\u00edtsuk egy kis homokkal, ha meszes, t\u0151zeget keverj\u00fcnk bele. A r\u00f3zsa mindemellett ig\u00e9nyli az \u00e9ves metsz\u00e9st is, illetve gyakran kell kezeln\u00fcnk k\u00e1rtev\u0151irt\u00f3 szerekkel, hiszen az olyan rovarok, mint a tak\u00e1csatka, a lev\u00e9ltetvek \u00e9s a r\u00f3zsagubacs dar\u00e1zs mind szeretnek ezen a n\u00f6v\u00e9nyen t\u00e1pl\u00e1lkozni, szaporodni. A r\u00f3zsa metsz\u00e9s\u00e9t \u00e9rdemes tavaszra id\u0151z\u00edten\u00fcnk. Lehet\u0151leg m\u00e1rciusban, r\u00fcgypattan\u00e1s el\u0151tt. Mindenk\u00e9ppen t\u00e1vol\u00edtsuk el a befel\u00e9 n\u00f6v\u0151 \u00e1gakat, az elsz\u00e1radt r\u00e9szeket, \u00e9s a gyeng\u00e9bb \u00e1gakat is. Ez\u00e1ltal szell\u0151sebb\u00e9 tudjuk tenni a n\u00f6v\u00e9ny\u00fcnket, \u00edgy ellen\u00e1ll\u00f3bb\u00e1 v\u00e1lik \u00e9s a vir\u00e1gok is nagyobbak lesznek a n\u00f6v\u00e9nyen.<\/p>\n<p>&nbsp;<\/p>\n<p>M\u00e9rete:\u00a0 7 literes cser\u00e9pben, kb: 100 cm t\u00f6rzsre lett oltva.<\/p>\n<p style=\"line-height: 18.0pt; background: white; margin: 0cm 0cm 15.0pt 0cm;\"><b><span style=\"color: black;\">K\u00e9szlet\u00fcnk napi szinten v\u00e1ltozik, ez\u00e9rt k\u00e9rj\u00fck, \u00e9rdekl\u0151dj\u00f6n szem\u00e9lyesen, telefonon vagy email-en.<br \/>\nA v\u00e1ltoztat\u00e1s jog\u00e1t fenntartjuk!\u00a0<\/span><\/b><\/p>\n<p><a href=\"https:\/\/tajkertesz.com\/\">https:\/\/tajkertesz.com\/<\/a><\/p>\n<p>&nbsp;<\/p>\n<p>&nbsp;<\/p>","protected":false},"excerpt":{"rendered":"<p>Magast\u00f6rzs\u0171 r\u00f3zsa &#8216;Alinka&#8217; &#8211; Tear\u00f3zsa vir\u00e1ga citroms\u00e1rga piros szeg\u0151vel,\u00a0 serleg alak\u00fa, teltvir\u00e1g\u00fa, er\u0151sen illatos.<\/p>\n<p>Er\u0151s, felfele n\u00f6vekv\u0151, 1-1,20 m magas t\u00f6rzsre oltott, ism\u00e9tl\u0151d\u0151 vir\u00e1gz\u00e1s jellemzi, fagyokat j\u00f3l t\u0171ri. Kora ny\u00e1rt\u00f3l k\u00e9s\u0151 \u0151szig, az els\u0151 fagyokig vir\u00e1gzik.<\/p>\n<p>Betegs\u00e9gekre nem \u00e9rz\u00e9keny, r\u00e9z \u00e9s k\u00e9ntartalm\u00fa szerekkel kezelj\u00fck lisztharmat \u00e9s gomb\u00e1s betegs\u00e9gek ellen<\/p>\n<p>Metsz\u00e9ssel intenz\u00edvebb n\u00f6veked\u00e9st \u00e9s vir\u00e1gz\u00e1st \u00e9r\u00fcnk el vele. Az els\u0151 \u00e9vben az \u00e1gakat\u00a0 v\u00e1gjuk vissza kb. a fel\u00e9re. K\u00e9s\u0151bbiekben a s\u00e9r\u00fclt, befel\u00e9 n\u00f6v\u0151 \u00e9s a sz\u00e1raz \u00e1gakat metssz\u00fck le a n\u00f6v\u00e9nyr\u0151l.<\/p>\n<p><b><span style=\"color: black;\">K\u00e9szlet\u00fcnk napi szinten v\u00e1ltozik, ez\u00e9rt k\u00e9rj\u00fck, \u00e9rdekl\u0151dj\u00f6n szem\u00e9lyesen, telefonon vagy email-en.<br \/>\nA v\u00e1ltoztat\u00e1s jog\u00e1t fenntartjuk!\u00a0<\/span><\/b><\/p>","protected":false},"featured_media":1723,"template":"","meta":{"_et_pb_use_builder":"","_et_pb_old_content":"","_et_gb_content_width":""},"product_brand":[],"product_cat":[1286],"product_tag":[481,480,483,479,493,482],"class_list":{"0":"post-1721","1":"product","2":"type-product","3":"status-publish","4":"has-post-thumbnail","6":"product_cat-rozsak","7":"product_tag-alinka","8":"product_tag-oltvanyok","9":"product_tag-rozsa","10":"product_tag-rozsa-magastorzsu","11":"product_tag-rozsafa","12":"product_tag-tearozsa","14":"first","15":"outofstock","16":"shipping-taxable","17":"product-type-simple"},"yoast_head":"<!-- This site is optimized with the Yoast SEO plugin v27.3 - https:\/\/yoast.com\/product\/yoast-seo-wordpress\/ -->\n<title>Magast\u00f6rzs\u0171 r\u00f3zsa &#039;Alinka&#039; - Tear\u00f3zsa - T\u00e1jkert\u00e9sz<\/title>\n<meta name=\"description\" content=\"\u00a0A Magast\u00f6rzs\u0171 r\u00f3zsa oltv\u00e1nyok k\u00f6z\u00fcl\u00a0 az\u00a0 Alinka Tear\u00f3zsa az egyik legk\u00fcl\u00f6nlegesebb. \u00c9rdekes a sz\u00edne mely k\u00edv\u00fcl narancss\u00e1rga bel\u00fcl citroms\u00e1rga.\" \/>\n<meta name=\"robots\" content=\"index, follow, max-snippet:-1, max-image-preview:large, max-video-preview:-1\" \/>\n<link rel=\"canonical\" href=\"https:\/\/tajkertesz.com\/en_US\/product\/magastorzsu-rozsa-alinka-tearozsa\/\" \/>\n<meta property=\"og:locale\" content=\"en_US\" \/>\n<meta property=\"og:type\" content=\"article\" \/>\n<meta property=\"og:title\" content=\"Magast\u00f6rzs\u0171 r\u00f3zsa &#039;Alinka&#039; - Tear\u00f3zsa - T\u00e1jkert\u00e9sz\" \/>\n<meta property=\"og:description\" content=\"\u00a0A Magast\u00f6rzs\u0171 r\u00f3zsa oltv\u00e1nyok k\u00f6z\u00fcl\u00a0 az\u00a0 Alinka Tear\u00f3zsa az egyik legk\u00fcl\u00f6nlegesebb. \u00c9rdekes a sz\u00edne mely k\u00edv\u00fcl narancss\u00e1rga bel\u00fcl citroms\u00e1rga.\" \/>\n<meta property=\"og:url\" content=\"https:\/\/tajkertesz.com\/en_US\/product\/magastorzsu-rozsa-alinka-tearozsa\/\" \/>\n<meta property=\"og:site_name\" content=\"T\u00e1jkert\u00e9sz\" \/>\n<meta property=\"article:publisher\" content=\"https:\/\/www.facebook.com\/Tajkertesz\/\" \/>\n<meta property=\"article:modified_time\" content=\"2024-09-30T14:13:16+00:00\" \/>\n<meta property=\"og:image\" content=\"https:\/\/tajkertesz.com\/wp-content\/uploads\/2020\/04\/Alinka-2.jpg\" \/>\n\t<meta property=\"og:image:width\" content=\"686\" \/>\n\t<meta property=\"og:image:height\" content=\"532\" \/>\n\t<meta property=\"og:image:type\" content=\"image\/jpeg\" \/>\n<meta name=\"twitter:card\" content=\"summary_large_image\" \/>\n<meta name=\"twitter:label1\" content=\"Est. reading time\" \/>\n\t<meta name=\"twitter:data1\" content=\"2 minutes\" \/>\n<script type=\"application\/ld+json\" class=\"yoast-schema-graph\">{\"@context\":\"https:\\\/\\\/schema.org\",\"@graph\":[{\"@type\":\"WebPage\",\"@id\":\"https:\\\/\\\/tajkertesz.com\\\/termek\\\/magastorzsu-rozsa-alinka-tearozsa\\\/\",\"url\":\"https:\\\/\\\/tajkertesz.com\\\/termek\\\/magastorzsu-rozsa-alinka-tearozsa\\\/\",\"name\":\"Magast\u00f6rzs\u0171 r\u00f3zsa 'Alinka' - Tear\u00f3zsa - T\u00e1jkert\u00e9sz\",\"isPartOf\":{\"@id\":\"https:\\\/\\\/tajkertesz.com\\\/#website\"},\"primaryImageOfPage\":{\"@id\":\"https:\\\/\\\/tajkertesz.com\\\/termek\\\/magastorzsu-rozsa-alinka-tearozsa\\\/#primaryimage\"},\"image\":{\"@id\":\"https:\\\/\\\/tajkertesz.com\\\/termek\\\/magastorzsu-rozsa-alinka-tearozsa\\\/#primaryimage\"},\"thumbnailUrl\":\"https:\\\/\\\/tajkertesz.com\\\/wp-content\\\/uploads\\\/2020\\\/04\\\/Alinka-2.jpg\",\"datePublished\":\"2020-04-11T11:55:17+00:00\",\"dateModified\":\"2024-09-30T14:13:16+00:00\",\"description\":\"\u00a0A Magast\u00f6rzs\u0171 r\u00f3zsa oltv\u00e1nyok k\u00f6z\u00fcl\u00a0 az\u00a0 Alinka Tear\u00f3zsa az egyik legk\u00fcl\u00f6nlegesebb. \u00c9rdekes a sz\u00edne mely k\u00edv\u00fcl narancss\u00e1rga bel\u00fcl citroms\u00e1rga.\",\"breadcrumb\":{\"@id\":\"https:\\\/\\\/tajkertesz.com\\\/termek\\\/magastorzsu-rozsa-alinka-tearozsa\\\/#breadcrumb\"},\"inLanguage\":\"en-US\",\"potentialAction\":[{\"@type\":\"ReadAction\",\"target\":[\"https:\\\/\\\/tajkertesz.com\\\/termek\\\/magastorzsu-rozsa-alinka-tearozsa\\\/\"]}]},{\"@type\":\"ImageObject\",\"inLanguage\":\"en-US\",\"@id\":\"https:\\\/\\\/tajkertesz.com\\\/termek\\\/magastorzsu-rozsa-alinka-tearozsa\\\/#primaryimage\",\"url\":\"https:\\\/\\\/tajkertesz.com\\\/wp-content\\\/uploads\\\/2020\\\/04\\\/Alinka-2.jpg\",\"contentUrl\":\"https:\\\/\\\/tajkertesz.com\\\/wp-content\\\/uploads\\\/2020\\\/04\\\/Alinka-2.jpg\",\"width\":686,\"height\":532},{\"@type\":\"BreadcrumbList\",\"@id\":\"https:\\\/\\\/tajkertesz.com\\\/termek\\\/magastorzsu-rozsa-alinka-tearozsa\\\/#breadcrumb\",\"itemListElement\":[{\"@type\":\"ListItem\",\"position\":1,\"name\":\"Home\",\"item\":\"https:\\\/\\\/tajkertesz.com\\\/\"},{\"@type\":\"ListItem\",\"position\":2,\"name\":\"Kezd\u0151lap\",\"item\":\"https:\\\/\\\/tajkertesz.com\\\/\"},{\"@type\":\"ListItem\",\"position\":3,\"name\":\"Magast\u00f6rzs\u0171 r\u00f3zsa &#8216;Alinka&#8217; &#8211; Tear\u00f3zsa\"}]},{\"@type\":\"WebSite\",\"@id\":\"https:\\\/\\\/tajkertesz.com\\\/#website\",\"url\":\"https:\\\/\\\/tajkertesz.com\\\/\",\"name\":\"T\u00e1j-Kert\u00e9sz 84 Kft.\",\"description\":\"Kert\u00e9szeti kis- \u00e9s nagykeresked\u00e9s, D\u00edszn\u00f6v\u00e9ny web\u00e1ruh\u00e1z orsz\u00e1gos h\u00e1zhozsz\u00e1ll\u00edt\u00e1ssal!\",\"publisher\":{\"@id\":\"https:\\\/\\\/tajkertesz.com\\\/#organization\"},\"potentialAction\":[{\"@type\":\"SearchAction\",\"target\":{\"@type\":\"EntryPoint\",\"urlTemplate\":\"https:\\\/\\\/tajkertesz.com\\\/?s={search_term_string}\"},\"query-input\":{\"@type\":\"PropertyValueSpecification\",\"valueRequired\":true,\"valueName\":\"search_term_string\"}}],\"inLanguage\":\"en-US\"},{\"@type\":\"Organization\",\"@id\":\"https:\\\/\\\/tajkertesz.com\\\/#organization\",\"name\":\"T\u00e1j-Kert\u00e9sz 84 Kft.\",\"url\":\"https:\\\/\\\/tajkertesz.com\\\/\",\"logo\":{\"@type\":\"ImageObject\",\"inLanguage\":\"en-US\",\"@id\":\"https:\\\/\\\/tajkertesz.com\\\/#\\\/schema\\\/logo\\\/image\\\/\",\"url\":\"https:\\\/\\\/tajkertesz.com\\\/wp-content\\\/uploads\\\/2018\\\/02\\\/logo-2-e1518678052539.png\",\"contentUrl\":\"https:\\\/\\\/tajkertesz.com\\\/wp-content\\\/uploads\\\/2018\\\/02\\\/logo-2-e1518678052539.png\",\"width\":81,\"height\":140,\"caption\":\"T\u00e1j-Kert\u00e9sz 84 Kft.\"},\"image\":{\"@id\":\"https:\\\/\\\/tajkertesz.com\\\/#\\\/schema\\\/logo\\\/image\\\/\"},\"sameAs\":[\"https:\\\/\\\/www.facebook.com\\\/Tajkertesz\\\/\"]}]}<\/script>\n<!-- \/ Yoast SEO plugin. -->","yoast_head_json":{"title":"Magast\u00f6rzs\u0171 r\u00f3zsa 'Alinka' - Tear\u00f3zsa - T\u00e1jkert\u00e9sz","description":"\u00a0A Magast\u00f6rzs\u0171 r\u00f3zsa oltv\u00e1nyok k\u00f6z\u00fcl\u00a0 az\u00a0 Alinka Tear\u00f3zsa az egyik legk\u00fcl\u00f6nlegesebb. \u00c9rdekes a sz\u00edne mely k\u00edv\u00fcl narancss\u00e1rga bel\u00fcl citroms\u00e1rga.","robots":{"index":"index","follow":"follow","max-snippet":"max-snippet:-1","max-image-preview":"max-image-preview:large","max-video-preview":"max-video-preview:-1"},"canonical":"https:\/\/tajkertesz.com\/en_US\/product\/magastorzsu-rozsa-alinka-tearozsa\/","og_locale":"en_US","og_type":"article","og_title":"Magast\u00f6rzs\u0171 r\u00f3zsa 'Alinka' - Tear\u00f3zsa - T\u00e1jkert\u00e9sz","og_description":"\u00a0A Magast\u00f6rzs\u0171 r\u00f3zsa oltv\u00e1nyok k\u00f6z\u00fcl\u00a0 az\u00a0 Alinka Tear\u00f3zsa az egyik legk\u00fcl\u00f6nlegesebb. \u00c9rdekes a sz\u00edne mely k\u00edv\u00fcl narancss\u00e1rga bel\u00fcl citroms\u00e1rga.","og_url":"https:\/\/tajkertesz.com\/en_US\/product\/magastorzsu-rozsa-alinka-tearozsa\/","og_site_name":"T\u00e1jkert\u00e9sz","article_publisher":"https:\/\/www.facebook.com\/Tajkertesz\/","article_modified_time":"2024-09-30T14:13:16+00:00","og_image":[{"width":686,"height":532,"url":"https:\/\/tajkertesz.com\/wp-content\/uploads\/2020\/04\/Alinka-2.jpg","type":"image\/jpeg"}],"twitter_card":"summary_large_image","twitter_misc":{"Est. reading time":"2 minutes"},"schema":{"@context":"https:\/\/schema.org","@graph":[{"@type":"WebPage","@id":"https:\/\/tajkertesz.com\/termek\/magastorzsu-rozsa-alinka-tearozsa\/","url":"https:\/\/tajkertesz.com\/termek\/magastorzsu-rozsa-alinka-tearozsa\/","name":"Magast\u00f6rzs\u0171 r\u00f3zsa 'Alinka' - Tear\u00f3zsa - T\u00e1jkert\u00e9sz","isPartOf":{"@id":"https:\/\/tajkertesz.com\/#website"},"primaryImageOfPage":{"@id":"https:\/\/tajkertesz.com\/termek\/magastorzsu-rozsa-alinka-tearozsa\/#primaryimage"},"image":{"@id":"https:\/\/tajkertesz.com\/termek\/magastorzsu-rozsa-alinka-tearozsa\/#primaryimage"},"thumbnailUrl":"https:\/\/tajkertesz.com\/wp-content\/uploads\/2020\/04\/Alinka-2.jpg","datePublished":"2020-04-11T11:55:17+00:00","dateModified":"2024-09-30T14:13:16+00:00","description":"\u00a0A Magast\u00f6rzs\u0171 r\u00f3zsa oltv\u00e1nyok k\u00f6z\u00fcl\u00a0 az\u00a0 Alinka Tear\u00f3zsa az egyik legk\u00fcl\u00f6nlegesebb. \u00c9rdekes a sz\u00edne mely k\u00edv\u00fcl narancss\u00e1rga bel\u00fcl citroms\u00e1rga.","breadcrumb":{"@id":"https:\/\/tajkertesz.com\/termek\/magastorzsu-rozsa-alinka-tearozsa\/#breadcrumb"},"inLanguage":"en-US","potentialAction":[{"@type":"ReadAction","target":["https:\/\/tajkertesz.com\/termek\/magastorzsu-rozsa-alinka-tearozsa\/"]}]},{"@type":"ImageObject","inLanguage":"en-US","@id":"https:\/\/tajkertesz.com\/termek\/magastorzsu-rozsa-alinka-tearozsa\/#primaryimage","url":"https:\/\/tajkertesz.com\/wp-content\/uploads\/2020\/04\/Alinka-2.jpg","contentUrl":"https:\/\/tajkertesz.com\/wp-content\/uploads\/2020\/04\/Alinka-2.jpg","width":686,"height":532},{"@type":"BreadcrumbList","@id":"https:\/\/tajkertesz.com\/termek\/magastorzsu-rozsa-alinka-tearozsa\/#breadcrumb","itemListElement":[{"@type":"ListItem","position":1,"name":"Home","item":"https:\/\/tajkertesz.com\/"},{"@type":"ListItem","position":2,"name":"Kezd\u0151lap","item":"https:\/\/tajkertesz.com\/"},{"@type":"ListItem","position":3,"name":"Magast\u00f6rzs\u0171 r\u00f3zsa &#8216;Alinka&#8217; &#8211; Tear\u00f3zsa"}]},{"@type":"WebSite","@id":"https:\/\/tajkertesz.com\/#website","url":"https:\/\/tajkertesz.com\/","name":"T\u00e1j-Kert\u00e9sz 84 Kft.","description":"Kert\u00e9szeti kis- \u00e9s nagykeresked\u00e9s, D\u00edszn\u00f6v\u00e9ny web\u00e1ruh\u00e1z orsz\u00e1gos h\u00e1zhozsz\u00e1ll\u00edt\u00e1ssal!","publisher":{"@id":"https:\/\/tajkertesz.com\/#organization"},"potentialAction":[{"@type":"SearchAction","target":{"@type":"EntryPoint","urlTemplate":"https:\/\/tajkertesz.com\/?s={search_term_string}"},"query-input":{"@type":"PropertyValueSpecification","valueRequired":true,"valueName":"search_term_string"}}],"inLanguage":"en-US"},{"@type":"Organization","@id":"https:\/\/tajkertesz.com\/#organization","name":"T\u00e1j-Kert\u00e9sz 84 Kft.","url":"https:\/\/tajkertesz.com\/","logo":{"@type":"ImageObject","inLanguage":"en-US","@id":"https:\/\/tajkertesz.com\/#\/schema\/logo\/image\/","url":"https:\/\/tajkertesz.com\/wp-content\/uploads\/2018\/02\/logo-2-e1518678052539.png","contentUrl":"https:\/\/tajkertesz.com\/wp-content\/uploads\/2018\/02\/logo-2-e1518678052539.png","width":81,"height":140,"caption":"T\u00e1j-Kert\u00e9sz 84 Kft."},"image":{"@id":"https:\/\/tajkertesz.com\/#\/schema\/logo\/image\/"},"sameAs":["https:\/\/www.facebook.com\/Tajkertesz\/"]}]}},"_links":{"self":[{"href":"https:\/\/tajkertesz.com\/en_US\/wp-json\/wp\/v2\/product\/1721","targetHints":{"allow":["GET"]}}],"collection":[{"href":"https:\/\/tajkertesz.com\/en_US\/wp-json\/wp\/v2\/product"}],"about":[{"href":"https:\/\/tajkertesz.com\/en_US\/wp-json\/wp\/v2\/types\/product"}],"wp:featuredmedia":[{"embeddable":true,"href":"https:\/\/tajkertesz.com\/en_US\/wp-json\/wp\/v2\/media\/1723"}],"wp:attachment":[{"href":"https:\/\/tajkertesz.com\/en_US\/wp-json\/wp\/v2\/media?parent=1721"}],"wp:term":[{"taxonomy":"product_brand","embeddable":true,"href":"https:\/\/tajkertesz.com\/en_US\/wp-json\/wp\/v2\/product_brand?post=1721"},{"taxonomy":"product_cat","embeddable":true,"href":"https:\/\/tajkertesz.com\/en_US\/wp-json\/wp\/v2\/product_cat?post=1721"},{"taxonomy":"product_tag","embeddable":true,"href":"https:\/\/tajkertesz.com\/en_US\/wp-json\/wp\/v2\/product_tag?post=1721"}],"curies":[{"name":"wp","href":"https:\/\/api.w.org\/{rel}","templated":true}]}}