{"id":17223,"date":"2025-03-30T11:02:25","date_gmt":"2025-03-30T11:02:25","guid":{"rendered":"https:\/\/tajkertesz.com\/?post_type=product&#038;p=17223"},"modified":"2026-02-25T08:05:43","modified_gmt":"2026-02-25T08:05:43","slug":"osmanthus-heterophyllus-tricolor-tarkalevelu-illatvirag-3","status":"publish","type":"product","link":"https:\/\/tajkertesz.com\/en_US\/product\/osmanthus-heterophyllus-tricolor-tarkalevelu-illatvirag-3\/","title":{"rendered":"Osmanthus heterophyllus &#8216;Tricolor&#8217; &#8211; Tarkalevel\u0171 illatvir\u00e1g"},"content":{"rendered":"<h1>Osmanthus heterophyllus &#8216;Tricolor&#8217; &#8211; Tarkalevel\u0171 illatvir\u00e1g<\/h1>\n<p data-start=\"884\" data-end=\"1199\"><strong data-start=\"884\" data-end=\"922\">Osmanthus heterophyllus &#8216;Tricolor&#8217;<\/strong>, magyar nev\u00e9n <strong data-start=\"937\" data-end=\"963\">tarkalevel\u0171 illatvir\u00e1g<\/strong>, egy k\u00fcl\u00f6nleges, <strong data-start=\"981\" data-end=\"1004\">\u00f6r\u00f6kz\u00f6ld d\u00edszcserje<\/strong>, amely eg\u00e9sz \u00e9vben mutat\u00f3s lombj\u00e1val \u00e9s tavasszal ny\u00edl\u00f3, <strong data-start=\"1062\" data-end=\"1096\">illat\u00f3s, apr\u00f3 feh\u00e9r vir\u00e1gaival<\/strong> d\u00edsz\u00edt. Levelei z\u00f6ld alapon s\u00e1rg\u00e1s-r\u00f3zsasz\u00ednes szeg\u00e9llyel tark\u00e1k, ami eg\u00e9sz \u00e9vben sz\u00ednt visz a kertbe.<\/p>\n<p data-start=\"1201\" data-end=\"1435\">Ez a fajta <strong data-start=\"1212\" data-end=\"1245\">napos vagy f\u00e9l\u00e1rny\u00e9kos helyet<\/strong> kedvel, <strong data-start=\"1254\" data-end=\"1282\">j\u00f3 v\u00edz\u00e1tereszt\u0151 talajban<\/strong> fejl\u0151dik a legszebben. <strong data-start=\"1306\" data-end=\"1318\">Fagyt\u0171r\u0151<\/strong>, \u00edgy magyarorsz\u00e1gi kertekbe is b\u00e1tran \u00fcltethet\u0151. Kiv\u00e1l\u00f3 v\u00e1laszt\u00e1s <strong data-start=\"1385\" data-end=\"1431\">s\u00f6v\u00e9nyk\u00e9nt, el\u0151kertbe, vagy d\u00edszcserjek\u00e9nt<\/strong> is.<\/p>\n<p data-start=\"1437\" data-end=\"1456\"><strong data-start=\"1437\" data-end=\"1456\">F\u0151bb jellemz\u0151k:<\/strong><\/p>\n<ul data-start=\"1457\" data-end=\"1841\">\n<li data-start=\"1457\" data-end=\"1502\">\n<p data-start=\"1459\" data-end=\"1502\">\ud83c\udf3f <strong data-start=\"1462\" data-end=\"1480\">N\u00f6v\u00e9ny t\u00edpusa:<\/strong> \u00f6r\u00f6kz\u00f6ld d\u00edszcserje<\/p>\n<\/li>\n<li data-start=\"1503\" data-end=\"1552\">\n<p data-start=\"1505\" data-end=\"1552\">\ud83c\udf38 <strong data-start=\"1508\" data-end=\"1527\">Vir\u00e1gz\u00e1s ideje:<\/strong> tavasz (\u00e1prilis\u2013m\u00e1jus)<\/p>\n<\/li>\n<li data-start=\"1553\" data-end=\"1591\">\n<p data-start=\"1555\" data-end=\"1591\">\ud83c\udf3c <strong data-start=\"1558\" data-end=\"1574\">Vir\u00e1g sz\u00edne:<\/strong> feh\u00e9r, illatos<\/p>\n<\/li>\n<li data-start=\"1592\" data-end=\"1646\">\n<p data-start=\"1594\" data-end=\"1646\">\ud83c\udf43 <strong data-start=\"1597\" data-end=\"1613\">Lev\u00e9l sz\u00edne:<\/strong> z\u00f6ld, s\u00e1rg\u00e1s-r\u00f3zsasz\u00ednes tarka<\/p>\n<\/li>\n<li data-start=\"1647\" data-end=\"1696\">\n<p data-start=\"1649\" data-end=\"1696\">\ud83c\udf1e <strong data-start=\"1652\" data-end=\"1666\">F\u00e9nyig\u00e9ny:<\/strong> napos vagy f\u00e9l\u00e1rny\u00e9kos hely<\/p>\n<\/li>\n<li data-start=\"1697\" data-end=\"1725\">\n<p data-start=\"1699\" data-end=\"1725\">\ud83d\udca7 <strong data-start=\"1702\" data-end=\"1715\">V\u00edzig\u00e9ny:<\/strong> k\u00f6zepes<\/p>\n<\/li>\n<li data-start=\"1726\" data-end=\"1761\">\n<p data-start=\"1728\" data-end=\"1761\">\u2744\ufe0f <strong data-start=\"1731\" data-end=\"1746\">T\u00e9l\u00e1ll\u00f3s\u00e1g:<\/strong> j\u00f3, fagyt\u0171r\u0151<\/p>\n<\/li>\n<li data-start=\"1762\" data-end=\"1841\">\n<p data-start=\"1764\" data-end=\"1841\">\ud83c\udf31 <strong data-start=\"1767\" data-end=\"1784\">Felhaszn\u00e1l\u00e1s:<\/strong> szoliternek, s\u00f6v\u00e9nynek, d\u00edsz\u00e1gy\u00e1sba, d\u00e9zs\u00e1s n\u00f6v\u00e9nyk\u00e9nt<\/p>\n<\/li>\n<\/ul>\n<p data-start=\"1843\" data-end=\"2048\"><strong data-start=\"1843\" data-end=\"1863\">\u00dcltet\u00e9si tan\u00e1cs:<\/strong><br data-start=\"1863\" data-end=\"1866\" \/>Az Osmanthus heterophyllus &#8216;Tricolor&#8217; \u00fcltet\u00e9s\u00e9n\u00e9l \u00fcgyelj\u00fcnk a j\u00f3 v\u00edzelvezet\u00e9sre. Rendszeres \u00f6nt\u00f6z\u00e9ssel \u00e9s t\u00e1panyag-ut\u00e1np\u00f3tl\u00e1ssal gyorsan fejl\u0151dik \u00e9s s\u0171r\u0171, dekorat\u00edv lombozatot k\u00e9pez.<\/p>\n<h4><strong>\ud83d\udd04 K\u00e9szletinform\u00e1ci\u00f3<\/strong><\/h4>\n<p><strong>K\u00e9szlet\u00fcnk napi szinten v\u00e1ltozik, \u00edgy a webshopban szerepl<\/strong><strong>\u0151<\/strong><strong>\u00a0term\u00e9kek el\u00e9rhet<\/strong><strong>\u0151<\/strong><strong>s\u00e9ge nem garant\u00e1lt.<br \/>\n\ud83d\udcde A megrendel\u00e9s el<\/strong><strong>\u0151<\/strong><strong>tt k\u00e9rj\u00fck, \u00e9rdekl<\/strong><strong>\u0151<\/strong><strong>dj\u00f6n szem\u00e9lyesen, telefonon vagy e-mailben!<\/strong><\/p>\n<h4><strong>\u27a1\ufe0f Kapcsolat:<\/strong><\/h4>\n<ul>\n<li><strong>Weboldal:\u00a0<\/strong><a href=\"https:\/\/tajkertesz.com\/\"><strong>tajkertesz.com<\/strong><\/a><\/li>\n<li><strong>Facebook:\u00a0<\/strong><a href=\"https:\/\/www.facebook.com\/tajkertesz\/\"><strong>facebook.com\/tajkertesz<\/strong><\/a><\/li>\n<li><strong>Telefonsz\u00e1m, e-mail: +36\/20-319-3770\u00a0<\/strong><a href=\"mailto:tajkerteszaruda@gmail.com\"><strong>tajkerteszaruda@gmail.com<\/strong><\/a><\/li>\n<\/ul>\n<h4><strong>\ud83d\ude9a Sz\u00e1ll\u00edt\u00e1si inform\u00e1ci\u00f3k<\/strong><\/h4>\n<p><strong>A megrendelt n\u00f6v\u00e9nyek kisz\u00e1ll\u00edt\u00e1sa az al\u00e1bbi felt\u00e9telek mellett t\u00f6rt\u00e9nik:<\/strong><\/p>\n<h4><strong>\ud83d\udce6 Fut\u00e1rszolg\u00e1latos sz\u00e1ll\u00edt\u00e1s<\/strong><\/h4>\n<ul>\n<li><strong>Maxim\u00e1lis m\u00e9ret: 200 cm (hossz\u00fas\u00e1g)<\/strong><\/li>\n<li><strong>Maxim\u00e1lis s\u00faly: 40 kg<\/strong><\/li>\n<li><strong>Az enn\u00e9l kisebb \u00e9s k\u00f6nnyebb csomagokat fut\u00e1rszolg\u00e1lattal k\u00e9zbes\u00edtj\u00fck a lehet<\/strong><strong>\u0151<\/strong><strong>\u00a0legbiztons\u00e1gosabb csomagol\u00e1sban.<\/strong><\/li>\n<\/ul>\n<h4><strong>\ud83d\udefb Szem\u00e9lyes \u00e1tv\u00e9tel<\/strong><\/h4>\n<ul>\n<li><strong>1173 Budapest, Bakancsos utca 7. sz\u00e1m alatt nyitvatart\u00e1si id<\/strong><strong>\u0151<\/strong><strong>ben szem\u00e9lyesen \u00e1tvehet<\/strong><strong>\u0151<\/strong><strong>\u00a0kert\u00e9szeti \u00e1rud\u00e1nkban.<\/strong><\/li>\n<li><strong>K\u00f6lts\u00e9ghat\u00e9kony megold\u00e1s nagyobb, t\u00f6r\u00e9kenyebb vagy t\u00falm\u00e9retes n\u00f6v\u00e9nyek eset\u00e9n.<\/strong><\/li>\n<\/ul>\n<h4><strong>\ud83d\udcde Nagy m\u00e9ret<\/strong><strong>\u0171<\/strong><strong>\u00a0vagy s\u00faly\u00fa n\u00f6v\u00e9nyek eset\u00e9n<\/strong><\/h4>\n<p><strong>Ha a term\u00e9k:<\/strong><\/p>\n<ul>\n<li><strong>meghaladja a 200 cm hossz\u00fas\u00e1got vagy<\/strong><\/li>\n<li><strong>meghaladja a 40 kg s\u00falyt,<\/strong><\/li>\n<\/ul>\n<p><strong>akkor szem\u00e9lyes \u00e1tv\u00e9tellel vagy egyedi, el<\/strong><strong>\u0151<\/strong><strong>re egyeztetett sz\u00e1ll\u00edt\u00e1si felt\u00e9telek mellett t\u00f6rt\u00e9nik.<br \/>\nK\u00e9rj\u00fck, ilyen esetben rendel\u00e9s el<\/strong><strong>\u0151<\/strong><strong>tt vegye fel vel\u00fcnk a kapcsolatot, hogy a lehet<\/strong><strong>\u0151<\/strong><strong>\u00a0legmegfelel<\/strong><strong>\u0151<\/strong><strong>bb sz\u00e1ll\u00edt\u00e1si megold\u00e1st k\u00edn\u00e1lhassuk.<\/strong><\/p>\n<p><strong>\ud83d\udd14 Fontos: A n\u00f6v\u00e9nyeket minden esetben igyeksz\u00fcnk gondosan, egyes\u00e9vel csomagolni, azonban a sz\u00e1ll\u00edt\u00e1s sor\u00e1n kisebb eszt\u00e9tikai s\u00e9r\u00fcl\u00e9sek el<\/strong><strong>\u0151<\/strong><strong>fordulhatnak (pl. lev\u00e9lhull\u00e1s). Ez nem min<\/strong><strong>\u0151<\/strong><strong>s\u00fcl hib\u00e1s teljes\u00edt\u00e9snek.<\/strong><\/p>\n<h4><strong>\ud83d\udcf7 Fontos tudni a k\u00e9pekr<\/strong><strong>\u0151<\/strong><strong>l<\/strong><\/h4>\n<p><strong>A webshopban szerepl<\/strong><strong>\u0151<\/strong><strong>\u00a0k\u00e9pek illusztr\u00e1ci\u00f3k, a n\u00f6v\u00e9nyek term\u00e9szet\u00fckn\u00e9l fogva egyediek, \u00edgy m\u00e9retben, alakban \u00e9s sz\u00ednben minim\u00e1lis elt\u00e9r\u00e9sek el<\/strong><strong>\u0151<\/strong><strong>fordulhatnak a k\u00e9pen l\u00e1that\u00f3 \u00e9s a val\u00f3s p\u00e9ld\u00e1nyok k\u00f6z\u00f6tt.<\/strong><\/p>\n<h4><strong>\ud83e\uddfe \u00c1rak \u00e9s el\u00e1ll\u00e1si jog<\/strong><\/h4>\n<ul>\n<li><strong>Az \u00e1rak egy darab\u00a0n\u00f6v\u00e9nyre vonatkoznak.<\/strong><\/li>\n<li><strong>\u00c9l<\/strong><strong>\u0151<\/strong><strong>\u00a0n\u00f6v\u00e9nyek rendel\u00e9se eset\u00e9n a 14 napos el\u00e1ll\u00e1s joga nem \u00e9rv\u00e9nyes\u00edthet<\/strong><strong>\u0151<\/strong><strong>, mivel azok romland\u00f3, biol\u00f3giailag \u00e9l<\/strong><strong>\u0151<\/strong><strong>\u00a0term\u00e9keknek min<\/strong><strong>\u0151<\/strong><strong>s\u00fclnek.<br \/>\n\ud83d\udd12 (17\/1999. (II. 5.) Korm. rendelet 5. \u00a7 c) pontja alapj\u00e1n)<\/strong><\/li>\n<\/ul>\n<h4><strong>\ud83d\udce6 K\u00e9zbes\u00edt\u00e9s ut\u00e1ni teend<\/strong><strong>\u0151<\/strong><strong>k<\/strong><\/h4>\n<p><strong>A k\u00e9zbes\u00edt\u00e9st k\u00f6vet<\/strong><strong>\u0151<\/strong><strong>en a csomagot azonnal bontsuk ki, \u00e9s a n\u00f6v\u00e9nyt helyezz\u00fck el megfelel<\/strong><strong>\u0151<\/strong><strong>\u00a0k\u00f6rnyezetben.<br \/>\nFontos: ha a n\u00f6v\u00e9ny nem r\u00e9szes\u00fcl megfelel<\/strong><strong>\u0151<\/strong><strong>\u00a0gondoz\u00e1sban \u00e9s ennek k\u00f6vetkezt\u00e9ben k\u00e1rosodik vagy elpusztul, felel<\/strong><strong>\u0151<\/strong><strong>ss\u00e9get nem tudunk v\u00e1llalni.<\/strong><\/p>","protected":false},"excerpt":{"rendered":"<h4><strong>Az Osmanthus heterophyllus &#8216;Tricolor&#8217;\u00a0 , Tarkalevel\u0171 illatvir\u00e1g\u00a0 <\/strong>2-3 m magasra n\u00f6v\u0151 Jap\u00e1n eredet\u0171, \u00f6r\u00f6kz\u00f6ld cserje&#8230;<\/h4>\n<div id=\"bodyContent\" class=\"mw-body-content\">\n<div id=\"mw-content-text\" class=\"mw-content-ltr\" dir=\"ltr\" lang=\"hu\">\n<div id=\"bodyContent\" class=\"mw-body-content\">\n<div id=\"mw-content-text\" class=\"mw-content-ltr\" dir=\"ltr\" lang=\"hu\">\n<p><b>K\u00e9szlet\u00fcnk napi szinten v\u00e1ltozik, ez\u00e9rt k\u00e9rj\u00fck, \u00e9rdekl\u0151dj\u00f6n szem\u00e9lyesen, telefonon vagy email-en.<\/b><\/p>\n<p>Term\u00e9keinket szem\u00e9lyesen is \u00e1tveheti a h\u00e9t minden napj\u00e1n nyitvatart\u00e1si id\u0151ben!<\/p>\n<p>Kisz\u00e1ll\u00edt\u00e1s: 200 cm \u00e9s 40 kg-ig a sz\u00e1ll\u00edt\u00e1s fut\u00e1rszolg\u00e1lattal t\u00f6rt\u00e9nik.<\/p>\n<\/div>\n<\/div>\n<\/div>\n<\/div>\n<p><b>A v\u00e1ltoztat\u00e1s jog\u00e1t fenntartjuk!\u00a0<\/b><\/p>\n<p>&nbsp;<\/p>\n<p>&nbsp;<\/p>","protected":false},"featured_media":16563,"template":"","meta":{"_et_pb_use_builder":"","_et_pb_old_content":"","_et_gb_content_width":""},"product_brand":[],"product_cat":[26],"product_tag":[54,7456,7457,4564,7458,4994,7454,763,7455,5857],"class_list":{"0":"post-17223","1":"product","2":"type-product","3":"status-publish","4":"has-post-thumbnail","6":"product_cat-orokzold-novenyek","7":"product_tag-disznoveny","8":"product_tag-illatos-noveny","9":"product_tag-kertbe-ultetheto-noveny","10":"product_tag-kerteszet","11":"product_tag-mediterran-hangulatu-noveny","12":"product_tag-orokzold-cserje","13":"product_tag-osmanthus-heterophyllus","14":"product_tag-sovenynoveny","15":"product_tag-tarkalevelu-illatvirag","16":"product_tag-tricolor","18":"first","19":"instock","20":"shipping-taxable","21":"purchasable","22":"product-type-simple"},"yoast_head":"<!-- This site is optimized with the Yoast SEO plugin v27.3 - https:\/\/yoast.com\/product\/yoast-seo-wordpress\/ -->\n<title>Osmanthus heterophyllus &#039;Tricolor&#039; - Tarkalevel\u0171 illatvir\u00e1g - T\u00e1jkert\u00e9sz<\/title>\n<meta name=\"description\" content=\"Az Osmanthus heterophyllus &#039;Tricolor&#039;\u00a0 , Tarkalevel\u0171 illatvir\u00e1g\u00a0 2-3 m magasra n\u00f6v\u0151 Jap\u00e1n eredet\u0171, \u00f6r\u00f6kz\u00f6ld cserje. Vir\u00e1gai ollatosak.\" \/>\n<meta name=\"robots\" content=\"index, follow, max-snippet:-1, max-image-preview:large, max-video-preview:-1\" \/>\n<link rel=\"canonical\" href=\"https:\/\/tajkertesz.com\/en_US\/product\/osmanthus-heterophyllus-tricolor-tarkalevelu-illatvirag-3\/\" \/>\n<meta property=\"og:locale\" content=\"en_US\" \/>\n<meta property=\"og:type\" content=\"article\" \/>\n<meta property=\"og:title\" content=\"https:\/\/www.facebook.com\/tajkertesz\" \/>\n<meta property=\"og:description\" content=\"Az Osmanthus heterophyllus &#039;Tricolor&#039;\u00a0 , Tarkalevel\u0171 illatvir\u00e1g\u00a0 2-3 m magasra n\u00f6v\u0151 Jap\u00e1n eredet\u0171, \u00f6r\u00f6kz\u00f6ld cserje. M\u00e9rete haz\u00e1nkban azonban\u00a0 ritk\u00e1n haladja meg a 1,5-2 m\u00e9tert.F\u00e9nyl\u0151 z\u00f6ld, fogazott sz\u00e9l\u0171, sz\u00far\u00f3s levelei kr\u00e9m feh\u00e9rtark\u00e1k, fiatal hajt\u00e1sai r\u00f3zsasz\u00edn\u0171ek. \u0150sszel ny\u00edl\u00f3 feh\u00e9r vir\u00e1gai illatosak.\" \/>\n<meta property=\"og:url\" content=\"https:\/\/tajkertesz.com\/en_US\/product\/osmanthus-heterophyllus-tricolor-tarkalevelu-illatvirag-3\/\" \/>\n<meta property=\"og:site_name\" content=\"T\u00e1jkert\u00e9sz\" \/>\n<meta property=\"article:publisher\" content=\"https:\/\/www.facebook.com\/Tajkertesz\/\" \/>\n<meta property=\"article:modified_time\" content=\"2026-02-25T08:05:43+00:00\" \/>\n<meta property=\"og:image\" content=\"https:\/\/tajkertesz.com\/wp-content\/uploads\/2020\/10\/20230823_085235-1-scaled.jpg\" \/>\n\t<meta property=\"og:image:width\" content=\"1154\" \/>\n\t<meta property=\"og:image:height\" content=\"2560\" \/>\n\t<meta property=\"og:image:type\" content=\"image\/jpeg\" \/>\n<meta name=\"twitter:card\" content=\"summary_large_image\" \/>\n<meta name=\"twitter:label1\" content=\"Est. reading time\" \/>\n\t<meta name=\"twitter:data1\" content=\"3 minutes\" \/>\n<script type=\"application\/ld+json\" class=\"yoast-schema-graph\">{\"@context\":\"https:\\\/\\\/schema.org\",\"@graph\":[{\"@type\":\"WebPage\",\"@id\":\"https:\\\/\\\/tajkertesz.com\\\/termek\\\/osmanthus-heterophyllus-tricolor-tarkalevelu-illatvirag-3\\\/\",\"url\":\"https:\\\/\\\/tajkertesz.com\\\/termek\\\/osmanthus-heterophyllus-tricolor-tarkalevelu-illatvirag-3\\\/\",\"name\":\"Osmanthus heterophyllus 'Tricolor' - Tarkalevel\u0171 illatvir\u00e1g - T\u00e1jkert\u00e9sz\",\"isPartOf\":{\"@id\":\"https:\\\/\\\/tajkertesz.com\\\/#website\"},\"primaryImageOfPage\":{\"@id\":\"https:\\\/\\\/tajkertesz.com\\\/termek\\\/osmanthus-heterophyllus-tricolor-tarkalevelu-illatvirag-3\\\/#primaryimage\"},\"image\":{\"@id\":\"https:\\\/\\\/tajkertesz.com\\\/termek\\\/osmanthus-heterophyllus-tricolor-tarkalevelu-illatvirag-3\\\/#primaryimage\"},\"thumbnailUrl\":\"https:\\\/\\\/tajkertesz.com\\\/wp-content\\\/uploads\\\/2020\\\/10\\\/20230823_085235-1-scaled.jpg\",\"datePublished\":\"2025-03-30T11:02:25+00:00\",\"dateModified\":\"2026-02-25T08:05:43+00:00\",\"description\":\"Az Osmanthus heterophyllus 'Tricolor'\u00a0 , Tarkalevel\u0171 illatvir\u00e1g\u00a0 2-3 m magasra n\u00f6v\u0151 Jap\u00e1n eredet\u0171, \u00f6r\u00f6kz\u00f6ld cserje. Vir\u00e1gai ollatosak.\",\"breadcrumb\":{\"@id\":\"https:\\\/\\\/tajkertesz.com\\\/termek\\\/osmanthus-heterophyllus-tricolor-tarkalevelu-illatvirag-3\\\/#breadcrumb\"},\"inLanguage\":\"en-US\",\"potentialAction\":[{\"@type\":\"ReadAction\",\"target\":[\"https:\\\/\\\/tajkertesz.com\\\/termek\\\/osmanthus-heterophyllus-tricolor-tarkalevelu-illatvirag-3\\\/\"]}]},{\"@type\":\"ImageObject\",\"inLanguage\":\"en-US\",\"@id\":\"https:\\\/\\\/tajkertesz.com\\\/termek\\\/osmanthus-heterophyllus-tricolor-tarkalevelu-illatvirag-3\\\/#primaryimage\",\"url\":\"https:\\\/\\\/tajkertesz.com\\\/wp-content\\\/uploads\\\/2020\\\/10\\\/20230823_085235-1-scaled.jpg\",\"contentUrl\":\"https:\\\/\\\/tajkertesz.com\\\/wp-content\\\/uploads\\\/2020\\\/10\\\/20230823_085235-1-scaled.jpg\",\"width\":1154,\"height\":2560,\"caption\":\"Osmanthus heterophyllus 'Tricolor' - Tarkalevel\u0171 illatvir\u00e1g\"},{\"@type\":\"BreadcrumbList\",\"@id\":\"https:\\\/\\\/tajkertesz.com\\\/termek\\\/osmanthus-heterophyllus-tricolor-tarkalevelu-illatvirag-3\\\/#breadcrumb\",\"itemListElement\":[{\"@type\":\"ListItem\",\"position\":1,\"name\":\"Home\",\"item\":\"https:\\\/\\\/tajkertesz.com\\\/\"},{\"@type\":\"ListItem\",\"position\":2,\"name\":\"Kezd\u0151lap\",\"item\":\"https:\\\/\\\/tajkertesz.com\\\/\"},{\"@type\":\"ListItem\",\"position\":3,\"name\":\"Osmanthus heterophyllus &#8216;Tricolor&#8217; &#8211; Tarkalevel\u0171 illatvir\u00e1g\"}]},{\"@type\":\"WebSite\",\"@id\":\"https:\\\/\\\/tajkertesz.com\\\/#website\",\"url\":\"https:\\\/\\\/tajkertesz.com\\\/\",\"name\":\"T\u00e1j-Kert\u00e9sz 84 Kft.\",\"description\":\"Kert\u00e9szeti kis- \u00e9s nagykeresked\u00e9s, D\u00edszn\u00f6v\u00e9ny web\u00e1ruh\u00e1z orsz\u00e1gos h\u00e1zhozsz\u00e1ll\u00edt\u00e1ssal!\",\"publisher\":{\"@id\":\"https:\\\/\\\/tajkertesz.com\\\/#organization\"},\"potentialAction\":[{\"@type\":\"SearchAction\",\"target\":{\"@type\":\"EntryPoint\",\"urlTemplate\":\"https:\\\/\\\/tajkertesz.com\\\/?s={search_term_string}\"},\"query-input\":{\"@type\":\"PropertyValueSpecification\",\"valueRequired\":true,\"valueName\":\"search_term_string\"}}],\"inLanguage\":\"en-US\"},{\"@type\":\"Organization\",\"@id\":\"https:\\\/\\\/tajkertesz.com\\\/#organization\",\"name\":\"T\u00e1j-Kert\u00e9sz 84 Kft.\",\"url\":\"https:\\\/\\\/tajkertesz.com\\\/\",\"logo\":{\"@type\":\"ImageObject\",\"inLanguage\":\"en-US\",\"@id\":\"https:\\\/\\\/tajkertesz.com\\\/#\\\/schema\\\/logo\\\/image\\\/\",\"url\":\"https:\\\/\\\/tajkertesz.com\\\/wp-content\\\/uploads\\\/2018\\\/02\\\/logo-2-e1518678052539.png\",\"contentUrl\":\"https:\\\/\\\/tajkertesz.com\\\/wp-content\\\/uploads\\\/2018\\\/02\\\/logo-2-e1518678052539.png\",\"width\":81,\"height\":140,\"caption\":\"T\u00e1j-Kert\u00e9sz 84 Kft.\"},\"image\":{\"@id\":\"https:\\\/\\\/tajkertesz.com\\\/#\\\/schema\\\/logo\\\/image\\\/\"},\"sameAs\":[\"https:\\\/\\\/www.facebook.com\\\/Tajkertesz\\\/\"]}]}<\/script>\n<!-- \/ Yoast SEO plugin. -->","yoast_head_json":{"title":"Osmanthus heterophyllus 'Tricolor' - Tarkalevel\u0171 illatvir\u00e1g - T\u00e1jkert\u00e9sz","description":"Az Osmanthus heterophyllus 'Tricolor'\u00a0 , Tarkalevel\u0171 illatvir\u00e1g\u00a0 2-3 m magasra n\u00f6v\u0151 Jap\u00e1n eredet\u0171, \u00f6r\u00f6kz\u00f6ld cserje. Vir\u00e1gai ollatosak.","robots":{"index":"index","follow":"follow","max-snippet":"max-snippet:-1","max-image-preview":"max-image-preview:large","max-video-preview":"max-video-preview:-1"},"canonical":"https:\/\/tajkertesz.com\/en_US\/product\/osmanthus-heterophyllus-tricolor-tarkalevelu-illatvirag-3\/","og_locale":"en_US","og_type":"article","og_title":"https:\/\/www.facebook.com\/tajkertesz","og_description":"Az Osmanthus heterophyllus 'Tricolor'\u00a0 , Tarkalevel\u0171 illatvir\u00e1g\u00a0 2-3 m magasra n\u00f6v\u0151 Jap\u00e1n eredet\u0171, \u00f6r\u00f6kz\u00f6ld cserje. M\u00e9rete haz\u00e1nkban azonban\u00a0 ritk\u00e1n haladja meg a 1,5-2 m\u00e9tert.F\u00e9nyl\u0151 z\u00f6ld, fogazott sz\u00e9l\u0171, sz\u00far\u00f3s levelei kr\u00e9m feh\u00e9rtark\u00e1k, fiatal hajt\u00e1sai r\u00f3zsasz\u00edn\u0171ek. \u0150sszel ny\u00edl\u00f3 feh\u00e9r vir\u00e1gai illatosak.","og_url":"https:\/\/tajkertesz.com\/en_US\/product\/osmanthus-heterophyllus-tricolor-tarkalevelu-illatvirag-3\/","og_site_name":"T\u00e1jkert\u00e9sz","article_publisher":"https:\/\/www.facebook.com\/Tajkertesz\/","article_modified_time":"2026-02-25T08:05:43+00:00","og_image":[{"width":1154,"height":2560,"url":"https:\/\/tajkertesz.com\/wp-content\/uploads\/2020\/10\/20230823_085235-1-scaled.jpg","type":"image\/jpeg"}],"twitter_card":"summary_large_image","twitter_misc":{"Est. reading time":"3 minutes"},"schema":{"@context":"https:\/\/schema.org","@graph":[{"@type":"WebPage","@id":"https:\/\/tajkertesz.com\/termek\/osmanthus-heterophyllus-tricolor-tarkalevelu-illatvirag-3\/","url":"https:\/\/tajkertesz.com\/termek\/osmanthus-heterophyllus-tricolor-tarkalevelu-illatvirag-3\/","name":"Osmanthus heterophyllus 'Tricolor' - Tarkalevel\u0171 illatvir\u00e1g - T\u00e1jkert\u00e9sz","isPartOf":{"@id":"https:\/\/tajkertesz.com\/#website"},"primaryImageOfPage":{"@id":"https:\/\/tajkertesz.com\/termek\/osmanthus-heterophyllus-tricolor-tarkalevelu-illatvirag-3\/#primaryimage"},"image":{"@id":"https:\/\/tajkertesz.com\/termek\/osmanthus-heterophyllus-tricolor-tarkalevelu-illatvirag-3\/#primaryimage"},"thumbnailUrl":"https:\/\/tajkertesz.com\/wp-content\/uploads\/2020\/10\/20230823_085235-1-scaled.jpg","datePublished":"2025-03-30T11:02:25+00:00","dateModified":"2026-02-25T08:05:43+00:00","description":"Az Osmanthus heterophyllus 'Tricolor'\u00a0 , Tarkalevel\u0171 illatvir\u00e1g\u00a0 2-3 m magasra n\u00f6v\u0151 Jap\u00e1n eredet\u0171, \u00f6r\u00f6kz\u00f6ld cserje. Vir\u00e1gai ollatosak.","breadcrumb":{"@id":"https:\/\/tajkertesz.com\/termek\/osmanthus-heterophyllus-tricolor-tarkalevelu-illatvirag-3\/#breadcrumb"},"inLanguage":"en-US","potentialAction":[{"@type":"ReadAction","target":["https:\/\/tajkertesz.com\/termek\/osmanthus-heterophyllus-tricolor-tarkalevelu-illatvirag-3\/"]}]},{"@type":"ImageObject","inLanguage":"en-US","@id":"https:\/\/tajkertesz.com\/termek\/osmanthus-heterophyllus-tricolor-tarkalevelu-illatvirag-3\/#primaryimage","url":"https:\/\/tajkertesz.com\/wp-content\/uploads\/2020\/10\/20230823_085235-1-scaled.jpg","contentUrl":"https:\/\/tajkertesz.com\/wp-content\/uploads\/2020\/10\/20230823_085235-1-scaled.jpg","width":1154,"height":2560,"caption":"Osmanthus heterophyllus 'Tricolor' - Tarkalevel\u0171 illatvir\u00e1g"},{"@type":"BreadcrumbList","@id":"https:\/\/tajkertesz.com\/termek\/osmanthus-heterophyllus-tricolor-tarkalevelu-illatvirag-3\/#breadcrumb","itemListElement":[{"@type":"ListItem","position":1,"name":"Home","item":"https:\/\/tajkertesz.com\/"},{"@type":"ListItem","position":2,"name":"Kezd\u0151lap","item":"https:\/\/tajkertesz.com\/"},{"@type":"ListItem","position":3,"name":"Osmanthus heterophyllus &#8216;Tricolor&#8217; &#8211; Tarkalevel\u0171 illatvir\u00e1g"}]},{"@type":"WebSite","@id":"https:\/\/tajkertesz.com\/#website","url":"https:\/\/tajkertesz.com\/","name":"T\u00e1j-Kert\u00e9sz 84 Kft.","description":"Kert\u00e9szeti kis- \u00e9s nagykeresked\u00e9s, D\u00edszn\u00f6v\u00e9ny web\u00e1ruh\u00e1z orsz\u00e1gos h\u00e1zhozsz\u00e1ll\u00edt\u00e1ssal!","publisher":{"@id":"https:\/\/tajkertesz.com\/#organization"},"potentialAction":[{"@type":"SearchAction","target":{"@type":"EntryPoint","urlTemplate":"https:\/\/tajkertesz.com\/?s={search_term_string}"},"query-input":{"@type":"PropertyValueSpecification","valueRequired":true,"valueName":"search_term_string"}}],"inLanguage":"en-US"},{"@type":"Organization","@id":"https:\/\/tajkertesz.com\/#organization","name":"T\u00e1j-Kert\u00e9sz 84 Kft.","url":"https:\/\/tajkertesz.com\/","logo":{"@type":"ImageObject","inLanguage":"en-US","@id":"https:\/\/tajkertesz.com\/#\/schema\/logo\/image\/","url":"https:\/\/tajkertesz.com\/wp-content\/uploads\/2018\/02\/logo-2-e1518678052539.png","contentUrl":"https:\/\/tajkertesz.com\/wp-content\/uploads\/2018\/02\/logo-2-e1518678052539.png","width":81,"height":140,"caption":"T\u00e1j-Kert\u00e9sz 84 Kft."},"image":{"@id":"https:\/\/tajkertesz.com\/#\/schema\/logo\/image\/"},"sameAs":["https:\/\/www.facebook.com\/Tajkertesz\/"]}]}},"_links":{"self":[{"href":"https:\/\/tajkertesz.com\/en_US\/wp-json\/wp\/v2\/product\/17223","targetHints":{"allow":["GET"]}}],"collection":[{"href":"https:\/\/tajkertesz.com\/en_US\/wp-json\/wp\/v2\/product"}],"about":[{"href":"https:\/\/tajkertesz.com\/en_US\/wp-json\/wp\/v2\/types\/product"}],"wp:featuredmedia":[{"embeddable":true,"href":"https:\/\/tajkertesz.com\/en_US\/wp-json\/wp\/v2\/media\/16563"}],"wp:attachment":[{"href":"https:\/\/tajkertesz.com\/en_US\/wp-json\/wp\/v2\/media?parent=17223"}],"wp:term":[{"taxonomy":"product_brand","embeddable":true,"href":"https:\/\/tajkertesz.com\/en_US\/wp-json\/wp\/v2\/product_brand?post=17223"},{"taxonomy":"product_cat","embeddable":true,"href":"https:\/\/tajkertesz.com\/en_US\/wp-json\/wp\/v2\/product_cat?post=17223"},{"taxonomy":"product_tag","embeddable":true,"href":"https:\/\/tajkertesz.com\/en_US\/wp-json\/wp\/v2\/product_tag?post=17223"}],"curies":[{"name":"wp","href":"https:\/\/api.w.org\/{rel}","templated":true}]}}