{"id":17225,"date":"2023-10-12T14:09:45","date_gmt":"2023-10-12T14:09:45","guid":{"rendered":"https:\/\/tajkertesz.com\/?post_type=product&#038;p=17225"},"modified":"2024-10-04T09:35:01","modified_gmt":"2024-10-04T09:35:01","slug":"syngonium-podophyllum-neon-robusta-rozsaszin-nyillevel","status":"publish","type":"product","link":"https:\/\/tajkertesz.com\/en_US\/product\/syngonium-podophyllum-neon-robusta-rozsaszin-nyillevel\/","title":{"rendered":"Syngonium podophyllum &#8216;Neon Robusta&#8217;\/ R\u00f3zsasz\u00edn ny\u00edllev\u00e9l"},"content":{"rendered":"<h2>Syngonium podophyllum &#8216;Neon Rubusta&#8217;\/ R\u00f3zsasz\u00edn ny\u00edllev\u00e9l<\/h2>\n<p>A syngonium podophyllum &#8216;Neon Robusta&#8217;\/ R\u00f3zsasz\u00edn ny\u00edllev\u00e9l level\u00e9vel d\u00edsz\u00edt\u0151 szoban\u00f6v\u00e9ny.<\/p>\n<p><span class=\"s1\">Ez a K\u00f6z\u00e9p-Amerik\u00e1b\u00f3l sz\u00e1rmaz\u00f3<\/span> tr\u00f3pusi k\u00fasz\u00f3n\u00f6v\u00e9ny felt\u0171n\u0151, r\u00f3zsasz\u00edn leveleivel d\u00edszit.<span class=\"s1\">\u00a0<\/span>Gondoz\u00e1sa egyszer\u0171, csup\u00e1n meleg, vil\u00e1gos, legfeljebb f\u00e9l\u00e1rny\u00e9kos helyre van sz\u00fcks\u00e9ge.<\/p>\n<p><strong>F\u00e9nyig\u00e9ny:<\/strong> Vil\u00e1gos helyen \u00e9rzi j\u00f3l mag\u00e1t, min\u00e9l sz\u00ednesebb a levele, ann\u00e1l t\u00f6bb f\u00e9nyre van sz\u00fcks\u00e9ge az \u00e9l\u00e9nk lev\u00e9lsz\u00edn megtart\u00e1s\u00e1hoz. \u00d3vjuk a k\u00f6zvetlen napf\u00e9nyt\u0151l, mert megperzselheti a leveleit.<\/p>\n<p><strong>\u00d6nt\u00f6z\u00e9s:<\/strong> Szereti a m\u00e9rs\u00e9kelt \u00f6nt\u00f6z\u00e9st. \u00d6nt\u00f6zd meg a n\u00f6v\u00e9nyt, amikor a talaj fels\u0151 r\u00e9tege kisz\u00e1radt. \u00dcgyelj arra, hogy a talaj enyh\u00e9n nedves maradjon, de ne \u00e1ztasd t\u00fal a n\u00f6v\u00e9nyt, mert az gy\u00f6k\u00e9rrothad\u00e1shoz vezet.<\/p>\n<p><strong>P\u00e1ratartalom:<\/strong> Magas p\u00e1ratartalmat ig\u00e9nyel. Ha a leveg\u0151 sz\u00e1raz, haszn\u00e1lj p\u00e1r\u00e1s\u00edt\u00f3t vagy permetezd\u00a0 rendszeresen a leveleket v\u00edzzel, hogy magasabb legyen a p\u00e1ratartalom.<\/p>\n<p><strong>H\u0151m\u00e9rs\u00e9klet:<\/strong> Az ide\u00e1lis h\u0151m\u00e9rs\u00e9klet 18-24\u00b0C k\u00f6z\u00f6tt van a sz\u00e1m\u00e1ra. Ker\u00fcld a hirtelen h\u0151m\u00e9rs\u00e9kletv\u00e1ltoz\u00e1sokat \u00e9s a huzatot.<\/p>\n<p><strong>T\u00e1poz\u00e1s:<\/strong> Fontos a rendszeres t\u00e1panyagut\u00e1np\u00f3tl\u00e1s. Haszn\u00e1lj az akt\u00edv n\u00f6veked\u00e9si id\u0151szakban (tavaszt\u00f3l \u0151szig) havonta 1-2 alkalommal egy v\u00edzben old\u00f3d\u00f3 szoban\u00f6v\u00e9nyeknek val\u00f3 t\u00e1poldatot.<\/p>\n<p><strong>\u00c1t\u00fcltet\u00e9s:<\/strong> A Syngonium \u00e1t\u00fcltet\u00e9se \u00e1ltal\u00e1ban\u00a0 1-2 \u00e9vente sz\u00fcks\u00e9ges. Az \u00e1t\u00fcltet\u00e9s\u00a0 legmegfelel\u0151bb a n\u00f6v\u00e9ny sz\u00e1m\u00e1ra, ha az akt\u00edv n\u00f6veked\u00e9si id\u0151szak\u00e1ban t\u00f6rt\u00e9nik. Az \u00e1t\u00fcltet\u00e9sn\u00e9l haszn\u00e1lj j\u00f3 v\u00edz\u00e1tereszt\u0151 k\u00e9pess\u00e9ggel rendelkez\u0151 talajkever\u00e9ket(pl.: j\u00f3 min\u0151s\u00e9g\u0171 laza szerkezet\u0171 vir\u00e1gf\u00f6ld, perlit, orchidea f\u00f6ld 1-1-1 ar\u00e1nyban), \u00e9s \u00fcltesd \u00e1t a n\u00f6v\u00e9nyt egy nagyobb cser\u00e9pbe, amikor a n\u00f6v\u00e9ny gy\u00f6kere m\u00e1r kit\u00f6lt\u00f6tte a jelenlegi ed\u00e9ny\u00e9t.<\/p>\n<p><strong>Toxicit\u00e1s:<\/strong>\u00a0Emberre \u00e9s \u00e1llatra is m\u00e9rgez\u0151 hat\u00e1ssal van.<\/p>\n<p><strong>Magass\u00e1g: kb.25\/30 cm<\/strong><\/p>\n<p>El\u00e9rhet\u0151 t\u00f6bbf\u00e9le m\u00e9retben \u00e9s \u00e1rban.<\/p>\n<p><strong>K\u00e9szlet\u00fcnk napi szinten v\u00e1ltozik, ez\u00e9rt k\u00e9rj\u00fck, \u00e9rdekl\u0151dj\u00f6n szem\u00e9lyesen, telefonon vagy email-en.<br \/>\nA v\u00e1ltoztat\u00e1s jog\u00e1t fenntartjuk!\u00a0<\/strong><\/p>\n<p><a href=\"https:\/\/tajkertesz.com\/\">https:\/\/tajkertesz.com\/<\/a><\/p>\n<p><a href=\"https:\/\/www.facebook.com\/tajkertesz\/\">https:\/\/www.facebook.com\/tajkertesz\/<\/a><\/p>\n<p>Kisz\u00e1ll\u00edt\u00e1s: 200cm-ig \u00a0\u00e9s 40 kg-ig a sz\u00e1ll\u00edt\u00e1s fut\u00e1rszolg\u00e1lattal \u00a0t\u00f6rt\u00e9nik.<\/p>\n<p>Szem\u00e9lyes \u00e1tv\u00e9tel nyitvatart\u00e1si id\u0151ben a 17. ker\u00fclet Bakancsos utca 7. sz\u00e1m alatti Kert\u00e9szeti \u00e1rud\u00e1ban.<\/p>\n<p><b>A v\u00e1ltoztat\u00e1s jog\u00e1t fenntartjuk!\u00a0<\/b><\/p>","protected":false},"excerpt":{"rendered":"<p>A syngonium podophyllum &#8216;Pink&#8217;\/ R\u00f3zsasz\u00edn ny\u00edllev\u00e9l level\u00e9vel d\u00edsz\u00edt\u0151 szoban\u00f6v\u00e9ny<\/p>\n<p><span class=\"s1\">Ez a K\u00f6z\u00e9p-Amerik\u00e1b\u00f3l sz\u00e1rmaz\u00f3 n\u00f6v\u00e9ny<\/span>\u00a0tr\u00f3pusi k\u00fasz\u00f3n\u00f6v\u00e9ny felt\u0171n\u0151, sz\u00ednezett leveleivel minden tekintetet mag\u00e1ra vonz.<span class=\"s1\">\u00a0<\/span>Gondoz\u00e1sa egyszer\u0171, csup\u00e1n meleg, vil\u00e1gos, legfeljebb f\u00e9l\u00e1rny\u00e9kos helyre van sz\u00fcks\u00e9ge&#8230;<\/p>\n<div id=\"bodyContent\" class=\"mw-body-content\">\n<div id=\"mw-content-text\" class=\"mw-content-ltr\" dir=\"ltr\" lang=\"hu\">\n<div id=\"bodyContent\" class=\"mw-body-content\">\n<div id=\"mw-content-text\" class=\"mw-content-ltr\" dir=\"ltr\" lang=\"hu\">\n<p><b>K\u00e9szlet\u00fcnk napi szinten v\u00e1ltozik, ez\u00e9rt k\u00e9rj\u00fck, \u00e9rdekl\u0151dj\u00f6n szem\u00e9lyesen, telefonon vagy email-en.<\/b><\/p>\n<p>Term\u00e9keinket szem\u00e9lyesen is \u00e1tveheti a h\u00e9t minden napj\u00e1n nyitvatart\u00e1si id\u0151ben!<\/p>\n<p>Kisz\u00e1ll\u00edt\u00e1s: 200 cm \u00e9s 40 kg-ig a sz\u00e1ll\u00edt\u00e1s fut\u00e1rszolg\u00e1lattal t\u00f6rt\u00e9nik.<\/p>\n<\/div>\n<\/div>\n<\/div>\n<\/div>\n<p><b>A v\u00e1ltoztat\u00e1s jog\u00e1t fenntartjuk!\u00a0<\/b><\/p>\n<p>&nbsp;<\/p>","protected":false},"featured_media":17226,"template":"","meta":{"_et_pb_use_builder":"","_et_pb_old_content":"","_et_gb_content_width":""},"product_brand":[],"product_cat":[2523],"product_tag":[4418,4417],"class_list":{"0":"post-17225","1":"product","2":"type-product","3":"status-publish","4":"has-post-thumbnail","6":"product_cat-szobanovenyek","7":"product_tag-nyillevel","8":"product_tag-szobanoveny","10":"first","11":"instock","12":"shipping-taxable","13":"purchasable","14":"product-type-simple"},"yoast_head":"<!-- This site is optimized with the Yoast SEO plugin v27.5 - https:\/\/yoast.com\/product\/yoast-seo-wordpress\/ -->\n<title>Syngonium podophyllum &#039;Neon Robusta&#039;\/ R\u00f3zsasz\u00edn ny\u00edllev\u00e9l - T\u00e1jkert\u00e9sz<\/title>\n<meta name=\"description\" content=\"Syngonium podophyllum &#039;Neon Robusta&#039;\/ R\u00f3zsasz\u00edn ny\u00edllev\u00e9l. Ez a K\u00f6z\u00e9p-Amerik\u00e1b\u00f3l sz\u00e1rmaz\u00f3 n\u00f6v\u00e9ny tr\u00f3pusi k\u00fasz\u00f3n\u00f6v\u00e9ny felt\u0171n\u0151, sz\u00ednezett leveleivel d\u00edsz\u00edt.\" \/>\n<meta name=\"robots\" content=\"index, follow, max-snippet:-1, max-image-preview:large, max-video-preview:-1\" \/>\n<link rel=\"canonical\" href=\"https:\/\/tajkertesz.com\/en_US\/product\/syngonium-podophyllum-neon-robusta-rozsaszin-nyillevel\/\" \/>\n<meta property=\"og:locale\" content=\"en_US\" \/>\n<meta property=\"og:type\" content=\"article\" \/>\n<meta property=\"og:title\" content=\"https:\/\/www.facebook.com\/tajkertesz\/\" \/>\n<meta property=\"og:description\" content=\"Ez a K\u00f6z\u00e9p-Amerik\u00e1b\u00f3l sz\u00e1rmaz\u00f3 n\u00f6v\u00e9ny\u00a0tr\u00f3pusi k\u00fasz\u00f3n\u00f6v\u00e9ny felt\u0171n\u0151, sz\u00ednezett leveleivel minden tekintetet mag\u00e1ra vonz.\u00a0Gondoz\u00e1sa egyszer\u0171, csup\u00e1n meleg, vil\u00e1gos, legfeljebb f\u00e9l\u00e1rny\u00e9kos helyre van sz\u00fcks\u00e9ge...Magass\u00e1g: kb.25\/30 cm\" \/>\n<meta property=\"og:url\" content=\"https:\/\/tajkertesz.com\/en_US\/product\/syngonium-podophyllum-neon-robusta-rozsaszin-nyillevel\/\" \/>\n<meta property=\"og:site_name\" content=\"T\u00e1jkert\u00e9sz\" \/>\n<meta property=\"article:publisher\" content=\"https:\/\/www.facebook.com\/Tajkertesz\/\" \/>\n<meta property=\"article:modified_time\" content=\"2024-10-04T09:35:01+00:00\" \/>\n<meta property=\"og:image\" content=\"https:\/\/tajkertesz.com\/wp-content\/uploads\/2023\/10\/20231012_150525-1-scaled.jpg\" \/>\n\t<meta property=\"og:image:width\" content=\"1154\" \/>\n\t<meta property=\"og:image:height\" content=\"2560\" \/>\n\t<meta property=\"og:image:type\" content=\"image\/jpeg\" \/>\n<meta name=\"twitter:card\" content=\"summary_large_image\" \/>\n<meta name=\"twitter:label1\" content=\"Est. reading time\" \/>\n\t<meta name=\"twitter:data1\" content=\"2 minutes\" \/>\n<script type=\"application\/ld+json\" class=\"yoast-schema-graph\">{\"@context\":\"https:\\\/\\\/schema.org\",\"@graph\":[{\"@type\":\"WebPage\",\"@id\":\"https:\\\/\\\/tajkertesz.com\\\/termek\\\/syngonium-podophyllum-neon-robusta-rozsaszin-nyillevel\\\/\",\"url\":\"https:\\\/\\\/tajkertesz.com\\\/termek\\\/syngonium-podophyllum-neon-robusta-rozsaszin-nyillevel\\\/\",\"name\":\"Syngonium podophyllum 'Neon Robusta'\\\/ R\u00f3zsasz\u00edn ny\u00edllev\u00e9l - T\u00e1jkert\u00e9sz\",\"isPartOf\":{\"@id\":\"https:\\\/\\\/tajkertesz.com\\\/#website\"},\"primaryImageOfPage\":{\"@id\":\"https:\\\/\\\/tajkertesz.com\\\/termek\\\/syngonium-podophyllum-neon-robusta-rozsaszin-nyillevel\\\/#primaryimage\"},\"image\":{\"@id\":\"https:\\\/\\\/tajkertesz.com\\\/termek\\\/syngonium-podophyllum-neon-robusta-rozsaszin-nyillevel\\\/#primaryimage\"},\"thumbnailUrl\":\"https:\\\/\\\/tajkertesz.com\\\/wp-content\\\/uploads\\\/2023\\\/10\\\/Nevtelen.png\",\"datePublished\":\"2023-10-12T14:09:45+00:00\",\"dateModified\":\"2024-10-04T09:35:01+00:00\",\"description\":\"Syngonium podophyllum 'Neon Robusta'\\\/ R\u00f3zsasz\u00edn ny\u00edllev\u00e9l. Ez a K\u00f6z\u00e9p-Amerik\u00e1b\u00f3l sz\u00e1rmaz\u00f3 n\u00f6v\u00e9ny tr\u00f3pusi k\u00fasz\u00f3n\u00f6v\u00e9ny felt\u0171n\u0151, sz\u00ednezett leveleivel d\u00edsz\u00edt.\",\"breadcrumb\":{\"@id\":\"https:\\\/\\\/tajkertesz.com\\\/termek\\\/syngonium-podophyllum-neon-robusta-rozsaszin-nyillevel\\\/#breadcrumb\"},\"inLanguage\":\"en-US\",\"potentialAction\":[{\"@type\":\"ReadAction\",\"target\":[\"https:\\\/\\\/tajkertesz.com\\\/termek\\\/syngonium-podophyllum-neon-robusta-rozsaszin-nyillevel\\\/\"]}]},{\"@type\":\"ImageObject\",\"inLanguage\":\"en-US\",\"@id\":\"https:\\\/\\\/tajkertesz.com\\\/termek\\\/syngonium-podophyllum-neon-robusta-rozsaszin-nyillevel\\\/#primaryimage\",\"url\":\"https:\\\/\\\/tajkertesz.com\\\/wp-content\\\/uploads\\\/2023\\\/10\\\/Nevtelen.png\",\"contentUrl\":\"https:\\\/\\\/tajkertesz.com\\\/wp-content\\\/uploads\\\/2023\\\/10\\\/Nevtelen.png\",\"width\":1920,\"height\":1542},{\"@type\":\"BreadcrumbList\",\"@id\":\"https:\\\/\\\/tajkertesz.com\\\/termek\\\/syngonium-podophyllum-neon-robusta-rozsaszin-nyillevel\\\/#breadcrumb\",\"itemListElement\":[{\"@type\":\"ListItem\",\"position\":1,\"name\":\"Home\",\"item\":\"https:\\\/\\\/tajkertesz.com\\\/\"},{\"@type\":\"ListItem\",\"position\":2,\"name\":\"Kezd\u0151lap\",\"item\":\"https:\\\/\\\/tajkertesz.com\\\/\"},{\"@type\":\"ListItem\",\"position\":3,\"name\":\"Syngonium podophyllum &#8216;Neon Robusta&#8217;\\\/ R\u00f3zsasz\u00edn ny\u00edllev\u00e9l\"}]},{\"@type\":\"WebSite\",\"@id\":\"https:\\\/\\\/tajkertesz.com\\\/#website\",\"url\":\"https:\\\/\\\/tajkertesz.com\\\/\",\"name\":\"T\u00e1j-Kert\u00e9sz 84 Kft.\",\"description\":\"Kert\u00e9szeti kis- \u00e9s nagykeresked\u00e9s, D\u00edszn\u00f6v\u00e9ny web\u00e1ruh\u00e1z orsz\u00e1gos h\u00e1zhozsz\u00e1ll\u00edt\u00e1ssal!\",\"publisher\":{\"@id\":\"https:\\\/\\\/tajkertesz.com\\\/#organization\"},\"potentialAction\":[{\"@type\":\"SearchAction\",\"target\":{\"@type\":\"EntryPoint\",\"urlTemplate\":\"https:\\\/\\\/tajkertesz.com\\\/?s={search_term_string}\"},\"query-input\":{\"@type\":\"PropertyValueSpecification\",\"valueRequired\":true,\"valueName\":\"search_term_string\"}}],\"inLanguage\":\"en-US\"},{\"@type\":\"Organization\",\"@id\":\"https:\\\/\\\/tajkertesz.com\\\/#organization\",\"name\":\"T\u00e1j-Kert\u00e9sz 84 Kft.\",\"url\":\"https:\\\/\\\/tajkertesz.com\\\/\",\"logo\":{\"@type\":\"ImageObject\",\"inLanguage\":\"en-US\",\"@id\":\"https:\\\/\\\/tajkertesz.com\\\/#\\\/schema\\\/logo\\\/image\\\/\",\"url\":\"https:\\\/\\\/tajkertesz.com\\\/wp-content\\\/uploads\\\/2018\\\/02\\\/logo-2-e1518678052539.png\",\"contentUrl\":\"https:\\\/\\\/tajkertesz.com\\\/wp-content\\\/uploads\\\/2018\\\/02\\\/logo-2-e1518678052539.png\",\"width\":81,\"height\":140,\"caption\":\"T\u00e1j-Kert\u00e9sz 84 Kft.\"},\"image\":{\"@id\":\"https:\\\/\\\/tajkertesz.com\\\/#\\\/schema\\\/logo\\\/image\\\/\"},\"sameAs\":[\"https:\\\/\\\/www.facebook.com\\\/Tajkertesz\\\/\"]}]}<\/script>\n<!-- \/ Yoast SEO plugin. -->","yoast_head_json":{"title":"Syngonium podophyllum 'Neon Robusta'\/ R\u00f3zsasz\u00edn ny\u00edllev\u00e9l - T\u00e1jkert\u00e9sz","description":"Syngonium podophyllum 'Neon Robusta'\/ R\u00f3zsasz\u00edn ny\u00edllev\u00e9l. Ez a K\u00f6z\u00e9p-Amerik\u00e1b\u00f3l sz\u00e1rmaz\u00f3 n\u00f6v\u00e9ny tr\u00f3pusi k\u00fasz\u00f3n\u00f6v\u00e9ny felt\u0171n\u0151, sz\u00ednezett leveleivel d\u00edsz\u00edt.","robots":{"index":"index","follow":"follow","max-snippet":"max-snippet:-1","max-image-preview":"max-image-preview:large","max-video-preview":"max-video-preview:-1"},"canonical":"https:\/\/tajkertesz.com\/en_US\/product\/syngonium-podophyllum-neon-robusta-rozsaszin-nyillevel\/","og_locale":"en_US","og_type":"article","og_title":"https:\/\/www.facebook.com\/tajkertesz\/","og_description":"Ez a K\u00f6z\u00e9p-Amerik\u00e1b\u00f3l sz\u00e1rmaz\u00f3 n\u00f6v\u00e9ny\u00a0tr\u00f3pusi k\u00fasz\u00f3n\u00f6v\u00e9ny felt\u0171n\u0151, sz\u00ednezett leveleivel minden tekintetet mag\u00e1ra vonz.\u00a0Gondoz\u00e1sa egyszer\u0171, csup\u00e1n meleg, vil\u00e1gos, legfeljebb f\u00e9l\u00e1rny\u00e9kos helyre van sz\u00fcks\u00e9ge...Magass\u00e1g: kb.25\/30 cm","og_url":"https:\/\/tajkertesz.com\/en_US\/product\/syngonium-podophyllum-neon-robusta-rozsaszin-nyillevel\/","og_site_name":"T\u00e1jkert\u00e9sz","article_publisher":"https:\/\/www.facebook.com\/Tajkertesz\/","article_modified_time":"2024-10-04T09:35:01+00:00","og_image":[{"width":1154,"height":2560,"url":"https:\/\/tajkertesz.com\/wp-content\/uploads\/2023\/10\/20231012_150525-1-scaled.jpg","type":"image\/jpeg"}],"twitter_card":"summary_large_image","twitter_misc":{"Est. reading time":"2 minutes"},"schema":{"@context":"https:\/\/schema.org","@graph":[{"@type":"WebPage","@id":"https:\/\/tajkertesz.com\/termek\/syngonium-podophyllum-neon-robusta-rozsaszin-nyillevel\/","url":"https:\/\/tajkertesz.com\/termek\/syngonium-podophyllum-neon-robusta-rozsaszin-nyillevel\/","name":"Syngonium podophyllum 'Neon Robusta'\/ R\u00f3zsasz\u00edn ny\u00edllev\u00e9l - T\u00e1jkert\u00e9sz","isPartOf":{"@id":"https:\/\/tajkertesz.com\/#website"},"primaryImageOfPage":{"@id":"https:\/\/tajkertesz.com\/termek\/syngonium-podophyllum-neon-robusta-rozsaszin-nyillevel\/#primaryimage"},"image":{"@id":"https:\/\/tajkertesz.com\/termek\/syngonium-podophyllum-neon-robusta-rozsaszin-nyillevel\/#primaryimage"},"thumbnailUrl":"https:\/\/tajkertesz.com\/wp-content\/uploads\/2023\/10\/Nevtelen.png","datePublished":"2023-10-12T14:09:45+00:00","dateModified":"2024-10-04T09:35:01+00:00","description":"Syngonium podophyllum 'Neon Robusta'\/ R\u00f3zsasz\u00edn ny\u00edllev\u00e9l. Ez a K\u00f6z\u00e9p-Amerik\u00e1b\u00f3l sz\u00e1rmaz\u00f3 n\u00f6v\u00e9ny tr\u00f3pusi k\u00fasz\u00f3n\u00f6v\u00e9ny felt\u0171n\u0151, sz\u00ednezett leveleivel d\u00edsz\u00edt.","breadcrumb":{"@id":"https:\/\/tajkertesz.com\/termek\/syngonium-podophyllum-neon-robusta-rozsaszin-nyillevel\/#breadcrumb"},"inLanguage":"en-US","potentialAction":[{"@type":"ReadAction","target":["https:\/\/tajkertesz.com\/termek\/syngonium-podophyllum-neon-robusta-rozsaszin-nyillevel\/"]}]},{"@type":"ImageObject","inLanguage":"en-US","@id":"https:\/\/tajkertesz.com\/termek\/syngonium-podophyllum-neon-robusta-rozsaszin-nyillevel\/#primaryimage","url":"https:\/\/tajkertesz.com\/wp-content\/uploads\/2023\/10\/Nevtelen.png","contentUrl":"https:\/\/tajkertesz.com\/wp-content\/uploads\/2023\/10\/Nevtelen.png","width":1920,"height":1542},{"@type":"BreadcrumbList","@id":"https:\/\/tajkertesz.com\/termek\/syngonium-podophyllum-neon-robusta-rozsaszin-nyillevel\/#breadcrumb","itemListElement":[{"@type":"ListItem","position":1,"name":"Home","item":"https:\/\/tajkertesz.com\/"},{"@type":"ListItem","position":2,"name":"Kezd\u0151lap","item":"https:\/\/tajkertesz.com\/"},{"@type":"ListItem","position":3,"name":"Syngonium podophyllum &#8216;Neon Robusta&#8217;\/ R\u00f3zsasz\u00edn ny\u00edllev\u00e9l"}]},{"@type":"WebSite","@id":"https:\/\/tajkertesz.com\/#website","url":"https:\/\/tajkertesz.com\/","name":"T\u00e1j-Kert\u00e9sz 84 Kft.","description":"Kert\u00e9szeti kis- \u00e9s nagykeresked\u00e9s, D\u00edszn\u00f6v\u00e9ny web\u00e1ruh\u00e1z orsz\u00e1gos h\u00e1zhozsz\u00e1ll\u00edt\u00e1ssal!","publisher":{"@id":"https:\/\/tajkertesz.com\/#organization"},"potentialAction":[{"@type":"SearchAction","target":{"@type":"EntryPoint","urlTemplate":"https:\/\/tajkertesz.com\/?s={search_term_string}"},"query-input":{"@type":"PropertyValueSpecification","valueRequired":true,"valueName":"search_term_string"}}],"inLanguage":"en-US"},{"@type":"Organization","@id":"https:\/\/tajkertesz.com\/#organization","name":"T\u00e1j-Kert\u00e9sz 84 Kft.","url":"https:\/\/tajkertesz.com\/","logo":{"@type":"ImageObject","inLanguage":"en-US","@id":"https:\/\/tajkertesz.com\/#\/schema\/logo\/image\/","url":"https:\/\/tajkertesz.com\/wp-content\/uploads\/2018\/02\/logo-2-e1518678052539.png","contentUrl":"https:\/\/tajkertesz.com\/wp-content\/uploads\/2018\/02\/logo-2-e1518678052539.png","width":81,"height":140,"caption":"T\u00e1j-Kert\u00e9sz 84 Kft."},"image":{"@id":"https:\/\/tajkertesz.com\/#\/schema\/logo\/image\/"},"sameAs":["https:\/\/www.facebook.com\/Tajkertesz\/"]}]}},"_links":{"self":[{"href":"https:\/\/tajkertesz.com\/en_US\/wp-json\/wp\/v2\/product\/17225","targetHints":{"allow":["GET"]}}],"collection":[{"href":"https:\/\/tajkertesz.com\/en_US\/wp-json\/wp\/v2\/product"}],"about":[{"href":"https:\/\/tajkertesz.com\/en_US\/wp-json\/wp\/v2\/types\/product"}],"wp:featuredmedia":[{"embeddable":true,"href":"https:\/\/tajkertesz.com\/en_US\/wp-json\/wp\/v2\/media\/17226"}],"wp:attachment":[{"href":"https:\/\/tajkertesz.com\/en_US\/wp-json\/wp\/v2\/media?parent=17225"}],"wp:term":[{"taxonomy":"product_brand","embeddable":true,"href":"https:\/\/tajkertesz.com\/en_US\/wp-json\/wp\/v2\/product_brand?post=17225"},{"taxonomy":"product_cat","embeddable":true,"href":"https:\/\/tajkertesz.com\/en_US\/wp-json\/wp\/v2\/product_cat?post=17225"},{"taxonomy":"product_tag","embeddable":true,"href":"https:\/\/tajkertesz.com\/en_US\/wp-json\/wp\/v2\/product_tag?post=17225"}],"curies":[{"name":"wp","href":"https:\/\/api.w.org\/{rel}","templated":true}]}}