{"id":17246,"date":"2023-10-16T08:12:08","date_gmt":"2023-10-16T08:12:08","guid":{"rendered":"https:\/\/tajkertesz.com\/?post_type=product&#038;p=17246"},"modified":"2023-11-03T09:12:58","modified_gmt":"2023-11-03T09:12:58","slug":"abies-koreana-koreai-jegenyefenyo","status":"publish","type":"product","link":"https:\/\/tajkertesz.com\/en_US\/product\/abies-koreana-koreai-jegenyefenyo\/","title":{"rendered":"Abies koreana\/Koreai jegenyefeny\u0151"},"content":{"rendered":"<h2>Abies koreana\/Koreai jegenyefeny\u0151<\/h2>\n<p>Az Abies koreana\/Koreai jegenyefeny\u0151 lass\u00fa n\u00f6veked\u00e9s\u0171, sz\u00e9les k\u00fapos koron\u00e1j\u00fa \u00f6r\u00f6kz\u00f6ld feny\u0151&#8230;<\/p>\n<p>A koreai jegenyefeny\u0151 Kelet-\u00c1zsi\u00e1b\u00f3l sz\u00e1rmaz\u00f3 \u00e9s d\u00edszn\u00f6v\u00e9nyk\u00e9nt Magyarorsz\u00e1gon is terjed\u0151 \u00f6r\u00f6kz\u00f6ld.<\/p>\n<p>Az Abies koreana \/ Koreai jegenyefeny\u0151, 8-15 m magasra n\u00f6v\u0151 a kisebb termet\u0171, lass\u00fa n\u00f6veked\u00e9s\u0171 feny\u0151f\u00e9l\u00e9k k\u00f6z\u00e9 tartoz\u00f3, sz\u00e9les, k\u00fapos koron\u00e1j\u00fa \u00f6r\u00f6kz\u00f6ld. T\u0171leveleinek sz\u00edne f\u00e9nyl\u0151 s\u00f6t\u00e9tz\u00f6ld, fon\u00e1ka ez\u00fcst\u00f6s sz\u00edn\u0171. Mutat\u00f3s, piros, term\u0151s tobozvir\u00e1gai m\u00e1jusban ny\u00edlnak. Mutat\u00f3s, felfel\u00e9 \u00e1ll\u00f3 tobozvir\u00e1gzata \u00e9s toboza fejl\u0151dik. A fel\u00e1ll\u00f3 tobozok augusztus elej\u00e9t\u0151l lil\u00e1sbarn\u00e1ra sz\u00ednesednek.<\/p>\n<p>M\u00e9lyr\u00e9teg\u0171, j\u00f3 v\u00edzgazd\u00e1lkod\u00e1s\u00fa semleges vagy savany\u00fa talajba, csapad\u00e9kos helyre \u00fcltess\u00fck. Meszes, sz\u00e1raz helyen t\u0171levele megs\u00e1rgul. Napos \u00e9s f\u00e9l\u00e1rny\u00e9kos helyen is sz\u00e9pen fejl\u0151dik.<\/p>\n<p>Lass\u00fa n\u00f6veked\u00e9s\u0171 \u00e9s nem t\u00fal magas feny\u0151, keskeny el\u0151kertekbe is \u00fcltethet\u0151.<\/p>\n<div class=\"wDYxhc\" data-attrid=\"kc:\/biology\/organism_classification:higher classification\" data-md=\"1001\" data-hveid=\"CEYQAA\" data-ved=\"2ahUKEwi5gYmbjvqBAxXRxwIHHZAjCKgQkCl6BAhGEAA\">\n<div class=\"Z1hOCe\">\n<div class=\"zloOqf PZPZlf\" data-ved=\"2ahUKEwi5gYmbjvqBAxXRxwIHHZAjCKgQyxMoAHoECEYQAQ\">\n<div class=\"rVusze\"><span class=\"w8qArf\"><strong>Magasabb rendszertani kateg\u00f3ria<\/strong>:\u00a0<\/span><span class=\"LrzXr kno-fv wHYlTd z8gr9e\">Jegenyefeny\u0151<\/span><\/div>\n<\/div>\n<\/div>\n<\/div>\n<div class=\"wDYxhc\" data-attrid=\"kc:\/biology\/organism_classification:conservation status\" data-md=\"1001\" data-hveid=\"CEgQAA\" data-ved=\"2ahUKEwi5gYmbjvqBAxXRxwIHHZAjCKgQkCl6BAhIEAA\">\n<div class=\"Z1hOCe\">\n<div class=\"zloOqf PZPZlf\" data-ved=\"2ahUKEwi5gYmbjvqBAxXRxwIHHZAjCKgQyxMoAHoECEgQAQ\">\n<div class=\"rVusze\"><span class=\"w8qArf\"><strong>Term\u00e9szetv\u00e9delmi st\u00e1tusz:<\/strong>\u00a0<\/span><span class=\"LrzXr kno-fv wHYlTd z8gr9e\">vesz\u00e9lyeztetett<\/span><\/div>\n<\/div>\n<\/div>\n<\/div>\n<p>El\u00e9rhet\u0151 t\u00f6bbf\u00e9le m\u00e9retben \u00e9s \u00e1rban.<\/p>\n<p><strong>K\u00e9szlet\u00fcnk napi szinten v\u00e1ltozik, ez\u00e9rt k\u00e9rj\u00fck, \u00e9rdekl\u0151dj\u00f6n szem\u00e9lyesen, telefonon vagy email-en.<br \/>\nA v\u00e1ltoztat\u00e1s jog\u00e1t fenntartjuk!\u00a0<\/strong><\/p>\n<p><a href=\"https:\/\/tajkertesz.com\/\">https:\/\/tajkertesz.com\/<\/a><\/p>\n<p><a href=\"https:\/\/www.facebook.com\/tajkertesz\/\">https:\/\/www.facebook.com\/tajkertesz\/<\/a><\/p>\n<p>Kisz\u00e1ll\u00edt\u00e1s: 200cm-ig \u00a0\u00e9s 40 kg-ig a sz\u00e1ll\u00edt\u00e1s fut\u00e1rszolg\u00e1lattal \u00a0t\u00f6rt\u00e9nik.<\/p>\n<p>Szem\u00e9lyes \u00e1tv\u00e9tel nyitvatart\u00e1si id\u0151ben a 17. ker\u00fclet Bakancsos utca 7. sz\u00e1m alatti Kert\u00e9szeti \u00e1rud\u00e1ban.<\/p>\n<p><b>A v\u00e1ltoztat\u00e1s jog\u00e1t fenntartjuk!\u00a0<\/b><\/p>","protected":false},"excerpt":{"rendered":"<h2>Abies koreana\/Koreai jegenyefeny\u0151<\/h2>\n<p>Kont\u00e9neres feny\u0151<\/p>\n<p>Magass\u00e1ga: 25\/30cm<\/p>\n<p>Az Abies koreana\/Koreai jegenyefeny\u0151 lass\u00fa n\u00f6veked\u00e9s\u0171, sz\u00e9les k\u00fapos koron\u00e1j\u00fa \u00f6r\u00f6kz\u00f6ld feny\u0151&#8230;<\/p>\n<p><strong>K\u00e9szlet\u00fcnk napi szinten v\u00e1ltozik, ez\u00e9rt k\u00e9rj\u00fck, \u00e9rdekl\u0151dj\u00f6n szem\u00e9lyesen, telefonon vagy email-en.<br \/>\nA v\u00e1ltoztat\u00e1s jog\u00e1t fenntartjuk!\u00a0<\/strong><\/p>\n<p><a href=\"https:\/\/tajkertesz.com\/\">https:\/\/tajkertesz.com\/<\/a><\/p>","protected":false},"featured_media":17247,"template":"","meta":{"_et_pb_use_builder":"","_et_pb_old_content":"","_et_gb_content_width":""},"product_brand":[],"product_cat":[4078],"product_tag":[1447,4423,24],"class_list":{"0":"post-17246","1":"product","2":"type-product","3":"status-publish","4":"has-post-thumbnail","6":"product_cat-egyeb-fenyofekek","7":"product_tag-fenyo","8":"product_tag-koreai-jegenyefenyo","9":"product_tag-orokzold","11":"first","12":"outofstock","13":"shipping-taxable","14":"purchasable","15":"product-type-simple"},"yoast_head":"<!-- This site is optimized with the Yoast SEO plugin v27.3 - https:\/\/yoast.com\/product\/yoast-seo-wordpress\/ -->\n<title>Abies koreana\/Koreai jegenyefeny\u0151 - T\u00e1jkert\u00e9sz<\/title>\n<meta name=\"description\" content=\"Abies koreana\/Koreai jegenyefeny\u0151. Az Abies koreana\/Koreai jegenyefeny\u0151 lass\u00fa n\u00f6veked\u00e9s\u0171, sz\u00e9les k\u00fapos koron\u00e1j\u00fa \u00f6r\u00f6kz\u00f6ld feny\u0151...\" \/>\n<meta name=\"robots\" content=\"index, follow, max-snippet:-1, max-image-preview:large, max-video-preview:-1\" \/>\n<link rel=\"canonical\" href=\"https:\/\/tajkertesz.com\/en_US\/product\/abies-koreana-koreai-jegenyefenyo\/\" \/>\n<meta property=\"og:locale\" content=\"en_US\" \/>\n<meta property=\"og:type\" content=\"article\" \/>\n<meta property=\"og:title\" content=\"https:\/\/www.facebook.com\/tajkertesz\" \/>\n<meta property=\"og:description\" content=\"Az Abies koreana\/Koreai jegenyefeny\u0151 lass\u00fa n\u00f6veked\u00e9s\u0171, sz\u00e9les k\u00fapos koron\u00e1j\u00fa \u00f6r\u00f6kz\u00f6ld feny\u0151...A koreai jegenyefeny\u0151 Kelet-\u00c1zsi\u00e1b\u00f3l sz\u00e1rmaz\u00f3 \u00e9s d\u00edszn\u00f6v\u00e9nyk\u00e9nt Magyarorsz\u00e1gon is terjed\u0151 \u00f6r\u00f6kz\u00f6ld.\" \/>\n<meta property=\"og:url\" content=\"https:\/\/tajkertesz.com\/en_US\/product\/abies-koreana-koreai-jegenyefenyo\/\" \/>\n<meta property=\"og:site_name\" content=\"T\u00e1jkert\u00e9sz\" \/>\n<meta property=\"article:publisher\" content=\"https:\/\/www.facebook.com\/Tajkertesz\/\" \/>\n<meta property=\"article:modified_time\" content=\"2023-11-03T09:12:58+00:00\" \/>\n<meta property=\"og:image\" content=\"https:\/\/tajkertesz.com\/wp-content\/uploads\/2023\/10\/387870681_725424419600635_2627034177006852320_n-1.jpg\" \/>\n\t<meta property=\"og:image:width\" content=\"1440\" \/>\n\t<meta property=\"og:image:height\" content=\"1799\" \/>\n\t<meta property=\"og:image:type\" content=\"image\/jpeg\" \/>\n<meta name=\"twitter:card\" content=\"summary_large_image\" \/>\n<meta name=\"twitter:label1\" content=\"Est. reading time\" \/>\n\t<meta name=\"twitter:data1\" content=\"1 minute\" \/>\n<script type=\"application\/ld+json\" class=\"yoast-schema-graph\">{\"@context\":\"https:\\\/\\\/schema.org\",\"@graph\":[{\"@type\":\"WebPage\",\"@id\":\"https:\\\/\\\/tajkertesz.com\\\/termek\\\/abies-koreana-koreai-jegenyefenyo\\\/\",\"url\":\"https:\\\/\\\/tajkertesz.com\\\/termek\\\/abies-koreana-koreai-jegenyefenyo\\\/\",\"name\":\"Abies koreana\\\/Koreai jegenyefeny\u0151 - T\u00e1jkert\u00e9sz\",\"isPartOf\":{\"@id\":\"https:\\\/\\\/tajkertesz.com\\\/#website\"},\"primaryImageOfPage\":{\"@id\":\"https:\\\/\\\/tajkertesz.com\\\/termek\\\/abies-koreana-koreai-jegenyefenyo\\\/#primaryimage\"},\"image\":{\"@id\":\"https:\\\/\\\/tajkertesz.com\\\/termek\\\/abies-koreana-koreai-jegenyefenyo\\\/#primaryimage\"},\"thumbnailUrl\":\"https:\\\/\\\/tajkertesz.com\\\/wp-content\\\/uploads\\\/2023\\\/10\\\/387870681_725424419600635_2627034177006852320_n-1.jpg\",\"datePublished\":\"2023-10-16T08:12:08+00:00\",\"dateModified\":\"2023-11-03T09:12:58+00:00\",\"description\":\"Abies koreana\\\/Koreai jegenyefeny\u0151. Az Abies koreana\\\/Koreai jegenyefeny\u0151 lass\u00fa n\u00f6veked\u00e9s\u0171, sz\u00e9les k\u00fapos koron\u00e1j\u00fa \u00f6r\u00f6kz\u00f6ld feny\u0151...\",\"breadcrumb\":{\"@id\":\"https:\\\/\\\/tajkertesz.com\\\/termek\\\/abies-koreana-koreai-jegenyefenyo\\\/#breadcrumb\"},\"inLanguage\":\"en-US\",\"potentialAction\":[{\"@type\":\"ReadAction\",\"target\":[\"https:\\\/\\\/tajkertesz.com\\\/termek\\\/abies-koreana-koreai-jegenyefenyo\\\/\"]}]},{\"@type\":\"ImageObject\",\"inLanguage\":\"en-US\",\"@id\":\"https:\\\/\\\/tajkertesz.com\\\/termek\\\/abies-koreana-koreai-jegenyefenyo\\\/#primaryimage\",\"url\":\"https:\\\/\\\/tajkertesz.com\\\/wp-content\\\/uploads\\\/2023\\\/10\\\/387870681_725424419600635_2627034177006852320_n-1.jpg\",\"contentUrl\":\"https:\\\/\\\/tajkertesz.com\\\/wp-content\\\/uploads\\\/2023\\\/10\\\/387870681_725424419600635_2627034177006852320_n-1.jpg\",\"width\":1440,\"height\":1799},{\"@type\":\"BreadcrumbList\",\"@id\":\"https:\\\/\\\/tajkertesz.com\\\/termek\\\/abies-koreana-koreai-jegenyefenyo\\\/#breadcrumb\",\"itemListElement\":[{\"@type\":\"ListItem\",\"position\":1,\"name\":\"Home\",\"item\":\"https:\\\/\\\/tajkertesz.com\\\/\"},{\"@type\":\"ListItem\",\"position\":2,\"name\":\"Kezd\u0151lap\",\"item\":\"https:\\\/\\\/tajkertesz.com\\\/\"},{\"@type\":\"ListItem\",\"position\":3,\"name\":\"Abies koreana\\\/Koreai jegenyefeny\u0151\"}]},{\"@type\":\"WebSite\",\"@id\":\"https:\\\/\\\/tajkertesz.com\\\/#website\",\"url\":\"https:\\\/\\\/tajkertesz.com\\\/\",\"name\":\"T\u00e1j-Kert\u00e9sz 84 Kft.\",\"description\":\"Kert\u00e9szeti kis- \u00e9s nagykeresked\u00e9s, D\u00edszn\u00f6v\u00e9ny web\u00e1ruh\u00e1z orsz\u00e1gos h\u00e1zhozsz\u00e1ll\u00edt\u00e1ssal!\",\"publisher\":{\"@id\":\"https:\\\/\\\/tajkertesz.com\\\/#organization\"},\"potentialAction\":[{\"@type\":\"SearchAction\",\"target\":{\"@type\":\"EntryPoint\",\"urlTemplate\":\"https:\\\/\\\/tajkertesz.com\\\/?s={search_term_string}\"},\"query-input\":{\"@type\":\"PropertyValueSpecification\",\"valueRequired\":true,\"valueName\":\"search_term_string\"}}],\"inLanguage\":\"en-US\"},{\"@type\":\"Organization\",\"@id\":\"https:\\\/\\\/tajkertesz.com\\\/#organization\",\"name\":\"T\u00e1j-Kert\u00e9sz 84 Kft.\",\"url\":\"https:\\\/\\\/tajkertesz.com\\\/\",\"logo\":{\"@type\":\"ImageObject\",\"inLanguage\":\"en-US\",\"@id\":\"https:\\\/\\\/tajkertesz.com\\\/#\\\/schema\\\/logo\\\/image\\\/\",\"url\":\"https:\\\/\\\/tajkertesz.com\\\/wp-content\\\/uploads\\\/2018\\\/02\\\/logo-2-e1518678052539.png\",\"contentUrl\":\"https:\\\/\\\/tajkertesz.com\\\/wp-content\\\/uploads\\\/2018\\\/02\\\/logo-2-e1518678052539.png\",\"width\":81,\"height\":140,\"caption\":\"T\u00e1j-Kert\u00e9sz 84 Kft.\"},\"image\":{\"@id\":\"https:\\\/\\\/tajkertesz.com\\\/#\\\/schema\\\/logo\\\/image\\\/\"},\"sameAs\":[\"https:\\\/\\\/www.facebook.com\\\/Tajkertesz\\\/\"]}]}<\/script>\n<!-- \/ Yoast SEO plugin. -->","yoast_head_json":{"title":"Abies koreana\/Koreai jegenyefeny\u0151 - T\u00e1jkert\u00e9sz","description":"Abies koreana\/Koreai jegenyefeny\u0151. Az Abies koreana\/Koreai jegenyefeny\u0151 lass\u00fa n\u00f6veked\u00e9s\u0171, sz\u00e9les k\u00fapos koron\u00e1j\u00fa \u00f6r\u00f6kz\u00f6ld feny\u0151...","robots":{"index":"index","follow":"follow","max-snippet":"max-snippet:-1","max-image-preview":"max-image-preview:large","max-video-preview":"max-video-preview:-1"},"canonical":"https:\/\/tajkertesz.com\/en_US\/product\/abies-koreana-koreai-jegenyefenyo\/","og_locale":"en_US","og_type":"article","og_title":"https:\/\/www.facebook.com\/tajkertesz","og_description":"Az Abies koreana\/Koreai jegenyefeny\u0151 lass\u00fa n\u00f6veked\u00e9s\u0171, sz\u00e9les k\u00fapos koron\u00e1j\u00fa \u00f6r\u00f6kz\u00f6ld feny\u0151...A koreai jegenyefeny\u0151 Kelet-\u00c1zsi\u00e1b\u00f3l sz\u00e1rmaz\u00f3 \u00e9s d\u00edszn\u00f6v\u00e9nyk\u00e9nt Magyarorsz\u00e1gon is terjed\u0151 \u00f6r\u00f6kz\u00f6ld.","og_url":"https:\/\/tajkertesz.com\/en_US\/product\/abies-koreana-koreai-jegenyefenyo\/","og_site_name":"T\u00e1jkert\u00e9sz","article_publisher":"https:\/\/www.facebook.com\/Tajkertesz\/","article_modified_time":"2023-11-03T09:12:58+00:00","og_image":[{"width":1440,"height":1799,"url":"https:\/\/tajkertesz.com\/wp-content\/uploads\/2023\/10\/387870681_725424419600635_2627034177006852320_n-1.jpg","type":"image\/jpeg"}],"twitter_card":"summary_large_image","twitter_misc":{"Est. reading time":"1 minute"},"schema":{"@context":"https:\/\/schema.org","@graph":[{"@type":"WebPage","@id":"https:\/\/tajkertesz.com\/termek\/abies-koreana-koreai-jegenyefenyo\/","url":"https:\/\/tajkertesz.com\/termek\/abies-koreana-koreai-jegenyefenyo\/","name":"Abies koreana\/Koreai jegenyefeny\u0151 - T\u00e1jkert\u00e9sz","isPartOf":{"@id":"https:\/\/tajkertesz.com\/#website"},"primaryImageOfPage":{"@id":"https:\/\/tajkertesz.com\/termek\/abies-koreana-koreai-jegenyefenyo\/#primaryimage"},"image":{"@id":"https:\/\/tajkertesz.com\/termek\/abies-koreana-koreai-jegenyefenyo\/#primaryimage"},"thumbnailUrl":"https:\/\/tajkertesz.com\/wp-content\/uploads\/2023\/10\/387870681_725424419600635_2627034177006852320_n-1.jpg","datePublished":"2023-10-16T08:12:08+00:00","dateModified":"2023-11-03T09:12:58+00:00","description":"Abies koreana\/Koreai jegenyefeny\u0151. Az Abies koreana\/Koreai jegenyefeny\u0151 lass\u00fa n\u00f6veked\u00e9s\u0171, sz\u00e9les k\u00fapos koron\u00e1j\u00fa \u00f6r\u00f6kz\u00f6ld feny\u0151...","breadcrumb":{"@id":"https:\/\/tajkertesz.com\/termek\/abies-koreana-koreai-jegenyefenyo\/#breadcrumb"},"inLanguage":"en-US","potentialAction":[{"@type":"ReadAction","target":["https:\/\/tajkertesz.com\/termek\/abies-koreana-koreai-jegenyefenyo\/"]}]},{"@type":"ImageObject","inLanguage":"en-US","@id":"https:\/\/tajkertesz.com\/termek\/abies-koreana-koreai-jegenyefenyo\/#primaryimage","url":"https:\/\/tajkertesz.com\/wp-content\/uploads\/2023\/10\/387870681_725424419600635_2627034177006852320_n-1.jpg","contentUrl":"https:\/\/tajkertesz.com\/wp-content\/uploads\/2023\/10\/387870681_725424419600635_2627034177006852320_n-1.jpg","width":1440,"height":1799},{"@type":"BreadcrumbList","@id":"https:\/\/tajkertesz.com\/termek\/abies-koreana-koreai-jegenyefenyo\/#breadcrumb","itemListElement":[{"@type":"ListItem","position":1,"name":"Home","item":"https:\/\/tajkertesz.com\/"},{"@type":"ListItem","position":2,"name":"Kezd\u0151lap","item":"https:\/\/tajkertesz.com\/"},{"@type":"ListItem","position":3,"name":"Abies koreana\/Koreai jegenyefeny\u0151"}]},{"@type":"WebSite","@id":"https:\/\/tajkertesz.com\/#website","url":"https:\/\/tajkertesz.com\/","name":"T\u00e1j-Kert\u00e9sz 84 Kft.","description":"Kert\u00e9szeti kis- \u00e9s nagykeresked\u00e9s, D\u00edszn\u00f6v\u00e9ny web\u00e1ruh\u00e1z orsz\u00e1gos h\u00e1zhozsz\u00e1ll\u00edt\u00e1ssal!","publisher":{"@id":"https:\/\/tajkertesz.com\/#organization"},"potentialAction":[{"@type":"SearchAction","target":{"@type":"EntryPoint","urlTemplate":"https:\/\/tajkertesz.com\/?s={search_term_string}"},"query-input":{"@type":"PropertyValueSpecification","valueRequired":true,"valueName":"search_term_string"}}],"inLanguage":"en-US"},{"@type":"Organization","@id":"https:\/\/tajkertesz.com\/#organization","name":"T\u00e1j-Kert\u00e9sz 84 Kft.","url":"https:\/\/tajkertesz.com\/","logo":{"@type":"ImageObject","inLanguage":"en-US","@id":"https:\/\/tajkertesz.com\/#\/schema\/logo\/image\/","url":"https:\/\/tajkertesz.com\/wp-content\/uploads\/2018\/02\/logo-2-e1518678052539.png","contentUrl":"https:\/\/tajkertesz.com\/wp-content\/uploads\/2018\/02\/logo-2-e1518678052539.png","width":81,"height":140,"caption":"T\u00e1j-Kert\u00e9sz 84 Kft."},"image":{"@id":"https:\/\/tajkertesz.com\/#\/schema\/logo\/image\/"},"sameAs":["https:\/\/www.facebook.com\/Tajkertesz\/"]}]}},"_links":{"self":[{"href":"https:\/\/tajkertesz.com\/en_US\/wp-json\/wp\/v2\/product\/17246","targetHints":{"allow":["GET"]}}],"collection":[{"href":"https:\/\/tajkertesz.com\/en_US\/wp-json\/wp\/v2\/product"}],"about":[{"href":"https:\/\/tajkertesz.com\/en_US\/wp-json\/wp\/v2\/types\/product"}],"wp:featuredmedia":[{"embeddable":true,"href":"https:\/\/tajkertesz.com\/en_US\/wp-json\/wp\/v2\/media\/17247"}],"wp:attachment":[{"href":"https:\/\/tajkertesz.com\/en_US\/wp-json\/wp\/v2\/media?parent=17246"}],"wp:term":[{"taxonomy":"product_brand","embeddable":true,"href":"https:\/\/tajkertesz.com\/en_US\/wp-json\/wp\/v2\/product_brand?post=17246"},{"taxonomy":"product_cat","embeddable":true,"href":"https:\/\/tajkertesz.com\/en_US\/wp-json\/wp\/v2\/product_cat?post=17246"},{"taxonomy":"product_tag","embeddable":true,"href":"https:\/\/tajkertesz.com\/en_US\/wp-json\/wp\/v2\/product_tag?post=17246"}],"curies":[{"name":"wp","href":"https:\/\/api.w.org\/{rel}","templated":true}]}}