{"id":17294,"date":"2023-10-25T09:41:28","date_gmt":"2023-10-25T09:41:28","guid":{"rendered":"https:\/\/tajkertesz.com\/?post_type=product&#038;p=17294"},"modified":"2025-09-04T09:38:00","modified_gmt":"2025-09-04T09:38:00","slug":"gloria-pro-1300-dugattyus-hati-permetezo","status":"publish","type":"product","link":"https:\/\/tajkertesz.com\/en_US\/product\/gloria-pro-1300-dugattyus-hati-permetezo\/","title":{"rendered":"Gloria PRO 1300 DUGATTY\u00daS H\u00c1TI PERMETEZ\u0150"},"content":{"rendered":"<h2>Gloria PRO 1300 DUGATTY\u00daS H\u00c1TI PERMETEZ\u0150<\/h2>\n<ul>\n<li>sokoldal\u00fa felhaszn\u00e1l\u00e1s h\u00e1zban \u00e9s kertben<\/li>\n<li>h\u00e1ztart\u00e1sban, kertben \u00e9s \u00fcvegh\u00e1zban a GLORIA permetez\u0151k t\u00f6bb, mint 70 \u00e9ve \u00e1llnak a min\u0151s\u00e9g \u00e9s az innov\u00e1ci\u00f3 ter\u00fclet\u00e9n. Az eleg\u00e1ns \u00e9s er\u0151s finom- \u00e9s k\u00e9zi permetez\u0151kkel kezdve a term\u00e9ksk\u00e1la a m\u0171anyag nyom\u00e1spermetez\u0151k sz\u00e9les v\u00e1laszt\u00e9k\u00e1ra terjed ki \u00e9s mag\u00e1ba foglalja m\u00e9g a\u00a0<span class=\"autohelp\" style=\"box-sizing: border-box; color: #3da0e3; cursor: pointer;\">rozsdamentes ac\u00e9lb\u00f3l<\/span>\u00a0k\u00e9sz\u00fclt nagy teljes\u00edtm\u00e9ny\u0171 permetez\u0151ket is<\/li>\n<\/ul>\n<p>A Gloria PRO 1300 DUGATTY\u00daS H\u00c1TI PERMETEZ\u0150 13 L ergonomikus, szakembereknek aj\u00e1nlott, k\u00e9nyelmesen haszn\u00e1lhat\u00f3 permetez\u0151.<\/p>\n<p><strong>T\u00f6lt\u00e9si kapacit\u00e1s 13 L \/ Teljes kapacit\u00e1s 16.5 L<\/strong><\/p>\n<ul>\n<li>Maximum m\u0171k\u00f6d\u00e9si nyom\u00e1s 4 bar<\/li>\n<li><span class=\"autohelp\" style=\"box-sizing: border-box; color: #3da0e3; cursor: pointer;\">Viton<\/span>\u00a0t\u00f6m\u00edt\u00e9sek<\/li>\n<li>Er\u0151s m\u0171anyag tart\u00e1ly<\/li>\n<li>S\u00e1rgar\u00e9z permetez\u0151cs\u0151 \u00fcreges k\u00fapos f\u00fav\u00f3k\u00e1val<\/li>\n<li>S\u00e1rgar\u00e9z pumpa<\/li>\n<li>A pumpa kar szerelhet\u0151 a bal vagy a jobb oldalra a sz\u00f3r\u00f3sz\u00e1r tart\u00f3val.<\/li>\n<li>Ergonomikus \u00e9s k\u00e9nyelmes gyors elz\u00e1r\u00f3 szelep, nyom\u00e1sm\u00e9r\u0151vel \u00e9s puha p\u00e1rn\u00e1zott b\u00e9l\u00e9ssel<\/li>\n<li>\u00c1tl\u00e1tsz\u00f3 folyad\u00e9k szintjelz\u0151 cs\u00edk<\/li>\n<li>Professzion\u00e1lis sz\u00e1ll\u00edt\u00f3 rendszer l\u00e9legz\u0151 habbal, anat\u00f3miailag kialak\u00edtott \u00e9s \u00e1ll\u00edthat\u00f3 v\u00e1ll p\u00e1ntok<\/li>\n<li>Tart\u00e1ly ergon\u00f3miailag igazodik a h\u00e1t vonal\u00e1hoz<\/li>\n<li>Kieg\u00e9sz\u00edt\u0151 sz\u0171r\u0151: megakad\u00e1lyozza a f\u00fav\u00f3ka elt\u00f6m\u0151d\u00e9s<\/li>\n<li>S\u00e1rgar\u00e9z hosszabb\u00edt\u00f3 cs\u0151 (0,5 m hossz\u00fa)<\/li>\n<\/ul>\n<table class=\"parameter_table\">\n<tbody>\n<tr class=\"odd\">\n<td><strong>Magass\u00e1g<\/strong><\/td>\n<td>58 cm<\/td>\n<\/tr>\n<tr class=\"even\">\n<td><strong>Sz\u00e9less\u00e9g<\/strong><\/td>\n<td>44 cm<\/td>\n<\/tr>\n<tr class=\"odd\">\n<td><strong>M\u00e9lys\u00e9g<\/strong><\/td>\n<td>19,5 cm<\/td>\n<\/tr>\n<tr class=\"even\">\n<td><strong>S\u00faly<\/strong><\/td>\n<td>4,6 kg<\/td>\n<\/tr>\n<tr class=\"odd\">\n<td><strong>Sz\u00edne<\/strong><\/td>\n<td>k\u00e9k \/ s\u00e1rga<\/td>\n<\/tr>\n<\/tbody>\n<\/table>\n<p><iframe loading=\"lazy\" title=\"GLORIA R\u00fcckenspr\u00fchger\u00e4te - gro\u00dfe F\u00fcllmengen und komfortables Arbeiten!\" width=\"1080\" height=\"608\" src=\"https:\/\/www.youtube.com\/embed\/9IciFBJohLA?feature=oembed\"  allow=\"accelerometer; autoplay; clipboard-write; encrypted-media; gyroscope; picture-in-picture; web-share\" allowfullscreen><\/iframe><\/p>\n<p><iframe loading=\"lazy\" title=\"GLORIA piston knapsack sprayers\" width=\"1080\" height=\"608\" src=\"https:\/\/www.youtube.com\/embed\/sBNWH54IKL4?feature=oembed\"  allow=\"accelerometer; autoplay; clipboard-write; encrypted-media; gyroscope; picture-in-picture; web-share\" allowfullscreen><\/iframe><\/p>\n<p><strong>K\u00e9szlet\u00fcnk napi szinten v\u00e1ltozik, ez\u00e9rt k\u00e9rj\u00fck, \u00e9rdekl\u0151dj\u00f6n szem\u00e9lyesen, telefonon vagy email-en.<br \/>\nA v\u00e1ltoztat\u00e1s jog\u00e1t fenntartjuk!\u00a0<\/strong><\/p>\n<p><a href=\"https:\/\/tajkertesz.com\/\">https:\/\/tajkertesz.com\/<\/a><\/p>\n<p><a href=\"https:\/\/www.facebook.com\/tajkertesz\/\">https:\/\/www.facebook.com\/tajkertesz\/<\/a><\/p>\n<p>Kisz\u00e1ll\u00edt\u00e1s: 200cm-ig \u00a0\u00e9s 40 kg-ig a sz\u00e1ll\u00edt\u00e1s fut\u00e1rszolg\u00e1lattal \u00a0t\u00f6rt\u00e9nik.<\/p>\n<p>Szem\u00e9lyes \u00e1tv\u00e9tel nyitvatart\u00e1si id\u0151ben a 17. ker\u00fclet Bakancsos utca 7. sz\u00e1m alatti Kert\u00e9szeti \u00e1rud\u00e1ban.<\/p>\n<p><b>A v\u00e1ltoztat\u00e1s jog\u00e1t fenntartjuk!\u00a0<\/b><\/p>","protected":false},"excerpt":{"rendered":"<p>Gloria PRO 1300 DUGATTY\u00daS H\u00c1TI PERMETEZ\u0150<\/p>\n<p>13 L ergonomikus, szakembereknek aj\u00e1nlott, k\u00e9nyelmesen haszn\u00e1lhat\u00f3 permetez\u0151.<\/p>\n<div id=\"bodyContent\" class=\"mw-body-content\">\n<div id=\"mw-content-text\" class=\"mw-content-ltr\" dir=\"ltr\" lang=\"hu\">\n<div id=\"bodyContent\" class=\"mw-body-content\">\n<div id=\"mw-content-text\" class=\"mw-content-ltr\" dir=\"ltr\" lang=\"hu\">\n<p><b>K\u00e9szlet\u00fcnk napi szinten v\u00e1ltozik, ez\u00e9rt k\u00e9rj\u00fck, \u00e9rdekl\u0151dj\u00f6n szem\u00e9lyesen, telefonon vagy email-en.<\/b><\/p>\n<p>Term\u00e9keinket szem\u00e9lyesen is \u00e1tveheti a h\u00e9t minden napj\u00e1n nyitvatart\u00e1si id\u0151ben!<\/p>\n<p>Kisz\u00e1ll\u00edt\u00e1s: 200 cm \u00e9s 40 kg-ig a sz\u00e1ll\u00edt\u00e1s fut\u00e1rszolg\u00e1lattal t\u00f6rt\u00e9nik.<\/p>\n<\/div>\n<\/div>\n<\/div>\n<\/div>\n<p><b>A v\u00e1ltoztat\u00e1s jog\u00e1t fenntartjuk!\u00a0<\/b><\/p>\n<p>&nbsp;<\/p>\n<p>&nbsp;<\/p>","protected":false},"featured_media":17295,"template":"","meta":{"_et_pb_use_builder":"","_et_pb_old_content":"","_et_gb_content_width":""},"product_brand":[],"product_cat":[4424],"product_tag":[1516,1517],"class_list":{"0":"post-17294","1":"product","2":"type-product","3":"status-publish","4":"has-post-thumbnail","6":"product_cat-gloria-permetezo-es-tartozekai","7":"product_tag-gloria","8":"product_tag-permetezo","10":"first","11":"instock","12":"shipping-taxable","13":"purchasable","14":"product-type-simple"},"yoast_head":"<!-- This site is optimized with the Yoast SEO plugin v27.4 - https:\/\/yoast.com\/product\/yoast-seo-wordpress\/ -->\n<title>Gloria PRO 1300 DUGATTY\u00daS H\u00c1TI PERMETEZ\u0150 - T\u00e1jkert\u00e9sz<\/title>\n<meta name=\"description\" content=\"Gloria PRO 1300 DUGATTY\u00daS H\u00c1TI PERMETEZ\u0150. 13 L ergonomikus, szakembereknek aj\u00e1nlott, k\u00e9nyelmesen haszn\u00e1lhat\u00f3 h\u00e1ti permetez\u0151.\" \/>\n<meta name=\"robots\" content=\"index, follow, max-snippet:-1, max-image-preview:large, max-video-preview:-1\" \/>\n<link rel=\"canonical\" href=\"https:\/\/tajkertesz.com\/en_US\/product\/gloria-pro-1300-dugattyus-hati-permetezo\/\" \/>\n<meta property=\"og:locale\" content=\"en_US\" \/>\n<meta property=\"og:type\" content=\"article\" \/>\n<meta property=\"og:title\" content=\"https:\/\/www.facebook.com\/tajkertesz\/\" \/>\n<meta property=\"og:description\" content=\"13 L ergonomikus, szakembereknek aj\u00e1nlott, k\u00e9nyelmesen haszn\u00e1lhat\u00f3 permetez\u0151.\" \/>\n<meta property=\"og:url\" content=\"https:\/\/tajkertesz.com\/en_US\/product\/gloria-pro-1300-dugattyus-hati-permetezo\/\" \/>\n<meta property=\"og:site_name\" content=\"T\u00e1jkert\u00e9sz\" \/>\n<meta property=\"article:publisher\" content=\"https:\/\/www.facebook.com\/Tajkertesz\/\" \/>\n<meta property=\"article:modified_time\" content=\"2025-09-04T09:38:00+00:00\" \/>\n<meta property=\"og:image\" content=\"https:\/\/tajkertesz.com\/wp-content\/uploads\/2023\/10\/Pro_1300_000058.0000.png\" \/>\n\t<meta property=\"og:image:width\" content=\"900\" \/>\n\t<meta property=\"og:image:height\" content=\"500\" \/>\n\t<meta property=\"og:image:type\" content=\"image\/png\" \/>\n<meta name=\"twitter:card\" content=\"summary_large_image\" \/>\n<meta name=\"twitter:label1\" content=\"Est. reading time\" \/>\n\t<meta name=\"twitter:data1\" content=\"2 minutes\" \/>\n<script type=\"application\/ld+json\" class=\"yoast-schema-graph\">{\"@context\":\"https:\\\/\\\/schema.org\",\"@graph\":[{\"@type\":\"WebPage\",\"@id\":\"https:\\\/\\\/tajkertesz.com\\\/termek\\\/gloria-pro-1300-dugattyus-hati-permetezo\\\/\",\"url\":\"https:\\\/\\\/tajkertesz.com\\\/termek\\\/gloria-pro-1300-dugattyus-hati-permetezo\\\/\",\"name\":\"Gloria PRO 1300 DUGATTY\u00daS H\u00c1TI PERMETEZ\u0150 - T\u00e1jkert\u00e9sz\",\"isPartOf\":{\"@id\":\"https:\\\/\\\/tajkertesz.com\\\/#website\"},\"primaryImageOfPage\":{\"@id\":\"https:\\\/\\\/tajkertesz.com\\\/termek\\\/gloria-pro-1300-dugattyus-hati-permetezo\\\/#primaryimage\"},\"image\":{\"@id\":\"https:\\\/\\\/tajkertesz.com\\\/termek\\\/gloria-pro-1300-dugattyus-hati-permetezo\\\/#primaryimage\"},\"thumbnailUrl\":\"https:\\\/\\\/tajkertesz.com\\\/wp-content\\\/uploads\\\/2023\\\/10\\\/Pro_1300_000058.0000.png\",\"datePublished\":\"2023-10-25T09:41:28+00:00\",\"dateModified\":\"2025-09-04T09:38:00+00:00\",\"description\":\"Gloria PRO 1300 DUGATTY\u00daS H\u00c1TI PERMETEZ\u0150. 13 L ergonomikus, szakembereknek aj\u00e1nlott, k\u00e9nyelmesen haszn\u00e1lhat\u00f3 h\u00e1ti permetez\u0151.\",\"breadcrumb\":{\"@id\":\"https:\\\/\\\/tajkertesz.com\\\/termek\\\/gloria-pro-1300-dugattyus-hati-permetezo\\\/#breadcrumb\"},\"inLanguage\":\"en-US\",\"potentialAction\":[{\"@type\":\"ReadAction\",\"target\":[\"https:\\\/\\\/tajkertesz.com\\\/termek\\\/gloria-pro-1300-dugattyus-hati-permetezo\\\/\"]}]},{\"@type\":\"ImageObject\",\"inLanguage\":\"en-US\",\"@id\":\"https:\\\/\\\/tajkertesz.com\\\/termek\\\/gloria-pro-1300-dugattyus-hati-permetezo\\\/#primaryimage\",\"url\":\"https:\\\/\\\/tajkertesz.com\\\/wp-content\\\/uploads\\\/2023\\\/10\\\/Pro_1300_000058.0000.png\",\"contentUrl\":\"https:\\\/\\\/tajkertesz.com\\\/wp-content\\\/uploads\\\/2023\\\/10\\\/Pro_1300_000058.0000.png\",\"width\":900,\"height\":500},{\"@type\":\"BreadcrumbList\",\"@id\":\"https:\\\/\\\/tajkertesz.com\\\/termek\\\/gloria-pro-1300-dugattyus-hati-permetezo\\\/#breadcrumb\",\"itemListElement\":[{\"@type\":\"ListItem\",\"position\":1,\"name\":\"Home\",\"item\":\"https:\\\/\\\/tajkertesz.com\\\/\"},{\"@type\":\"ListItem\",\"position\":2,\"name\":\"Kezd\u0151lap\",\"item\":\"https:\\\/\\\/tajkertesz.com\\\/\"},{\"@type\":\"ListItem\",\"position\":3,\"name\":\"Gloria PRO 1300 DUGATTY\u00daS H\u00c1TI PERMETEZ\u0150\"}]},{\"@type\":\"WebSite\",\"@id\":\"https:\\\/\\\/tajkertesz.com\\\/#website\",\"url\":\"https:\\\/\\\/tajkertesz.com\\\/\",\"name\":\"T\u00e1j-Kert\u00e9sz 84 Kft.\",\"description\":\"Kert\u00e9szeti kis- \u00e9s nagykeresked\u00e9s, D\u00edszn\u00f6v\u00e9ny web\u00e1ruh\u00e1z orsz\u00e1gos h\u00e1zhozsz\u00e1ll\u00edt\u00e1ssal!\",\"publisher\":{\"@id\":\"https:\\\/\\\/tajkertesz.com\\\/#organization\"},\"potentialAction\":[{\"@type\":\"SearchAction\",\"target\":{\"@type\":\"EntryPoint\",\"urlTemplate\":\"https:\\\/\\\/tajkertesz.com\\\/?s={search_term_string}\"},\"query-input\":{\"@type\":\"PropertyValueSpecification\",\"valueRequired\":true,\"valueName\":\"search_term_string\"}}],\"inLanguage\":\"en-US\"},{\"@type\":\"Organization\",\"@id\":\"https:\\\/\\\/tajkertesz.com\\\/#organization\",\"name\":\"T\u00e1j-Kert\u00e9sz 84 Kft.\",\"url\":\"https:\\\/\\\/tajkertesz.com\\\/\",\"logo\":{\"@type\":\"ImageObject\",\"inLanguage\":\"en-US\",\"@id\":\"https:\\\/\\\/tajkertesz.com\\\/#\\\/schema\\\/logo\\\/image\\\/\",\"url\":\"https:\\\/\\\/tajkertesz.com\\\/wp-content\\\/uploads\\\/2018\\\/02\\\/logo-2-e1518678052539.png\",\"contentUrl\":\"https:\\\/\\\/tajkertesz.com\\\/wp-content\\\/uploads\\\/2018\\\/02\\\/logo-2-e1518678052539.png\",\"width\":81,\"height\":140,\"caption\":\"T\u00e1j-Kert\u00e9sz 84 Kft.\"},\"image\":{\"@id\":\"https:\\\/\\\/tajkertesz.com\\\/#\\\/schema\\\/logo\\\/image\\\/\"},\"sameAs\":[\"https:\\\/\\\/www.facebook.com\\\/Tajkertesz\\\/\"]}]}<\/script>\n<!-- \/ Yoast SEO plugin. -->","yoast_head_json":{"title":"Gloria PRO 1300 DUGATTY\u00daS H\u00c1TI PERMETEZ\u0150 - T\u00e1jkert\u00e9sz","description":"Gloria PRO 1300 DUGATTY\u00daS H\u00c1TI PERMETEZ\u0150. 13 L ergonomikus, szakembereknek aj\u00e1nlott, k\u00e9nyelmesen haszn\u00e1lhat\u00f3 h\u00e1ti permetez\u0151.","robots":{"index":"index","follow":"follow","max-snippet":"max-snippet:-1","max-image-preview":"max-image-preview:large","max-video-preview":"max-video-preview:-1"},"canonical":"https:\/\/tajkertesz.com\/en_US\/product\/gloria-pro-1300-dugattyus-hati-permetezo\/","og_locale":"en_US","og_type":"article","og_title":"https:\/\/www.facebook.com\/tajkertesz\/","og_description":"13 L ergonomikus, szakembereknek aj\u00e1nlott, k\u00e9nyelmesen haszn\u00e1lhat\u00f3 permetez\u0151.","og_url":"https:\/\/tajkertesz.com\/en_US\/product\/gloria-pro-1300-dugattyus-hati-permetezo\/","og_site_name":"T\u00e1jkert\u00e9sz","article_publisher":"https:\/\/www.facebook.com\/Tajkertesz\/","article_modified_time":"2025-09-04T09:38:00+00:00","og_image":[{"width":900,"height":500,"url":"https:\/\/tajkertesz.com\/wp-content\/uploads\/2023\/10\/Pro_1300_000058.0000.png","type":"image\/png"}],"twitter_card":"summary_large_image","twitter_misc":{"Est. reading time":"2 minutes"},"schema":{"@context":"https:\/\/schema.org","@graph":[{"@type":"WebPage","@id":"https:\/\/tajkertesz.com\/termek\/gloria-pro-1300-dugattyus-hati-permetezo\/","url":"https:\/\/tajkertesz.com\/termek\/gloria-pro-1300-dugattyus-hati-permetezo\/","name":"Gloria PRO 1300 DUGATTY\u00daS H\u00c1TI PERMETEZ\u0150 - T\u00e1jkert\u00e9sz","isPartOf":{"@id":"https:\/\/tajkertesz.com\/#website"},"primaryImageOfPage":{"@id":"https:\/\/tajkertesz.com\/termek\/gloria-pro-1300-dugattyus-hati-permetezo\/#primaryimage"},"image":{"@id":"https:\/\/tajkertesz.com\/termek\/gloria-pro-1300-dugattyus-hati-permetezo\/#primaryimage"},"thumbnailUrl":"https:\/\/tajkertesz.com\/wp-content\/uploads\/2023\/10\/Pro_1300_000058.0000.png","datePublished":"2023-10-25T09:41:28+00:00","dateModified":"2025-09-04T09:38:00+00:00","description":"Gloria PRO 1300 DUGATTY\u00daS H\u00c1TI PERMETEZ\u0150. 13 L ergonomikus, szakembereknek aj\u00e1nlott, k\u00e9nyelmesen haszn\u00e1lhat\u00f3 h\u00e1ti permetez\u0151.","breadcrumb":{"@id":"https:\/\/tajkertesz.com\/termek\/gloria-pro-1300-dugattyus-hati-permetezo\/#breadcrumb"},"inLanguage":"en-US","potentialAction":[{"@type":"ReadAction","target":["https:\/\/tajkertesz.com\/termek\/gloria-pro-1300-dugattyus-hati-permetezo\/"]}]},{"@type":"ImageObject","inLanguage":"en-US","@id":"https:\/\/tajkertesz.com\/termek\/gloria-pro-1300-dugattyus-hati-permetezo\/#primaryimage","url":"https:\/\/tajkertesz.com\/wp-content\/uploads\/2023\/10\/Pro_1300_000058.0000.png","contentUrl":"https:\/\/tajkertesz.com\/wp-content\/uploads\/2023\/10\/Pro_1300_000058.0000.png","width":900,"height":500},{"@type":"BreadcrumbList","@id":"https:\/\/tajkertesz.com\/termek\/gloria-pro-1300-dugattyus-hati-permetezo\/#breadcrumb","itemListElement":[{"@type":"ListItem","position":1,"name":"Home","item":"https:\/\/tajkertesz.com\/"},{"@type":"ListItem","position":2,"name":"Kezd\u0151lap","item":"https:\/\/tajkertesz.com\/"},{"@type":"ListItem","position":3,"name":"Gloria PRO 1300 DUGATTY\u00daS H\u00c1TI PERMETEZ\u0150"}]},{"@type":"WebSite","@id":"https:\/\/tajkertesz.com\/#website","url":"https:\/\/tajkertesz.com\/","name":"T\u00e1j-Kert\u00e9sz 84 Kft.","description":"Kert\u00e9szeti kis- \u00e9s nagykeresked\u00e9s, D\u00edszn\u00f6v\u00e9ny web\u00e1ruh\u00e1z orsz\u00e1gos h\u00e1zhozsz\u00e1ll\u00edt\u00e1ssal!","publisher":{"@id":"https:\/\/tajkertesz.com\/#organization"},"potentialAction":[{"@type":"SearchAction","target":{"@type":"EntryPoint","urlTemplate":"https:\/\/tajkertesz.com\/?s={search_term_string}"},"query-input":{"@type":"PropertyValueSpecification","valueRequired":true,"valueName":"search_term_string"}}],"inLanguage":"en-US"},{"@type":"Organization","@id":"https:\/\/tajkertesz.com\/#organization","name":"T\u00e1j-Kert\u00e9sz 84 Kft.","url":"https:\/\/tajkertesz.com\/","logo":{"@type":"ImageObject","inLanguage":"en-US","@id":"https:\/\/tajkertesz.com\/#\/schema\/logo\/image\/","url":"https:\/\/tajkertesz.com\/wp-content\/uploads\/2018\/02\/logo-2-e1518678052539.png","contentUrl":"https:\/\/tajkertesz.com\/wp-content\/uploads\/2018\/02\/logo-2-e1518678052539.png","width":81,"height":140,"caption":"T\u00e1j-Kert\u00e9sz 84 Kft."},"image":{"@id":"https:\/\/tajkertesz.com\/#\/schema\/logo\/image\/"},"sameAs":["https:\/\/www.facebook.com\/Tajkertesz\/"]}]}},"_links":{"self":[{"href":"https:\/\/tajkertesz.com\/en_US\/wp-json\/wp\/v2\/product\/17294","targetHints":{"allow":["GET"]}}],"collection":[{"href":"https:\/\/tajkertesz.com\/en_US\/wp-json\/wp\/v2\/product"}],"about":[{"href":"https:\/\/tajkertesz.com\/en_US\/wp-json\/wp\/v2\/types\/product"}],"wp:featuredmedia":[{"embeddable":true,"href":"https:\/\/tajkertesz.com\/en_US\/wp-json\/wp\/v2\/media\/17295"}],"wp:attachment":[{"href":"https:\/\/tajkertesz.com\/en_US\/wp-json\/wp\/v2\/media?parent=17294"}],"wp:term":[{"taxonomy":"product_brand","embeddable":true,"href":"https:\/\/tajkertesz.com\/en_US\/wp-json\/wp\/v2\/product_brand?post=17294"},{"taxonomy":"product_cat","embeddable":true,"href":"https:\/\/tajkertesz.com\/en_US\/wp-json\/wp\/v2\/product_cat?post=17294"},{"taxonomy":"product_tag","embeddable":true,"href":"https:\/\/tajkertesz.com\/en_US\/wp-json\/wp\/v2\/product_tag?post=17294"}],"curies":[{"name":"wp","href":"https:\/\/api.w.org\/{rel}","templated":true}]}}