{"id":17328,"date":"2023-10-26T12:43:27","date_gmt":"2023-10-26T12:43:27","guid":{"rendered":"https:\/\/tajkertesz.com\/?post_type=product&#038;p=17328"},"modified":"2025-06-11T13:35:17","modified_gmt":"2025-06-11T13:35:17","slug":"nemastar-rovarolo-szer","status":"publish","type":"product","link":"https:\/\/tajkertesz.com\/en_US\/product\/nemastar-rovarolo-szer\/","title":{"rendered":"Nemastar rovar\u00f6l\u0151 szer"},"content":{"rendered":"<p>Nemastar rovar\u00f6l\u0151 szerBiol\u00f3giai rovar\u00f6l\u0151 szer \u2013 hasznos fon\u00e1lf\u00e9reg<\/p>\n<p>A\u00a0<strong>Nemastar<\/strong>\u00a0olyan fon\u00e1lf\u00e9reg k\u00e9sz\u00edtm\u00e9ny, amely a talajban \u00e9l\u0151 c\u00e9lk\u00e1rtev\u0151t r\u00f6vid id\u0151n bel\u00fcl megtal\u00e1lja \u00e9s a fon\u00e1lf\u00e9reggel szimbi\u00f3zisban \u00e9l\u0151 bakt\u00e9riumokkal k\u00f6z\u00f6sen elpuszt\u00edtj\u00e1k. Felszaporodnak a k\u00e1rtev\u0151 test\u00e9ben \u00e9s megfelel\u0151 k\u00f6r\u00fclm\u00e9nyek k\u00f6z\u00f6tt \u00fajabb gazda\u00e1llatot keresnek. Ezzel a jelen l\u00e9v\u0151 c\u00e9lk\u00e1rtev\u0151ket gyorsan elpuszt\u00edtj\u00e1k. Mindez azonban csak akkor teljes\u00fcl, ha a megfelel\u0151 id\u0151ben \u00e9s talajh\u0151m\u00e9rs\u00e9klet mellett nedvesen tartjuk a talajt \u00e9s a kijuttat\u00e1s az esti \u00f3r\u00e1kban a nap UV sugarait\u00f3l v\u00e9dve t\u00f6rt\u00e9nik.<\/p>\n<p><strong>Hat\u00f3anyag:\u00a0<\/strong><em>Steinernema carpocapsae\u00a0<\/em>fon\u00e1lf\u00e9reg<\/p>\n<p><strong>Felhaszn\u00e1lhat\u00f3:<\/strong>\u00a0Valamennyi szabadf\u00f6ldi \u00e9s hajtatott z\u00f6lds\u00e9gn\u00f6v\u00e9nyben, d\u00edszn\u00f6v\u00e9nyben, gyepen, legel\u0151n vakondt\u00fccs\u00f6k, l\u00f3tet\u0171, l\u0151t\u00fccs\u00f6k (<em>Gryllotalpa gryllotalpa<\/em>) \u00e9s vet\u00e9si bagolylepke (<em>Agrotis segetum)\u00a0<\/em>ellen, valamint gyepen \u00e9s legel\u0151n l\u00f3sz\u00fanyog (<em>Tipula paludosa<\/em>) ellen.<\/p>\n<p><strong>D\u00f3zis:<\/strong>\u00a050 milli\u00f3 db\/100 m2; 500 milli\u00f3 db\/1000 m2<br \/>\n<strong>Permetl\u00e9<\/strong>: min. 10 l\/100 m2<\/p>\n<p><strong>A term\u00e9k a hosszan tart\u00f3, ak\u00e1r egy teljes szezonra sz\u00f3l\u00f3 hat\u00e1s\u00e1t fokozatosan fejti ki. A legmagasabb hat\u00e9konys\u00e1g el\u00e9r\u00e9s\u00e9hez 6-8 h\u00e9t is sz\u00fcks\u00e9ges, melyhez rendszeres \u00f6nt\u00f6z\u00e9ssel biztos\u00edthatjuk a megfelel\u0151 talajnedvess\u00e9get.<\/strong><\/p>\n<p><strong>Mikor kell kijuttatni?<\/strong><\/p>\n<p>A betelep\u00edt\u00e9st az els\u0151 k\u00e1rtev\u0151k megjelen\u00e9sekor kell megkezdeni \u00e9s a fert\u0151z\u00e9s m\u00e9rt\u00e9k\u00e9t\u0151l f\u00fcgg\u0151en kell ism\u00e9telni. A kezelend\u0151 k\u00f6zeg mindig legyen nedves, de ne \u00e1lljon rajta a v\u00edz!<\/p>\n<p>A\u00a0<strong>kifejlett l\u00f3tet\u0171\u00a0<\/strong>elleni kezel\u00e9st \u00e9rdemes m\u00e9g a peterak\u00e1si id\u0151szak el\u0151tt, a talajh\u0151m\u00e9rs\u00e9klett\u0151l f\u00fcgg\u0151en (minimum 12 \u00b0C \u2013 maximum 30 \u00b0C) legk\u00e9s\u0151bb m\u00e1jus v\u00e9g\u00e9ig elv\u00e9gezni, de sz\u00fcks\u00e9g eset\u00e9n szeptember v\u00e9g\u00e9ig haszn\u00e1lhat\u00f3.<\/p>\n<p>A\u00a0<strong>vet\u00e9si bagolylepke herny\u00f3ja ellen\u00a0<\/strong>a\u00a0<strong>Nemastar<\/strong>-t m\u00e1jus-j\u00fanius \u00e9s szeptember-okt\u00f3ber h\u00f3napokban permetez\u00e9ssel vagy be\u00f6nt\u00f6z\u00e9ssel kell az esti vagy felh\u0151s id\u0151szakban kijuttatni a l\u00f3tet\u0171 elleni v\u00e9dekez\u00e9shez hasonl\u00f3an. Gyepter\u00fcleten, legel\u0151n a k\u00e9sz\u00edtm\u00e9nyt a\u00a0<strong>l\u00f3sz\u00fanyog l\u00e1rv\u00e1k ellen\u00a0<\/strong>szeptember-okt\u00f3ber h\u00f3napokban a vakondt\u00fccs\u00f6k elleni v\u00e9dekez\u00e9shez hasonl\u00f3an kell el\u0151k\u00e9sz\u00edteni \u00e9s a talajra kijuttatni.<\/p>\n<p><strong>Hogyan haszn\u00e1ljam ?<\/strong><\/p>\n<p>A permetl\u00e9 el\u0151k\u00e9sz\u00edt\u00e9se sor\u00e1n a csomag teljes tartalm\u00e1t 15-20 \u00b0C-os v\u00edzbe kell beleoldani \u00e9s belocsolni 1 l\/m<sup>2<\/sup>\u00a0mennyis\u00e9ggel.<\/p>\n<p class=\"has-text-align-justify\">A kijuttat\u00e1st aj\u00e1nlott az esti \u00f3r\u00e1kban, vagy felh\u0151s id\u0151ben elv\u00e9gezni. A kijuttat\u00e1skor a teljes csomag tartalm\u00e1t fel kell haszn\u00e1lni. A kezel\u00e9st k\u00f6vet\u0151en 3 h\u00e9ten kereszt\u00fcl \u00f6nt\u00f6zz\u00fcnk, tartsuk nedvesen a talajt! A fon\u00e1lf\u00e9rgek kijuttathat\u00f3k \u00f6nt\u00f6z\u0151rendszeren kereszt\u00fcl, locsol\u00f3cs\u0151re szerelhet\u0151 Nemasprayer-rel, k\u00e9zi permetez\u0151vel, illetve locsol\u00f3kann\u00e1val is. Fontos, hogy a sz\u0171r\u0151ket t\u00e1vol\u00edtsuk el \u00e9s permetez\u0151 haszn\u00e1latakor maximum 4 bar nyom\u00e1s mellett, 1 mm-es sz\u00f3r\u00f3fejjel dolgozzunk, k\u00fcl\u00f6nben fennakadhatnak a fon\u00e1lf\u00e9rgek. A permetlevet elk\u00e9sz\u00edt\u00e9s ut\u00e1n azonnal ki kell permetezni folyamatos kever\u00e9st biztos\u00edtva, hogy a fon\u00e1lf\u00e9rgek sz\u00e1m\u00e1ra kell\u0151 mennyis\u00e9g\u0171 oxig\u00e9n \u00e1lljon rendelkez\u00e9sre. A k\u00e9sz\u00edtm\u00e9nyek UV \u00e9rz\u00e9kenyek, ez\u00e9rt c\u00e9lszer\u0171 az esti \u00f3r\u00e1kban v\u00e9gezni a kijuttat\u00e1st.<\/p>\n<p class=\"has-text-align-justify\">A rovarpatog\u00e9n fon\u00e1lf\u00e9reg a talajban haszn\u00e1lt rovar\u00f6l\u0151 szerek n\u00e9melyik\u00e9re \u00e9rz\u00e9keny lehet ez\u00e9rt azok haszn\u00e1lata eset\u00e9n legal\u00e1bb v\u00e1rjuk 2 hetet a fon\u00e1lf\u00e9rgek kijuttat\u00e1s\u00e1val.<\/p>\n<p><iframe loading=\"lazy\" title=\"L\u00f3t\u00fccs\u00f6k k\u00e1ros\u00edt\u00e1sa elleni NEMASTAR hasznos faonalf\u00e9reg haszn\u00e1lata\" width=\"1080\" height=\"608\" src=\"https:\/\/www.youtube.com\/embed\/9fIZVy1uJE8?feature=oembed\"  allow=\"accelerometer; autoplay; clipboard-write; encrypted-media; gyroscope; picture-in-picture; web-share\" referrerpolicy=\"strict-origin-when-cross-origin\" allowfullscreen><\/iframe><\/p>\n<p><iframe loading=\"lazy\" title=\"Nemastar l\u00f3t\u00fccs\u00f6k elleni bio rovar\u00f6l\u0151 szer - k\u00eds\u00e9rlet ellen\u0151rz\u00e9se IV. r\u00e9sz\" width=\"1080\" height=\"608\" src=\"https:\/\/www.youtube.com\/embed\/WkG98MW2pT0?feature=oembed\"  allow=\"accelerometer; autoplay; clipboard-write; encrypted-media; gyroscope; picture-in-picture; web-share\" referrerpolicy=\"strict-origin-when-cross-origin\" allowfullscreen><\/iframe><\/p>\n<p><strong>T\u00e1rol\u00e1s:<\/strong>\u00a04-12 \u00b0C-on legfeljebb 6 h\u00e9tig<\/p>\n<p><strong>\u00c9lelmez\u00e9s-eg\u00e9szs\u00e9g\u00fcgyi v\u00e1rakoz\u00e1si id\u0151:<\/strong>\u00a0El\u0151\u00edr\u00e1s szerinti felhaszn\u00e1l\u00e1sakor nincs korl\u00e1toz\u00e1s<\/p>\n<p style=\"padding-left: 40px;\"><span style=\"color: #ff0000;\">Csak szem\u00e9lyes \u00e1tv\u00e9tellel rendelhet\u0151!<\/span><\/p>\n<div id=\"bodyContent\" class=\"mw-body-content\">\n<div id=\"mw-content-text\" class=\"mw-content-ltr\" dir=\"ltr\" lang=\"hu\">\n<div id=\"bodyContent\" class=\"mw-body-content\">\n<div id=\"mw-content-text\" class=\"mw-content-ltr\" dir=\"ltr\" lang=\"hu\">\n<p><b>K\u00e9szlet\u00fcnk napi szinten v\u00e1ltozik, ez\u00e9rt k\u00e9rj\u00fck, \u00e9rdekl\u0151dj\u00f6n szem\u00e9lyesen, telefonon vagy email-en.<\/b><\/p>\n<p>Term\u00e9keinket szem\u00e9lyesen\u00a0 \u00e1tveheti a h\u00e9t minden napj\u00e1n nyitvatart\u00e1si id\u0151ben!<\/p>\n<p>&nbsp;<\/p>\n<\/div>\n<\/div>\n<\/div>\n<\/div>\n<p><b>A v\u00e1ltoztat\u00e1s jog\u00e1t fenntartjuk!\u00a0<\/b><\/p>\n<p>www.tajkertesz.com<\/p>\n<p><a href=\"https:\/\/www.facebook.com\/tajkertesz\/\">(1) Facebook<\/a><\/p>\n<p>&nbsp;<\/p>","protected":false},"excerpt":{"rendered":"<p>&nbsp;<\/p>\n<p>A\u00a0<strong>Nemastar<\/strong> olyan fon\u00e1lf\u00e9reg k\u00e9sz\u00edtm\u00e9ny, amely a talajban \u00e9l\u0151 c\u00e9lk\u00e1rtev\u0151t r\u00f6vid id\u0151n bel\u00fcl megtal\u00e1lja \u00e9s a fon\u00e1lf\u00e9reggel szimbi\u00f3zisban \u00e9l\u0151 bakt\u00e9riumokkal k\u00f6z\u00f6sen elpuszt\u00edtj\u00e1k&#8230;<\/p>\n<p><span style=\"color: #ff0000;\"><strong>Csak szem\u00e9lyes \u00e1tv\u00e9tellel rendelhet\u0151!<\/strong><\/span><\/p>\n<div id=\"bodyContent\" class=\"mw-body-content\">\n<div id=\"mw-content-text\" class=\"mw-content-ltr\" dir=\"ltr\" lang=\"hu\">\n<div id=\"bodyContent\" class=\"mw-body-content\">\n<div id=\"mw-content-text\" class=\"mw-content-ltr\" dir=\"ltr\" lang=\"hu\">\n<p><b>K\u00e9szlet\u00fcnk napi szinten v\u00e1ltozik, ez\u00e9rt k\u00e9rj\u00fck, \u00e9rdekl\u0151dj\u00f6n szem\u00e9lyesen, telefonon vagy email-en.<\/b><\/p>\n<p>Term\u00e9keinket szem\u00e9lyesen is \u00e1tveheti a h\u00e9t minden napj\u00e1n nyitvatart\u00e1si id\u0151ben!<\/p>\n<p>&nbsp;<\/p>\n<\/div>\n<\/div>\n<\/div>\n<\/div>\n<p><b>A v\u00e1ltoztat\u00e1s jog\u00e1t fenntartjuk!\u00a0<\/b><\/p>","protected":false},"featured_media":17330,"template":"","meta":{"_et_pb_use_builder":"","_et_pb_old_content":"","_et_gb_content_width":""},"product_brand":[],"product_cat":[4204,3546],"product_tag":[4427,4135],"class_list":{"0":"post-17328","1":"product","2":"type-product","3":"status-publish","4":"has-post-thumbnail","6":"product_cat-biologiai-novenyvedelem","7":"product_cat-talajfertotlenito","8":"product_tag-nemastar","9":"product_tag-rovarolo","11":"first","12":"onbackorder","13":"shipping-taxable","14":"purchasable","15":"product-type-simple"},"yoast_head":"<!-- This site is optimized with the Yoast SEO plugin v27.3 - https:\/\/yoast.com\/product\/yoast-seo-wordpress\/ -->\n<title>Nemastar rovar\u00f6l\u0151 szer - T\u00e1jkert\u00e9sz<\/title>\n<meta name=\"description\" content=\"Nemastar rovar\u00f6l\u0151 szer. A kezel\u00e9st k\u00f6vet\u0151en a fon\u00e1lf\u00e9rgek a talajban megkeresik, majd megfert\u0151zik a talajlak\u00f3 l\u00f3tet\u0171 l\u00e1rv\u00e1kat \u00e9s kifejlett egyedeket...\" \/>\n<meta name=\"robots\" content=\"index, follow, max-snippet:-1, max-image-preview:large, max-video-preview:-1\" \/>\n<link rel=\"canonical\" href=\"https:\/\/tajkertesz.com\/en_US\/product\/nemastar-rovarolo-szer\/\" \/>\n<meta property=\"og:locale\" content=\"en_US\" \/>\n<meta property=\"og:type\" content=\"article\" \/>\n<meta property=\"og:title\" content=\"https:\/\/www.facebook.com\/tajkertesz\/\" \/>\n<meta property=\"og:description\" content=\"Nemastar rovar\u00f6l\u0151 szerBiol\u00f3giai rovar\u00f6l\u0151 szer \u2013 hasznos fon\u00e1lf\u00e9regA\u00a0Nemastar\u00a0olyan fon\u00e1lf\u00e9reg k\u00e9sz\u00edtm\u00e9ny, amely a talajban \u00e9l\u0151 c\u00e9lk\u00e1rtev\u0151t r\u00f6vid id\u0151n bel\u00fcl megtal\u00e1lja \u00e9s a fon\u00e1lf\u00e9reggel szimbi\u00f3zisban \u00e9l\u0151 bakt\u00e9riumokkal k\u00f6z\u00f6sen elpuszt\u00edtj\u00e1k. Felszaporodnak a k\u00e1rtev\u0151 test\u00e9ben \u00e9s megfelel\u0151 k\u00f6r\u00fclm\u00e9nyek k\u00f6z\u00f6tt \u00fajabb gazda\u00e1llatot keresnek. Ezzel a jelen l\u00e9v\u0151 c\u00e9lk\u00e1rtev\u0151ket gyorsan elpuszt\u00edtj\u00e1k. Mindez azonban csak akkor teljes\u00fcl, ha a megfelel\u0151 id\u0151ben \u00e9s talajh\u0151m\u00e9rs\u00e9klet mellett nedvesen tartjuk a talajt \u00e9s a kijuttat\u00e1s az esti \u00f3r\u00e1kban a nap UV sugarait\u00f3l v\u00e9dve t\u00f6rt\u00e9nik.\" \/>\n<meta property=\"og:url\" content=\"https:\/\/tajkertesz.com\/en_US\/product\/nemastar-rovarolo-szer\/\" \/>\n<meta property=\"og:site_name\" content=\"T\u00e1jkert\u00e9sz\" \/>\n<meta property=\"article:publisher\" content=\"https:\/\/www.facebook.com\/Tajkertesz\/\" \/>\n<meta property=\"article:modified_time\" content=\"2025-06-11T13:35:17+00:00\" \/>\n<meta property=\"og:image\" content=\"https:\/\/tajkertesz.com\/wp-content\/uploads\/2023\/10\/396131776_704405021709155_6094308951834520723_n.jpg\" \/>\n\t<meta property=\"og:image:width\" content=\"1240\" \/>\n\t<meta property=\"og:image:height\" content=\"1748\" \/>\n\t<meta property=\"og:image:type\" content=\"image\/jpeg\" \/>\n<meta name=\"twitter:card\" content=\"summary_large_image\" \/>\n<meta name=\"twitter:label1\" content=\"Est. reading time\" \/>\n\t<meta name=\"twitter:data1\" content=\"3 minutes\" \/>\n<script type=\"application\/ld+json\" class=\"yoast-schema-graph\">{\"@context\":\"https:\\\/\\\/schema.org\",\"@graph\":[{\"@type\":\"WebPage\",\"@id\":\"https:\\\/\\\/tajkertesz.com\\\/termek\\\/nemastar-rovarolo-szer\\\/\",\"url\":\"https:\\\/\\\/tajkertesz.com\\\/termek\\\/nemastar-rovarolo-szer\\\/\",\"name\":\"Nemastar rovar\u00f6l\u0151 szer - T\u00e1jkert\u00e9sz\",\"isPartOf\":{\"@id\":\"https:\\\/\\\/tajkertesz.com\\\/#website\"},\"primaryImageOfPage\":{\"@id\":\"https:\\\/\\\/tajkertesz.com\\\/termek\\\/nemastar-rovarolo-szer\\\/#primaryimage\"},\"image\":{\"@id\":\"https:\\\/\\\/tajkertesz.com\\\/termek\\\/nemastar-rovarolo-szer\\\/#primaryimage\"},\"thumbnailUrl\":\"https:\\\/\\\/tajkertesz.com\\\/wp-content\\\/uploads\\\/2023\\\/10\\\/nemastar.png\",\"datePublished\":\"2023-10-26T12:43:27+00:00\",\"dateModified\":\"2025-06-11T13:35:17+00:00\",\"description\":\"Nemastar rovar\u00f6l\u0151 szer. A kezel\u00e9st k\u00f6vet\u0151en a fon\u00e1lf\u00e9rgek a talajban megkeresik, majd megfert\u0151zik a talajlak\u00f3 l\u00f3tet\u0171 l\u00e1rv\u00e1kat \u00e9s kifejlett egyedeket...\",\"breadcrumb\":{\"@id\":\"https:\\\/\\\/tajkertesz.com\\\/termek\\\/nemastar-rovarolo-szer\\\/#breadcrumb\"},\"inLanguage\":\"en-US\",\"potentialAction\":[{\"@type\":\"ReadAction\",\"target\":[\"https:\\\/\\\/tajkertesz.com\\\/termek\\\/nemastar-rovarolo-szer\\\/\"]}]},{\"@type\":\"ImageObject\",\"inLanguage\":\"en-US\",\"@id\":\"https:\\\/\\\/tajkertesz.com\\\/termek\\\/nemastar-rovarolo-szer\\\/#primaryimage\",\"url\":\"https:\\\/\\\/tajkertesz.com\\\/wp-content\\\/uploads\\\/2023\\\/10\\\/nemastar.png\",\"contentUrl\":\"https:\\\/\\\/tajkertesz.com\\\/wp-content\\\/uploads\\\/2023\\\/10\\\/nemastar.png\",\"width\":667,\"height\":1000},{\"@type\":\"BreadcrumbList\",\"@id\":\"https:\\\/\\\/tajkertesz.com\\\/termek\\\/nemastar-rovarolo-szer\\\/#breadcrumb\",\"itemListElement\":[{\"@type\":\"ListItem\",\"position\":1,\"name\":\"Home\",\"item\":\"https:\\\/\\\/tajkertesz.com\\\/\"},{\"@type\":\"ListItem\",\"position\":2,\"name\":\"Kezd\u0151lap\",\"item\":\"https:\\\/\\\/tajkertesz.com\\\/\"},{\"@type\":\"ListItem\",\"position\":3,\"name\":\"Nemastar rovar\u00f6l\u0151 szer\"}]},{\"@type\":\"WebSite\",\"@id\":\"https:\\\/\\\/tajkertesz.com\\\/#website\",\"url\":\"https:\\\/\\\/tajkertesz.com\\\/\",\"name\":\"T\u00e1j-Kert\u00e9sz 84 Kft.\",\"description\":\"Kert\u00e9szeti kis- \u00e9s nagykeresked\u00e9s, D\u00edszn\u00f6v\u00e9ny web\u00e1ruh\u00e1z orsz\u00e1gos h\u00e1zhozsz\u00e1ll\u00edt\u00e1ssal!\",\"publisher\":{\"@id\":\"https:\\\/\\\/tajkertesz.com\\\/#organization\"},\"potentialAction\":[{\"@type\":\"SearchAction\",\"target\":{\"@type\":\"EntryPoint\",\"urlTemplate\":\"https:\\\/\\\/tajkertesz.com\\\/?s={search_term_string}\"},\"query-input\":{\"@type\":\"PropertyValueSpecification\",\"valueRequired\":true,\"valueName\":\"search_term_string\"}}],\"inLanguage\":\"en-US\"},{\"@type\":\"Organization\",\"@id\":\"https:\\\/\\\/tajkertesz.com\\\/#organization\",\"name\":\"T\u00e1j-Kert\u00e9sz 84 Kft.\",\"url\":\"https:\\\/\\\/tajkertesz.com\\\/\",\"logo\":{\"@type\":\"ImageObject\",\"inLanguage\":\"en-US\",\"@id\":\"https:\\\/\\\/tajkertesz.com\\\/#\\\/schema\\\/logo\\\/image\\\/\",\"url\":\"https:\\\/\\\/tajkertesz.com\\\/wp-content\\\/uploads\\\/2018\\\/02\\\/logo-2-e1518678052539.png\",\"contentUrl\":\"https:\\\/\\\/tajkertesz.com\\\/wp-content\\\/uploads\\\/2018\\\/02\\\/logo-2-e1518678052539.png\",\"width\":81,\"height\":140,\"caption\":\"T\u00e1j-Kert\u00e9sz 84 Kft.\"},\"image\":{\"@id\":\"https:\\\/\\\/tajkertesz.com\\\/#\\\/schema\\\/logo\\\/image\\\/\"},\"sameAs\":[\"https:\\\/\\\/www.facebook.com\\\/Tajkertesz\\\/\"]}]}<\/script>\n<!-- \/ Yoast SEO plugin. -->","yoast_head_json":{"title":"Nemastar rovar\u00f6l\u0151 szer - T\u00e1jkert\u00e9sz","description":"Nemastar rovar\u00f6l\u0151 szer. A kezel\u00e9st k\u00f6vet\u0151en a fon\u00e1lf\u00e9rgek a talajban megkeresik, majd megfert\u0151zik a talajlak\u00f3 l\u00f3tet\u0171 l\u00e1rv\u00e1kat \u00e9s kifejlett egyedeket...","robots":{"index":"index","follow":"follow","max-snippet":"max-snippet:-1","max-image-preview":"max-image-preview:large","max-video-preview":"max-video-preview:-1"},"canonical":"https:\/\/tajkertesz.com\/en_US\/product\/nemastar-rovarolo-szer\/","og_locale":"en_US","og_type":"article","og_title":"https:\/\/www.facebook.com\/tajkertesz\/","og_description":"Nemastar rovar\u00f6l\u0151 szerBiol\u00f3giai rovar\u00f6l\u0151 szer \u2013 hasznos fon\u00e1lf\u00e9regA\u00a0Nemastar\u00a0olyan fon\u00e1lf\u00e9reg k\u00e9sz\u00edtm\u00e9ny, amely a talajban \u00e9l\u0151 c\u00e9lk\u00e1rtev\u0151t r\u00f6vid id\u0151n bel\u00fcl megtal\u00e1lja \u00e9s a fon\u00e1lf\u00e9reggel szimbi\u00f3zisban \u00e9l\u0151 bakt\u00e9riumokkal k\u00f6z\u00f6sen elpuszt\u00edtj\u00e1k. Felszaporodnak a k\u00e1rtev\u0151 test\u00e9ben \u00e9s megfelel\u0151 k\u00f6r\u00fclm\u00e9nyek k\u00f6z\u00f6tt \u00fajabb gazda\u00e1llatot keresnek. Ezzel a jelen l\u00e9v\u0151 c\u00e9lk\u00e1rtev\u0151ket gyorsan elpuszt\u00edtj\u00e1k. Mindez azonban csak akkor teljes\u00fcl, ha a megfelel\u0151 id\u0151ben \u00e9s talajh\u0151m\u00e9rs\u00e9klet mellett nedvesen tartjuk a talajt \u00e9s a kijuttat\u00e1s az esti \u00f3r\u00e1kban a nap UV sugarait\u00f3l v\u00e9dve t\u00f6rt\u00e9nik.","og_url":"https:\/\/tajkertesz.com\/en_US\/product\/nemastar-rovarolo-szer\/","og_site_name":"T\u00e1jkert\u00e9sz","article_publisher":"https:\/\/www.facebook.com\/Tajkertesz\/","article_modified_time":"2025-06-11T13:35:17+00:00","og_image":[{"width":1240,"height":1748,"url":"https:\/\/tajkertesz.com\/wp-content\/uploads\/2023\/10\/396131776_704405021709155_6094308951834520723_n.jpg","type":"image\/jpeg"}],"twitter_card":"summary_large_image","twitter_misc":{"Est. reading time":"3 minutes"},"schema":{"@context":"https:\/\/schema.org","@graph":[{"@type":"WebPage","@id":"https:\/\/tajkertesz.com\/termek\/nemastar-rovarolo-szer\/","url":"https:\/\/tajkertesz.com\/termek\/nemastar-rovarolo-szer\/","name":"Nemastar rovar\u00f6l\u0151 szer - T\u00e1jkert\u00e9sz","isPartOf":{"@id":"https:\/\/tajkertesz.com\/#website"},"primaryImageOfPage":{"@id":"https:\/\/tajkertesz.com\/termek\/nemastar-rovarolo-szer\/#primaryimage"},"image":{"@id":"https:\/\/tajkertesz.com\/termek\/nemastar-rovarolo-szer\/#primaryimage"},"thumbnailUrl":"https:\/\/tajkertesz.com\/wp-content\/uploads\/2023\/10\/nemastar.png","datePublished":"2023-10-26T12:43:27+00:00","dateModified":"2025-06-11T13:35:17+00:00","description":"Nemastar rovar\u00f6l\u0151 szer. A kezel\u00e9st k\u00f6vet\u0151en a fon\u00e1lf\u00e9rgek a talajban megkeresik, majd megfert\u0151zik a talajlak\u00f3 l\u00f3tet\u0171 l\u00e1rv\u00e1kat \u00e9s kifejlett egyedeket...","breadcrumb":{"@id":"https:\/\/tajkertesz.com\/termek\/nemastar-rovarolo-szer\/#breadcrumb"},"inLanguage":"en-US","potentialAction":[{"@type":"ReadAction","target":["https:\/\/tajkertesz.com\/termek\/nemastar-rovarolo-szer\/"]}]},{"@type":"ImageObject","inLanguage":"en-US","@id":"https:\/\/tajkertesz.com\/termek\/nemastar-rovarolo-szer\/#primaryimage","url":"https:\/\/tajkertesz.com\/wp-content\/uploads\/2023\/10\/nemastar.png","contentUrl":"https:\/\/tajkertesz.com\/wp-content\/uploads\/2023\/10\/nemastar.png","width":667,"height":1000},{"@type":"BreadcrumbList","@id":"https:\/\/tajkertesz.com\/termek\/nemastar-rovarolo-szer\/#breadcrumb","itemListElement":[{"@type":"ListItem","position":1,"name":"Home","item":"https:\/\/tajkertesz.com\/"},{"@type":"ListItem","position":2,"name":"Kezd\u0151lap","item":"https:\/\/tajkertesz.com\/"},{"@type":"ListItem","position":3,"name":"Nemastar rovar\u00f6l\u0151 szer"}]},{"@type":"WebSite","@id":"https:\/\/tajkertesz.com\/#website","url":"https:\/\/tajkertesz.com\/","name":"T\u00e1j-Kert\u00e9sz 84 Kft.","description":"Kert\u00e9szeti kis- \u00e9s nagykeresked\u00e9s, D\u00edszn\u00f6v\u00e9ny web\u00e1ruh\u00e1z orsz\u00e1gos h\u00e1zhozsz\u00e1ll\u00edt\u00e1ssal!","publisher":{"@id":"https:\/\/tajkertesz.com\/#organization"},"potentialAction":[{"@type":"SearchAction","target":{"@type":"EntryPoint","urlTemplate":"https:\/\/tajkertesz.com\/?s={search_term_string}"},"query-input":{"@type":"PropertyValueSpecification","valueRequired":true,"valueName":"search_term_string"}}],"inLanguage":"en-US"},{"@type":"Organization","@id":"https:\/\/tajkertesz.com\/#organization","name":"T\u00e1j-Kert\u00e9sz 84 Kft.","url":"https:\/\/tajkertesz.com\/","logo":{"@type":"ImageObject","inLanguage":"en-US","@id":"https:\/\/tajkertesz.com\/#\/schema\/logo\/image\/","url":"https:\/\/tajkertesz.com\/wp-content\/uploads\/2018\/02\/logo-2-e1518678052539.png","contentUrl":"https:\/\/tajkertesz.com\/wp-content\/uploads\/2018\/02\/logo-2-e1518678052539.png","width":81,"height":140,"caption":"T\u00e1j-Kert\u00e9sz 84 Kft."},"image":{"@id":"https:\/\/tajkertesz.com\/#\/schema\/logo\/image\/"},"sameAs":["https:\/\/www.facebook.com\/Tajkertesz\/"]}]}},"_links":{"self":[{"href":"https:\/\/tajkertesz.com\/en_US\/wp-json\/wp\/v2\/product\/17328","targetHints":{"allow":["GET"]}}],"collection":[{"href":"https:\/\/tajkertesz.com\/en_US\/wp-json\/wp\/v2\/product"}],"about":[{"href":"https:\/\/tajkertesz.com\/en_US\/wp-json\/wp\/v2\/types\/product"}],"wp:featuredmedia":[{"embeddable":true,"href":"https:\/\/tajkertesz.com\/en_US\/wp-json\/wp\/v2\/media\/17330"}],"wp:attachment":[{"href":"https:\/\/tajkertesz.com\/en_US\/wp-json\/wp\/v2\/media?parent=17328"}],"wp:term":[{"taxonomy":"product_brand","embeddable":true,"href":"https:\/\/tajkertesz.com\/en_US\/wp-json\/wp\/v2\/product_brand?post=17328"},{"taxonomy":"product_cat","embeddable":true,"href":"https:\/\/tajkertesz.com\/en_US\/wp-json\/wp\/v2\/product_cat?post=17328"},{"taxonomy":"product_tag","embeddable":true,"href":"https:\/\/tajkertesz.com\/en_US\/wp-json\/wp\/v2\/product_tag?post=17328"}],"curies":[{"name":"wp","href":"https:\/\/api.w.org\/{rel}","templated":true}]}}