{"id":1740,"date":"2020-04-11T13:20:37","date_gmt":"2020-04-11T13:20:37","guid":{"rendered":"https:\/\/tajkertesz.com\/?post_type=product&#038;p=1740"},"modified":"2025-06-29T08:23:14","modified_gmt":"2025-06-29T08:23:14","slug":"rozsa-magastorzsu-golden-sun-csungorozsa","status":"publish","type":"product","link":"https:\/\/tajkertesz.com\/en_US\/product\/rozsa-magastorzsu-golden-sun-csungorozsa\/","title":{"rendered":"Magast\u00f6rzs\u0171 r\u00f3zsa &#8216;Golden Sun&#8217; &#8211; Cs\u00fcng\u0151r\u00f3zsa"},"content":{"rendered":"<h1>Magast\u00f6rzs\u0171 r\u00f3zsa &#8216;Golden Sun&#8217; &#8211; Cs\u00fcng\u0151r\u00f3zsa<\/h1>\n<p data-start=\"370\" data-end=\"766\">A Magast\u00f6rzs\u0171 r\u00f3zsa &#8216;Golden Sun&#8217; &#8211; Cs\u00fcng\u0151r\u00f3zsa\u00a0egy k\u00fcl\u00f6nleges magast\u00f6rzs\u0171 oltv\u00e1ny, amely \u00e9l\u00e9nk s\u00e1rga, telt vir\u00e1gaival \u00e9s eleg\u00e1nsan lehajl\u00f3 \u00e1gaival h\u00edvja fel mag\u00e1ra a figyelmet. A cs\u00fcng\u0151 hajt\u00e1s\u00fa forma romantikus, l\u00e1tv\u00e1nyos megjelen\u00e9st biztos\u00edt ak\u00e1r szoliterk\u00e9nt,\u00a0 bej\u00e1rat mell\u00e9 \u00fcltetve.<\/p>\n<h2 data-start=\"768\" data-end=\"791\">\ud83c\udf3fA magast\u00f6rzs\u0171 r\u00f3zsa &#8216;Golden Sun&#8217; jellemz\u0151i:<\/h2>\n<ul data-start=\"792\" data-end=\"1072\">\n<li data-start=\"792\" data-end=\"832\">\n<p data-start=\"794\" data-end=\"832\"><strong data-start=\"794\" data-end=\"810\">Vir\u00e1g sz\u00edne:<\/strong> telt, napf\u00e9nyes s\u00e1rga<\/p>\n<\/li>\n<li data-start=\"833\" data-end=\"875\">\n<p data-start=\"835\" data-end=\"875\"><strong data-start=\"835\" data-end=\"848\">Vir\u00e1gz\u00e1s:<\/strong> j\u00faniust\u00f3l \u0151szig folyamatos<\/p>\n<\/li>\n<li data-start=\"876\" data-end=\"926\">\n<p data-start=\"878\" data-end=\"926\"><strong data-start=\"878\" data-end=\"888\">Forma:<\/strong> cs\u00fcng\u0151 \u00e1g\u00fa, magast\u00f6rzsre oltott fajta<\/p>\n<\/li>\n<li data-start=\"927\" data-end=\"971\">\n<p data-start=\"929\" data-end=\"971\"><strong data-start=\"929\" data-end=\"942\">Magass\u00e1g:<\/strong> t\u00f6rzsmagass\u00e1g kb. 100\u2013120 cm<\/p>\n<\/li>\n<li data-start=\"972\" data-end=\"1003\">\n<p data-start=\"974\" data-end=\"1003\"><strong data-start=\"974\" data-end=\"984\">Illat:<\/strong> enyhe, friss illat<\/p>\n<\/li>\n<li data-start=\"1004\" data-end=\"1072\">\n<p data-start=\"1006\" data-end=\"1072\"><strong data-start=\"1006\" data-end=\"1023\">Felhaszn\u00e1l\u00e1s:<\/strong> szoliterk\u00e9nt, el\u0151kertbe, kasp\u00f3ba vagy bej\u00e1rathoz<\/p>\n<\/li>\n<li data-start=\"1091\" data-end=\"1132\">\n<p data-start=\"1093\" data-end=\"1132\">Hosszan vir\u00e1gzik \u00e9s sz\u00ednt visz a kertbe<\/p>\n<\/li>\n<li data-start=\"1133\" data-end=\"1179\">\n<p data-start=\"1135\" data-end=\"1179\">Kiemelked\u0151 d\u00edsz\u00edt\u0151\u00e9rt\u00e9k cs\u00fcng\u0151 form\u00e1ja miatt<\/p>\n<\/li>\n<li data-start=\"1180\" data-end=\"1253\">\n<p data-start=\"1182\" data-end=\"1253\">J\u00f3l t\u0171ri a v\u00e1rosi kl\u00edm\u00e1t \u00e9s k\u00f6zepesen ellen\u00e1ll\u00f3 a betegs\u00e9gekkel szemben<\/p>\n<\/li>\n<\/ul>\n<h4 data-start=\"1255\" data-end=\"1282\">\ud83c\udf31 A cs\u00fcng\u0151r\u00f3zsa gondoz\u00e1sa:<\/h4>\n<ul data-start=\"1283\" data-end=\"1512\">\n<li data-start=\"1283\" data-end=\"1315\">\n<p data-start=\"1285\" data-end=\"1315\"><strong data-start=\"1285\" data-end=\"1294\">F\u00e9ny:<\/strong> napos helyet ig\u00e9nyel<\/p>\n<\/li>\n<li data-start=\"1316\" data-end=\"1374\">\n<p data-start=\"1318\" data-end=\"1374\"><strong data-start=\"1318\" data-end=\"1328\">Talaj:<\/strong> j\u00f3 v\u00edz\u00e1tereszt\u00e9s\u0171, laza szerkezet\u0171 kerti f\u00f6ld<\/p>\n<\/li>\n<li data-start=\"1375\" data-end=\"1424\">\n<p data-start=\"1377\" data-end=\"1424\"><strong data-start=\"1377\" data-end=\"1389\">\u00d6nt\u00f6z\u00e9s:<\/strong> rendszeres, k\u00fcl\u00f6n\u00f6sen meleg id\u0151ben<\/p>\n<\/li>\n<li data-start=\"1425\" data-end=\"1512\">\n<p data-start=\"1427\" data-end=\"1512\"><strong data-start=\"1427\" data-end=\"1439\">Metsz\u00e9s:<\/strong> tavasszal aj\u00e1nlott visszav\u00e1gni a hajt\u00e1sokat, hogy form\u00e1s \u00e9s d\u00fas maradjon<\/p>\n<\/li>\n<li data-start=\"1425\" data-end=\"1512\">\n<h4><strong>\ud83d\udd04 K\u00e9szletinform\u00e1ci\u00f3<\/strong><\/h4>\n<p><strong>K\u00e9szlet\u00fcnk napi szinten v\u00e1ltozik, \u00edgy a webshopban szerepl<\/strong><strong>\u0151<\/strong><strong> term\u00e9kek el\u00e9rhet<\/strong><strong>\u0151<\/strong><strong>s\u00e9ge nem garant\u00e1lt.<br \/>\n\ud83d\udcde A megrendel\u00e9s el<\/strong><strong>\u0151<\/strong><strong>tt k\u00e9rj\u00fck, \u00e9rdekl<\/strong><strong>\u0151<\/strong><strong>dj\u00f6n szem\u00e9lyesen, telefonon vagy e-mailben!<\/strong><\/p>\n<h4><strong>\u27a1\ufe0f Kapcsolat:<\/strong><\/h4>\n<ul>\n<li><strong>Weboldal: <\/strong><a href=\"https:\/\/tajkertesz.com\"><strong>tajkertesz.com<\/strong><\/a><\/li>\n<li><strong>Facebook: <\/strong><a href=\"https:\/\/www.facebook.com\/tajkertesz\/\"><strong>facebook.com\/tajkertesz<\/strong><\/a><\/li>\n<li><strong>Telefonsz\u00e1m, e-mail: +36\/20-319-3770 <\/strong><a href=\"mailto:tajkerteszaruda@gmail.com\"><strong>tajkerteszaruda@gmail.com<\/strong><\/a><\/li>\n<\/ul>\n<h4><strong>\ud83d\ude9a Sz\u00e1ll\u00edt\u00e1si inform\u00e1ci\u00f3k<\/strong><\/h4>\n<p><strong>A megrendelt n\u00f6v\u00e9nyek kisz\u00e1ll\u00edt\u00e1sa az al\u00e1bbi felt\u00e9telek mellett t\u00f6rt\u00e9nik:<\/strong><\/p>\n<h4><strong>\ud83d\udce6 Fut\u00e1rszolg\u00e1latos sz\u00e1ll\u00edt\u00e1s<\/strong><\/h4>\n<ul>\n<li><strong>Maxim\u00e1lis m\u00e9ret: 200 cm (hossz\u00fas\u00e1g)<\/strong><\/li>\n<li><strong>Maxim\u00e1lis s\u00faly: 40 kg<\/strong><\/li>\n<li><strong>Az enn\u00e9l kisebb \u00e9s k\u00f6nnyebb csomagokat fut\u00e1rszolg\u00e1lattal k\u00e9zbes\u00edtj\u00fck a lehet<\/strong><strong>\u0151<\/strong><strong> legbiztons\u00e1gosabb csomagol\u00e1sban.<\/strong><\/li>\n<\/ul>\n<h4><strong>\ud83d\udefb Szem\u00e9lyes \u00e1tv\u00e9tel<\/strong><\/h4>\n<ul>\n<li><strong>1173 Budapest, Bakancsos utca 7. sz\u00e1m alatt nyitvatart\u00e1si id<\/strong><strong>\u0151<\/strong><strong>ben szem\u00e9lyesen \u00e1tvehet<\/strong><strong>\u0151<\/strong><strong> kert\u00e9szeti \u00e1rud\u00e1nkban.<\/strong><\/li>\n<li><strong>K\u00f6lts\u00e9ghat\u00e9kony megold\u00e1s nagyobb, t\u00f6r\u00e9kenyebb vagy t\u00falm\u00e9retes n\u00f6v\u00e9nyek eset\u00e9n.<\/strong><\/li>\n<\/ul>\n<p><strong>\ud83d\udcde Nagy m\u00e9ret<\/strong><strong>\u0171<\/strong><strong> vagy s\u00faly\u00fa n\u00f6v\u00e9nyek eset\u00e9n<\/strong><\/p>\n<p><strong>Ha a term\u00e9k:<\/strong><\/p>\n<ul>\n<li><strong>meghaladja a 200 cm hossz\u00fas\u00e1got vagy<\/strong><\/li>\n<li><strong>meghaladja a 40 kg s\u00falyt,<\/strong><\/li>\n<\/ul>\n<p><strong>akkor szem\u00e9lyes \u00e1tv\u00e9tellel vagy egyedi, el<\/strong><strong>\u0151<\/strong><strong>re egyeztetett sz\u00e1ll\u00edt\u00e1si felt\u00e9telek mellett t\u00f6rt\u00e9nik.<br \/>\nK\u00e9rj\u00fck, ilyen esetben rendel\u00e9s el<\/strong><strong>\u0151<\/strong><strong>tt vegye fel vel\u00fcnk a kapcsolatot, hogy a lehet<\/strong><strong>\u0151<\/strong><strong> legmegfelel<\/strong><strong>\u0151<\/strong><strong>bb sz\u00e1ll\u00edt\u00e1si megold\u00e1st k\u00edn\u00e1lhassuk.<\/strong><\/p>\n<p><strong>\ud83d\udd14 Fontos: A n\u00f6v\u00e9nyeket minden esetben igyeksz\u00fcnk gondosan, egyes\u00e9vel csomagolni, azonban a sz\u00e1ll\u00edt\u00e1s sor\u00e1n kisebb eszt\u00e9tikai s\u00e9r\u00fcl\u00e9sek el<\/strong><strong>\u0151<\/strong><strong>fordulhatnak (pl. lev\u00e9lhull\u00e1s). Ez nem min<\/strong><strong>\u0151<\/strong><strong>s\u00fcl hib\u00e1s teljes\u00edt\u00e9snek.<\/strong><\/p>\n<h4><strong>\ud83d\udcf7 Fontos tudni a k\u00e9pekr<\/strong><strong>\u0151<\/strong><strong>l<\/strong><\/h4>\n<p><strong>A webshopban szerepl<\/strong><strong>\u0151<\/strong><strong> k\u00e9pek illusztr\u00e1ci\u00f3k, a n\u00f6v\u00e9nyek term\u00e9szet\u00fckn\u00e9l fogva egyediek, \u00edgy m\u00e9retben, alakban \u00e9s sz\u00ednben minim\u00e1lis elt\u00e9r\u00e9sek el<\/strong><strong>\u0151<\/strong><strong>fordulhatnak a k\u00e9pen l\u00e1that\u00f3 \u00e9s a val\u00f3s p\u00e9ld\u00e1nyok k\u00f6z\u00f6tt.<\/strong><\/p>\n<h4><strong>\ud83e\uddfe \u00c1rak \u00e9s el\u00e1ll\u00e1si jog<\/strong><\/h4>\n<ul>\n<li><strong>Az \u00e1rak egy darab\u00a0n\u00f6v\u00e9nyre vonatkoznak.<\/strong><\/li>\n<li><strong>\u00c9l<\/strong><strong>\u0151<\/strong><strong> n\u00f6v\u00e9nyek rendel\u00e9se eset\u00e9n a 14 napos el\u00e1ll\u00e1s joga nem \u00e9rv\u00e9nyes\u00edthet<\/strong><strong>\u0151<\/strong><strong>, mivel azok romland\u00f3, biol\u00f3giailag \u00e9l<\/strong><strong>\u0151<\/strong><strong> term\u00e9keknek min<\/strong><strong>\u0151<\/strong><strong>s\u00fclnek.<br \/>\n\ud83d\udd12 (17\/1999. (II. 5.) Korm. rendelet 5. \u00a7 c) pontja alapj\u00e1n)<\/strong><\/li>\n<\/ul>\n<p><strong>\ud83d\udce6 K\u00e9zbes\u00edt\u00e9s ut\u00e1ni teend<\/strong><strong>\u0151<\/strong><strong>k<\/strong><\/p>\n<p><strong>A k\u00e9zbes\u00edt\u00e9st k\u00f6vet<\/strong><strong>\u0151<\/strong><strong>en a csomagot azonnal bontsuk ki, \u00e9s a n\u00f6v\u00e9nyt helyezz\u00fck el megfelel<\/strong><strong>\u0151<\/strong><strong> k\u00f6rnyezetben.<br \/>\nFontos: ha a n\u00f6v\u00e9ny nem r\u00e9szes\u00fcl megfelel<\/strong><strong>\u0151<\/strong><strong> gondoz\u00e1sban \u00e9s ennek k\u00f6vetkezt\u00e9ben k\u00e1rosodik vagy elpusztul, felel<\/strong><strong>\u0151<\/strong><strong>ss\u00e9get nem tudunk v\u00e1llalni.<\/strong><\/p>\n<p style=\"line-height: 18.0pt; background: white; margin: 0cm 0cm 15.0pt 0cm;\">\n<\/li>\n<\/ul>","protected":false},"excerpt":{"rendered":"<p>A magast\u00f6rzs\u0171 &#8216;Golden Sun&#8217; &#8211; Cs\u00fcng\u0151r\u00f3zsa s\u00e1rga apr\u00f3 vir\u00e1g\u00fa, f\u00e9nyes s\u00f6t\u00e9tz\u00f6ld level\u0171, cs\u00fcng\u0151 koron\u00e1t nevel\u0151 t\u00f6rzses, leoml\u00f3 vir\u00e1gzuhatag\u00e1val d\u00edsz\u00edt.<\/p>\n<p>&nbsp;<\/p>","protected":false},"featured_media":1756,"template":"","meta":{"_et_pb_use_builder":"","_et_pb_old_content":"","_et_gb_content_width":""},"product_brand":[],"product_cat":[1286],"product_tag":[492,5949,5948,483,501,168],"class_list":{"0":"post-1740","1":"product","2":"type-product","3":"status-publish","4":"has-post-thumbnail","6":"product_cat-rozsak","7":"product_tag-csungorozsa","8":"product_tag-golden-sun","9":"product_tag-magastorzsu-rozsa","10":"product_tag-rozsa","11":"product_tag-rozsafa-golden-sun","12":"product_tag-sarga","14":"first","15":"instock","16":"shipping-taxable","17":"purchasable","18":"product-type-simple"},"yoast_head":"<!-- This site is optimized with the Yoast SEO plugin v27.3 - https:\/\/yoast.com\/product\/yoast-seo-wordpress\/ -->\n<title>Magast\u00f6rzs\u0171 r\u00f3zsa &#039;Golden Sun&#039; - Cs\u00fcng\u0151r\u00f3zsa - T\u00e1jkert\u00e9sz<\/title>\n<meta name=\"description\" content=\"A Magast\u00f6rzs\u0171 r\u00f3zsa oltv\u00e1nyok k\u00f6z\u00fcl\u00a0 a Golden Sun Cs\u00fcng\u0151r\u00f3zsa a legszebb \u00e9s legtov\u00e1bb vir\u00e1gz\u00f3 r\u00f3zsafa.\u00a0S\u00e1rga vir\u00e1gai az \u00e1g v\u00e9g\u00e9n \u00edvesen lehajolnak.\" \/>\n<meta name=\"robots\" content=\"index, follow, max-snippet:-1, max-image-preview:large, max-video-preview:-1\" \/>\n<link rel=\"canonical\" href=\"https:\/\/tajkertesz.com\/en_US\/product\/rozsa-magastorzsu-golden-sun-csungorozsa\/\" \/>\n<meta property=\"og:locale\" content=\"en_US\" \/>\n<meta property=\"og:type\" content=\"article\" \/>\n<meta property=\"og:title\" content=\"Magast\u00f6rzs\u0171 r\u00f3zsa &#039;Golden Sun&#039; - Cs\u00fcng\u0151r\u00f3zsa - T\u00e1jkert\u00e9sz\" \/>\n<meta property=\"og:description\" content=\"A Magast\u00f6rzs\u0171 r\u00f3zsa oltv\u00e1nyok k\u00f6z\u00fcl\u00a0 a Golden Sun Cs\u00fcng\u0151r\u00f3zsa a legszebb \u00e9s legtov\u00e1bb vir\u00e1gz\u00f3 r\u00f3zsafa.\u00a0S\u00e1rga vir\u00e1gai az \u00e1g v\u00e9g\u00e9n \u00edvesen lehajolnak.\" \/>\n<meta property=\"og:url\" content=\"https:\/\/tajkertesz.com\/en_US\/product\/rozsa-magastorzsu-golden-sun-csungorozsa\/\" \/>\n<meta property=\"og:site_name\" content=\"T\u00e1jkert\u00e9sz\" \/>\n<meta property=\"article:publisher\" content=\"https:\/\/www.facebook.com\/Tajkertesz\/\" \/>\n<meta property=\"article:modified_time\" content=\"2025-06-29T08:23:14+00:00\" \/>\n<meta property=\"og:image\" content=\"https:\/\/tajkertesz.com\/wp-content\/uploads\/2020\/04\/IMG_5041-scaled.jpg\" \/>\n\t<meta property=\"og:image:width\" content=\"1920\" \/>\n\t<meta property=\"og:image:height\" content=\"2560\" \/>\n\t<meta property=\"og:image:type\" content=\"image\/jpeg\" \/>\n<meta name=\"twitter:card\" content=\"summary_large_image\" \/>\n<meta name=\"twitter:label1\" content=\"Est. reading time\" \/>\n\t<meta name=\"twitter:data1\" content=\"3 minutes\" \/>\n<script type=\"application\/ld+json\" class=\"yoast-schema-graph\">{\"@context\":\"https:\\\/\\\/schema.org\",\"@graph\":[{\"@type\":\"WebPage\",\"@id\":\"https:\\\/\\\/tajkertesz.com\\\/termek\\\/rozsa-magastorzsu-golden-sun-csungorozsa\\\/\",\"url\":\"https:\\\/\\\/tajkertesz.com\\\/termek\\\/rozsa-magastorzsu-golden-sun-csungorozsa\\\/\",\"name\":\"Magast\u00f6rzs\u0171 r\u00f3zsa 'Golden Sun' - Cs\u00fcng\u0151r\u00f3zsa - T\u00e1jkert\u00e9sz\",\"isPartOf\":{\"@id\":\"https:\\\/\\\/tajkertesz.com\\\/#website\"},\"primaryImageOfPage\":{\"@id\":\"https:\\\/\\\/tajkertesz.com\\\/termek\\\/rozsa-magastorzsu-golden-sun-csungorozsa\\\/#primaryimage\"},\"image\":{\"@id\":\"https:\\\/\\\/tajkertesz.com\\\/termek\\\/rozsa-magastorzsu-golden-sun-csungorozsa\\\/#primaryimage\"},\"thumbnailUrl\":\"https:\\\/\\\/tajkertesz.com\\\/wp-content\\\/uploads\\\/2020\\\/04\\\/IMG_5041-scaled.jpg\",\"datePublished\":\"2020-04-11T13:20:37+00:00\",\"dateModified\":\"2025-06-29T08:23:14+00:00\",\"description\":\"A Magast\u00f6rzs\u0171 r\u00f3zsa oltv\u00e1nyok k\u00f6z\u00fcl\u00a0 a Golden Sun Cs\u00fcng\u0151r\u00f3zsa a legszebb \u00e9s legtov\u00e1bb vir\u00e1gz\u00f3 r\u00f3zsafa.\u00a0S\u00e1rga vir\u00e1gai az \u00e1g v\u00e9g\u00e9n \u00edvesen lehajolnak.\",\"breadcrumb\":{\"@id\":\"https:\\\/\\\/tajkertesz.com\\\/termek\\\/rozsa-magastorzsu-golden-sun-csungorozsa\\\/#breadcrumb\"},\"inLanguage\":\"en-US\",\"potentialAction\":[{\"@type\":\"ReadAction\",\"target\":[\"https:\\\/\\\/tajkertesz.com\\\/termek\\\/rozsa-magastorzsu-golden-sun-csungorozsa\\\/\"]}]},{\"@type\":\"ImageObject\",\"inLanguage\":\"en-US\",\"@id\":\"https:\\\/\\\/tajkertesz.com\\\/termek\\\/rozsa-magastorzsu-golden-sun-csungorozsa\\\/#primaryimage\",\"url\":\"https:\\\/\\\/tajkertesz.com\\\/wp-content\\\/uploads\\\/2020\\\/04\\\/IMG_5041-scaled.jpg\",\"contentUrl\":\"https:\\\/\\\/tajkertesz.com\\\/wp-content\\\/uploads\\\/2020\\\/04\\\/IMG_5041-scaled.jpg\",\"width\":1920,\"height\":2560,\"caption\":\"Magast\u00f6rzs\u0171 r\u00f3zsa 'Golden Sun' - Cs\u00fcng\u0151r\u00f3zsa\"},{\"@type\":\"BreadcrumbList\",\"@id\":\"https:\\\/\\\/tajkertesz.com\\\/termek\\\/rozsa-magastorzsu-golden-sun-csungorozsa\\\/#breadcrumb\",\"itemListElement\":[{\"@type\":\"ListItem\",\"position\":1,\"name\":\"Home\",\"item\":\"https:\\\/\\\/tajkertesz.com\\\/\"},{\"@type\":\"ListItem\",\"position\":2,\"name\":\"Kezd\u0151lap\",\"item\":\"https:\\\/\\\/tajkertesz.com\\\/\"},{\"@type\":\"ListItem\",\"position\":3,\"name\":\"Magast\u00f6rzs\u0171 r\u00f3zsa &#8216;Golden Sun&#8217; &#8211; Cs\u00fcng\u0151r\u00f3zsa\"}]},{\"@type\":\"WebSite\",\"@id\":\"https:\\\/\\\/tajkertesz.com\\\/#website\",\"url\":\"https:\\\/\\\/tajkertesz.com\\\/\",\"name\":\"T\u00e1j-Kert\u00e9sz 84 Kft.\",\"description\":\"Kert\u00e9szeti kis- \u00e9s nagykeresked\u00e9s, D\u00edszn\u00f6v\u00e9ny web\u00e1ruh\u00e1z orsz\u00e1gos h\u00e1zhozsz\u00e1ll\u00edt\u00e1ssal!\",\"publisher\":{\"@id\":\"https:\\\/\\\/tajkertesz.com\\\/#organization\"},\"potentialAction\":[{\"@type\":\"SearchAction\",\"target\":{\"@type\":\"EntryPoint\",\"urlTemplate\":\"https:\\\/\\\/tajkertesz.com\\\/?s={search_term_string}\"},\"query-input\":{\"@type\":\"PropertyValueSpecification\",\"valueRequired\":true,\"valueName\":\"search_term_string\"}}],\"inLanguage\":\"en-US\"},{\"@type\":\"Organization\",\"@id\":\"https:\\\/\\\/tajkertesz.com\\\/#organization\",\"name\":\"T\u00e1j-Kert\u00e9sz 84 Kft.\",\"url\":\"https:\\\/\\\/tajkertesz.com\\\/\",\"logo\":{\"@type\":\"ImageObject\",\"inLanguage\":\"en-US\",\"@id\":\"https:\\\/\\\/tajkertesz.com\\\/#\\\/schema\\\/logo\\\/image\\\/\",\"url\":\"https:\\\/\\\/tajkertesz.com\\\/wp-content\\\/uploads\\\/2018\\\/02\\\/logo-2-e1518678052539.png\",\"contentUrl\":\"https:\\\/\\\/tajkertesz.com\\\/wp-content\\\/uploads\\\/2018\\\/02\\\/logo-2-e1518678052539.png\",\"width\":81,\"height\":140,\"caption\":\"T\u00e1j-Kert\u00e9sz 84 Kft.\"},\"image\":{\"@id\":\"https:\\\/\\\/tajkertesz.com\\\/#\\\/schema\\\/logo\\\/image\\\/\"},\"sameAs\":[\"https:\\\/\\\/www.facebook.com\\\/Tajkertesz\\\/\"]}]}<\/script>\n<!-- \/ Yoast SEO plugin. -->","yoast_head_json":{"title":"Magast\u00f6rzs\u0171 r\u00f3zsa 'Golden Sun' - Cs\u00fcng\u0151r\u00f3zsa - T\u00e1jkert\u00e9sz","description":"A Magast\u00f6rzs\u0171 r\u00f3zsa oltv\u00e1nyok k\u00f6z\u00fcl\u00a0 a Golden Sun Cs\u00fcng\u0151r\u00f3zsa a legszebb \u00e9s legtov\u00e1bb vir\u00e1gz\u00f3 r\u00f3zsafa.\u00a0S\u00e1rga vir\u00e1gai az \u00e1g v\u00e9g\u00e9n \u00edvesen lehajolnak.","robots":{"index":"index","follow":"follow","max-snippet":"max-snippet:-1","max-image-preview":"max-image-preview:large","max-video-preview":"max-video-preview:-1"},"canonical":"https:\/\/tajkertesz.com\/en_US\/product\/rozsa-magastorzsu-golden-sun-csungorozsa\/","og_locale":"en_US","og_type":"article","og_title":"Magast\u00f6rzs\u0171 r\u00f3zsa 'Golden Sun' - Cs\u00fcng\u0151r\u00f3zsa - T\u00e1jkert\u00e9sz","og_description":"A Magast\u00f6rzs\u0171 r\u00f3zsa oltv\u00e1nyok k\u00f6z\u00fcl\u00a0 a Golden Sun Cs\u00fcng\u0151r\u00f3zsa a legszebb \u00e9s legtov\u00e1bb vir\u00e1gz\u00f3 r\u00f3zsafa.\u00a0S\u00e1rga vir\u00e1gai az \u00e1g v\u00e9g\u00e9n \u00edvesen lehajolnak.","og_url":"https:\/\/tajkertesz.com\/en_US\/product\/rozsa-magastorzsu-golden-sun-csungorozsa\/","og_site_name":"T\u00e1jkert\u00e9sz","article_publisher":"https:\/\/www.facebook.com\/Tajkertesz\/","article_modified_time":"2025-06-29T08:23:14+00:00","og_image":[{"width":1920,"height":2560,"url":"https:\/\/tajkertesz.com\/wp-content\/uploads\/2020\/04\/IMG_5041-scaled.jpg","type":"image\/jpeg"}],"twitter_card":"summary_large_image","twitter_misc":{"Est. reading time":"3 minutes"},"schema":{"@context":"https:\/\/schema.org","@graph":[{"@type":"WebPage","@id":"https:\/\/tajkertesz.com\/termek\/rozsa-magastorzsu-golden-sun-csungorozsa\/","url":"https:\/\/tajkertesz.com\/termek\/rozsa-magastorzsu-golden-sun-csungorozsa\/","name":"Magast\u00f6rzs\u0171 r\u00f3zsa 'Golden Sun' - Cs\u00fcng\u0151r\u00f3zsa - T\u00e1jkert\u00e9sz","isPartOf":{"@id":"https:\/\/tajkertesz.com\/#website"},"primaryImageOfPage":{"@id":"https:\/\/tajkertesz.com\/termek\/rozsa-magastorzsu-golden-sun-csungorozsa\/#primaryimage"},"image":{"@id":"https:\/\/tajkertesz.com\/termek\/rozsa-magastorzsu-golden-sun-csungorozsa\/#primaryimage"},"thumbnailUrl":"https:\/\/tajkertesz.com\/wp-content\/uploads\/2020\/04\/IMG_5041-scaled.jpg","datePublished":"2020-04-11T13:20:37+00:00","dateModified":"2025-06-29T08:23:14+00:00","description":"A Magast\u00f6rzs\u0171 r\u00f3zsa oltv\u00e1nyok k\u00f6z\u00fcl\u00a0 a Golden Sun Cs\u00fcng\u0151r\u00f3zsa a legszebb \u00e9s legtov\u00e1bb vir\u00e1gz\u00f3 r\u00f3zsafa.\u00a0S\u00e1rga vir\u00e1gai az \u00e1g v\u00e9g\u00e9n \u00edvesen lehajolnak.","breadcrumb":{"@id":"https:\/\/tajkertesz.com\/termek\/rozsa-magastorzsu-golden-sun-csungorozsa\/#breadcrumb"},"inLanguage":"en-US","potentialAction":[{"@type":"ReadAction","target":["https:\/\/tajkertesz.com\/termek\/rozsa-magastorzsu-golden-sun-csungorozsa\/"]}]},{"@type":"ImageObject","inLanguage":"en-US","@id":"https:\/\/tajkertesz.com\/termek\/rozsa-magastorzsu-golden-sun-csungorozsa\/#primaryimage","url":"https:\/\/tajkertesz.com\/wp-content\/uploads\/2020\/04\/IMG_5041-scaled.jpg","contentUrl":"https:\/\/tajkertesz.com\/wp-content\/uploads\/2020\/04\/IMG_5041-scaled.jpg","width":1920,"height":2560,"caption":"Magast\u00f6rzs\u0171 r\u00f3zsa 'Golden Sun' - Cs\u00fcng\u0151r\u00f3zsa"},{"@type":"BreadcrumbList","@id":"https:\/\/tajkertesz.com\/termek\/rozsa-magastorzsu-golden-sun-csungorozsa\/#breadcrumb","itemListElement":[{"@type":"ListItem","position":1,"name":"Home","item":"https:\/\/tajkertesz.com\/"},{"@type":"ListItem","position":2,"name":"Kezd\u0151lap","item":"https:\/\/tajkertesz.com\/"},{"@type":"ListItem","position":3,"name":"Magast\u00f6rzs\u0171 r\u00f3zsa &#8216;Golden Sun&#8217; &#8211; Cs\u00fcng\u0151r\u00f3zsa"}]},{"@type":"WebSite","@id":"https:\/\/tajkertesz.com\/#website","url":"https:\/\/tajkertesz.com\/","name":"T\u00e1j-Kert\u00e9sz 84 Kft.","description":"Kert\u00e9szeti kis- \u00e9s nagykeresked\u00e9s, D\u00edszn\u00f6v\u00e9ny web\u00e1ruh\u00e1z orsz\u00e1gos h\u00e1zhozsz\u00e1ll\u00edt\u00e1ssal!","publisher":{"@id":"https:\/\/tajkertesz.com\/#organization"},"potentialAction":[{"@type":"SearchAction","target":{"@type":"EntryPoint","urlTemplate":"https:\/\/tajkertesz.com\/?s={search_term_string}"},"query-input":{"@type":"PropertyValueSpecification","valueRequired":true,"valueName":"search_term_string"}}],"inLanguage":"en-US"},{"@type":"Organization","@id":"https:\/\/tajkertesz.com\/#organization","name":"T\u00e1j-Kert\u00e9sz 84 Kft.","url":"https:\/\/tajkertesz.com\/","logo":{"@type":"ImageObject","inLanguage":"en-US","@id":"https:\/\/tajkertesz.com\/#\/schema\/logo\/image\/","url":"https:\/\/tajkertesz.com\/wp-content\/uploads\/2018\/02\/logo-2-e1518678052539.png","contentUrl":"https:\/\/tajkertesz.com\/wp-content\/uploads\/2018\/02\/logo-2-e1518678052539.png","width":81,"height":140,"caption":"T\u00e1j-Kert\u00e9sz 84 Kft."},"image":{"@id":"https:\/\/tajkertesz.com\/#\/schema\/logo\/image\/"},"sameAs":["https:\/\/www.facebook.com\/Tajkertesz\/"]}]}},"_links":{"self":[{"href":"https:\/\/tajkertesz.com\/en_US\/wp-json\/wp\/v2\/product\/1740","targetHints":{"allow":["GET"]}}],"collection":[{"href":"https:\/\/tajkertesz.com\/en_US\/wp-json\/wp\/v2\/product"}],"about":[{"href":"https:\/\/tajkertesz.com\/en_US\/wp-json\/wp\/v2\/types\/product"}],"wp:featuredmedia":[{"embeddable":true,"href":"https:\/\/tajkertesz.com\/en_US\/wp-json\/wp\/v2\/media\/1756"}],"wp:attachment":[{"href":"https:\/\/tajkertesz.com\/en_US\/wp-json\/wp\/v2\/media?parent=1740"}],"wp:term":[{"taxonomy":"product_brand","embeddable":true,"href":"https:\/\/tajkertesz.com\/en_US\/wp-json\/wp\/v2\/product_brand?post=1740"},{"taxonomy":"product_cat","embeddable":true,"href":"https:\/\/tajkertesz.com\/en_US\/wp-json\/wp\/v2\/product_cat?post=1740"},{"taxonomy":"product_tag","embeddable":true,"href":"https:\/\/tajkertesz.com\/en_US\/wp-json\/wp\/v2\/product_tag?post=1740"}],"curies":[{"name":"wp","href":"https:\/\/api.w.org\/{rel}","templated":true}]}}