{"id":17462,"date":"2023-11-02T08:24:11","date_gmt":"2023-11-02T08:24:11","guid":{"rendered":"https:\/\/tajkertesz.com\/?post_type=product&#038;p=17462"},"modified":"2024-06-06T13:44:31","modified_gmt":"2024-06-06T13:44:31","slug":"biostop-egerfogo-ragasztos-lap","status":"publish","type":"product","link":"https:\/\/tajkertesz.com\/en_US\/product\/biostop-egerfogo-ragasztos-lap\/","title":{"rendered":"BioStop eg\u00e9rfog\u00f3 ragaszt\u00f3s lap"},"content":{"rendered":"<h2>BioStop eg\u00e9rfog\u00f3 ragaszt\u00f3s lap<\/h2>\n<p><em><strong>BioStop eg\u00e9rfog\u00f3 ragaszt\u00f3s lap haszn\u00e1lati utas\u00edt\u00e1sa:<\/strong><\/em><\/p>\n<p><strong>A term\u00e9k haszn\u00e1lata sor\u00e1n fokozott k\u00f6r\u00fcltekint\u00e9ssel j\u00e1rjon el!\u00a0<\/strong>A csomagol\u00e1st t\u00e1vol\u00edtsa el, \u00e9s a term\u00e9k sz\u00e9leit megfogva, mint egy k\u00f6nyvet nyissuk sz\u00e9t. Vigy\u00e1zzunk, ne \u00e9rj\u00fcnk a ragaszt\u00f3 fel\u00fclet\u00e9hez.<\/p>\n<p>A kihajtogatott ragaszt\u00f3s lapot az egerek \u00e1ltal leggyakrabban l\u00e1togatott helyekre, b\u00fav\u00f3helyeik k\u00f6zel\u00e9ben tegy\u00fck ki. V\u00edzszintes \u00e1llapotban tudjuk alkalmazni a csapd\u00e1t. Kihelyez\u00e9sn\u00e9l figyelj\u00fcnk arra, hogy a ragaszt\u00f3s fel\u00fclet felfel\u00e9 n\u00e9zzen.<\/p>\n<p>Olyan helyre tegy\u00fck ki, ahol gyerekek, kutya, macska stb. nem f\u00e9rhet hozz\u00e1.<\/p>\n<p>A hat\u00e9konys\u00e1g a ragaszt\u00f3s fel\u00fclet k\u00f6zep\u00e9re helyezett csalival n\u00f6velhet\u0151.<\/p>\n<p>Ha a csapda elkapott egy egeret, \u00e9l\u0151 eg\u00e9r eset\u00e9ben k\u00edm\u00e9letesen puszt\u00edtsuk el, majd hajtsuk \u00f6ssze a lapot, tegy\u00fck zacsk\u00f3ba, \u00e9s mehet a kuk\u00e1ba.<\/p>\n<p>A csapda mindaddig hat\u00e9kony, am\u00edg a ragaszt\u00e1s er\u0151s rajta.<\/p>\n<p>Vigy\u00e1zzunk arra, hogy a fel\u00fclet ne \u00e1zzon el, ne piszkol\u00f3djon be, porr\u00e9teg ne lepje be!<\/p>\n<p>A csomag tartalma: 1 db lap.<\/p>\n<p><strong>Felhaszn\u00e1l\u00e1s el\u0151tt mindig olvassa el a term\u00e9k c\u00edmk\u00e9j\u00e9t is, \u00e9s a felhaszn\u00e1l\u00e1si utas\u00edt\u00e1sban le\u00edrtakat minden k\u00f6r\u00fclm\u00e9ny k\u00f6z\u00f6tt tartsa be!<\/strong><\/p>\n<p>www.tajkertesz.com<\/p>\n<p><a href=\"https:\/\/www.facebook.com\/tajkertesz\">(3) Facebook<\/a><\/p>\n<p>&nbsp;<\/p>","protected":false},"excerpt":{"rendered":"<h2>BioStop eg\u00e9rfog\u00f3 ragaszt\u00f3s lap<\/h2>\n<p>A Biostop eg\u00e9rfog\u00f3 ragaszt\u00f3s lap kiz\u00e1r\u00f3lag z\u00e1rt t\u00e9rben egerek befog\u00e1s\u00e1ra haszn\u00e1lhat\u00f3.<\/p>\n<p>A term\u00e9k irt\u00f3szert nem tartalmaz, ez\u00e9rt oda is lerakhat\u00f3, ahol biocid nem alkalmazhat\u00f3.<\/p>\n<p>A ragaszt\u00f3 sz\u00fcks\u00e9g eset\u00e9n sebbenzinnel elt\u00e1vol\u00edthat\u00f3.<\/p>\n<div id=\"bodyContent\" class=\"mw-body-content\">\n<div id=\"mw-content-text\" class=\"mw-content-ltr\" dir=\"ltr\" lang=\"hu\">\n<div id=\"bodyContent\" class=\"mw-body-content\">\n<div id=\"mw-content-text\" class=\"mw-content-ltr\" dir=\"ltr\" lang=\"hu\">\n<p><b>K\u00e9szlet\u00fcnk napi szinten v\u00e1ltozik, ez\u00e9rt k\u00e9rj\u00fck, \u00e9rdekl\u0151dj\u00f6n szem\u00e9lyesen, telefonon vagy email-en.<\/b><\/p>\n<p>Term\u00e9keinket szem\u00e9lyesen is \u00e1tveheti a h\u00e9t minden napj\u00e1n nyitvatart\u00e1si id\u0151ben!<\/p>\n<p>Kisz\u00e1ll\u00edt\u00e1s: 200 cm \u00e9s 40 kg-ig a sz\u00e1ll\u00edt\u00e1s fut\u00e1rszolg\u00e1lattal t\u00f6rt\u00e9nik.<\/p>\n<\/div>\n<\/div>\n<\/div>\n<\/div>\n<p><b>A v\u00e1ltoztat\u00e1s jog\u00e1t fenntartjuk!\u00a0<\/b><\/p>","protected":false},"featured_media":17463,"template":"","meta":{"_et_pb_use_builder":"","_et_pb_old_content":"","_et_gb_content_width":""},"product_brand":[],"product_cat":[4089],"product_tag":[],"class_list":{"0":"post-17462","1":"product","2":"type-product","3":"status-publish","4":"has-post-thumbnail","6":"product_cat-bio-stop-termekek","8":"first","9":"outofstock","10":"shipping-taxable","11":"product-type-simple"},"yoast_head":"<!-- This site is optimized with the Yoast SEO plugin v27.3 - https:\/\/yoast.com\/product\/yoast-seo-wordpress\/ -->\n<title>BioStop eg\u00e9rfog\u00f3 ragaszt\u00f3s lap - T\u00e1jkert\u00e9sz<\/title>\n<meta name=\"description\" content=\"BioStop eg\u00e9rfog\u00f3 ragaszt\u00f3s lap. A Biostop eg\u00e9rfog\u00f3 ragaszt\u00f3s lap kiz\u00e1r\u00f3lag z\u00e1rt t\u00e9rben egerek befog\u00e1s\u00e1ra haszn\u00e1lhat\u00f3.A term\u00e9k irt\u00f3szert nem tartalmaz\" \/>\n<meta name=\"robots\" content=\"index, follow, max-snippet:-1, max-image-preview:large, max-video-preview:-1\" \/>\n<link rel=\"canonical\" href=\"https:\/\/tajkertesz.com\/en_US\/product\/biostop-egerfogo-ragasztos-lap\/\" \/>\n<meta property=\"og:locale\" content=\"en_US\" \/>\n<meta property=\"og:type\" content=\"article\" \/>\n<meta property=\"og:title\" content=\"https:\/\/www.facebook.com\/tajkertesz\" \/>\n<meta property=\"og:description\" content=\"A Biostop eg\u00e9rfog\u00f3 ragaszt\u00f3s lap kiz\u00e1r\u00f3lag z\u00e1rt t\u00e9rben egerek befog\u00e1s\u00e1ra haszn\u00e1lhat\u00f3.A term\u00e9k irt\u00f3szert nem tartalmaz, ez\u00e9rt oda is lerakhat\u00f3, ahol biocid nem alkalmazhat\u00f3.A ragaszt\u00f3 sz\u00fcks\u00e9g eset\u00e9n sebbenzinnel elt\u00e1vol\u00edthat\u00f3.\" \/>\n<meta property=\"og:url\" content=\"https:\/\/tajkertesz.com\/en_US\/product\/biostop-egerfogo-ragasztos-lap\/\" \/>\n<meta property=\"og:site_name\" content=\"T\u00e1jkert\u00e9sz\" \/>\n<meta property=\"article:publisher\" content=\"https:\/\/www.facebook.com\/Tajkertesz\/\" \/>\n<meta property=\"article:modified_time\" content=\"2024-06-06T13:44:31+00:00\" \/>\n<meta property=\"og:image\" content=\"https:\/\/tajkertesz.com\/wp-content\/uploads\/2023\/11\/biostop-eger.jpg\" \/>\n\t<meta property=\"og:image:width\" content=\"940\" \/>\n\t<meta property=\"og:image:height\" content=\"788\" \/>\n\t<meta property=\"og:image:type\" content=\"image\/jpeg\" \/>\n<meta name=\"twitter:card\" content=\"summary_large_image\" \/>\n<meta name=\"twitter:label1\" content=\"Est. reading time\" \/>\n\t<meta name=\"twitter:data1\" content=\"2 minutes\" \/>\n<script type=\"application\/ld+json\" class=\"yoast-schema-graph\">{\"@context\":\"https:\\\/\\\/schema.org\",\"@graph\":[{\"@type\":\"WebPage\",\"@id\":\"https:\\\/\\\/tajkertesz.com\\\/termek\\\/biostop-egerfogo-ragasztos-lap\\\/\",\"url\":\"https:\\\/\\\/tajkertesz.com\\\/termek\\\/biostop-egerfogo-ragasztos-lap\\\/\",\"name\":\"BioStop eg\u00e9rfog\u00f3 ragaszt\u00f3s lap - T\u00e1jkert\u00e9sz\",\"isPartOf\":{\"@id\":\"https:\\\/\\\/tajkertesz.com\\\/#website\"},\"primaryImageOfPage\":{\"@id\":\"https:\\\/\\\/tajkertesz.com\\\/termek\\\/biostop-egerfogo-ragasztos-lap\\\/#primaryimage\"},\"image\":{\"@id\":\"https:\\\/\\\/tajkertesz.com\\\/termek\\\/biostop-egerfogo-ragasztos-lap\\\/#primaryimage\"},\"thumbnailUrl\":\"https:\\\/\\\/tajkertesz.com\\\/wp-content\\\/uploads\\\/2023\\\/11\\\/biostop-eger.jpg\",\"datePublished\":\"2023-11-02T08:24:11+00:00\",\"dateModified\":\"2024-06-06T13:44:31+00:00\",\"description\":\"BioStop eg\u00e9rfog\u00f3 ragaszt\u00f3s lap. A Biostop eg\u00e9rfog\u00f3 ragaszt\u00f3s lap kiz\u00e1r\u00f3lag z\u00e1rt t\u00e9rben egerek befog\u00e1s\u00e1ra haszn\u00e1lhat\u00f3.A term\u00e9k irt\u00f3szert nem tartalmaz\",\"breadcrumb\":{\"@id\":\"https:\\\/\\\/tajkertesz.com\\\/termek\\\/biostop-egerfogo-ragasztos-lap\\\/#breadcrumb\"},\"inLanguage\":\"en-US\",\"potentialAction\":[{\"@type\":\"ReadAction\",\"target\":[\"https:\\\/\\\/tajkertesz.com\\\/termek\\\/biostop-egerfogo-ragasztos-lap\\\/\"]}]},{\"@type\":\"ImageObject\",\"inLanguage\":\"en-US\",\"@id\":\"https:\\\/\\\/tajkertesz.com\\\/termek\\\/biostop-egerfogo-ragasztos-lap\\\/#primaryimage\",\"url\":\"https:\\\/\\\/tajkertesz.com\\\/wp-content\\\/uploads\\\/2023\\\/11\\\/biostop-eger.jpg\",\"contentUrl\":\"https:\\\/\\\/tajkertesz.com\\\/wp-content\\\/uploads\\\/2023\\\/11\\\/biostop-eger.jpg\",\"width\":940,\"height\":788},{\"@type\":\"BreadcrumbList\",\"@id\":\"https:\\\/\\\/tajkertesz.com\\\/termek\\\/biostop-egerfogo-ragasztos-lap\\\/#breadcrumb\",\"itemListElement\":[{\"@type\":\"ListItem\",\"position\":1,\"name\":\"Home\",\"item\":\"https:\\\/\\\/tajkertesz.com\\\/\"},{\"@type\":\"ListItem\",\"position\":2,\"name\":\"Kezd\u0151lap\",\"item\":\"https:\\\/\\\/tajkertesz.com\\\/\"},{\"@type\":\"ListItem\",\"position\":3,\"name\":\"BioStop eg\u00e9rfog\u00f3 ragaszt\u00f3s lap\"}]},{\"@type\":\"WebSite\",\"@id\":\"https:\\\/\\\/tajkertesz.com\\\/#website\",\"url\":\"https:\\\/\\\/tajkertesz.com\\\/\",\"name\":\"T\u00e1j-Kert\u00e9sz 84 Kft.\",\"description\":\"Kert\u00e9szeti kis- \u00e9s nagykeresked\u00e9s, D\u00edszn\u00f6v\u00e9ny web\u00e1ruh\u00e1z orsz\u00e1gos h\u00e1zhozsz\u00e1ll\u00edt\u00e1ssal!\",\"publisher\":{\"@id\":\"https:\\\/\\\/tajkertesz.com\\\/#organization\"},\"potentialAction\":[{\"@type\":\"SearchAction\",\"target\":{\"@type\":\"EntryPoint\",\"urlTemplate\":\"https:\\\/\\\/tajkertesz.com\\\/?s={search_term_string}\"},\"query-input\":{\"@type\":\"PropertyValueSpecification\",\"valueRequired\":true,\"valueName\":\"search_term_string\"}}],\"inLanguage\":\"en-US\"},{\"@type\":\"Organization\",\"@id\":\"https:\\\/\\\/tajkertesz.com\\\/#organization\",\"name\":\"T\u00e1j-Kert\u00e9sz 84 Kft.\",\"url\":\"https:\\\/\\\/tajkertesz.com\\\/\",\"logo\":{\"@type\":\"ImageObject\",\"inLanguage\":\"en-US\",\"@id\":\"https:\\\/\\\/tajkertesz.com\\\/#\\\/schema\\\/logo\\\/image\\\/\",\"url\":\"https:\\\/\\\/tajkertesz.com\\\/wp-content\\\/uploads\\\/2018\\\/02\\\/logo-2-e1518678052539.png\",\"contentUrl\":\"https:\\\/\\\/tajkertesz.com\\\/wp-content\\\/uploads\\\/2018\\\/02\\\/logo-2-e1518678052539.png\",\"width\":81,\"height\":140,\"caption\":\"T\u00e1j-Kert\u00e9sz 84 Kft.\"},\"image\":{\"@id\":\"https:\\\/\\\/tajkertesz.com\\\/#\\\/schema\\\/logo\\\/image\\\/\"},\"sameAs\":[\"https:\\\/\\\/www.facebook.com\\\/Tajkertesz\\\/\"]}]}<\/script>\n<!-- \/ Yoast SEO plugin. -->","yoast_head_json":{"title":"BioStop eg\u00e9rfog\u00f3 ragaszt\u00f3s lap - T\u00e1jkert\u00e9sz","description":"BioStop eg\u00e9rfog\u00f3 ragaszt\u00f3s lap. A Biostop eg\u00e9rfog\u00f3 ragaszt\u00f3s lap kiz\u00e1r\u00f3lag z\u00e1rt t\u00e9rben egerek befog\u00e1s\u00e1ra haszn\u00e1lhat\u00f3.A term\u00e9k irt\u00f3szert nem tartalmaz","robots":{"index":"index","follow":"follow","max-snippet":"max-snippet:-1","max-image-preview":"max-image-preview:large","max-video-preview":"max-video-preview:-1"},"canonical":"https:\/\/tajkertesz.com\/en_US\/product\/biostop-egerfogo-ragasztos-lap\/","og_locale":"en_US","og_type":"article","og_title":"https:\/\/www.facebook.com\/tajkertesz","og_description":"A Biostop eg\u00e9rfog\u00f3 ragaszt\u00f3s lap kiz\u00e1r\u00f3lag z\u00e1rt t\u00e9rben egerek befog\u00e1s\u00e1ra haszn\u00e1lhat\u00f3.A term\u00e9k irt\u00f3szert nem tartalmaz, ez\u00e9rt oda is lerakhat\u00f3, ahol biocid nem alkalmazhat\u00f3.A ragaszt\u00f3 sz\u00fcks\u00e9g eset\u00e9n sebbenzinnel elt\u00e1vol\u00edthat\u00f3.","og_url":"https:\/\/tajkertesz.com\/en_US\/product\/biostop-egerfogo-ragasztos-lap\/","og_site_name":"T\u00e1jkert\u00e9sz","article_publisher":"https:\/\/www.facebook.com\/Tajkertesz\/","article_modified_time":"2024-06-06T13:44:31+00:00","og_image":[{"width":940,"height":788,"url":"https:\/\/tajkertesz.com\/wp-content\/uploads\/2023\/11\/biostop-eger.jpg","type":"image\/jpeg"}],"twitter_card":"summary_large_image","twitter_misc":{"Est. reading time":"2 minutes"},"schema":{"@context":"https:\/\/schema.org","@graph":[{"@type":"WebPage","@id":"https:\/\/tajkertesz.com\/termek\/biostop-egerfogo-ragasztos-lap\/","url":"https:\/\/tajkertesz.com\/termek\/biostop-egerfogo-ragasztos-lap\/","name":"BioStop eg\u00e9rfog\u00f3 ragaszt\u00f3s lap - T\u00e1jkert\u00e9sz","isPartOf":{"@id":"https:\/\/tajkertesz.com\/#website"},"primaryImageOfPage":{"@id":"https:\/\/tajkertesz.com\/termek\/biostop-egerfogo-ragasztos-lap\/#primaryimage"},"image":{"@id":"https:\/\/tajkertesz.com\/termek\/biostop-egerfogo-ragasztos-lap\/#primaryimage"},"thumbnailUrl":"https:\/\/tajkertesz.com\/wp-content\/uploads\/2023\/11\/biostop-eger.jpg","datePublished":"2023-11-02T08:24:11+00:00","dateModified":"2024-06-06T13:44:31+00:00","description":"BioStop eg\u00e9rfog\u00f3 ragaszt\u00f3s lap. A Biostop eg\u00e9rfog\u00f3 ragaszt\u00f3s lap kiz\u00e1r\u00f3lag z\u00e1rt t\u00e9rben egerek befog\u00e1s\u00e1ra haszn\u00e1lhat\u00f3.A term\u00e9k irt\u00f3szert nem tartalmaz","breadcrumb":{"@id":"https:\/\/tajkertesz.com\/termek\/biostop-egerfogo-ragasztos-lap\/#breadcrumb"},"inLanguage":"en-US","potentialAction":[{"@type":"ReadAction","target":["https:\/\/tajkertesz.com\/termek\/biostop-egerfogo-ragasztos-lap\/"]}]},{"@type":"ImageObject","inLanguage":"en-US","@id":"https:\/\/tajkertesz.com\/termek\/biostop-egerfogo-ragasztos-lap\/#primaryimage","url":"https:\/\/tajkertesz.com\/wp-content\/uploads\/2023\/11\/biostop-eger.jpg","contentUrl":"https:\/\/tajkertesz.com\/wp-content\/uploads\/2023\/11\/biostop-eger.jpg","width":940,"height":788},{"@type":"BreadcrumbList","@id":"https:\/\/tajkertesz.com\/termek\/biostop-egerfogo-ragasztos-lap\/#breadcrumb","itemListElement":[{"@type":"ListItem","position":1,"name":"Home","item":"https:\/\/tajkertesz.com\/"},{"@type":"ListItem","position":2,"name":"Kezd\u0151lap","item":"https:\/\/tajkertesz.com\/"},{"@type":"ListItem","position":3,"name":"BioStop eg\u00e9rfog\u00f3 ragaszt\u00f3s lap"}]},{"@type":"WebSite","@id":"https:\/\/tajkertesz.com\/#website","url":"https:\/\/tajkertesz.com\/","name":"T\u00e1j-Kert\u00e9sz 84 Kft.","description":"Kert\u00e9szeti kis- \u00e9s nagykeresked\u00e9s, D\u00edszn\u00f6v\u00e9ny web\u00e1ruh\u00e1z orsz\u00e1gos h\u00e1zhozsz\u00e1ll\u00edt\u00e1ssal!","publisher":{"@id":"https:\/\/tajkertesz.com\/#organization"},"potentialAction":[{"@type":"SearchAction","target":{"@type":"EntryPoint","urlTemplate":"https:\/\/tajkertesz.com\/?s={search_term_string}"},"query-input":{"@type":"PropertyValueSpecification","valueRequired":true,"valueName":"search_term_string"}}],"inLanguage":"en-US"},{"@type":"Organization","@id":"https:\/\/tajkertesz.com\/#organization","name":"T\u00e1j-Kert\u00e9sz 84 Kft.","url":"https:\/\/tajkertesz.com\/","logo":{"@type":"ImageObject","inLanguage":"en-US","@id":"https:\/\/tajkertesz.com\/#\/schema\/logo\/image\/","url":"https:\/\/tajkertesz.com\/wp-content\/uploads\/2018\/02\/logo-2-e1518678052539.png","contentUrl":"https:\/\/tajkertesz.com\/wp-content\/uploads\/2018\/02\/logo-2-e1518678052539.png","width":81,"height":140,"caption":"T\u00e1j-Kert\u00e9sz 84 Kft."},"image":{"@id":"https:\/\/tajkertesz.com\/#\/schema\/logo\/image\/"},"sameAs":["https:\/\/www.facebook.com\/Tajkertesz\/"]}]}},"_links":{"self":[{"href":"https:\/\/tajkertesz.com\/en_US\/wp-json\/wp\/v2\/product\/17462","targetHints":{"allow":["GET"]}}],"collection":[{"href":"https:\/\/tajkertesz.com\/en_US\/wp-json\/wp\/v2\/product"}],"about":[{"href":"https:\/\/tajkertesz.com\/en_US\/wp-json\/wp\/v2\/types\/product"}],"wp:featuredmedia":[{"embeddable":true,"href":"https:\/\/tajkertesz.com\/en_US\/wp-json\/wp\/v2\/media\/17463"}],"wp:attachment":[{"href":"https:\/\/tajkertesz.com\/en_US\/wp-json\/wp\/v2\/media?parent=17462"}],"wp:term":[{"taxonomy":"product_brand","embeddable":true,"href":"https:\/\/tajkertesz.com\/en_US\/wp-json\/wp\/v2\/product_brand?post=17462"},{"taxonomy":"product_cat","embeddable":true,"href":"https:\/\/tajkertesz.com\/en_US\/wp-json\/wp\/v2\/product_cat?post=17462"},{"taxonomy":"product_tag","embeddable":true,"href":"https:\/\/tajkertesz.com\/en_US\/wp-json\/wp\/v2\/product_tag?post=17462"}],"curies":[{"name":"wp","href":"https:\/\/api.w.org\/{rel}","templated":true}]}}