{"id":1748,"date":"2020-04-11T14:12:57","date_gmt":"2020-04-11T14:12:57","guid":{"rendered":"https:\/\/tajkertesz.com\/?post_type=product&#038;p=1748"},"modified":"2025-07-01T13:47:28","modified_gmt":"2025-07-01T13:47:28","slug":"rosa-kronenburg-magastorzsu-parkrozsa","status":"publish","type":"product","link":"https:\/\/tajkertesz.com\/en_US\/product\/rosa-kronenburg-magastorzsu-parkrozsa\/","title":{"rendered":"Rosa &#8216;Kronenburg&#8217; &#8211; Magast\u00f6rzs\u0171 parkr\u00f3zsa"},"content":{"rendered":"<h1 data-start=\"407\" data-end=\"803\">Rosa &#8216;Kronenburg&#8217; &#8211; Magast\u00f6rzs\u0171 parkr\u00f3zsa<\/h1>\n<p data-start=\"407\" data-end=\"803\">A Rosa &#8216;Kronenburg&#8217; &#8211; Magast\u00f6rzs\u0171 parkr\u00f3zsa\u00a0egy k\u00fcl\u00f6nleges, <strong data-start=\"1072\" data-end=\"1107\">sz\u00edn\u00e1tmenetes vir\u00e1g\u00fa bokorr\u00f3zsa<\/strong>, melynek k\u00fcls\u0151 szirmai pirosas\u2011r\u00f3zsasz\u00edn\u0171ek, bel\u00fcl pedig naps\u00e1rga t\u00f3nusban ragyognak. Nagy (8\u201310\u202fcm), telt vir\u00e1gai enyh\u00e9n illatosak \u00e9s t\u00f6bbsz\u00f6r is megjelennek a vir\u00e1gz\u00e1si id\u0151szak alatt \u2013 kora ny\u00e1rt\u00f3l az els\u0151 fagyokig. A n\u00f6v\u00e9ny magass\u00e1ga bokros form\u00e1ban 100\u2013120\u202fcm, de magast\u00f6rzses v\u00e1ltozatban is el\u00e9rhet\u0151.<\/p>\n<h2 data-start=\"1415\" data-end=\"1438\">\ud83c\udf3f Rosa &#8216;Kronenburg&#8217; &#8211; Magast\u00f6rzs\u0171 parkr\u00f3zsa jellemz\u0151i:<\/h2>\n<ul data-start=\"1439\" data-end=\"1843\">\n<li data-start=\"1439\" data-end=\"1499\">\n<p data-start=\"1441\" data-end=\"1499\"><strong data-start=\"1441\" data-end=\"1449\">Sz\u00edn<\/strong>: pirosos-r\u00f3zsasz\u00edn k\u00fcls\u0151, s\u00e1rga bels\u0151 vir\u00e1gr\u00e9sz<\/p>\n<\/li>\n<li data-start=\"1500\" data-end=\"1545\">\n<p data-start=\"1502\" data-end=\"1545\"><strong data-start=\"1502\" data-end=\"1511\">Vir\u00e1g<\/strong>: t\u00f6mve telt, kb. 8\u201310\u202fcm \u00e1tm\u00e9r\u0151<\/p>\n<\/li>\n<li data-start=\"1546\" data-end=\"1576\">\n<p data-start=\"1548\" data-end=\"1576\"><strong data-start=\"1548\" data-end=\"1557\">Illat<\/strong>: enyhe, kellemes<\/p>\n<\/li>\n<li data-start=\"1577\" data-end=\"1639\">\n<p data-start=\"1579\" data-end=\"1639\"><strong data-start=\"1579\" data-end=\"1592\">N\u00f6veked\u00e9s<\/strong>: bokor vagy magast\u00f6rzs\u0171, robusztus fel\u00e9p\u00edt\u00e9s<\/p>\n<\/li>\n<li data-start=\"1640\" data-end=\"1686\">\n<p data-start=\"1642\" data-end=\"1686\"><strong data-start=\"1642\" data-end=\"1654\">Vir\u00e1gz\u00e1s<\/strong>: j\u00faniust\u00f3l \u0151szig folyamatosan<\/p>\n<\/li>\n<\/ul>\n<h3 data-start=\"407\" data-end=\"803\">A magast\u00f6rzs\u0171 parkr\u00f3zsa gondoz\u00e1sa<\/h3>\n<ul data-start=\"1439\" data-end=\"1843\">\n<li data-start=\"1687\" data-end=\"1778\">\n<p data-start=\"1689\" data-end=\"1778\"><strong data-start=\"1689\" data-end=\"1698\">Ig\u00e9ny<\/strong>: napos hely, j\u00f3 v\u00edz\u00e1tereszt\u00e9s\u0171 talaj, rendszeres metsz\u00e9st \u00e9s \u00f6nt\u00f6z\u00e9st ig\u00e9nyel<\/p>\n<\/li>\n<li data-start=\"1779\" data-end=\"1843\">\n<p data-start=\"1781\" data-end=\"1843\"><strong data-start=\"1781\" data-end=\"1797\">Ellen\u00e1ll\u00f3s\u00e1g<\/strong>: j\u00f3, de aj\u00e1nlott gomba\u00f6l\u0151 kezel\u00e9st alkalmazni<\/p>\n<\/li>\n<\/ul>\n<p data-start=\"1845\" data-end=\"1999\">Ez a r\u00f3zsa t\u00f6k\u00e9letes v\u00e1laszt\u00e1s csoportos \u00fcltet\u00e9sre, vir\u00e1g\u00e1gy\u00e1sokba, s\u00f6v\u00e9nynek vagy szoliternek \u2013 sz\u00ednpomp\u00e1s vir\u00e1gaival \u00e9s megb\u00edzhat\u00f3 vir\u00e1gz\u00e1si ciklus\u00e1val.<\/p>\n<h4><strong>\ud83d\udd04 K\u00e9szletinform\u00e1ci\u00f3<\/strong><\/h4>\n<p><strong>K\u00e9szlet\u00fcnk napi szinten v\u00e1ltozik, \u00edgy a webshopban szerepl<\/strong><strong>\u0151<\/strong><strong> term\u00e9kek el\u00e9rhet<\/strong><strong>\u0151<\/strong><strong>s\u00e9ge nem garant\u00e1lt.<br \/>\n\ud83d\udcde A megrendel\u00e9s el<\/strong><strong>\u0151<\/strong><strong>tt k\u00e9rj\u00fck, \u00e9rdekl<\/strong><strong>\u0151<\/strong><strong>dj\u00f6n szem\u00e9lyesen, telefonon vagy e-mailben!<\/strong><\/p>\n<h4><strong>\u27a1\ufe0f Kapcsolat:<\/strong><\/h4>\n<ul>\n<li><strong>Weboldal: <\/strong><a href=\"https:\/\/tajkertesz.com\"><strong>tajkertesz.com<\/strong><\/a><\/li>\n<li><strong>Facebook: <\/strong><a href=\"https:\/\/www.facebook.com\/tajkertesz\/\"><strong>facebook.com\/tajkertesz<\/strong><\/a><\/li>\n<li><strong>Telefonsz\u00e1m, e-mail: +36\/20-319-3770 <\/strong><a href=\"mailto:tajkerteszaruda@gmail.com\"><strong>tajkerteszaruda@gmail.com<\/strong><\/a><\/li>\n<\/ul>\n<h4><strong>\ud83d\ude9a Sz\u00e1ll\u00edt\u00e1si inform\u00e1ci\u00f3k<\/strong><\/h4>\n<p><strong>A megrendelt n\u00f6v\u00e9nyek kisz\u00e1ll\u00edt\u00e1sa az al\u00e1bbi felt\u00e9telek mellett t\u00f6rt\u00e9nik:<\/strong><\/p>\n<h4><strong>\ud83d\udce6 Fut\u00e1rszolg\u00e1latos sz\u00e1ll\u00edt\u00e1s<\/strong><\/h4>\n<ul>\n<li><strong>Maxim\u00e1lis m\u00e9ret: 200 cm (hossz\u00fas\u00e1g)<\/strong><\/li>\n<li><strong>Maxim\u00e1lis s\u00faly: 40 kg<\/strong><\/li>\n<li><strong>Az enn\u00e9l kisebb \u00e9s k\u00f6nnyebb csomagokat fut\u00e1rszolg\u00e1lattal k\u00e9zbes\u00edtj\u00fck a lehet<\/strong><strong>\u0151<\/strong><strong> legbiztons\u00e1gosabb csomagol\u00e1sban.<\/strong><\/li>\n<\/ul>\n<h4><strong>\ud83d\udefb Szem\u00e9lyes \u00e1tv\u00e9tel<\/strong><\/h4>\n<ul>\n<li><strong>1173 Budapest, Bakancsos utca 7. sz\u00e1m alatt nyitvatart\u00e1si id<\/strong><strong>\u0151<\/strong><strong>ben szem\u00e9lyesen \u00e1tvehet<\/strong><strong>\u0151<\/strong><strong> kert\u00e9szeti \u00e1rud\u00e1nkban.<\/strong><\/li>\n<li><strong>K\u00f6lts\u00e9ghat\u00e9kony megold\u00e1s nagyobb, t\u00f6r\u00e9kenyebb vagy t\u00falm\u00e9retes n\u00f6v\u00e9nyek eset\u00e9n.<\/strong><\/li>\n<\/ul>\n<p><strong>\ud83d\udcde Nagy m\u00e9ret<\/strong><strong>\u0171<\/strong><strong> vagy s\u00faly\u00fa n\u00f6v\u00e9nyek eset\u00e9n<\/strong><\/p>\n<p><strong>Ha a term\u00e9k:<\/strong><\/p>\n<ul>\n<li><strong>meghaladja a 200 cm hossz\u00fas\u00e1got vagy<\/strong><\/li>\n<li><strong>meghaladja a 40 kg s\u00falyt,<\/strong><\/li>\n<\/ul>\n<p><strong>akkor szem\u00e9lyes \u00e1tv\u00e9tellel vagy egyedi, el<\/strong><strong>\u0151<\/strong><strong>re egyeztetett sz\u00e1ll\u00edt\u00e1si felt\u00e9telek mellett t\u00f6rt\u00e9nik.<br \/>\nK\u00e9rj\u00fck, ilyen esetben rendel\u00e9s el<\/strong><strong>\u0151<\/strong><strong>tt vegye fel vel\u00fcnk a kapcsolatot, hogy a lehet<\/strong><strong>\u0151<\/strong><strong> legmegfelel<\/strong><strong>\u0151<\/strong><strong>bb sz\u00e1ll\u00edt\u00e1si megold\u00e1st k\u00edn\u00e1lhassuk.<\/strong><\/p>\n<p><strong>\ud83d\udd14 Fontos: A n\u00f6v\u00e9nyeket minden esetben igyeksz\u00fcnk gondosan, egyes\u00e9vel csomagolni, azonban a sz\u00e1ll\u00edt\u00e1s sor\u00e1n kisebb eszt\u00e9tikai s\u00e9r\u00fcl\u00e9sek el<\/strong><strong>\u0151<\/strong><strong>fordulhatnak (pl. lev\u00e9lhull\u00e1s). Ez nem min<\/strong><strong>\u0151<\/strong><strong>s\u00fcl hib\u00e1s teljes\u00edt\u00e9snek.<\/strong><\/p>\n<h4><strong>\ud83d\udcf7 Fontos tudni a k\u00e9pekr<\/strong><strong>\u0151<\/strong><strong>l<\/strong><\/h4>\n<p><strong>A webshopban szerepl<\/strong><strong>\u0151<\/strong><strong> k\u00e9pek illusztr\u00e1ci\u00f3k, a n\u00f6v\u00e9nyek term\u00e9szet\u00fckn\u00e9l fogva egyediek, \u00edgy m\u00e9retben, alakban \u00e9s sz\u00ednben minim\u00e1lis elt\u00e9r\u00e9sek el<\/strong><strong>\u0151<\/strong><strong>fordulhatnak a k\u00e9pen l\u00e1that\u00f3 \u00e9s a val\u00f3s p\u00e9ld\u00e1nyok k\u00f6z\u00f6tt.<\/strong><\/p>\n<h4><strong>\ud83e\uddfe \u00c1rak \u00e9s el\u00e1ll\u00e1si jog<\/strong><\/h4>\n<ul>\n<li><strong>Az \u00e1rak egy darab\u00a0n\u00f6v\u00e9nyre vonatkoznak.<\/strong><\/li>\n<li><strong>\u00c9l<\/strong><strong>\u0151<\/strong><strong> n\u00f6v\u00e9nyek rendel\u00e9se eset\u00e9n a 14 napos el\u00e1ll\u00e1s joga nem \u00e9rv\u00e9nyes\u00edthet<\/strong><strong>\u0151<\/strong><strong>, mivel azok romland\u00f3, biol\u00f3giailag \u00e9l<\/strong><strong>\u0151<\/strong><strong> term\u00e9keknek min<\/strong><strong>\u0151<\/strong><strong>s\u00fclnek.<br \/>\n\ud83d\udd12 (17\/1999. (II. 5.) Korm. rendelet 5. \u00a7 c) pontja alapj\u00e1n)<\/strong><\/li>\n<\/ul>\n<p><strong>\ud83d\udce6 K\u00e9zbes\u00edt\u00e9s ut\u00e1ni teend<\/strong><strong>\u0151<\/strong><strong>k<\/strong><\/p>\n<p><strong>A k\u00e9zbes\u00edt\u00e9st k\u00f6vet<\/strong><strong>\u0151<\/strong><strong>en a csomagot azonnal bontsuk ki, \u00e9s a n\u00f6v\u00e9nyt helyezz\u00fck el megfelel<\/strong><strong>\u0151<\/strong><strong> k\u00f6rnyezetben.<br \/>\nFontos: ha a n\u00f6v\u00e9ny nem r\u00e9szes\u00fcl megfelel<\/strong><strong>\u0151<\/strong><strong> gondoz\u00e1sban \u00e9s ennek k\u00f6vetkezt\u00e9ben k\u00e1rosodik vagy elpusztul, felel<\/strong><strong>\u0151<\/strong><strong>ss\u00e9get nem tudunk v\u00e1llalni.<\/strong><\/p>","protected":false},"excerpt":{"rendered":"<p>A Rosa &#8216;Kronenburg&#8217; &#8211; Magast\u00f6rzs\u0171 parkr\u00f3zsa\u00a0egy k\u00fcl\u00f6nleges, <strong data-start=\"1072\" data-end=\"1107\">sz\u00edn\u00e1tmenetes vir\u00e1g\u00fa bokorr\u00f3zsa<\/strong>, melynek k\u00fcls\u0151 szirmai pirosas\u2011r\u00f3zsasz\u00edn\u0171ek, bel\u00fcl pedig naps\u00e1rga t\u00f3nusban ragyognak.<\/p>","protected":false},"featured_media":1746,"template":"","meta":{"_et_pb_use_builder":"","_et_pb_old_content":"","_et_gb_content_width":""},"product_brand":[],"product_cat":[1286],"product_tag":[5962,5964,502,5960,5963,5961],"class_list":{"0":"post-1748","1":"product","2":"type-product","3":"status-publish","4":"has-post-thumbnail","6":"product_cat-rozsak","7":"product_tag-ellenallo-bokorrozsa","8":"product_tag-kronenburg-rozsa","9":"product_tag-parkrozsa","10":"product_tag-piros-sarga-rozsa","11":"product_tag-tobbszor-viragzo-rozsa","12":"product_tag-viragagyi-rozsa","14":"first","15":"instock","16":"shipping-taxable","17":"purchasable","18":"product-type-simple"},"yoast_head":"<!-- This site is optimized with the Yoast SEO plugin v27.3 - https:\/\/yoast.com\/product\/yoast-seo-wordpress\/ -->\n<title>Rosa &#039;Kronenburg&#039; - Magast\u00f6rzs\u0171 parkr\u00f3zsa - T\u00e1jkert\u00e9sz<\/title>\n<meta name=\"description\" content=\"Rosa &#039;Kronenburg&#039; - Magast\u00f6rzs\u0171 parkr\u00f3zsa egy k\u00fcl\u00f6nleges, sz\u00edn\u00e1tmenetes vir\u00e1g\u00fa bokorr\u00f3zsa, melynek k\u00fcls\u0151 szirmai pirosas\u2011r\u00f3zsasz\u00edn\u0171ek.\" \/>\n<meta name=\"robots\" content=\"index, follow, max-snippet:-1, max-image-preview:large, max-video-preview:-1\" \/>\n<link rel=\"canonical\" href=\"https:\/\/tajkertesz.com\/en_US\/product\/rosa-kronenburg-magastorzsu-parkrozsa\/\" \/>\n<meta property=\"og:locale\" content=\"en_US\" \/>\n<meta property=\"og:type\" content=\"article\" \/>\n<meta property=\"og:title\" content=\"Rosa &#039;Kronenburg&#039; - Magast\u00f6rzs\u0171 parkr\u00f3zsa - T\u00e1jkert\u00e9sz\" \/>\n<meta property=\"og:description\" content=\"Rosa &#039;Kronenburg&#039; - Magast\u00f6rzs\u0171 parkr\u00f3zsa egy k\u00fcl\u00f6nleges, sz\u00edn\u00e1tmenetes vir\u00e1g\u00fa bokorr\u00f3zsa, melynek k\u00fcls\u0151 szirmai pirosas\u2011r\u00f3zsasz\u00edn\u0171ek.\" \/>\n<meta property=\"og:url\" content=\"https:\/\/tajkertesz.com\/en_US\/product\/rosa-kronenburg-magastorzsu-parkrozsa\/\" \/>\n<meta property=\"og:site_name\" content=\"T\u00e1jkert\u00e9sz\" \/>\n<meta property=\"article:publisher\" content=\"https:\/\/www.facebook.com\/Tajkertesz\/\" \/>\n<meta property=\"article:modified_time\" content=\"2025-07-01T13:47:28+00:00\" \/>\n<meta property=\"og:image\" content=\"https:\/\/tajkertesz.com\/wp-content\/uploads\/2020\/04\/IMG_5005-576x1024.png\" \/>\n\t<meta property=\"og:image:width\" content=\"576\" \/>\n\t<meta property=\"og:image:height\" content=\"1024\" \/>\n\t<meta property=\"og:image:type\" content=\"image\/png\" \/>\n<meta name=\"twitter:card\" content=\"summary_large_image\" \/>\n<meta name=\"twitter:label1\" content=\"Est. reading time\" \/>\n\t<meta name=\"twitter:data1\" content=\"3 minutes\" \/>\n<script type=\"application\/ld+json\" class=\"yoast-schema-graph\">{\"@context\":\"https:\\\/\\\/schema.org\",\"@graph\":[{\"@type\":\"WebPage\",\"@id\":\"https:\\\/\\\/tajkertesz.com\\\/termek\\\/rosa-kronenburg-magastorzsu-parkrozsa\\\/\",\"url\":\"https:\\\/\\\/tajkertesz.com\\\/termek\\\/rosa-kronenburg-magastorzsu-parkrozsa\\\/\",\"name\":\"Rosa 'Kronenburg' - Magast\u00f6rzs\u0171 parkr\u00f3zsa - T\u00e1jkert\u00e9sz\",\"isPartOf\":{\"@id\":\"https:\\\/\\\/tajkertesz.com\\\/#website\"},\"primaryImageOfPage\":{\"@id\":\"https:\\\/\\\/tajkertesz.com\\\/termek\\\/rosa-kronenburg-magastorzsu-parkrozsa\\\/#primaryimage\"},\"image\":{\"@id\":\"https:\\\/\\\/tajkertesz.com\\\/termek\\\/rosa-kronenburg-magastorzsu-parkrozsa\\\/#primaryimage\"},\"thumbnailUrl\":\"https:\\\/\\\/tajkertesz.com\\\/wp-content\\\/uploads\\\/2020\\\/04\\\/IMG_5005.png\",\"datePublished\":\"2020-04-11T14:12:57+00:00\",\"dateModified\":\"2025-07-01T13:47:28+00:00\",\"description\":\"Rosa 'Kronenburg' - Magast\u00f6rzs\u0171 parkr\u00f3zsa egy k\u00fcl\u00f6nleges, sz\u00edn\u00e1tmenetes vir\u00e1g\u00fa bokorr\u00f3zsa, melynek k\u00fcls\u0151 szirmai pirosas\u2011r\u00f3zsasz\u00edn\u0171ek.\",\"breadcrumb\":{\"@id\":\"https:\\\/\\\/tajkertesz.com\\\/termek\\\/rosa-kronenburg-magastorzsu-parkrozsa\\\/#breadcrumb\"},\"inLanguage\":\"en-US\",\"potentialAction\":[{\"@type\":\"ReadAction\",\"target\":[\"https:\\\/\\\/tajkertesz.com\\\/termek\\\/rosa-kronenburg-magastorzsu-parkrozsa\\\/\"]}]},{\"@type\":\"ImageObject\",\"inLanguage\":\"en-US\",\"@id\":\"https:\\\/\\\/tajkertesz.com\\\/termek\\\/rosa-kronenburg-magastorzsu-parkrozsa\\\/#primaryimage\",\"url\":\"https:\\\/\\\/tajkertesz.com\\\/wp-content\\\/uploads\\\/2020\\\/04\\\/IMG_5005.png\",\"contentUrl\":\"https:\\\/\\\/tajkertesz.com\\\/wp-content\\\/uploads\\\/2020\\\/04\\\/IMG_5005.png\",\"width\":1125,\"height\":2001,\"caption\":\"Rosa 'Kronenburg' - Magast\u00f6rzs\u0171 parkr\u00f3zsa\"},{\"@type\":\"BreadcrumbList\",\"@id\":\"https:\\\/\\\/tajkertesz.com\\\/termek\\\/rosa-kronenburg-magastorzsu-parkrozsa\\\/#breadcrumb\",\"itemListElement\":[{\"@type\":\"ListItem\",\"position\":1,\"name\":\"Home\",\"item\":\"https:\\\/\\\/tajkertesz.com\\\/\"},{\"@type\":\"ListItem\",\"position\":2,\"name\":\"Kezd\u0151lap\",\"item\":\"https:\\\/\\\/tajkertesz.com\\\/\"},{\"@type\":\"ListItem\",\"position\":3,\"name\":\"Rosa &#8216;Kronenburg&#8217; &#8211; Magast\u00f6rzs\u0171 parkr\u00f3zsa\"}]},{\"@type\":\"WebSite\",\"@id\":\"https:\\\/\\\/tajkertesz.com\\\/#website\",\"url\":\"https:\\\/\\\/tajkertesz.com\\\/\",\"name\":\"T\u00e1j-Kert\u00e9sz 84 Kft.\",\"description\":\"Kert\u00e9szeti kis- \u00e9s nagykeresked\u00e9s, D\u00edszn\u00f6v\u00e9ny web\u00e1ruh\u00e1z orsz\u00e1gos h\u00e1zhozsz\u00e1ll\u00edt\u00e1ssal!\",\"publisher\":{\"@id\":\"https:\\\/\\\/tajkertesz.com\\\/#organization\"},\"potentialAction\":[{\"@type\":\"SearchAction\",\"target\":{\"@type\":\"EntryPoint\",\"urlTemplate\":\"https:\\\/\\\/tajkertesz.com\\\/?s={search_term_string}\"},\"query-input\":{\"@type\":\"PropertyValueSpecification\",\"valueRequired\":true,\"valueName\":\"search_term_string\"}}],\"inLanguage\":\"en-US\"},{\"@type\":\"Organization\",\"@id\":\"https:\\\/\\\/tajkertesz.com\\\/#organization\",\"name\":\"T\u00e1j-Kert\u00e9sz 84 Kft.\",\"url\":\"https:\\\/\\\/tajkertesz.com\\\/\",\"logo\":{\"@type\":\"ImageObject\",\"inLanguage\":\"en-US\",\"@id\":\"https:\\\/\\\/tajkertesz.com\\\/#\\\/schema\\\/logo\\\/image\\\/\",\"url\":\"https:\\\/\\\/tajkertesz.com\\\/wp-content\\\/uploads\\\/2018\\\/02\\\/logo-2-e1518678052539.png\",\"contentUrl\":\"https:\\\/\\\/tajkertesz.com\\\/wp-content\\\/uploads\\\/2018\\\/02\\\/logo-2-e1518678052539.png\",\"width\":81,\"height\":140,\"caption\":\"T\u00e1j-Kert\u00e9sz 84 Kft.\"},\"image\":{\"@id\":\"https:\\\/\\\/tajkertesz.com\\\/#\\\/schema\\\/logo\\\/image\\\/\"},\"sameAs\":[\"https:\\\/\\\/www.facebook.com\\\/Tajkertesz\\\/\"]}]}<\/script>\n<!-- \/ Yoast SEO plugin. -->","yoast_head_json":{"title":"Rosa 'Kronenburg' - Magast\u00f6rzs\u0171 parkr\u00f3zsa - T\u00e1jkert\u00e9sz","description":"Rosa 'Kronenburg' - Magast\u00f6rzs\u0171 parkr\u00f3zsa egy k\u00fcl\u00f6nleges, sz\u00edn\u00e1tmenetes vir\u00e1g\u00fa bokorr\u00f3zsa, melynek k\u00fcls\u0151 szirmai pirosas\u2011r\u00f3zsasz\u00edn\u0171ek.","robots":{"index":"index","follow":"follow","max-snippet":"max-snippet:-1","max-image-preview":"max-image-preview:large","max-video-preview":"max-video-preview:-1"},"canonical":"https:\/\/tajkertesz.com\/en_US\/product\/rosa-kronenburg-magastorzsu-parkrozsa\/","og_locale":"en_US","og_type":"article","og_title":"Rosa 'Kronenburg' - Magast\u00f6rzs\u0171 parkr\u00f3zsa - T\u00e1jkert\u00e9sz","og_description":"Rosa 'Kronenburg' - Magast\u00f6rzs\u0171 parkr\u00f3zsa egy k\u00fcl\u00f6nleges, sz\u00edn\u00e1tmenetes vir\u00e1g\u00fa bokorr\u00f3zsa, melynek k\u00fcls\u0151 szirmai pirosas\u2011r\u00f3zsasz\u00edn\u0171ek.","og_url":"https:\/\/tajkertesz.com\/en_US\/product\/rosa-kronenburg-magastorzsu-parkrozsa\/","og_site_name":"T\u00e1jkert\u00e9sz","article_publisher":"https:\/\/www.facebook.com\/Tajkertesz\/","article_modified_time":"2025-07-01T13:47:28+00:00","og_image":[{"width":576,"height":1024,"url":"https:\/\/tajkertesz.com\/wp-content\/uploads\/2020\/04\/IMG_5005-576x1024.png","type":"image\/png"}],"twitter_card":"summary_large_image","twitter_misc":{"Est. reading time":"3 minutes"},"schema":{"@context":"https:\/\/schema.org","@graph":[{"@type":"WebPage","@id":"https:\/\/tajkertesz.com\/termek\/rosa-kronenburg-magastorzsu-parkrozsa\/","url":"https:\/\/tajkertesz.com\/termek\/rosa-kronenburg-magastorzsu-parkrozsa\/","name":"Rosa 'Kronenburg' - Magast\u00f6rzs\u0171 parkr\u00f3zsa - T\u00e1jkert\u00e9sz","isPartOf":{"@id":"https:\/\/tajkertesz.com\/#website"},"primaryImageOfPage":{"@id":"https:\/\/tajkertesz.com\/termek\/rosa-kronenburg-magastorzsu-parkrozsa\/#primaryimage"},"image":{"@id":"https:\/\/tajkertesz.com\/termek\/rosa-kronenburg-magastorzsu-parkrozsa\/#primaryimage"},"thumbnailUrl":"https:\/\/tajkertesz.com\/wp-content\/uploads\/2020\/04\/IMG_5005.png","datePublished":"2020-04-11T14:12:57+00:00","dateModified":"2025-07-01T13:47:28+00:00","description":"Rosa 'Kronenburg' - Magast\u00f6rzs\u0171 parkr\u00f3zsa egy k\u00fcl\u00f6nleges, sz\u00edn\u00e1tmenetes vir\u00e1g\u00fa bokorr\u00f3zsa, melynek k\u00fcls\u0151 szirmai pirosas\u2011r\u00f3zsasz\u00edn\u0171ek.","breadcrumb":{"@id":"https:\/\/tajkertesz.com\/termek\/rosa-kronenburg-magastorzsu-parkrozsa\/#breadcrumb"},"inLanguage":"en-US","potentialAction":[{"@type":"ReadAction","target":["https:\/\/tajkertesz.com\/termek\/rosa-kronenburg-magastorzsu-parkrozsa\/"]}]},{"@type":"ImageObject","inLanguage":"en-US","@id":"https:\/\/tajkertesz.com\/termek\/rosa-kronenburg-magastorzsu-parkrozsa\/#primaryimage","url":"https:\/\/tajkertesz.com\/wp-content\/uploads\/2020\/04\/IMG_5005.png","contentUrl":"https:\/\/tajkertesz.com\/wp-content\/uploads\/2020\/04\/IMG_5005.png","width":1125,"height":2001,"caption":"Rosa 'Kronenburg' - Magast\u00f6rzs\u0171 parkr\u00f3zsa"},{"@type":"BreadcrumbList","@id":"https:\/\/tajkertesz.com\/termek\/rosa-kronenburg-magastorzsu-parkrozsa\/#breadcrumb","itemListElement":[{"@type":"ListItem","position":1,"name":"Home","item":"https:\/\/tajkertesz.com\/"},{"@type":"ListItem","position":2,"name":"Kezd\u0151lap","item":"https:\/\/tajkertesz.com\/"},{"@type":"ListItem","position":3,"name":"Rosa &#8216;Kronenburg&#8217; &#8211; Magast\u00f6rzs\u0171 parkr\u00f3zsa"}]},{"@type":"WebSite","@id":"https:\/\/tajkertesz.com\/#website","url":"https:\/\/tajkertesz.com\/","name":"T\u00e1j-Kert\u00e9sz 84 Kft.","description":"Kert\u00e9szeti kis- \u00e9s nagykeresked\u00e9s, D\u00edszn\u00f6v\u00e9ny web\u00e1ruh\u00e1z orsz\u00e1gos h\u00e1zhozsz\u00e1ll\u00edt\u00e1ssal!","publisher":{"@id":"https:\/\/tajkertesz.com\/#organization"},"potentialAction":[{"@type":"SearchAction","target":{"@type":"EntryPoint","urlTemplate":"https:\/\/tajkertesz.com\/?s={search_term_string}"},"query-input":{"@type":"PropertyValueSpecification","valueRequired":true,"valueName":"search_term_string"}}],"inLanguage":"en-US"},{"@type":"Organization","@id":"https:\/\/tajkertesz.com\/#organization","name":"T\u00e1j-Kert\u00e9sz 84 Kft.","url":"https:\/\/tajkertesz.com\/","logo":{"@type":"ImageObject","inLanguage":"en-US","@id":"https:\/\/tajkertesz.com\/#\/schema\/logo\/image\/","url":"https:\/\/tajkertesz.com\/wp-content\/uploads\/2018\/02\/logo-2-e1518678052539.png","contentUrl":"https:\/\/tajkertesz.com\/wp-content\/uploads\/2018\/02\/logo-2-e1518678052539.png","width":81,"height":140,"caption":"T\u00e1j-Kert\u00e9sz 84 Kft."},"image":{"@id":"https:\/\/tajkertesz.com\/#\/schema\/logo\/image\/"},"sameAs":["https:\/\/www.facebook.com\/Tajkertesz\/"]}]}},"_links":{"self":[{"href":"https:\/\/tajkertesz.com\/en_US\/wp-json\/wp\/v2\/product\/1748","targetHints":{"allow":["GET"]}}],"collection":[{"href":"https:\/\/tajkertesz.com\/en_US\/wp-json\/wp\/v2\/product"}],"about":[{"href":"https:\/\/tajkertesz.com\/en_US\/wp-json\/wp\/v2\/types\/product"}],"wp:featuredmedia":[{"embeddable":true,"href":"https:\/\/tajkertesz.com\/en_US\/wp-json\/wp\/v2\/media\/1746"}],"wp:attachment":[{"href":"https:\/\/tajkertesz.com\/en_US\/wp-json\/wp\/v2\/media?parent=1748"}],"wp:term":[{"taxonomy":"product_brand","embeddable":true,"href":"https:\/\/tajkertesz.com\/en_US\/wp-json\/wp\/v2\/product_brand?post=1748"},{"taxonomy":"product_cat","embeddable":true,"href":"https:\/\/tajkertesz.com\/en_US\/wp-json\/wp\/v2\/product_cat?post=1748"},{"taxonomy":"product_tag","embeddable":true,"href":"https:\/\/tajkertesz.com\/en_US\/wp-json\/wp\/v2\/product_tag?post=1748"}],"curies":[{"name":"wp","href":"https:\/\/api.w.org\/{rel}","templated":true}]}}