{"id":17538,"date":"2023-11-03T12:23:28","date_gmt":"2023-11-03T12:23:28","guid":{"rendered":"https:\/\/tajkertesz.com\/?post_type=product&#038;p=17538"},"modified":"2023-11-03T12:23:42","modified_gmt":"2023-11-03T12:23:42","slug":"gyokerkefe-talkefe","status":"publish","type":"product","link":"https:\/\/tajkertesz.com\/en_US\/product\/gyokerkefe-talkefe\/","title":{"rendered":"Gy\u00f6k\u00e9rkefe\/t\u00e1lkefe"},"content":{"rendered":"<p>Gy\u00f6k\u00e9rkefe\/t\u00e1lkefe<\/p>\n<div id=\"artdet__short-descrition\" class=\"artdet__short-descripton mb-4\">\n<div class=\"read-more is-processed\">\n<div class=\"read-more__content artdet__short-descripton-content text-justify\">\n<p>Klasszikus s\u00farol\u00f3kefe 100% term\u00e9szetes anyagokb\u00f3l.<\/p>\n<p>Tart\u00f3s haszn\u00e1lati term\u00e9k.<\/p>\n<\/div>\n<\/div>\n<\/div>\n<div id=\"artdet__param-spec\" class=\"mb-5\">\n<div class=\"artdet__spec-params artdet__spec-params--2 row gutters-10 mb-3\">\n<div class=\"col-md-6\">\n<div id=\"page_artdet_product_param_spec_2293060\" class=\"artdet__spec-param py-2 product_param_type_text\">\n<div class=\"row gutters-10 align-items-center\">\n<div class=\"col-5\">\n<div class=\"artdet__spec-param-title\"><span class=\"param-name\">Sz\u00e1rmaz\u00e1s<\/span>: Magyarorsz\u00e1g<\/div>\n<\/div>\n<\/div>\n<\/div>\n<\/div>\n<\/div>\n<\/div>\n<p>Kisipari magyar term\u00e9k.<\/p>\n<p>Kisebb reped\u00e9sek a fa term\u00e9szetes tulajdons\u00e1gai miatt\u00a0m\u00e9g ezek figyelembev\u00e9tel\u00e9vel is el\u0151fordulhatnak, azonban az ink\u00e1bb csak eszt\u00e9tikai jelens\u00e9g, a haszn\u00e1lat\u00e1t nem befoly\u00e1solja.<\/p>","protected":false},"excerpt":{"rendered":"<p>Gy\u00f6k\u00e9rkefe\/t\u00e1lkefe<\/p>\n<div id=\"artdet__short-descrition\" class=\"artdet__short-descripton mb-4\">\n<div class=\"read-more is-processed\">\n<div class=\"read-more__content artdet__short-descripton-content text-justify\">\n<p>Klasszikus s\u00farol\u00f3kefe 100% term\u00e9szetes anyagokb\u00f3l.<\/p>\n<p>Tart\u00f3s haszn\u00e1lati term\u00e9k. F\u00e1b\u00f3l \u00e9s n\u00f6v\u00e9nyi rostokb\u00f3l.<\/p>\n<\/div>\n<\/div>\n<\/div>\n<div id=\"artdet__param-spec\" class=\"mb-5\">\n<div class=\"artdet__spec-params artdet__spec-params--2 row gutters-10 mb-3\">\n<div class=\"col-md-6\">\n<div id=\"page_artdet_product_param_spec_2293060\" class=\"artdet__spec-param py-2 product_param_type_text\">\n<div class=\"row gutters-10 align-items-center\">\n<div class=\"col-5\">\n<div class=\"artdet__spec-param-title\"><span class=\"param-name\">Sz\u00e1rmaz\u00e1s<\/span>: Magyarorsz\u00e1g<\/div>\n<div>\n<div id=\"bodyContent\" class=\"mw-body-content\">\n<div id=\"mw-content-text\" class=\"mw-content-ltr\" dir=\"ltr\" lang=\"hu\">\n<div id=\"bodyContent\" class=\"mw-body-content\">\n<div id=\"mw-content-text\" class=\"mw-content-ltr\" dir=\"ltr\" lang=\"hu\">\n<p><b>K\u00e9szlet\u00fcnk napi szinten v\u00e1ltozik, ez\u00e9rt k\u00e9rj\u00fck, \u00e9rdekl\u0151dj\u00f6n szem\u00e9lyesen, telefonon vagy email-en.<\/b><\/p>\n<p>Term\u00e9keinket szem\u00e9lyesen is \u00e1tveheti a h\u00e9t minden napj\u00e1n nyitvatart\u00e1si id\u0151ben!<\/p>\n<p>Kisz\u00e1ll\u00edt\u00e1s: 200 cm \u00e9s 40 kg-ig a sz\u00e1ll\u00edt\u00e1s fut\u00e1rszolg\u00e1lattal t\u00f6rt\u00e9nik.<\/p>\n<\/div>\n<\/div>\n<\/div>\n<\/div>\n<p><b>A v\u00e1ltoztat\u00e1s jog\u00e1t fenntartjuk!\u00a0<\/b><\/p>\n<\/div>\n<\/div>\n<\/div>\n<\/div>\n<\/div>\n<\/div>\n<\/div>","protected":false},"featured_media":17539,"template":"","meta":{"_et_pb_use_builder":"","_et_pb_old_content":"","_et_gb_content_width":""},"product_brand":[],"product_cat":[2065],"product_tag":[4436,4435],"class_list":{"0":"post-17538","1":"product","2":"type-product","3":"status-publish","4":"has-post-thumbnail","6":"product_cat-szerszamok-csavarhuzok-blankolok-meroszalagok-stb","7":"product_tag-gyokerkefe","8":"product_tag-kefe","10":"first","11":"instock","12":"shipping-taxable","13":"purchasable","14":"product-type-simple"},"yoast_head":"<!-- This site is optimized with the Yoast SEO plugin v27.5 - https:\/\/yoast.com\/product\/yoast-seo-wordpress\/ -->\n<title>Gy\u00f6k\u00e9rkefe\/t\u00e1lkefe - T\u00e1jkert\u00e9sz<\/title>\n<meta name=\"description\" content=\"Gy\u00f6k\u00e9rkefe\/t\u00e1lkefe\" \/>\n<meta name=\"robots\" content=\"index, follow, max-snippet:-1, max-image-preview:large, max-video-preview:-1\" \/>\n<link rel=\"canonical\" href=\"https:\/\/tajkertesz.com\/en_US\/product\/gyokerkefe-talkefe\/\" \/>\n<meta property=\"og:locale\" content=\"en_US\" \/>\n<meta property=\"og:type\" content=\"article\" \/>\n<meta property=\"og:title\" content=\"Gy\u00f6k\u00e9rkefe\/t\u00e1lkefe - T\u00e1jkert\u00e9sz\" \/>\n<meta property=\"og:description\" content=\"Gy\u00f6k\u00e9rkefe\/t\u00e1lkefe\" \/>\n<meta property=\"og:url\" content=\"https:\/\/tajkertesz.com\/en_US\/product\/gyokerkefe-talkefe\/\" \/>\n<meta property=\"og:site_name\" content=\"T\u00e1jkert\u00e9sz\" \/>\n<meta property=\"article:publisher\" content=\"https:\/\/www.facebook.com\/Tajkertesz\/\" \/>\n<meta property=\"article:modified_time\" content=\"2023-11-03T12:23:42+00:00\" \/>\n<meta property=\"og:image\" content=\"https:\/\/tajkertesz.com\/wp-content\/uploads\/2023\/11\/20231103_130008-1.jpg\" \/>\n\t<meta property=\"og:image:width\" content=\"1212\" \/>\n\t<meta property=\"og:image:height\" content=\"2084\" \/>\n\t<meta property=\"og:image:type\" content=\"image\/jpeg\" \/>\n<meta name=\"twitter:card\" content=\"summary_large_image\" \/>\n<meta name=\"twitter:label1\" content=\"Est. reading time\" \/>\n\t<meta name=\"twitter:data1\" content=\"1 minute\" \/>\n<script type=\"application\/ld+json\" class=\"yoast-schema-graph\">{\"@context\":\"https:\\\/\\\/schema.org\",\"@graph\":[{\"@type\":\"WebPage\",\"@id\":\"https:\\\/\\\/tajkertesz.com\\\/termek\\\/gyokerkefe-talkefe\\\/\",\"url\":\"https:\\\/\\\/tajkertesz.com\\\/termek\\\/gyokerkefe-talkefe\\\/\",\"name\":\"Gy\u00f6k\u00e9rkefe\\\/t\u00e1lkefe - T\u00e1jkert\u00e9sz\",\"isPartOf\":{\"@id\":\"https:\\\/\\\/tajkertesz.com\\\/#website\"},\"primaryImageOfPage\":{\"@id\":\"https:\\\/\\\/tajkertesz.com\\\/termek\\\/gyokerkefe-talkefe\\\/#primaryimage\"},\"image\":{\"@id\":\"https:\\\/\\\/tajkertesz.com\\\/termek\\\/gyokerkefe-talkefe\\\/#primaryimage\"},\"thumbnailUrl\":\"https:\\\/\\\/tajkertesz.com\\\/wp-content\\\/uploads\\\/2023\\\/11\\\/20231103_130008-1.jpg\",\"datePublished\":\"2023-11-03T12:23:28+00:00\",\"dateModified\":\"2023-11-03T12:23:42+00:00\",\"description\":\"Gy\u00f6k\u00e9rkefe\\\/t\u00e1lkefe\",\"breadcrumb\":{\"@id\":\"https:\\\/\\\/tajkertesz.com\\\/termek\\\/gyokerkefe-talkefe\\\/#breadcrumb\"},\"inLanguage\":\"en-US\",\"potentialAction\":[{\"@type\":\"ReadAction\",\"target\":[\"https:\\\/\\\/tajkertesz.com\\\/termek\\\/gyokerkefe-talkefe\\\/\"]}]},{\"@type\":\"ImageObject\",\"inLanguage\":\"en-US\",\"@id\":\"https:\\\/\\\/tajkertesz.com\\\/termek\\\/gyokerkefe-talkefe\\\/#primaryimage\",\"url\":\"https:\\\/\\\/tajkertesz.com\\\/wp-content\\\/uploads\\\/2023\\\/11\\\/20231103_130008-1.jpg\",\"contentUrl\":\"https:\\\/\\\/tajkertesz.com\\\/wp-content\\\/uploads\\\/2023\\\/11\\\/20231103_130008-1.jpg\",\"width\":1212,\"height\":2084},{\"@type\":\"BreadcrumbList\",\"@id\":\"https:\\\/\\\/tajkertesz.com\\\/termek\\\/gyokerkefe-talkefe\\\/#breadcrumb\",\"itemListElement\":[{\"@type\":\"ListItem\",\"position\":1,\"name\":\"Home\",\"item\":\"https:\\\/\\\/tajkertesz.com\\\/\"},{\"@type\":\"ListItem\",\"position\":2,\"name\":\"Kezd\u0151lap\",\"item\":\"https:\\\/\\\/tajkertesz.com\\\/\"},{\"@type\":\"ListItem\",\"position\":3,\"name\":\"Gy\u00f6k\u00e9rkefe\\\/t\u00e1lkefe\"}]},{\"@type\":\"WebSite\",\"@id\":\"https:\\\/\\\/tajkertesz.com\\\/#website\",\"url\":\"https:\\\/\\\/tajkertesz.com\\\/\",\"name\":\"T\u00e1j-Kert\u00e9sz 84 Kft.\",\"description\":\"Kert\u00e9szeti kis- \u00e9s nagykeresked\u00e9s, D\u00edszn\u00f6v\u00e9ny web\u00e1ruh\u00e1z orsz\u00e1gos h\u00e1zhozsz\u00e1ll\u00edt\u00e1ssal!\",\"publisher\":{\"@id\":\"https:\\\/\\\/tajkertesz.com\\\/#organization\"},\"potentialAction\":[{\"@type\":\"SearchAction\",\"target\":{\"@type\":\"EntryPoint\",\"urlTemplate\":\"https:\\\/\\\/tajkertesz.com\\\/?s={search_term_string}\"},\"query-input\":{\"@type\":\"PropertyValueSpecification\",\"valueRequired\":true,\"valueName\":\"search_term_string\"}}],\"inLanguage\":\"en-US\"},{\"@type\":\"Organization\",\"@id\":\"https:\\\/\\\/tajkertesz.com\\\/#organization\",\"name\":\"T\u00e1j-Kert\u00e9sz 84 Kft.\",\"url\":\"https:\\\/\\\/tajkertesz.com\\\/\",\"logo\":{\"@type\":\"ImageObject\",\"inLanguage\":\"en-US\",\"@id\":\"https:\\\/\\\/tajkertesz.com\\\/#\\\/schema\\\/logo\\\/image\\\/\",\"url\":\"https:\\\/\\\/tajkertesz.com\\\/wp-content\\\/uploads\\\/2018\\\/02\\\/logo-2-e1518678052539.png\",\"contentUrl\":\"https:\\\/\\\/tajkertesz.com\\\/wp-content\\\/uploads\\\/2018\\\/02\\\/logo-2-e1518678052539.png\",\"width\":81,\"height\":140,\"caption\":\"T\u00e1j-Kert\u00e9sz 84 Kft.\"},\"image\":{\"@id\":\"https:\\\/\\\/tajkertesz.com\\\/#\\\/schema\\\/logo\\\/image\\\/\"},\"sameAs\":[\"https:\\\/\\\/www.facebook.com\\\/Tajkertesz\\\/\"]}]}<\/script>\n<!-- \/ Yoast SEO plugin. -->","yoast_head_json":{"title":"Gy\u00f6k\u00e9rkefe\/t\u00e1lkefe - T\u00e1jkert\u00e9sz","description":"Gy\u00f6k\u00e9rkefe\/t\u00e1lkefe","robots":{"index":"index","follow":"follow","max-snippet":"max-snippet:-1","max-image-preview":"max-image-preview:large","max-video-preview":"max-video-preview:-1"},"canonical":"https:\/\/tajkertesz.com\/en_US\/product\/gyokerkefe-talkefe\/","og_locale":"en_US","og_type":"article","og_title":"Gy\u00f6k\u00e9rkefe\/t\u00e1lkefe - T\u00e1jkert\u00e9sz","og_description":"Gy\u00f6k\u00e9rkefe\/t\u00e1lkefe","og_url":"https:\/\/tajkertesz.com\/en_US\/product\/gyokerkefe-talkefe\/","og_site_name":"T\u00e1jkert\u00e9sz","article_publisher":"https:\/\/www.facebook.com\/Tajkertesz\/","article_modified_time":"2023-11-03T12:23:42+00:00","og_image":[{"width":1212,"height":2084,"url":"https:\/\/tajkertesz.com\/wp-content\/uploads\/2023\/11\/20231103_130008-1.jpg","type":"image\/jpeg"}],"twitter_card":"summary_large_image","twitter_misc":{"Est. reading time":"1 minute"},"schema":{"@context":"https:\/\/schema.org","@graph":[{"@type":"WebPage","@id":"https:\/\/tajkertesz.com\/termek\/gyokerkefe-talkefe\/","url":"https:\/\/tajkertesz.com\/termek\/gyokerkefe-talkefe\/","name":"Gy\u00f6k\u00e9rkefe\/t\u00e1lkefe - T\u00e1jkert\u00e9sz","isPartOf":{"@id":"https:\/\/tajkertesz.com\/#website"},"primaryImageOfPage":{"@id":"https:\/\/tajkertesz.com\/termek\/gyokerkefe-talkefe\/#primaryimage"},"image":{"@id":"https:\/\/tajkertesz.com\/termek\/gyokerkefe-talkefe\/#primaryimage"},"thumbnailUrl":"https:\/\/tajkertesz.com\/wp-content\/uploads\/2023\/11\/20231103_130008-1.jpg","datePublished":"2023-11-03T12:23:28+00:00","dateModified":"2023-11-03T12:23:42+00:00","description":"Gy\u00f6k\u00e9rkefe\/t\u00e1lkefe","breadcrumb":{"@id":"https:\/\/tajkertesz.com\/termek\/gyokerkefe-talkefe\/#breadcrumb"},"inLanguage":"en-US","potentialAction":[{"@type":"ReadAction","target":["https:\/\/tajkertesz.com\/termek\/gyokerkefe-talkefe\/"]}]},{"@type":"ImageObject","inLanguage":"en-US","@id":"https:\/\/tajkertesz.com\/termek\/gyokerkefe-talkefe\/#primaryimage","url":"https:\/\/tajkertesz.com\/wp-content\/uploads\/2023\/11\/20231103_130008-1.jpg","contentUrl":"https:\/\/tajkertesz.com\/wp-content\/uploads\/2023\/11\/20231103_130008-1.jpg","width":1212,"height":2084},{"@type":"BreadcrumbList","@id":"https:\/\/tajkertesz.com\/termek\/gyokerkefe-talkefe\/#breadcrumb","itemListElement":[{"@type":"ListItem","position":1,"name":"Home","item":"https:\/\/tajkertesz.com\/"},{"@type":"ListItem","position":2,"name":"Kezd\u0151lap","item":"https:\/\/tajkertesz.com\/"},{"@type":"ListItem","position":3,"name":"Gy\u00f6k\u00e9rkefe\/t\u00e1lkefe"}]},{"@type":"WebSite","@id":"https:\/\/tajkertesz.com\/#website","url":"https:\/\/tajkertesz.com\/","name":"T\u00e1j-Kert\u00e9sz 84 Kft.","description":"Kert\u00e9szeti kis- \u00e9s nagykeresked\u00e9s, D\u00edszn\u00f6v\u00e9ny web\u00e1ruh\u00e1z orsz\u00e1gos h\u00e1zhozsz\u00e1ll\u00edt\u00e1ssal!","publisher":{"@id":"https:\/\/tajkertesz.com\/#organization"},"potentialAction":[{"@type":"SearchAction","target":{"@type":"EntryPoint","urlTemplate":"https:\/\/tajkertesz.com\/?s={search_term_string}"},"query-input":{"@type":"PropertyValueSpecification","valueRequired":true,"valueName":"search_term_string"}}],"inLanguage":"en-US"},{"@type":"Organization","@id":"https:\/\/tajkertesz.com\/#organization","name":"T\u00e1j-Kert\u00e9sz 84 Kft.","url":"https:\/\/tajkertesz.com\/","logo":{"@type":"ImageObject","inLanguage":"en-US","@id":"https:\/\/tajkertesz.com\/#\/schema\/logo\/image\/","url":"https:\/\/tajkertesz.com\/wp-content\/uploads\/2018\/02\/logo-2-e1518678052539.png","contentUrl":"https:\/\/tajkertesz.com\/wp-content\/uploads\/2018\/02\/logo-2-e1518678052539.png","width":81,"height":140,"caption":"T\u00e1j-Kert\u00e9sz 84 Kft."},"image":{"@id":"https:\/\/tajkertesz.com\/#\/schema\/logo\/image\/"},"sameAs":["https:\/\/www.facebook.com\/Tajkertesz\/"]}]}},"_links":{"self":[{"href":"https:\/\/tajkertesz.com\/en_US\/wp-json\/wp\/v2\/product\/17538","targetHints":{"allow":["GET"]}}],"collection":[{"href":"https:\/\/tajkertesz.com\/en_US\/wp-json\/wp\/v2\/product"}],"about":[{"href":"https:\/\/tajkertesz.com\/en_US\/wp-json\/wp\/v2\/types\/product"}],"wp:featuredmedia":[{"embeddable":true,"href":"https:\/\/tajkertesz.com\/en_US\/wp-json\/wp\/v2\/media\/17539"}],"wp:attachment":[{"href":"https:\/\/tajkertesz.com\/en_US\/wp-json\/wp\/v2\/media?parent=17538"}],"wp:term":[{"taxonomy":"product_brand","embeddable":true,"href":"https:\/\/tajkertesz.com\/en_US\/wp-json\/wp\/v2\/product_brand?post=17538"},{"taxonomy":"product_cat","embeddable":true,"href":"https:\/\/tajkertesz.com\/en_US\/wp-json\/wp\/v2\/product_cat?post=17538"},{"taxonomy":"product_tag","embeddable":true,"href":"https:\/\/tajkertesz.com\/en_US\/wp-json\/wp\/v2\/product_tag?post=17538"}],"curies":[{"name":"wp","href":"https:\/\/api.w.org\/{rel}","templated":true}]}}