{"id":17544,"date":"2023-11-03T13:15:51","date_gmt":"2023-11-03T13:15:51","guid":{"rendered":"https:\/\/tajkertesz.com\/?post_type=product&#038;p=17544"},"modified":"2026-02-13T14:51:03","modified_gmt":"2026-02-13T14:51:03","slug":"ragasztopisztoly-betet","status":"publish","type":"product","link":"https:\/\/tajkertesz.com\/en_US\/product\/ragasztopisztoly-betet\/","title":{"rendered":"Ragaszt\u00f3pisztoly bet\u00e9t 24-300-2"},"content":{"rendered":"<h2>Ragaszt\u00f3pisztoly bet\u00e9t 24-300-2<\/h2>\n<p>Ragaszt\u00f3pisztoly bet\u00e9t 24-300-2<\/p>\n<p>M\u00e9rete: 20cm hossz\u00fa 11,2mm \u00e1tm\u00e9r\u0151vel<\/p>\n<p>Legyen sz\u00f3 ak\u00e1rmilyen kreat\u00edv dekor\u00e1ci\u00f3s alkot\u00e1sr\u00f3l, a k\u00fcl\u00f6nb\u00f6z\u0151 elemek<br \/>\n\u00f6sszeilleszt\u00e9s\u00e9re az egyik leghat\u00e1sosabb m\u00f3dszer a ragaszt\u00f3pisztoly haszn\u00e1lata.<\/p>\n<p><strong>ER\u0150S<\/strong>\u00a0\u2013 A ragaszt\u00f3rudak nagy el\u0151nye a tapad\u00e1si szil\u00e1rds\u00e1g, amely a munk\u00e1t hat\u00e9konyabb\u00e1 teszi, f\u00fcggetlen\u00fcl a ragasztott fel\u00fclet t\u00edpus\u00e1t\u00f3l.<\/p>\n<p><strong>UNIVERZ\u00c1LIS<\/strong> \u2013 a 11,2 mm \u00e1tm\u00e9r\u0151j\u0171 ragaszt\u00f3 r\u00fad apr\u00f3 jav\u00edt\u00e1sok eset\u00e9n j\u00f3l fog m\u0171k\u00f6dni, r\u00e1ad\u00e1sul k\u00e9zm\u0171vesked\u00e9sre is haszn\u00e1lhat\u00f3. Hasznos lesz k\u00fcl\u00f6nf\u00e9le anyagok ragaszt\u00e1s\u00e1ra, bele\u00e9rtve, de nem kiz\u00e1r\u00f3lag, a filcet, sz\u00f6veteket, pap\u00edrt, d\u00edsz\u00edt\u0151 elemeket stb.<\/p>\n<p><strong>HAT\u00c9KONY<\/strong>\u00a0\u2013 a forr\u00f3 ragaszt\u00f3 nagyon hat\u00e9kony, ami azt jelenti, hogy m\u00e9g egy kis mennyis\u00e9g is elegend\u0151 ahhoz, hogy mindenf\u00e9le dolgot j\u00f3l ragasszon. S\u0151t, az ilyen ragaszt\u00f3 nagyon gyorsan megkem\u00e9nyedik, ami nagyban megk\u00f6nny\u00edti a munk\u00e1t.<\/p>\n<p>Alkalmaz\u00e1sa intuit\u00edv \u00e9s szinte b\u00e1rmilyen fel\u00fcleten azonnal megtapad.<\/p>\n<p><b>Ragaszt\u00f3pisztoly bet\u00e9t, ragaszt\u00f3 stick, r\u00fad 11,2x200mm, \u00e1tl\u00e1tsz\u00f3<\/b><\/p>\n<p><a href=\"https:\/\/www.facebook.com\/tajkertesz\/\">Facebook<\/a><\/p>\n<p><b>K\u00e9szlet\u00fcnk napi szinten v\u00e1ltozik, ez\u00e9rt k\u00e9rj\u00fck, \u00e9rdekl\u0151dj\u00f6n szem\u00e9lyesen, telefonon vagy email-en.<br \/>\nA v\u00e1ltoztat\u00e1s jog\u00e1t fenntartjuk!\u00a0<\/b><\/p>\n<p><a href=\"https:\/\/tajkertesz.com\/\">https:\/\/tajkertesz.com\/<\/a><\/p>\n<p>&nbsp;<\/p>","protected":false},"excerpt":{"rendered":"<p><b>K\u00e9szlet\u00fcnk napi szinten v\u00e1ltozik, ez\u00e9rt k\u00e9rj\u00fck, \u00e9rdekl\u0151dj\u00f6n szem\u00e9lyesen, telefonon vagy email-en.<\/b><\/p>\n<div id=\"bodyContent\" class=\"mw-body-content\">\n<div id=\"mw-content-text\" class=\"mw-content-ltr\" dir=\"ltr\" lang=\"hu\">\n<div id=\"bodyContent\" class=\"mw-body-content\">\n<div id=\"mw-content-text\" class=\"mw-content-ltr\" dir=\"ltr\" lang=\"hu\">\n<p>Term\u00e9keinket szem\u00e9lyesen is \u00e1tveheti a h\u00e9t minden napj\u00e1n nyitvatart\u00e1si id\u0151ben!<\/p>\n<p>Kisz\u00e1ll\u00edt\u00e1s: 200 cm \u00e9s 40 kg-ig a sz\u00e1ll\u00edt\u00e1s fut\u00e1rszolg\u00e1lattal t\u00f6rt\u00e9nik.<\/p>\n<\/div>\n<\/div>\n<\/div>\n<\/div>\n<p><b>A v\u00e1ltoztat\u00e1s jog\u00e1t fenntartjuk!\u00a0<\/b><\/p>","protected":false},"featured_media":17553,"template":"","meta":{"_et_pb_use_builder":"","_et_pb_old_content":"","_et_gb_content_width":""},"product_brand":[],"product_cat":[4477],"product_tag":[5448,4438,5449,4437],"class_list":{"0":"post-17544","1":"product","2":"type-product","3":"status-publish","4":"has-post-thumbnail","6":"product_cat-adventi-koszoruk","7":"product_tag-ragaszto","8":"product_tag-ragaszto-betet","9":"product_tag-ragaszto-rud","10":"product_tag-ragasztopisztoly","12":"first","13":"instock","14":"shipping-taxable","15":"purchasable","16":"product-type-simple"},"yoast_head":"<!-- This site is optimized with the Yoast SEO plugin v27.5 - https:\/\/yoast.com\/product\/yoast-seo-wordpress\/ -->\n<title>Ragaszt\u00f3pisztoly bet\u00e9t 24-300-2 - T\u00e1jkert\u00e9sz<\/title>\n<meta name=\"description\" content=\"Ragaszt\u00f3pisztoly bet\u00e9t, ragaszt\u00f3 stick, r\u00fad 11,2x200mm, \u00e1tl\u00e1tsz\u00f3. Alkalmaz\u00e1sa intuit\u00edv \u00e9s szinte b\u00e1rmilyen fel\u00fcleten azonnal megtapad.\" \/>\n<meta name=\"robots\" content=\"index, follow, max-snippet:-1, max-image-preview:large, max-video-preview:-1\" \/>\n<link rel=\"canonical\" href=\"https:\/\/tajkertesz.com\/en_US\/product\/ragasztopisztoly-betet\/\" \/>\n<meta property=\"og:locale\" content=\"en_US\" \/>\n<meta property=\"og:type\" content=\"article\" \/>\n<meta property=\"og:title\" content=\"Ragaszt\u00f3pisztoly bet\u00e9t 24-300-2 - T\u00e1jkert\u00e9sz\" \/>\n<meta property=\"og:description\" content=\"Ragaszt\u00f3pisztoly bet\u00e9t, ragaszt\u00f3 stick, r\u00fad 11,2x200mm, \u00e1tl\u00e1tsz\u00f3. Alkalmaz\u00e1sa intuit\u00edv \u00e9s szinte b\u00e1rmilyen fel\u00fcleten azonnal megtapad.\" \/>\n<meta property=\"og:url\" content=\"https:\/\/tajkertesz.com\/en_US\/product\/ragasztopisztoly-betet\/\" \/>\n<meta property=\"og:site_name\" content=\"T\u00e1jkert\u00e9sz\" \/>\n<meta property=\"article:publisher\" content=\"https:\/\/www.facebook.com\/Tajkertesz\/\" \/>\n<meta property=\"article:modified_time\" content=\"2026-02-13T14:51:03+00:00\" \/>\n<meta property=\"og:image\" content=\"https:\/\/tajkertesz.com\/wp-content\/uploads\/2023\/11\/20231103_130051-1-scaled.jpg\" \/>\n\t<meta property=\"og:image:width\" content=\"2396\" \/>\n\t<meta property=\"og:image:height\" content=\"1080\" \/>\n\t<meta property=\"og:image:type\" content=\"image\/jpeg\" \/>\n<meta name=\"twitter:card\" content=\"summary_large_image\" \/>\n<meta name=\"twitter:label1\" content=\"Est. reading time\" \/>\n\t<meta name=\"twitter:data1\" content=\"1 minute\" \/>\n<script type=\"application\/ld+json\" class=\"yoast-schema-graph\">{\"@context\":\"https:\\\/\\\/schema.org\",\"@graph\":[{\"@type\":\"WebPage\",\"@id\":\"https:\\\/\\\/tajkertesz.com\\\/termek\\\/ragasztopisztoly-betet\\\/\",\"url\":\"https:\\\/\\\/tajkertesz.com\\\/termek\\\/ragasztopisztoly-betet\\\/\",\"name\":\"Ragaszt\u00f3pisztoly bet\u00e9t 24-300-2 - T\u00e1jkert\u00e9sz\",\"isPartOf\":{\"@id\":\"https:\\\/\\\/tajkertesz.com\\\/#website\"},\"primaryImageOfPage\":{\"@id\":\"https:\\\/\\\/tajkertesz.com\\\/termek\\\/ragasztopisztoly-betet\\\/#primaryimage\"},\"image\":{\"@id\":\"https:\\\/\\\/tajkertesz.com\\\/termek\\\/ragasztopisztoly-betet\\\/#primaryimage\"},\"thumbnailUrl\":\"https:\\\/\\\/tajkertesz.com\\\/wp-content\\\/uploads\\\/2023\\\/11\\\/20231103_130051-1-scaled.jpg\",\"datePublished\":\"2023-11-03T13:15:51+00:00\",\"dateModified\":\"2026-02-13T14:51:03+00:00\",\"description\":\"Ragaszt\u00f3pisztoly bet\u00e9t, ragaszt\u00f3 stick, r\u00fad 11,2x200mm, \u00e1tl\u00e1tsz\u00f3. Alkalmaz\u00e1sa intuit\u00edv \u00e9s szinte b\u00e1rmilyen fel\u00fcleten azonnal megtapad.\",\"breadcrumb\":{\"@id\":\"https:\\\/\\\/tajkertesz.com\\\/termek\\\/ragasztopisztoly-betet\\\/#breadcrumb\"},\"inLanguage\":\"en-US\",\"potentialAction\":[{\"@type\":\"ReadAction\",\"target\":[\"https:\\\/\\\/tajkertesz.com\\\/termek\\\/ragasztopisztoly-betet\\\/\"]}]},{\"@type\":\"ImageObject\",\"inLanguage\":\"en-US\",\"@id\":\"https:\\\/\\\/tajkertesz.com\\\/termek\\\/ragasztopisztoly-betet\\\/#primaryimage\",\"url\":\"https:\\\/\\\/tajkertesz.com\\\/wp-content\\\/uploads\\\/2023\\\/11\\\/20231103_130051-1-scaled.jpg\",\"contentUrl\":\"https:\\\/\\\/tajkertesz.com\\\/wp-content\\\/uploads\\\/2023\\\/11\\\/20231103_130051-1-scaled.jpg\",\"width\":2396,\"height\":1080,\"caption\":\"Ragaszt\u00f3pisztoly bet\u00e9t 24-300-2\"},{\"@type\":\"BreadcrumbList\",\"@id\":\"https:\\\/\\\/tajkertesz.com\\\/termek\\\/ragasztopisztoly-betet\\\/#breadcrumb\",\"itemListElement\":[{\"@type\":\"ListItem\",\"position\":1,\"name\":\"Home\",\"item\":\"https:\\\/\\\/tajkertesz.com\\\/\"},{\"@type\":\"ListItem\",\"position\":2,\"name\":\"Kezd\u0151lap\",\"item\":\"https:\\\/\\\/tajkertesz.com\\\/\"},{\"@type\":\"ListItem\",\"position\":3,\"name\":\"Ragaszt\u00f3pisztoly bet\u00e9t 24-300-2\"}]},{\"@type\":\"WebSite\",\"@id\":\"https:\\\/\\\/tajkertesz.com\\\/#website\",\"url\":\"https:\\\/\\\/tajkertesz.com\\\/\",\"name\":\"T\u00e1j-Kert\u00e9sz 84 Kft.\",\"description\":\"Kert\u00e9szeti kis- \u00e9s nagykeresked\u00e9s, D\u00edszn\u00f6v\u00e9ny web\u00e1ruh\u00e1z orsz\u00e1gos h\u00e1zhozsz\u00e1ll\u00edt\u00e1ssal!\",\"publisher\":{\"@id\":\"https:\\\/\\\/tajkertesz.com\\\/#organization\"},\"potentialAction\":[{\"@type\":\"SearchAction\",\"target\":{\"@type\":\"EntryPoint\",\"urlTemplate\":\"https:\\\/\\\/tajkertesz.com\\\/?s={search_term_string}\"},\"query-input\":{\"@type\":\"PropertyValueSpecification\",\"valueRequired\":true,\"valueName\":\"search_term_string\"}}],\"inLanguage\":\"en-US\"},{\"@type\":\"Organization\",\"@id\":\"https:\\\/\\\/tajkertesz.com\\\/#organization\",\"name\":\"T\u00e1j-Kert\u00e9sz 84 Kft.\",\"url\":\"https:\\\/\\\/tajkertesz.com\\\/\",\"logo\":{\"@type\":\"ImageObject\",\"inLanguage\":\"en-US\",\"@id\":\"https:\\\/\\\/tajkertesz.com\\\/#\\\/schema\\\/logo\\\/image\\\/\",\"url\":\"https:\\\/\\\/tajkertesz.com\\\/wp-content\\\/uploads\\\/2018\\\/02\\\/logo-2-e1518678052539.png\",\"contentUrl\":\"https:\\\/\\\/tajkertesz.com\\\/wp-content\\\/uploads\\\/2018\\\/02\\\/logo-2-e1518678052539.png\",\"width\":81,\"height\":140,\"caption\":\"T\u00e1j-Kert\u00e9sz 84 Kft.\"},\"image\":{\"@id\":\"https:\\\/\\\/tajkertesz.com\\\/#\\\/schema\\\/logo\\\/image\\\/\"},\"sameAs\":[\"https:\\\/\\\/www.facebook.com\\\/Tajkertesz\\\/\"]}]}<\/script>\n<!-- \/ Yoast SEO plugin. -->","yoast_head_json":{"title":"Ragaszt\u00f3pisztoly bet\u00e9t 24-300-2 - T\u00e1jkert\u00e9sz","description":"Ragaszt\u00f3pisztoly bet\u00e9t, ragaszt\u00f3 stick, r\u00fad 11,2x200mm, \u00e1tl\u00e1tsz\u00f3. Alkalmaz\u00e1sa intuit\u00edv \u00e9s szinte b\u00e1rmilyen fel\u00fcleten azonnal megtapad.","robots":{"index":"index","follow":"follow","max-snippet":"max-snippet:-1","max-image-preview":"max-image-preview:large","max-video-preview":"max-video-preview:-1"},"canonical":"https:\/\/tajkertesz.com\/en_US\/product\/ragasztopisztoly-betet\/","og_locale":"en_US","og_type":"article","og_title":"Ragaszt\u00f3pisztoly bet\u00e9t 24-300-2 - T\u00e1jkert\u00e9sz","og_description":"Ragaszt\u00f3pisztoly bet\u00e9t, ragaszt\u00f3 stick, r\u00fad 11,2x200mm, \u00e1tl\u00e1tsz\u00f3. Alkalmaz\u00e1sa intuit\u00edv \u00e9s szinte b\u00e1rmilyen fel\u00fcleten azonnal megtapad.","og_url":"https:\/\/tajkertesz.com\/en_US\/product\/ragasztopisztoly-betet\/","og_site_name":"T\u00e1jkert\u00e9sz","article_publisher":"https:\/\/www.facebook.com\/Tajkertesz\/","article_modified_time":"2026-02-13T14:51:03+00:00","og_image":[{"width":2396,"height":1080,"url":"https:\/\/tajkertesz.com\/wp-content\/uploads\/2023\/11\/20231103_130051-1-scaled.jpg","type":"image\/jpeg"}],"twitter_card":"summary_large_image","twitter_misc":{"Est. reading time":"1 minute"},"schema":{"@context":"https:\/\/schema.org","@graph":[{"@type":"WebPage","@id":"https:\/\/tajkertesz.com\/termek\/ragasztopisztoly-betet\/","url":"https:\/\/tajkertesz.com\/termek\/ragasztopisztoly-betet\/","name":"Ragaszt\u00f3pisztoly bet\u00e9t 24-300-2 - T\u00e1jkert\u00e9sz","isPartOf":{"@id":"https:\/\/tajkertesz.com\/#website"},"primaryImageOfPage":{"@id":"https:\/\/tajkertesz.com\/termek\/ragasztopisztoly-betet\/#primaryimage"},"image":{"@id":"https:\/\/tajkertesz.com\/termek\/ragasztopisztoly-betet\/#primaryimage"},"thumbnailUrl":"https:\/\/tajkertesz.com\/wp-content\/uploads\/2023\/11\/20231103_130051-1-scaled.jpg","datePublished":"2023-11-03T13:15:51+00:00","dateModified":"2026-02-13T14:51:03+00:00","description":"Ragaszt\u00f3pisztoly bet\u00e9t, ragaszt\u00f3 stick, r\u00fad 11,2x200mm, \u00e1tl\u00e1tsz\u00f3. Alkalmaz\u00e1sa intuit\u00edv \u00e9s szinte b\u00e1rmilyen fel\u00fcleten azonnal megtapad.","breadcrumb":{"@id":"https:\/\/tajkertesz.com\/termek\/ragasztopisztoly-betet\/#breadcrumb"},"inLanguage":"en-US","potentialAction":[{"@type":"ReadAction","target":["https:\/\/tajkertesz.com\/termek\/ragasztopisztoly-betet\/"]}]},{"@type":"ImageObject","inLanguage":"en-US","@id":"https:\/\/tajkertesz.com\/termek\/ragasztopisztoly-betet\/#primaryimage","url":"https:\/\/tajkertesz.com\/wp-content\/uploads\/2023\/11\/20231103_130051-1-scaled.jpg","contentUrl":"https:\/\/tajkertesz.com\/wp-content\/uploads\/2023\/11\/20231103_130051-1-scaled.jpg","width":2396,"height":1080,"caption":"Ragaszt\u00f3pisztoly bet\u00e9t 24-300-2"},{"@type":"BreadcrumbList","@id":"https:\/\/tajkertesz.com\/termek\/ragasztopisztoly-betet\/#breadcrumb","itemListElement":[{"@type":"ListItem","position":1,"name":"Home","item":"https:\/\/tajkertesz.com\/"},{"@type":"ListItem","position":2,"name":"Kezd\u0151lap","item":"https:\/\/tajkertesz.com\/"},{"@type":"ListItem","position":3,"name":"Ragaszt\u00f3pisztoly bet\u00e9t 24-300-2"}]},{"@type":"WebSite","@id":"https:\/\/tajkertesz.com\/#website","url":"https:\/\/tajkertesz.com\/","name":"T\u00e1j-Kert\u00e9sz 84 Kft.","description":"Kert\u00e9szeti kis- \u00e9s nagykeresked\u00e9s, D\u00edszn\u00f6v\u00e9ny web\u00e1ruh\u00e1z orsz\u00e1gos h\u00e1zhozsz\u00e1ll\u00edt\u00e1ssal!","publisher":{"@id":"https:\/\/tajkertesz.com\/#organization"},"potentialAction":[{"@type":"SearchAction","target":{"@type":"EntryPoint","urlTemplate":"https:\/\/tajkertesz.com\/?s={search_term_string}"},"query-input":{"@type":"PropertyValueSpecification","valueRequired":true,"valueName":"search_term_string"}}],"inLanguage":"en-US"},{"@type":"Organization","@id":"https:\/\/tajkertesz.com\/#organization","name":"T\u00e1j-Kert\u00e9sz 84 Kft.","url":"https:\/\/tajkertesz.com\/","logo":{"@type":"ImageObject","inLanguage":"en-US","@id":"https:\/\/tajkertesz.com\/#\/schema\/logo\/image\/","url":"https:\/\/tajkertesz.com\/wp-content\/uploads\/2018\/02\/logo-2-e1518678052539.png","contentUrl":"https:\/\/tajkertesz.com\/wp-content\/uploads\/2018\/02\/logo-2-e1518678052539.png","width":81,"height":140,"caption":"T\u00e1j-Kert\u00e9sz 84 Kft."},"image":{"@id":"https:\/\/tajkertesz.com\/#\/schema\/logo\/image\/"},"sameAs":["https:\/\/www.facebook.com\/Tajkertesz\/"]}]}},"_links":{"self":[{"href":"https:\/\/tajkertesz.com\/en_US\/wp-json\/wp\/v2\/product\/17544","targetHints":{"allow":["GET"]}}],"collection":[{"href":"https:\/\/tajkertesz.com\/en_US\/wp-json\/wp\/v2\/product"}],"about":[{"href":"https:\/\/tajkertesz.com\/en_US\/wp-json\/wp\/v2\/types\/product"}],"wp:featuredmedia":[{"embeddable":true,"href":"https:\/\/tajkertesz.com\/en_US\/wp-json\/wp\/v2\/media\/17553"}],"wp:attachment":[{"href":"https:\/\/tajkertesz.com\/en_US\/wp-json\/wp\/v2\/media?parent=17544"}],"wp:term":[{"taxonomy":"product_brand","embeddable":true,"href":"https:\/\/tajkertesz.com\/en_US\/wp-json\/wp\/v2\/product_brand?post=17544"},{"taxonomy":"product_cat","embeddable":true,"href":"https:\/\/tajkertesz.com\/en_US\/wp-json\/wp\/v2\/product_cat?post=17544"},{"taxonomy":"product_tag","embeddable":true,"href":"https:\/\/tajkertesz.com\/en_US\/wp-json\/wp\/v2\/product_tag?post=17544"}],"curies":[{"name":"wp","href":"https:\/\/api.w.org\/{rel}","templated":true}]}}