{"id":1768,"date":"2020-04-16T08:07:02","date_gmt":"2020-04-16T08:07:02","guid":{"rendered":"https:\/\/tajkertesz.com\/?post_type=product&#038;p=1768"},"modified":"2025-08-02T07:11:34","modified_gmt":"2025-08-02T07:11:34","slug":"magastorzsu-rozsa-double-de-light-tearozsa","status":"publish","type":"product","link":"https:\/\/tajkertesz.com\/en_US\/product\/magastorzsu-rozsa-double-de-light-tearozsa\/","title":{"rendered":"Magast\u00f6rzs\u0171 r\u00f3zsa &#8216;Double Delight&#8217; &#8211; Tear\u00f3zsa"},"content":{"rendered":"<h1>Magast\u00f6rzs\u0171 r\u00f3zsa &#8216;Double Delight&#8217; &#8211; Tear\u00f3zsa<\/h1>\n<p data-start=\"289\" data-end=\"612\">A Magast\u00f6rzs\u0171 r\u00f3zsa &#8216;Double Delight&#8217; &#8211; Tear\u00f3zsa\u00a0az egyik legn\u00e9pszer\u0171bb k\u00e9tsz\u00edn\u0171 r\u00f3zsafajta, amelyet k\u00fcl\u00f6nleges kr\u00e9msz\u00edn\u0171-piros vir\u00e1ga \u00e9s er\u0151teljes illata tesz eml\u00e9kezetess\u00e9. A vir\u00e1gok ny\u00edl\u00e1skor eleinte kr\u00e9mfeh\u00e9rek, majd fokozatosan piros szeg\u00e9lyt kapnak \u2013 minden vir\u00e1g m\u00e1s \u00e1rnyalatot mutat, a napf\u00e9ny hat\u00e1s\u00e1t\u00f3l f\u00fcgg\u0151en.<\/p>\n<p data-start=\"614\" data-end=\"787\">Magast\u00f6rzs\u0171 form\u00e1ban k\u00fcl\u00f6n\u00f6sen eleg\u00e1ns megjelen\u00e9s\u0171, ide\u00e1lis d\u00edsz\u00edt\u0151elem el\u0151kertekbe, s\u00e9t\u00e1nyok mell\u00e9 vagy szoliterk\u00e9nt vir\u00e1g\u00e1gy\u00e1sok k\u00f6zep\u00e9re. Emellett kiv\u00e1l\u00f3 v\u00e1gott vir\u00e1g is.<\/p>\n<h2 data-start=\"789\" data-end=\"812\">\ud83c\udf3fMagast\u00f6rzs\u0171 r\u00f3zsa &#8216;Double Delight&#8217; jellemz\u0151k:<\/h2>\n<ul data-start=\"813\" data-end=\"1199\">\n<li data-start=\"813\" data-end=\"873\">\n<p data-start=\"815\" data-end=\"873\">\ud83c\udf38 <strong data-start=\"818\" data-end=\"832\">Vir\u00e1gsz\u00edn:<\/strong> kr\u00e9msz\u00edn\u0171 alapon piros sz\u00e9l\u0171, telt vir\u00e1g<\/p>\n<\/li>\n<li data-start=\"874\" data-end=\"939\">\n<p data-start=\"876\" data-end=\"939\">\ud83c\udf3c <strong data-start=\"879\" data-end=\"889\">Illat:<\/strong> intenz\u00edv, \u00e9des \u00e9s f\u0171szeres \u2013 nagyon illatos fajta<\/p>\n<\/li>\n<li data-start=\"940\" data-end=\"1018\">\n<p data-start=\"942\" data-end=\"1018\">\ud83d\udccf <strong data-start=\"945\" data-end=\"955\">M\u00e9ret:<\/strong> t\u00f6rzsmagass\u00e1g kb. 80\/100 cm, a vir\u00e1gok nagy m\u00e9ret\u0171ek (10\u201312 cm)<\/p>\n<\/li>\n<li data-start=\"1019\" data-end=\"1077\">\n<p data-start=\"1021\" data-end=\"1077\">\ud83d\udd01 <strong data-start=\"1024\" data-end=\"1037\">Vir\u00e1gz\u00e1s:<\/strong> ism\u00e9tl\u0151d\u0151en, j\u00faniust\u00f3l az \u0151szi fagyokig<\/p>\n<\/li>\n<li data-start=\"1078\" data-end=\"1117\">\n<p data-start=\"1080\" data-end=\"1117\">\ud83c\udf1e <strong data-start=\"1083\" data-end=\"1097\">F\u00e9nyig\u00e9ny:<\/strong> napos helyet kedvel<\/p>\n<\/li>\n<li data-start=\"1118\" data-end=\"1199\">\n<p data-start=\"1120\" data-end=\"1199\">\ud83e\udebb <strong data-start=\"1123\" data-end=\"1140\">Felhaszn\u00e1l\u00e1s:<\/strong> szoliterk\u00e9nt, el\u0151kertbe, kasp\u00f3ba, r\u00f3zsa\u00e1gy\u00e1s k\u00f6z\u00e9ppontj\u00e1ba<\/p>\n<\/li>\n<\/ul>\n<h3 data-start=\"1201\" data-end=\"1228\">\ud83c\udf31 A &#8216;Double Delight&#8217; tear\u00f3zsa gondoz\u00e1sa:<\/h3>\n<ul data-start=\"1229\" data-end=\"1511\">\n<li data-start=\"1229\" data-end=\"1265\">\n<p data-start=\"1231\" data-end=\"1265\"><strong data-start=\"1231\" data-end=\"1243\">\u00dcltet\u00e9s:<\/strong> napos, szell\u0151s helyre<\/p>\n<\/li>\n<li data-start=\"1266\" data-end=\"1322\">\n<p data-start=\"1268\" data-end=\"1322\"><strong data-start=\"1268\" data-end=\"1278\">Talaj:<\/strong> humuszban gazdag, j\u00f3 v\u00edz\u00e1tereszt\u0151 k\u00e9pess\u00e9g\u0171<\/p>\n<\/li>\n<li data-start=\"1323\" data-end=\"1391\">\n<p data-start=\"1325\" data-end=\"1391\"><strong data-start=\"1325\" data-end=\"1337\">\u00d6nt\u00f6z\u00e9s:<\/strong> egyenletesen nedves talaj, k\u00fcl\u00f6n\u00f6sen meleg id\u0151szakban<\/p>\n<\/li>\n<li data-start=\"1392\" data-end=\"1452\">\n<p data-start=\"1394\" data-end=\"1452\"><strong data-start=\"1394\" data-end=\"1406\">Metsz\u00e9s:<\/strong> tavaszi metsz\u00e9ssel serkenthet\u0151 a d\u00fas vir\u00e1gz\u00e1s<\/p>\n<\/li>\n<li data-start=\"1453\" data-end=\"1511\">\n<p data-start=\"1455\" data-end=\"1511\"><strong data-start=\"1455\" data-end=\"1472\">T\u00e9li v\u00e9delem:<\/strong> a t\u00f6rzs k\u00f6r\u00fcl t\u00e9li takar\u00e1st ig\u00e9nyelhet<\/p>\n<\/li>\n<li data-start=\"1453\" data-end=\"1511\">\n<h4><strong>\ud83d\udd04 K\u00e9szletinform\u00e1ci\u00f3<\/strong><\/h4>\n<p><strong>K\u00e9szlet\u00fcnk napi szinten v\u00e1ltozik, \u00edgy a webshopban szerepl<\/strong><strong>\u0151<\/strong><strong>\u00a0term\u00e9kek el\u00e9rhet<\/strong><strong>\u0151<\/strong><strong>s\u00e9ge nem garant\u00e1lt.<br \/>\n\ud83d\udcde A megrendel\u00e9s el<\/strong><strong>\u0151<\/strong><strong>tt k\u00e9rj\u00fck, \u00e9rdekl<\/strong><strong>\u0151<\/strong><strong>dj\u00f6n szem\u00e9lyesen, telefonon vagy e-mailben!<\/strong><\/p>\n<h4><strong>\u27a1\ufe0f Kapcsolat:<\/strong><\/h4>\n<ul>\n<li><strong>Weboldal:\u00a0<\/strong><a href=\"https:\/\/tajkertesz.com\/\"><strong>tajkertesz.com<\/strong><\/a><\/li>\n<li><strong>Facebook:\u00a0<\/strong><a href=\"https:\/\/www.facebook.com\/tajkertesz\/\"><strong>facebook.com\/tajkertesz<\/strong><\/a><\/li>\n<li><strong>Telefonsz\u00e1m, e-mail: +36\/20-319-3770\u00a0<\/strong><a href=\"mailto:tajkerteszaruda@gmail.com\"><strong>tajkerteszaruda@gmail.com<\/strong><\/a><\/li>\n<\/ul>\n<h4><strong>\ud83d\ude9a Sz\u00e1ll\u00edt\u00e1si inform\u00e1ci\u00f3k<\/strong><\/h4>\n<p><strong>A megrendelt n\u00f6v\u00e9nyek kisz\u00e1ll\u00edt\u00e1sa az al\u00e1bbi felt\u00e9telek mellett t\u00f6rt\u00e9nik:<\/strong><\/p>\n<h4><strong>\ud83d\udce6 Fut\u00e1rszolg\u00e1latos sz\u00e1ll\u00edt\u00e1s<\/strong><\/h4>\n<ul>\n<li><strong>Maxim\u00e1lis m\u00e9ret: 200 cm (hossz\u00fas\u00e1g)<\/strong><\/li>\n<li><strong>Maxim\u00e1lis s\u00faly: 40 kg<\/strong><\/li>\n<li><strong>Az enn\u00e9l kisebb \u00e9s k\u00f6nnyebb csomagokat fut\u00e1rszolg\u00e1lattal k\u00e9zbes\u00edtj\u00fck a lehet<\/strong><strong>\u0151<\/strong><strong>\u00a0legbiztons\u00e1gosabb csomagol\u00e1sban.<\/strong><\/li>\n<\/ul>\n<h4><strong>\ud83d\udefb Szem\u00e9lyes \u00e1tv\u00e9tel<\/strong><\/h4>\n<ul>\n<li><strong>1173 Budapest, Bakancsos utca 7. sz\u00e1m alatt nyitvatart\u00e1si id<\/strong><strong>\u0151<\/strong><strong>ben szem\u00e9lyesen \u00e1tvehet<\/strong><strong>\u0151<\/strong><strong>\u00a0kert\u00e9szeti \u00e1rud\u00e1nkban.<\/strong><\/li>\n<li><strong>K\u00f6lts\u00e9ghat\u00e9kony megold\u00e1s nagyobb, t\u00f6r\u00e9kenyebb vagy t\u00falm\u00e9retes n\u00f6v\u00e9nyek eset\u00e9n.<\/strong><\/li>\n<\/ul>\n<p><strong>\ud83d\udcde Nagy m\u00e9ret<\/strong><strong>\u0171<\/strong><strong>\u00a0vagy s\u00faly\u00fa n\u00f6v\u00e9nyek eset\u00e9n<\/strong><\/p>\n<p><strong>Ha a term\u00e9k:<\/strong><\/p>\n<ul>\n<li><strong>meghaladja a 200 cm hossz\u00fas\u00e1got vagy<\/strong><\/li>\n<li><strong>meghaladja a 40 kg s\u00falyt,<\/strong><\/li>\n<\/ul>\n<p><strong>akkor szem\u00e9lyes \u00e1tv\u00e9tellel vagy egyedi, el<\/strong><strong>\u0151<\/strong><strong>re egyeztetett sz\u00e1ll\u00edt\u00e1si felt\u00e9telek mellett t\u00f6rt\u00e9nik.<br \/>\nK\u00e9rj\u00fck, ilyen esetben rendel\u00e9s el<\/strong><strong>\u0151<\/strong><strong>tt vegye fel vel\u00fcnk a kapcsolatot, hogy a lehet<\/strong><strong>\u0151<\/strong><strong>\u00a0legmegfelel<\/strong><strong>\u0151<\/strong><strong>bb sz\u00e1ll\u00edt\u00e1si megold\u00e1st k\u00edn\u00e1lhassuk.<\/strong><\/p>\n<p><strong>\ud83d\udd14 Fontos: A n\u00f6v\u00e9nyeket minden esetben igyeksz\u00fcnk gondosan, egyes\u00e9vel csomagolni, azonban a sz\u00e1ll\u00edt\u00e1s sor\u00e1n kisebb eszt\u00e9tikai s\u00e9r\u00fcl\u00e9sek el<\/strong><strong>\u0151<\/strong><strong>fordulhatnak (pl. lev\u00e9lhull\u00e1s). Ez nem min<\/strong><strong>\u0151<\/strong><strong>s\u00fcl hib\u00e1s teljes\u00edt\u00e9snek.<\/strong><\/p>\n<h4><strong>\ud83d\udcf7 Fontos tudni a k\u00e9pekr<\/strong><strong>\u0151<\/strong><strong>l<\/strong><\/h4>\n<p><strong>A webshopban szerepl<\/strong><strong>\u0151<\/strong><strong>\u00a0k\u00e9pek illusztr\u00e1ci\u00f3k, a n\u00f6v\u00e9nyek term\u00e9szet\u00fckn\u00e9l fogva egyediek, \u00edgy m\u00e9retben, alakban \u00e9s sz\u00ednben minim\u00e1lis elt\u00e9r\u00e9sek el<\/strong><strong>\u0151<\/strong><strong>fordulhatnak a k\u00e9pen l\u00e1that\u00f3 \u00e9s a val\u00f3s p\u00e9ld\u00e1nyok k\u00f6z\u00f6tt.<\/strong><\/p>\n<h4><strong>\ud83e\uddfe \u00c1rak \u00e9s el\u00e1ll\u00e1si jog<\/strong><\/h4>\n<ul>\n<li><strong>Az \u00e1rak egy darab\u00a0n\u00f6v\u00e9nyre vonatkoznak.<\/strong><\/li>\n<li><strong>\u00c9l<\/strong><strong>\u0151<\/strong><strong>\u00a0n\u00f6v\u00e9nyek rendel\u00e9se eset\u00e9n a 14 napos el\u00e1ll\u00e1s joga nem \u00e9rv\u00e9nyes\u00edthet<\/strong><strong>\u0151<\/strong><strong>, mivel azok romland\u00f3, biol\u00f3giailag \u00e9l<\/strong><strong>\u0151<\/strong><strong>\u00a0term\u00e9keknek min<\/strong><strong>\u0151<\/strong><strong>s\u00fclnek.<br \/>\n\ud83d\udd12 (17\/1999. (II. 5.) Korm. rendelet 5. \u00a7 c) pontja alapj\u00e1n)<\/strong><\/li>\n<\/ul>\n<p><strong>\ud83d\udce6 K\u00e9zbes\u00edt\u00e9s ut\u00e1ni teend<\/strong><strong>\u0151<\/strong><strong>k<\/strong><\/p>\n<p><strong>A k\u00e9zbes\u00edt\u00e9st k\u00f6vet<\/strong><strong>\u0151<\/strong><strong>en a csomagot azonnal bontsuk ki, \u00e9s a n\u00f6v\u00e9nyt helyezz\u00fck el megfelel<\/strong><strong>\u0151<\/strong><strong>\u00a0k\u00f6rnyezetben.<br \/>\nFontos: ha a n\u00f6v\u00e9ny nem r\u00e9szes\u00fcl megfelel<\/strong><strong>\u0151<\/strong><strong>\u00a0gondoz\u00e1sban \u00e9s ennek k\u00f6vetkezt\u00e9ben k\u00e1rosodik vagy elpusztul, felel<\/strong><strong>\u0151<\/strong><strong>ss\u00e9get nem tudunk v\u00e1llalni.<\/strong><\/li>\n<\/ul>","protected":false},"excerpt":{"rendered":"<p>Er\u0151s, felfele n\u00f6vekv\u0151, 1-1,20 m magas t\u00f6rzsre oltott, ism\u00e9tl\u0151d\u0151 vir\u00e1gz\u00e1s jellemzi, fagyokat j\u00f3l t\u0171ri. Kora ny\u00e1rt\u00f3l k\u00e9s\u0151 \u0151szig, az els\u0151 fagyokig vir\u00e1gzik.<\/p>\n<p>&nbsp;<\/p>","protected":false},"featured_media":1769,"template":"","meta":{"_et_pb_use_builder":"","_et_pb_old_content":"","_et_gb_content_width":""},"product_brand":[],"product_cat":[1286],"product_tag":[512,511,230,480,513,483,479,493,482],"class_list":{"0":"post-1768","1":"product","2":"type-product","3":"status-publish","4":"has-post-thumbnail","6":"product_cat-rozsak","7":"product_tag-cirmos","8":"product_tag-double-de-light","9":"product_tag-illatos","10":"product_tag-oltvanyok","11":"product_tag-piros-feher-cirmos","12":"product_tag-rozsa","13":"product_tag-rozsa-magastorzsu","14":"product_tag-rozsafa","15":"product_tag-tearozsa","17":"first","18":"outofstock","19":"shipping-taxable","20":"product-type-simple"},"yoast_head":"<!-- This site is optimized with the Yoast SEO plugin v27.3 - https:\/\/yoast.com\/product\/yoast-seo-wordpress\/ -->\n<title>Magast\u00f6rzs\u0171 r\u00f3zsa &#039;Double Delight&#039; - Tear\u00f3zsa - T\u00e1jkert\u00e9sz<\/title>\n<meta name=\"description\" content=\"A Magast\u00f6rzs\u0171 r\u00f3zsa &#039;Double Delight&#039; - Tear\u00f3zsa feh\u00e9rb\u0151l pirosra sz\u00ednez\u0151d\u0151 szirm\u00fa vir\u00e1gfejei nagyon l\u00e1tv\u00e1nyosak. Ez a fajta \u00e9desen illatos.\" \/>\n<meta name=\"robots\" content=\"index, follow, max-snippet:-1, max-image-preview:large, max-video-preview:-1\" \/>\n<link rel=\"canonical\" href=\"https:\/\/tajkertesz.com\/en_US\/product\/magastorzsu-rozsa-double-de-light-tearozsa\/\" \/>\n<meta property=\"og:locale\" content=\"en_US\" \/>\n<meta property=\"og:type\" content=\"article\" \/>\n<meta property=\"og:title\" content=\"Magast\u00f6rzs\u0171 r\u00f3zsa &#039;Double Delight&#039; - Tear\u00f3zsa - T\u00e1jkert\u00e9sz\" \/>\n<meta property=\"og:description\" content=\"A Magast\u00f6rzs\u0171 r\u00f3zsa &#039;Double Delight&#039; - Tear\u00f3zsa feh\u00e9rb\u0151l pirosra sz\u00ednez\u0151d\u0151 szirm\u00fa vir\u00e1gfejei nagyon l\u00e1tv\u00e1nyosak. Ez a fajta \u00e9desen illatos.\" \/>\n<meta property=\"og:url\" content=\"https:\/\/tajkertesz.com\/en_US\/product\/magastorzsu-rozsa-double-de-light-tearozsa\/\" \/>\n<meta property=\"og:site_name\" content=\"T\u00e1jkert\u00e9sz\" \/>\n<meta property=\"article:publisher\" content=\"https:\/\/www.facebook.com\/Tajkertesz\/\" \/>\n<meta property=\"article:modified_time\" content=\"2025-08-02T07:11:34+00:00\" \/>\n<meta property=\"og:image\" content=\"https:\/\/tajkertesz.com\/wp-content\/uploads\/2020\/04\/IMG_5036-scaled.jpg\" \/>\n\t<meta property=\"og:image:width\" content=\"1920\" \/>\n\t<meta property=\"og:image:height\" content=\"2560\" \/>\n\t<meta property=\"og:image:type\" content=\"image\/jpeg\" \/>\n<meta name=\"twitter:card\" content=\"summary_large_image\" \/>\n<meta name=\"twitter:label1\" content=\"Est. reading time\" \/>\n\t<meta name=\"twitter:data1\" content=\"3 minutes\" \/>\n<script type=\"application\/ld+json\" class=\"yoast-schema-graph\">{\"@context\":\"https:\\\/\\\/schema.org\",\"@graph\":[{\"@type\":\"WebPage\",\"@id\":\"https:\\\/\\\/tajkertesz.com\\\/termek\\\/magastorzsu-rozsa-double-de-light-tearozsa\\\/\",\"url\":\"https:\\\/\\\/tajkertesz.com\\\/termek\\\/magastorzsu-rozsa-double-de-light-tearozsa\\\/\",\"name\":\"Magast\u00f6rzs\u0171 r\u00f3zsa 'Double Delight' - Tear\u00f3zsa - T\u00e1jkert\u00e9sz\",\"isPartOf\":{\"@id\":\"https:\\\/\\\/tajkertesz.com\\\/#website\"},\"primaryImageOfPage\":{\"@id\":\"https:\\\/\\\/tajkertesz.com\\\/termek\\\/magastorzsu-rozsa-double-de-light-tearozsa\\\/#primaryimage\"},\"image\":{\"@id\":\"https:\\\/\\\/tajkertesz.com\\\/termek\\\/magastorzsu-rozsa-double-de-light-tearozsa\\\/#primaryimage\"},\"thumbnailUrl\":\"https:\\\/\\\/tajkertesz.com\\\/wp-content\\\/uploads\\\/2020\\\/04\\\/IMG_5036-scaled.jpg\",\"datePublished\":\"2020-04-16T08:07:02+00:00\",\"dateModified\":\"2025-08-02T07:11:34+00:00\",\"description\":\"A Magast\u00f6rzs\u0171 r\u00f3zsa 'Double Delight' - Tear\u00f3zsa feh\u00e9rb\u0151l pirosra sz\u00ednez\u0151d\u0151 szirm\u00fa vir\u00e1gfejei nagyon l\u00e1tv\u00e1nyosak. Ez a fajta \u00e9desen illatos.\",\"breadcrumb\":{\"@id\":\"https:\\\/\\\/tajkertesz.com\\\/termek\\\/magastorzsu-rozsa-double-de-light-tearozsa\\\/#breadcrumb\"},\"inLanguage\":\"en-US\",\"potentialAction\":[{\"@type\":\"ReadAction\",\"target\":[\"https:\\\/\\\/tajkertesz.com\\\/termek\\\/magastorzsu-rozsa-double-de-light-tearozsa\\\/\"]}]},{\"@type\":\"ImageObject\",\"inLanguage\":\"en-US\",\"@id\":\"https:\\\/\\\/tajkertesz.com\\\/termek\\\/magastorzsu-rozsa-double-de-light-tearozsa\\\/#primaryimage\",\"url\":\"https:\\\/\\\/tajkertesz.com\\\/wp-content\\\/uploads\\\/2020\\\/04\\\/IMG_5036-scaled.jpg\",\"contentUrl\":\"https:\\\/\\\/tajkertesz.com\\\/wp-content\\\/uploads\\\/2020\\\/04\\\/IMG_5036-scaled.jpg\",\"width\":1920,\"height\":2560,\"caption\":\"Magast\u00f6rzs\u0171 r\u00f3zsa 'Double Delight' - Tear\u00f3zsa\"},{\"@type\":\"BreadcrumbList\",\"@id\":\"https:\\\/\\\/tajkertesz.com\\\/termek\\\/magastorzsu-rozsa-double-de-light-tearozsa\\\/#breadcrumb\",\"itemListElement\":[{\"@type\":\"ListItem\",\"position\":1,\"name\":\"Home\",\"item\":\"https:\\\/\\\/tajkertesz.com\\\/\"},{\"@type\":\"ListItem\",\"position\":2,\"name\":\"Kezd\u0151lap\",\"item\":\"https:\\\/\\\/tajkertesz.com\\\/\"},{\"@type\":\"ListItem\",\"position\":3,\"name\":\"Magast\u00f6rzs\u0171 r\u00f3zsa &#8216;Double Delight&#8217; &#8211; Tear\u00f3zsa\"}]},{\"@type\":\"WebSite\",\"@id\":\"https:\\\/\\\/tajkertesz.com\\\/#website\",\"url\":\"https:\\\/\\\/tajkertesz.com\\\/\",\"name\":\"T\u00e1j-Kert\u00e9sz 84 Kft.\",\"description\":\"Kert\u00e9szeti kis- \u00e9s nagykeresked\u00e9s, D\u00edszn\u00f6v\u00e9ny web\u00e1ruh\u00e1z orsz\u00e1gos h\u00e1zhozsz\u00e1ll\u00edt\u00e1ssal!\",\"publisher\":{\"@id\":\"https:\\\/\\\/tajkertesz.com\\\/#organization\"},\"potentialAction\":[{\"@type\":\"SearchAction\",\"target\":{\"@type\":\"EntryPoint\",\"urlTemplate\":\"https:\\\/\\\/tajkertesz.com\\\/?s={search_term_string}\"},\"query-input\":{\"@type\":\"PropertyValueSpecification\",\"valueRequired\":true,\"valueName\":\"search_term_string\"}}],\"inLanguage\":\"en-US\"},{\"@type\":\"Organization\",\"@id\":\"https:\\\/\\\/tajkertesz.com\\\/#organization\",\"name\":\"T\u00e1j-Kert\u00e9sz 84 Kft.\",\"url\":\"https:\\\/\\\/tajkertesz.com\\\/\",\"logo\":{\"@type\":\"ImageObject\",\"inLanguage\":\"en-US\",\"@id\":\"https:\\\/\\\/tajkertesz.com\\\/#\\\/schema\\\/logo\\\/image\\\/\",\"url\":\"https:\\\/\\\/tajkertesz.com\\\/wp-content\\\/uploads\\\/2018\\\/02\\\/logo-2-e1518678052539.png\",\"contentUrl\":\"https:\\\/\\\/tajkertesz.com\\\/wp-content\\\/uploads\\\/2018\\\/02\\\/logo-2-e1518678052539.png\",\"width\":81,\"height\":140,\"caption\":\"T\u00e1j-Kert\u00e9sz 84 Kft.\"},\"image\":{\"@id\":\"https:\\\/\\\/tajkertesz.com\\\/#\\\/schema\\\/logo\\\/image\\\/\"},\"sameAs\":[\"https:\\\/\\\/www.facebook.com\\\/Tajkertesz\\\/\"]}]}<\/script>\n<!-- \/ Yoast SEO plugin. -->","yoast_head_json":{"title":"Magast\u00f6rzs\u0171 r\u00f3zsa 'Double Delight' - Tear\u00f3zsa - T\u00e1jkert\u00e9sz","description":"A Magast\u00f6rzs\u0171 r\u00f3zsa 'Double Delight' - Tear\u00f3zsa feh\u00e9rb\u0151l pirosra sz\u00ednez\u0151d\u0151 szirm\u00fa vir\u00e1gfejei nagyon l\u00e1tv\u00e1nyosak. Ez a fajta \u00e9desen illatos.","robots":{"index":"index","follow":"follow","max-snippet":"max-snippet:-1","max-image-preview":"max-image-preview:large","max-video-preview":"max-video-preview:-1"},"canonical":"https:\/\/tajkertesz.com\/en_US\/product\/magastorzsu-rozsa-double-de-light-tearozsa\/","og_locale":"en_US","og_type":"article","og_title":"Magast\u00f6rzs\u0171 r\u00f3zsa 'Double Delight' - Tear\u00f3zsa - T\u00e1jkert\u00e9sz","og_description":"A Magast\u00f6rzs\u0171 r\u00f3zsa 'Double Delight' - Tear\u00f3zsa feh\u00e9rb\u0151l pirosra sz\u00ednez\u0151d\u0151 szirm\u00fa vir\u00e1gfejei nagyon l\u00e1tv\u00e1nyosak. Ez a fajta \u00e9desen illatos.","og_url":"https:\/\/tajkertesz.com\/en_US\/product\/magastorzsu-rozsa-double-de-light-tearozsa\/","og_site_name":"T\u00e1jkert\u00e9sz","article_publisher":"https:\/\/www.facebook.com\/Tajkertesz\/","article_modified_time":"2025-08-02T07:11:34+00:00","og_image":[{"width":1920,"height":2560,"url":"https:\/\/tajkertesz.com\/wp-content\/uploads\/2020\/04\/IMG_5036-scaled.jpg","type":"image\/jpeg"}],"twitter_card":"summary_large_image","twitter_misc":{"Est. reading time":"3 minutes"},"schema":{"@context":"https:\/\/schema.org","@graph":[{"@type":"WebPage","@id":"https:\/\/tajkertesz.com\/termek\/magastorzsu-rozsa-double-de-light-tearozsa\/","url":"https:\/\/tajkertesz.com\/termek\/magastorzsu-rozsa-double-de-light-tearozsa\/","name":"Magast\u00f6rzs\u0171 r\u00f3zsa 'Double Delight' - Tear\u00f3zsa - T\u00e1jkert\u00e9sz","isPartOf":{"@id":"https:\/\/tajkertesz.com\/#website"},"primaryImageOfPage":{"@id":"https:\/\/tajkertesz.com\/termek\/magastorzsu-rozsa-double-de-light-tearozsa\/#primaryimage"},"image":{"@id":"https:\/\/tajkertesz.com\/termek\/magastorzsu-rozsa-double-de-light-tearozsa\/#primaryimage"},"thumbnailUrl":"https:\/\/tajkertesz.com\/wp-content\/uploads\/2020\/04\/IMG_5036-scaled.jpg","datePublished":"2020-04-16T08:07:02+00:00","dateModified":"2025-08-02T07:11:34+00:00","description":"A Magast\u00f6rzs\u0171 r\u00f3zsa 'Double Delight' - Tear\u00f3zsa feh\u00e9rb\u0151l pirosra sz\u00ednez\u0151d\u0151 szirm\u00fa vir\u00e1gfejei nagyon l\u00e1tv\u00e1nyosak. Ez a fajta \u00e9desen illatos.","breadcrumb":{"@id":"https:\/\/tajkertesz.com\/termek\/magastorzsu-rozsa-double-de-light-tearozsa\/#breadcrumb"},"inLanguage":"en-US","potentialAction":[{"@type":"ReadAction","target":["https:\/\/tajkertesz.com\/termek\/magastorzsu-rozsa-double-de-light-tearozsa\/"]}]},{"@type":"ImageObject","inLanguage":"en-US","@id":"https:\/\/tajkertesz.com\/termek\/magastorzsu-rozsa-double-de-light-tearozsa\/#primaryimage","url":"https:\/\/tajkertesz.com\/wp-content\/uploads\/2020\/04\/IMG_5036-scaled.jpg","contentUrl":"https:\/\/tajkertesz.com\/wp-content\/uploads\/2020\/04\/IMG_5036-scaled.jpg","width":1920,"height":2560,"caption":"Magast\u00f6rzs\u0171 r\u00f3zsa 'Double Delight' - Tear\u00f3zsa"},{"@type":"BreadcrumbList","@id":"https:\/\/tajkertesz.com\/termek\/magastorzsu-rozsa-double-de-light-tearozsa\/#breadcrumb","itemListElement":[{"@type":"ListItem","position":1,"name":"Home","item":"https:\/\/tajkertesz.com\/"},{"@type":"ListItem","position":2,"name":"Kezd\u0151lap","item":"https:\/\/tajkertesz.com\/"},{"@type":"ListItem","position":3,"name":"Magast\u00f6rzs\u0171 r\u00f3zsa &#8216;Double Delight&#8217; &#8211; Tear\u00f3zsa"}]},{"@type":"WebSite","@id":"https:\/\/tajkertesz.com\/#website","url":"https:\/\/tajkertesz.com\/","name":"T\u00e1j-Kert\u00e9sz 84 Kft.","description":"Kert\u00e9szeti kis- \u00e9s nagykeresked\u00e9s, D\u00edszn\u00f6v\u00e9ny web\u00e1ruh\u00e1z orsz\u00e1gos h\u00e1zhozsz\u00e1ll\u00edt\u00e1ssal!","publisher":{"@id":"https:\/\/tajkertesz.com\/#organization"},"potentialAction":[{"@type":"SearchAction","target":{"@type":"EntryPoint","urlTemplate":"https:\/\/tajkertesz.com\/?s={search_term_string}"},"query-input":{"@type":"PropertyValueSpecification","valueRequired":true,"valueName":"search_term_string"}}],"inLanguage":"en-US"},{"@type":"Organization","@id":"https:\/\/tajkertesz.com\/#organization","name":"T\u00e1j-Kert\u00e9sz 84 Kft.","url":"https:\/\/tajkertesz.com\/","logo":{"@type":"ImageObject","inLanguage":"en-US","@id":"https:\/\/tajkertesz.com\/#\/schema\/logo\/image\/","url":"https:\/\/tajkertesz.com\/wp-content\/uploads\/2018\/02\/logo-2-e1518678052539.png","contentUrl":"https:\/\/tajkertesz.com\/wp-content\/uploads\/2018\/02\/logo-2-e1518678052539.png","width":81,"height":140,"caption":"T\u00e1j-Kert\u00e9sz 84 Kft."},"image":{"@id":"https:\/\/tajkertesz.com\/#\/schema\/logo\/image\/"},"sameAs":["https:\/\/www.facebook.com\/Tajkertesz\/"]}]}},"_links":{"self":[{"href":"https:\/\/tajkertesz.com\/en_US\/wp-json\/wp\/v2\/product\/1768","targetHints":{"allow":["GET"]}}],"collection":[{"href":"https:\/\/tajkertesz.com\/en_US\/wp-json\/wp\/v2\/product"}],"about":[{"href":"https:\/\/tajkertesz.com\/en_US\/wp-json\/wp\/v2\/types\/product"}],"wp:featuredmedia":[{"embeddable":true,"href":"https:\/\/tajkertesz.com\/en_US\/wp-json\/wp\/v2\/media\/1769"}],"wp:attachment":[{"href":"https:\/\/tajkertesz.com\/en_US\/wp-json\/wp\/v2\/media?parent=1768"}],"wp:term":[{"taxonomy":"product_brand","embeddable":true,"href":"https:\/\/tajkertesz.com\/en_US\/wp-json\/wp\/v2\/product_brand?post=1768"},{"taxonomy":"product_cat","embeddable":true,"href":"https:\/\/tajkertesz.com\/en_US\/wp-json\/wp\/v2\/product_cat?post=1768"},{"taxonomy":"product_tag","embeddable":true,"href":"https:\/\/tajkertesz.com\/en_US\/wp-json\/wp\/v2\/product_tag?post=1768"}],"curies":[{"name":"wp","href":"https:\/\/api.w.org\/{rel}","templated":true}]}}