{"id":17783,"date":"2023-11-07T11:58:57","date_gmt":"2023-11-07T11:58:57","guid":{"rendered":"https:\/\/tajkertesz.com\/?post_type=product&#038;p=17783"},"modified":"2026-02-25T14:22:15","modified_gmt":"2026-02-25T14:22:15","slug":"skimmia-japonica-temptation-japan-derbaber","status":"publish","type":"product","link":"https:\/\/tajkertesz.com\/en_US\/product\/skimmia-japonica-temptation-japan-derbaber\/","title":{"rendered":"Skimmia Japonica &#8216;Temptation&#8217; &#8211; Jap\u00e1n d\u00e9rbab\u00e9r"},"content":{"rendered":"<h2 class=\"LC20lb MBeuO DKV0Md\">Skimmia Japonica &#8216;Temptation&#8217; &#8211; Jap\u00e1n d\u00e9rbab\u00e9r<\/h2>\n<p data-start=\"508\" data-end=\"893\">A <strong data-start=\"510\" data-end=\"543\">Skimmia japonica \u2018Temptation\u2019<\/strong> egy k\u00fcl\u00f6n\u00f6sen d\u00fas bimb\u00f3z\u00e1s\u00fa, kompakt habitus\u00fa jap\u00e1n d\u00e9rbab\u00e9r fajta. K\u00fcl\u00f6nlegess\u00e9ge az intenz\u00edv <strong data-start=\"639\" data-end=\"680\">m\u00e9lybord\u00f3, nagy \u00e9s t\u00f6m\u00f6tt vir\u00e1gbimb\u00f3k<\/strong>, amelyek m\u00e1r \u0151sszel megjelennek, \u00e9s a t\u00e9l folyam\u00e1n is dekorat\u00edvak maradnak. Tavasszal illatos, feh\u00e9r vagy halv\u00e1ny r\u00f3zsasz\u00edn vir\u00e1gokat hoz, k\u00e9s\u0151bb pedig piros bogy\u00f3kkal d\u00edsz\u00edt (ha porz\u00f3 egyed k\u00f6zel\u00e9ben tal\u00e1lhat\u00f3).<\/p>\n<h4 data-start=\"895\" data-end=\"914\">\u2b50 <strong data-start=\"901\" data-end=\"914\">Jellemz\u0151k<\/strong><\/h4>\n<ul data-start=\"915\" data-end=\"1345\">\n<li data-start=\"915\" data-end=\"941\">\n<p data-start=\"917\" data-end=\"941\"><strong data-start=\"917\" data-end=\"930\">Magass\u00e1g:<\/strong> 50\u201370 cm<\/p>\n<\/li>\n<li data-start=\"942\" data-end=\"969\">\n<p data-start=\"944\" data-end=\"969\"><strong data-start=\"944\" data-end=\"958\">Sz\u00e9less\u00e9g:<\/strong> 50\u201370 cm<\/p>\n<\/li>\n<li data-start=\"970\" data-end=\"1003\">\n<p data-start=\"972\" data-end=\"1003\"><strong data-start=\"972\" data-end=\"986\">N\u00f6veked\u00e9s:<\/strong> kompakt, lass\u00fa<\/p>\n<\/li>\n<li data-start=\"1004\" data-end=\"1049\">\n<p data-start=\"1006\" data-end=\"1049\"><strong data-start=\"1006\" data-end=\"1019\">Lombozat:<\/strong> \u00f6r\u00f6kz\u00f6ld, f\u00e9nyes, s\u00f6t\u00e9tz\u00f6ld<\/p>\n<\/li>\n<li data-start=\"1050\" data-end=\"1108\">\n<p data-start=\"1052\" data-end=\"1108\"><strong data-start=\"1052\" data-end=\"1065\">Vir\u00e1gz\u00e1s:<\/strong> tavasz \u2013 illatos feh\u00e9r\/halv\u00e1ny r\u00f3zsasz\u00edn<\/p>\n<\/li>\n<li data-start=\"1109\" data-end=\"1167\">\n<p data-start=\"1111\" data-end=\"1167\"><strong data-start=\"1111\" data-end=\"1122\">Bimb\u00f3k:<\/strong> s\u00f6t\u00e9tbord\u00f3, nagyon dekorat\u00edv, \u0151sszel\u2013t\u00e9len<\/p>\n<\/li>\n<li data-start=\"1168\" data-end=\"1221\">\n<p data-start=\"1170\" data-end=\"1221\"><strong data-start=\"1170\" data-end=\"1181\">Term\u00e9s:<\/strong> f\u00e9nyes piros bogy\u00f3k (porz\u00f3 k\u00f6zel\u00e9ben)<\/p>\n<\/li>\n<li data-start=\"1222\" data-end=\"1257\">\n<p data-start=\"1224\" data-end=\"1257\"><strong data-start=\"1224\" data-end=\"1238\">F\u00e9nyig\u00e9ny:<\/strong> f\u00e9l\u00e1rny\u00e9k\u2013\u00e1rny\u00e9k<\/p>\n<\/li>\n<li data-start=\"1258\" data-end=\"1308\">\n<p data-start=\"1260\" data-end=\"1308\"><strong data-start=\"1260\" data-end=\"1270\">Talaj:<\/strong> savany\u00fa, humuszos, j\u00f3 v\u00edzelvezet\u00e9s\u0171<\/p>\n<\/li>\n<li data-start=\"1309\" data-end=\"1345\">\n<p data-start=\"1311\" data-end=\"1345\"><strong data-start=\"1311\" data-end=\"1326\">T\u00e9l\u00e1ll\u00f3s\u00e1g:<\/strong> j\u00f3, -15 \u00b0C k\u00f6r\u00fcl<\/p>\n<\/li>\n<\/ul>\n<h4 data-start=\"1347\" data-end=\"1370\">\ud83c\udf31 <strong data-start=\"1354\" data-end=\"1370\">Felhaszn\u00e1l\u00e1s<\/strong><\/h4>\n<ul data-start=\"1371\" data-end=\"1503\">\n<li data-start=\"1371\" data-end=\"1393\">\n<p data-start=\"1373\" data-end=\"1393\">\u00e1rny\u00e9kos el\u0151kertek<\/p>\n<\/li>\n<li data-start=\"1394\" data-end=\"1414\">\n<p data-start=\"1396\" data-end=\"1414\">\u00f6r\u00f6kz\u00f6ld \u00e1gy\u00e1sok<\/p>\n<\/li>\n<li data-start=\"1415\" data-end=\"1438\">\n<p data-start=\"1417\" data-end=\"1438\">rododendronok mell\u00e9<\/p>\n<\/li>\n<li data-start=\"1439\" data-end=\"1468\">\n<p data-start=\"1441\" data-end=\"1468\">d\u00e9zs\u00e1s be\u00fcltet\u00e9s teraszra<\/p>\n<\/li>\n<li data-start=\"1469\" data-end=\"1503\">\n<p data-start=\"1471\" data-end=\"1503\">t\u00e9li d\u00edszn\u00f6v\u00e9ny kompoz\u00edci\u00f3khoz<\/p>\n<\/li>\n<\/ul>\n<h4 data-start=\"1505\" data-end=\"1525\">\ud83c\udf27\ufe0f <strong data-start=\"1513\" data-end=\"1525\">Gondoz\u00e1s<\/strong><\/h4>\n<p data-start=\"1526\" data-end=\"1698\">A Skimmia savany\u00fa talajt ig\u00e9nyel (rododendron f\u00f6ld aj\u00e1nlott). Ker\u00fcli a t\u0171z\u0151 napot. M\u00e9rs\u00e9kelt, rendszeres \u00f6nt\u00f6z\u00e9st k\u00edv\u00e1n, pang\u00f3 v\u00edz n\u00e9lk\u00fcl. Metszeni \u00e1ltal\u00e1ban nem sz\u00fcks\u00e9ges.<\/p>\n<h4><strong>\ud83d\udd04 K\u00e9szletinform\u00e1ci\u00f3<\/strong><\/h4>\n<p><strong>K\u00e9szlet\u00fcnk napi szinten v\u00e1ltozik, \u00edgy a webshopban szerepl<\/strong><strong>\u0151<\/strong><strong>\u00a0term\u00e9kek el\u00e9rhet<\/strong><strong>\u0151<\/strong><strong>s\u00e9ge nem garant\u00e1lt.<br \/>\n\ud83d\udcde A megrendel\u00e9s el<\/strong><strong>\u0151<\/strong><strong>tt k\u00e9rj\u00fck, \u00e9rdekl<\/strong><strong>\u0151<\/strong><strong>dj\u00f6n szem\u00e9lyesen, telefonon vagy e-mailben!<\/strong><\/p>\n<h4><strong>\u27a1\ufe0f Kapcsolat:<\/strong><\/h4>\n<ul>\n<li><strong>Weboldal:\u00a0<\/strong><a href=\"https:\/\/tajkertesz.com\/\"><strong>tajkertesz.com<\/strong><\/a><\/li>\n<li><strong>Facebook:\u00a0<\/strong><a href=\"https:\/\/www.facebook.com\/tajkertesz\/\"><strong>facebook.com\/tajkertesz<\/strong><\/a><\/li>\n<li><strong>Telefonsz\u00e1m, e-mail: +36\/20-319-3770\u00a0<\/strong><a href=\"mailto:tajkerteszaruda@gmail.com\"><strong>tajkerteszaruda@gmail.com<\/strong><\/a><\/li>\n<\/ul>\n<h4><strong>\ud83d\ude9a Sz\u00e1ll\u00edt\u00e1si inform\u00e1ci\u00f3k<\/strong><\/h4>\n<p><strong>A megrendelt n\u00f6v\u00e9nyek kisz\u00e1ll\u00edt\u00e1sa az al\u00e1bbi felt\u00e9telek mellett t\u00f6rt\u00e9nik:<\/strong><\/p>\n<h4><strong>\ud83d\udce6 Fut\u00e1rszolg\u00e1latos sz\u00e1ll\u00edt\u00e1s<\/strong><\/h4>\n<ul>\n<li><strong>Maxim\u00e1lis m\u00e9ret: 200 cm (hossz\u00fas\u00e1g)<\/strong><\/li>\n<li><strong>Maxim\u00e1lis s\u00faly: 40 kg<\/strong><\/li>\n<li><strong>Az enn\u00e9l kisebb \u00e9s k\u00f6nnyebb csomagokat fut\u00e1rszolg\u00e1lattal k\u00e9zbes\u00edtj\u00fck a lehet<\/strong><strong>\u0151<\/strong><strong>\u00a0legbiztons\u00e1gosabb csomagol\u00e1sban.<\/strong><\/li>\n<\/ul>\n<h4><strong>\ud83d\udefb Szem\u00e9lyes \u00e1tv\u00e9tel<\/strong><\/h4>\n<ul>\n<li><strong>1173 Budapest, Bakancsos utca 7. sz\u00e1m alatt nyitvatart\u00e1si id<\/strong><strong>\u0151<\/strong><strong>ben szem\u00e9lyesen \u00e1tvehet<\/strong><strong>\u0151<\/strong><strong>\u00a0kert\u00e9szeti \u00e1rud\u00e1nkban.<\/strong><\/li>\n<li><strong>K\u00f6lts\u00e9ghat\u00e9kony megold\u00e1s nagyobb, t\u00f6r\u00e9kenyebb vagy t\u00falm\u00e9retes n\u00f6v\u00e9nyek eset\u00e9n.<\/strong><\/li>\n<\/ul>\n<h4><strong>\ud83d\udcde Nagy m\u00e9ret<\/strong><strong>\u0171<\/strong><strong>\u00a0vagy s\u00faly\u00fa n\u00f6v\u00e9nyek eset\u00e9n<\/strong><\/h4>\n<p><strong>Ha a term\u00e9k:<\/strong><\/p>\n<ul>\n<li><strong>meghaladja a 200 cm hossz\u00fas\u00e1got vagy<\/strong><\/li>\n<li><strong>meghaladja a 40 kg s\u00falyt,<\/strong><\/li>\n<\/ul>\n<p><strong>akkor szem\u00e9lyes \u00e1tv\u00e9tellel vagy egyedi, el<\/strong><strong>\u0151<\/strong><strong>re egyeztetett sz\u00e1ll\u00edt\u00e1si felt\u00e9telek mellett t\u00f6rt\u00e9nik.<br \/>\nK\u00e9rj\u00fck, ilyen esetben rendel\u00e9s el<\/strong><strong>\u0151<\/strong><strong>tt vegye fel vel\u00fcnk a kapcsolatot, hogy a lehet<\/strong><strong>\u0151<\/strong><strong>\u00a0legmegfelel<\/strong><strong>\u0151<\/strong><strong>bb sz\u00e1ll\u00edt\u00e1si megold\u00e1st k\u00edn\u00e1lhassuk.<\/strong><\/p>\n<p><strong>\ud83d\udd14 Fontos: A n\u00f6v\u00e9nyeket minden esetben igyeksz\u00fcnk gondosan, egyes\u00e9vel csomagolni, azonban a sz\u00e1ll\u00edt\u00e1s sor\u00e1n kisebb eszt\u00e9tikai s\u00e9r\u00fcl\u00e9sek el<\/strong><strong>\u0151<\/strong><strong>fordulhatnak (pl. lev\u00e9lhull\u00e1s). Ez nem min<\/strong><strong>\u0151<\/strong><strong>s\u00fcl hib\u00e1s teljes\u00edt\u00e9snek.<\/strong><\/p>\n<h4><strong>\ud83d\udcf7 Fontos tudni a k\u00e9pekr<\/strong><strong>\u0151<\/strong><strong>l<\/strong><\/h4>\n<p><strong>A webshopban szerepl<\/strong><strong>\u0151<\/strong><strong>\u00a0k\u00e9pek illusztr\u00e1ci\u00f3k, a n\u00f6v\u00e9nyek term\u00e9szet\u00fckn\u00e9l fogva egyediek, \u00edgy m\u00e9retben, alakban \u00e9s sz\u00ednben minim\u00e1lis elt\u00e9r\u00e9sek el<\/strong><strong>\u0151<\/strong><strong>fordulhatnak a k\u00e9pen l\u00e1that\u00f3 \u00e9s a val\u00f3s p\u00e9ld\u00e1nyok k\u00f6z\u00f6tt.<\/strong><\/p>\n<h4><strong>\ud83e\uddfe \u00c1rak \u00e9s el\u00e1ll\u00e1si jog<\/strong><\/h4>\n<ul>\n<li><strong>Az \u00e1rak egy darab\u00a0n\u00f6v\u00e9nyre vonatkoznak.<\/strong><\/li>\n<li><strong>\u00c9l<\/strong><strong>\u0151<\/strong><strong>\u00a0n\u00f6v\u00e9nyek rendel\u00e9se eset\u00e9n a 14 napos el\u00e1ll\u00e1s joga nem \u00e9rv\u00e9nyes\u00edthet<\/strong><strong>\u0151<\/strong><strong>, mivel azok romland\u00f3, biol\u00f3giailag \u00e9l<\/strong><strong>\u0151<\/strong><strong>\u00a0term\u00e9keknek min<\/strong><strong>\u0151<\/strong><strong>s\u00fclnek.<br \/>\n\ud83d\udd12 (17\/1999. (II. 5.) Korm. rendelet 5. \u00a7 c) pontja alapj\u00e1n)<\/strong><\/li>\n<\/ul>\n<h4><strong>\ud83d\udce6 K\u00e9zbes\u00edt\u00e9s ut\u00e1ni teend<\/strong><strong>\u0151<\/strong><strong>k<\/strong><\/h4>\n<p><strong>A k\u00e9zbes\u00edt\u00e9st k\u00f6vet<\/strong><strong>\u0151<\/strong><strong>en a csomagot azonnal bontsuk ki, \u00e9s a n\u00f6v\u00e9nyt helyezz\u00fck el megfelel<\/strong><strong>\u0151<\/strong><strong>\u00a0k\u00f6rnyezetben.<br \/>\nFontos: ha a n\u00f6v\u00e9ny nem r\u00e9szes\u00fcl megfelel<\/strong><strong>\u0151<\/strong><strong>\u00a0gondoz\u00e1sban \u00e9s ennek k\u00f6vetkezt\u00e9ben k\u00e1rosodik vagy elpusztul, felel<\/strong><strong>\u0151<\/strong><strong>ss\u00e9get nem tudunk v\u00e1llalni.<\/strong><\/p>","protected":false},"excerpt":{"rendered":"<p>A <strong data-start=\"289\" data-end=\"322\">Skimmia japonica \u2018Temptation\u2019<\/strong> egy dekorat\u00edv, \u00f6r\u00f6kz\u00f6ld jap\u00e1n d\u00e9rbab\u00e9r, amely illatos vir\u00e1gaival, t\u00f6m\u00f6tt bimb\u00f3ival \u00e9s piros term\u00e9seivel eg\u00e9sz \u00e9vben mutat\u00f3s. \u00c1rny\u00e9kos kertek igazi d\u00edsze.<\/p>\n<p>M\u00e9rete: 50-60 cm magas 5 literes kont\u00e9nerben.<\/p>","protected":false},"featured_media":17787,"template":"","meta":{"_et_pb_use_builder":"","_et_pb_old_content":"","_et_gb_content_width":""},"product_brand":[],"product_cat":[27],"product_tag":[6591,5849,380,4564,4994,6519,381,7584,7583],"class_list":{"0":"post-17783","1":"product","2":"type-product","3":"status-publish","4":"has-post-thumbnail","6":"product_cat-cserjek","7":"product_tag-arnyekkedvelo-noveny","8":"product_tag-diszcserje","9":"product_tag-japan-derbaber","10":"product_tag-kerteszet","11":"product_tag-orokzold-cserje","12":"product_tag-savanyu-talajt-kedvelo-noveny","13":"product_tag-skimmia-japonica","14":"product_tag-teli-disznoveny","15":"product_tag-temptation","17":"first","18":"instock","19":"shipping-taxable","20":"purchasable","21":"product-type-simple"},"yoast_head":"<!-- This site is optimized with the Yoast SEO plugin v27.5 - https:\/\/yoast.com\/product\/yoast-seo-wordpress\/ -->\n<title>Skimmia Japonica &#039;Temptation&#039; - Jap\u00e1n d\u00e9rbab\u00e9r - T\u00e1jkert\u00e9sz<\/title>\n<meta name=\"description\" content=\"Skimmia Japonica Temptation - Jap\u00e1n d\u00e9rbab\u00e9r. N\u0151ivar\u00fa d\u00e9rbab\u00e9r fajta, amikor a feh\u00e9r d\u00e9rbab\u00e9r vir\u00e1gai megterm\u00e9keny\u00fclnek kis, \u00e9l\u00e9nkpiros bogy\u00f3kat hoznak...\" \/>\n<meta name=\"robots\" content=\"index, follow, max-snippet:-1, max-image-preview:large, max-video-preview:-1\" \/>\n<link rel=\"canonical\" href=\"https:\/\/tajkertesz.com\/en_US\/product\/skimmia-japonica-temptation-japan-derbaber\/\" \/>\n<meta property=\"og:locale\" content=\"en_US\" \/>\n<meta property=\"og:type\" content=\"article\" \/>\n<meta property=\"og:title\" content=\"Skimmia Japonica &#039;Temptation&#039; - Jap\u00e1n d\u00e9rbab\u00e9r - T\u00e1jkert\u00e9sz\" \/>\n<meta property=\"og:description\" content=\"Skimmia Japonica Temptation - Jap\u00e1n d\u00e9rbab\u00e9r. N\u0151ivar\u00fa d\u00e9rbab\u00e9r fajta, amikor a feh\u00e9r d\u00e9rbab\u00e9r vir\u00e1gai megterm\u00e9keny\u00fclnek kis, \u00e9l\u00e9nkpiros bogy\u00f3kat hoznak...\" \/>\n<meta property=\"og:url\" content=\"https:\/\/tajkertesz.com\/en_US\/product\/skimmia-japonica-temptation-japan-derbaber\/\" \/>\n<meta property=\"og:site_name\" content=\"T\u00e1jkert\u00e9sz\" \/>\n<meta property=\"article:publisher\" content=\"https:\/\/www.facebook.com\/Tajkertesz\/\" \/>\n<meta property=\"article:modified_time\" content=\"2026-02-25T14:22:15+00:00\" \/>\n<meta property=\"og:image\" content=\"https:\/\/tajkertesz.com\/wp-content\/uploads\/2023\/11\/20231107_121253-1-scaled.jpg\" \/>\n\t<meta property=\"og:image:width\" content=\"1920\" \/>\n\t<meta property=\"og:image:height\" content=\"1154\" \/>\n\t<meta property=\"og:image:type\" content=\"image\/jpeg\" \/>\n<meta name=\"twitter:card\" content=\"summary_large_image\" \/>\n<meta name=\"twitter:label1\" content=\"Est. reading time\" \/>\n\t<meta name=\"twitter:data1\" content=\"3 minutes\" \/>\n<script type=\"application\/ld+json\" class=\"yoast-schema-graph\">{\"@context\":\"https:\\\/\\\/schema.org\",\"@graph\":[{\"@type\":\"WebPage\",\"@id\":\"https:\\\/\\\/tajkertesz.com\\\/termek\\\/skimmia-japonica-temptation-japan-derbaber\\\/\",\"url\":\"https:\\\/\\\/tajkertesz.com\\\/termek\\\/skimmia-japonica-temptation-japan-derbaber\\\/\",\"name\":\"Skimmia Japonica 'Temptation' - Jap\u00e1n d\u00e9rbab\u00e9r - T\u00e1jkert\u00e9sz\",\"isPartOf\":{\"@id\":\"https:\\\/\\\/tajkertesz.com\\\/#website\"},\"primaryImageOfPage\":{\"@id\":\"https:\\\/\\\/tajkertesz.com\\\/termek\\\/skimmia-japonica-temptation-japan-derbaber\\\/#primaryimage\"},\"image\":{\"@id\":\"https:\\\/\\\/tajkertesz.com\\\/termek\\\/skimmia-japonica-temptation-japan-derbaber\\\/#primaryimage\"},\"thumbnailUrl\":\"https:\\\/\\\/tajkertesz.com\\\/wp-content\\\/uploads\\\/2023\\\/11\\\/20231107_121253-1-scaled.jpg\",\"datePublished\":\"2023-11-07T11:58:57+00:00\",\"dateModified\":\"2026-02-25T14:22:15+00:00\",\"description\":\"Skimmia Japonica Temptation - Jap\u00e1n d\u00e9rbab\u00e9r. N\u0151ivar\u00fa d\u00e9rbab\u00e9r fajta, amikor a feh\u00e9r d\u00e9rbab\u00e9r vir\u00e1gai megterm\u00e9keny\u00fclnek kis, \u00e9l\u00e9nkpiros bogy\u00f3kat hoznak...\",\"breadcrumb\":{\"@id\":\"https:\\\/\\\/tajkertesz.com\\\/termek\\\/skimmia-japonica-temptation-japan-derbaber\\\/#breadcrumb\"},\"inLanguage\":\"en-US\",\"potentialAction\":[{\"@type\":\"ReadAction\",\"target\":[\"https:\\\/\\\/tajkertesz.com\\\/termek\\\/skimmia-japonica-temptation-japan-derbaber\\\/\"]}]},{\"@type\":\"ImageObject\",\"inLanguage\":\"en-US\",\"@id\":\"https:\\\/\\\/tajkertesz.com\\\/termek\\\/skimmia-japonica-temptation-japan-derbaber\\\/#primaryimage\",\"url\":\"https:\\\/\\\/tajkertesz.com\\\/wp-content\\\/uploads\\\/2023\\\/11\\\/20231107_121253-1-scaled.jpg\",\"contentUrl\":\"https:\\\/\\\/tajkertesz.com\\\/wp-content\\\/uploads\\\/2023\\\/11\\\/20231107_121253-1-scaled.jpg\",\"width\":1920,\"height\":1154,\"caption\":\"Skimmia Japonica Temptation - Jap\u00e1n d\u00e9rbab\u00e9r\"},{\"@type\":\"BreadcrumbList\",\"@id\":\"https:\\\/\\\/tajkertesz.com\\\/termek\\\/skimmia-japonica-temptation-japan-derbaber\\\/#breadcrumb\",\"itemListElement\":[{\"@type\":\"ListItem\",\"position\":1,\"name\":\"Home\",\"item\":\"https:\\\/\\\/tajkertesz.com\\\/\"},{\"@type\":\"ListItem\",\"position\":2,\"name\":\"Kezd\u0151lap\",\"item\":\"https:\\\/\\\/tajkertesz.com\\\/\"},{\"@type\":\"ListItem\",\"position\":3,\"name\":\"Skimmia Japonica &#8216;Temptation&#8217; &#8211; Jap\u00e1n d\u00e9rbab\u00e9r\"}]},{\"@type\":\"WebSite\",\"@id\":\"https:\\\/\\\/tajkertesz.com\\\/#website\",\"url\":\"https:\\\/\\\/tajkertesz.com\\\/\",\"name\":\"T\u00e1j-Kert\u00e9sz 84 Kft.\",\"description\":\"Kert\u00e9szeti kis- \u00e9s nagykeresked\u00e9s, D\u00edszn\u00f6v\u00e9ny web\u00e1ruh\u00e1z orsz\u00e1gos h\u00e1zhozsz\u00e1ll\u00edt\u00e1ssal!\",\"publisher\":{\"@id\":\"https:\\\/\\\/tajkertesz.com\\\/#organization\"},\"potentialAction\":[{\"@type\":\"SearchAction\",\"target\":{\"@type\":\"EntryPoint\",\"urlTemplate\":\"https:\\\/\\\/tajkertesz.com\\\/?s={search_term_string}\"},\"query-input\":{\"@type\":\"PropertyValueSpecification\",\"valueRequired\":true,\"valueName\":\"search_term_string\"}}],\"inLanguage\":\"en-US\"},{\"@type\":\"Organization\",\"@id\":\"https:\\\/\\\/tajkertesz.com\\\/#organization\",\"name\":\"T\u00e1j-Kert\u00e9sz 84 Kft.\",\"url\":\"https:\\\/\\\/tajkertesz.com\\\/\",\"logo\":{\"@type\":\"ImageObject\",\"inLanguage\":\"en-US\",\"@id\":\"https:\\\/\\\/tajkertesz.com\\\/#\\\/schema\\\/logo\\\/image\\\/\",\"url\":\"https:\\\/\\\/tajkertesz.com\\\/wp-content\\\/uploads\\\/2018\\\/02\\\/logo-2-e1518678052539.png\",\"contentUrl\":\"https:\\\/\\\/tajkertesz.com\\\/wp-content\\\/uploads\\\/2018\\\/02\\\/logo-2-e1518678052539.png\",\"width\":81,\"height\":140,\"caption\":\"T\u00e1j-Kert\u00e9sz 84 Kft.\"},\"image\":{\"@id\":\"https:\\\/\\\/tajkertesz.com\\\/#\\\/schema\\\/logo\\\/image\\\/\"},\"sameAs\":[\"https:\\\/\\\/www.facebook.com\\\/Tajkertesz\\\/\"]}]}<\/script>\n<!-- \/ Yoast SEO plugin. -->","yoast_head_json":{"title":"Skimmia Japonica 'Temptation' - Jap\u00e1n d\u00e9rbab\u00e9r - T\u00e1jkert\u00e9sz","description":"Skimmia Japonica Temptation - Jap\u00e1n d\u00e9rbab\u00e9r. N\u0151ivar\u00fa d\u00e9rbab\u00e9r fajta, amikor a feh\u00e9r d\u00e9rbab\u00e9r vir\u00e1gai megterm\u00e9keny\u00fclnek kis, \u00e9l\u00e9nkpiros bogy\u00f3kat hoznak...","robots":{"index":"index","follow":"follow","max-snippet":"max-snippet:-1","max-image-preview":"max-image-preview:large","max-video-preview":"max-video-preview:-1"},"canonical":"https:\/\/tajkertesz.com\/en_US\/product\/skimmia-japonica-temptation-japan-derbaber\/","og_locale":"en_US","og_type":"article","og_title":"Skimmia Japonica 'Temptation' - Jap\u00e1n d\u00e9rbab\u00e9r - T\u00e1jkert\u00e9sz","og_description":"Skimmia Japonica Temptation - Jap\u00e1n d\u00e9rbab\u00e9r. N\u0151ivar\u00fa d\u00e9rbab\u00e9r fajta, amikor a feh\u00e9r d\u00e9rbab\u00e9r vir\u00e1gai megterm\u00e9keny\u00fclnek kis, \u00e9l\u00e9nkpiros bogy\u00f3kat hoznak...","og_url":"https:\/\/tajkertesz.com\/en_US\/product\/skimmia-japonica-temptation-japan-derbaber\/","og_site_name":"T\u00e1jkert\u00e9sz","article_publisher":"https:\/\/www.facebook.com\/Tajkertesz\/","article_modified_time":"2026-02-25T14:22:15+00:00","og_image":[{"width":1920,"height":1154,"url":"https:\/\/tajkertesz.com\/wp-content\/uploads\/2023\/11\/20231107_121253-1-scaled.jpg","type":"image\/jpeg"}],"twitter_card":"summary_large_image","twitter_misc":{"Est. reading time":"3 minutes"},"schema":{"@context":"https:\/\/schema.org","@graph":[{"@type":"WebPage","@id":"https:\/\/tajkertesz.com\/termek\/skimmia-japonica-temptation-japan-derbaber\/","url":"https:\/\/tajkertesz.com\/termek\/skimmia-japonica-temptation-japan-derbaber\/","name":"Skimmia Japonica 'Temptation' - Jap\u00e1n d\u00e9rbab\u00e9r - T\u00e1jkert\u00e9sz","isPartOf":{"@id":"https:\/\/tajkertesz.com\/#website"},"primaryImageOfPage":{"@id":"https:\/\/tajkertesz.com\/termek\/skimmia-japonica-temptation-japan-derbaber\/#primaryimage"},"image":{"@id":"https:\/\/tajkertesz.com\/termek\/skimmia-japonica-temptation-japan-derbaber\/#primaryimage"},"thumbnailUrl":"https:\/\/tajkertesz.com\/wp-content\/uploads\/2023\/11\/20231107_121253-1-scaled.jpg","datePublished":"2023-11-07T11:58:57+00:00","dateModified":"2026-02-25T14:22:15+00:00","description":"Skimmia Japonica Temptation - Jap\u00e1n d\u00e9rbab\u00e9r. N\u0151ivar\u00fa d\u00e9rbab\u00e9r fajta, amikor a feh\u00e9r d\u00e9rbab\u00e9r vir\u00e1gai megterm\u00e9keny\u00fclnek kis, \u00e9l\u00e9nkpiros bogy\u00f3kat hoznak...","breadcrumb":{"@id":"https:\/\/tajkertesz.com\/termek\/skimmia-japonica-temptation-japan-derbaber\/#breadcrumb"},"inLanguage":"en-US","potentialAction":[{"@type":"ReadAction","target":["https:\/\/tajkertesz.com\/termek\/skimmia-japonica-temptation-japan-derbaber\/"]}]},{"@type":"ImageObject","inLanguage":"en-US","@id":"https:\/\/tajkertesz.com\/termek\/skimmia-japonica-temptation-japan-derbaber\/#primaryimage","url":"https:\/\/tajkertesz.com\/wp-content\/uploads\/2023\/11\/20231107_121253-1-scaled.jpg","contentUrl":"https:\/\/tajkertesz.com\/wp-content\/uploads\/2023\/11\/20231107_121253-1-scaled.jpg","width":1920,"height":1154,"caption":"Skimmia Japonica Temptation - Jap\u00e1n d\u00e9rbab\u00e9r"},{"@type":"BreadcrumbList","@id":"https:\/\/tajkertesz.com\/termek\/skimmia-japonica-temptation-japan-derbaber\/#breadcrumb","itemListElement":[{"@type":"ListItem","position":1,"name":"Home","item":"https:\/\/tajkertesz.com\/"},{"@type":"ListItem","position":2,"name":"Kezd\u0151lap","item":"https:\/\/tajkertesz.com\/"},{"@type":"ListItem","position":3,"name":"Skimmia Japonica &#8216;Temptation&#8217; &#8211; Jap\u00e1n d\u00e9rbab\u00e9r"}]},{"@type":"WebSite","@id":"https:\/\/tajkertesz.com\/#website","url":"https:\/\/tajkertesz.com\/","name":"T\u00e1j-Kert\u00e9sz 84 Kft.","description":"Kert\u00e9szeti kis- \u00e9s nagykeresked\u00e9s, D\u00edszn\u00f6v\u00e9ny web\u00e1ruh\u00e1z orsz\u00e1gos h\u00e1zhozsz\u00e1ll\u00edt\u00e1ssal!","publisher":{"@id":"https:\/\/tajkertesz.com\/#organization"},"potentialAction":[{"@type":"SearchAction","target":{"@type":"EntryPoint","urlTemplate":"https:\/\/tajkertesz.com\/?s={search_term_string}"},"query-input":{"@type":"PropertyValueSpecification","valueRequired":true,"valueName":"search_term_string"}}],"inLanguage":"en-US"},{"@type":"Organization","@id":"https:\/\/tajkertesz.com\/#organization","name":"T\u00e1j-Kert\u00e9sz 84 Kft.","url":"https:\/\/tajkertesz.com\/","logo":{"@type":"ImageObject","inLanguage":"en-US","@id":"https:\/\/tajkertesz.com\/#\/schema\/logo\/image\/","url":"https:\/\/tajkertesz.com\/wp-content\/uploads\/2018\/02\/logo-2-e1518678052539.png","contentUrl":"https:\/\/tajkertesz.com\/wp-content\/uploads\/2018\/02\/logo-2-e1518678052539.png","width":81,"height":140,"caption":"T\u00e1j-Kert\u00e9sz 84 Kft."},"image":{"@id":"https:\/\/tajkertesz.com\/#\/schema\/logo\/image\/"},"sameAs":["https:\/\/www.facebook.com\/Tajkertesz\/"]}]}},"_links":{"self":[{"href":"https:\/\/tajkertesz.com\/en_US\/wp-json\/wp\/v2\/product\/17783","targetHints":{"allow":["GET"]}}],"collection":[{"href":"https:\/\/tajkertesz.com\/en_US\/wp-json\/wp\/v2\/product"}],"about":[{"href":"https:\/\/tajkertesz.com\/en_US\/wp-json\/wp\/v2\/types\/product"}],"wp:featuredmedia":[{"embeddable":true,"href":"https:\/\/tajkertesz.com\/en_US\/wp-json\/wp\/v2\/media\/17787"}],"wp:attachment":[{"href":"https:\/\/tajkertesz.com\/en_US\/wp-json\/wp\/v2\/media?parent=17783"}],"wp:term":[{"taxonomy":"product_brand","embeddable":true,"href":"https:\/\/tajkertesz.com\/en_US\/wp-json\/wp\/v2\/product_brand?post=17783"},{"taxonomy":"product_cat","embeddable":true,"href":"https:\/\/tajkertesz.com\/en_US\/wp-json\/wp\/v2\/product_cat?post=17783"},{"taxonomy":"product_tag","embeddable":true,"href":"https:\/\/tajkertesz.com\/en_US\/wp-json\/wp\/v2\/product_tag?post=17783"}],"curies":[{"name":"wp","href":"https:\/\/api.w.org\/{rel}","templated":true}]}}