{"id":17839,"date":"2023-11-09T11:14:00","date_gmt":"2023-11-09T11:14:00","guid":{"rendered":"https:\/\/tajkertesz.com\/?post_type=product&#038;p=17839"},"modified":"2025-10-16T09:23:07","modified_gmt":"2025-10-16T09:23:07","slug":"grincsfa-alap-fenyodekor-nelkul","status":"publish","type":"product","link":"https:\/\/tajkertesz.com\/en_US\/product\/grincsfa-alap-fenyodekor-nelkul\/","title":{"rendered":"Grincsfa alap feny\u0151dekor n\u00e9lk\u00fcl  80\/90 cm sz\u00ednes m\u0171anyag kasp\u00f3ban"},"content":{"rendered":"<h2>Grincsfa alap feny\u0151dekor n\u00e9lk\u00fcl 80\/90 cm sz\u00ednes m\u0171anyag kasp\u00f3ban<\/h2>\n<p>Grincsfa alap feny\u0151dekor n\u00e9lk\u00fcl 80\/90 cm sz\u00ednes m\u0171anyag kasp\u00f3ban.<\/p>\n<p>A\u00a0<em>grincsfa<\/em> ma m\u00e1r szinte minden kar\u00e1csonyi dekor\u00e1ci\u00f3 elengedhetetlen r\u00e9sze.<\/p>\n<p>M\u00e9retben \u00e9s anyag\u00e1ban is elt\u00e9r\u0151 lehet.<\/p>\n<p>Haz\u00e1nkban a\u00a0 zan\u00f3t \u00e9s feny\u0151 kombin\u00e1ci\u00f3j\u00e1val k\u00e9sz\u00edtik a\u00a0 legt\u00f6bben, \u00edgy mi is.<\/p>\n<p>A term\u00e9k kb: 80\/90 cm magas sz\u00ednes m\u0171anyag kasp\u00f3ban kaphat\u00f3, melyet term\u00e9szetesen vizes o\u00e1zisba k\u00e9sz\u00edt\u00fcnk.<\/p>\n<p><strong>Itt fontos megeml\u00edteni az o\u00e1zis\u00a0 t\u00f6bbsz\u00f6ri v\u00edzzel val\u00f3 ut\u00e1np\u00f3tl\u00e1s\u00e1t, hogy a\u00a0 grincsf\u00e1nk sok\u00e1ig sz\u00e9p \u00fcde z\u00f6ld maradjon!<\/strong><\/p>\n<p>A dekor\u00e1l\u00e1st r\u00e1d(r\u00e1tok) b\u00edzzuk, hisz mindenkinek m\u00e1s tetszik!<\/p>\n<p>T\u00f6k\u00e9letes program a gyerekekkel val\u00f3 feld\u00edsz\u00edt\u00e9se.<\/p>\n<p>Vagy amennyiben m\u00e1r nagyobb a gyermeked, b\u00edzd r\u00e1 \u00e9s megl\u00e1tod csod\u00e1latosat fog alkotni.<\/p>\n<h3><span style=\"color: #ff6600;\">FONTOS!<\/span><\/h3>\n<h3><span style=\"color: #ff6600;\">Megrendel\u00e9skor k\u00e9rj\u00fck felt\u00fcntetni a megjegyz\u00e9s rovatban mikorra szeretn\u00e9, hogy elk\u00e9sz\u00fclj\u00f6n a term\u00e9k illetve, hogy mikor tudja\u00a0 a\u00a0 Gls-t\u0151l \u00e1tvenni.\u00a0<\/span><\/h3>\n<p>&nbsp;<\/p>\n<p><strong>K\u00e9szlet\u00fcnk napi szinten v\u00e1ltozik, ez\u00e9rt k\u00e9rj\u00fck, \u00e9rdekl\u0151dj\u00f6n szem\u00e9lyesen, telefonon vagy email-en.<br \/>\nA v\u00e1ltoztat\u00e1s jog\u00e1t fenntartjuk!\u00a0<\/strong><\/p>\n<p>&nbsp;<\/p>\n<p><a href=\"https:\/\/tajkertesz.com\/\">https:\/\/tajkertesz.com\/<\/a><\/p>\n<p><a href=\"https:\/\/www.facebook.com\/tajkertesz\/\">https:\/\/www.facebook.com\/tajkertesz\/<\/a><\/p>\n<p>Kisz\u00e1ll\u00edt\u00e1s: 200cm-ig \u00a0\u00e9s 40 kg-ig a sz\u00e1ll\u00edt\u00e1s fut\u00e1rszolg\u00e1lattal \u00a0t\u00f6rt\u00e9nik.<\/p>\n<p>Szem\u00e9lyes \u00e1tv\u00e9tel nyitvatart\u00e1si id\u0151ben a 17. ker\u00fclet Bakancsos utca 7. sz\u00e1m alatti Kert\u00e9szeti \u00e1rud\u00e1ban.<\/p>\n<h6>A\u00a0<em>grincsfa<\/em> ma m\u00e1r szinte minden kar\u00e1csonyi dekor\u00e1ci\u00f3 elengedhetetlen r\u00e9sze.<\/h6>\n<h6>M\u00e9retben \u00e9s anyag\u00e1ban is elt\u00e9r\u0151 lehet.<\/h6>\n<h6>Haz\u00e1nkban a\u00a0 zan\u00f3t \u00e9s feny\u0151 kombin\u00e1ci\u00f3j\u00e1val k\u00e9sz\u00edtik a\u00a0 legt\u00f6bben, \u00edgy mi is.<\/h6>\n<h6>A term\u00e9k kb: 80\/90 cm magas sz\u00ednes m\u0171anyag kasp\u00f3ban kaphat\u00f3, melyet term\u00e9szetesen vizes o\u00e1zisba k\u00e9sz\u00edt\u00fcnk.<\/h6>\n<h6>Itt fontos megeml\u00edteni az o\u00e1zis\u00a0 t\u00f6bbsz\u00f6ri v\u00edzzel val\u00f3 ut\u00e1np\u00f3tl\u00e1s\u00e1t, hogy a\u00a0 grincsf\u00e1nk sok\u00e1ig sz\u00e9p \u00fcde z\u00f6ld maradjon.<\/h6>\n<h6>A dekor\u00e1l\u00e1st r\u00e1d(r\u00e1tok) b\u00edzzuk, hisz mindenkinek m\u00e1s tetszik!<\/h6>\n<h6>T\u00f6k\u00e9letes program a gyerekekkel val\u00f3 feld\u00edsz\u00edt\u00e9se.<\/h6>\n<h6>Vagy amennyiben m\u00e1r nagyobb a gyermeked, b\u00edzd r\u00e1 \u00e9s megl\u00e1tod csod\u00e1latosat fog alkotni.<\/h6>\n<p><span style=\"color: #ffffff;\">M\u00e9retben \u00e9s anyag\u00e1ban is elt\u00e9r\u0151 lehet. Haz\u00e1nkban a\u00a0 zan\u00f3t \u00e9s feny\u0151 kombin\u00e1ci\u00f3j\u00e1val k\u00e9sz\u00edtik a\u00a0 legt\u00f6bben, \u00edgy mi is. A term\u00e9k kb: 110-120 cm magas piros sz\u00edn\u0171 m\u0171anyag kasp\u00f3ban kaphat\u00f3, melyet term\u00e9szetesen vizes o\u00e1zisba k\u00e9sz\u00edt\u00fcnk. Itt fontos megeml\u00edteni az o\u00e1zis\u00a0 t\u00f6bbsz\u00f6ri v\u00edzzel val\u00f3 ut\u00e1np\u00f3tl\u00e1s\u00e1t, hogy a\u00a0 grincsf\u00e1nk sok\u00e1ig sz\u00e9p \u00fcde z\u00f6ld maradjon. A dekor\u00e1l\u00e1st r\u00e1d(r\u00e1tok) b\u00edzzuk, hisz mindenkinek m\u00e1s tetszik! T\u00f6k\u00e9letes program a gyerekekkel val\u00f3 feld\u00edsz\u00edt\u00e9se. Vagy amennyiben m\u00e1r nagyobb a gyermeked, b\u00edzd r\u00e1 \u00e9s megl\u00e1tod csod\u00e1latosat fog alkotni.<\/span><\/p>\n<p>&nbsp;<\/p>\n<h6><\/h6>","protected":false},"excerpt":{"rendered":"<h3>Grincsfa alap feny\u0151dekor n\u00e9lk\u00fcl 80\/90 cm sz\u00ednes m\u0171anyag kasp\u00f3ban<\/h3>\n<h3><span style=\"text-decoration: underline; color: #ff0000;\">El\u0151rendelhet\u0151 grincsfa alap d\u00edsz\u00edt\u00e9s n\u00e9lk\u00fcl!<\/span><\/h3>\n<p>&nbsp;<\/p>\n<p>A\u00a0<em>grincsfa<\/em> ma m\u00e1r szinte minden kar\u00e1csonyi dekor\u00e1ci\u00f3 elengedhetetlen r\u00e9sze.<\/p>\n<p>M\u00e9retben \u00e9s anyag\u00e1ban is elt\u00e9r\u0151 lehet.<\/p>\n<p>Haz\u00e1nkban a\u00a0 zan\u00f3t \u00e9s feny\u0151 kombin\u00e1ci\u00f3j\u00e1val k\u00e9sz\u00edtik a\u00a0 legt\u00f6bben, \u00edgy mi is.<\/p>\n<p>A term\u00e9k kb:\u00a0 80\/90 cm magas sz\u00ednes m\u0171anyag kasp\u00f3ban kaphat\u00f3, melyet term\u00e9szetesen vizes o\u00e1zisba k\u00e9sz\u00edt\u00fcnk.<\/p>\n<p>Itt fontos megeml\u00edteni az o\u00e1zis\u00a0 t\u00f6bbsz\u00f6ri v\u00edzzel val\u00f3 ut\u00e1np\u00f3tl\u00e1s\u00e1t, hogy a\u00a0 grincsf\u00e1nk sok\u00e1ig sz\u00e9p \u00fcde z\u00f6ld maradjon.<\/p>\n<p>A dekor\u00e1l\u00e1st r\u00e1d(r\u00e1tok) b\u00edzzuk, hisz mindenkinek m\u00e1s tetszik!<\/p>\n<p>T\u00f6k\u00e9letes program a gyerekekkel val\u00f3 feld\u00edsz\u00edt\u00e9se.<\/p>\n<p>Vagy amennyiben m\u00e1r nagyobb a gyermeked, b\u00edzd r\u00e1 \u00e9s megl\u00e1tod csod\u00e1latosat fog alkotni.<\/p>\n<h3><span style=\"color: #ff6600;\">FONTOS!<\/span><\/h3>\n<h3><span style=\"color: #ff6600;\">Megrendel\u00e9skor k\u00e9rj\u00fck felt\u00fcntetni a megjegyz\u00e9s rovatban mikorra szeretn\u00e9, hogy elk\u00e9sz\u00fclj\u00f6n a term\u00e9k illetve, hogy mikor tudja\u00a0 a\u00a0 Gls-t\u0151l \u00e1tvenni.\u00a0<\/span><\/h3>","protected":false},"featured_media":17835,"template":"","meta":{"_et_pb_use_builder":"","_et_pb_old_content":"","_et_gb_content_width":""},"product_brand":[],"product_cat":[4448],"product_tag":[4017,3296,4016,950],"class_list":{"0":"post-17839","1":"product","2":"type-product","3":"status-publish","4":"has-post-thumbnail","6":"product_cat-grincsfak","7":"product_tag-grincs","8":"product_tag-grincsfa-alap-110-120-cm","9":"product_tag-muanyag-kaspoban","10":"product_tag-piros","12":"first","13":"onbackorder","14":"shipping-taxable","15":"purchasable","16":"product-type-simple"},"yoast_head":"<!-- This site is optimized with the Yoast SEO plugin v27.3 - https:\/\/yoast.com\/product\/yoast-seo-wordpress\/ -->\n<title>Grincsfa alap feny\u0151dekor n\u00e9lk\u00fcl 80\/90 cm sz\u00ednes m\u0171anyag kasp\u00f3ban - T\u00e1jkert\u00e9sz<\/title>\n<meta name=\"description\" content=\"Grincsfa alap 80\/90 cm sz\u00ednes m\u0171anyag kasp\u00f3ban. A\u00a0grincsfa ma m\u00e1r szinten minden kar\u00e1csonyi dekor\u00e1ci\u00f3 elengedhetetlen d\u00edsze.\" \/>\n<meta name=\"robots\" content=\"index, follow, max-snippet:-1, max-image-preview:large, max-video-preview:-1\" \/>\n<link rel=\"canonical\" href=\"https:\/\/tajkertesz.com\/en_US\/product\/grincsfa-alap-fenyodekor-nelkul\/\" \/>\n<meta property=\"og:locale\" content=\"en_US\" \/>\n<meta property=\"og:type\" content=\"article\" \/>\n<meta property=\"og:title\" content=\"Grincsfa alap feny\u0151dekor n\u00e9lk\u00fcl 80\/90 cm sz\u00ednes m\u0171anyag kasp\u00f3ban - T\u00e1jkert\u00e9sz\" \/>\n<meta property=\"og:description\" content=\"Grincsfa alap 80\/90 cm sz\u00ednes m\u0171anyag kasp\u00f3ban. A\u00a0grincsfa ma m\u00e1r szinten minden kar\u00e1csonyi dekor\u00e1ci\u00f3 elengedhetetlen d\u00edsze.\" \/>\n<meta property=\"og:url\" content=\"https:\/\/tajkertesz.com\/en_US\/product\/grincsfa-alap-fenyodekor-nelkul\/\" \/>\n<meta property=\"og:site_name\" content=\"T\u00e1jkert\u00e9sz\" \/>\n<meta property=\"article:publisher\" content=\"https:\/\/www.facebook.com\/Tajkertesz\/\" \/>\n<meta property=\"article:modified_time\" content=\"2025-10-16T09:23:07+00:00\" \/>\n<meta property=\"og:image\" content=\"https:\/\/tajkertesz.com\/wp-content\/uploads\/2023\/11\/20231108_162902-1-scaled.jpg\" \/>\n\t<meta property=\"og:image:width\" content=\"733\" \/>\n\t<meta property=\"og:image:height\" content=\"2560\" \/>\n\t<meta property=\"og:image:type\" content=\"image\/jpeg\" \/>\n<meta name=\"twitter:card\" content=\"summary_large_image\" \/>\n<meta name=\"twitter:label1\" content=\"Est. reading time\" \/>\n\t<meta name=\"twitter:data1\" content=\"3 minutes\" \/>\n<script type=\"application\/ld+json\" class=\"yoast-schema-graph\">{\"@context\":\"https:\\\/\\\/schema.org\",\"@graph\":[{\"@type\":\"WebPage\",\"@id\":\"https:\\\/\\\/tajkertesz.com\\\/termek\\\/grincsfa-alap-fenyodekor-nelkul\\\/\",\"url\":\"https:\\\/\\\/tajkertesz.com\\\/termek\\\/grincsfa-alap-fenyodekor-nelkul\\\/\",\"name\":\"Grincsfa alap feny\u0151dekor n\u00e9lk\u00fcl 80\\\/90 cm sz\u00ednes m\u0171anyag kasp\u00f3ban - T\u00e1jkert\u00e9sz\",\"isPartOf\":{\"@id\":\"https:\\\/\\\/tajkertesz.com\\\/#website\"},\"primaryImageOfPage\":{\"@id\":\"https:\\\/\\\/tajkertesz.com\\\/termek\\\/grincsfa-alap-fenyodekor-nelkul\\\/#primaryimage\"},\"image\":{\"@id\":\"https:\\\/\\\/tajkertesz.com\\\/termek\\\/grincsfa-alap-fenyodekor-nelkul\\\/#primaryimage\"},\"thumbnailUrl\":\"https:\\\/\\\/tajkertesz.com\\\/wp-content\\\/uploads\\\/2023\\\/11\\\/20231108_162902-1-scaled.jpg\",\"datePublished\":\"2023-11-09T11:14:00+00:00\",\"dateModified\":\"2025-10-16T09:23:07+00:00\",\"description\":\"Grincsfa alap 80\\\/90 cm sz\u00ednes m\u0171anyag kasp\u00f3ban. A\u00a0grincsfa ma m\u00e1r szinten minden kar\u00e1csonyi dekor\u00e1ci\u00f3 elengedhetetlen d\u00edsze.\",\"breadcrumb\":{\"@id\":\"https:\\\/\\\/tajkertesz.com\\\/termek\\\/grincsfa-alap-fenyodekor-nelkul\\\/#breadcrumb\"},\"inLanguage\":\"en-US\",\"potentialAction\":[{\"@type\":\"ReadAction\",\"target\":[\"https:\\\/\\\/tajkertesz.com\\\/termek\\\/grincsfa-alap-fenyodekor-nelkul\\\/\"]}]},{\"@type\":\"ImageObject\",\"inLanguage\":\"en-US\",\"@id\":\"https:\\\/\\\/tajkertesz.com\\\/termek\\\/grincsfa-alap-fenyodekor-nelkul\\\/#primaryimage\",\"url\":\"https:\\\/\\\/tajkertesz.com\\\/wp-content\\\/uploads\\\/2023\\\/11\\\/20231108_162902-1-scaled.jpg\",\"contentUrl\":\"https:\\\/\\\/tajkertesz.com\\\/wp-content\\\/uploads\\\/2023\\\/11\\\/20231108_162902-1-scaled.jpg\",\"width\":733,\"height\":2560},{\"@type\":\"BreadcrumbList\",\"@id\":\"https:\\\/\\\/tajkertesz.com\\\/termek\\\/grincsfa-alap-fenyodekor-nelkul\\\/#breadcrumb\",\"itemListElement\":[{\"@type\":\"ListItem\",\"position\":1,\"name\":\"Home\",\"item\":\"https:\\\/\\\/tajkertesz.com\\\/\"},{\"@type\":\"ListItem\",\"position\":2,\"name\":\"Kezd\u0151lap\",\"item\":\"https:\\\/\\\/tajkertesz.com\\\/\"},{\"@type\":\"ListItem\",\"position\":3,\"name\":\"Grincsfa alap feny\u0151dekor n\u00e9lk\u00fcl 80\\\/90 cm sz\u00ednes m\u0171anyag kasp\u00f3ban\"}]},{\"@type\":\"WebSite\",\"@id\":\"https:\\\/\\\/tajkertesz.com\\\/#website\",\"url\":\"https:\\\/\\\/tajkertesz.com\\\/\",\"name\":\"T\u00e1j-Kert\u00e9sz 84 Kft.\",\"description\":\"Kert\u00e9szeti kis- \u00e9s nagykeresked\u00e9s, D\u00edszn\u00f6v\u00e9ny web\u00e1ruh\u00e1z orsz\u00e1gos h\u00e1zhozsz\u00e1ll\u00edt\u00e1ssal!\",\"publisher\":{\"@id\":\"https:\\\/\\\/tajkertesz.com\\\/#organization\"},\"potentialAction\":[{\"@type\":\"SearchAction\",\"target\":{\"@type\":\"EntryPoint\",\"urlTemplate\":\"https:\\\/\\\/tajkertesz.com\\\/?s={search_term_string}\"},\"query-input\":{\"@type\":\"PropertyValueSpecification\",\"valueRequired\":true,\"valueName\":\"search_term_string\"}}],\"inLanguage\":\"en-US\"},{\"@type\":\"Organization\",\"@id\":\"https:\\\/\\\/tajkertesz.com\\\/#organization\",\"name\":\"T\u00e1j-Kert\u00e9sz 84 Kft.\",\"url\":\"https:\\\/\\\/tajkertesz.com\\\/\",\"logo\":{\"@type\":\"ImageObject\",\"inLanguage\":\"en-US\",\"@id\":\"https:\\\/\\\/tajkertesz.com\\\/#\\\/schema\\\/logo\\\/image\\\/\",\"url\":\"https:\\\/\\\/tajkertesz.com\\\/wp-content\\\/uploads\\\/2018\\\/02\\\/logo-2-e1518678052539.png\",\"contentUrl\":\"https:\\\/\\\/tajkertesz.com\\\/wp-content\\\/uploads\\\/2018\\\/02\\\/logo-2-e1518678052539.png\",\"width\":81,\"height\":140,\"caption\":\"T\u00e1j-Kert\u00e9sz 84 Kft.\"},\"image\":{\"@id\":\"https:\\\/\\\/tajkertesz.com\\\/#\\\/schema\\\/logo\\\/image\\\/\"},\"sameAs\":[\"https:\\\/\\\/www.facebook.com\\\/Tajkertesz\\\/\"]}]}<\/script>\n<!-- \/ Yoast SEO plugin. -->","yoast_head_json":{"title":"Grincsfa alap feny\u0151dekor n\u00e9lk\u00fcl 80\/90 cm sz\u00ednes m\u0171anyag kasp\u00f3ban - T\u00e1jkert\u00e9sz","description":"Grincsfa alap 80\/90 cm sz\u00ednes m\u0171anyag kasp\u00f3ban. A\u00a0grincsfa ma m\u00e1r szinten minden kar\u00e1csonyi dekor\u00e1ci\u00f3 elengedhetetlen d\u00edsze.","robots":{"index":"index","follow":"follow","max-snippet":"max-snippet:-1","max-image-preview":"max-image-preview:large","max-video-preview":"max-video-preview:-1"},"canonical":"https:\/\/tajkertesz.com\/en_US\/product\/grincsfa-alap-fenyodekor-nelkul\/","og_locale":"en_US","og_type":"article","og_title":"Grincsfa alap feny\u0151dekor n\u00e9lk\u00fcl 80\/90 cm sz\u00ednes m\u0171anyag kasp\u00f3ban - T\u00e1jkert\u00e9sz","og_description":"Grincsfa alap 80\/90 cm sz\u00ednes m\u0171anyag kasp\u00f3ban. A\u00a0grincsfa ma m\u00e1r szinten minden kar\u00e1csonyi dekor\u00e1ci\u00f3 elengedhetetlen d\u00edsze.","og_url":"https:\/\/tajkertesz.com\/en_US\/product\/grincsfa-alap-fenyodekor-nelkul\/","og_site_name":"T\u00e1jkert\u00e9sz","article_publisher":"https:\/\/www.facebook.com\/Tajkertesz\/","article_modified_time":"2025-10-16T09:23:07+00:00","og_image":[{"width":733,"height":2560,"url":"https:\/\/tajkertesz.com\/wp-content\/uploads\/2023\/11\/20231108_162902-1-scaled.jpg","type":"image\/jpeg"}],"twitter_card":"summary_large_image","twitter_misc":{"Est. reading time":"3 minutes"},"schema":{"@context":"https:\/\/schema.org","@graph":[{"@type":"WebPage","@id":"https:\/\/tajkertesz.com\/termek\/grincsfa-alap-fenyodekor-nelkul\/","url":"https:\/\/tajkertesz.com\/termek\/grincsfa-alap-fenyodekor-nelkul\/","name":"Grincsfa alap feny\u0151dekor n\u00e9lk\u00fcl 80\/90 cm sz\u00ednes m\u0171anyag kasp\u00f3ban - T\u00e1jkert\u00e9sz","isPartOf":{"@id":"https:\/\/tajkertesz.com\/#website"},"primaryImageOfPage":{"@id":"https:\/\/tajkertesz.com\/termek\/grincsfa-alap-fenyodekor-nelkul\/#primaryimage"},"image":{"@id":"https:\/\/tajkertesz.com\/termek\/grincsfa-alap-fenyodekor-nelkul\/#primaryimage"},"thumbnailUrl":"https:\/\/tajkertesz.com\/wp-content\/uploads\/2023\/11\/20231108_162902-1-scaled.jpg","datePublished":"2023-11-09T11:14:00+00:00","dateModified":"2025-10-16T09:23:07+00:00","description":"Grincsfa alap 80\/90 cm sz\u00ednes m\u0171anyag kasp\u00f3ban. A\u00a0grincsfa ma m\u00e1r szinten minden kar\u00e1csonyi dekor\u00e1ci\u00f3 elengedhetetlen d\u00edsze.","breadcrumb":{"@id":"https:\/\/tajkertesz.com\/termek\/grincsfa-alap-fenyodekor-nelkul\/#breadcrumb"},"inLanguage":"en-US","potentialAction":[{"@type":"ReadAction","target":["https:\/\/tajkertesz.com\/termek\/grincsfa-alap-fenyodekor-nelkul\/"]}]},{"@type":"ImageObject","inLanguage":"en-US","@id":"https:\/\/tajkertesz.com\/termek\/grincsfa-alap-fenyodekor-nelkul\/#primaryimage","url":"https:\/\/tajkertesz.com\/wp-content\/uploads\/2023\/11\/20231108_162902-1-scaled.jpg","contentUrl":"https:\/\/tajkertesz.com\/wp-content\/uploads\/2023\/11\/20231108_162902-1-scaled.jpg","width":733,"height":2560},{"@type":"BreadcrumbList","@id":"https:\/\/tajkertesz.com\/termek\/grincsfa-alap-fenyodekor-nelkul\/#breadcrumb","itemListElement":[{"@type":"ListItem","position":1,"name":"Home","item":"https:\/\/tajkertesz.com\/"},{"@type":"ListItem","position":2,"name":"Kezd\u0151lap","item":"https:\/\/tajkertesz.com\/"},{"@type":"ListItem","position":3,"name":"Grincsfa alap feny\u0151dekor n\u00e9lk\u00fcl 80\/90 cm sz\u00ednes m\u0171anyag kasp\u00f3ban"}]},{"@type":"WebSite","@id":"https:\/\/tajkertesz.com\/#website","url":"https:\/\/tajkertesz.com\/","name":"T\u00e1j-Kert\u00e9sz 84 Kft.","description":"Kert\u00e9szeti kis- \u00e9s nagykeresked\u00e9s, D\u00edszn\u00f6v\u00e9ny web\u00e1ruh\u00e1z orsz\u00e1gos h\u00e1zhozsz\u00e1ll\u00edt\u00e1ssal!","publisher":{"@id":"https:\/\/tajkertesz.com\/#organization"},"potentialAction":[{"@type":"SearchAction","target":{"@type":"EntryPoint","urlTemplate":"https:\/\/tajkertesz.com\/?s={search_term_string}"},"query-input":{"@type":"PropertyValueSpecification","valueRequired":true,"valueName":"search_term_string"}}],"inLanguage":"en-US"},{"@type":"Organization","@id":"https:\/\/tajkertesz.com\/#organization","name":"T\u00e1j-Kert\u00e9sz 84 Kft.","url":"https:\/\/tajkertesz.com\/","logo":{"@type":"ImageObject","inLanguage":"en-US","@id":"https:\/\/tajkertesz.com\/#\/schema\/logo\/image\/","url":"https:\/\/tajkertesz.com\/wp-content\/uploads\/2018\/02\/logo-2-e1518678052539.png","contentUrl":"https:\/\/tajkertesz.com\/wp-content\/uploads\/2018\/02\/logo-2-e1518678052539.png","width":81,"height":140,"caption":"T\u00e1j-Kert\u00e9sz 84 Kft."},"image":{"@id":"https:\/\/tajkertesz.com\/#\/schema\/logo\/image\/"},"sameAs":["https:\/\/www.facebook.com\/Tajkertesz\/"]}]}},"_links":{"self":[{"href":"https:\/\/tajkertesz.com\/en_US\/wp-json\/wp\/v2\/product\/17839","targetHints":{"allow":["GET"]}}],"collection":[{"href":"https:\/\/tajkertesz.com\/en_US\/wp-json\/wp\/v2\/product"}],"about":[{"href":"https:\/\/tajkertesz.com\/en_US\/wp-json\/wp\/v2\/types\/product"}],"wp:featuredmedia":[{"embeddable":true,"href":"https:\/\/tajkertesz.com\/en_US\/wp-json\/wp\/v2\/media\/17835"}],"wp:attachment":[{"href":"https:\/\/tajkertesz.com\/en_US\/wp-json\/wp\/v2\/media?parent=17839"}],"wp:term":[{"taxonomy":"product_brand","embeddable":true,"href":"https:\/\/tajkertesz.com\/en_US\/wp-json\/wp\/v2\/product_brand?post=17839"},{"taxonomy":"product_cat","embeddable":true,"href":"https:\/\/tajkertesz.com\/en_US\/wp-json\/wp\/v2\/product_cat?post=17839"},{"taxonomy":"product_tag","embeddable":true,"href":"https:\/\/tajkertesz.com\/en_US\/wp-json\/wp\/v2\/product_tag?post=17839"}],"curies":[{"name":"wp","href":"https:\/\/api.w.org\/{rel}","templated":true}]}}