{"id":1784,"date":"2020-04-23T07:55:59","date_gmt":"2020-04-23T07:55:59","guid":{"rendered":"https:\/\/tajkertesz.com\/?post_type=product&#038;p=1784"},"modified":"2025-07-17T10:03:56","modified_gmt":"2025-07-17T10:03:56","slug":"chamaerops-humilis-vulcano","status":"publish","type":"product","link":"https:\/\/tajkertesz.com\/en_US\/product\/chamaerops-humilis-vulcano\/","title":{"rendered":"Chamaerops humilis &#8216;Vulcano&#8217; , Vulcano eur\u00f3pai t\u00f6rpep\u00e1lma"},"content":{"rendered":"<p>Chamaerops humilis &#8216;Vulcano&#8217; , Vulcano eur\u00f3pai t\u00f6rpep\u00e1lma<\/p>\n<p>A Chamaerops humilis &#8216;Vulcano&#8217; , Vulcano eur\u00f3pai t\u00f6rpep\u00e1lma gy\u00f6ny\u00f6r\u0171 miniat\u0171r v\u00e1ltozata a j\u00f3l ismert eur\u00f3pai p\u00e1lm\u00e1nak a Chamaerops humilisnek.<\/p>\n<p>A k\u00fcl\u00f6nbs\u00e9g hogy a vulcano kompaktabb, r\u00f6videbb level\u0171 \u00e9s er\u0151sen z\u00f6ld sz\u00edn\u0171.Lass\u00fa n\u00f6veked\u00e9s\u0171 \u00e9s z\u00f6m\u00f6k, sarjadz\u00f3 t\u00f6v\u0171 \u00f6r\u00f6kz\u00f6ld p\u00e1lma.<\/p>\n<p>A F\u00f6ldk\u00f6zi-tenger nyugati medenc\u00e9j\u00e9ben \u0151shonos. Levelei legyez\u0151szer\u0171en szeldeltek, feh\u00e9r pikkelysz\u0151r\u00f6sek, a lev\u00e9lnyelek sz\u00e9lei er\u0151sen fogazottak.<\/p>\n<p>Nem t\u00fal v\u00edzig\u00e9nyes n\u00f6v\u00e9ny, csak a ny\u00e1ri nagy melegben kell intenz\u00edven locsolni.<\/p>\n<p>D\u00e9zs\u00e1s n\u00f6v\u00e9nyk\u00e9nt javasoljuk, de ki is \u00fcltethet\u0151\u00a0 viszont a\u00a0 t\u00e9li takar\u00e1sa igen fontos. Kezd\u0151 kert\u00e9szek is sikeresen tudj\u00e1k nevelni.<\/p>\n<p>Jelen term\u00e9k\u00fcnk\u00a0 kb: 30-40 cm magas.<\/p>\n<p>&nbsp;<\/p>\n<p><a href=\"https:\/\/tajkertesz.com\/\">https:\/\/tajkertesz.com\/<\/a><\/p>\n<p><a href=\"https:\/\/www.facebook.com\/tajkertesz\/\">https:\/\/www.facebook.com\/tajkertesz\/<\/a><\/p>\n<p>El\u00e9rhet\u0151 t\u00f6bbf\u00e9le m\u00e9retben \u00e9s \u00e1rban.<\/p>\n<p><strong>K\u00e9szlet\u00fcnk napi szinten v\u00e1ltozik, ez\u00e9rt k\u00e9rj\u00fck, \u00e9rdekl\u0151dj\u00f6n szem\u00e9lyesen, telefonon vagy email-en.<br \/>\nA v\u00e1ltoztat\u00e1s jog\u00e1t fenntartjuk!\u00a0<\/strong><\/p>\n<p>Kisz\u00e1ll\u00edt\u00e1s: 200cm-ig \u00a0\u00e9s 40 kg-ig a sz\u00e1ll\u00edt\u00e1s fut\u00e1rszolg\u00e1lattal \u00a0t\u00f6rt\u00e9nik.<\/p>\n<p><span style=\"color: #ffffff;\">A Chamaerops humilis &#8216;Vulcano&#8217; , Vulcano eur\u00f3pai t\u00f6rpep\u00e1lma gy\u00f6ny\u00f6r\u0171 miniat\u0171r v\u00e1ltozata a j\u00f3l ismert eur\u00f3pai p\u00e1lm\u00e1nak a Chamaerops humilisnek. A k\u00fcl\u00f6nbs\u00e9g hogy a vulcano kompaktabb, r\u00f6videbb level\u0171 \u00e9s er\u0151sen z\u00f6ld sz\u00edn\u0171.Lass\u00fa n\u00f6veked\u00e9s\u0171 \u00e9s z\u00f6m\u00f6k, sarjadz\u00f3 t\u00f6v\u0171 \u00f6r\u00f6kz\u00f6ld p\u00e1lma. A F\u00f6ldk\u00f6zi-tenger nyugati medenc\u00e9j\u00e9ben \u0151shonos.Levelei legyez\u0151szer\u0171en szeldeltek, feh\u00e9r pikkelysz\u0151r\u00f6sek, a lev\u00e9lnyelek sz\u00e9lei er\u0151sen fogazottak.Nem t\u00fal v\u00edzig\u00e9nyes n\u00f6v\u00e9ny, csak a ny\u00e1ri nagy melegben kell intenz\u00edven locsolni.D\u00e9zs\u00e1s n\u00f6v\u00e9nyk\u00e9nt javasoljuk, de kis \u00fcltethet\u0151\u00a0 \u00a0t\u00e9li takar\u00e1sa igen fontos.Gyorsan n\u00f6v\u0151 , ig\u00e9nytelen n\u00f6v\u00e9ny,\u00a0 kezd\u0151 kert\u00e9szek is sikeresen tudj\u00e1k nevelni.<\/span><\/p>\n<p><span style=\"color: #ffffff;\"><strong>Az eur\u00f3pai t\u00f6rpep\u00e1lma olasz eredet\u0171 v\u00e1ltozata, mely z\u00f6m\u00f6kebb termet\u0171, levelei vaskosabbak, merevebbek, a fon\u00e1kjuk ez\u00fcst\u00f6s \u00e1rnyalat\u00fa! Egyes adatok szerint a m\u00ednusz 15 fokot is gond n\u00e9lk\u00fcl elvisel\u0151, nagyon j\u00f3 t\u0171r\u0151k\u00e9pess\u00e9g\u0171, dekorat\u00edv p\u00e1lma, mely sz\u0171kebb terek kiv\u00e1l\u00f3 d\u00e9zs\u00e1s n\u00f6v\u00e9nye, illetve v\u00e9dett, meleg fekv\u00e9s\u0171 kertek egzotikus d\u00edsze!<\/strong><\/span><\/p>\n<p>&nbsp;<\/p>\n<p>&nbsp;<\/p>\n<p>&nbsp;<\/p>\n<p>&nbsp;<\/p>\n<p>&nbsp;<\/p>","protected":false},"excerpt":{"rendered":"<p>A Chamaerops humilis &#8216;Vulcano&#8217; , Vulcano eur\u00f3pai t\u00f6rpep\u00e1lma gy\u00f6ny\u00f6r\u0171 miniat\u0171r v\u00e1ltozata a j\u00f3l ismert eur\u00f3pai p\u00e1lm\u00e1nak a Chamaerops humilisnek. A k\u00fcl\u00f6nbs\u00e9g hogy a vulcano kompaktabb, r\u00f6videbb level\u0171 \u00e9s er\u0151sen z\u00f6ld sz\u00edn\u0171.Lass\u00fa n\u00f6veked\u00e9s\u0171 \u00e9s z\u00f6m\u00f6k, sarjadz\u00f3 t\u00f6v\u0171 \u00f6r\u00f6kz\u00f6ld p\u00e1lma. A F\u00f6ldk\u00f6zi-tenger nyugati medenc\u00e9j\u00e9ben \u0151shonos.Levelei legyez\u0151szer\u0171en szeldeltek, feh\u00e9r pikkelysz\u0151r\u00f6sek, a lev\u00e9lnyelek sz\u00e9lei er\u0151sen fogazottak.Nem t\u00fal v\u00edzig\u00e9nyes n\u00f6v\u00e9ny, csak a ny\u00e1ri nagy melegben kell intenz\u00edven locsolni.D\u00e9zs\u00e1s n\u00f6v\u00e9nyk\u00e9nt javasoljuk, de kis \u00fcltethet\u0151\u00a0 \u00a0t\u00e9li takar\u00e1sa igen fontos.Gyorsan n\u00f6v\u0151 , ig\u00e9nytelen n\u00f6v\u00e9ny,\u00a0 kezd\u0151 kert\u00e9szek is sikeresen tudj\u00e1k nevelni.<\/p>","protected":false},"featured_media":15739,"template":"","meta":{"_et_pb_use_builder":"","_et_pb_old_content":"","_et_gb_content_width":""},"product_brand":[],"product_cat":[517],"product_tag":[522,4199,521,4198],"class_list":{"0":"post-1784","1":"product","2":"type-product","3":"status-publish","4":"has-post-thumbnail","6":"product_cat-palmak-citrusok-es-mediterran-novenyek","7":"product_tag-chamaerops-humilis-vulcano","8":"product_tag-vulcano","9":"product_tag-vulcano-europai-torpepalma","10":"product_tag-vulkan","12":"first","13":"outofstock","14":"shipping-taxable","15":"product-type-simple"},"yoast_head":"<!-- This site is optimized with the Yoast SEO plugin v27.3 - https:\/\/yoast.com\/product\/yoast-seo-wordpress\/ -->\n<title>Chamaerops humilis &#039;Vulcano&#039; , Vulcano eur\u00f3pai t\u00f6rpep\u00e1lma - T\u00e1jkert\u00e9sz<\/title>\n<meta name=\"description\" content=\"A Chamaerops humilis &#039;Vulcano&#039; , Vulcano eur\u00f3pai t\u00f6rpep\u00e1lma gy\u00f6ny\u00f6r\u0171 miniat\u0171r v\u00e1ltozata az eur\u00f3pai p\u00e1lm\u00e1nak a Chamaerops humilisnek.\" \/>\n<meta name=\"robots\" content=\"index, follow, max-snippet:-1, max-image-preview:large, max-video-preview:-1\" \/>\n<link rel=\"canonical\" href=\"https:\/\/tajkertesz.com\/en_US\/product\/chamaerops-humilis-vulcano\/\" \/>\n<meta property=\"og:locale\" content=\"en_US\" \/>\n<meta property=\"og:type\" content=\"article\" \/>\n<meta property=\"og:title\" content=\"Chamaerops humilis &#039;Vulcano&#039; , Vulcano eur\u00f3pai t\u00f6rpep\u00e1lma - T\u00e1jkert\u00e9sz\" \/>\n<meta property=\"og:description\" content=\"A Chamaerops humilis &#039;Vulcano&#039; , Vulcano eur\u00f3pai t\u00f6rpep\u00e1lma gy\u00f6ny\u00f6r\u0171 miniat\u0171r v\u00e1ltozata az eur\u00f3pai p\u00e1lm\u00e1nak a Chamaerops humilisnek.\" \/>\n<meta property=\"og:url\" content=\"https:\/\/tajkertesz.com\/en_US\/product\/chamaerops-humilis-vulcano\/\" \/>\n<meta property=\"og:site_name\" content=\"T\u00e1jkert\u00e9sz\" \/>\n<meta property=\"article:publisher\" content=\"https:\/\/www.facebook.com\/Tajkertesz\/\" \/>\n<meta property=\"article:modified_time\" content=\"2025-07-17T10:03:56+00:00\" \/>\n<meta property=\"og:image\" content=\"https:\/\/tajkertesz.com\/wp-content\/uploads\/2020\/04\/Vulcano.jpg\" \/>\n\t<meta property=\"og:image:width\" content=\"404\" \/>\n\t<meta property=\"og:image:height\" content=\"898\" \/>\n\t<meta property=\"og:image:type\" content=\"image\/jpeg\" \/>\n<meta name=\"twitter:card\" content=\"summary_large_image\" \/>\n<meta name=\"twitter:label1\" content=\"Est. reading time\" \/>\n\t<meta name=\"twitter:data1\" content=\"2 minutes\" \/>\n<script type=\"application\/ld+json\" class=\"yoast-schema-graph\">{\"@context\":\"https:\\\/\\\/schema.org\",\"@graph\":[{\"@type\":\"WebPage\",\"@id\":\"https:\\\/\\\/tajkertesz.com\\\/termek\\\/chamaerops-humilis-vulcano\\\/\",\"url\":\"https:\\\/\\\/tajkertesz.com\\\/termek\\\/chamaerops-humilis-vulcano\\\/\",\"name\":\"Chamaerops humilis 'Vulcano' , Vulcano eur\u00f3pai t\u00f6rpep\u00e1lma - T\u00e1jkert\u00e9sz\",\"isPartOf\":{\"@id\":\"https:\\\/\\\/tajkertesz.com\\\/#website\"},\"primaryImageOfPage\":{\"@id\":\"https:\\\/\\\/tajkertesz.com\\\/termek\\\/chamaerops-humilis-vulcano\\\/#primaryimage\"},\"image\":{\"@id\":\"https:\\\/\\\/tajkertesz.com\\\/termek\\\/chamaerops-humilis-vulcano\\\/#primaryimage\"},\"thumbnailUrl\":\"https:\\\/\\\/tajkertesz.com\\\/wp-content\\\/uploads\\\/2020\\\/04\\\/Vulcano.jpg\",\"datePublished\":\"2020-04-23T07:55:59+00:00\",\"dateModified\":\"2025-07-17T10:03:56+00:00\",\"description\":\"A Chamaerops humilis 'Vulcano' , Vulcano eur\u00f3pai t\u00f6rpep\u00e1lma gy\u00f6ny\u00f6r\u0171 miniat\u0171r v\u00e1ltozata az eur\u00f3pai p\u00e1lm\u00e1nak a Chamaerops humilisnek.\",\"breadcrumb\":{\"@id\":\"https:\\\/\\\/tajkertesz.com\\\/termek\\\/chamaerops-humilis-vulcano\\\/#breadcrumb\"},\"inLanguage\":\"en-US\",\"potentialAction\":[{\"@type\":\"ReadAction\",\"target\":[\"https:\\\/\\\/tajkertesz.com\\\/termek\\\/chamaerops-humilis-vulcano\\\/\"]}]},{\"@type\":\"ImageObject\",\"inLanguage\":\"en-US\",\"@id\":\"https:\\\/\\\/tajkertesz.com\\\/termek\\\/chamaerops-humilis-vulcano\\\/#primaryimage\",\"url\":\"https:\\\/\\\/tajkertesz.com\\\/wp-content\\\/uploads\\\/2020\\\/04\\\/Vulcano.jpg\",\"contentUrl\":\"https:\\\/\\\/tajkertesz.com\\\/wp-content\\\/uploads\\\/2020\\\/04\\\/Vulcano.jpg\",\"width\":404,\"height\":898},{\"@type\":\"BreadcrumbList\",\"@id\":\"https:\\\/\\\/tajkertesz.com\\\/termek\\\/chamaerops-humilis-vulcano\\\/#breadcrumb\",\"itemListElement\":[{\"@type\":\"ListItem\",\"position\":1,\"name\":\"Home\",\"item\":\"https:\\\/\\\/tajkertesz.com\\\/\"},{\"@type\":\"ListItem\",\"position\":2,\"name\":\"Kezd\u0151lap\",\"item\":\"https:\\\/\\\/tajkertesz.com\\\/\"},{\"@type\":\"ListItem\",\"position\":3,\"name\":\"Chamaerops humilis &#8216;Vulcano&#8217; , Vulcano eur\u00f3pai t\u00f6rpep\u00e1lma\"}]},{\"@type\":\"WebSite\",\"@id\":\"https:\\\/\\\/tajkertesz.com\\\/#website\",\"url\":\"https:\\\/\\\/tajkertesz.com\\\/\",\"name\":\"T\u00e1j-Kert\u00e9sz 84 Kft.\",\"description\":\"Kert\u00e9szeti kis- \u00e9s nagykeresked\u00e9s, D\u00edszn\u00f6v\u00e9ny web\u00e1ruh\u00e1z orsz\u00e1gos h\u00e1zhozsz\u00e1ll\u00edt\u00e1ssal!\",\"publisher\":{\"@id\":\"https:\\\/\\\/tajkertesz.com\\\/#organization\"},\"potentialAction\":[{\"@type\":\"SearchAction\",\"target\":{\"@type\":\"EntryPoint\",\"urlTemplate\":\"https:\\\/\\\/tajkertesz.com\\\/?s={search_term_string}\"},\"query-input\":{\"@type\":\"PropertyValueSpecification\",\"valueRequired\":true,\"valueName\":\"search_term_string\"}}],\"inLanguage\":\"en-US\"},{\"@type\":\"Organization\",\"@id\":\"https:\\\/\\\/tajkertesz.com\\\/#organization\",\"name\":\"T\u00e1j-Kert\u00e9sz 84 Kft.\",\"url\":\"https:\\\/\\\/tajkertesz.com\\\/\",\"logo\":{\"@type\":\"ImageObject\",\"inLanguage\":\"en-US\",\"@id\":\"https:\\\/\\\/tajkertesz.com\\\/#\\\/schema\\\/logo\\\/image\\\/\",\"url\":\"https:\\\/\\\/tajkertesz.com\\\/wp-content\\\/uploads\\\/2018\\\/02\\\/logo-2-e1518678052539.png\",\"contentUrl\":\"https:\\\/\\\/tajkertesz.com\\\/wp-content\\\/uploads\\\/2018\\\/02\\\/logo-2-e1518678052539.png\",\"width\":81,\"height\":140,\"caption\":\"T\u00e1j-Kert\u00e9sz 84 Kft.\"},\"image\":{\"@id\":\"https:\\\/\\\/tajkertesz.com\\\/#\\\/schema\\\/logo\\\/image\\\/\"},\"sameAs\":[\"https:\\\/\\\/www.facebook.com\\\/Tajkertesz\\\/\"]}]}<\/script>\n<!-- \/ Yoast SEO plugin. -->","yoast_head_json":{"title":"Chamaerops humilis 'Vulcano' , Vulcano eur\u00f3pai t\u00f6rpep\u00e1lma - T\u00e1jkert\u00e9sz","description":"A Chamaerops humilis 'Vulcano' , Vulcano eur\u00f3pai t\u00f6rpep\u00e1lma gy\u00f6ny\u00f6r\u0171 miniat\u0171r v\u00e1ltozata az eur\u00f3pai p\u00e1lm\u00e1nak a Chamaerops humilisnek.","robots":{"index":"index","follow":"follow","max-snippet":"max-snippet:-1","max-image-preview":"max-image-preview:large","max-video-preview":"max-video-preview:-1"},"canonical":"https:\/\/tajkertesz.com\/en_US\/product\/chamaerops-humilis-vulcano\/","og_locale":"en_US","og_type":"article","og_title":"Chamaerops humilis 'Vulcano' , Vulcano eur\u00f3pai t\u00f6rpep\u00e1lma - T\u00e1jkert\u00e9sz","og_description":"A Chamaerops humilis 'Vulcano' , Vulcano eur\u00f3pai t\u00f6rpep\u00e1lma gy\u00f6ny\u00f6r\u0171 miniat\u0171r v\u00e1ltozata az eur\u00f3pai p\u00e1lm\u00e1nak a Chamaerops humilisnek.","og_url":"https:\/\/tajkertesz.com\/en_US\/product\/chamaerops-humilis-vulcano\/","og_site_name":"T\u00e1jkert\u00e9sz","article_publisher":"https:\/\/www.facebook.com\/Tajkertesz\/","article_modified_time":"2025-07-17T10:03:56+00:00","og_image":[{"width":404,"height":898,"url":"https:\/\/tajkertesz.com\/wp-content\/uploads\/2020\/04\/Vulcano.jpg","type":"image\/jpeg"}],"twitter_card":"summary_large_image","twitter_misc":{"Est. reading time":"2 minutes"},"schema":{"@context":"https:\/\/schema.org","@graph":[{"@type":"WebPage","@id":"https:\/\/tajkertesz.com\/termek\/chamaerops-humilis-vulcano\/","url":"https:\/\/tajkertesz.com\/termek\/chamaerops-humilis-vulcano\/","name":"Chamaerops humilis 'Vulcano' , Vulcano eur\u00f3pai t\u00f6rpep\u00e1lma - T\u00e1jkert\u00e9sz","isPartOf":{"@id":"https:\/\/tajkertesz.com\/#website"},"primaryImageOfPage":{"@id":"https:\/\/tajkertesz.com\/termek\/chamaerops-humilis-vulcano\/#primaryimage"},"image":{"@id":"https:\/\/tajkertesz.com\/termek\/chamaerops-humilis-vulcano\/#primaryimage"},"thumbnailUrl":"https:\/\/tajkertesz.com\/wp-content\/uploads\/2020\/04\/Vulcano.jpg","datePublished":"2020-04-23T07:55:59+00:00","dateModified":"2025-07-17T10:03:56+00:00","description":"A Chamaerops humilis 'Vulcano' , Vulcano eur\u00f3pai t\u00f6rpep\u00e1lma gy\u00f6ny\u00f6r\u0171 miniat\u0171r v\u00e1ltozata az eur\u00f3pai p\u00e1lm\u00e1nak a Chamaerops humilisnek.","breadcrumb":{"@id":"https:\/\/tajkertesz.com\/termek\/chamaerops-humilis-vulcano\/#breadcrumb"},"inLanguage":"en-US","potentialAction":[{"@type":"ReadAction","target":["https:\/\/tajkertesz.com\/termek\/chamaerops-humilis-vulcano\/"]}]},{"@type":"ImageObject","inLanguage":"en-US","@id":"https:\/\/tajkertesz.com\/termek\/chamaerops-humilis-vulcano\/#primaryimage","url":"https:\/\/tajkertesz.com\/wp-content\/uploads\/2020\/04\/Vulcano.jpg","contentUrl":"https:\/\/tajkertesz.com\/wp-content\/uploads\/2020\/04\/Vulcano.jpg","width":404,"height":898},{"@type":"BreadcrumbList","@id":"https:\/\/tajkertesz.com\/termek\/chamaerops-humilis-vulcano\/#breadcrumb","itemListElement":[{"@type":"ListItem","position":1,"name":"Home","item":"https:\/\/tajkertesz.com\/"},{"@type":"ListItem","position":2,"name":"Kezd\u0151lap","item":"https:\/\/tajkertesz.com\/"},{"@type":"ListItem","position":3,"name":"Chamaerops humilis &#8216;Vulcano&#8217; , Vulcano eur\u00f3pai t\u00f6rpep\u00e1lma"}]},{"@type":"WebSite","@id":"https:\/\/tajkertesz.com\/#website","url":"https:\/\/tajkertesz.com\/","name":"T\u00e1j-Kert\u00e9sz 84 Kft.","description":"Kert\u00e9szeti kis- \u00e9s nagykeresked\u00e9s, D\u00edszn\u00f6v\u00e9ny web\u00e1ruh\u00e1z orsz\u00e1gos h\u00e1zhozsz\u00e1ll\u00edt\u00e1ssal!","publisher":{"@id":"https:\/\/tajkertesz.com\/#organization"},"potentialAction":[{"@type":"SearchAction","target":{"@type":"EntryPoint","urlTemplate":"https:\/\/tajkertesz.com\/?s={search_term_string}"},"query-input":{"@type":"PropertyValueSpecification","valueRequired":true,"valueName":"search_term_string"}}],"inLanguage":"en-US"},{"@type":"Organization","@id":"https:\/\/tajkertesz.com\/#organization","name":"T\u00e1j-Kert\u00e9sz 84 Kft.","url":"https:\/\/tajkertesz.com\/","logo":{"@type":"ImageObject","inLanguage":"en-US","@id":"https:\/\/tajkertesz.com\/#\/schema\/logo\/image\/","url":"https:\/\/tajkertesz.com\/wp-content\/uploads\/2018\/02\/logo-2-e1518678052539.png","contentUrl":"https:\/\/tajkertesz.com\/wp-content\/uploads\/2018\/02\/logo-2-e1518678052539.png","width":81,"height":140,"caption":"T\u00e1j-Kert\u00e9sz 84 Kft."},"image":{"@id":"https:\/\/tajkertesz.com\/#\/schema\/logo\/image\/"},"sameAs":["https:\/\/www.facebook.com\/Tajkertesz\/"]}]}},"_links":{"self":[{"href":"https:\/\/tajkertesz.com\/en_US\/wp-json\/wp\/v2\/product\/1784","targetHints":{"allow":["GET"]}}],"collection":[{"href":"https:\/\/tajkertesz.com\/en_US\/wp-json\/wp\/v2\/product"}],"about":[{"href":"https:\/\/tajkertesz.com\/en_US\/wp-json\/wp\/v2\/types\/product"}],"wp:featuredmedia":[{"embeddable":true,"href":"https:\/\/tajkertesz.com\/en_US\/wp-json\/wp\/v2\/media\/15739"}],"wp:attachment":[{"href":"https:\/\/tajkertesz.com\/en_US\/wp-json\/wp\/v2\/media?parent=1784"}],"wp:term":[{"taxonomy":"product_brand","embeddable":true,"href":"https:\/\/tajkertesz.com\/en_US\/wp-json\/wp\/v2\/product_brand?post=1784"},{"taxonomy":"product_cat","embeddable":true,"href":"https:\/\/tajkertesz.com\/en_US\/wp-json\/wp\/v2\/product_cat?post=1784"},{"taxonomy":"product_tag","embeddable":true,"href":"https:\/\/tajkertesz.com\/en_US\/wp-json\/wp\/v2\/product_tag?post=1784"}],"curies":[{"name":"wp","href":"https:\/\/api.w.org\/{rel}","templated":true}]}}