{"id":17840,"date":"2023-11-09T13:01:59","date_gmt":"2023-11-09T13:01:59","guid":{"rendered":"https:\/\/tajkertesz.com\/?post_type=product&#038;p=17840"},"modified":"2026-02-13T09:29:25","modified_gmt":"2026-02-13T09:29:25","slug":"jegoldo-pumpas-750ml-turtle-wax","status":"publish","type":"product","link":"https:\/\/tajkertesz.com\/en_US\/product\/jegoldo-pumpas-750ml-turtle-wax\/","title":{"rendered":"J\u00c9GOLD\u00d3 PUMP\u00c1S 750ML TURTLE WAX"},"content":{"rendered":"<h1 class=\"text-xl lg:text-3xl font-creighton tracking-wider\">J\u00c9GOLD\u00d3 PUMP\u00c1S 750ML TURTLE WAX<\/h1>\n<p class=\"text-xl lg:text-3xl font-creighton tracking-wider\">A J\u00c9GOLD\u00d3 PUMP\u00c1S 750ML TURTLE WAX felolvasztja a befagyott ablakokat \u00e9s megakad\u00e1lyozza az \u00fajb\u00f3li befagy\u00e1st.<\/p>\n<p class=\"text-xl lg:text-3xl font-creighton tracking-wider\">Haszn\u00e1lati utas\u00edt\u00e1s: Permetezze a folyad\u00e9kot a befagyott ter\u00fcletre, hagyja hatni, majd t\u00f6r\u00f6lje le. Amennyiben sz\u00fcks\u00e9ges ism\u00e9telje meg a folyamatot.<\/p>\n<p>A sz\u00e9lv\u00e9d\u0151r\u0151l \u00e9s az oldal \u00fcvegekr\u0151l pillanatok alatt leolvasztja a j\u00e9gr\u00e9teget,\u00a0k\u00edm\u00e9li a k\u00e9der gumit valamint nem marja meg a f\u00e9nyez\u00e9st. Tiszta kil\u00e1t\u00e1st biztos\u00edt. A j\u00e9gkapar\u00f3 haszn\u00e1lat\u00e1ra nincs sz\u00fcks\u00e9g, \u00edgy a sz\u00e9lv\u00e9d\u0151 nem karcol\u00f3dik.<\/p>\n<p class=\"text-xl lg:text-3xl font-creighton tracking-wider\"><img loading=\"lazy\" decoding=\"async\" class=\"alignright\" src=\"https:\/\/www.praktiker.hu\/_next\/image?url=https%3A%2F%2Fapi.praktiker.hu%2Fassets%2Fwarning-labels%2FGHS02%20T%C5%B1zvesz%C3%A9ly.png&amp;w=160&amp;q=75\" alt=\"GHS02 T\u0171zvesz\u00e9ly\" width=\"144\" height=\"144\" \/><\/p>\n<p><span class=\"font-bold\">Kell\u00e9kszavatoss\u00e1g:<\/span>\u00a02 \u00e9v<\/p>\n<p>FIGYELMEZTET\u0150 MONDATOK:<br \/>\nFokozottan t\u0171zvesz\u00e9lyes folyad\u00e9k \u00e9s g\u0151z. S\u00falyos szemirrit\u00e1ci\u00f3t okoz. \u00c1lmoss\u00e1got vagy sz\u00e9d\u00fcl\u00e9st<br \/>\nokozhat.<\/p>\n<p>Gy\u00e1rtva: EU. Czech Republic.<\/p>\n<p><b>K\u00e9szlet\u00fcnk napi szinten v\u00e1ltozik, ez\u00e9rt k\u00e9rj\u00fck, \u00e9rdekl\u0151dj\u00f6n szem\u00e9lyesen, telefonon vagy email-en.<\/b><\/p>\n<p><b>A v\u00e1ltoztat\u00e1s jog\u00e1t fenntartjuk!\u00a0<\/b><\/p>\n<p><a href=\"https:\/\/tajkertesz.com\/\">https:\/\/tajkertesz.com\/<\/a><\/p>\n<p><a href=\"https:\/\/www.facebook.com\/tajkertesz\">https:\/\/www.facebook.com\/tajkertesz<\/a><\/p>\n<p>200 cm \u00e9s 40 kg-ig a sz\u00e1ll\u00edt\u00e1s fut\u00e1rszolg\u00e1lattal lehets\u00e9ges, ezen m\u00e9retek felett egyedi sz\u00e1ll\u00edt\u00e1s egyeztet\u00e9se sz\u00fcks\u00e9ges.<\/p>\n<p><span style=\"color: #ffffff;\">J\u00c9GOLD\u00d3 \/ ICE DE-ICER (750 ml)<\/span><br \/>\n<span style=\"color: #ffffff;\">Felolvasztja a befagyott ablakokat \u00e9s megakad\u00e1lyozza az \u00fajb\u00f3li befagy\u00e1st. Haszn\u00e1lati utas\u00edt\u00e1s: Permetezze a folyad\u00e9kot a befagyott ter\u00fcletre. Hagyja hatni, majd t\u00f6r\u00f6lje le.<\/span><br \/>\n<span style=\"color: #ffffff;\">Amennyiben sz\u00fcks\u00e9ges ism\u00e9telje meg a folyamatot. A J\u00c9GOLD\u00d3 PUMP\u00c1S 750ML TURTLE WAX felolvasztja a befagyott ablakokat \u00e9s megakad\u00e1lyozza az \u00fajb\u00f3li befagy\u00e1st. Haszn\u00e1lati utas\u00edt\u00e1s: Permetezze a folyad\u00e9kot a befagyott ter\u00fcletre, hagyja hatni, majd t\u00f6r\u00f6lje le. Amennyiben sz\u00fcks\u00e9ges ism\u00e9telje meg a folyamatot. <span class=\"font-bold\">Kell\u00e9kszavatoss\u00e1g:<\/span> 2 \u00e9v FIGYELMEZTET\u0150 MONDATOK: Fokozottan t\u0171zvesz\u00e9lyes folyad\u00e9k \u00e9s g\u0151z. S\u00falyos szemirrit\u00e1ci\u00f3t okoz. \u00c1lmoss\u00e1got vagy sz\u00e9d\u00fcl\u00e9st <\/span><br \/>\n<span style=\"color: #ffffff;\">okozhat. Gy\u00e1rtva: EU. Czech Republic. <b>K\u00e9szlet\u00fcnk napi szinten v\u00e1ltozik, ez\u00e9rt k\u00e9rj\u00fck, \u00e9rdekl\u0151dj\u00f6n szem\u00e9lyesen, telefonon vagy email-en. <\/b><b>A v\u00e1ltoztat\u00e1s jog\u00e1t fenntartjuk!\u00a0<\/b><\/span><\/p>\n<p><span style=\"color: #ffffff;\"><a style=\"color: #ffffff;\" href=\"https:\/\/tajkertesz.com\/\">https:\/\/tajkertesz.com\/ <\/a><a style=\"color: #ffffff;\" href=\"https:\/\/www.facebook.com\/tajkertesz\">https:\/\/www.facebook.com\/tajkertesz <\/a>200 cm \u00e9s 40 kg-ig a sz\u00e1ll\u00edt\u00e1s fut\u00e1rszolg\u00e1lattal lehets\u00e9ges, ezen m\u00e9retek felett egyedi sz\u00e1ll\u00edt\u00e1s egyeztet\u00e9se sz\u00fcks\u00e9ges.<\/span><\/p>","protected":false},"excerpt":{"rendered":"<h1 class=\"text-xl lg:text-3xl font-creighton tracking-wider\">J\u00c9GOLD\u00d3 PUMP\u00c1S 750ML TURTLE WAX<\/h1>\n<p>Felolvasztja a befagyott ablakokat \u00e9s megakad\u00e1lyozza az \u00fajb\u00f3li befagy\u00e1st. Haszn\u00e1lati utas\u00edt\u00e1s: Permetezze a folyad\u00e9kot a befagyott ter\u00fcletre, hagyja hatni, majd t\u00f6r\u00f6lje le. Amennyiben sz\u00fcks\u00e9ges ism\u00e9telje meg a folyamatot&#8230;<\/p>\n<p><b>K\u00e9szlet\u00fcnk napi szinten v\u00e1ltozik, ez\u00e9rt k\u00e9rj\u00fck, \u00e9rdekl\u0151dj\u00f6n szem\u00e9lyesen, telefonon vagy email-en.<\/b><\/p>\n<p><b>A v\u00e1ltoztat\u00e1s jog\u00e1t fenntartjuk!\u00a0<\/b><\/p>\n<p><a href=\"https:\/\/tajkertesz.com\/\">https:\/\/tajkertesz.com\/<\/a><\/p>\n<p><a href=\"https:\/\/www.facebook.com\/tajkertesz\">https:\/\/www.facebook.com\/tajkertesz<\/a><\/p>\n<p>200 cm \u00e9s 40 kg-ig a sz\u00e1ll\u00edt\u00e1s fut\u00e1rszolg\u00e1lattal lehets\u00e9ges, ezen m\u00e9retek felett egyedi sz\u00e1ll\u00edt\u00e1s egyeztet\u00e9se sz\u00fcks\u00e9ges.<\/p>","protected":false},"featured_media":17841,"template":"","meta":{"_et_pb_use_builder":"","_et_pb_old_content":"","_et_gb_content_width":""},"product_brand":[],"product_cat":[948],"product_tag":[4451,4452],"class_list":{"0":"post-17840","1":"product","2":"type-product","3":"status-publish","4":"has-post-thumbnail","6":"product_cat-csuszasmentesites","7":"product_tag-jegoldo","8":"product_tag-turtle","10":"first","11":"outofstock","12":"shipping-taxable","13":"product-type-simple"},"yoast_head":"<!-- This site is optimized with the Yoast SEO plugin v27.4 - https:\/\/yoast.com\/product\/yoast-seo-wordpress\/ -->\n<title>J\u00c9GOLD\u00d3 PUMP\u00c1S 750ML TURTLE WAX - T\u00e1jkert\u00e9sz<\/title>\n<meta name=\"description\" content=\"J\u00c9GOLD\u00d3 PUMP\u00c1S 750ML TURTLE WAX. Felolvasztja a befagyott ablakokat \u00e9s megakad\u00e1lyozza az \u00fajb\u00f3li befagy\u00e1st. Permetezze a befagyott ter\u00fcletre.\" \/>\n<meta name=\"robots\" content=\"index, follow, max-snippet:-1, max-image-preview:large, max-video-preview:-1\" \/>\n<link rel=\"canonical\" href=\"https:\/\/tajkertesz.com\/en_US\/product\/jegoldo-pumpas-750ml-turtle-wax\/\" \/>\n<meta property=\"og:locale\" content=\"en_US\" \/>\n<meta property=\"og:type\" content=\"article\" \/>\n<meta property=\"og:title\" content=\"J\u00c9GOLD\u00d3 PUMP\u00c1S 750ML TURTLE WAX - T\u00e1jkert\u00e9sz\" \/>\n<meta property=\"og:description\" content=\"J\u00c9GOLD\u00d3 PUMP\u00c1S 750ML TURTLE WAX. Felolvasztja a befagyott ablakokat \u00e9s megakad\u00e1lyozza az \u00fajb\u00f3li befagy\u00e1st. Permetezze a befagyott ter\u00fcletre.\" \/>\n<meta property=\"og:url\" content=\"https:\/\/tajkertesz.com\/en_US\/product\/jegoldo-pumpas-750ml-turtle-wax\/\" \/>\n<meta property=\"og:site_name\" content=\"T\u00e1jkert\u00e9sz\" \/>\n<meta property=\"article:publisher\" content=\"https:\/\/www.facebook.com\/Tajkertesz\/\" \/>\n<meta property=\"article:modified_time\" content=\"2026-02-13T09:29:25+00:00\" \/>\n<meta property=\"og:image\" content=\"https:\/\/tajkertesz.com\/wp-content\/uploads\/2023\/11\/20231109_134237-1-scaled.jpg\" \/>\n\t<meta property=\"og:image:width\" content=\"1154\" \/>\n\t<meta property=\"og:image:height\" content=\"2560\" \/>\n\t<meta property=\"og:image:type\" content=\"image\/jpeg\" \/>\n<meta name=\"twitter:card\" content=\"summary_large_image\" \/>\n<meta name=\"twitter:label1\" content=\"Est. reading time\" \/>\n\t<meta name=\"twitter:data1\" content=\"2 minutes\" \/>\n<script type=\"application\/ld+json\" class=\"yoast-schema-graph\">{\"@context\":\"https:\\\/\\\/schema.org\",\"@graph\":[{\"@type\":\"WebPage\",\"@id\":\"https:\\\/\\\/tajkertesz.com\\\/termek\\\/jegoldo-pumpas-750ml-turtle-wax\\\/\",\"url\":\"https:\\\/\\\/tajkertesz.com\\\/termek\\\/jegoldo-pumpas-750ml-turtle-wax\\\/\",\"name\":\"J\u00c9GOLD\u00d3 PUMP\u00c1S 750ML TURTLE WAX - T\u00e1jkert\u00e9sz\",\"isPartOf\":{\"@id\":\"https:\\\/\\\/tajkertesz.com\\\/#website\"},\"primaryImageOfPage\":{\"@id\":\"https:\\\/\\\/tajkertesz.com\\\/termek\\\/jegoldo-pumpas-750ml-turtle-wax\\\/#primaryimage\"},\"image\":{\"@id\":\"https:\\\/\\\/tajkertesz.com\\\/termek\\\/jegoldo-pumpas-750ml-turtle-wax\\\/#primaryimage\"},\"thumbnailUrl\":\"https:\\\/\\\/tajkertesz.com\\\/wp-content\\\/uploads\\\/2023\\\/11\\\/20231109_134237-1-scaled.jpg\",\"datePublished\":\"2023-11-09T13:01:59+00:00\",\"dateModified\":\"2026-02-13T09:29:25+00:00\",\"description\":\"J\u00c9GOLD\u00d3 PUMP\u00c1S 750ML TURTLE WAX. Felolvasztja a befagyott ablakokat \u00e9s megakad\u00e1lyozza az \u00fajb\u00f3li befagy\u00e1st. Permetezze a befagyott ter\u00fcletre.\",\"breadcrumb\":{\"@id\":\"https:\\\/\\\/tajkertesz.com\\\/termek\\\/jegoldo-pumpas-750ml-turtle-wax\\\/#breadcrumb\"},\"inLanguage\":\"en-US\",\"potentialAction\":[{\"@type\":\"ReadAction\",\"target\":[\"https:\\\/\\\/tajkertesz.com\\\/termek\\\/jegoldo-pumpas-750ml-turtle-wax\\\/\"]}]},{\"@type\":\"ImageObject\",\"inLanguage\":\"en-US\",\"@id\":\"https:\\\/\\\/tajkertesz.com\\\/termek\\\/jegoldo-pumpas-750ml-turtle-wax\\\/#primaryimage\",\"url\":\"https:\\\/\\\/tajkertesz.com\\\/wp-content\\\/uploads\\\/2023\\\/11\\\/20231109_134237-1-scaled.jpg\",\"contentUrl\":\"https:\\\/\\\/tajkertesz.com\\\/wp-content\\\/uploads\\\/2023\\\/11\\\/20231109_134237-1-scaled.jpg\",\"width\":1154,\"height\":2560},{\"@type\":\"BreadcrumbList\",\"@id\":\"https:\\\/\\\/tajkertesz.com\\\/termek\\\/jegoldo-pumpas-750ml-turtle-wax\\\/#breadcrumb\",\"itemListElement\":[{\"@type\":\"ListItem\",\"position\":1,\"name\":\"Home\",\"item\":\"https:\\\/\\\/tajkertesz.com\\\/\"},{\"@type\":\"ListItem\",\"position\":2,\"name\":\"Kezd\u0151lap\",\"item\":\"https:\\\/\\\/tajkertesz.com\\\/\"},{\"@type\":\"ListItem\",\"position\":3,\"name\":\"J\u00c9GOLD\u00d3 PUMP\u00c1S 750ML TURTLE WAX\"}]},{\"@type\":\"WebSite\",\"@id\":\"https:\\\/\\\/tajkertesz.com\\\/#website\",\"url\":\"https:\\\/\\\/tajkertesz.com\\\/\",\"name\":\"T\u00e1j-Kert\u00e9sz 84 Kft.\",\"description\":\"Kert\u00e9szeti kis- \u00e9s nagykeresked\u00e9s, D\u00edszn\u00f6v\u00e9ny web\u00e1ruh\u00e1z orsz\u00e1gos h\u00e1zhozsz\u00e1ll\u00edt\u00e1ssal!\",\"publisher\":{\"@id\":\"https:\\\/\\\/tajkertesz.com\\\/#organization\"},\"potentialAction\":[{\"@type\":\"SearchAction\",\"target\":{\"@type\":\"EntryPoint\",\"urlTemplate\":\"https:\\\/\\\/tajkertesz.com\\\/?s={search_term_string}\"},\"query-input\":{\"@type\":\"PropertyValueSpecification\",\"valueRequired\":true,\"valueName\":\"search_term_string\"}}],\"inLanguage\":\"en-US\"},{\"@type\":\"Organization\",\"@id\":\"https:\\\/\\\/tajkertesz.com\\\/#organization\",\"name\":\"T\u00e1j-Kert\u00e9sz 84 Kft.\",\"url\":\"https:\\\/\\\/tajkertesz.com\\\/\",\"logo\":{\"@type\":\"ImageObject\",\"inLanguage\":\"en-US\",\"@id\":\"https:\\\/\\\/tajkertesz.com\\\/#\\\/schema\\\/logo\\\/image\\\/\",\"url\":\"https:\\\/\\\/tajkertesz.com\\\/wp-content\\\/uploads\\\/2018\\\/02\\\/logo-2-e1518678052539.png\",\"contentUrl\":\"https:\\\/\\\/tajkertesz.com\\\/wp-content\\\/uploads\\\/2018\\\/02\\\/logo-2-e1518678052539.png\",\"width\":81,\"height\":140,\"caption\":\"T\u00e1j-Kert\u00e9sz 84 Kft.\"},\"image\":{\"@id\":\"https:\\\/\\\/tajkertesz.com\\\/#\\\/schema\\\/logo\\\/image\\\/\"},\"sameAs\":[\"https:\\\/\\\/www.facebook.com\\\/Tajkertesz\\\/\"]}]}<\/script>\n<!-- \/ Yoast SEO plugin. -->","yoast_head_json":{"title":"J\u00c9GOLD\u00d3 PUMP\u00c1S 750ML TURTLE WAX - T\u00e1jkert\u00e9sz","description":"J\u00c9GOLD\u00d3 PUMP\u00c1S 750ML TURTLE WAX. Felolvasztja a befagyott ablakokat \u00e9s megakad\u00e1lyozza az \u00fajb\u00f3li befagy\u00e1st. Permetezze a befagyott ter\u00fcletre.","robots":{"index":"index","follow":"follow","max-snippet":"max-snippet:-1","max-image-preview":"max-image-preview:large","max-video-preview":"max-video-preview:-1"},"canonical":"https:\/\/tajkertesz.com\/en_US\/product\/jegoldo-pumpas-750ml-turtle-wax\/","og_locale":"en_US","og_type":"article","og_title":"J\u00c9GOLD\u00d3 PUMP\u00c1S 750ML TURTLE WAX - T\u00e1jkert\u00e9sz","og_description":"J\u00c9GOLD\u00d3 PUMP\u00c1S 750ML TURTLE WAX. Felolvasztja a befagyott ablakokat \u00e9s megakad\u00e1lyozza az \u00fajb\u00f3li befagy\u00e1st. Permetezze a befagyott ter\u00fcletre.","og_url":"https:\/\/tajkertesz.com\/en_US\/product\/jegoldo-pumpas-750ml-turtle-wax\/","og_site_name":"T\u00e1jkert\u00e9sz","article_publisher":"https:\/\/www.facebook.com\/Tajkertesz\/","article_modified_time":"2026-02-13T09:29:25+00:00","og_image":[{"width":1154,"height":2560,"url":"https:\/\/tajkertesz.com\/wp-content\/uploads\/2023\/11\/20231109_134237-1-scaled.jpg","type":"image\/jpeg"}],"twitter_card":"summary_large_image","twitter_misc":{"Est. reading time":"2 minutes"},"schema":{"@context":"https:\/\/schema.org","@graph":[{"@type":"WebPage","@id":"https:\/\/tajkertesz.com\/termek\/jegoldo-pumpas-750ml-turtle-wax\/","url":"https:\/\/tajkertesz.com\/termek\/jegoldo-pumpas-750ml-turtle-wax\/","name":"J\u00c9GOLD\u00d3 PUMP\u00c1S 750ML TURTLE WAX - T\u00e1jkert\u00e9sz","isPartOf":{"@id":"https:\/\/tajkertesz.com\/#website"},"primaryImageOfPage":{"@id":"https:\/\/tajkertesz.com\/termek\/jegoldo-pumpas-750ml-turtle-wax\/#primaryimage"},"image":{"@id":"https:\/\/tajkertesz.com\/termek\/jegoldo-pumpas-750ml-turtle-wax\/#primaryimage"},"thumbnailUrl":"https:\/\/tajkertesz.com\/wp-content\/uploads\/2023\/11\/20231109_134237-1-scaled.jpg","datePublished":"2023-11-09T13:01:59+00:00","dateModified":"2026-02-13T09:29:25+00:00","description":"J\u00c9GOLD\u00d3 PUMP\u00c1S 750ML TURTLE WAX. Felolvasztja a befagyott ablakokat \u00e9s megakad\u00e1lyozza az \u00fajb\u00f3li befagy\u00e1st. Permetezze a befagyott ter\u00fcletre.","breadcrumb":{"@id":"https:\/\/tajkertesz.com\/termek\/jegoldo-pumpas-750ml-turtle-wax\/#breadcrumb"},"inLanguage":"en-US","potentialAction":[{"@type":"ReadAction","target":["https:\/\/tajkertesz.com\/termek\/jegoldo-pumpas-750ml-turtle-wax\/"]}]},{"@type":"ImageObject","inLanguage":"en-US","@id":"https:\/\/tajkertesz.com\/termek\/jegoldo-pumpas-750ml-turtle-wax\/#primaryimage","url":"https:\/\/tajkertesz.com\/wp-content\/uploads\/2023\/11\/20231109_134237-1-scaled.jpg","contentUrl":"https:\/\/tajkertesz.com\/wp-content\/uploads\/2023\/11\/20231109_134237-1-scaled.jpg","width":1154,"height":2560},{"@type":"BreadcrumbList","@id":"https:\/\/tajkertesz.com\/termek\/jegoldo-pumpas-750ml-turtle-wax\/#breadcrumb","itemListElement":[{"@type":"ListItem","position":1,"name":"Home","item":"https:\/\/tajkertesz.com\/"},{"@type":"ListItem","position":2,"name":"Kezd\u0151lap","item":"https:\/\/tajkertesz.com\/"},{"@type":"ListItem","position":3,"name":"J\u00c9GOLD\u00d3 PUMP\u00c1S 750ML TURTLE WAX"}]},{"@type":"WebSite","@id":"https:\/\/tajkertesz.com\/#website","url":"https:\/\/tajkertesz.com\/","name":"T\u00e1j-Kert\u00e9sz 84 Kft.","description":"Kert\u00e9szeti kis- \u00e9s nagykeresked\u00e9s, D\u00edszn\u00f6v\u00e9ny web\u00e1ruh\u00e1z orsz\u00e1gos h\u00e1zhozsz\u00e1ll\u00edt\u00e1ssal!","publisher":{"@id":"https:\/\/tajkertesz.com\/#organization"},"potentialAction":[{"@type":"SearchAction","target":{"@type":"EntryPoint","urlTemplate":"https:\/\/tajkertesz.com\/?s={search_term_string}"},"query-input":{"@type":"PropertyValueSpecification","valueRequired":true,"valueName":"search_term_string"}}],"inLanguage":"en-US"},{"@type":"Organization","@id":"https:\/\/tajkertesz.com\/#organization","name":"T\u00e1j-Kert\u00e9sz 84 Kft.","url":"https:\/\/tajkertesz.com\/","logo":{"@type":"ImageObject","inLanguage":"en-US","@id":"https:\/\/tajkertesz.com\/#\/schema\/logo\/image\/","url":"https:\/\/tajkertesz.com\/wp-content\/uploads\/2018\/02\/logo-2-e1518678052539.png","contentUrl":"https:\/\/tajkertesz.com\/wp-content\/uploads\/2018\/02\/logo-2-e1518678052539.png","width":81,"height":140,"caption":"T\u00e1j-Kert\u00e9sz 84 Kft."},"image":{"@id":"https:\/\/tajkertesz.com\/#\/schema\/logo\/image\/"},"sameAs":["https:\/\/www.facebook.com\/Tajkertesz\/"]}]}},"_links":{"self":[{"href":"https:\/\/tajkertesz.com\/en_US\/wp-json\/wp\/v2\/product\/17840","targetHints":{"allow":["GET"]}}],"collection":[{"href":"https:\/\/tajkertesz.com\/en_US\/wp-json\/wp\/v2\/product"}],"about":[{"href":"https:\/\/tajkertesz.com\/en_US\/wp-json\/wp\/v2\/types\/product"}],"wp:featuredmedia":[{"embeddable":true,"href":"https:\/\/tajkertesz.com\/en_US\/wp-json\/wp\/v2\/media\/17841"}],"wp:attachment":[{"href":"https:\/\/tajkertesz.com\/en_US\/wp-json\/wp\/v2\/media?parent=17840"}],"wp:term":[{"taxonomy":"product_brand","embeddable":true,"href":"https:\/\/tajkertesz.com\/en_US\/wp-json\/wp\/v2\/product_brand?post=17840"},{"taxonomy":"product_cat","embeddable":true,"href":"https:\/\/tajkertesz.com\/en_US\/wp-json\/wp\/v2\/product_cat?post=17840"},{"taxonomy":"product_tag","embeddable":true,"href":"https:\/\/tajkertesz.com\/en_US\/wp-json\/wp\/v2\/product_tag?post=17840"}],"curies":[{"name":"wp","href":"https:\/\/api.w.org\/{rel}","templated":true}]}}