{"id":17845,"date":"2023-11-09T14:49:44","date_gmt":"2023-11-09T14:49:44","guid":{"rendered":"https:\/\/tajkertesz.com\/?post_type=product&#038;p=17845"},"modified":"2026-02-21T08:18:54","modified_gmt":"2026-02-21T08:18:54","slug":"hedera-helix-borostyan-2","status":"publish","type":"product","link":"https:\/\/tajkertesz.com\/en_US\/product\/hedera-helix-borostyan-2\/","title":{"rendered":"Hedera helix &#8211; Borosty\u00e1n"},"content":{"rendered":"<h3 class=\"LC20lb DKV0Md\">Hedera helix &#8211; Borosty\u00e1n<\/h3>\n<p class=\"LC20lb DKV0Md\">Hedera helix &#8211; Borosty\u00e1n, \u00d6r\u00f6kz\u00f6ld, \u00e1rny\u00e9kt\u0171r\u0151, talajtakar\u00f3 k\u00fasz\u00f3cserje. Levelei f\u00e9nyesek, \u00e9l\u00e9nkz\u00f6ldek. Talajtakar\u00f3nak is \u00fcltethetj\u00fck.<\/p>\n<p><span style=\"font-family: 'Ubuntu',serif; color: black;\">9*9-es cser\u00e9pben 15\/25 cm hajt\u00e1ssal<\/span><\/p>\n<p><span style=\"font-family: 'Ubuntu',serif; color: black;\">K\u00e9szlet\u00fcnk napi szinten v\u00e1ltozik, ez\u00e9rt k\u00e9rj\u00fck, \u00e9rdekl\u0151dj\u00f6n szem\u00e9lyesen, telefonon vagy email-en.<\/span><\/p>\n<p style=\"line-height: 18.0pt; background: white; margin: 0cm 0cm 15.0pt 0cm;\"><b><span style=\"font-family: 'Ubuntu',serif; color: black;\">A v\u00e1ltoztat\u00e1s jog\u00e1t fenntartjuk!\u00a0<\/span><\/b><\/p>\n<p><a href=\"https:\/\/tajkertesz.com\/\">https:\/\/tajkertesz.com\/<\/a><\/p>\n<p><a href=\"https:\/\/www.facebook.com\/tajkertesz\">https:\/\/www.facebook.com\/tajkertesz<\/a><\/p>\n<p>200 cm \u00e9s 40 kg-ig fut\u00e1rszolg\u00e1lattal sz\u00e1ll\u00edtunk, ezen m\u00e9retek felett egyedi sz\u00e1ll\u00edt\u00e1s egyeztet\u00e9se sz\u00fcks\u00e9ges.<\/p>\n<p><strong><i><span style=\"color: #ffffff;\">A meleg \u00e1gy\u00e1s val\u00f3j\u00e1ban nem m\u00e1s mint egy vastag tr\u00e1gyar\u00e9teg besz\u00f3rva valamennyi f\u00f6lddel. A meleg\u00e1gy tr\u00e1gyakever\u00e9ke att\u00f3l f\u00fcgg milyen id\u0151tartamra k\u00e9ri a meleget a rajta termeszteni k\u00edv\u00e1nt n\u00f6v\u00e9nykult\u00fara. A l\u00f3tr\u00e1gya hirtelen ad sok meleget. Ez\u00e9rt ezt t\u00e9l v\u00e9ge fel\u00e9 alkalmazt\u00e1k. A marhatr\u00e1gya lassan ad kevesebb meleget, de huzamosabb ideig. A l\u00f3 \u00e9s szarvasmarha tr\u00e1gya kever\u00e9k\u00e9t annak megfelel\u0151en kevert\u00e9k be hogy t\u00f6bb meleg kellett hirtelen, vagy kevesebb meleg hosszabb t\u00e1von. Ha kev\u00e9s a szerves tr\u00e1gya a meleg\u00e1gy al\u00e1, akkor p\u00f3tolhat\u00f3 szalm\u00e1val, \u00e9s m\u0171tr\u00e1gy\u00e1val. A meleg\u00e1gy minden esetben fedhet\u0151 az \u00e9jjeli leh\u0171l\u00e9s megakad\u00e1lyoz\u00e1s\u00e1ra.A meleg \u00e1gy\u00e1s val\u00f3j\u00e1ban nem m\u00e1s mint egy vastag tr\u00e1gyar\u00e9teg besz\u00f3rva valamennyi f\u00f6lddel. A meleg\u00e1gy tr\u00e1gyakever\u00e9ke att\u00f3l f\u00fcgg milyen id\u0151tartamra k\u00e9ri a meleget a rajta termeszteni k\u00edv\u00e1nt n\u00f6v\u00e9nykult\u00fara. A l\u00f3tr\u00e1gya hirtelen ad sok meleget. Ez\u00e9rt ezt t\u00e9l v\u00e9ge fel\u00e9 alkalmazt\u00e1k. A marhatr\u00e1gya lassan ad kevesebb meleget, de huzamosabb ideig. A l\u00f3 \u00e9s szarvasmarha tr\u00e1gya kever\u00e9k\u00e9t annak megfelel\u0151en kevert\u00e9k be hogy t\u00f6bb meleg kellett hirtelen, vagy kevesebb meleg hosszabb t\u00e1von. Ha kev\u00e9s a szerves tr\u00e1gya a meleg\u00e1gy al\u00e1, akkor p\u00f3tolhat\u00f3 szalm\u00e1val, \u00e9s m\u0171tr\u00e1gy\u00e1val. A meleg\u00e1gy minden esetben fedhet\u0151 az \u00e9jjeli leh\u0171l\u00e9s megakad\u00e1lyoz\u00e1s\u00e1ra.<\/span><\/i><\/strong><\/p>","protected":false},"excerpt":{"rendered":"<h3 class=\"LC20lb DKV0Md\">Hedera helix &#8211; Borosty\u00e1n<\/h3>\n<p><span style=\"font-family: 'Ubuntu',serif; color: black;\">9*9-es cser\u00e9pben 15\/25 cm hajt\u00e1ssal,<\/span>\u00a0de az \u00e9vszakt\u00f3l f\u00fcgg\u0151en m\u00e9rete elt\u00e9rhet!<\/p>","protected":false},"featured_media":17846,"template":"","meta":{"_et_pb_use_builder":"","_et_pb_old_content":"","_et_gb_content_width":""},"product_brand":[],"product_cat":[4432,3995,26],"product_tag":[2910],"class_list":{"0":"post-17845","1":"product","2":"type-product","3":"status-publish","4":"has-post-thumbnail","6":"product_cat-extra-olcso-novenyek","7":"product_cat-futonovenyek","8":"product_cat-orokzold-novenyek","9":"product_tag-hedera-helix-borostyan","11":"first","12":"instock","13":"shipping-taxable","14":"purchasable","15":"product-type-simple"},"yoast_head":"<!-- This site is optimized with the Yoast SEO plugin v27.4 - https:\/\/yoast.com\/product\/yoast-seo-wordpress\/ -->\n<title>Hedera helix - Borosty\u00e1n - T\u00e1jkert\u00e9sz<\/title>\n<meta name=\"description\" content=\"Hedera helix - Borosty\u00e1n, \u00d6r\u00f6kz\u00f6ld, \u00e1rny\u00e9kt\u0171r\u0151, talajtakar\u00f3 k\u00fasz\u00f3cserje. Levelei f\u00e9nyesek, \u00e9l\u00e9nkz\u00f6ldek. Talajtakar\u00f3nak is \u00fcltethetj\u00fck.\" \/>\n<meta name=\"robots\" content=\"index, follow, max-snippet:-1, max-image-preview:large, max-video-preview:-1\" \/>\n<link rel=\"canonical\" href=\"https:\/\/tajkertesz.com\/en_US\/product\/hedera-helix-borostyan-2\/\" \/>\n<meta property=\"og:locale\" content=\"en_US\" \/>\n<meta property=\"og:type\" content=\"article\" \/>\n<meta property=\"og:title\" content=\"Hedera helix - Borosty\u00e1n - T\u00e1jkert\u00e9sz\" \/>\n<meta property=\"og:description\" content=\"Hedera helix - Borosty\u00e1n, \u00d6r\u00f6kz\u00f6ld, \u00e1rny\u00e9kt\u0171r\u0151, talajtakar\u00f3 k\u00fasz\u00f3cserje. Levelei f\u00e9nyesek, \u00e9l\u00e9nkz\u00f6ldek. Talajtakar\u00f3nak is \u00fcltethetj\u00fck.\" \/>\n<meta property=\"og:url\" content=\"https:\/\/tajkertesz.com\/en_US\/product\/hedera-helix-borostyan-2\/\" \/>\n<meta property=\"og:site_name\" content=\"T\u00e1jkert\u00e9sz\" \/>\n<meta property=\"article:publisher\" content=\"https:\/\/www.facebook.com\/Tajkertesz\/\" \/>\n<meta property=\"article:modified_time\" content=\"2026-02-21T08:18:54+00:00\" \/>\n<meta property=\"og:image\" content=\"https:\/\/tajkertesz.com\/wp-content\/uploads\/2023\/11\/Hedera.jpeg\" \/>\n\t<meta property=\"og:image:width\" content=\"598\" \/>\n\t<meta property=\"og:image:height\" content=\"517\" \/>\n\t<meta property=\"og:image:type\" content=\"image\/jpeg\" \/>\n<meta name=\"twitter:card\" content=\"summary_large_image\" \/>\n<meta name=\"twitter:label1\" content=\"Est. reading time\" \/>\n\t<meta name=\"twitter:data1\" content=\"2 minutes\" \/>\n<script type=\"application\/ld+json\" class=\"yoast-schema-graph\">{\"@context\":\"https:\\\/\\\/schema.org\",\"@graph\":[{\"@type\":\"WebPage\",\"@id\":\"https:\\\/\\\/tajkertesz.com\\\/termek\\\/hedera-helix-borostyan-2\\\/\",\"url\":\"https:\\\/\\\/tajkertesz.com\\\/termek\\\/hedera-helix-borostyan-2\\\/\",\"name\":\"Hedera helix - Borosty\u00e1n - T\u00e1jkert\u00e9sz\",\"isPartOf\":{\"@id\":\"https:\\\/\\\/tajkertesz.com\\\/#website\"},\"primaryImageOfPage\":{\"@id\":\"https:\\\/\\\/tajkertesz.com\\\/termek\\\/hedera-helix-borostyan-2\\\/#primaryimage\"},\"image\":{\"@id\":\"https:\\\/\\\/tajkertesz.com\\\/termek\\\/hedera-helix-borostyan-2\\\/#primaryimage\"},\"thumbnailUrl\":\"https:\\\/\\\/tajkertesz.com\\\/wp-content\\\/uploads\\\/2023\\\/11\\\/Hedera.jpeg\",\"datePublished\":\"2023-11-09T14:49:44+00:00\",\"dateModified\":\"2026-02-21T08:18:54+00:00\",\"description\":\"Hedera helix - Borosty\u00e1n, \u00d6r\u00f6kz\u00f6ld, \u00e1rny\u00e9kt\u0171r\u0151, talajtakar\u00f3 k\u00fasz\u00f3cserje. Levelei f\u00e9nyesek, \u00e9l\u00e9nkz\u00f6ldek. Talajtakar\u00f3nak is \u00fcltethetj\u00fck.\",\"breadcrumb\":{\"@id\":\"https:\\\/\\\/tajkertesz.com\\\/termek\\\/hedera-helix-borostyan-2\\\/#breadcrumb\"},\"inLanguage\":\"en-US\",\"potentialAction\":[{\"@type\":\"ReadAction\",\"target\":[\"https:\\\/\\\/tajkertesz.com\\\/termek\\\/hedera-helix-borostyan-2\\\/\"]}]},{\"@type\":\"ImageObject\",\"inLanguage\":\"en-US\",\"@id\":\"https:\\\/\\\/tajkertesz.com\\\/termek\\\/hedera-helix-borostyan-2\\\/#primaryimage\",\"url\":\"https:\\\/\\\/tajkertesz.com\\\/wp-content\\\/uploads\\\/2023\\\/11\\\/Hedera.jpeg\",\"contentUrl\":\"https:\\\/\\\/tajkertesz.com\\\/wp-content\\\/uploads\\\/2023\\\/11\\\/Hedera.jpeg\",\"width\":598,\"height\":517},{\"@type\":\"BreadcrumbList\",\"@id\":\"https:\\\/\\\/tajkertesz.com\\\/termek\\\/hedera-helix-borostyan-2\\\/#breadcrumb\",\"itemListElement\":[{\"@type\":\"ListItem\",\"position\":1,\"name\":\"Home\",\"item\":\"https:\\\/\\\/tajkertesz.com\\\/\"},{\"@type\":\"ListItem\",\"position\":2,\"name\":\"Kezd\u0151lap\",\"item\":\"https:\\\/\\\/tajkertesz.com\\\/\"},{\"@type\":\"ListItem\",\"position\":3,\"name\":\"Hedera helix &#8211; Borosty\u00e1n\"}]},{\"@type\":\"WebSite\",\"@id\":\"https:\\\/\\\/tajkertesz.com\\\/#website\",\"url\":\"https:\\\/\\\/tajkertesz.com\\\/\",\"name\":\"T\u00e1j-Kert\u00e9sz 84 Kft.\",\"description\":\"Kert\u00e9szeti kis- \u00e9s nagykeresked\u00e9s, D\u00edszn\u00f6v\u00e9ny web\u00e1ruh\u00e1z orsz\u00e1gos h\u00e1zhozsz\u00e1ll\u00edt\u00e1ssal!\",\"publisher\":{\"@id\":\"https:\\\/\\\/tajkertesz.com\\\/#organization\"},\"potentialAction\":[{\"@type\":\"SearchAction\",\"target\":{\"@type\":\"EntryPoint\",\"urlTemplate\":\"https:\\\/\\\/tajkertesz.com\\\/?s={search_term_string}\"},\"query-input\":{\"@type\":\"PropertyValueSpecification\",\"valueRequired\":true,\"valueName\":\"search_term_string\"}}],\"inLanguage\":\"en-US\"},{\"@type\":\"Organization\",\"@id\":\"https:\\\/\\\/tajkertesz.com\\\/#organization\",\"name\":\"T\u00e1j-Kert\u00e9sz 84 Kft.\",\"url\":\"https:\\\/\\\/tajkertesz.com\\\/\",\"logo\":{\"@type\":\"ImageObject\",\"inLanguage\":\"en-US\",\"@id\":\"https:\\\/\\\/tajkertesz.com\\\/#\\\/schema\\\/logo\\\/image\\\/\",\"url\":\"https:\\\/\\\/tajkertesz.com\\\/wp-content\\\/uploads\\\/2018\\\/02\\\/logo-2-e1518678052539.png\",\"contentUrl\":\"https:\\\/\\\/tajkertesz.com\\\/wp-content\\\/uploads\\\/2018\\\/02\\\/logo-2-e1518678052539.png\",\"width\":81,\"height\":140,\"caption\":\"T\u00e1j-Kert\u00e9sz 84 Kft.\"},\"image\":{\"@id\":\"https:\\\/\\\/tajkertesz.com\\\/#\\\/schema\\\/logo\\\/image\\\/\"},\"sameAs\":[\"https:\\\/\\\/www.facebook.com\\\/Tajkertesz\\\/\"]}]}<\/script>\n<!-- \/ Yoast SEO plugin. -->","yoast_head_json":{"title":"Hedera helix - Borosty\u00e1n - T\u00e1jkert\u00e9sz","description":"Hedera helix - Borosty\u00e1n, \u00d6r\u00f6kz\u00f6ld, \u00e1rny\u00e9kt\u0171r\u0151, talajtakar\u00f3 k\u00fasz\u00f3cserje. Levelei f\u00e9nyesek, \u00e9l\u00e9nkz\u00f6ldek. Talajtakar\u00f3nak is \u00fcltethetj\u00fck.","robots":{"index":"index","follow":"follow","max-snippet":"max-snippet:-1","max-image-preview":"max-image-preview:large","max-video-preview":"max-video-preview:-1"},"canonical":"https:\/\/tajkertesz.com\/en_US\/product\/hedera-helix-borostyan-2\/","og_locale":"en_US","og_type":"article","og_title":"Hedera helix - Borosty\u00e1n - T\u00e1jkert\u00e9sz","og_description":"Hedera helix - Borosty\u00e1n, \u00d6r\u00f6kz\u00f6ld, \u00e1rny\u00e9kt\u0171r\u0151, talajtakar\u00f3 k\u00fasz\u00f3cserje. Levelei f\u00e9nyesek, \u00e9l\u00e9nkz\u00f6ldek. Talajtakar\u00f3nak is \u00fcltethetj\u00fck.","og_url":"https:\/\/tajkertesz.com\/en_US\/product\/hedera-helix-borostyan-2\/","og_site_name":"T\u00e1jkert\u00e9sz","article_publisher":"https:\/\/www.facebook.com\/Tajkertesz\/","article_modified_time":"2026-02-21T08:18:54+00:00","og_image":[{"width":598,"height":517,"url":"https:\/\/tajkertesz.com\/wp-content\/uploads\/2023\/11\/Hedera.jpeg","type":"image\/jpeg"}],"twitter_card":"summary_large_image","twitter_misc":{"Est. reading time":"2 minutes"},"schema":{"@context":"https:\/\/schema.org","@graph":[{"@type":"WebPage","@id":"https:\/\/tajkertesz.com\/termek\/hedera-helix-borostyan-2\/","url":"https:\/\/tajkertesz.com\/termek\/hedera-helix-borostyan-2\/","name":"Hedera helix - Borosty\u00e1n - T\u00e1jkert\u00e9sz","isPartOf":{"@id":"https:\/\/tajkertesz.com\/#website"},"primaryImageOfPage":{"@id":"https:\/\/tajkertesz.com\/termek\/hedera-helix-borostyan-2\/#primaryimage"},"image":{"@id":"https:\/\/tajkertesz.com\/termek\/hedera-helix-borostyan-2\/#primaryimage"},"thumbnailUrl":"https:\/\/tajkertesz.com\/wp-content\/uploads\/2023\/11\/Hedera.jpeg","datePublished":"2023-11-09T14:49:44+00:00","dateModified":"2026-02-21T08:18:54+00:00","description":"Hedera helix - Borosty\u00e1n, \u00d6r\u00f6kz\u00f6ld, \u00e1rny\u00e9kt\u0171r\u0151, talajtakar\u00f3 k\u00fasz\u00f3cserje. Levelei f\u00e9nyesek, \u00e9l\u00e9nkz\u00f6ldek. Talajtakar\u00f3nak is \u00fcltethetj\u00fck.","breadcrumb":{"@id":"https:\/\/tajkertesz.com\/termek\/hedera-helix-borostyan-2\/#breadcrumb"},"inLanguage":"en-US","potentialAction":[{"@type":"ReadAction","target":["https:\/\/tajkertesz.com\/termek\/hedera-helix-borostyan-2\/"]}]},{"@type":"ImageObject","inLanguage":"en-US","@id":"https:\/\/tajkertesz.com\/termek\/hedera-helix-borostyan-2\/#primaryimage","url":"https:\/\/tajkertesz.com\/wp-content\/uploads\/2023\/11\/Hedera.jpeg","contentUrl":"https:\/\/tajkertesz.com\/wp-content\/uploads\/2023\/11\/Hedera.jpeg","width":598,"height":517},{"@type":"BreadcrumbList","@id":"https:\/\/tajkertesz.com\/termek\/hedera-helix-borostyan-2\/#breadcrumb","itemListElement":[{"@type":"ListItem","position":1,"name":"Home","item":"https:\/\/tajkertesz.com\/"},{"@type":"ListItem","position":2,"name":"Kezd\u0151lap","item":"https:\/\/tajkertesz.com\/"},{"@type":"ListItem","position":3,"name":"Hedera helix &#8211; Borosty\u00e1n"}]},{"@type":"WebSite","@id":"https:\/\/tajkertesz.com\/#website","url":"https:\/\/tajkertesz.com\/","name":"T\u00e1j-Kert\u00e9sz 84 Kft.","description":"Kert\u00e9szeti kis- \u00e9s nagykeresked\u00e9s, D\u00edszn\u00f6v\u00e9ny web\u00e1ruh\u00e1z orsz\u00e1gos h\u00e1zhozsz\u00e1ll\u00edt\u00e1ssal!","publisher":{"@id":"https:\/\/tajkertesz.com\/#organization"},"potentialAction":[{"@type":"SearchAction","target":{"@type":"EntryPoint","urlTemplate":"https:\/\/tajkertesz.com\/?s={search_term_string}"},"query-input":{"@type":"PropertyValueSpecification","valueRequired":true,"valueName":"search_term_string"}}],"inLanguage":"en-US"},{"@type":"Organization","@id":"https:\/\/tajkertesz.com\/#organization","name":"T\u00e1j-Kert\u00e9sz 84 Kft.","url":"https:\/\/tajkertesz.com\/","logo":{"@type":"ImageObject","inLanguage":"en-US","@id":"https:\/\/tajkertesz.com\/#\/schema\/logo\/image\/","url":"https:\/\/tajkertesz.com\/wp-content\/uploads\/2018\/02\/logo-2-e1518678052539.png","contentUrl":"https:\/\/tajkertesz.com\/wp-content\/uploads\/2018\/02\/logo-2-e1518678052539.png","width":81,"height":140,"caption":"T\u00e1j-Kert\u00e9sz 84 Kft."},"image":{"@id":"https:\/\/tajkertesz.com\/#\/schema\/logo\/image\/"},"sameAs":["https:\/\/www.facebook.com\/Tajkertesz\/"]}]}},"_links":{"self":[{"href":"https:\/\/tajkertesz.com\/en_US\/wp-json\/wp\/v2\/product\/17845","targetHints":{"allow":["GET"]}}],"collection":[{"href":"https:\/\/tajkertesz.com\/en_US\/wp-json\/wp\/v2\/product"}],"about":[{"href":"https:\/\/tajkertesz.com\/en_US\/wp-json\/wp\/v2\/types\/product"}],"wp:featuredmedia":[{"embeddable":true,"href":"https:\/\/tajkertesz.com\/en_US\/wp-json\/wp\/v2\/media\/17846"}],"wp:attachment":[{"href":"https:\/\/tajkertesz.com\/en_US\/wp-json\/wp\/v2\/media?parent=17845"}],"wp:term":[{"taxonomy":"product_brand","embeddable":true,"href":"https:\/\/tajkertesz.com\/en_US\/wp-json\/wp\/v2\/product_brand?post=17845"},{"taxonomy":"product_cat","embeddable":true,"href":"https:\/\/tajkertesz.com\/en_US\/wp-json\/wp\/v2\/product_cat?post=17845"},{"taxonomy":"product_tag","embeddable":true,"href":"https:\/\/tajkertesz.com\/en_US\/wp-json\/wp\/v2\/product_tag?post=17845"}],"curies":[{"name":"wp","href":"https:\/\/api.w.org\/{rel}","templated":true}]}}