{"id":1788,"date":"2020-04-23T10:04:12","date_gmt":"2020-04-23T10:04:12","guid":{"rendered":"https:\/\/tajkertesz.com\/?post_type=product&#038;p=1788"},"modified":"2026-03-02T14:45:49","modified_gmt":"2026-03-02T14:45:49","slug":"cordyline-australis-red-star","status":"publish","type":"product","link":"https:\/\/tajkertesz.com\/en_US\/product\/cordyline-australis-red-star\/","title":{"rendered":"Cordyline australis &#8216;Red Star&#8217; , D\u00e9li bunk\u00f3liliom"},"content":{"rendered":"<p>Cordyline australis &#8216;Red Star&#8217; , D\u00e9li bunk\u00f3liliom<\/p>\n<p>A Cordyline australis &#8216;Red Star&#8217; , D\u00e9li bunk\u00f3liliom csod\u00e1latos hossz\u00fak\u00e1s, \u00edvesen hajl\u00f3 m\u00e9ly lila level\u00e9vel d\u00edsz\u00edt.<\/p>\n<p>\u00daj- Z\u00e9land ter\u00fcletein \u0151shonos \u00e9vel\u0151 n\u00f6v\u00e9ny melyet haz\u00e1nkban szobai lev\u00e9l d\u00edszn\u00f6v\u00e9nyk\u00e9nt tarthatunk.<\/p>\n<p>Meleg, p\u00e1r\u00e1s k\u00f6rnyezetben \u00e9rzi j\u00f3l mag\u00e1t, ez\u00e9rt ha lehet tegy\u00fck kavics\u00e1gyra ami folyamatos p\u00e1r\u00e1s leveg\u0151t biztos\u00edt a n\u00f6v\u00e9ny sz\u00e1m\u00e1ra.<\/p>\n<p>Vil\u00e1gos, napos de nem t\u0171z\u0151 napos helyet kedvel.<\/p>\n<p>Tavaszt\u00f3l \u0151szig ak\u00e1r kitehetj\u00fck a szabadba is v\u00e9dettebb helyre, huzatra \u00e9rz\u00e9keny lehet.<\/p>\n<p>\u00c1ltal\u00e1nos talajt ig\u00e9nyel, \u00f6nt\u00f6z\u00e9sn\u00e9l \u00fcgyelni kell arra, hogy f\u00f6ldje mindig nyirkos legyen.<\/p>\n<p>Ha nagyon kisz\u00e1rad a f\u00f6ldje k\u00f6nnyen besz\u00e1radhatnak a lev\u00e9lv\u00e9gek.<\/p>\n<p>Jelen term\u00e9k\u00fcnk\u00a0 kb: 60\/80\/100\u00a0 cm magas.<\/p>\n<p>&nbsp;<\/p>\n<p><a href=\"https:\/\/tajkertesz.com\/\">https:\/\/tajkertesz.com\/<\/a><\/p>\n<p><a href=\"https:\/\/en.wikipedia.org\/wiki\/Cordyline_australis\">https:\/\/en.wikipedia.org\/wiki\/Cordyline_australis<\/a><\/p>\n<p>&nbsp;<\/p>\n<p style=\"line-height: 18.0pt; background: white; margin: 0cm 0cm 15.0pt 0cm;\"><span style=\"color: black;\">El\u00e9rhet\u0151 t\u00f6bbf\u00e9le m\u00e9retben \u00e9s \u00e1rban.<\/span><\/p>\n<p style=\"line-height: 18.0pt; background: white; margin: 0cm 0cm 15.0pt 0cm;\"><b><span style=\"color: black;\">K\u00e9szlet\u00fcnk napi szinten v\u00e1ltozik, ez\u00e9rt k\u00e9rj\u00fck, \u00e9rdekl\u0151dj\u00f6n szem\u00e9lyesen, telefonon vagy email-en.<br \/>\nA v\u00e1ltoztat\u00e1s jog\u00e1t fenntartjuk!\u00a0<\/span><\/b><\/p>\n<p>&nbsp;<\/p>\n<h6><span style=\"color: #ffffff;\">\u00daj- Z\u00e9land ter\u00fcletein \u0151shonos \u00e9vel\u0151 n\u00f6v\u00e9ny melyet haz\u00e1nkban szobai lev\u00e9ld\u00edszn\u00f6v\u00e9nyk\u00e9nt tarthatunk. Nev\u00e9t onnan kapta, hogy gy\u00f6kere bunk\u00f3hoz hasonl\u00f3an fejl\u0151dik.<\/span><br \/>\n<span style=\"color: #ffffff;\">Hossz\u00fak\u00e1s, \u00edvesen hajl\u00f3 m\u00e9ly lila leveleivel attrakt\u00edv d\u00edsze lehet a lak\u00e1soknak.<\/span><br \/>\n<span style=\"color: #ffffff;\">Meleg, p\u00e1r\u00e1s k\u00f6rnyezetben \u00e9rzi j\u00f3l mag\u00e1t, ez\u00e9rt ha lehet tegy\u00fck kavics\u00e1gyra ami folyamatos p\u00e1r\u00e1s leveg\u0151t biztos\u00edt a n\u00f6v\u00e9ny sz\u00e1m\u00e1ra. Vil\u00e1gos, napos de nem t\u0171z\u0151 napos helyet kedvel. Tavaszt\u00f3l \u0151szig ak\u00e1r kitehetj\u00fck a szabadba is v\u00e9dettebb helyre, huzatra \u00e9rz\u00e9keny lehet.<\/span><br \/>\n<span style=\"color: #ffffff;\">\u00c1ltal\u00e1nos talajt ig\u00e9nyel, \u00f6nt\u00f6z\u00e9sn\u00e9l \u00fcgyelni kell arra, hogy f\u00f6ldje mindig nyirkos legyen. Ha nagyon kisz\u00e1rad a f\u00f6ldje k\u00f6nnyen besz\u00e1radhatnak a lev\u00e9lv\u00e9gek. Tavaszt\u00f3l \u0151szig k\u00e9thetente t\u00e1poldatozzuk z\u00f6ldn\u00f6v\u00e9nyekhez val\u00f3 t\u00e1poldattal.<\/span><\/h6>","protected":false},"excerpt":{"rendered":"<p>A Cordyline australis &#8216;Red Star&#8217; , D\u00e9li bunk\u00f3liliom csod\u00e1latos hossz\u00fak\u00e1s, \u00edvesen hajl\u00f3 m\u00e9ly lila level\u00e9vel d\u00edsz\u00edt.<\/p>\n<p>\u00daj- Z\u00e9land ter\u00fcletein \u0151shonos \u00e9vel\u0151 n\u00f6v\u00e9ny melyet haz\u00e1nkban szobai lev\u00e9l d\u00edszn\u00f6v\u00e9nyk\u00e9nt tarthatunk.<\/p>\n<p>Meleg, p\u00e1r\u00e1s k\u00f6rnyezetben \u00e9rzi j\u00f3l mag\u00e1t, ez\u00e9rt ha lehet tegy\u00fck kavics\u00e1gyra ami folyamatos p\u00e1r\u00e1s leveg\u0151t biztos\u00edt a n\u00f6v\u00e9ny sz\u00e1m\u00e1ra.<\/p>\n<p>Vil\u00e1gos, napos de nem t\u0171z\u0151 napos helyet kedvel.<\/p>\n<p>Tavaszt\u00f3l \u0151szig ak\u00e1r kitehetj\u00fck a szabadba is v\u00e9dettebb helyre, huzatra \u00e9rz\u00e9keny lehet.<\/p>\n<p>\u00c1ltal\u00e1nos talajt ig\u00e9nyel, \u00f6nt\u00f6z\u00e9sn\u00e9l \u00fcgyelni kell arra, hogy f\u00f6ldje mindig nyirkos legyen.<\/p>\n<p>Ha nagyon kisz\u00e1rad a f\u00f6ldje k\u00f6nnyen besz\u00e1radhatnak a lev\u00e9lv\u00e9gek.<\/p>\n<p>&nbsp;<\/p>","protected":false},"featured_media":16545,"template":"","meta":{"_et_pb_use_builder":"","_et_pb_old_content":"","_et_gb_content_width":""},"product_brand":[],"product_cat":[4274,517],"product_tag":[525,524,523],"class_list":{"0":"post-1788","1":"product","2":"type-product","3":"status-publish","4":"has-post-thumbnail","6":"product_cat-akcios-termekek","7":"product_cat-palmak-citrusok-es-mediterran-novenyek","8":"product_tag-cordyline","9":"product_tag-cordyline-australis-red-star","10":"product_tag-deli-bunkoliliom","12":"first","13":"outofstock","14":"shipping-taxable","15":"product-type-simple"},"yoast_head":"<!-- This site is optimized with the Yoast SEO plugin v27.5 - https:\/\/yoast.com\/product\/yoast-seo-wordpress\/ -->\n<title>Cordyline australis &#039;Red Star&#039; , D\u00e9li bunk\u00f3liliom - T\u00e1jkert\u00e9sz<\/title>\n<meta name=\"description\" content=\"A Cordyline australis &#039;Red Star&#039; , D\u00e9li bunk\u00f3liliom csod\u00e1latos hossz\u00fak\u00e1s, \u00edvesen hajl\u00f3 m\u00e9ly lila level\u00e9vel d\u00edsz\u00edt.\" \/>\n<meta name=\"robots\" content=\"index, follow, max-snippet:-1, max-image-preview:large, max-video-preview:-1\" \/>\n<link rel=\"canonical\" href=\"https:\/\/tajkertesz.com\/en_US\/product\/cordyline-australis-red-star\/\" \/>\n<meta property=\"og:locale\" content=\"en_US\" \/>\n<meta property=\"og:type\" content=\"article\" \/>\n<meta property=\"og:title\" content=\"Cordyline australis &#039;Red Star&#039; , D\u00e9li bunk\u00f3liliom - T\u00e1jkert\u00e9sz\" \/>\n<meta property=\"og:description\" content=\"A Cordyline australis &#039;Red Star&#039; , D\u00e9li bunk\u00f3liliom csod\u00e1latos hossz\u00fak\u00e1s, \u00edvesen hajl\u00f3 m\u00e9ly lila level\u00e9vel d\u00edsz\u00edt.\" \/>\n<meta property=\"og:url\" content=\"https:\/\/tajkertesz.com\/en_US\/product\/cordyline-australis-red-star\/\" \/>\n<meta property=\"og:site_name\" content=\"T\u00e1jkert\u00e9sz\" \/>\n<meta property=\"article:publisher\" content=\"https:\/\/www.facebook.com\/Tajkertesz\/\" \/>\n<meta property=\"article:modified_time\" content=\"2026-03-02T14:45:49+00:00\" \/>\n<meta property=\"og:image\" content=\"https:\/\/tajkertesz.com\/wp-content\/uploads\/2020\/04\/20230822_133345-1-scaled.jpg\" \/>\n\t<meta property=\"og:image:width\" content=\"1154\" \/>\n\t<meta property=\"og:image:height\" content=\"2560\" \/>\n\t<meta property=\"og:image:type\" content=\"image\/jpeg\" \/>\n<meta name=\"twitter:card\" content=\"summary_large_image\" \/>\n<meta name=\"twitter:label1\" content=\"Est. reading time\" \/>\n\t<meta name=\"twitter:data1\" content=\"2 minutes\" \/>\n<script type=\"application\/ld+json\" class=\"yoast-schema-graph\">{\"@context\":\"https:\\\/\\\/schema.org\",\"@graph\":[{\"@type\":\"WebPage\",\"@id\":\"https:\\\/\\\/tajkertesz.com\\\/termek\\\/cordyline-australis-red-star\\\/\",\"url\":\"https:\\\/\\\/tajkertesz.com\\\/termek\\\/cordyline-australis-red-star\\\/\",\"name\":\"Cordyline australis 'Red Star' , D\u00e9li bunk\u00f3liliom - T\u00e1jkert\u00e9sz\",\"isPartOf\":{\"@id\":\"https:\\\/\\\/tajkertesz.com\\\/#website\"},\"primaryImageOfPage\":{\"@id\":\"https:\\\/\\\/tajkertesz.com\\\/termek\\\/cordyline-australis-red-star\\\/#primaryimage\"},\"image\":{\"@id\":\"https:\\\/\\\/tajkertesz.com\\\/termek\\\/cordyline-australis-red-star\\\/#primaryimage\"},\"thumbnailUrl\":\"https:\\\/\\\/tajkertesz.com\\\/wp-content\\\/uploads\\\/2020\\\/04\\\/20230822_133345-1-scaled.jpg\",\"datePublished\":\"2020-04-23T10:04:12+00:00\",\"dateModified\":\"2026-03-02T14:45:49+00:00\",\"description\":\"A Cordyline australis 'Red Star' , D\u00e9li bunk\u00f3liliom csod\u00e1latos hossz\u00fak\u00e1s, \u00edvesen hajl\u00f3 m\u00e9ly lila level\u00e9vel d\u00edsz\u00edt.\",\"breadcrumb\":{\"@id\":\"https:\\\/\\\/tajkertesz.com\\\/termek\\\/cordyline-australis-red-star\\\/#breadcrumb\"},\"inLanguage\":\"en-US\",\"potentialAction\":[{\"@type\":\"ReadAction\",\"target\":[\"https:\\\/\\\/tajkertesz.com\\\/termek\\\/cordyline-australis-red-star\\\/\"]}]},{\"@type\":\"ImageObject\",\"inLanguage\":\"en-US\",\"@id\":\"https:\\\/\\\/tajkertesz.com\\\/termek\\\/cordyline-australis-red-star\\\/#primaryimage\",\"url\":\"https:\\\/\\\/tajkertesz.com\\\/wp-content\\\/uploads\\\/2020\\\/04\\\/20230822_133345-1-scaled.jpg\",\"contentUrl\":\"https:\\\/\\\/tajkertesz.com\\\/wp-content\\\/uploads\\\/2020\\\/04\\\/20230822_133345-1-scaled.jpg\",\"width\":1154,\"height\":2560},{\"@type\":\"BreadcrumbList\",\"@id\":\"https:\\\/\\\/tajkertesz.com\\\/termek\\\/cordyline-australis-red-star\\\/#breadcrumb\",\"itemListElement\":[{\"@type\":\"ListItem\",\"position\":1,\"name\":\"Home\",\"item\":\"https:\\\/\\\/tajkertesz.com\\\/\"},{\"@type\":\"ListItem\",\"position\":2,\"name\":\"Kezd\u0151lap\",\"item\":\"https:\\\/\\\/tajkertesz.com\\\/\"},{\"@type\":\"ListItem\",\"position\":3,\"name\":\"Cordyline australis &#8216;Red Star&#8217; , D\u00e9li bunk\u00f3liliom\"}]},{\"@type\":\"WebSite\",\"@id\":\"https:\\\/\\\/tajkertesz.com\\\/#website\",\"url\":\"https:\\\/\\\/tajkertesz.com\\\/\",\"name\":\"T\u00e1j-Kert\u00e9sz 84 Kft.\",\"description\":\"Kert\u00e9szeti kis- \u00e9s nagykeresked\u00e9s, D\u00edszn\u00f6v\u00e9ny web\u00e1ruh\u00e1z orsz\u00e1gos h\u00e1zhozsz\u00e1ll\u00edt\u00e1ssal!\",\"publisher\":{\"@id\":\"https:\\\/\\\/tajkertesz.com\\\/#organization\"},\"potentialAction\":[{\"@type\":\"SearchAction\",\"target\":{\"@type\":\"EntryPoint\",\"urlTemplate\":\"https:\\\/\\\/tajkertesz.com\\\/?s={search_term_string}\"},\"query-input\":{\"@type\":\"PropertyValueSpecification\",\"valueRequired\":true,\"valueName\":\"search_term_string\"}}],\"inLanguage\":\"en-US\"},{\"@type\":\"Organization\",\"@id\":\"https:\\\/\\\/tajkertesz.com\\\/#organization\",\"name\":\"T\u00e1j-Kert\u00e9sz 84 Kft.\",\"url\":\"https:\\\/\\\/tajkertesz.com\\\/\",\"logo\":{\"@type\":\"ImageObject\",\"inLanguage\":\"en-US\",\"@id\":\"https:\\\/\\\/tajkertesz.com\\\/#\\\/schema\\\/logo\\\/image\\\/\",\"url\":\"https:\\\/\\\/tajkertesz.com\\\/wp-content\\\/uploads\\\/2018\\\/02\\\/logo-2-e1518678052539.png\",\"contentUrl\":\"https:\\\/\\\/tajkertesz.com\\\/wp-content\\\/uploads\\\/2018\\\/02\\\/logo-2-e1518678052539.png\",\"width\":81,\"height\":140,\"caption\":\"T\u00e1j-Kert\u00e9sz 84 Kft.\"},\"image\":{\"@id\":\"https:\\\/\\\/tajkertesz.com\\\/#\\\/schema\\\/logo\\\/image\\\/\"},\"sameAs\":[\"https:\\\/\\\/www.facebook.com\\\/Tajkertesz\\\/\"]}]}<\/script>\n<!-- \/ Yoast SEO plugin. -->","yoast_head_json":{"title":"Cordyline australis 'Red Star' , D\u00e9li bunk\u00f3liliom - T\u00e1jkert\u00e9sz","description":"A Cordyline australis 'Red Star' , D\u00e9li bunk\u00f3liliom csod\u00e1latos hossz\u00fak\u00e1s, \u00edvesen hajl\u00f3 m\u00e9ly lila level\u00e9vel d\u00edsz\u00edt.","robots":{"index":"index","follow":"follow","max-snippet":"max-snippet:-1","max-image-preview":"max-image-preview:large","max-video-preview":"max-video-preview:-1"},"canonical":"https:\/\/tajkertesz.com\/en_US\/product\/cordyline-australis-red-star\/","og_locale":"en_US","og_type":"article","og_title":"Cordyline australis 'Red Star' , D\u00e9li bunk\u00f3liliom - T\u00e1jkert\u00e9sz","og_description":"A Cordyline australis 'Red Star' , D\u00e9li bunk\u00f3liliom csod\u00e1latos hossz\u00fak\u00e1s, \u00edvesen hajl\u00f3 m\u00e9ly lila level\u00e9vel d\u00edsz\u00edt.","og_url":"https:\/\/tajkertesz.com\/en_US\/product\/cordyline-australis-red-star\/","og_site_name":"T\u00e1jkert\u00e9sz","article_publisher":"https:\/\/www.facebook.com\/Tajkertesz\/","article_modified_time":"2026-03-02T14:45:49+00:00","og_image":[{"width":1154,"height":2560,"url":"https:\/\/tajkertesz.com\/wp-content\/uploads\/2020\/04\/20230822_133345-1-scaled.jpg","type":"image\/jpeg"}],"twitter_card":"summary_large_image","twitter_misc":{"Est. reading time":"2 minutes"},"schema":{"@context":"https:\/\/schema.org","@graph":[{"@type":"WebPage","@id":"https:\/\/tajkertesz.com\/termek\/cordyline-australis-red-star\/","url":"https:\/\/tajkertesz.com\/termek\/cordyline-australis-red-star\/","name":"Cordyline australis 'Red Star' , D\u00e9li bunk\u00f3liliom - T\u00e1jkert\u00e9sz","isPartOf":{"@id":"https:\/\/tajkertesz.com\/#website"},"primaryImageOfPage":{"@id":"https:\/\/tajkertesz.com\/termek\/cordyline-australis-red-star\/#primaryimage"},"image":{"@id":"https:\/\/tajkertesz.com\/termek\/cordyline-australis-red-star\/#primaryimage"},"thumbnailUrl":"https:\/\/tajkertesz.com\/wp-content\/uploads\/2020\/04\/20230822_133345-1-scaled.jpg","datePublished":"2020-04-23T10:04:12+00:00","dateModified":"2026-03-02T14:45:49+00:00","description":"A Cordyline australis 'Red Star' , D\u00e9li bunk\u00f3liliom csod\u00e1latos hossz\u00fak\u00e1s, \u00edvesen hajl\u00f3 m\u00e9ly lila level\u00e9vel d\u00edsz\u00edt.","breadcrumb":{"@id":"https:\/\/tajkertesz.com\/termek\/cordyline-australis-red-star\/#breadcrumb"},"inLanguage":"en-US","potentialAction":[{"@type":"ReadAction","target":["https:\/\/tajkertesz.com\/termek\/cordyline-australis-red-star\/"]}]},{"@type":"ImageObject","inLanguage":"en-US","@id":"https:\/\/tajkertesz.com\/termek\/cordyline-australis-red-star\/#primaryimage","url":"https:\/\/tajkertesz.com\/wp-content\/uploads\/2020\/04\/20230822_133345-1-scaled.jpg","contentUrl":"https:\/\/tajkertesz.com\/wp-content\/uploads\/2020\/04\/20230822_133345-1-scaled.jpg","width":1154,"height":2560},{"@type":"BreadcrumbList","@id":"https:\/\/tajkertesz.com\/termek\/cordyline-australis-red-star\/#breadcrumb","itemListElement":[{"@type":"ListItem","position":1,"name":"Home","item":"https:\/\/tajkertesz.com\/"},{"@type":"ListItem","position":2,"name":"Kezd\u0151lap","item":"https:\/\/tajkertesz.com\/"},{"@type":"ListItem","position":3,"name":"Cordyline australis &#8216;Red Star&#8217; , D\u00e9li bunk\u00f3liliom"}]},{"@type":"WebSite","@id":"https:\/\/tajkertesz.com\/#website","url":"https:\/\/tajkertesz.com\/","name":"T\u00e1j-Kert\u00e9sz 84 Kft.","description":"Kert\u00e9szeti kis- \u00e9s nagykeresked\u00e9s, D\u00edszn\u00f6v\u00e9ny web\u00e1ruh\u00e1z orsz\u00e1gos h\u00e1zhozsz\u00e1ll\u00edt\u00e1ssal!","publisher":{"@id":"https:\/\/tajkertesz.com\/#organization"},"potentialAction":[{"@type":"SearchAction","target":{"@type":"EntryPoint","urlTemplate":"https:\/\/tajkertesz.com\/?s={search_term_string}"},"query-input":{"@type":"PropertyValueSpecification","valueRequired":true,"valueName":"search_term_string"}}],"inLanguage":"en-US"},{"@type":"Organization","@id":"https:\/\/tajkertesz.com\/#organization","name":"T\u00e1j-Kert\u00e9sz 84 Kft.","url":"https:\/\/tajkertesz.com\/","logo":{"@type":"ImageObject","inLanguage":"en-US","@id":"https:\/\/tajkertesz.com\/#\/schema\/logo\/image\/","url":"https:\/\/tajkertesz.com\/wp-content\/uploads\/2018\/02\/logo-2-e1518678052539.png","contentUrl":"https:\/\/tajkertesz.com\/wp-content\/uploads\/2018\/02\/logo-2-e1518678052539.png","width":81,"height":140,"caption":"T\u00e1j-Kert\u00e9sz 84 Kft."},"image":{"@id":"https:\/\/tajkertesz.com\/#\/schema\/logo\/image\/"},"sameAs":["https:\/\/www.facebook.com\/Tajkertesz\/"]}]}},"_links":{"self":[{"href":"https:\/\/tajkertesz.com\/en_US\/wp-json\/wp\/v2\/product\/1788","targetHints":{"allow":["GET"]}}],"collection":[{"href":"https:\/\/tajkertesz.com\/en_US\/wp-json\/wp\/v2\/product"}],"about":[{"href":"https:\/\/tajkertesz.com\/en_US\/wp-json\/wp\/v2\/types\/product"}],"wp:featuredmedia":[{"embeddable":true,"href":"https:\/\/tajkertesz.com\/en_US\/wp-json\/wp\/v2\/media\/16545"}],"wp:attachment":[{"href":"https:\/\/tajkertesz.com\/en_US\/wp-json\/wp\/v2\/media?parent=1788"}],"wp:term":[{"taxonomy":"product_brand","embeddable":true,"href":"https:\/\/tajkertesz.com\/en_US\/wp-json\/wp\/v2\/product_brand?post=1788"},{"taxonomy":"product_cat","embeddable":true,"href":"https:\/\/tajkertesz.com\/en_US\/wp-json\/wp\/v2\/product_cat?post=1788"},{"taxonomy":"product_tag","embeddable":true,"href":"https:\/\/tajkertesz.com\/en_US\/wp-json\/wp\/v2\/product_tag?post=1788"}],"curies":[{"name":"wp","href":"https:\/\/api.w.org\/{rel}","templated":true}]}}