{"id":17898,"date":"2023-11-11T11:32:39","date_gmt":"2023-11-11T11:32:39","guid":{"rendered":"https:\/\/tajkertesz.com\/?post_type=product&#038;p=17898"},"modified":"2025-01-14T11:54:07","modified_gmt":"2025-01-14T11:54:07","slug":"piros-gyertya-4-x-5-cm","status":"publish","type":"product","link":"https:\/\/tajkertesz.com\/en_US\/product\/piros-gyertya-4-x-5-cm\/","title":{"rendered":"Piros gyertya 4 x 5 cm 25-20-4"},"content":{"rendered":"<h1>Piros gyertya 4 x 5 cm<\/h1>\n<p>Piros gyertya 4 x 5 cm &#8211; A gyertya minden \u00fcnnep elengedhetetlen kell\u00e9ke.<\/p>\n<p><strong>A gyerty\u00e1k \u00f6nmagukban \u00e9kesen d\u00edsz\u00edtik az otthonunkat \u00e9s kieg\u00e9sz\u00edtik megl\u00e9v\u0151 dekor\u00e1ci\u00f3nkat.\u00a0<\/strong><\/p>\n<p><strong>Kiv\u00e1l\u00f3an alkalmazhat\u00f3ak k\u00e9sz\u00edtm\u00e9nyekbe, adventi koszor\u00fara.\u00a0<\/strong><\/p>\n<p><strong>Az biztos, hogy nincs kar\u00e1csony gyertya n\u00e9lk\u00fcl.\u00a0<\/strong><\/p>\n<p>A gyerty\u00e1k felhaszn\u00e1l\u00e1sakor mindig haszn\u00e1lj gyertyat\u00fcsk\u00e9t vagy \u00e9ghetetlen gyertyat\u00e1lat, al\u00e1t\u00e9tet.<\/p>\n<p>A magad, csal\u00e1dod \u00e9s \u00e9rt\u00e9keid v\u00e9delm\u00e9ben sose hagyj \u00e9g\u0151 gyerty\u00e1t \u0151rizetlen\u00fcl!<\/p>\n<p>&nbsp;<\/p>\n<p>El\u00e9rhet\u0151 t\u00f6bbf\u00e9le m\u00e9retben \u00e9s \u00e1rban.<\/p>\n<p><strong>K\u00e9szlet\u00fcnk napi szinten v\u00e1ltozik, ez\u00e9rt k\u00e9rj\u00fck, \u00e9rdekl\u0151dj\u00f6n szem\u00e9lyesen, telefonon vagy email-en.<br \/>\nA v\u00e1ltoztat\u00e1s jog\u00e1t fenntartjuk!\u00a0\u00a0<\/strong><\/p>\n<p>&nbsp;<\/p>\n<p><a href=\"https:\/\/tajkertesz.com\/\">https:\/\/tajkertesz.com\/<\/a><\/p>\n<p><a href=\"https:\/\/www.facebook.com\/tajkertesz\/\">https:\/\/www.facebook.com\/tajkertesz\/<\/a><\/p>\n<p>Kisz\u00e1ll\u00edt\u00e1s: 200cm-ig \u00a0\u00e9s 40 kg-ig a sz\u00e1ll\u00edt\u00e1s fut\u00e1rszolg\u00e1lattal \u00a0t\u00f6rt\u00e9nik.<\/p>\n<p>Szem\u00e9lyes \u00e1tv\u00e9tel nyitvatart\u00e1si id\u0151ben a 17. ker\u00fclet Bakancsos utca 7. sz\u00e1m alatti Kert\u00e9szeti \u00e1rud\u00e1ban.<\/p>\n<p>&nbsp;<\/p>\n<h6><span style=\"color: #ffffff;\"><strong>Gyerty\u00e1k:\u00a0<\/strong><strong>A gyerty\u00e1k \u00f6nmagukban \u00e9kesen d\u00edsz\u00edtik az otthonunkat \u00e9s kieg\u00e9sz\u00edtik megl\u00e9v\u0151 dekor\u00e1ci\u00f3nkat.\u00a0<\/strong><strong>Kiv\u00e1l\u00f3an alkalmazhat\u00f3ak k\u00e9sz\u00edtm\u00e9nyekbe, adventi koszor\u00fara.\u00a0<\/strong><strong>Az biztos, hogy nincs kar\u00e1csony gyertya n\u00e9lk\u00fcl.\u00a0<\/strong><strong><em> \u00a0<\/em><\/strong><strong>A gyertya szil\u00e1rd \u00e9ghet\u0151 anyag, faggy\u00fa vagy paraffin felhaszn\u00e1l\u00e1s\u00e1val k\u00e9sz\u00fclt, kan\u00f3ccal ell\u00e1tott vil\u00e1g\u00edt\u00f3 eszk\u00f6z.\u00a0<\/strong><strong>Manaps\u00e1g belt\u00e9rbe\u00a0 a viasz, m\u00edg k\u00fclt\u00e9rre a paraffin gyerty\u00e1kat aj\u00e1nlatos haszn\u00e1lni.\u00a0<\/strong><strong>Az ember m\u00e1r t\u00f6bb ezer \u00e9ve haszn\u00e1l gyerty\u00e1t, \u00e9vsz\u00e1zadokon \u00e1t elengedhetetlen h\u00e1ztart\u00e1si kell\u00e9k volt. A 19. sz\u00e1zad elej\u00e9n kezdt\u00e9k haszn\u00e1lni az \u00f6sszefont kan\u00f3cot \u00e9s a paraffint a gyerty\u00e1k \u00f6nt\u00e9s\u00e9hez, \u00edgy m\u00e1r j\u00f3 min\u0151s\u00e9g\u0171, olcs\u00f3 gyerty\u00e1t tudtak el\u0151\u00e1ll\u00edtani.\u00a0 <\/strong><strong>erty\u00e1k:\u00a0 \u00a0<\/strong><strong>A gyerty\u00e1k \u00f6nmagukban \u00e9kesen d\u00edsz\u00edtik az otthonunkat \u00e9s kieg\u00e9sz\u00edtik megl\u00e9v\u0151 dekor\u00e1ci\u00f3nkat.\u00a0<\/strong><strong>Kiv\u00e1l\u00f3an alkalmazhat\u00f3ak k\u00e9sz\u00edtm\u00e9nyekbe, adventi koszor\u00fara.\u00a0<\/strong><strong>Az biztos, hogy nincs kar\u00e1csony gyertya n\u00e9lk\u00fcl.\u00a0<\/strong><strong>A gyertya szil\u00e1rd \u00e9ghet\u0151 anyag, faggy\u00fa vagy paraffin felhaszn\u00e1l\u00e1s\u00e1val k\u00e9sz\u00fclt, kan\u00f3ccal ell\u00e1tott vil\u00e1g\u00edt\u00f3 eszk\u00f6z.\u00a0<\/strong><strong>Manaps\u00e1g belt\u00e9rbe\u00a0 a viasz, m\u00edg k\u00fclt\u00e9rre a paraffin gyerty\u00e1kat aj\u00e1nlatos haszn\u00e1lni.\u00a0<\/strong><strong>Az ember m\u00e1r t\u00f6bb ezer \u00e9ve haszn\u00e1l gyerty\u00e1t, \u00e9vsz\u00e1zadokon \u00e1t elengedhetetlen h\u00e1ztart\u00e1si kell\u00e9k volt. A 19. sz\u00e1zad elej\u00e9n kezdt\u00e9k haszn\u00e1lni az \u00f6sszefont kan\u00f3cot \u00e9s a paraffint a gyerty\u00e1k \u00f6nt\u00e9s\u00e9hez, \u00edgy m\u00e1r j\u00f3 min\u0151s\u00e9g\u0171, olcs\u00f3 gyerty\u00e1t tudtak el\u0151\u00e1ll\u00edtani.<\/strong><\/span><\/h6>","protected":false},"excerpt":{"rendered":"<h1>Piros gyertya 4 x 5 cm<\/h1>\n<p>Piros gyertya 4 x 5 cm &#8211; A gyertya minden \u00fcnnep elengedhetetlen kell\u00e9ke.<\/p>\n<p><strong>A gyerty\u00e1k \u00f6nmagukban \u00e9kesen d\u00edsz\u00edtik az otthonunkat \u00e9s kieg\u00e9sz\u00edtik megl\u00e9v\u0151 dekor\u00e1ci\u00f3nkat.\u00a0<\/strong><\/p>\n<p><strong>Kiv\u00e1l\u00f3an alkalmazhat\u00f3ak k\u00e9sz\u00edtm\u00e9nyekbe, adventi koszor\u00fara.\u00a0<\/strong><\/p>\n<p><strong>Az biztos, hogy nincs kar\u00e1csony gyertya n\u00e9lk\u00fcl.\u00a0<\/strong><\/p>\n<p>A gyerty\u00e1k felhaszn\u00e1l\u00e1sakor mindig haszn\u00e1lj gyertyat\u00fcsk\u00e9t vagy \u00e9ghetetlen gyertyat\u00e1lat, al\u00e1t\u00e9tet.<\/p>\n<p>A magad, csal\u00e1dod \u00e9s \u00e9rt\u00e9keid v\u00e9delm\u00e9ben sose hagyj \u00e9g\u0151 gyerty\u00e1t \u0151rizetlen\u00fcl!<\/p>","protected":false},"featured_media":17899,"template":"","meta":{"_et_pb_use_builder":"","_et_pb_old_content":"","_et_gb_content_width":""},"product_brand":[],"product_cat":[3298],"product_tag":[],"class_list":{"0":"post-17898","1":"product","2":"type-product","3":"status-publish","4":"has-post-thumbnail","6":"product_cat-gyertyak","8":"first","9":"instock","10":"shipping-taxable","11":"purchasable","12":"product-type-simple"},"yoast_head":"<!-- This site is optimized with the Yoast SEO plugin v27.5 - https:\/\/yoast.com\/product\/yoast-seo-wordpress\/ -->\n<title>Piros gyertya 4 x 5 cm 25-20-4 - T\u00e1jkert\u00e9sz<\/title>\n<meta name=\"description\" content=\"Piros gyertya 4 x 5 cm - A gyertya minden \u00fcnnep elengedhetetlen kell\u00e9ke.A gyerty\u00e1k \u00f6nmagukban \u00e9kesen d\u00edsz\u00edtik az otthonunkat\" \/>\n<meta name=\"robots\" content=\"index, follow, max-snippet:-1, max-image-preview:large, max-video-preview:-1\" \/>\n<link rel=\"canonical\" href=\"https:\/\/tajkertesz.com\/en_US\/product\/piros-gyertya-4-x-5-cm\/\" \/>\n<meta property=\"og:locale\" content=\"en_US\" \/>\n<meta property=\"og:type\" content=\"article\" \/>\n<meta property=\"og:title\" content=\"Piros gyertya 4 x 5 cm 25-20-4 - T\u00e1jkert\u00e9sz\" \/>\n<meta property=\"og:description\" content=\"Piros gyertya 4 x 5 cm - A gyertya minden \u00fcnnep elengedhetetlen kell\u00e9ke.A gyerty\u00e1k \u00f6nmagukban \u00e9kesen d\u00edsz\u00edtik az otthonunkat\" \/>\n<meta property=\"og:url\" content=\"https:\/\/tajkertesz.com\/en_US\/product\/piros-gyertya-4-x-5-cm\/\" \/>\n<meta property=\"og:site_name\" content=\"T\u00e1jkert\u00e9sz\" \/>\n<meta property=\"article:publisher\" content=\"https:\/\/www.facebook.com\/Tajkertesz\/\" \/>\n<meta property=\"article:modified_time\" content=\"2025-01-14T11:54:07+00:00\" \/>\n<meta property=\"og:image\" content=\"https:\/\/tajkertesz.com\/wp-content\/uploads\/2023\/11\/piros.jpg\" \/>\n\t<meta property=\"og:image:width\" content=\"2048\" \/>\n\t<meta property=\"og:image:height\" content=\"1600\" \/>\n\t<meta property=\"og:image:type\" content=\"image\/jpeg\" \/>\n<meta name=\"twitter:card\" content=\"summary_large_image\" \/>\n<meta name=\"twitter:label1\" content=\"Est. reading time\" \/>\n\t<meta name=\"twitter:data1\" content=\"2 minutes\" \/>\n<script type=\"application\/ld+json\" class=\"yoast-schema-graph\">{\"@context\":\"https:\\\/\\\/schema.org\",\"@graph\":[{\"@type\":\"WebPage\",\"@id\":\"https:\\\/\\\/tajkertesz.com\\\/termek\\\/piros-gyertya-4-x-5-cm\\\/\",\"url\":\"https:\\\/\\\/tajkertesz.com\\\/termek\\\/piros-gyertya-4-x-5-cm\\\/\",\"name\":\"Piros gyertya 4 x 5 cm 25-20-4 - T\u00e1jkert\u00e9sz\",\"isPartOf\":{\"@id\":\"https:\\\/\\\/tajkertesz.com\\\/#website\"},\"primaryImageOfPage\":{\"@id\":\"https:\\\/\\\/tajkertesz.com\\\/termek\\\/piros-gyertya-4-x-5-cm\\\/#primaryimage\"},\"image\":{\"@id\":\"https:\\\/\\\/tajkertesz.com\\\/termek\\\/piros-gyertya-4-x-5-cm\\\/#primaryimage\"},\"thumbnailUrl\":\"https:\\\/\\\/tajkertesz.com\\\/wp-content\\\/uploads\\\/2023\\\/11\\\/piros.jpg\",\"datePublished\":\"2023-11-11T11:32:39+00:00\",\"dateModified\":\"2025-01-14T11:54:07+00:00\",\"description\":\"Piros gyertya 4 x 5 cm - A gyertya minden \u00fcnnep elengedhetetlen kell\u00e9ke.A gyerty\u00e1k \u00f6nmagukban \u00e9kesen d\u00edsz\u00edtik az otthonunkat\",\"breadcrumb\":{\"@id\":\"https:\\\/\\\/tajkertesz.com\\\/termek\\\/piros-gyertya-4-x-5-cm\\\/#breadcrumb\"},\"inLanguage\":\"en-US\",\"potentialAction\":[{\"@type\":\"ReadAction\",\"target\":[\"https:\\\/\\\/tajkertesz.com\\\/termek\\\/piros-gyertya-4-x-5-cm\\\/\"]}]},{\"@type\":\"ImageObject\",\"inLanguage\":\"en-US\",\"@id\":\"https:\\\/\\\/tajkertesz.com\\\/termek\\\/piros-gyertya-4-x-5-cm\\\/#primaryimage\",\"url\":\"https:\\\/\\\/tajkertesz.com\\\/wp-content\\\/uploads\\\/2023\\\/11\\\/piros.jpg\",\"contentUrl\":\"https:\\\/\\\/tajkertesz.com\\\/wp-content\\\/uploads\\\/2023\\\/11\\\/piros.jpg\",\"width\":2048,\"height\":1600},{\"@type\":\"BreadcrumbList\",\"@id\":\"https:\\\/\\\/tajkertesz.com\\\/termek\\\/piros-gyertya-4-x-5-cm\\\/#breadcrumb\",\"itemListElement\":[{\"@type\":\"ListItem\",\"position\":1,\"name\":\"Home\",\"item\":\"https:\\\/\\\/tajkertesz.com\\\/\"},{\"@type\":\"ListItem\",\"position\":2,\"name\":\"Kezd\u0151lap\",\"item\":\"https:\\\/\\\/tajkertesz.com\\\/\"},{\"@type\":\"ListItem\",\"position\":3,\"name\":\"Piros gyertya 4 x 5 cm 25-20-4\"}]},{\"@type\":\"WebSite\",\"@id\":\"https:\\\/\\\/tajkertesz.com\\\/#website\",\"url\":\"https:\\\/\\\/tajkertesz.com\\\/\",\"name\":\"T\u00e1j-Kert\u00e9sz 84 Kft.\",\"description\":\"Kert\u00e9szeti kis- \u00e9s nagykeresked\u00e9s, D\u00edszn\u00f6v\u00e9ny web\u00e1ruh\u00e1z orsz\u00e1gos h\u00e1zhozsz\u00e1ll\u00edt\u00e1ssal!\",\"publisher\":{\"@id\":\"https:\\\/\\\/tajkertesz.com\\\/#organization\"},\"potentialAction\":[{\"@type\":\"SearchAction\",\"target\":{\"@type\":\"EntryPoint\",\"urlTemplate\":\"https:\\\/\\\/tajkertesz.com\\\/?s={search_term_string}\"},\"query-input\":{\"@type\":\"PropertyValueSpecification\",\"valueRequired\":true,\"valueName\":\"search_term_string\"}}],\"inLanguage\":\"en-US\"},{\"@type\":\"Organization\",\"@id\":\"https:\\\/\\\/tajkertesz.com\\\/#organization\",\"name\":\"T\u00e1j-Kert\u00e9sz 84 Kft.\",\"url\":\"https:\\\/\\\/tajkertesz.com\\\/\",\"logo\":{\"@type\":\"ImageObject\",\"inLanguage\":\"en-US\",\"@id\":\"https:\\\/\\\/tajkertesz.com\\\/#\\\/schema\\\/logo\\\/image\\\/\",\"url\":\"https:\\\/\\\/tajkertesz.com\\\/wp-content\\\/uploads\\\/2018\\\/02\\\/logo-2-e1518678052539.png\",\"contentUrl\":\"https:\\\/\\\/tajkertesz.com\\\/wp-content\\\/uploads\\\/2018\\\/02\\\/logo-2-e1518678052539.png\",\"width\":81,\"height\":140,\"caption\":\"T\u00e1j-Kert\u00e9sz 84 Kft.\"},\"image\":{\"@id\":\"https:\\\/\\\/tajkertesz.com\\\/#\\\/schema\\\/logo\\\/image\\\/\"},\"sameAs\":[\"https:\\\/\\\/www.facebook.com\\\/Tajkertesz\\\/\"]}]}<\/script>\n<!-- \/ Yoast SEO plugin. -->","yoast_head_json":{"title":"Piros gyertya 4 x 5 cm 25-20-4 - T\u00e1jkert\u00e9sz","description":"Piros gyertya 4 x 5 cm - A gyertya minden \u00fcnnep elengedhetetlen kell\u00e9ke.A gyerty\u00e1k \u00f6nmagukban \u00e9kesen d\u00edsz\u00edtik az otthonunkat","robots":{"index":"index","follow":"follow","max-snippet":"max-snippet:-1","max-image-preview":"max-image-preview:large","max-video-preview":"max-video-preview:-1"},"canonical":"https:\/\/tajkertesz.com\/en_US\/product\/piros-gyertya-4-x-5-cm\/","og_locale":"en_US","og_type":"article","og_title":"Piros gyertya 4 x 5 cm 25-20-4 - T\u00e1jkert\u00e9sz","og_description":"Piros gyertya 4 x 5 cm - A gyertya minden \u00fcnnep elengedhetetlen kell\u00e9ke.A gyerty\u00e1k \u00f6nmagukban \u00e9kesen d\u00edsz\u00edtik az otthonunkat","og_url":"https:\/\/tajkertesz.com\/en_US\/product\/piros-gyertya-4-x-5-cm\/","og_site_name":"T\u00e1jkert\u00e9sz","article_publisher":"https:\/\/www.facebook.com\/Tajkertesz\/","article_modified_time":"2025-01-14T11:54:07+00:00","og_image":[{"width":2048,"height":1600,"url":"https:\/\/tajkertesz.com\/wp-content\/uploads\/2023\/11\/piros.jpg","type":"image\/jpeg"}],"twitter_card":"summary_large_image","twitter_misc":{"Est. reading time":"2 minutes"},"schema":{"@context":"https:\/\/schema.org","@graph":[{"@type":"WebPage","@id":"https:\/\/tajkertesz.com\/termek\/piros-gyertya-4-x-5-cm\/","url":"https:\/\/tajkertesz.com\/termek\/piros-gyertya-4-x-5-cm\/","name":"Piros gyertya 4 x 5 cm 25-20-4 - T\u00e1jkert\u00e9sz","isPartOf":{"@id":"https:\/\/tajkertesz.com\/#website"},"primaryImageOfPage":{"@id":"https:\/\/tajkertesz.com\/termek\/piros-gyertya-4-x-5-cm\/#primaryimage"},"image":{"@id":"https:\/\/tajkertesz.com\/termek\/piros-gyertya-4-x-5-cm\/#primaryimage"},"thumbnailUrl":"https:\/\/tajkertesz.com\/wp-content\/uploads\/2023\/11\/piros.jpg","datePublished":"2023-11-11T11:32:39+00:00","dateModified":"2025-01-14T11:54:07+00:00","description":"Piros gyertya 4 x 5 cm - A gyertya minden \u00fcnnep elengedhetetlen kell\u00e9ke.A gyerty\u00e1k \u00f6nmagukban \u00e9kesen d\u00edsz\u00edtik az otthonunkat","breadcrumb":{"@id":"https:\/\/tajkertesz.com\/termek\/piros-gyertya-4-x-5-cm\/#breadcrumb"},"inLanguage":"en-US","potentialAction":[{"@type":"ReadAction","target":["https:\/\/tajkertesz.com\/termek\/piros-gyertya-4-x-5-cm\/"]}]},{"@type":"ImageObject","inLanguage":"en-US","@id":"https:\/\/tajkertesz.com\/termek\/piros-gyertya-4-x-5-cm\/#primaryimage","url":"https:\/\/tajkertesz.com\/wp-content\/uploads\/2023\/11\/piros.jpg","contentUrl":"https:\/\/tajkertesz.com\/wp-content\/uploads\/2023\/11\/piros.jpg","width":2048,"height":1600},{"@type":"BreadcrumbList","@id":"https:\/\/tajkertesz.com\/termek\/piros-gyertya-4-x-5-cm\/#breadcrumb","itemListElement":[{"@type":"ListItem","position":1,"name":"Home","item":"https:\/\/tajkertesz.com\/"},{"@type":"ListItem","position":2,"name":"Kezd\u0151lap","item":"https:\/\/tajkertesz.com\/"},{"@type":"ListItem","position":3,"name":"Piros gyertya 4 x 5 cm 25-20-4"}]},{"@type":"WebSite","@id":"https:\/\/tajkertesz.com\/#website","url":"https:\/\/tajkertesz.com\/","name":"T\u00e1j-Kert\u00e9sz 84 Kft.","description":"Kert\u00e9szeti kis- \u00e9s nagykeresked\u00e9s, D\u00edszn\u00f6v\u00e9ny web\u00e1ruh\u00e1z orsz\u00e1gos h\u00e1zhozsz\u00e1ll\u00edt\u00e1ssal!","publisher":{"@id":"https:\/\/tajkertesz.com\/#organization"},"potentialAction":[{"@type":"SearchAction","target":{"@type":"EntryPoint","urlTemplate":"https:\/\/tajkertesz.com\/?s={search_term_string}"},"query-input":{"@type":"PropertyValueSpecification","valueRequired":true,"valueName":"search_term_string"}}],"inLanguage":"en-US"},{"@type":"Organization","@id":"https:\/\/tajkertesz.com\/#organization","name":"T\u00e1j-Kert\u00e9sz 84 Kft.","url":"https:\/\/tajkertesz.com\/","logo":{"@type":"ImageObject","inLanguage":"en-US","@id":"https:\/\/tajkertesz.com\/#\/schema\/logo\/image\/","url":"https:\/\/tajkertesz.com\/wp-content\/uploads\/2018\/02\/logo-2-e1518678052539.png","contentUrl":"https:\/\/tajkertesz.com\/wp-content\/uploads\/2018\/02\/logo-2-e1518678052539.png","width":81,"height":140,"caption":"T\u00e1j-Kert\u00e9sz 84 Kft."},"image":{"@id":"https:\/\/tajkertesz.com\/#\/schema\/logo\/image\/"},"sameAs":["https:\/\/www.facebook.com\/Tajkertesz\/"]}]}},"_links":{"self":[{"href":"https:\/\/tajkertesz.com\/en_US\/wp-json\/wp\/v2\/product\/17898","targetHints":{"allow":["GET"]}}],"collection":[{"href":"https:\/\/tajkertesz.com\/en_US\/wp-json\/wp\/v2\/product"}],"about":[{"href":"https:\/\/tajkertesz.com\/en_US\/wp-json\/wp\/v2\/types\/product"}],"wp:featuredmedia":[{"embeddable":true,"href":"https:\/\/tajkertesz.com\/en_US\/wp-json\/wp\/v2\/media\/17899"}],"wp:attachment":[{"href":"https:\/\/tajkertesz.com\/en_US\/wp-json\/wp\/v2\/media?parent=17898"}],"wp:term":[{"taxonomy":"product_brand","embeddable":true,"href":"https:\/\/tajkertesz.com\/en_US\/wp-json\/wp\/v2\/product_brand?post=17898"},{"taxonomy":"product_cat","embeddable":true,"href":"https:\/\/tajkertesz.com\/en_US\/wp-json\/wp\/v2\/product_cat?post=17898"},{"taxonomy":"product_tag","embeddable":true,"href":"https:\/\/tajkertesz.com\/en_US\/wp-json\/wp\/v2\/product_tag?post=17898"}],"curies":[{"name":"wp","href":"https:\/\/api.w.org\/{rel}","templated":true}]}}