{"id":17951,"date":"2023-11-14T15:25:57","date_gmt":"2023-11-14T15:25:57","guid":{"rendered":"https:\/\/tajkertesz.com\/?post_type=product&#038;p=17951"},"modified":"2024-11-19T07:30:11","modified_gmt":"2024-11-19T07:30:11","slug":"madareteto-egetett-fabol-28x13x23cm32cm-akasztoval","status":"publish","type":"product","link":"https:\/\/tajkertesz.com\/en_US\/product\/madareteto-egetett-fabol-28x13x23cm32cm-akasztoval\/","title":{"rendered":"Mad\u00e1retet\u0151 \u00e9getett f\u00e1b\u00f3l 28x13x23cm(32cm akaszt\u00f3val)"},"content":{"rendered":"<h1 class=\"text_biggest\">Mad\u00e1retet\u0151 28x13x23cm(32cm akaszt\u00f3val)<\/h1>\n<p><strong>F\u00e1b\u00f3l k\u00e9sz\u00fclt,\u00a0 falra akaszthat\u00f3 \u00e9getett mad\u00e1retet\u0151.<\/strong><\/p>\n<p>A madarak t\u00e9li etet\u00e9s\u00e9vel kapcsolatban, nagyon helyesen, m\u00e9lyen be\u00e9p\u00fclt a k\u00f6ztudatba, hogy ha<\/p>\n<p><em><strong>&#8222;Ha egyszer elkezdt\u00fck, ne hagyjuk abba.&#8221;<\/strong>\u00a0<\/em><\/p>\n<p>Mi \u00e1ll ennek h\u00e1tter\u00e9ben, \u00e9s pontosan mit is jelent a h\u00e9tk\u00f6znapok gyakorlat\u00e1ban?<\/p>\n<p>A madarak gyorsan megszokj\u00e1k \u00e9s sz\u00e1m\u00edtanak az etet\u0151helyek t\u00e1pl\u00e1l\u00e9kk\u00edn\u00e1lat\u00e1ra, \u00e9vr\u0151l-\u00e9vre ak\u00e1r messzir\u0151l is visszat\u00e9rnek a stabil etet\u0151k k\u00f6zel\u00e9be telelni, ez\u00e9rt ha v\u00e1ratlanul abbahagyjuk az eles\u00e9g p\u00f3tl\u00e1s\u00e1t, \u00e9s ezt v\u00e9letlen\u00fcl \u00e9ppen a t\u00e9l leghidegebb id\u0151szak\u00e1ban tessz\u00fck, a madarak neh\u00e9z helyzetbe ker\u00fclhetnek. Az etet\u0151re j\u00e1r\u00f3 kistest\u0171, gyakran alig 4,5 &#8211; 10 gramm (!) k\u00f6r\u00fcli testt\u00f6meg\u0171 madarak sz\u00e1m\u00e1ra -10 Celsius alatti h\u0151m\u00e9rs\u00e9kleten a t\u00fal\u00e9l\u00e9s gyakran arr\u00f3l sz\u00f3l, tartal\u00e9kaik csak arra elegend\u0151ek, hogy \u00e1t tudj\u00e1k v\u00e9szelni a fagyos \u00e9jszak\u00e1t. Ha m\u00e1snap nem tudnak eleget t\u00e1pl\u00e1lkozni az alig 5-6 \u00f3r\u00e1nyi nappali peri\u00f3dusban, p\u00e9ld\u00e1ul az\u00e9rt, mert nem t\u00f6lt\u00f6tt\u00fck fel az etet\u0151t, k\u00f6nnyen elpusztulhatnak a k\u00f6vetkez\u0151 hideg \u00e9jszak\u00e1n.<\/p>\n<p>Term\u00e9szetesen ker\u00fclhet\u00fcnk olyan \u00e9lethelyzetbe, hogy nem tudunk folyamatosan etetni. Ilyenkor, ha van n\u00e9h\u00e1ny napunk az \u00e1t\u00e1ll\u00e1sra, naponta cs\u00f6kkents\u00fck a kihelyezett eles\u00e9g mennyis\u00e9g\u00e9t. A madarak, \u00e9rz\u00e9kelve a t\u00e1pl\u00e1l\u00e9k megfogyatkoz\u00e1s\u00e1t, egyre nagyobb k\u00f6rben keresg\u00e9lnek, majd tov\u00e1bb \u00e1llnak\u00a0 a k\u00f6rny\u00e9kr\u0151l. Tov\u00e1bbi seg\u00edts\u00e9g a madaraknak, ha az etet\u00e9st lehet\u0151leg nem a t\u00e9l leghidegebb napjaiban hagyjuk abba.<\/p>\n<p>Az etet\u00e9shez sz\u00fcks\u00e9ges anyagokat is megv\u00e1s\u00e1rolhatja webshopunkban.<\/p>\n<h1 class=\"text_biggest\"><\/h1>\n<p style=\"line-height: 18.0pt; background: white; margin: 0cm 0cm 15.0pt 0cm;\"><span style=\"font-family: 'Ubuntu',serif; color: black;\">El\u00e9rhet\u0151 t\u00f6bbf\u00e9le m\u00e9retben \u00e9s \u00e1rban.<\/span><\/p>\n<p style=\"line-height: 18.0pt; background: white; margin: 0cm 0cm 15.0pt 0cm;\"><b><span style=\"font-family: 'Ubuntu',serif; color: black;\">K\u00e9szlet\u00fcnk napi szinten v\u00e1ltozik, ez\u00e9rt k\u00e9rj\u00fck, \u00e9rdekl\u0151dj\u00f6n szem\u00e9lyesen, telefonon vagy email-en.<br \/>\nA v\u00e1ltoztat\u00e1s jog\u00e1t fenntartjuk!\u00a0<\/span><\/b><\/p>\n<p><a href=\"https:\/\/tajkertesz.com\/\">https:\/\/tajkertesz.com\/<\/a><\/p>\n<p>Tov\u00e1bbi hasznos inform\u00e1ci\u00f3kkal l\u00e1t el ez az oldal:<\/p>\n<p><a href=\"https:\/\/www.mme.hu\/\">https:\/\/www.mme.hu\/<\/a><\/p>\n<h6><span style=\"color: #ffffff;\">A madarak gyorsan megszokj\u00e1k \u00e9s sz\u00e1m\u00edtanak az etet\u0151helyek t\u00e1pl\u00e1l\u00e9kk\u00edn\u00e1lat\u00e1ra, \u00e9vr\u0151l-\u00e9vre ak\u00e1r messzir\u0151l is visszat\u00e9rnek a stabil etet\u0151k k\u00f6zel\u00e9be telelni, ez\u00e9rt ha v\u00e1ratlanul abbahagyjuk az eles\u00e9g p\u00f3tl\u00e1s\u00e1t, \u00e9s ezt v\u00e9letlen\u00fcl \u00e9ppen a t\u00e9l leghidegebb id\u0151szak\u00e1ban tessz\u00fck, a madarak neh\u00e9z helyzetbe ker\u00fclhetnek. Az etet\u0151re j\u00e1r\u00f3 kistest\u0171, gyakran alig 4,5 &#8211; 10 gramm (!) k\u00f6r\u00fcli testt\u00f6meg\u0171 madarak sz\u00e1m\u00e1ra -10 Celsius alatti h\u0151m\u00e9rs\u00e9kleten a t\u00fal\u00e9l\u00e9s gyakran arr\u00f3l sz\u00f3l, tartal\u00e9kaik csak arra elegend\u0151ek, hogy \u00e1t tudj\u00e1k v\u00e9szelni a fagyos \u00e9jszak\u00e1t. Ha m\u00e1snap nem tudnak eleget t\u00e1pl\u00e1lkozni az alig 5-6 \u00f3r\u00e1nyi nappali peri\u00f3dusban, p\u00e9ld\u00e1ul az\u00e9rt, mert nem t\u00f6lt\u00f6tt\u00fck fel az etet\u0151t, k\u00f6nnyen elpusztulhatnak a k\u00f6vetkez\u0151 hideg \u00e9jszak\u00e1n.\u00a0Term\u00e9szetesen ker\u00fclhet\u00fcnk olyan \u00e9lethelyzetbe, hogy nem tudunk folyamatosan etetni. Ilyenkor, ha van n\u00e9h\u00e1ny napunk az \u00e1t\u00e1ll\u00e1sra, naponta cs\u00f6kkents\u00fck a kihelyezett eles\u00e9g mennyis\u00e9g\u00e9t. A madarak, \u00e9rz\u00e9kelve a t\u00e1pl\u00e1l\u00e9k megfogyatkoz\u00e1s\u00e1t, egyre nagyobb k\u00f6rben keresg\u00e9lnek, majd tov\u00e1bb \u00e1llnak\u00a0 a k\u00f6rny\u00e9kr\u0151l. Tov\u00e1bbi seg\u00edts\u00e9g a madaraknak, ha az etet\u00e9st lehet\u0151leg nem a t\u00e9l leghidegebb napjaiban hagyjuk abba.\u00a0Az etet\u00e9shez sz\u00fcks\u00e9ges anyagokat is megv\u00e1s\u00e1rolhatja webshopunkban.<\/span><\/h6>","protected":false},"excerpt":{"rendered":"<p>A Mad\u00e1retet\u0151 m\u00e9rete:28x13x23cm\u00a0 \u00e9s<\/p>\n<p>\u00e9getett f\u00e1b\u00f3l k\u00e9sz\u00fclt!<\/p>\n<p>A madarak t\u00e9li etet\u00e9s\u00e9vel kapcsolatban, nagyon helyesen, m\u00e9lyen be\u00e9p\u00fclt a k\u00f6ztudatba, hogy ha<\/p>\n<p><em><strong>&#8222;Ha egyszer elkezdt\u00fck, ne hagyjuk abba.&#8221;<\/strong>\u00a0<\/em><\/p>\n<p>Mi \u00e1ll ennek h\u00e1tter\u00e9ben, \u00e9s pontosan mit is jelent a h\u00e9tk\u00f6znapok gyakorlat\u00e1ban?<\/p>","protected":false},"featured_media":17952,"template":"","meta":{"_et_pb_use_builder":"","_et_pb_old_content":"","_et_gb_content_width":""},"product_brand":[],"product_cat":[1036],"product_tag":[4454,4455,4456,1037],"class_list":{"0":"post-17951","1":"product","2":"type-product","3":"status-publish","4":"has-post-thumbnail","6":"product_cat-madareleseg-madaretetok","7":"product_tag-egetett-fabol","8":"product_tag-eteto","9":"product_tag-fa-eteto","10":"product_tag-madar","12":"first","13":"instock","14":"shipping-taxable","15":"purchasable","16":"product-type-simple"},"yoast_head":"<!-- This site is optimized with the Yoast SEO plugin v27.4 - https:\/\/yoast.com\/product\/yoast-seo-wordpress\/ -->\n<title>Mad\u00e1retet\u0151 \u00e9getett f\u00e1b\u00f3l 28x13x23cm(32cm akaszt\u00f3val) - T\u00e1jkert\u00e9sz<\/title>\n<meta name=\"description\" content=\"A Mad\u00e1retet\u0151 m\u00e9rete 28x13x23cm \u00e9getett f\u00e1b\u00f3l k\u00e9sz\u00fclt! A madarak t\u00e9li etet\u00e9s\u00e9vel be\u00e9p\u00fclt a k\u00f6ztudatba, hogy ha &quot;Ha egyszer elkezdt\u00fck, ne hagyjuk abba.&quot;\u00a0\" \/>\n<meta name=\"robots\" content=\"index, follow, max-snippet:-1, max-image-preview:large, max-video-preview:-1\" \/>\n<link rel=\"canonical\" href=\"https:\/\/tajkertesz.com\/en_US\/product\/madareteto-egetett-fabol-28x13x23cm32cm-akasztoval\/\" \/>\n<meta property=\"og:locale\" content=\"en_US\" \/>\n<meta property=\"og:type\" content=\"article\" \/>\n<meta property=\"og:title\" content=\"Mad\u00e1retet\u0151 \u00e9getett f\u00e1b\u00f3l 28x13x23cm(32cm akaszt\u00f3val) - T\u00e1jkert\u00e9sz\" \/>\n<meta property=\"og:description\" content=\"A Mad\u00e1retet\u0151 m\u00e9rete 28x13x23cm \u00e9getett f\u00e1b\u00f3l k\u00e9sz\u00fclt! A madarak t\u00e9li etet\u00e9s\u00e9vel be\u00e9p\u00fclt a k\u00f6ztudatba, hogy ha &quot;Ha egyszer elkezdt\u00fck, ne hagyjuk abba.&quot;\u00a0\" \/>\n<meta property=\"og:url\" content=\"https:\/\/tajkertesz.com\/en_US\/product\/madareteto-egetett-fabol-28x13x23cm32cm-akasztoval\/\" \/>\n<meta property=\"og:site_name\" content=\"T\u00e1jkert\u00e9sz\" \/>\n<meta property=\"article:publisher\" content=\"https:\/\/www.facebook.com\/Tajkertesz\/\" \/>\n<meta property=\"article:modified_time\" content=\"2024-11-19T07:30:11+00:00\" \/>\n<meta property=\"og:image\" content=\"https:\/\/tajkertesz.com\/wp-content\/uploads\/2023\/11\/eteto-1.jpg\" \/>\n\t<meta property=\"og:image:width\" content=\"1000\" \/>\n\t<meta property=\"og:image:height\" content=\"1000\" \/>\n\t<meta property=\"og:image:type\" content=\"image\/jpeg\" \/>\n<meta name=\"twitter:card\" content=\"summary_large_image\" \/>\n<meta name=\"twitter:label1\" content=\"Est. reading time\" \/>\n\t<meta name=\"twitter:data1\" content=\"3 minutes\" \/>\n<script type=\"application\/ld+json\" class=\"yoast-schema-graph\">{\"@context\":\"https:\\\/\\\/schema.org\",\"@graph\":[{\"@type\":\"WebPage\",\"@id\":\"https:\\\/\\\/tajkertesz.com\\\/termek\\\/madareteto-egetett-fabol-28x13x23cm32cm-akasztoval\\\/\",\"url\":\"https:\\\/\\\/tajkertesz.com\\\/termek\\\/madareteto-egetett-fabol-28x13x23cm32cm-akasztoval\\\/\",\"name\":\"Mad\u00e1retet\u0151 \u00e9getett f\u00e1b\u00f3l 28x13x23cm(32cm akaszt\u00f3val) - T\u00e1jkert\u00e9sz\",\"isPartOf\":{\"@id\":\"https:\\\/\\\/tajkertesz.com\\\/#website\"},\"primaryImageOfPage\":{\"@id\":\"https:\\\/\\\/tajkertesz.com\\\/termek\\\/madareteto-egetett-fabol-28x13x23cm32cm-akasztoval\\\/#primaryimage\"},\"image\":{\"@id\":\"https:\\\/\\\/tajkertesz.com\\\/termek\\\/madareteto-egetett-fabol-28x13x23cm32cm-akasztoval\\\/#primaryimage\"},\"thumbnailUrl\":\"https:\\\/\\\/tajkertesz.com\\\/wp-content\\\/uploads\\\/2023\\\/11\\\/eteto-1.jpg\",\"datePublished\":\"2023-11-14T15:25:57+00:00\",\"dateModified\":\"2024-11-19T07:30:11+00:00\",\"description\":\"A Mad\u00e1retet\u0151 m\u00e9rete 28x13x23cm \u00e9getett f\u00e1b\u00f3l k\u00e9sz\u00fclt! A madarak t\u00e9li etet\u00e9s\u00e9vel be\u00e9p\u00fclt a k\u00f6ztudatba, hogy ha \\\"Ha egyszer elkezdt\u00fck, ne hagyjuk abba.\\\"\u00a0\",\"breadcrumb\":{\"@id\":\"https:\\\/\\\/tajkertesz.com\\\/termek\\\/madareteto-egetett-fabol-28x13x23cm32cm-akasztoval\\\/#breadcrumb\"},\"inLanguage\":\"en-US\",\"potentialAction\":[{\"@type\":\"ReadAction\",\"target\":[\"https:\\\/\\\/tajkertesz.com\\\/termek\\\/madareteto-egetett-fabol-28x13x23cm32cm-akasztoval\\\/\"]}]},{\"@type\":\"ImageObject\",\"inLanguage\":\"en-US\",\"@id\":\"https:\\\/\\\/tajkertesz.com\\\/termek\\\/madareteto-egetett-fabol-28x13x23cm32cm-akasztoval\\\/#primaryimage\",\"url\":\"https:\\\/\\\/tajkertesz.com\\\/wp-content\\\/uploads\\\/2023\\\/11\\\/eteto-1.jpg\",\"contentUrl\":\"https:\\\/\\\/tajkertesz.com\\\/wp-content\\\/uploads\\\/2023\\\/11\\\/eteto-1.jpg\",\"width\":1000,\"height\":1000},{\"@type\":\"BreadcrumbList\",\"@id\":\"https:\\\/\\\/tajkertesz.com\\\/termek\\\/madareteto-egetett-fabol-28x13x23cm32cm-akasztoval\\\/#breadcrumb\",\"itemListElement\":[{\"@type\":\"ListItem\",\"position\":1,\"name\":\"Home\",\"item\":\"https:\\\/\\\/tajkertesz.com\\\/\"},{\"@type\":\"ListItem\",\"position\":2,\"name\":\"Kezd\u0151lap\",\"item\":\"https:\\\/\\\/tajkertesz.com\\\/\"},{\"@type\":\"ListItem\",\"position\":3,\"name\":\"Mad\u00e1retet\u0151 \u00e9getett f\u00e1b\u00f3l 28x13x23cm(32cm akaszt\u00f3val)\"}]},{\"@type\":\"WebSite\",\"@id\":\"https:\\\/\\\/tajkertesz.com\\\/#website\",\"url\":\"https:\\\/\\\/tajkertesz.com\\\/\",\"name\":\"T\u00e1j-Kert\u00e9sz 84 Kft.\",\"description\":\"Kert\u00e9szeti kis- \u00e9s nagykeresked\u00e9s, D\u00edszn\u00f6v\u00e9ny web\u00e1ruh\u00e1z orsz\u00e1gos h\u00e1zhozsz\u00e1ll\u00edt\u00e1ssal!\",\"publisher\":{\"@id\":\"https:\\\/\\\/tajkertesz.com\\\/#organization\"},\"potentialAction\":[{\"@type\":\"SearchAction\",\"target\":{\"@type\":\"EntryPoint\",\"urlTemplate\":\"https:\\\/\\\/tajkertesz.com\\\/?s={search_term_string}\"},\"query-input\":{\"@type\":\"PropertyValueSpecification\",\"valueRequired\":true,\"valueName\":\"search_term_string\"}}],\"inLanguage\":\"en-US\"},{\"@type\":\"Organization\",\"@id\":\"https:\\\/\\\/tajkertesz.com\\\/#organization\",\"name\":\"T\u00e1j-Kert\u00e9sz 84 Kft.\",\"url\":\"https:\\\/\\\/tajkertesz.com\\\/\",\"logo\":{\"@type\":\"ImageObject\",\"inLanguage\":\"en-US\",\"@id\":\"https:\\\/\\\/tajkertesz.com\\\/#\\\/schema\\\/logo\\\/image\\\/\",\"url\":\"https:\\\/\\\/tajkertesz.com\\\/wp-content\\\/uploads\\\/2018\\\/02\\\/logo-2-e1518678052539.png\",\"contentUrl\":\"https:\\\/\\\/tajkertesz.com\\\/wp-content\\\/uploads\\\/2018\\\/02\\\/logo-2-e1518678052539.png\",\"width\":81,\"height\":140,\"caption\":\"T\u00e1j-Kert\u00e9sz 84 Kft.\"},\"image\":{\"@id\":\"https:\\\/\\\/tajkertesz.com\\\/#\\\/schema\\\/logo\\\/image\\\/\"},\"sameAs\":[\"https:\\\/\\\/www.facebook.com\\\/Tajkertesz\\\/\"]}]}<\/script>\n<!-- \/ Yoast SEO plugin. -->","yoast_head_json":{"title":"Mad\u00e1retet\u0151 \u00e9getett f\u00e1b\u00f3l 28x13x23cm(32cm akaszt\u00f3val) - T\u00e1jkert\u00e9sz","description":"A Mad\u00e1retet\u0151 m\u00e9rete 28x13x23cm \u00e9getett f\u00e1b\u00f3l k\u00e9sz\u00fclt! A madarak t\u00e9li etet\u00e9s\u00e9vel be\u00e9p\u00fclt a k\u00f6ztudatba, hogy ha \"Ha egyszer elkezdt\u00fck, ne hagyjuk abba.\"\u00a0","robots":{"index":"index","follow":"follow","max-snippet":"max-snippet:-1","max-image-preview":"max-image-preview:large","max-video-preview":"max-video-preview:-1"},"canonical":"https:\/\/tajkertesz.com\/en_US\/product\/madareteto-egetett-fabol-28x13x23cm32cm-akasztoval\/","og_locale":"en_US","og_type":"article","og_title":"Mad\u00e1retet\u0151 \u00e9getett f\u00e1b\u00f3l 28x13x23cm(32cm akaszt\u00f3val) - T\u00e1jkert\u00e9sz","og_description":"A Mad\u00e1retet\u0151 m\u00e9rete 28x13x23cm \u00e9getett f\u00e1b\u00f3l k\u00e9sz\u00fclt! A madarak t\u00e9li etet\u00e9s\u00e9vel be\u00e9p\u00fclt a k\u00f6ztudatba, hogy ha \"Ha egyszer elkezdt\u00fck, ne hagyjuk abba.\"\u00a0","og_url":"https:\/\/tajkertesz.com\/en_US\/product\/madareteto-egetett-fabol-28x13x23cm32cm-akasztoval\/","og_site_name":"T\u00e1jkert\u00e9sz","article_publisher":"https:\/\/www.facebook.com\/Tajkertesz\/","article_modified_time":"2024-11-19T07:30:11+00:00","og_image":[{"width":1000,"height":1000,"url":"https:\/\/tajkertesz.com\/wp-content\/uploads\/2023\/11\/eteto-1.jpg","type":"image\/jpeg"}],"twitter_card":"summary_large_image","twitter_misc":{"Est. reading time":"3 minutes"},"schema":{"@context":"https:\/\/schema.org","@graph":[{"@type":"WebPage","@id":"https:\/\/tajkertesz.com\/termek\/madareteto-egetett-fabol-28x13x23cm32cm-akasztoval\/","url":"https:\/\/tajkertesz.com\/termek\/madareteto-egetett-fabol-28x13x23cm32cm-akasztoval\/","name":"Mad\u00e1retet\u0151 \u00e9getett f\u00e1b\u00f3l 28x13x23cm(32cm akaszt\u00f3val) - T\u00e1jkert\u00e9sz","isPartOf":{"@id":"https:\/\/tajkertesz.com\/#website"},"primaryImageOfPage":{"@id":"https:\/\/tajkertesz.com\/termek\/madareteto-egetett-fabol-28x13x23cm32cm-akasztoval\/#primaryimage"},"image":{"@id":"https:\/\/tajkertesz.com\/termek\/madareteto-egetett-fabol-28x13x23cm32cm-akasztoval\/#primaryimage"},"thumbnailUrl":"https:\/\/tajkertesz.com\/wp-content\/uploads\/2023\/11\/eteto-1.jpg","datePublished":"2023-11-14T15:25:57+00:00","dateModified":"2024-11-19T07:30:11+00:00","description":"A Mad\u00e1retet\u0151 m\u00e9rete 28x13x23cm \u00e9getett f\u00e1b\u00f3l k\u00e9sz\u00fclt! A madarak t\u00e9li etet\u00e9s\u00e9vel be\u00e9p\u00fclt a k\u00f6ztudatba, hogy ha \"Ha egyszer elkezdt\u00fck, ne hagyjuk abba.\"\u00a0","breadcrumb":{"@id":"https:\/\/tajkertesz.com\/termek\/madareteto-egetett-fabol-28x13x23cm32cm-akasztoval\/#breadcrumb"},"inLanguage":"en-US","potentialAction":[{"@type":"ReadAction","target":["https:\/\/tajkertesz.com\/termek\/madareteto-egetett-fabol-28x13x23cm32cm-akasztoval\/"]}]},{"@type":"ImageObject","inLanguage":"en-US","@id":"https:\/\/tajkertesz.com\/termek\/madareteto-egetett-fabol-28x13x23cm32cm-akasztoval\/#primaryimage","url":"https:\/\/tajkertesz.com\/wp-content\/uploads\/2023\/11\/eteto-1.jpg","contentUrl":"https:\/\/tajkertesz.com\/wp-content\/uploads\/2023\/11\/eteto-1.jpg","width":1000,"height":1000},{"@type":"BreadcrumbList","@id":"https:\/\/tajkertesz.com\/termek\/madareteto-egetett-fabol-28x13x23cm32cm-akasztoval\/#breadcrumb","itemListElement":[{"@type":"ListItem","position":1,"name":"Home","item":"https:\/\/tajkertesz.com\/"},{"@type":"ListItem","position":2,"name":"Kezd\u0151lap","item":"https:\/\/tajkertesz.com\/"},{"@type":"ListItem","position":3,"name":"Mad\u00e1retet\u0151 \u00e9getett f\u00e1b\u00f3l 28x13x23cm(32cm akaszt\u00f3val)"}]},{"@type":"WebSite","@id":"https:\/\/tajkertesz.com\/#website","url":"https:\/\/tajkertesz.com\/","name":"T\u00e1j-Kert\u00e9sz 84 Kft.","description":"Kert\u00e9szeti kis- \u00e9s nagykeresked\u00e9s, D\u00edszn\u00f6v\u00e9ny web\u00e1ruh\u00e1z orsz\u00e1gos h\u00e1zhozsz\u00e1ll\u00edt\u00e1ssal!","publisher":{"@id":"https:\/\/tajkertesz.com\/#organization"},"potentialAction":[{"@type":"SearchAction","target":{"@type":"EntryPoint","urlTemplate":"https:\/\/tajkertesz.com\/?s={search_term_string}"},"query-input":{"@type":"PropertyValueSpecification","valueRequired":true,"valueName":"search_term_string"}}],"inLanguage":"en-US"},{"@type":"Organization","@id":"https:\/\/tajkertesz.com\/#organization","name":"T\u00e1j-Kert\u00e9sz 84 Kft.","url":"https:\/\/tajkertesz.com\/","logo":{"@type":"ImageObject","inLanguage":"en-US","@id":"https:\/\/tajkertesz.com\/#\/schema\/logo\/image\/","url":"https:\/\/tajkertesz.com\/wp-content\/uploads\/2018\/02\/logo-2-e1518678052539.png","contentUrl":"https:\/\/tajkertesz.com\/wp-content\/uploads\/2018\/02\/logo-2-e1518678052539.png","width":81,"height":140,"caption":"T\u00e1j-Kert\u00e9sz 84 Kft."},"image":{"@id":"https:\/\/tajkertesz.com\/#\/schema\/logo\/image\/"},"sameAs":["https:\/\/www.facebook.com\/Tajkertesz\/"]}]}},"_links":{"self":[{"href":"https:\/\/tajkertesz.com\/en_US\/wp-json\/wp\/v2\/product\/17951","targetHints":{"allow":["GET"]}}],"collection":[{"href":"https:\/\/tajkertesz.com\/en_US\/wp-json\/wp\/v2\/product"}],"about":[{"href":"https:\/\/tajkertesz.com\/en_US\/wp-json\/wp\/v2\/types\/product"}],"wp:featuredmedia":[{"embeddable":true,"href":"https:\/\/tajkertesz.com\/en_US\/wp-json\/wp\/v2\/media\/17952"}],"wp:attachment":[{"href":"https:\/\/tajkertesz.com\/en_US\/wp-json\/wp\/v2\/media?parent=17951"}],"wp:term":[{"taxonomy":"product_brand","embeddable":true,"href":"https:\/\/tajkertesz.com\/en_US\/wp-json\/wp\/v2\/product_brand?post=17951"},{"taxonomy":"product_cat","embeddable":true,"href":"https:\/\/tajkertesz.com\/en_US\/wp-json\/wp\/v2\/product_cat?post=17951"},{"taxonomy":"product_tag","embeddable":true,"href":"https:\/\/tajkertesz.com\/en_US\/wp-json\/wp\/v2\/product_tag?post=17951"}],"curies":[{"name":"wp","href":"https:\/\/api.w.org\/{rel}","templated":true}]}}