{"id":17982,"date":"2023-11-17T14:30:56","date_gmt":"2023-11-17T14:30:56","guid":{"rendered":"https:\/\/tajkertesz.com\/?post_type=product&#038;p=17982"},"modified":"2024-04-04T13:44:47","modified_gmt":"2024-04-04T13:44:47","slug":"taxus-baccata-aurea-bonsai-tiszafa-bonsai","status":"publish","type":"product","link":"https:\/\/tajkertesz.com\/en_US\/product\/taxus-baccata-aurea-bonsai-tiszafa-bonsai\/","title":{"rendered":"Taxus baccata &#8216;Aurea&#8217; bonsai\/Tiszafa bonsai"},"content":{"rendered":"<h2>Taxus baccata &#8216;Aurea&#8217; bonsai\/Tiszafa bonsai<\/h2>\n<p>Taxus baccata &#8216;Aurea&#8217; bonsai\/Tiszafa bonsai<\/p>\n<p>A Taxus baccata &#8216;Aurea&#8217; bonsai\/Tiszafa bonsai\u00a0 1-1,5 m magasra n\u00f6v\u0151, s\u0171r\u0171, alacsony n\u00f6v\u00e9s\u0171 \u00f6r\u00f6kz\u00f6ld forman\u00f6v\u00e9ny. Lombja z\u00f6ld, hajt\u00e1sv\u00e9gei aranys\u00e1rg\u00e1k, j\u00f3l ny\u00edrhat\u00f3. \u00c1tlagos v\u00edzig\u00e9ny\u0171, nem fagy\u00e9rz\u00e9keny. Minden j\u00f3 v\u00edzelvezet\u00e9s\u0171 talajban sz\u00e9pen fejl\u0151dik. Napon, \u00e9s f\u00e9l\u00e1rny\u00e9kban is sz\u00e9pen fejl\u0151dik. Szoliternek, sziklakertekbe, vagy r\u00e9zs\u0171be \u00fcltetve mutat\u00f3s.<\/p>\n<p>\u00c1rny\u00e9kos helyen elvesz\u00edti s\u00e1rga sz\u00edn\u00e9t. Kifejlett sz\u00e9less\u00e9ge 1,5-2m. N\u0151ivar\u00fa, de kev\u00e9s term\u00e9st hoz.<\/p>\n<p>A nyes\u00e9st j\u00f3l b\u00edrja, m\u00e9g id\u0151sebb r\u00e9szei is buzg\u00f3n sarjadnak. Parkokban, kertekben sz\u00e9p form\u00e1kra ny\u00edrhat\u00f3.<\/p>\n<p>A forma fenntart\u00e1sa folyamatos\u00a0 ny\u00edr\u00e1ssal val\u00f3s\u00edthat\u00f3 meg.<\/p>\n<p>Teljesen ellen\u00e1ll\u00f3 , \u00f6r\u00f6kz\u00f6ld fajta.<\/p>\n<p>Szoliter n\u00f6v\u00e9nyk\u00e9nt kert\u00fcnk csod\u00e1s \u00e9ke lehet.<\/p>\n<p>Sz\u00e1mos fajt\u00e1ja l\u00e9tezik, kert\u00e9szet\u00fcnkben a k\u00f6vetkez\u0151 v\u00e1ltozataival tal\u00e1lkozhatunk legink\u00e1bb: 1.<strong>\u00a0Taxus baccata \u2018Barmstedter\u2019: v\u00f6r\u00f6sesbarna k\u00e9rg\u0171, sz\u00e9les, tereb\u00e9lyes k\u00fap alak\u00fa koron\u00e1j\u00fa<\/strong>\u00a0fajta, mely a<strong>\u00a04-5 m\u00e9ter magass\u00e1got,<\/strong>\u00a0\u00e9s a<strong>\u00a02-3 m\u00e9ter sz\u00e9less\u00e9get is<\/strong>\u00a0el\u00e9rheti.<\/p>\n<p>\u00dcltet\u00e9shez javaslom a florimo \u00f6r\u00f6kz\u00f6ldf\u00f6ldet: <span style=\"color: #0000ff;\"><a style=\"color: #0000ff;\" href=\"https:\/\/tajkertesz.com\/termek\/florimo-orokzold-viragfold-20-l\/\">Florimo \u00d6r\u00f6kz\u00f6ld vir\u00e1gf\u00f6ld 20 L &#8211; T\u00e1jkert\u00e9sz (tajkertesz.com)<\/a><\/span><\/p>\n<p>M\u00e9ret: FL. 80\/100 cm<\/p>\n<p><img loading=\"lazy\" decoding=\"async\" class=\"size-medium wp-image-17986 alignleft\" src=\"https:\/\/tajkertesz.com\/wp-content\/uploads\/2023\/11\/20231013_172636-1-214x300.jpg\" alt=\"\" width=\"214\" height=\"300\" srcset=\"https:\/\/tajkertesz.com\/wp-content\/uploads\/2023\/11\/20231013_172636-1-214x300.jpg 214w, https:\/\/tajkertesz.com\/wp-content\/uploads\/2023\/11\/20231013_172636-1-729x1024.jpg 729w, https:\/\/tajkertesz.com\/wp-content\/uploads\/2023\/11\/20231013_172636-1-768x1079.jpg 768w, https:\/\/tajkertesz.com\/wp-content\/uploads\/2023\/11\/20231013_172636-1-1093x1536.jpg 1093w, https:\/\/tajkertesz.com\/wp-content\/uploads\/2023\/11\/20231013_172636-1-1458x2048.jpg 1458w, https:\/\/tajkertesz.com\/wp-content\/uploads\/2023\/11\/20231013_172636-1-9x12.jpg 9w, https:\/\/tajkertesz.com\/wp-content\/uploads\/2023\/11\/20231013_172636-1-600x843.jpg 600w, https:\/\/tajkertesz.com\/wp-content\/uploads\/2023\/11\/20231013_172636-1-64x90.jpg 64w, https:\/\/tajkertesz.com\/wp-content\/uploads\/2023\/11\/20231013_172636-1-scaled.jpg 1822w\" sizes=\"(max-width: 214px) 100vw, 214px\" \/><\/p>\n<p>Javasoljuk \u00fcltet\u00e9shez ide kattintva a<span style=\"color: #ff0000;\">\u00a0<a style=\"color: #ff0000;\" href=\"https:\/\/tajkertesz.com\/termek\/florimo-orokzold-viragfold-50-l\/\">Florimo \u00f6r\u00f6kz\u00f6ld n\u00f6v\u00e9ny f\u00f6ldet<\/a>!<\/span><\/p>\n<p><b>K\u00e9szlet\u00fcnk napi szinten v\u00e1ltozik, ez\u00e9rt k\u00e9rj\u00fck, \u00e9rdekl\u0151dj\u00f6n szem\u00e9lyesen, telefonon vagy email-en.<br \/>\nA v\u00e1ltoztat\u00e1s jog\u00e1t fenntartjuk!\u00a0<\/b><\/p>\n<p><a href=\"https:\/\/tajkertesz.com\/\" target=\"_blank\" rel=\"noopener\" data-saferedirecturl=\"https:\/\/www.google.com\/url?q=https:\/\/tajkertesz.com\/&amp;source=gmail&amp;ust=1666170390873000&amp;usg=AOvVaw246SUy_k-vsTc4v7MZShIp\">https:\/\/tajkertesz.com\/<\/a><\/p>\n<p><a href=\"https:\/\/www.facebook.com\/tajkertesz\/\" target=\"_blank\" rel=\"noopener\" data-saferedirecturl=\"https:\/\/www.google.com\/url?q=https:\/\/www.facebook.com\/tajkertesz\/&amp;source=gmail&amp;ust=1666170390873000&amp;usg=AOvVaw0j7b4GED9VpgPUOtu4R02M\">https:\/\/www.facebook.com\/<wbr \/>tajkertesz\/<\/a><\/p>\n<p>Kisz\u00e1ll\u00edt\u00e1s: 200cm-ig \u00a0\u00e9s 40 kg-ig a sz\u00e1ll\u00edt\u00e1s fut\u00e1rszolg\u00e1lattal \u00a0t\u00f6rt\u00e9nik.<\/p>\n<p>Szem\u00e9lyes \u00e1tv\u00e9tel nyitvatart\u00e1si id\u0151ben a 17. ker\u00fclet Bakancsos utca 7. sz\u00e1m alatti Kert\u00e9szeti \u00e1rud\u00e1ban.<\/p>\n<p>&nbsp;<\/p>\n<h6><span style=\"color: #ffffff;\">\u00a01-1,5 m magasra n\u00f6v\u0151, s\u0171r\u0171, alacsony n\u00f6v\u00e9s\u0171 \u00f6r\u00f6kz\u00f6ld forman\u00f6v\u00e9ny. Lombja z\u00f6ld, hajt\u00e1sv\u00e9gei aranys\u00e1rg\u00e1k, j\u00f3l ny\u00edrhat\u00f3.<\/span><\/h6>\n<h6><span style=\"color: #ffffff;\">\u00c1tlagos v\u00edzig\u00e9ny\u0171, nem fagy\u00e9rz\u00e9keny. Minden j\u00f3 v\u00edzelvezet\u00e9s\u0171 talajban sz\u00e9pen fejl\u0151dik. Napon, \u00e9s f\u00e9l\u00e1rny\u00e9kban is sz\u00e9pen fejl\u0151dik. Szoliternek, sziklakertekbe, vagy r\u00e9zs\u0171be \u00fcltetve mutat\u00f3s.<\/span><\/h6>\n<h6><span style=\"color: #ffffff;\">\u00a0\u00c1rny\u00e9kos helyen elvesz\u00edti s\u00e1rga sz\u00edn\u00e9t. Kifejlett sz\u00e9less\u00e9ge 1,5-2m. N\u0151ivar\u00fa, de kev\u00e9s term\u00e9st hoz. A nyes\u00e9st j\u00f3l b\u00edrja, m\u00e9g id\u0151sebb r\u00e9szei is buzg\u00f3n sarjadnak. Parkokban, kertekben sz\u00e9p form\u00e1kra ny\u00edrhat\u00f3.<\/span><\/h6>\n<h6><span style=\"color: #ffffff;\">A forma fenntart\u00e1sa folyamatos\u00a0 ny\u00edr\u00e1ssal val\u00f3s\u00edthat\u00f3 meg. Teljesen ellen\u00e1ll\u00f3 , \u00f6r\u00f6kz\u00f6ld fajta. Szoliter n\u00f6v\u00e9nyk\u00e9nt kert\u00fcnk csod\u00e1s \u00e9ke lehet. M\u00e9ret: FL. 80\/100 cm<\/span><\/h6>\n<p>&nbsp;<\/p>\n<p>&nbsp;<\/p>","protected":false},"excerpt":{"rendered":"<h2>Taxus baccata &#8216;Aurea&#8217; bonsai\/Tiszafa bonsai<\/h2>\n<p>Eg\u00e9sz \u00e9vben \u00fcltethet\u0151 f\u00f6ldlabd\u00e1s Tiszaf\u00e1b\u00f3l kialak\u00edtott forman\u00f6v\u00e9ny<\/p>\n<p>Magass\u00e1ga kb.80\/100cm.<\/p>\n<p><b>K\u00e9szlet\u00fcnk napi szinten v\u00e1ltozik, ez\u00e9rt k\u00e9rj\u00fck, \u00e9rdekl\u0151dj\u00f6n szem\u00e9lyesen, telefonon vagy email-en.<br \/>\nA v\u00e1ltoztat\u00e1s jog\u00e1t fenntartjuk!\u00a0<\/b><\/p>\n<p>&nbsp;<\/p>\n<p>&nbsp;<\/p>","protected":false},"featured_media":17985,"template":"","meta":{"_et_pb_use_builder":"","_et_pb_old_content":"","_et_gb_content_width":""},"product_brand":[],"product_cat":[26],"product_tag":[1462,4323,4472,4473,24,682,59,4412,1548],"class_list":{"0":"post-17982","1":"product","2":"type-product","3":"status-publish","4":"has-post-thumbnail","6":"product_cat-orokzold-novenyek","7":"product_tag-bonsai","8":"product_tag-formanoveny","9":"product_tag-kert","10":"product_tag-noveny","11":"product_tag-orokzold","12":"product_tag-pom-pom","13":"product_tag-szoliter","14":"product_tag-taxus","15":"product_tag-tiszafa","17":"first","18":"outofstock","19":"shipping-taxable","20":"product-type-simple"},"yoast_head":"<!-- This site is optimized with the Yoast SEO plugin v27.3 - https:\/\/yoast.com\/product\/yoast-seo-wordpress\/ -->\n<title>Taxus baccata &#039;Aurea&#039; bonsai\/Tiszafa bonsai - T\u00e1jkert\u00e9sz<\/title>\n<meta name=\"description\" content=\"Ny\u00edrt pompom form\u00e1j\u00f3 alacsony n\u00f6v\u00e9s\u0171 \u00f6r\u00f6kz\u00f6ld n\u00f6v\u00e9ny. Lombja z\u00f6ld, hajt\u00e1sv\u00e9gei aranys\u00e1rg\u00e1k, j\u00f3l ny\u00edrhat\u00f3. Taxus baccata &#039;Aurea&#039; bonsai\/Tiszafa bonsai\" \/>\n<meta name=\"robots\" content=\"index, follow, max-snippet:-1, max-image-preview:large, max-video-preview:-1\" \/>\n<link rel=\"canonical\" href=\"https:\/\/tajkertesz.com\/en_US\/product\/taxus-baccata-aurea-bonsai-tiszafa-bonsai\/\" \/>\n<meta property=\"og:locale\" content=\"en_US\" \/>\n<meta property=\"og:type\" content=\"article\" \/>\n<meta property=\"og:title\" content=\"https:\/\/tajkertesz.com\/tajkertesz-kerteszet-kerteszeti-kis-es-nagykereskedes\/\" \/>\n<meta property=\"og:description\" content=\"Taxus baccata &#039;Aurea&#039; bonsai\/Tiszafa bonsai\" \/>\n<meta property=\"og:url\" content=\"https:\/\/tajkertesz.com\/en_US\/product\/taxus-baccata-aurea-bonsai-tiszafa-bonsai\/\" \/>\n<meta property=\"og:site_name\" content=\"T\u00e1jkert\u00e9sz\" \/>\n<meta property=\"article:publisher\" content=\"https:\/\/www.facebook.com\/Tajkertesz\/\" \/>\n<meta property=\"article:modified_time\" content=\"2024-04-04T13:44:47+00:00\" \/>\n<meta property=\"og:image\" content=\"https:\/\/tajkertesz.com\/wp-content\/uploads\/2023\/11\/20231013_172636-1-scaled.jpg\" \/>\n\t<meta property=\"og:image:width\" content=\"1822\" \/>\n\t<meta property=\"og:image:height\" content=\"2560\" \/>\n\t<meta property=\"og:image:type\" content=\"image\/jpeg\" \/>\n<meta name=\"twitter:card\" content=\"summary_large_image\" \/>\n<meta name=\"twitter:label1\" content=\"Est. reading time\" \/>\n\t<meta name=\"twitter:data1\" content=\"2 minutes\" \/>\n<script type=\"application\/ld+json\" class=\"yoast-schema-graph\">{\"@context\":\"https:\\\/\\\/schema.org\",\"@graph\":[{\"@type\":\"WebPage\",\"@id\":\"https:\\\/\\\/tajkertesz.com\\\/termek\\\/taxus-baccata-aurea-bonsai-tiszafa-bonsai\\\/\",\"url\":\"https:\\\/\\\/tajkertesz.com\\\/termek\\\/taxus-baccata-aurea-bonsai-tiszafa-bonsai\\\/\",\"name\":\"Taxus baccata 'Aurea' bonsai\\\/Tiszafa bonsai - T\u00e1jkert\u00e9sz\",\"isPartOf\":{\"@id\":\"https:\\\/\\\/tajkertesz.com\\\/#website\"},\"primaryImageOfPage\":{\"@id\":\"https:\\\/\\\/tajkertesz.com\\\/termek\\\/taxus-baccata-aurea-bonsai-tiszafa-bonsai\\\/#primaryimage\"},\"image\":{\"@id\":\"https:\\\/\\\/tajkertesz.com\\\/termek\\\/taxus-baccata-aurea-bonsai-tiszafa-bonsai\\\/#primaryimage\"},\"thumbnailUrl\":\"https:\\\/\\\/tajkertesz.com\\\/wp-content\\\/uploads\\\/2023\\\/11\\\/20231117_151257-1-scaled.jpg\",\"datePublished\":\"2023-11-17T14:30:56+00:00\",\"dateModified\":\"2024-04-04T13:44:47+00:00\",\"description\":\"Ny\u00edrt pompom form\u00e1j\u00f3 alacsony n\u00f6v\u00e9s\u0171 \u00f6r\u00f6kz\u00f6ld n\u00f6v\u00e9ny. Lombja z\u00f6ld, hajt\u00e1sv\u00e9gei aranys\u00e1rg\u00e1k, j\u00f3l ny\u00edrhat\u00f3. Taxus baccata 'Aurea' bonsai\\\/Tiszafa bonsai\",\"breadcrumb\":{\"@id\":\"https:\\\/\\\/tajkertesz.com\\\/termek\\\/taxus-baccata-aurea-bonsai-tiszafa-bonsai\\\/#breadcrumb\"},\"inLanguage\":\"en-US\",\"potentialAction\":[{\"@type\":\"ReadAction\",\"target\":[\"https:\\\/\\\/tajkertesz.com\\\/termek\\\/taxus-baccata-aurea-bonsai-tiszafa-bonsai\\\/\"]}]},{\"@type\":\"ImageObject\",\"inLanguage\":\"en-US\",\"@id\":\"https:\\\/\\\/tajkertesz.com\\\/termek\\\/taxus-baccata-aurea-bonsai-tiszafa-bonsai\\\/#primaryimage\",\"url\":\"https:\\\/\\\/tajkertesz.com\\\/wp-content\\\/uploads\\\/2023\\\/11\\\/20231117_151257-1-scaled.jpg\",\"contentUrl\":\"https:\\\/\\\/tajkertesz.com\\\/wp-content\\\/uploads\\\/2023\\\/11\\\/20231117_151257-1-scaled.jpg\",\"width\":1441,\"height\":2560},{\"@type\":\"BreadcrumbList\",\"@id\":\"https:\\\/\\\/tajkertesz.com\\\/termek\\\/taxus-baccata-aurea-bonsai-tiszafa-bonsai\\\/#breadcrumb\",\"itemListElement\":[{\"@type\":\"ListItem\",\"position\":1,\"name\":\"Home\",\"item\":\"https:\\\/\\\/tajkertesz.com\\\/\"},{\"@type\":\"ListItem\",\"position\":2,\"name\":\"Kezd\u0151lap\",\"item\":\"https:\\\/\\\/tajkertesz.com\\\/\"},{\"@type\":\"ListItem\",\"position\":3,\"name\":\"Taxus baccata &#8216;Aurea&#8217; bonsai\\\/Tiszafa bonsai\"}]},{\"@type\":\"WebSite\",\"@id\":\"https:\\\/\\\/tajkertesz.com\\\/#website\",\"url\":\"https:\\\/\\\/tajkertesz.com\\\/\",\"name\":\"T\u00e1j-Kert\u00e9sz 84 Kft.\",\"description\":\"Kert\u00e9szeti kis- \u00e9s nagykeresked\u00e9s, D\u00edszn\u00f6v\u00e9ny web\u00e1ruh\u00e1z orsz\u00e1gos h\u00e1zhozsz\u00e1ll\u00edt\u00e1ssal!\",\"publisher\":{\"@id\":\"https:\\\/\\\/tajkertesz.com\\\/#organization\"},\"potentialAction\":[{\"@type\":\"SearchAction\",\"target\":{\"@type\":\"EntryPoint\",\"urlTemplate\":\"https:\\\/\\\/tajkertesz.com\\\/?s={search_term_string}\"},\"query-input\":{\"@type\":\"PropertyValueSpecification\",\"valueRequired\":true,\"valueName\":\"search_term_string\"}}],\"inLanguage\":\"en-US\"},{\"@type\":\"Organization\",\"@id\":\"https:\\\/\\\/tajkertesz.com\\\/#organization\",\"name\":\"T\u00e1j-Kert\u00e9sz 84 Kft.\",\"url\":\"https:\\\/\\\/tajkertesz.com\\\/\",\"logo\":{\"@type\":\"ImageObject\",\"inLanguage\":\"en-US\",\"@id\":\"https:\\\/\\\/tajkertesz.com\\\/#\\\/schema\\\/logo\\\/image\\\/\",\"url\":\"https:\\\/\\\/tajkertesz.com\\\/wp-content\\\/uploads\\\/2018\\\/02\\\/logo-2-e1518678052539.png\",\"contentUrl\":\"https:\\\/\\\/tajkertesz.com\\\/wp-content\\\/uploads\\\/2018\\\/02\\\/logo-2-e1518678052539.png\",\"width\":81,\"height\":140,\"caption\":\"T\u00e1j-Kert\u00e9sz 84 Kft.\"},\"image\":{\"@id\":\"https:\\\/\\\/tajkertesz.com\\\/#\\\/schema\\\/logo\\\/image\\\/\"},\"sameAs\":[\"https:\\\/\\\/www.facebook.com\\\/Tajkertesz\\\/\"]}]}<\/script>\n<!-- \/ Yoast SEO plugin. -->","yoast_head_json":{"title":"Taxus baccata 'Aurea' bonsai\/Tiszafa bonsai - T\u00e1jkert\u00e9sz","description":"Ny\u00edrt pompom form\u00e1j\u00f3 alacsony n\u00f6v\u00e9s\u0171 \u00f6r\u00f6kz\u00f6ld n\u00f6v\u00e9ny. Lombja z\u00f6ld, hajt\u00e1sv\u00e9gei aranys\u00e1rg\u00e1k, j\u00f3l ny\u00edrhat\u00f3. Taxus baccata 'Aurea' bonsai\/Tiszafa bonsai","robots":{"index":"index","follow":"follow","max-snippet":"max-snippet:-1","max-image-preview":"max-image-preview:large","max-video-preview":"max-video-preview:-1"},"canonical":"https:\/\/tajkertesz.com\/en_US\/product\/taxus-baccata-aurea-bonsai-tiszafa-bonsai\/","og_locale":"en_US","og_type":"article","og_title":"https:\/\/tajkertesz.com\/tajkertesz-kerteszet-kerteszeti-kis-es-nagykereskedes\/","og_description":"Taxus baccata 'Aurea' bonsai\/Tiszafa bonsai","og_url":"https:\/\/tajkertesz.com\/en_US\/product\/taxus-baccata-aurea-bonsai-tiszafa-bonsai\/","og_site_name":"T\u00e1jkert\u00e9sz","article_publisher":"https:\/\/www.facebook.com\/Tajkertesz\/","article_modified_time":"2024-04-04T13:44:47+00:00","og_image":[{"width":1822,"height":2560,"url":"https:\/\/tajkertesz.com\/wp-content\/uploads\/2023\/11\/20231013_172636-1-scaled.jpg","type":"image\/jpeg"}],"twitter_card":"summary_large_image","twitter_misc":{"Est. reading time":"2 minutes"},"schema":{"@context":"https:\/\/schema.org","@graph":[{"@type":"WebPage","@id":"https:\/\/tajkertesz.com\/termek\/taxus-baccata-aurea-bonsai-tiszafa-bonsai\/","url":"https:\/\/tajkertesz.com\/termek\/taxus-baccata-aurea-bonsai-tiszafa-bonsai\/","name":"Taxus baccata 'Aurea' bonsai\/Tiszafa bonsai - T\u00e1jkert\u00e9sz","isPartOf":{"@id":"https:\/\/tajkertesz.com\/#website"},"primaryImageOfPage":{"@id":"https:\/\/tajkertesz.com\/termek\/taxus-baccata-aurea-bonsai-tiszafa-bonsai\/#primaryimage"},"image":{"@id":"https:\/\/tajkertesz.com\/termek\/taxus-baccata-aurea-bonsai-tiszafa-bonsai\/#primaryimage"},"thumbnailUrl":"https:\/\/tajkertesz.com\/wp-content\/uploads\/2023\/11\/20231117_151257-1-scaled.jpg","datePublished":"2023-11-17T14:30:56+00:00","dateModified":"2024-04-04T13:44:47+00:00","description":"Ny\u00edrt pompom form\u00e1j\u00f3 alacsony n\u00f6v\u00e9s\u0171 \u00f6r\u00f6kz\u00f6ld n\u00f6v\u00e9ny. Lombja z\u00f6ld, hajt\u00e1sv\u00e9gei aranys\u00e1rg\u00e1k, j\u00f3l ny\u00edrhat\u00f3. Taxus baccata 'Aurea' bonsai\/Tiszafa bonsai","breadcrumb":{"@id":"https:\/\/tajkertesz.com\/termek\/taxus-baccata-aurea-bonsai-tiszafa-bonsai\/#breadcrumb"},"inLanguage":"en-US","potentialAction":[{"@type":"ReadAction","target":["https:\/\/tajkertesz.com\/termek\/taxus-baccata-aurea-bonsai-tiszafa-bonsai\/"]}]},{"@type":"ImageObject","inLanguage":"en-US","@id":"https:\/\/tajkertesz.com\/termek\/taxus-baccata-aurea-bonsai-tiszafa-bonsai\/#primaryimage","url":"https:\/\/tajkertesz.com\/wp-content\/uploads\/2023\/11\/20231117_151257-1-scaled.jpg","contentUrl":"https:\/\/tajkertesz.com\/wp-content\/uploads\/2023\/11\/20231117_151257-1-scaled.jpg","width":1441,"height":2560},{"@type":"BreadcrumbList","@id":"https:\/\/tajkertesz.com\/termek\/taxus-baccata-aurea-bonsai-tiszafa-bonsai\/#breadcrumb","itemListElement":[{"@type":"ListItem","position":1,"name":"Home","item":"https:\/\/tajkertesz.com\/"},{"@type":"ListItem","position":2,"name":"Kezd\u0151lap","item":"https:\/\/tajkertesz.com\/"},{"@type":"ListItem","position":3,"name":"Taxus baccata &#8216;Aurea&#8217; bonsai\/Tiszafa bonsai"}]},{"@type":"WebSite","@id":"https:\/\/tajkertesz.com\/#website","url":"https:\/\/tajkertesz.com\/","name":"T\u00e1j-Kert\u00e9sz 84 Kft.","description":"Kert\u00e9szeti kis- \u00e9s nagykeresked\u00e9s, D\u00edszn\u00f6v\u00e9ny web\u00e1ruh\u00e1z orsz\u00e1gos h\u00e1zhozsz\u00e1ll\u00edt\u00e1ssal!","publisher":{"@id":"https:\/\/tajkertesz.com\/#organization"},"potentialAction":[{"@type":"SearchAction","target":{"@type":"EntryPoint","urlTemplate":"https:\/\/tajkertesz.com\/?s={search_term_string}"},"query-input":{"@type":"PropertyValueSpecification","valueRequired":true,"valueName":"search_term_string"}}],"inLanguage":"en-US"},{"@type":"Organization","@id":"https:\/\/tajkertesz.com\/#organization","name":"T\u00e1j-Kert\u00e9sz 84 Kft.","url":"https:\/\/tajkertesz.com\/","logo":{"@type":"ImageObject","inLanguage":"en-US","@id":"https:\/\/tajkertesz.com\/#\/schema\/logo\/image\/","url":"https:\/\/tajkertesz.com\/wp-content\/uploads\/2018\/02\/logo-2-e1518678052539.png","contentUrl":"https:\/\/tajkertesz.com\/wp-content\/uploads\/2018\/02\/logo-2-e1518678052539.png","width":81,"height":140,"caption":"T\u00e1j-Kert\u00e9sz 84 Kft."},"image":{"@id":"https:\/\/tajkertesz.com\/#\/schema\/logo\/image\/"},"sameAs":["https:\/\/www.facebook.com\/Tajkertesz\/"]}]}},"_links":{"self":[{"href":"https:\/\/tajkertesz.com\/en_US\/wp-json\/wp\/v2\/product\/17982","targetHints":{"allow":["GET"]}}],"collection":[{"href":"https:\/\/tajkertesz.com\/en_US\/wp-json\/wp\/v2\/product"}],"about":[{"href":"https:\/\/tajkertesz.com\/en_US\/wp-json\/wp\/v2\/types\/product"}],"wp:featuredmedia":[{"embeddable":true,"href":"https:\/\/tajkertesz.com\/en_US\/wp-json\/wp\/v2\/media\/17985"}],"wp:attachment":[{"href":"https:\/\/tajkertesz.com\/en_US\/wp-json\/wp\/v2\/media?parent=17982"}],"wp:term":[{"taxonomy":"product_brand","embeddable":true,"href":"https:\/\/tajkertesz.com\/en_US\/wp-json\/wp\/v2\/product_brand?post=17982"},{"taxonomy":"product_cat","embeddable":true,"href":"https:\/\/tajkertesz.com\/en_US\/wp-json\/wp\/v2\/product_cat?post=17982"},{"taxonomy":"product_tag","embeddable":true,"href":"https:\/\/tajkertesz.com\/en_US\/wp-json\/wp\/v2\/product_tag?post=17982"}],"curies":[{"name":"wp","href":"https:\/\/api.w.org\/{rel}","templated":true}]}}