{"id":18011,"date":"2023-11-21T10:12:59","date_gmt":"2023-11-21T10:12:59","guid":{"rendered":"https:\/\/tajkertesz.com\/?post_type=product&#038;p=18011"},"modified":"2023-11-21T10:13:32","modified_gmt":"2023-11-21T10:13:32","slug":"ajandekutalvany-valaszthato-osszegben-3","status":"publish","type":"product","link":"https:\/\/tajkertesz.com\/en_US\/product\/ajandekutalvany-valaszthato-osszegben-3\/","title":{"rendered":"Aj\u00e1nd\u00e9kutalv\u00e1ny v\u00e1laszthat\u00f3 \u00f6sszegben."},"content":{"rendered":"<p>Az Aj\u00e1nd\u00e9kutalv\u00e1ny \u00f6n \u00e1ltal v\u00e1laszthat\u00f3 \u00f6sszegben t\u00f6k\u00e9letes megold\u00e1s kertbar\u00e1tok \u00e9s a kert szerelmeseinek, ifj\u00fa kerttulajdonosok sz\u00e1m\u00e1ra.,<\/p>\n<div>Az aj\u00e1nd\u00e9kutalv\u00e1nyt b\u00e1rmilyen \u00f6sszegr\u0151l ki\u00e1ll\u00edtjuk.<\/div>\n<div>A ki\u00e1ll\u00edt\u00e1s napj\u00e1t\u00f3l 1 \u00e9vig \u00e9rv\u00e9nyes.<\/div>\n<div>Kert\u00e9szet\u00fcnkben vagy\u00a0 webshopunkban b\u00e1rmely term\u00e9kekre\u00a0 lev\u00e1s\u00e1rolhat\u00f3.<\/div>\n<div>K\u00e9rj\u00fck vegye figyelembe a k\u00f6vetkez\u0151ket:<\/div>\n<div>1, Az utalv\u00e1ny egyben v\u00e1s\u00e1rolhat\u00f3 le.<\/div>\n<div>2, P\u00e9nzt nem\u00a0\u00e1ll m\u00f3dunkban \u00e9rte kifizetni.<\/div>\n<div>3, A r\u00e9szleges lev\u00e1s\u00e1rl\u00e1s eset\u00e9n\u00a0az esetlegesen fennmarad\u00f3 \u00f6sszeget sem \u00e1ll m\u00f3dunkban visszafizetni.<\/div>\n<div><\/div>\n<div><span style=\"color: #ff0000;\"><strong>\u00c1TV\u00c9TEL:<\/strong><\/span><\/div>\n<div>\n<div>K\u00e9t lehet\u0151s\u00e9g k\u00f6z\u00fcl v\u00e1laszthat:<\/div>\n<div>1,Kert\u00e9szeti \u00e1rud\u00e1nkban \u00e1tveheti szem\u00e9lyesen ahol k\u00e9szp\u00e9nzzel vagy k\u00e1rty\u00e1val is megv\u00e1s\u00e1rolhatja az utalv\u00e1nyt-utalv\u00e1nyokat.<\/div>\n<div><\/div>\n<div>2,Amennyiben nem \u00e1ll m\u00f3dj\u00e1ban kert\u00e9szet\u00fcnkbe\u00a0ell\u00e1togatni \u00fagy\u00a0 el\u0151re utal\u00e1s ut\u00e1n Gls fut\u00e1rszolg\u00e1lattal eljuttatjuk\u00a0\u00f6nh\u00f6z az utalv\u00e1nyokat!<\/div>\n<div><\/div>\n<\/div>\n<div>\n<p>El\u00e9rhet\u0151 t\u00f6bbf\u00e9le \u00e1rban.<\/p>\n<p>&nbsp;<\/p>\n<p><strong>Ha b\u00e1rmilyen k\u00e9rd\u00e9se mer\u00fclne fel \u00e9rdekl\u0151dj\u00f6n szem\u00e9lyesen, telefonon vagy email-en.<br \/>\nA v\u00e1ltoztat\u00e1s jog\u00e1t fenntartjuk!\u00a0<\/strong><\/p>\n<p>&nbsp;<\/p>\n<p><a href=\"https:\/\/tajkertesz.com\/\">https:\/\/tajkertesz.com\/<\/a><\/p>\n<p><a href=\"https:\/\/www.facebook.com\/tajkertesz\/\">https:\/\/www.facebook.com\/tajkertesz\/<\/a><\/p>\n<p>Kisz\u00e1ll\u00edt\u00e1s: 200cm-ig \u00a0\u00e9s 40 kg-ig a sz\u00e1ll\u00edt\u00e1s fut\u00e1rszolg\u00e1lattal \u00a0t\u00f6rt\u00e9nik.<\/p>\n<p>Szem\u00e9lyes \u00e1tv\u00e9tel nyitvatart\u00e1si id\u0151ben a 17. ker\u00fclet Bakancsos utca 7. sz\u00e1m alatti Kert\u00e9szeti \u00e1rud\u00e1ban.<\/p>\n<p><span style=\"color: #ffffff;\">Az Aj\u00e1nd\u00e9kutalv\u00e1ny \u00f6n \u00e1ltal v\u00e1laszthat\u00f3 \u00f6sszegben t\u00f6k\u00e9letes megold\u00e1s kertbar\u00e1tok \u00e9s a kert szerelmeseinek, ifj\u00fa kerttulajdonosok sz\u00e1m\u00e1ra.,<\/span><\/p>\n<div><span style=\"color: #ffffff;\">Az aj\u00e1nd\u00e9kutalv\u00e1nyt b\u00e1rmilyen \u00f6sszegr\u0151l ki\u00e1ll\u00edtjuk.<\/span><\/div>\n<div><span style=\"color: #ffffff;\">A ki\u00e1ll\u00edt\u00e1s napj\u00e1t\u00f3l 1 \u00e9vig \u00e9rv\u00e9nyes.<\/span><\/div>\n<div><span style=\"color: #ffffff;\">Kert\u00e9szet\u00fcnkben vagy\u00a0 webshopunkban b\u00e1rmely term\u00e9kekre\u00a0 lev\u00e1s\u00e1rolhat\u00f3.\u00a0<\/span><\/div>\n<div><span style=\"color: #ffffff;\">K\u00e9rj\u00fck vegye figyelembe a k\u00f6vetkez\u0151ket:<\/span><\/div>\n<div><span style=\"color: #ffffff;\">1, Az utalv\u00e1ny egyben v\u00e1s\u00e1rolhat\u00f3 le.\u00a0<\/span><\/div>\n<div><span style=\"color: #ffffff;\">2, P\u00e9nzt nem\u00a0\u00e1ll m\u00f3dunkban \u00e9rte kifizetni.<\/span><\/div>\n<div><span style=\"color: #ffffff;\">3, A r\u00e9szleges lev\u00e1s\u00e1rl\u00e1s eset\u00e9n\u00a0az esetlegesen fennmarad\u00f3 \u00f6sszeget sem \u00e1ll m\u00f3dunkban visszafizetni.\u00a0<\/span><\/div>\n<div><\/div>\n<div><span style=\"color: #ffffff;\"><strong>\u00c1TV\u00c9TEL:<\/strong><\/span><\/div>\n<div>\n<div><span style=\"color: #ffffff;\">K\u00e9t lehet\u0151s\u00e9g k\u00f6z\u00fcl v\u00e1laszthat:<\/span><\/div>\n<div><span style=\"color: #ffffff;\">1,Kert\u00e9szeti \u00e1rud\u00e1nkban \u00e1tveheti szem\u00e9lyesen ahol k\u00e9szp\u00e9nzzel vagy k\u00e1rty\u00e1val is megv\u00e1s\u00e1rolhatja az utalv\u00e1nyt-utalv\u00e1nyokat.<\/span><\/div>\n<div><\/div>\n<div><span style=\"color: #ffffff;\">2,Amennyiben nem \u00e1ll m\u00f3dj\u00e1ban kert\u00e9szet\u00fcnkbe\u00a0ell\u00e1togatni \u00fagy\u00a0 el\u0151re utal\u00e1s ut\u00e1n Gls fut\u00e1rszolg\u00e1lattal eljuttatjuk\u00a0\u00f6nh\u00f6z az utalv\u00e1nyokat!<\/span><\/div>\n<div><\/div>\n<\/div>\n<div>\n<p><span style=\"color: #ffffff;\">El\u00e9rhet\u0151 t\u00f6bbf\u00e9le \u00e1rban.<\/span><\/p>\n<p><span style=\"color: #ffffff;\">A megjegyz\u00e9s rovatba k\u00e9rj\u00fck \u00edrja meg nek\u00fcnk milyen c\u00edmleteket k\u00edv\u00e1n.\u00a0<\/span><\/p>\n<p>&nbsp;<\/p>\n<\/div>\n<\/div>\n<div><\/div>\n<div><\/div>","protected":false},"excerpt":{"rendered":"<h3><strong>Egy T\u00e1jkert\u00e9szet aj\u00e1nd\u00e9kk\u00e1rty\u00e1val nagy \u00f6r\u00f6met okozhat ismer\u0151seinek, bar\u00e1tainak vagy rokonainak. Az aj\u00e1nd\u00e9kk\u00e1rtya minden alkalomra kiv\u00e1l\u00f3 meglepet\u00e9s, legyen sz\u00f3 kar\u00e1csonyr\u00f3l, n\u00e9vnapr\u00f3l, sz\u00fclet\u00e9snapr\u00f3l vagy esk\u00fcv\u0151r\u0151l. Soksz\u00edn\u0171 term\u00e9kk\u00edn\u00e1latunknak k\u00f6sz\u00f6nhet\u0151en mindenki megtal\u00e1lhatja a sz\u00e1m\u00e1ra legmegfelel\u0151bb n\u00f6v\u00e9nyt vagy b\u00e1rmilyen kert\u00e9szeti term\u00e9ket!<\/strong><\/h3>","protected":false},"featured_media":14433,"template":"","meta":{"_et_pb_use_builder":"","_et_pb_old_content":"","_et_gb_content_width":""},"product_brand":[],"product_cat":[4046],"product_tag":[4047,4048],"class_list":{"0":"post-18011","1":"product","2":"type-product","3":"status-publish","4":"has-post-thumbnail","6":"product_cat-vasarlasi-ajandekutalvany","7":"product_tag-ajandek-utalvany","8":"product_tag-utalvany","10":"first","11":"instock","12":"shipping-taxable","13":"purchasable","14":"product-type-simple"},"yoast_head":"<!-- This site is optimized with the Yoast SEO plugin v27.5 - https:\/\/yoast.com\/product\/yoast-seo-wordpress\/ -->\n<title>Aj\u00e1nd\u00e9kutalv\u00e1ny v\u00e1laszthat\u00f3 \u00f6sszegben. - T\u00e1jkert\u00e9sz<\/title>\n<meta name=\"description\" content=\"Az Aj\u00e1nd\u00e9kutalv\u00e1ny \u00f6n \u00e1ltal v\u00e1laszthat\u00f3 \u00f6sszegben t\u00f6k\u00e9letes megold\u00e1s kertbar\u00e1tok \u00e9s a kert szerelmeseinek, ifj\u00fa kerttulajdonosok sz\u00e1m\u00e1ra.\" \/>\n<meta name=\"robots\" content=\"index, follow, max-snippet:-1, max-image-preview:large, max-video-preview:-1\" \/>\n<link rel=\"canonical\" href=\"https:\/\/tajkertesz.com\/en_US\/product\/ajandekutalvany-valaszthato-osszegben-3\/\" \/>\n<meta property=\"og:locale\" content=\"en_US\" \/>\n<meta property=\"og:type\" content=\"article\" \/>\n<meta property=\"og:title\" content=\"Aj\u00e1nd\u00e9kutalv\u00e1ny v\u00e1laszthat\u00f3 \u00f6sszegben. - T\u00e1jkert\u00e9sz\" \/>\n<meta property=\"og:description\" content=\"Az Aj\u00e1nd\u00e9kutalv\u00e1ny \u00f6n \u00e1ltal v\u00e1laszthat\u00f3 \u00f6sszegben t\u00f6k\u00e9letes megold\u00e1s kertbar\u00e1tok \u00e9s a kert szerelmeseinek, ifj\u00fa kerttulajdonosok sz\u00e1m\u00e1ra.\" \/>\n<meta property=\"og:url\" content=\"https:\/\/tajkertesz.com\/en_US\/product\/ajandekutalvany-valaszthato-osszegben-3\/\" \/>\n<meta property=\"og:site_name\" content=\"T\u00e1jkert\u00e9sz\" \/>\n<meta property=\"article:publisher\" content=\"https:\/\/www.facebook.com\/Tajkertesz\/\" \/>\n<meta property=\"article:modified_time\" content=\"2023-11-21T10:13:32+00:00\" \/>\n<meta property=\"og:image\" content=\"https:\/\/tajkertesz.com\/wp-content\/uploads\/2022\/12\/IMG_20221208_094113_edit_30301909784013-scaled.jpg\" \/>\n\t<meta property=\"og:image:width\" content=\"1920\" \/>\n\t<meta property=\"og:image:height\" content=\"1440\" \/>\n\t<meta property=\"og:image:type\" content=\"image\/jpeg\" \/>\n<meta name=\"twitter:card\" content=\"summary_large_image\" \/>\n<meta name=\"twitter:label1\" content=\"Est. reading time\" \/>\n\t<meta name=\"twitter:data1\" content=\"2 minutes\" \/>\n<script type=\"application\/ld+json\" class=\"yoast-schema-graph\">{\"@context\":\"https:\\\/\\\/schema.org\",\"@graph\":[{\"@type\":\"WebPage\",\"@id\":\"https:\\\/\\\/tajkertesz.com\\\/termek\\\/ajandekutalvany-valaszthato-osszegben-3\\\/\",\"url\":\"https:\\\/\\\/tajkertesz.com\\\/termek\\\/ajandekutalvany-valaszthato-osszegben-3\\\/\",\"name\":\"Aj\u00e1nd\u00e9kutalv\u00e1ny v\u00e1laszthat\u00f3 \u00f6sszegben. - T\u00e1jkert\u00e9sz\",\"isPartOf\":{\"@id\":\"https:\\\/\\\/tajkertesz.com\\\/#website\"},\"primaryImageOfPage\":{\"@id\":\"https:\\\/\\\/tajkertesz.com\\\/termek\\\/ajandekutalvany-valaszthato-osszegben-3\\\/#primaryimage\"},\"image\":{\"@id\":\"https:\\\/\\\/tajkertesz.com\\\/termek\\\/ajandekutalvany-valaszthato-osszegben-3\\\/#primaryimage\"},\"thumbnailUrl\":\"https:\\\/\\\/tajkertesz.com\\\/wp-content\\\/uploads\\\/2022\\\/12\\\/IMG_20221208_094113_edit_30301909784013-scaled.jpg\",\"datePublished\":\"2023-11-21T10:12:59+00:00\",\"dateModified\":\"2023-11-21T10:13:32+00:00\",\"description\":\"Az Aj\u00e1nd\u00e9kutalv\u00e1ny \u00f6n \u00e1ltal v\u00e1laszthat\u00f3 \u00f6sszegben t\u00f6k\u00e9letes megold\u00e1s kertbar\u00e1tok \u00e9s a kert szerelmeseinek, ifj\u00fa kerttulajdonosok sz\u00e1m\u00e1ra.\",\"breadcrumb\":{\"@id\":\"https:\\\/\\\/tajkertesz.com\\\/termek\\\/ajandekutalvany-valaszthato-osszegben-3\\\/#breadcrumb\"},\"inLanguage\":\"en-US\",\"potentialAction\":[{\"@type\":\"ReadAction\",\"target\":[\"https:\\\/\\\/tajkertesz.com\\\/termek\\\/ajandekutalvany-valaszthato-osszegben-3\\\/\"]}]},{\"@type\":\"ImageObject\",\"inLanguage\":\"en-US\",\"@id\":\"https:\\\/\\\/tajkertesz.com\\\/termek\\\/ajandekutalvany-valaszthato-osszegben-3\\\/#primaryimage\",\"url\":\"https:\\\/\\\/tajkertesz.com\\\/wp-content\\\/uploads\\\/2022\\\/12\\\/IMG_20221208_094113_edit_30301909784013-scaled.jpg\",\"contentUrl\":\"https:\\\/\\\/tajkertesz.com\\\/wp-content\\\/uploads\\\/2022\\\/12\\\/IMG_20221208_094113_edit_30301909784013-scaled.jpg\",\"width\":1920,\"height\":1440},{\"@type\":\"BreadcrumbList\",\"@id\":\"https:\\\/\\\/tajkertesz.com\\\/termek\\\/ajandekutalvany-valaszthato-osszegben-3\\\/#breadcrumb\",\"itemListElement\":[{\"@type\":\"ListItem\",\"position\":1,\"name\":\"Home\",\"item\":\"https:\\\/\\\/tajkertesz.com\\\/\"},{\"@type\":\"ListItem\",\"position\":2,\"name\":\"Kezd\u0151lap\",\"item\":\"https:\\\/\\\/tajkertesz.com\\\/\"},{\"@type\":\"ListItem\",\"position\":3,\"name\":\"Aj\u00e1nd\u00e9kutalv\u00e1ny v\u00e1laszthat\u00f3 \u00f6sszegben.\"}]},{\"@type\":\"WebSite\",\"@id\":\"https:\\\/\\\/tajkertesz.com\\\/#website\",\"url\":\"https:\\\/\\\/tajkertesz.com\\\/\",\"name\":\"T\u00e1j-Kert\u00e9sz 84 Kft.\",\"description\":\"Kert\u00e9szeti kis- \u00e9s nagykeresked\u00e9s, D\u00edszn\u00f6v\u00e9ny web\u00e1ruh\u00e1z orsz\u00e1gos h\u00e1zhozsz\u00e1ll\u00edt\u00e1ssal!\",\"publisher\":{\"@id\":\"https:\\\/\\\/tajkertesz.com\\\/#organization\"},\"potentialAction\":[{\"@type\":\"SearchAction\",\"target\":{\"@type\":\"EntryPoint\",\"urlTemplate\":\"https:\\\/\\\/tajkertesz.com\\\/?s={search_term_string}\"},\"query-input\":{\"@type\":\"PropertyValueSpecification\",\"valueRequired\":true,\"valueName\":\"search_term_string\"}}],\"inLanguage\":\"en-US\"},{\"@type\":\"Organization\",\"@id\":\"https:\\\/\\\/tajkertesz.com\\\/#organization\",\"name\":\"T\u00e1j-Kert\u00e9sz 84 Kft.\",\"url\":\"https:\\\/\\\/tajkertesz.com\\\/\",\"logo\":{\"@type\":\"ImageObject\",\"inLanguage\":\"en-US\",\"@id\":\"https:\\\/\\\/tajkertesz.com\\\/#\\\/schema\\\/logo\\\/image\\\/\",\"url\":\"https:\\\/\\\/tajkertesz.com\\\/wp-content\\\/uploads\\\/2018\\\/02\\\/logo-2-e1518678052539.png\",\"contentUrl\":\"https:\\\/\\\/tajkertesz.com\\\/wp-content\\\/uploads\\\/2018\\\/02\\\/logo-2-e1518678052539.png\",\"width\":81,\"height\":140,\"caption\":\"T\u00e1j-Kert\u00e9sz 84 Kft.\"},\"image\":{\"@id\":\"https:\\\/\\\/tajkertesz.com\\\/#\\\/schema\\\/logo\\\/image\\\/\"},\"sameAs\":[\"https:\\\/\\\/www.facebook.com\\\/Tajkertesz\\\/\"]}]}<\/script>\n<!-- \/ Yoast SEO plugin. -->","yoast_head_json":{"title":"Aj\u00e1nd\u00e9kutalv\u00e1ny v\u00e1laszthat\u00f3 \u00f6sszegben. - T\u00e1jkert\u00e9sz","description":"Az Aj\u00e1nd\u00e9kutalv\u00e1ny \u00f6n \u00e1ltal v\u00e1laszthat\u00f3 \u00f6sszegben t\u00f6k\u00e9letes megold\u00e1s kertbar\u00e1tok \u00e9s a kert szerelmeseinek, ifj\u00fa kerttulajdonosok sz\u00e1m\u00e1ra.","robots":{"index":"index","follow":"follow","max-snippet":"max-snippet:-1","max-image-preview":"max-image-preview:large","max-video-preview":"max-video-preview:-1"},"canonical":"https:\/\/tajkertesz.com\/en_US\/product\/ajandekutalvany-valaszthato-osszegben-3\/","og_locale":"en_US","og_type":"article","og_title":"Aj\u00e1nd\u00e9kutalv\u00e1ny v\u00e1laszthat\u00f3 \u00f6sszegben. - T\u00e1jkert\u00e9sz","og_description":"Az Aj\u00e1nd\u00e9kutalv\u00e1ny \u00f6n \u00e1ltal v\u00e1laszthat\u00f3 \u00f6sszegben t\u00f6k\u00e9letes megold\u00e1s kertbar\u00e1tok \u00e9s a kert szerelmeseinek, ifj\u00fa kerttulajdonosok sz\u00e1m\u00e1ra.","og_url":"https:\/\/tajkertesz.com\/en_US\/product\/ajandekutalvany-valaszthato-osszegben-3\/","og_site_name":"T\u00e1jkert\u00e9sz","article_publisher":"https:\/\/www.facebook.com\/Tajkertesz\/","article_modified_time":"2023-11-21T10:13:32+00:00","og_image":[{"width":1920,"height":1440,"url":"https:\/\/tajkertesz.com\/wp-content\/uploads\/2022\/12\/IMG_20221208_094113_edit_30301909784013-scaled.jpg","type":"image\/jpeg"}],"twitter_card":"summary_large_image","twitter_misc":{"Est. reading time":"2 minutes"},"schema":{"@context":"https:\/\/schema.org","@graph":[{"@type":"WebPage","@id":"https:\/\/tajkertesz.com\/termek\/ajandekutalvany-valaszthato-osszegben-3\/","url":"https:\/\/tajkertesz.com\/termek\/ajandekutalvany-valaszthato-osszegben-3\/","name":"Aj\u00e1nd\u00e9kutalv\u00e1ny v\u00e1laszthat\u00f3 \u00f6sszegben. - T\u00e1jkert\u00e9sz","isPartOf":{"@id":"https:\/\/tajkertesz.com\/#website"},"primaryImageOfPage":{"@id":"https:\/\/tajkertesz.com\/termek\/ajandekutalvany-valaszthato-osszegben-3\/#primaryimage"},"image":{"@id":"https:\/\/tajkertesz.com\/termek\/ajandekutalvany-valaszthato-osszegben-3\/#primaryimage"},"thumbnailUrl":"https:\/\/tajkertesz.com\/wp-content\/uploads\/2022\/12\/IMG_20221208_094113_edit_30301909784013-scaled.jpg","datePublished":"2023-11-21T10:12:59+00:00","dateModified":"2023-11-21T10:13:32+00:00","description":"Az Aj\u00e1nd\u00e9kutalv\u00e1ny \u00f6n \u00e1ltal v\u00e1laszthat\u00f3 \u00f6sszegben t\u00f6k\u00e9letes megold\u00e1s kertbar\u00e1tok \u00e9s a kert szerelmeseinek, ifj\u00fa kerttulajdonosok sz\u00e1m\u00e1ra.","breadcrumb":{"@id":"https:\/\/tajkertesz.com\/termek\/ajandekutalvany-valaszthato-osszegben-3\/#breadcrumb"},"inLanguage":"en-US","potentialAction":[{"@type":"ReadAction","target":["https:\/\/tajkertesz.com\/termek\/ajandekutalvany-valaszthato-osszegben-3\/"]}]},{"@type":"ImageObject","inLanguage":"en-US","@id":"https:\/\/tajkertesz.com\/termek\/ajandekutalvany-valaszthato-osszegben-3\/#primaryimage","url":"https:\/\/tajkertesz.com\/wp-content\/uploads\/2022\/12\/IMG_20221208_094113_edit_30301909784013-scaled.jpg","contentUrl":"https:\/\/tajkertesz.com\/wp-content\/uploads\/2022\/12\/IMG_20221208_094113_edit_30301909784013-scaled.jpg","width":1920,"height":1440},{"@type":"BreadcrumbList","@id":"https:\/\/tajkertesz.com\/termek\/ajandekutalvany-valaszthato-osszegben-3\/#breadcrumb","itemListElement":[{"@type":"ListItem","position":1,"name":"Home","item":"https:\/\/tajkertesz.com\/"},{"@type":"ListItem","position":2,"name":"Kezd\u0151lap","item":"https:\/\/tajkertesz.com\/"},{"@type":"ListItem","position":3,"name":"Aj\u00e1nd\u00e9kutalv\u00e1ny v\u00e1laszthat\u00f3 \u00f6sszegben."}]},{"@type":"WebSite","@id":"https:\/\/tajkertesz.com\/#website","url":"https:\/\/tajkertesz.com\/","name":"T\u00e1j-Kert\u00e9sz 84 Kft.","description":"Kert\u00e9szeti kis- \u00e9s nagykeresked\u00e9s, D\u00edszn\u00f6v\u00e9ny web\u00e1ruh\u00e1z orsz\u00e1gos h\u00e1zhozsz\u00e1ll\u00edt\u00e1ssal!","publisher":{"@id":"https:\/\/tajkertesz.com\/#organization"},"potentialAction":[{"@type":"SearchAction","target":{"@type":"EntryPoint","urlTemplate":"https:\/\/tajkertesz.com\/?s={search_term_string}"},"query-input":{"@type":"PropertyValueSpecification","valueRequired":true,"valueName":"search_term_string"}}],"inLanguage":"en-US"},{"@type":"Organization","@id":"https:\/\/tajkertesz.com\/#organization","name":"T\u00e1j-Kert\u00e9sz 84 Kft.","url":"https:\/\/tajkertesz.com\/","logo":{"@type":"ImageObject","inLanguage":"en-US","@id":"https:\/\/tajkertesz.com\/#\/schema\/logo\/image\/","url":"https:\/\/tajkertesz.com\/wp-content\/uploads\/2018\/02\/logo-2-e1518678052539.png","contentUrl":"https:\/\/tajkertesz.com\/wp-content\/uploads\/2018\/02\/logo-2-e1518678052539.png","width":81,"height":140,"caption":"T\u00e1j-Kert\u00e9sz 84 Kft."},"image":{"@id":"https:\/\/tajkertesz.com\/#\/schema\/logo\/image\/"},"sameAs":["https:\/\/www.facebook.com\/Tajkertesz\/"]}]}},"_links":{"self":[{"href":"https:\/\/tajkertesz.com\/en_US\/wp-json\/wp\/v2\/product\/18011","targetHints":{"allow":["GET"]}}],"collection":[{"href":"https:\/\/tajkertesz.com\/en_US\/wp-json\/wp\/v2\/product"}],"about":[{"href":"https:\/\/tajkertesz.com\/en_US\/wp-json\/wp\/v2\/types\/product"}],"wp:featuredmedia":[{"embeddable":true,"href":"https:\/\/tajkertesz.com\/en_US\/wp-json\/wp\/v2\/media\/14433"}],"wp:attachment":[{"href":"https:\/\/tajkertesz.com\/en_US\/wp-json\/wp\/v2\/media?parent=18011"}],"wp:term":[{"taxonomy":"product_brand","embeddable":true,"href":"https:\/\/tajkertesz.com\/en_US\/wp-json\/wp\/v2\/product_brand?post=18011"},{"taxonomy":"product_cat","embeddable":true,"href":"https:\/\/tajkertesz.com\/en_US\/wp-json\/wp\/v2\/product_cat?post=18011"},{"taxonomy":"product_tag","embeddable":true,"href":"https:\/\/tajkertesz.com\/en_US\/wp-json\/wp\/v2\/product_tag?post=18011"}],"curies":[{"name":"wp","href":"https:\/\/api.w.org\/{rel}","templated":true}]}}