{"id":18024,"date":"2023-11-21T12:59:06","date_gmt":"2023-11-21T12:59:06","guid":{"rendered":"https:\/\/tajkertesz.com\/?post_type=product&#038;p=18024"},"modified":"2026-02-13T15:08:38","modified_gmt":"2026-02-13T15:08:38","slug":"ajtokopogtato-2","status":"publish","type":"product","link":"https:\/\/tajkertesz.com\/en_US\/product\/ajtokopogtato-2\/","title":{"rendered":"Ajt\u00f3kopogtat\u00f3 24-1-2"},"content":{"rendered":"<h2>Ajt\u00f3kopogtat\u00f3<\/h2>\n<h2>Kopogtat\u00f3<\/h2>\n<p><span class=\"x3nfvp2 x1j61x8r x1fcty0u xdj266r xhhsvwb xat24cr xgzva0m xxymvpz xlup9mm x1kky2od\"><img loading=\"lazy\" decoding=\"async\" class=\"xz74otr\" src=\"https:\/\/static.xx.fbcdn.net\/images\/emoji.php\/v9\/t2e\/1\/16\/2744.png\" alt=\"\u2744\ufe0f\" width=\"16\" height=\"16\" \/><\/span>Term\u00e9sekkel \u00e9s di\u00f3t\u00f6r\u0151vel d\u00edsz\u00edtett ajt\u00f3kopogtat\u00f3<span class=\"x3nfvp2 x1j61x8r x1fcty0u xdj266r xhhsvwb xat24cr xgzva0m xxymvpz xlup9mm x1kky2od\"><img loading=\"lazy\" decoding=\"async\" class=\"xz74otr\" src=\"https:\/\/static.xx.fbcdn.net\/images\/emoji.php\/v9\/t7\/1\/16\/1f384.png\" alt=\"\ud83c\udf84\" width=\"16\" height=\"16\" \/><\/span><br \/>\n<span class=\"x3nfvp2 x1j61x8r x1fcty0u xdj266r xhhsvwb xat24cr xgzva0m xxymvpz xlup9mm x1kky2od\"><img loading=\"lazy\" decoding=\"async\" class=\"xz74otr\" src=\"https:\/\/static.xx.fbcdn.net\/images\/emoji.php\/v9\/tf4\/1\/16\/2728.png\" alt=\"\u2728\" width=\"16\" height=\"16\" \/><\/span>24 cm\u00a0<span class=\"x3nfvp2 x1j61x8r x1fcty0u xdj266r xhhsvwb xat24cr xgzva0m xxymvpz xlup9mm x1kky2od\"><img loading=\"lazy\" decoding=\"async\" class=\"xz74otr\" src=\"https:\/\/static.xx.fbcdn.net\/images\/emoji.php\/v9\/tf4\/1\/16\/2728.png\" alt=\"\u2728\" width=\"16\" height=\"16\" \/><\/span><\/p>\n<p><span class=\"x3nfvp2 x1j61x8r x1fcty0u xdj266r xhhsvwb xat24cr xgzva0m xxymvpz xlup9mm x1kky2od\"><img loading=\"lazy\" decoding=\"async\" class=\"xz74otr\" src=\"https:\/\/static.xx.fbcdn.net\/images\/emoji.php\/v9\/td8\/1\/16\/1f4f2.png\" alt=\"\ud83d\udcf2\" width=\"16\" height=\"16\" \/><\/span>V\u00e1s\u00e1rold meg webshopunk k\u00edn\u00e1lat\u00e1b\u00f3l, ak\u00e1r orsz\u00e1gos h\u00e1zhozsz\u00e1ll\u00edt\u00e1ssal:<span class=\"x3nfvp2 x1j61x8r x1fcty0u xdj266r xhhsvwb xat24cr xgzva0m xxymvpz xlup9mm x1kky2od\"><img loading=\"lazy\" decoding=\"async\" class=\"xz74otr\" src=\"https:\/\/static.xx.fbcdn.net\/images\/emoji.php\/v9\/t16\/1\/16\/1f69a.png\" alt=\"\ud83d\ude9a\" width=\"16\" height=\"16\" \/><\/span><span class=\"x3nfvp2 x1j61x8r x1fcty0u xdj266r xhhsvwb xat24cr xgzva0m xxymvpz xlup9mm x1kky2od\"><img loading=\"lazy\" decoding=\"async\" class=\"xz74otr\" src=\"https:\/\/static.xx.fbcdn.net\/images\/emoji.php\/v9\/t33\/1\/16\/2705.png\" alt=\"\u2705\" width=\"16\" height=\"16\" \/><\/span><br \/>\n<a class=\"x1i10hfl xjbqb8w x6umtig x1b1mbwd xaqea5y xav7gou x9f619 x1ypdohk xt0psk2 xe8uvvx xdj266r x11i5rnm xat24cr x1mh8g0r xexx8yu x4uap5 x18d9i69 xkhd6sd x16tdsg8 x1hl2dhg xggy1nq x1a2a7pz xt0b8zv x1fey0fg\" tabindex=\"0\" role=\"link\" href=\"https:\/\/tajkertesz.com\/termek-kategoria\/grincsfak-karacsonyi-dekoraciok\/karacsonyi-diszek-dekorok\/?fbclid=IwAR0lEcDUVwyrvoGLjTpISQuEGaHhF-CI1wMjtIAo8IzAO1QLrAHvmSsXoFM\" target=\"_blank\" rel=\"nofollow noopener\">https:\/\/tajkertesz.com\/&#8230;\/gri&#8230;\/karacsonyi-diszek-dekorok\/<\/a><\/p>\n<p>1173. Budapest Bakancsos utca 7.<br \/>\nKert\u00e9szeti kis &#8211; \u00e9s nagykeresked\u00e9s<\/p>","protected":false},"excerpt":{"rendered":"<h2>Kopogtat\u00f3<\/h2>\n<p><span class=\"x3nfvp2 x1j61x8r x1fcty0u xdj266r xhhsvwb xat24cr xgzva0m xxymvpz xlup9mm x1kky2od\"><img loading=\"lazy\" decoding=\"async\" class=\"xz74otr\" src=\"https:\/\/static.xx.fbcdn.net\/images\/emoji.php\/v9\/t2e\/1\/16\/2744.png\" alt=\"\u2744\ufe0f\" width=\"16\" height=\"16\" \/><\/span>Term\u00e9sekkel \u00e9s di\u00f3t\u00f6r\u0151vel d\u00edsz\u00edtett ajt\u00f3kopogtat\u00f3<span class=\"x3nfvp2 x1j61x8r x1fcty0u xdj266r xhhsvwb xat24cr xgzva0m xxymvpz xlup9mm x1kky2od\"><img loading=\"lazy\" decoding=\"async\" class=\"xz74otr\" src=\"https:\/\/static.xx.fbcdn.net\/images\/emoji.php\/v9\/t7\/1\/16\/1f384.png\" alt=\"\ud83c\udf84\" width=\"16\" height=\"16\" \/><\/span><br \/>\n<span class=\"x3nfvp2 x1j61x8r x1fcty0u xdj266r xhhsvwb xat24cr xgzva0m xxymvpz xlup9mm x1kky2od\"><img loading=\"lazy\" decoding=\"async\" class=\"xz74otr\" src=\"https:\/\/static.xx.fbcdn.net\/images\/emoji.php\/v9\/tf4\/1\/16\/2728.png\" alt=\"\u2728\" width=\"16\" height=\"16\" \/><\/span>24 cm<\/p>\n<p>V\u00e1s\u00e1rold meg webshopunk k\u00edn\u00e1lat\u00e1b\u00f3l, ak\u00e1r orsz\u00e1gos h\u00e1zhozsz\u00e1ll\u00edt\u00e1ssal<\/p>\n<div id=\"bodyContent\" class=\"mw-body-content\">\n<div id=\"mw-content-text\" class=\"mw-content-ltr\" dir=\"ltr\" lang=\"hu\">\n<div id=\"bodyContent\" class=\"mw-body-content\">\n<div id=\"mw-content-text\" class=\"mw-content-ltr\" dir=\"ltr\" lang=\"hu\">\n<p><b>K\u00e9szlet\u00fcnk napi szinten v\u00e1ltozik, ez\u00e9rt k\u00e9rj\u00fck, \u00e9rdekl\u0151dj\u00f6n szem\u00e9lyesen, telefonon vagy email-en.<\/b><\/p>\n<p>Term\u00e9keinket szem\u00e9lyesen is \u00e1tveheti a h\u00e9t minden napj\u00e1n nyitvatart\u00e1si id\u0151ben!<\/p>\n<p>Kisz\u00e1ll\u00edt\u00e1s: 200 cm \u00e9s 40 kg-ig a sz\u00e1ll\u00edt\u00e1s fut\u00e1rszolg\u00e1lattal t\u00f6rt\u00e9nik.<\/p>\n<\/div>\n<\/div>\n<\/div>\n<\/div>\n<p><b>A v\u00e1ltoztat\u00e1s jog\u00e1t fenntartjuk!\u00a0<\/b><\/p>","protected":false},"featured_media":18025,"template":"","meta":{"_et_pb_use_builder":"","_et_pb_old_content":"","_et_gb_content_width":""},"product_brand":[],"product_cat":[4476],"product_tag":[4474,4475,1366,4481,1116,4480],"class_list":{"0":"post-18024","1":"product","2":"type-product","3":"status-publish","4":"has-post-thumbnail","6":"product_cat-ajtokopogtatok","7":"product_tag-ajtokopogtato","8":"product_tag-dekor","9":"product_tag-dekoracio","10":"product_tag-disz","11":"product_tag-karacsony","12":"product_tag-kopogtato","14":"first","15":"instock","16":"shipping-taxable","17":"purchasable","18":"product-type-simple"},"yoast_head":"<!-- This site is optimized with the Yoast SEO plugin v27.3 - https:\/\/yoast.com\/product\/yoast-seo-wordpress\/ -->\n<title>Ajt\u00f3kopogtat\u00f3 24-1-2 - T\u00e1jkert\u00e9sz<\/title>\n<meta name=\"description\" content=\"Ajt\u00f3kopogtat\u00f3. \u2744\ufe0fTerm\u00e9sekkel \u00e9s di\u00f3t\u00f6r\u0151vel d\u00edsz\u00edtett ajt\u00f3kopogtat\u00f3\ud83c\udf84\u272824 cm. V\u00e1s\u00e1rold meg webshopunk k\u00edn\u00e1lat\u00e1b\u00f3l, ak\u00e1r orsz\u00e1gosh\u00e1zhozsz\u00e1ll\u00edt\u00e1ssal:\" \/>\n<meta name=\"robots\" content=\"index, follow, max-snippet:-1, max-image-preview:large, max-video-preview:-1\" \/>\n<link rel=\"canonical\" href=\"https:\/\/tajkertesz.com\/en_US\/product\/ajtokopogtato-2\/\" \/>\n<meta property=\"og:locale\" content=\"en_US\" \/>\n<meta property=\"og:type\" content=\"article\" \/>\n<meta property=\"og:title\" content=\"Ajt\u00f3kopogtat\u00f3 24-1-2 - T\u00e1jkert\u00e9sz\" \/>\n<meta property=\"og:description\" content=\"Ajt\u00f3kopogtat\u00f3. \u2744\ufe0fTerm\u00e9sekkel \u00e9s di\u00f3t\u00f6r\u0151vel d\u00edsz\u00edtett ajt\u00f3kopogtat\u00f3\ud83c\udf84\u272824 cm. V\u00e1s\u00e1rold meg webshopunk k\u00edn\u00e1lat\u00e1b\u00f3l, ak\u00e1r orsz\u00e1gosh\u00e1zhozsz\u00e1ll\u00edt\u00e1ssal:\" \/>\n<meta property=\"og:url\" content=\"https:\/\/tajkertesz.com\/en_US\/product\/ajtokopogtato-2\/\" \/>\n<meta property=\"og:site_name\" content=\"T\u00e1jkert\u00e9sz\" \/>\n<meta property=\"article:publisher\" content=\"https:\/\/www.facebook.com\/Tajkertesz\/\" \/>\n<meta property=\"article:modified_time\" content=\"2026-02-13T15:08:38+00:00\" \/>\n<meta property=\"og:image\" content=\"https:\/\/tajkertesz.com\/wp-content\/uploads\/2023\/11\/398601301_739470354862708_4984062261820765077_n.jpg\" \/>\n\t<meta property=\"og:image:width\" content=\"1899\" \/>\n\t<meta property=\"og:image:height\" content=\"2048\" \/>\n\t<meta property=\"og:image:type\" content=\"image\/jpeg\" \/>\n<meta name=\"twitter:card\" content=\"summary_large_image\" \/>\n<meta name=\"twitter:label1\" content=\"Est. reading time\" \/>\n\t<meta name=\"twitter:data1\" content=\"2 minutes\" \/>\n<script type=\"application\/ld+json\" class=\"yoast-schema-graph\">{\"@context\":\"https:\\\/\\\/schema.org\",\"@graph\":[{\"@type\":\"WebPage\",\"@id\":\"https:\\\/\\\/tajkertesz.com\\\/termek\\\/ajtokopogtato-2\\\/\",\"url\":\"https:\\\/\\\/tajkertesz.com\\\/termek\\\/ajtokopogtato-2\\\/\",\"name\":\"Ajt\u00f3kopogtat\u00f3 24-1-2 - T\u00e1jkert\u00e9sz\",\"isPartOf\":{\"@id\":\"https:\\\/\\\/tajkertesz.com\\\/#website\"},\"primaryImageOfPage\":{\"@id\":\"https:\\\/\\\/tajkertesz.com\\\/termek\\\/ajtokopogtato-2\\\/#primaryimage\"},\"image\":{\"@id\":\"https:\\\/\\\/tajkertesz.com\\\/termek\\\/ajtokopogtato-2\\\/#primaryimage\"},\"thumbnailUrl\":\"https:\\\/\\\/tajkertesz.com\\\/wp-content\\\/uploads\\\/2023\\\/11\\\/398601301_739470354862708_4984062261820765077_n.jpg\",\"datePublished\":\"2023-11-21T12:59:06+00:00\",\"dateModified\":\"2026-02-13T15:08:38+00:00\",\"description\":\"Ajt\u00f3kopogtat\u00f3. \u2744\ufe0fTerm\u00e9sekkel \u00e9s di\u00f3t\u00f6r\u0151vel d\u00edsz\u00edtett ajt\u00f3kopogtat\u00f3\ud83c\udf84\u272824 cm. V\u00e1s\u00e1rold meg webshopunk k\u00edn\u00e1lat\u00e1b\u00f3l, ak\u00e1r orsz\u00e1gosh\u00e1zhozsz\u00e1ll\u00edt\u00e1ssal:\",\"breadcrumb\":{\"@id\":\"https:\\\/\\\/tajkertesz.com\\\/termek\\\/ajtokopogtato-2\\\/#breadcrumb\"},\"inLanguage\":\"en-US\",\"potentialAction\":[{\"@type\":\"ReadAction\",\"target\":[\"https:\\\/\\\/tajkertesz.com\\\/termek\\\/ajtokopogtato-2\\\/\"]}]},{\"@type\":\"ImageObject\",\"inLanguage\":\"en-US\",\"@id\":\"https:\\\/\\\/tajkertesz.com\\\/termek\\\/ajtokopogtato-2\\\/#primaryimage\",\"url\":\"https:\\\/\\\/tajkertesz.com\\\/wp-content\\\/uploads\\\/2023\\\/11\\\/398601301_739470354862708_4984062261820765077_n.jpg\",\"contentUrl\":\"https:\\\/\\\/tajkertesz.com\\\/wp-content\\\/uploads\\\/2023\\\/11\\\/398601301_739470354862708_4984062261820765077_n.jpg\",\"width\":1899,\"height\":2048},{\"@type\":\"BreadcrumbList\",\"@id\":\"https:\\\/\\\/tajkertesz.com\\\/termek\\\/ajtokopogtato-2\\\/#breadcrumb\",\"itemListElement\":[{\"@type\":\"ListItem\",\"position\":1,\"name\":\"Home\",\"item\":\"https:\\\/\\\/tajkertesz.com\\\/\"},{\"@type\":\"ListItem\",\"position\":2,\"name\":\"Kezd\u0151lap\",\"item\":\"https:\\\/\\\/tajkertesz.com\\\/\"},{\"@type\":\"ListItem\",\"position\":3,\"name\":\"Ajt\u00f3kopogtat\u00f3 24-1-2\"}]},{\"@type\":\"WebSite\",\"@id\":\"https:\\\/\\\/tajkertesz.com\\\/#website\",\"url\":\"https:\\\/\\\/tajkertesz.com\\\/\",\"name\":\"T\u00e1j-Kert\u00e9sz 84 Kft.\",\"description\":\"Kert\u00e9szeti kis- \u00e9s nagykeresked\u00e9s, D\u00edszn\u00f6v\u00e9ny web\u00e1ruh\u00e1z orsz\u00e1gos h\u00e1zhozsz\u00e1ll\u00edt\u00e1ssal!\",\"publisher\":{\"@id\":\"https:\\\/\\\/tajkertesz.com\\\/#organization\"},\"potentialAction\":[{\"@type\":\"SearchAction\",\"target\":{\"@type\":\"EntryPoint\",\"urlTemplate\":\"https:\\\/\\\/tajkertesz.com\\\/?s={search_term_string}\"},\"query-input\":{\"@type\":\"PropertyValueSpecification\",\"valueRequired\":true,\"valueName\":\"search_term_string\"}}],\"inLanguage\":\"en-US\"},{\"@type\":\"Organization\",\"@id\":\"https:\\\/\\\/tajkertesz.com\\\/#organization\",\"name\":\"T\u00e1j-Kert\u00e9sz 84 Kft.\",\"url\":\"https:\\\/\\\/tajkertesz.com\\\/\",\"logo\":{\"@type\":\"ImageObject\",\"inLanguage\":\"en-US\",\"@id\":\"https:\\\/\\\/tajkertesz.com\\\/#\\\/schema\\\/logo\\\/image\\\/\",\"url\":\"https:\\\/\\\/tajkertesz.com\\\/wp-content\\\/uploads\\\/2018\\\/02\\\/logo-2-e1518678052539.png\",\"contentUrl\":\"https:\\\/\\\/tajkertesz.com\\\/wp-content\\\/uploads\\\/2018\\\/02\\\/logo-2-e1518678052539.png\",\"width\":81,\"height\":140,\"caption\":\"T\u00e1j-Kert\u00e9sz 84 Kft.\"},\"image\":{\"@id\":\"https:\\\/\\\/tajkertesz.com\\\/#\\\/schema\\\/logo\\\/image\\\/\"},\"sameAs\":[\"https:\\\/\\\/www.facebook.com\\\/Tajkertesz\\\/\"]}]}<\/script>\n<!-- \/ Yoast SEO plugin. -->","yoast_head_json":{"title":"Ajt\u00f3kopogtat\u00f3 24-1-2 - T\u00e1jkert\u00e9sz","description":"Ajt\u00f3kopogtat\u00f3. \u2744\ufe0fTerm\u00e9sekkel \u00e9s di\u00f3t\u00f6r\u0151vel d\u00edsz\u00edtett ajt\u00f3kopogtat\u00f3\ud83c\udf84\u272824 cm. V\u00e1s\u00e1rold meg webshopunk k\u00edn\u00e1lat\u00e1b\u00f3l, ak\u00e1r orsz\u00e1gosh\u00e1zhozsz\u00e1ll\u00edt\u00e1ssal:","robots":{"index":"index","follow":"follow","max-snippet":"max-snippet:-1","max-image-preview":"max-image-preview:large","max-video-preview":"max-video-preview:-1"},"canonical":"https:\/\/tajkertesz.com\/en_US\/product\/ajtokopogtato-2\/","og_locale":"en_US","og_type":"article","og_title":"Ajt\u00f3kopogtat\u00f3 24-1-2 - T\u00e1jkert\u00e9sz","og_description":"Ajt\u00f3kopogtat\u00f3. \u2744\ufe0fTerm\u00e9sekkel \u00e9s di\u00f3t\u00f6r\u0151vel d\u00edsz\u00edtett ajt\u00f3kopogtat\u00f3\ud83c\udf84\u272824 cm. V\u00e1s\u00e1rold meg webshopunk k\u00edn\u00e1lat\u00e1b\u00f3l, ak\u00e1r orsz\u00e1gosh\u00e1zhozsz\u00e1ll\u00edt\u00e1ssal:","og_url":"https:\/\/tajkertesz.com\/en_US\/product\/ajtokopogtato-2\/","og_site_name":"T\u00e1jkert\u00e9sz","article_publisher":"https:\/\/www.facebook.com\/Tajkertesz\/","article_modified_time":"2026-02-13T15:08:38+00:00","og_image":[{"width":1899,"height":2048,"url":"https:\/\/tajkertesz.com\/wp-content\/uploads\/2023\/11\/398601301_739470354862708_4984062261820765077_n.jpg","type":"image\/jpeg"}],"twitter_card":"summary_large_image","twitter_misc":{"Est. reading time":"2 minutes"},"schema":{"@context":"https:\/\/schema.org","@graph":[{"@type":"WebPage","@id":"https:\/\/tajkertesz.com\/termek\/ajtokopogtato-2\/","url":"https:\/\/tajkertesz.com\/termek\/ajtokopogtato-2\/","name":"Ajt\u00f3kopogtat\u00f3 24-1-2 - T\u00e1jkert\u00e9sz","isPartOf":{"@id":"https:\/\/tajkertesz.com\/#website"},"primaryImageOfPage":{"@id":"https:\/\/tajkertesz.com\/termek\/ajtokopogtato-2\/#primaryimage"},"image":{"@id":"https:\/\/tajkertesz.com\/termek\/ajtokopogtato-2\/#primaryimage"},"thumbnailUrl":"https:\/\/tajkertesz.com\/wp-content\/uploads\/2023\/11\/398601301_739470354862708_4984062261820765077_n.jpg","datePublished":"2023-11-21T12:59:06+00:00","dateModified":"2026-02-13T15:08:38+00:00","description":"Ajt\u00f3kopogtat\u00f3. \u2744\ufe0fTerm\u00e9sekkel \u00e9s di\u00f3t\u00f6r\u0151vel d\u00edsz\u00edtett ajt\u00f3kopogtat\u00f3\ud83c\udf84\u272824 cm. V\u00e1s\u00e1rold meg webshopunk k\u00edn\u00e1lat\u00e1b\u00f3l, ak\u00e1r orsz\u00e1gosh\u00e1zhozsz\u00e1ll\u00edt\u00e1ssal:","breadcrumb":{"@id":"https:\/\/tajkertesz.com\/termek\/ajtokopogtato-2\/#breadcrumb"},"inLanguage":"en-US","potentialAction":[{"@type":"ReadAction","target":["https:\/\/tajkertesz.com\/termek\/ajtokopogtato-2\/"]}]},{"@type":"ImageObject","inLanguage":"en-US","@id":"https:\/\/tajkertesz.com\/termek\/ajtokopogtato-2\/#primaryimage","url":"https:\/\/tajkertesz.com\/wp-content\/uploads\/2023\/11\/398601301_739470354862708_4984062261820765077_n.jpg","contentUrl":"https:\/\/tajkertesz.com\/wp-content\/uploads\/2023\/11\/398601301_739470354862708_4984062261820765077_n.jpg","width":1899,"height":2048},{"@type":"BreadcrumbList","@id":"https:\/\/tajkertesz.com\/termek\/ajtokopogtato-2\/#breadcrumb","itemListElement":[{"@type":"ListItem","position":1,"name":"Home","item":"https:\/\/tajkertesz.com\/"},{"@type":"ListItem","position":2,"name":"Kezd\u0151lap","item":"https:\/\/tajkertesz.com\/"},{"@type":"ListItem","position":3,"name":"Ajt\u00f3kopogtat\u00f3 24-1-2"}]},{"@type":"WebSite","@id":"https:\/\/tajkertesz.com\/#website","url":"https:\/\/tajkertesz.com\/","name":"T\u00e1j-Kert\u00e9sz 84 Kft.","description":"Kert\u00e9szeti kis- \u00e9s nagykeresked\u00e9s, D\u00edszn\u00f6v\u00e9ny web\u00e1ruh\u00e1z orsz\u00e1gos h\u00e1zhozsz\u00e1ll\u00edt\u00e1ssal!","publisher":{"@id":"https:\/\/tajkertesz.com\/#organization"},"potentialAction":[{"@type":"SearchAction","target":{"@type":"EntryPoint","urlTemplate":"https:\/\/tajkertesz.com\/?s={search_term_string}"},"query-input":{"@type":"PropertyValueSpecification","valueRequired":true,"valueName":"search_term_string"}}],"inLanguage":"en-US"},{"@type":"Organization","@id":"https:\/\/tajkertesz.com\/#organization","name":"T\u00e1j-Kert\u00e9sz 84 Kft.","url":"https:\/\/tajkertesz.com\/","logo":{"@type":"ImageObject","inLanguage":"en-US","@id":"https:\/\/tajkertesz.com\/#\/schema\/logo\/image\/","url":"https:\/\/tajkertesz.com\/wp-content\/uploads\/2018\/02\/logo-2-e1518678052539.png","contentUrl":"https:\/\/tajkertesz.com\/wp-content\/uploads\/2018\/02\/logo-2-e1518678052539.png","width":81,"height":140,"caption":"T\u00e1j-Kert\u00e9sz 84 Kft."},"image":{"@id":"https:\/\/tajkertesz.com\/#\/schema\/logo\/image\/"},"sameAs":["https:\/\/www.facebook.com\/Tajkertesz\/"]}]}},"_links":{"self":[{"href":"https:\/\/tajkertesz.com\/en_US\/wp-json\/wp\/v2\/product\/18024","targetHints":{"allow":["GET"]}}],"collection":[{"href":"https:\/\/tajkertesz.com\/en_US\/wp-json\/wp\/v2\/product"}],"about":[{"href":"https:\/\/tajkertesz.com\/en_US\/wp-json\/wp\/v2\/types\/product"}],"wp:featuredmedia":[{"embeddable":true,"href":"https:\/\/tajkertesz.com\/en_US\/wp-json\/wp\/v2\/media\/18025"}],"wp:attachment":[{"href":"https:\/\/tajkertesz.com\/en_US\/wp-json\/wp\/v2\/media?parent=18024"}],"wp:term":[{"taxonomy":"product_brand","embeddable":true,"href":"https:\/\/tajkertesz.com\/en_US\/wp-json\/wp\/v2\/product_brand?post=18024"},{"taxonomy":"product_cat","embeddable":true,"href":"https:\/\/tajkertesz.com\/en_US\/wp-json\/wp\/v2\/product_cat?post=18024"},{"taxonomy":"product_tag","embeddable":true,"href":"https:\/\/tajkertesz.com\/en_US\/wp-json\/wp\/v2\/product_tag?post=18024"}],"curies":[{"name":"wp","href":"https:\/\/api.w.org\/{rel}","templated":true}]}}