{"id":1803,"date":"2020-04-27T12:41:04","date_gmt":"2020-04-27T12:41:04","guid":{"rendered":"https:\/\/tajkertesz.com\/?post_type=product&#038;p=1803"},"modified":"2025-01-28T12:36:06","modified_gmt":"2025-01-28T12:36:06","slug":"agrecol-rozsatap","status":"publish","type":"product","link":"https:\/\/tajkertesz.com\/en_US\/product\/agrecol-rozsatap\/","title":{"rendered":"Agrecol R\u00f3zsat\u00e1p 1,2 kg"},"content":{"rendered":"<div id=\"bodyContent\" class=\"mw-body-content\">\n<div id=\"mw-content-text\" class=\"mw-content-ltr\" dir=\"ltr\" lang=\"hu\">\n<div id=\"bodyContent\" class=\"mw-body-content\">\n<div id=\"mw-content-text\" class=\"mw-content-ltr\" dir=\"ltr\" lang=\"hu\"><\/div>\n<\/div>\n<\/div>\n<\/div>\n<h2>Agrecol R\u00f3zsat\u00e1p 1,2 kg<\/h2>\n<p>Agrecol R\u00f3zsat\u00e1p 1,2 kg<\/p>\n<div class=\"description\">\n<div class=\"inner\">\n<p><strong>A r\u00f3zsa <\/strong>\u00a0m\u0171tr\u00e1gya: granul\u00e1lt \u00e1sv\u00e1nyi m\u0171tr\u00e1gya.<\/p>\n<p>EK m\u0171tr\u00e1gya<\/p>\n<p>Magas t\u00e1panyagtartalma optim\u00e1lis d\u00fas \u00e9s hosszan tart\u00f3 vir\u00e1gz\u00e1st biztos\u00edt mindenfajta r\u00f3zsa sz\u00e1m\u00e1ra.<\/p>\n<ul>\n<li>granul\u00e1lt m\u0171tr\u00e1gya kerti r\u00f3zs\u00e1khoz<\/li>\n<li>\u00faj \u00fcltet\u00e9sre alkalmas<\/li>\n<\/ul>\n<ul>\n<li>hat\u00e9konys\u00e1g: 1,2 kg \/ 24 m2<\/li>\n<\/ul>\n<p>\u00d6sszet\u00e9tel: N16 P2O5 14 K2O 16%<\/p>\n<p>A nagy mennyis\u00e9g\u0171 \u00e9s gy\u00f6ny\u00f6r\u0171 vir\u00e1gok el\u0151\u00e1ll\u00edt\u00e1s\u00e1hoz haszn\u00e1ljuk.\u00a0 A helytelen\u00fcl t\u00e1pl\u00e1lt r\u00f3zsabokrok kisebbek \u00e9s kis vir\u00e1got eredm\u00e9nyeznek, \u00e9s m\u00e9g vir\u00e1gbimb\u00f3kat sem k\u00e9peznek. A m\u0171tr\u00e1gy\u00e1ban l\u00e9v\u0151 k\u00e1lium nem csak a n\u00f6v\u00e9nyeket gyakori \u00e9s b\u0151s\u00e9ges vir\u00e1gz\u00e1sra \u00f6szt\u00f6nzi, hanem a vir\u00e1g nagyobb tart\u00f3ss\u00e1g\u00e1t is biztos\u00edtja. Megfelel\u0151en k\u00e1liummal t\u00e1pl\u00e1lt, v\u00e1gott r\u00f3zsavir\u00e1g hosszabb ideig marad a v\u00e1z\u00e1ban. A nitrog\u00e9n az egyik elem, amely a klorofil (a z\u00f6ld pigment a levelekben) \u00e9p\u00edti \u2013 ennek k\u00f6sz\u00f6nhet\u0151en a r\u00f3zsalev\u00e9l intenz\u00edven z\u00f6ld sz\u00edn\u0171. A nitrog\u00e9nhi\u00e1ny azt jelenti, hogy a vir\u00e1gok kis \u00e1tm\u00e9r\u0151j\u0171ek \u00e9s a vir\u00e1gszirmok kev\u00e9sb\u00e9 sz\u00edn\u0171ek. A magas k\u00e1liumtartalom pozit\u00edv hat\u00e1ssal van a n\u00f6v\u00e9nyek \u00e1ltal\u00e1nos megjelen\u00e9s\u00e9re, magas eg\u00e9szs\u00e9gi \u00e1llapot\u00e1ra \u00e9s magas fagy\u00e1ll\u00f3s\u00e1gra.<\/p>\n<\/div>\n<\/div>\n<div class=\"description\">\n<div class=\"inner\">\n<h2>Alkalmaz\u00e1si m\u00f3dszer<\/h2>\n<p>Haszn\u00e1lja m\u00e1rcius \u00e9s augusztus k\u00f6z\u00f6tt, minden 45-60 naponk\u00e9nt.\u00a0Az \u0151szi m\u0171tr\u00e1gy\u00e1t szeptembert\u0151l kell haszn\u00e1lni.<\/p>\n<p>1. M\u00e9rje meg a megfelel\u0151 m\u0171tr\u00e1gya mennyis\u00e9get: 50 g m\u0171tr\u00e1gya minden 1 m\u00a0<sup>2<\/sup>\u00a0fel\u00fcletre, amelyet a bokrok vesznek fel.<br \/>\n2. A m\u0171tr\u00e1gy\u00e1t egyenletesen sz\u00e9toszlatja a n\u00f6v\u00e9ny k\u00f6r\u00fcl, \u00e9s amennyire csak lehets\u00e9ges, keverje \u00f6ssze a talajjal.<br \/>\n3. A m\u0171tr\u00e1gya kijuttat\u00e1sa ut\u00e1n \u00f6nt\u00f6zz\u00fck a n\u00f6v\u00e9nyt b\u0151 v\u00edzzel.<\/p>\n<p>\u00dcltet\u00e9skor :<\/p>\n<ol>\n<li>Oldjon fel 40 g (kb: egy mar\u00e9k) m\u0171tr\u00e1gy\u00e1t 10 l v\u00edzben.<\/li>\n<li>\u00d6nt\u00f6zze be a n\u00f6v\u00e9nyt a k\u00e9sz oldattal.<\/li>\n<\/ol>\n<p>Gyermekekt\u0151l elz\u00e1rva tartand\u00f3.<\/p>\n<p>M\u00e9regjelz\u00e9s n\u00e9lk\u00fcli k\u00e9sz\u00edtm\u00e9ny.<\/p>\n<\/div>\n<p>Nem fogyaszthat\u00f3.<\/p>\n<p>K\u00f6zeg\u00e9szs\u00e9g\u00fcgyi szempontb\u00f3l nem vesz\u00e9lyes.<\/p>\n<p>Ha szembe ker\u00fcl , b\u0151 v\u00edzzel mossa ki. T\u00e1rol\u00e1sa eredeti z\u00e1rt csomagol\u00e1sban sz\u00e1raz , napf\u00e9nyt\u0151l v\u00e9dett fagymentes helyen. Felhaszn\u00e1lhat\u00f3 a csomagol\u00e1son felt\u00fcntetett id\u0151pontig.<\/p>\n<p>Kiszerel\u00e9s :1,2 kg\u00a0 24m2-re elegend\u0151<\/p>\n<\/div>\n<p><a href=\"https:\/\/tajkertesz.com\/\">https:\/\/tajkertesz.com\/<\/a><\/p>\n<p><a href=\"https:\/\/hu.wikipedia.org\/wiki\/M%C5%B1tr%C3%A1gy%C3%A1z%C3%A1s\">https:\/\/hu.wikipedia.org\/wiki\/M%C5%B1tr%C3%A1gy%C3%A1z%C3%A1s<\/a><\/p>\n<p><a href=\"https:\/\/tajkertesz.com\/wp-content\/uploads\/2021\/05\/Agrecol-bizt.adatl_..pdf\">Agrecol bizt.adatl.<\/a><\/p>\n<p style=\"line-height: 18.0pt; background: white; margin: 0cm 0cm 15.0pt 0cm;\"><b><span style=\"font-family: 'Ubuntu',sans-serif; color: black;\">K\u00e9szlet\u00fcnk napi szinten v\u00e1ltozik, ez\u00e9rt k\u00e9rj\u00fck, \u00e9rdekl\u0151dj\u00f6n szem\u00e9lyesen, telefonon vagy email-en.<br \/>\nA v\u00e1ltoztat\u00e1s jog\u00e1t fenntartjuk!\u00a0<\/span><\/b><\/p>\n<p><a href=\"https:\/\/tajkertesz.com\/\">https:\/\/tajkertesz.com\/<\/a><\/p>\n<p><a href=\"https:\/\/www.facebook.com\/tajkertesz\/\">https:\/\/www.facebook.com\/tajkertesz\/<\/a><\/p>\n<p>Kisz\u00e1ll\u00edt\u00e1s: 200cm-ig \u00e9s 40 kg-ig a sz\u00e1ll\u00edt\u00e1s fut\u00e1rszolg\u00e1lattal t\u00f6rt\u00e9nik.<\/p>\n<p>Szem\u00e9lyes \u00e1tv\u00e9tel nyitvatart\u00e1si id\u0151ben a 17. ker\u00fclet Bakancsos utca 7. sz\u00e1m alatti Kert\u00e9szeti \u00e1rud\u00e1nkban.<\/p>\n<p><b><u>Kert\u00e9p\u00edt\u0151k \u00e9s viszontelad\u00f3k regisztr\u00e1l\u00e1s ut\u00e1n egyedi kedvezm\u00e9nnyel v\u00e1s\u00e1rolhatnak kert\u00e9szeti kis-\u00e9s nagykeresked\u00e9s\u00fcnkben.<\/u><\/b><\/p>\n<p>A logisztikai c\u00e9ggel t\u00f6rt\u00e9n\u0151 sz\u00e1ll\u00edt\u00e1s eset\u00e9n a partnereink\u00a0esetleges a\u00a0cs\u00fasz\u00e1sai\u00e9rt nem v\u00e1llalunk felel\u0151ss\u00e9get!<\/p>\n<p>&nbsp;<\/p>\n<p><strong>Az \u00e1rak egy darab term\u00e9kre vonatkoznak.<\/strong><\/p>","protected":false},"excerpt":{"rendered":"<div id=\"bodyContent\" class=\"mw-body-content\">\n<div id=\"mw-content-text\" class=\"mw-content-ltr\" dir=\"ltr\" lang=\"hu\">\n<div id=\"bodyContent\" class=\"mw-body-content\">\n<div id=\"mw-content-text\" class=\"mw-content-ltr\" dir=\"ltr\" lang=\"hu\">\n<p><b>K\u00e9szlet\u00fcnk napi szinten v\u00e1ltozik, ez\u00e9rt k\u00e9rj\u00fck, \u00e9rdekl\u0151dj\u00f6n szem\u00e9lyesen, telefonon vagy email-en.<\/b><\/p>\n<p>Term\u00e9keinket szem\u00e9lyesen is \u00e1tveheti a h\u00e9t minden napj\u00e1n nyitvatart\u00e1si id\u0151ben!<\/p>\n<p>Kisz\u00e1ll\u00edt\u00e1s: 200 cm \u00e9s 40 kg-ig a sz\u00e1ll\u00edt\u00e1s fut\u00e1rszolg\u00e1lattal t\u00f6rt\u00e9nik.<\/p>\n<\/div>\n<\/div>\n<\/div>\n<\/div>\n<p><b>A v\u00e1ltoztat\u00e1s jog\u00e1t fenntartjuk!\u00a0<\/b><\/p>\n<p>Agrecol R\u00f3zsat\u00e1p<\/p>\n<div class=\"description\">\n<div class=\"inner\">\n<p><strong>A r\u00f3zsa <\/strong>\u00a0m\u0171tr\u00e1gya: granul\u00e1lt \u00e1sv\u00e1nyi m\u0171tr\u00e1gya.<\/p>\n<p>EK m\u0171tr\u00e1gya<\/p>\n<p>Magas t\u00e1panyagtartalma optim\u00e1lis d\u00fas \u00e9s hosszan tart\u00f3 vir\u00e1gz\u00e1st biztos\u00edt mindenfajta r\u00f3zsa sz\u00e1m\u00e1ra.<\/p>\n<ul>\n<li>granul\u00e1lt m\u0171tr\u00e1gya kerti r\u00f3zs\u00e1khoz<\/li>\n<li>\u00faj \u00fcltet\u00e9sre alkalmas<\/li>\n<\/ul>\n<ul>\n<li>hat\u00e9konys\u00e1g: 1,2 kg \/ 24 m2<\/li>\n<\/ul>\n<p>\u00d6sszet\u00e9tel: N16 P2O5 14 K2O 16%<\/p>\n<p>A nagy mennyis\u00e9g\u0171 \u00e9s gy\u00f6ny\u00f6r\u0171 vir\u00e1gok el\u0151\u00e1ll\u00edt\u00e1s\u00e1hoz haszn\u00e1ljuk.\u00a0 A helytelen\u00fcl t\u00e1pl\u00e1lt r\u00f3zsabokrok kisebbek \u00e9s kis vir\u00e1got eredm\u00e9nyeznek, \u00e9s m\u00e9g vir\u00e1gbimb\u00f3kat sem k\u00e9peznek. A m\u0171tr\u00e1gy\u00e1ban l\u00e9v\u0151 k\u00e1lium nem csak a n\u00f6v\u00e9nyeket gyakori \u00e9s b\u0151s\u00e9ges vir\u00e1gz\u00e1sra \u00f6szt\u00f6nzi, hanem a vir\u00e1g nagyobb tart\u00f3ss\u00e1g\u00e1t is biztos\u00edtja. Megfelel\u0151en k\u00e1liummal t\u00e1pl\u00e1lt, v\u00e1gott r\u00f3zsavir\u00e1g hosszabb ideig marad a v\u00e1z\u00e1ban. A nitrog\u00e9n az egyik elem, amely a klorofil (a z\u00f6ld pigment a levelekben) \u00e9p\u00edti \u2013 ennek k\u00f6sz\u00f6nhet\u0151en a r\u00f3zsalev\u00e9l intenz\u00edven z\u00f6ld sz\u00edn\u0171. A nitrog\u00e9nhi\u00e1ny azt jelenti, hogy a vir\u00e1gok kis \u00e1tm\u00e9r\u0151j\u0171ek \u00e9s a vir\u00e1gszirmok kev\u00e9sb\u00e9 sz\u00edn\u0171ek. A magas k\u00e1liumtartalom pozit\u00edv hat\u00e1ssal van a n\u00f6v\u00e9nyek \u00e1ltal\u00e1nos megjelen\u00e9s\u00e9re, magas eg\u00e9szs\u00e9gi \u00e1llapot\u00e1ra \u00e9s magas fagy\u00e1ll\u00f3s\u00e1gra.<\/p>\n<\/div>\n<\/div>","protected":false},"featured_media":1729,"template":"","meta":{"_et_pb_use_builder":"","_et_pb_old_content":"","_et_gb_content_width":""},"product_brand":[],"product_cat":[1421],"product_tag":[537,535,536],"class_list":{"0":"post-1803","1":"product","2":"type-product","3":"status-publish","4":"has-post-thumbnail","6":"product_cat-rozsakhoz","7":"product_tag-agrecol","8":"product_tag-agrecol-rozsatap","9":"product_tag-rozsatap","11":"first","12":"instock","13":"shipping-taxable","14":"purchasable","15":"product-type-simple"},"yoast_head":"<!-- This site is optimized with the Yoast SEO plugin v27.3 - https:\/\/yoast.com\/product\/yoast-seo-wordpress\/ -->\n<title>Agrecol R\u00f3zsat\u00e1p 1,2 kg - T\u00e1jkert\u00e9sz<\/title>\n<meta name=\"description\" content=\"Az Agrecol R\u00f3zsat\u00e1p magas t\u00e1panyagtartalma optim\u00e1lis d\u00fas \u00e9s hosszan tart\u00f3 vir\u00e1gz\u00e1st biztos\u00edt mindenfajta r\u00f3zsa sz\u00e1m\u00e1ra. Rendelje meg web\u00e1ruh\u00e1zunkb\u00f3l.\" \/>\n<meta name=\"robots\" content=\"index, follow, max-snippet:-1, max-image-preview:large, max-video-preview:-1\" \/>\n<link rel=\"canonical\" href=\"https:\/\/tajkertesz.com\/en_US\/product\/agrecol-rozsatap\/\" \/>\n<meta property=\"og:locale\" content=\"en_US\" \/>\n<meta property=\"og:type\" content=\"article\" \/>\n<meta property=\"og:title\" content=\"Agrecol R\u00f3zsat\u00e1p 1,2 kg - T\u00e1jkert\u00e9sz\" \/>\n<meta property=\"og:description\" content=\"Az Agrecol R\u00f3zsat\u00e1p magas t\u00e1panyagtartalma optim\u00e1lis d\u00fas \u00e9s hosszan tart\u00f3 vir\u00e1gz\u00e1st biztos\u00edt mindenfajta r\u00f3zsa sz\u00e1m\u00e1ra. Rendelje meg web\u00e1ruh\u00e1zunkb\u00f3l.\" \/>\n<meta property=\"og:url\" content=\"https:\/\/tajkertesz.com\/en_US\/product\/agrecol-rozsatap\/\" \/>\n<meta property=\"og:site_name\" content=\"T\u00e1jkert\u00e9sz\" \/>\n<meta property=\"article:publisher\" content=\"https:\/\/www.facebook.com\/Tajkertesz\/\" \/>\n<meta property=\"article:modified_time\" content=\"2025-01-28T12:36:06+00:00\" \/>\n<meta property=\"og:image\" content=\"https:\/\/tajkertesz.com\/wp-content\/uploads\/2020\/04\/R\u00f3zsat\u00e1p.png\" \/>\n\t<meta property=\"og:image:width\" content=\"370\" \/>\n\t<meta property=\"og:image:height\" content=\"481\" \/>\n\t<meta property=\"og:image:type\" content=\"image\/png\" \/>\n<meta name=\"twitter:card\" content=\"summary_large_image\" \/>\n<meta name=\"twitter:label1\" content=\"Est. reading time\" \/>\n\t<meta name=\"twitter:data1\" content=\"3 minutes\" \/>\n<script type=\"application\/ld+json\" class=\"yoast-schema-graph\">{\"@context\":\"https:\\\/\\\/schema.org\",\"@graph\":[{\"@type\":\"WebPage\",\"@id\":\"https:\\\/\\\/tajkertesz.com\\\/termek\\\/agrecol-rozsatap\\\/\",\"url\":\"https:\\\/\\\/tajkertesz.com\\\/termek\\\/agrecol-rozsatap\\\/\",\"name\":\"Agrecol R\u00f3zsat\u00e1p 1,2 kg - T\u00e1jkert\u00e9sz\",\"isPartOf\":{\"@id\":\"https:\\\/\\\/tajkertesz.com\\\/#website\"},\"primaryImageOfPage\":{\"@id\":\"https:\\\/\\\/tajkertesz.com\\\/termek\\\/agrecol-rozsatap\\\/#primaryimage\"},\"image\":{\"@id\":\"https:\\\/\\\/tajkertesz.com\\\/termek\\\/agrecol-rozsatap\\\/#primaryimage\"},\"thumbnailUrl\":\"https:\\\/\\\/tajkertesz.com\\\/wp-content\\\/uploads\\\/2020\\\/04\\\/R\u00f3zsat\u00e1p.png\",\"datePublished\":\"2020-04-27T12:41:04+00:00\",\"dateModified\":\"2025-01-28T12:36:06+00:00\",\"description\":\"Az Agrecol R\u00f3zsat\u00e1p magas t\u00e1panyagtartalma optim\u00e1lis d\u00fas \u00e9s hosszan tart\u00f3 vir\u00e1gz\u00e1st biztos\u00edt mindenfajta r\u00f3zsa sz\u00e1m\u00e1ra. Rendelje meg web\u00e1ruh\u00e1zunkb\u00f3l.\",\"breadcrumb\":{\"@id\":\"https:\\\/\\\/tajkertesz.com\\\/termek\\\/agrecol-rozsatap\\\/#breadcrumb\"},\"inLanguage\":\"en-US\",\"potentialAction\":[{\"@type\":\"ReadAction\",\"target\":[\"https:\\\/\\\/tajkertesz.com\\\/termek\\\/agrecol-rozsatap\\\/\"]}]},{\"@type\":\"ImageObject\",\"inLanguage\":\"en-US\",\"@id\":\"https:\\\/\\\/tajkertesz.com\\\/termek\\\/agrecol-rozsatap\\\/#primaryimage\",\"url\":\"https:\\\/\\\/tajkertesz.com\\\/wp-content\\\/uploads\\\/2020\\\/04\\\/R\u00f3zsat\u00e1p.png\",\"contentUrl\":\"https:\\\/\\\/tajkertesz.com\\\/wp-content\\\/uploads\\\/2020\\\/04\\\/R\u00f3zsat\u00e1p.png\",\"width\":370,\"height\":481,\"caption\":\"Agrecol R\u00f3zsat\u00e1p 1,2 kg\"},{\"@type\":\"BreadcrumbList\",\"@id\":\"https:\\\/\\\/tajkertesz.com\\\/termek\\\/agrecol-rozsatap\\\/#breadcrumb\",\"itemListElement\":[{\"@type\":\"ListItem\",\"position\":1,\"name\":\"Home\",\"item\":\"https:\\\/\\\/tajkertesz.com\\\/\"},{\"@type\":\"ListItem\",\"position\":2,\"name\":\"Kezd\u0151lap\",\"item\":\"https:\\\/\\\/tajkertesz.com\\\/\"},{\"@type\":\"ListItem\",\"position\":3,\"name\":\"Agrecol R\u00f3zsat\u00e1p 1,2 kg\"}]},{\"@type\":\"WebSite\",\"@id\":\"https:\\\/\\\/tajkertesz.com\\\/#website\",\"url\":\"https:\\\/\\\/tajkertesz.com\\\/\",\"name\":\"T\u00e1j-Kert\u00e9sz 84 Kft.\",\"description\":\"Kert\u00e9szeti kis- \u00e9s nagykeresked\u00e9s, D\u00edszn\u00f6v\u00e9ny web\u00e1ruh\u00e1z orsz\u00e1gos h\u00e1zhozsz\u00e1ll\u00edt\u00e1ssal!\",\"publisher\":{\"@id\":\"https:\\\/\\\/tajkertesz.com\\\/#organization\"},\"potentialAction\":[{\"@type\":\"SearchAction\",\"target\":{\"@type\":\"EntryPoint\",\"urlTemplate\":\"https:\\\/\\\/tajkertesz.com\\\/?s={search_term_string}\"},\"query-input\":{\"@type\":\"PropertyValueSpecification\",\"valueRequired\":true,\"valueName\":\"search_term_string\"}}],\"inLanguage\":\"en-US\"},{\"@type\":\"Organization\",\"@id\":\"https:\\\/\\\/tajkertesz.com\\\/#organization\",\"name\":\"T\u00e1j-Kert\u00e9sz 84 Kft.\",\"url\":\"https:\\\/\\\/tajkertesz.com\\\/\",\"logo\":{\"@type\":\"ImageObject\",\"inLanguage\":\"en-US\",\"@id\":\"https:\\\/\\\/tajkertesz.com\\\/#\\\/schema\\\/logo\\\/image\\\/\",\"url\":\"https:\\\/\\\/tajkertesz.com\\\/wp-content\\\/uploads\\\/2018\\\/02\\\/logo-2-e1518678052539.png\",\"contentUrl\":\"https:\\\/\\\/tajkertesz.com\\\/wp-content\\\/uploads\\\/2018\\\/02\\\/logo-2-e1518678052539.png\",\"width\":81,\"height\":140,\"caption\":\"T\u00e1j-Kert\u00e9sz 84 Kft.\"},\"image\":{\"@id\":\"https:\\\/\\\/tajkertesz.com\\\/#\\\/schema\\\/logo\\\/image\\\/\"},\"sameAs\":[\"https:\\\/\\\/www.facebook.com\\\/Tajkertesz\\\/\"]}]}<\/script>\n<!-- \/ Yoast SEO plugin. -->","yoast_head_json":{"title":"Agrecol R\u00f3zsat\u00e1p 1,2 kg - T\u00e1jkert\u00e9sz","description":"Az Agrecol R\u00f3zsat\u00e1p magas t\u00e1panyagtartalma optim\u00e1lis d\u00fas \u00e9s hosszan tart\u00f3 vir\u00e1gz\u00e1st biztos\u00edt mindenfajta r\u00f3zsa sz\u00e1m\u00e1ra. Rendelje meg web\u00e1ruh\u00e1zunkb\u00f3l.","robots":{"index":"index","follow":"follow","max-snippet":"max-snippet:-1","max-image-preview":"max-image-preview:large","max-video-preview":"max-video-preview:-1"},"canonical":"https:\/\/tajkertesz.com\/en_US\/product\/agrecol-rozsatap\/","og_locale":"en_US","og_type":"article","og_title":"Agrecol R\u00f3zsat\u00e1p 1,2 kg - T\u00e1jkert\u00e9sz","og_description":"Az Agrecol R\u00f3zsat\u00e1p magas t\u00e1panyagtartalma optim\u00e1lis d\u00fas \u00e9s hosszan tart\u00f3 vir\u00e1gz\u00e1st biztos\u00edt mindenfajta r\u00f3zsa sz\u00e1m\u00e1ra. Rendelje meg web\u00e1ruh\u00e1zunkb\u00f3l.","og_url":"https:\/\/tajkertesz.com\/en_US\/product\/agrecol-rozsatap\/","og_site_name":"T\u00e1jkert\u00e9sz","article_publisher":"https:\/\/www.facebook.com\/Tajkertesz\/","article_modified_time":"2025-01-28T12:36:06+00:00","og_image":[{"width":370,"height":481,"url":"https:\/\/tajkertesz.com\/wp-content\/uploads\/2020\/04\/R\u00f3zsat\u00e1p.png","type":"image\/png"}],"twitter_card":"summary_large_image","twitter_misc":{"Est. reading time":"3 minutes"},"schema":{"@context":"https:\/\/schema.org","@graph":[{"@type":"WebPage","@id":"https:\/\/tajkertesz.com\/termek\/agrecol-rozsatap\/","url":"https:\/\/tajkertesz.com\/termek\/agrecol-rozsatap\/","name":"Agrecol R\u00f3zsat\u00e1p 1,2 kg - T\u00e1jkert\u00e9sz","isPartOf":{"@id":"https:\/\/tajkertesz.com\/#website"},"primaryImageOfPage":{"@id":"https:\/\/tajkertesz.com\/termek\/agrecol-rozsatap\/#primaryimage"},"image":{"@id":"https:\/\/tajkertesz.com\/termek\/agrecol-rozsatap\/#primaryimage"},"thumbnailUrl":"https:\/\/tajkertesz.com\/wp-content\/uploads\/2020\/04\/R\u00f3zsat\u00e1p.png","datePublished":"2020-04-27T12:41:04+00:00","dateModified":"2025-01-28T12:36:06+00:00","description":"Az Agrecol R\u00f3zsat\u00e1p magas t\u00e1panyagtartalma optim\u00e1lis d\u00fas \u00e9s hosszan tart\u00f3 vir\u00e1gz\u00e1st biztos\u00edt mindenfajta r\u00f3zsa sz\u00e1m\u00e1ra. Rendelje meg web\u00e1ruh\u00e1zunkb\u00f3l.","breadcrumb":{"@id":"https:\/\/tajkertesz.com\/termek\/agrecol-rozsatap\/#breadcrumb"},"inLanguage":"en-US","potentialAction":[{"@type":"ReadAction","target":["https:\/\/tajkertesz.com\/termek\/agrecol-rozsatap\/"]}]},{"@type":"ImageObject","inLanguage":"en-US","@id":"https:\/\/tajkertesz.com\/termek\/agrecol-rozsatap\/#primaryimage","url":"https:\/\/tajkertesz.com\/wp-content\/uploads\/2020\/04\/R\u00f3zsat\u00e1p.png","contentUrl":"https:\/\/tajkertesz.com\/wp-content\/uploads\/2020\/04\/R\u00f3zsat\u00e1p.png","width":370,"height":481,"caption":"Agrecol R\u00f3zsat\u00e1p 1,2 kg"},{"@type":"BreadcrumbList","@id":"https:\/\/tajkertesz.com\/termek\/agrecol-rozsatap\/#breadcrumb","itemListElement":[{"@type":"ListItem","position":1,"name":"Home","item":"https:\/\/tajkertesz.com\/"},{"@type":"ListItem","position":2,"name":"Kezd\u0151lap","item":"https:\/\/tajkertesz.com\/"},{"@type":"ListItem","position":3,"name":"Agrecol R\u00f3zsat\u00e1p 1,2 kg"}]},{"@type":"WebSite","@id":"https:\/\/tajkertesz.com\/#website","url":"https:\/\/tajkertesz.com\/","name":"T\u00e1j-Kert\u00e9sz 84 Kft.","description":"Kert\u00e9szeti kis- \u00e9s nagykeresked\u00e9s, D\u00edszn\u00f6v\u00e9ny web\u00e1ruh\u00e1z orsz\u00e1gos h\u00e1zhozsz\u00e1ll\u00edt\u00e1ssal!","publisher":{"@id":"https:\/\/tajkertesz.com\/#organization"},"potentialAction":[{"@type":"SearchAction","target":{"@type":"EntryPoint","urlTemplate":"https:\/\/tajkertesz.com\/?s={search_term_string}"},"query-input":{"@type":"PropertyValueSpecification","valueRequired":true,"valueName":"search_term_string"}}],"inLanguage":"en-US"},{"@type":"Organization","@id":"https:\/\/tajkertesz.com\/#organization","name":"T\u00e1j-Kert\u00e9sz 84 Kft.","url":"https:\/\/tajkertesz.com\/","logo":{"@type":"ImageObject","inLanguage":"en-US","@id":"https:\/\/tajkertesz.com\/#\/schema\/logo\/image\/","url":"https:\/\/tajkertesz.com\/wp-content\/uploads\/2018\/02\/logo-2-e1518678052539.png","contentUrl":"https:\/\/tajkertesz.com\/wp-content\/uploads\/2018\/02\/logo-2-e1518678052539.png","width":81,"height":140,"caption":"T\u00e1j-Kert\u00e9sz 84 Kft."},"image":{"@id":"https:\/\/tajkertesz.com\/#\/schema\/logo\/image\/"},"sameAs":["https:\/\/www.facebook.com\/Tajkertesz\/"]}]}},"_links":{"self":[{"href":"https:\/\/tajkertesz.com\/en_US\/wp-json\/wp\/v2\/product\/1803","targetHints":{"allow":["GET"]}}],"collection":[{"href":"https:\/\/tajkertesz.com\/en_US\/wp-json\/wp\/v2\/product"}],"about":[{"href":"https:\/\/tajkertesz.com\/en_US\/wp-json\/wp\/v2\/types\/product"}],"wp:featuredmedia":[{"embeddable":true,"href":"https:\/\/tajkertesz.com\/en_US\/wp-json\/wp\/v2\/media\/1729"}],"wp:attachment":[{"href":"https:\/\/tajkertesz.com\/en_US\/wp-json\/wp\/v2\/media?parent=1803"}],"wp:term":[{"taxonomy":"product_brand","embeddable":true,"href":"https:\/\/tajkertesz.com\/en_US\/wp-json\/wp\/v2\/product_brand?post=1803"},{"taxonomy":"product_cat","embeddable":true,"href":"https:\/\/tajkertesz.com\/en_US\/wp-json\/wp\/v2\/product_cat?post=1803"},{"taxonomy":"product_tag","embeddable":true,"href":"https:\/\/tajkertesz.com\/en_US\/wp-json\/wp\/v2\/product_tag?post=1803"}],"curies":[{"name":"wp","href":"https:\/\/api.w.org\/{rel}","templated":true}]}}