{"id":18058,"date":"2023-11-29T10:20:03","date_gmt":"2023-11-29T10:20:03","guid":{"rendered":"https:\/\/tajkertesz.com\/?post_type=product&#038;p=18058"},"modified":"2025-07-16T06:53:12","modified_gmt":"2025-07-16T06:53:12","slug":"taxus-baccata-overeynderii-oszlopos-tiszafa-fl-100-125","status":"publish","type":"product","link":"https:\/\/tajkertesz.com\/en_US\/product\/taxus-baccata-overeynderii-oszlopos-tiszafa-fl-100-125\/","title":{"rendered":"Taxus Baccata \u2018Overeynderii\u2019 &#8211; Oszlopos tiszafa"},"content":{"rendered":"<div id=\"attachment_13901\" style=\"width: 156px\" class=\"wp-caption alignleft\"><img loading=\"lazy\" decoding=\"async\" aria-describedby=\"caption-attachment-13901\" class=\"wp-image-13901\" src=\"https:\/\/tajkertesz.com\/wp-content\/uploads\/2022\/10\/20221022_144600-135x300.jpg\" alt=\"\" width=\"146\" height=\"325\" srcset=\"https:\/\/tajkertesz.com\/wp-content\/uploads\/2022\/10\/20221022_144600-135x300.jpg 135w, https:\/\/tajkertesz.com\/wp-content\/uploads\/2022\/10\/20221022_144600-462x1024.jpg 462w, https:\/\/tajkertesz.com\/wp-content\/uploads\/2022\/10\/20221022_144600-768x1704.jpg 768w, https:\/\/tajkertesz.com\/wp-content\/uploads\/2022\/10\/20221022_144600-692x1536.jpg 692w, https:\/\/tajkertesz.com\/wp-content\/uploads\/2022\/10\/20221022_144600-923x2048.jpg 923w, https:\/\/tajkertesz.com\/wp-content\/uploads\/2022\/10\/20221022_144600-5x12.jpg 5w, https:\/\/tajkertesz.com\/wp-content\/uploads\/2022\/10\/20221022_144600-600x1331.jpg 600w, https:\/\/tajkertesz.com\/wp-content\/uploads\/2022\/10\/20221022_144600-64x142.jpg 64w, https:\/\/tajkertesz.com\/wp-content\/uploads\/2022\/10\/20221022_144600-scaled.jpg 1154w\" sizes=\"(max-width: 146px) 100vw, 146px\" \/><p id=\"caption-attachment-13901\" class=\"wp-caption-text\">Taxus baccata &#8216;Overeynderii&#8217;<\/p><\/div>\n<h1>Taxus Baccata \u2018Overeynderii\u2019 &#8211; Oszlopos tiszafa<\/h1>\n<p data-start=\"594\" data-end=\"879\">A <strong data-start=\"596\" data-end=\"628\">Taxus Baccata \u2018Overeynderii\u2019<\/strong>, k\u00f6zismert nev\u00e9n <strong data-start=\"646\" data-end=\"666\">oszlopos tiszafa<\/strong>, egy k\u00fcl\u00f6nleges megjelen\u00e9s\u0171, lassan n\u00f6vekv\u0151 \u00f6r\u00f6kz\u00f6ld n\u00f6v\u00e9ny. Sz\u00e9p, s\u00f6t\u00e9tz\u00f6ld, f\u00e9nyes t\u0171levelei \u00e9s keskeny, oszlopos habitusa miatt kiv\u00e1l\u00f3an alkalmas s\u00f6v\u00e9nyk\u00e9nt, t\u00e9relv\u00e1laszt\u00f3k\u00e9nt vagy szoliterk\u00e9nt val\u00f3 \u00fcltet\u00e9sre.<\/p>\n<p data-start=\"881\" data-end=\"1075\">Ez a fajta kiv\u00e1l\u00f3an b\u00edrja a metsz\u00e9st, \u00edgy form\u00e1ra ny\u00edrva is sz\u00e9pen mutat. T\u0171ri a v\u00e1rosi k\u00f6rnyezetet, az \u00e1rny\u00e9kosabb fekv\u00e9st, \u00e9s rendk\u00edv\u00fcl t\u00e9l\u00e1ll\u00f3, ez\u00e9rt haz\u00e1nk kl\u00edm\u00e1j\u00e1n is megb\u00edzhat\u00f3an fejl\u0151dik.<\/p>\n<p data-start=\"1077\" data-end=\"1096\">\n<p data-start=\"1077\" data-end=\"1096\">\n<p data-start=\"1077\" data-end=\"1096\">\n<p data-start=\"1077\" data-end=\"1096\">\n<h2 data-start=\"1077\" data-end=\"1096\">Taxus Baccata \u2018Overeynderii\u2019 jellemz\u0151i<\/h2>\n<ul data-start=\"1097\" data-end=\"1362\">\n<li data-start=\"1097\" data-end=\"1123\">\n<p data-start=\"1099\" data-end=\"1123\">Magass\u00e1g: ak\u00e1r 3-5 m\u00e9ter<\/p>\n<\/li>\n<li data-start=\"1124\" data-end=\"1152\">\n<p data-start=\"1126\" data-end=\"1152\">N\u00f6veked\u00e9si forma: oszlopos<\/p>\n<\/li>\n<li data-start=\"1153\" data-end=\"1197\">\n<p data-start=\"1155\" data-end=\"1197\">F\u00e9nyig\u00e9ny: napos-f\u00e9l\u00e1rny\u00e9kos helyet kedvel<\/p>\n<\/li>\n<li data-start=\"1198\" data-end=\"1246\">\n<p data-start=\"1200\" data-end=\"1246\">Talajig\u00e9ny: j\u00f3 v\u00edz\u00e1tereszt\u0151, t\u00e1panyagd\u00fas talaj<\/p>\n<\/li>\n<\/ul>\n<p>&nbsp;<\/p>\n<p>Javasoljuk \u00fcltet\u00e9shez ide kattintva a\u00a0<span style=\"color: #ff0000;\"><a style=\"color: #ff0000;\" href=\"https:\/\/tajkertesz.com\/termek\/florimo-orokzold-viragfold-50-l\/\">Florimo \u00f6r\u00f6kz\u00f6ld n\u00f6v\u00e9ny f\u00f6ldet<\/a>!<\/span><\/p>\n<p>A n\u00f6v\u00e9ny m\u00e9rete: 100\/125 cm magas, f\u00f6ldlabd\u00e1s.<\/p>\n<h5><strong>\ud83d\udd04 K\u00e9szletinform\u00e1ci\u00f3<\/strong><\/h5>\n<p><strong>K\u00e9szlet\u00fcnk napi szinten v\u00e1ltozik, \u00edgy a webshopban szerepl<\/strong><strong>\u0151<\/strong><strong> term\u00e9kek el\u00e9rhet<\/strong><strong>\u0151<\/strong><strong>s\u00e9ge nem garant\u00e1lt.<br \/>\n\ud83d\udcde A megrendel\u00e9s el<\/strong><strong>\u0151<\/strong><strong>tt k\u00e9rj\u00fck, \u00e9rdekl<\/strong><strong>\u0151<\/strong><strong>dj\u00f6n szem\u00e9lyesen, telefonon vagy e-mailben!<\/strong><\/p>\n<h5><strong>\u27a1\ufe0f Kapcsolat:<\/strong><\/h5>\n<ul>\n<li><strong>Weboldal: <\/strong><a href=\"https:\/\/tajkertesz.com\"><strong>tajkertesz.com<\/strong><\/a><\/li>\n<li><strong>Facebook: <\/strong><a href=\"https:\/\/www.facebook.com\/tajkertesz\/\"><strong>facebook.com\/tajkertesz<\/strong><\/a><\/li>\n<li><strong>Telefonsz\u00e1m, e-mail: +36\/20-319-3770 <\/strong><a href=\"mailto:tajkerteszaruda@gmail.com\"><strong>tajkerteszaruda@gmail.com<\/strong><\/a><\/li>\n<\/ul>\n<h5><strong>\ud83d\ude9a Sz\u00e1ll\u00edt\u00e1si inform\u00e1ci\u00f3k<\/strong><\/h5>\n<p><strong>A megrendelt n\u00f6v\u00e9nyek kisz\u00e1ll\u00edt\u00e1sa az al\u00e1bbi felt\u00e9telek mellett t\u00f6rt\u00e9nik:<\/strong><\/p>\n<h5><strong>\ud83d\udce6 Fut\u00e1rszolg\u00e1latos sz\u00e1ll\u00edt\u00e1s<\/strong><\/h5>\n<ul>\n<li><strong>Maxim\u00e1lis m\u00e9ret: 200 cm (hossz\u00fas\u00e1g)<\/strong><\/li>\n<li><strong>Maxim\u00e1lis s\u00faly: 40 kg<\/strong><\/li>\n<li><strong>Az enn\u00e9l kisebb \u00e9s k\u00f6nnyebb csomagokat fut\u00e1rszolg\u00e1lattal k\u00e9zbes\u00edtj\u00fck a lehet<\/strong><strong>\u0151<\/strong><strong> legbiztons\u00e1gosabb csomagol\u00e1sban.<\/strong><\/li>\n<\/ul>\n<h5><strong>\ud83d\udefb Szem\u00e9lyes \u00e1tv\u00e9tel<\/strong><\/h5>\n<ul>\n<li><strong>1173 Budapest, Bakancsos utca 7. sz\u00e1m alatt nyitvatart\u00e1si id<\/strong><strong>\u0151<\/strong><strong>ben szem\u00e9lyesen \u00e1tvehet<\/strong><strong>\u0151<\/strong><strong> kert\u00e9szeti \u00e1rud\u00e1nkban.<\/strong><\/li>\n<li><strong>K\u00f6lts\u00e9ghat\u00e9kony megold\u00e1s nagyobb, t\u00f6r\u00e9kenyebb vagy t\u00falm\u00e9retes n\u00f6v\u00e9nyek eset\u00e9n.<\/strong><\/li>\n<\/ul>\n<h5><strong>\ud83d\udcde Nagy m\u00e9ret<\/strong><strong>\u0171<\/strong><strong> vagy s\u00faly\u00fa n\u00f6v\u00e9nyek eset\u00e9n<\/strong><\/h5>\n<p><strong>Ha a term\u00e9k:<\/strong><\/p>\n<ul>\n<li><strong>meghaladja a 200 cm hossz\u00fas\u00e1got vagy<\/strong><\/li>\n<li><strong>meghaladja a 40 kg s\u00falyt,<\/strong><\/li>\n<\/ul>\n<p><strong>akkor szem\u00e9lyes \u00e1tv\u00e9tellel vagy egyedi, el<\/strong><strong>\u0151<\/strong><strong>re egyeztetett sz\u00e1ll\u00edt\u00e1si felt\u00e9telek mellett t\u00f6rt\u00e9nik.<br \/>\nK\u00e9rj\u00fck, ilyen esetben rendel\u00e9s el<\/strong><strong>\u0151<\/strong><strong>tt vegye fel vel\u00fcnk a kapcsolatot, hogy a lehet<\/strong><strong>\u0151<\/strong><strong> legmegfelel<\/strong><strong>\u0151<\/strong><strong>bb sz\u00e1ll\u00edt\u00e1si megold\u00e1st k\u00edn\u00e1lhassuk.<\/strong><\/p>\n<p><strong>\ud83d\udd14 Fontos: A n\u00f6v\u00e9nyeket minden esetben igyeksz\u00fcnk gondosan, egyes\u00e9vel csomagolni, azonban a sz\u00e1ll\u00edt\u00e1s sor\u00e1n kisebb eszt\u00e9tikai s\u00e9r\u00fcl\u00e9sek el<\/strong><strong>\u0151<\/strong><strong>fordulhatnak (pl. lev\u00e9lhull\u00e1s). Ez nem min<\/strong><strong>\u0151<\/strong><strong>s\u00fcl hib\u00e1s teljes\u00edt\u00e9snek.<\/strong><\/p>\n<h5><strong>\ud83d\udcf7 Fontos tudni a k\u00e9pekr<\/strong><strong>\u0151<\/strong><strong>l<\/strong><\/h5>\n<p><strong>A webshopban szerepl<\/strong><strong>\u0151<\/strong><strong> k\u00e9pek illusztr\u00e1ci\u00f3k, a n\u00f6v\u00e9nyek term\u00e9szet\u00fckn\u00e9l fogva egyediek, \u00edgy m\u00e9retben, alakban \u00e9s sz\u00ednben minim\u00e1lis elt\u00e9r\u00e9sek el<\/strong><strong>\u0151<\/strong><strong>fordulhatnak a k\u00e9pen l\u00e1that\u00f3 \u00e9s a val\u00f3s p\u00e9ld\u00e1nyok k\u00f6z\u00f6tt.<\/strong><\/p>\n<h5><strong>\ud83e\uddfe \u00c1rak \u00e9s el\u00e1ll\u00e1si jog<\/strong><\/h5>\n<ul>\n<li><strong>Az \u00e1rak egy darab\u00a0n\u00f6v\u00e9nyre vonatkoznak.<\/strong><\/li>\n<li><strong>\u00c9l<\/strong><strong>\u0151<\/strong><strong> n\u00f6v\u00e9nyek rendel\u00e9se eset\u00e9n a 14 napos el\u00e1ll\u00e1s joga nem \u00e9rv\u00e9nyes\u00edthet<\/strong><strong>\u0151<\/strong><strong>, mivel azok romland\u00f3, biol\u00f3giailag \u00e9l<\/strong><strong>\u0151<\/strong><strong> term\u00e9keknek min<\/strong><strong>\u0151<\/strong><strong>s\u00fclnek.<br \/>\n\ud83d\udd12 (17\/1999. (II. 5.) Korm. rendelet 5. \u00a7 c) pontja alapj\u00e1n)<\/strong><\/li>\n<\/ul>\n<h5><strong>\ud83d\udce6 K\u00e9zbes\u00edt\u00e9s ut\u00e1ni teend<\/strong><strong>\u0151<\/strong><strong>k<\/strong><\/h5>\n<p><strong>A k\u00e9zbes\u00edt\u00e9st k\u00f6vet<\/strong><strong>\u0151<\/strong><strong>en a csomagot azonnal bontsuk ki, \u00e9s a n\u00f6v\u00e9nyt helyezz\u00fck el megfelel<\/strong><strong>\u0151<\/strong><strong> k\u00f6rnyezetben.<br \/>\nFontos: ha a n\u00f6v\u00e9ny nem r\u00e9szes\u00fcl megfelel<\/strong><strong>\u0151<\/strong><strong> gondoz\u00e1sban \u00e9s ennek k\u00f6vetkezt\u00e9ben k\u00e1rosodik vagy elpusztul, felel<\/strong><strong>\u0151<\/strong><strong>ss\u00e9get nem tudunk v\u00e1llalni.<\/strong><\/p>\n<p><strong>\u00a0<\/strong><\/p>\n<p><strong>\u00a0<\/strong><\/p>\n<p><strong>\u00a0<\/strong><\/p>","protected":false},"excerpt":{"rendered":"<p>T\u00e9l\u00e1ll\u00f3, \u00f6r\u00f6kz\u00f6ld oszlopos tiszafa k\u00fcl\u00f6nleges megjelen\u00e9ssel. Ide\u00e1lis s\u00f6v\u00e9nynek vagy szoliter n\u00f6v\u00e9nyk\u00e9nt is, lass\u00fa n\u00f6veked\u00e9s\u0171 \u00e9s j\u00f3l form\u00e1zhat\u00f3.<\/p>\n<p>A n\u00f6v\u00e9ny m\u00e9rete: 100\/125 cm magas, f\u00f6ldlabd\u00e1s.<\/p>","protected":false},"featured_media":13901,"template":"","meta":{"_et_pb_use_builder":"","_et_pb_old_content":"","_et_gb_content_width":""},"product_brand":[],"product_cat":[26],"product_tag":[4486,4485,130,4412,1548],"class_list":{"0":"post-18058","1":"product","2":"type-product","3":"status-publish","4":"has-post-thumbnail","6":"product_cat-orokzold-novenyek","7":"product_tag-overeynderii","8":"product_tag-baccata","9":"product_tag-oszlopos","10":"product_tag-taxus","11":"product_tag-tiszafa","13":"first","14":"outofstock","15":"shipping-taxable","16":"product-type-simple"},"yoast_head":"<!-- This site is optimized with the Yoast SEO plugin v27.3 - https:\/\/yoast.com\/product\/yoast-seo-wordpress\/ -->\n<title>Taxus Baccata \u2018Overeynderii\u2019 - Oszlopos tiszafa - T\u00e1jkert\u00e9sz<\/title>\n<meta name=\"description\" content=\"Az oszlopos tiszafa \u00e1gai mereven elfel\u00e9 t\u00f6rnek, 3-5 m magasra n\u00f6v\u0151 sz\u00e9les \u00f6r\u00f6kz\u00f6ld n\u00f6v\u00e9ny. T\u0171levelei s\u00f6t\u00e9tz\u00f6ldek. Szoliternek \u00e9s s\u00f6v\u00e9nynek alkalmas.\" \/>\n<meta name=\"robots\" content=\"index, follow, max-snippet:-1, max-image-preview:large, max-video-preview:-1\" \/>\n<link rel=\"canonical\" href=\"https:\/\/tajkertesz.com\/en_US\/product\/taxus-baccata-overeynderii-oszlopos-tiszafa-fl-100-125\/\" \/>\n<meta property=\"og:locale\" content=\"en_US\" \/>\n<meta property=\"og:type\" content=\"article\" \/>\n<meta property=\"og:title\" content=\"Taxus Baccata \u2018Overeynderii\u2019 - Oszlopos tiszafa - T\u00e1jkert\u00e9sz\" \/>\n<meta property=\"og:description\" content=\"Az oszlopos tiszafa \u00e1gai mereven elfel\u00e9 t\u00f6rnek, 3-5 m magasra n\u00f6v\u0151 sz\u00e9les \u00f6r\u00f6kz\u00f6ld n\u00f6v\u00e9ny. T\u0171levelei s\u00f6t\u00e9tz\u00f6ldek. Szoliternek \u00e9s s\u00f6v\u00e9nynek alkalmas.\" \/>\n<meta property=\"og:url\" content=\"https:\/\/tajkertesz.com\/en_US\/product\/taxus-baccata-overeynderii-oszlopos-tiszafa-fl-100-125\/\" \/>\n<meta property=\"og:site_name\" content=\"T\u00e1jkert\u00e9sz\" \/>\n<meta property=\"article:publisher\" content=\"https:\/\/www.facebook.com\/Tajkertesz\/\" \/>\n<meta property=\"article:modified_time\" content=\"2025-07-16T06:53:12+00:00\" \/>\n<meta property=\"og:image\" content=\"https:\/\/tajkertesz.com\/wp-content\/uploads\/2022\/10\/20221022_144600-scaled.jpg\" \/>\n\t<meta property=\"og:image:width\" content=\"1154\" \/>\n\t<meta property=\"og:image:height\" content=\"2560\" \/>\n\t<meta property=\"og:image:type\" content=\"image\/jpeg\" \/>\n<meta name=\"twitter:card\" content=\"summary_large_image\" \/>\n<meta name=\"twitter:label1\" content=\"Est. reading time\" \/>\n\t<meta name=\"twitter:data1\" content=\"3 minutes\" \/>\n<script type=\"application\/ld+json\" class=\"yoast-schema-graph\">{\"@context\":\"https:\\\/\\\/schema.org\",\"@graph\":[{\"@type\":\"WebPage\",\"@id\":\"https:\\\/\\\/tajkertesz.com\\\/termek\\\/taxus-baccata-overeynderii-oszlopos-tiszafa-fl-100-125\\\/\",\"url\":\"https:\\\/\\\/tajkertesz.com\\\/termek\\\/taxus-baccata-overeynderii-oszlopos-tiszafa-fl-100-125\\\/\",\"name\":\"Taxus Baccata \u2018Overeynderii\u2019 - Oszlopos tiszafa - T\u00e1jkert\u00e9sz\",\"isPartOf\":{\"@id\":\"https:\\\/\\\/tajkertesz.com\\\/#website\"},\"primaryImageOfPage\":{\"@id\":\"https:\\\/\\\/tajkertesz.com\\\/termek\\\/taxus-baccata-overeynderii-oszlopos-tiszafa-fl-100-125\\\/#primaryimage\"},\"image\":{\"@id\":\"https:\\\/\\\/tajkertesz.com\\\/termek\\\/taxus-baccata-overeynderii-oszlopos-tiszafa-fl-100-125\\\/#primaryimage\"},\"thumbnailUrl\":\"https:\\\/\\\/tajkertesz.com\\\/wp-content\\\/uploads\\\/2022\\\/10\\\/20221022_144600-scaled.jpg\",\"datePublished\":\"2023-11-29T10:20:03+00:00\",\"dateModified\":\"2025-07-16T06:53:12+00:00\",\"description\":\"Az oszlopos tiszafa \u00e1gai mereven elfel\u00e9 t\u00f6rnek, 3-5 m magasra n\u00f6v\u0151 sz\u00e9les \u00f6r\u00f6kz\u00f6ld n\u00f6v\u00e9ny. T\u0171levelei s\u00f6t\u00e9tz\u00f6ldek. Szoliternek \u00e9s s\u00f6v\u00e9nynek alkalmas.\",\"breadcrumb\":{\"@id\":\"https:\\\/\\\/tajkertesz.com\\\/termek\\\/taxus-baccata-overeynderii-oszlopos-tiszafa-fl-100-125\\\/#breadcrumb\"},\"inLanguage\":\"en-US\",\"potentialAction\":[{\"@type\":\"ReadAction\",\"target\":[\"https:\\\/\\\/tajkertesz.com\\\/termek\\\/taxus-baccata-overeynderii-oszlopos-tiszafa-fl-100-125\\\/\"]}]},{\"@type\":\"ImageObject\",\"inLanguage\":\"en-US\",\"@id\":\"https:\\\/\\\/tajkertesz.com\\\/termek\\\/taxus-baccata-overeynderii-oszlopos-tiszafa-fl-100-125\\\/#primaryimage\",\"url\":\"https:\\\/\\\/tajkertesz.com\\\/wp-content\\\/uploads\\\/2022\\\/10\\\/20221022_144600-scaled.jpg\",\"contentUrl\":\"https:\\\/\\\/tajkertesz.com\\\/wp-content\\\/uploads\\\/2022\\\/10\\\/20221022_144600-scaled.jpg\",\"width\":1154,\"height\":2560,\"caption\":\"Taxus baccata \u2018Overeynderii\u2019 - Oszlopos tiszafa\"},{\"@type\":\"BreadcrumbList\",\"@id\":\"https:\\\/\\\/tajkertesz.com\\\/termek\\\/taxus-baccata-overeynderii-oszlopos-tiszafa-fl-100-125\\\/#breadcrumb\",\"itemListElement\":[{\"@type\":\"ListItem\",\"position\":1,\"name\":\"Home\",\"item\":\"https:\\\/\\\/tajkertesz.com\\\/\"},{\"@type\":\"ListItem\",\"position\":2,\"name\":\"Kezd\u0151lap\",\"item\":\"https:\\\/\\\/tajkertesz.com\\\/\"},{\"@type\":\"ListItem\",\"position\":3,\"name\":\"Taxus Baccata \u2018Overeynderii\u2019 &#8211; Oszlopos tiszafa\"}]},{\"@type\":\"WebSite\",\"@id\":\"https:\\\/\\\/tajkertesz.com\\\/#website\",\"url\":\"https:\\\/\\\/tajkertesz.com\\\/\",\"name\":\"T\u00e1j-Kert\u00e9sz 84 Kft.\",\"description\":\"Kert\u00e9szeti kis- \u00e9s nagykeresked\u00e9s, D\u00edszn\u00f6v\u00e9ny web\u00e1ruh\u00e1z orsz\u00e1gos h\u00e1zhozsz\u00e1ll\u00edt\u00e1ssal!\",\"publisher\":{\"@id\":\"https:\\\/\\\/tajkertesz.com\\\/#organization\"},\"potentialAction\":[{\"@type\":\"SearchAction\",\"target\":{\"@type\":\"EntryPoint\",\"urlTemplate\":\"https:\\\/\\\/tajkertesz.com\\\/?s={search_term_string}\"},\"query-input\":{\"@type\":\"PropertyValueSpecification\",\"valueRequired\":true,\"valueName\":\"search_term_string\"}}],\"inLanguage\":\"en-US\"},{\"@type\":\"Organization\",\"@id\":\"https:\\\/\\\/tajkertesz.com\\\/#organization\",\"name\":\"T\u00e1j-Kert\u00e9sz 84 Kft.\",\"url\":\"https:\\\/\\\/tajkertesz.com\\\/\",\"logo\":{\"@type\":\"ImageObject\",\"inLanguage\":\"en-US\",\"@id\":\"https:\\\/\\\/tajkertesz.com\\\/#\\\/schema\\\/logo\\\/image\\\/\",\"url\":\"https:\\\/\\\/tajkertesz.com\\\/wp-content\\\/uploads\\\/2018\\\/02\\\/logo-2-e1518678052539.png\",\"contentUrl\":\"https:\\\/\\\/tajkertesz.com\\\/wp-content\\\/uploads\\\/2018\\\/02\\\/logo-2-e1518678052539.png\",\"width\":81,\"height\":140,\"caption\":\"T\u00e1j-Kert\u00e9sz 84 Kft.\"},\"image\":{\"@id\":\"https:\\\/\\\/tajkertesz.com\\\/#\\\/schema\\\/logo\\\/image\\\/\"},\"sameAs\":[\"https:\\\/\\\/www.facebook.com\\\/Tajkertesz\\\/\"]}]}<\/script>\n<!-- \/ Yoast SEO plugin. -->","yoast_head_json":{"title":"Taxus Baccata \u2018Overeynderii\u2019 - Oszlopos tiszafa - T\u00e1jkert\u00e9sz","description":"Az oszlopos tiszafa \u00e1gai mereven elfel\u00e9 t\u00f6rnek, 3-5 m magasra n\u00f6v\u0151 sz\u00e9les \u00f6r\u00f6kz\u00f6ld n\u00f6v\u00e9ny. T\u0171levelei s\u00f6t\u00e9tz\u00f6ldek. Szoliternek \u00e9s s\u00f6v\u00e9nynek alkalmas.","robots":{"index":"index","follow":"follow","max-snippet":"max-snippet:-1","max-image-preview":"max-image-preview:large","max-video-preview":"max-video-preview:-1"},"canonical":"https:\/\/tajkertesz.com\/en_US\/product\/taxus-baccata-overeynderii-oszlopos-tiszafa-fl-100-125\/","og_locale":"en_US","og_type":"article","og_title":"Taxus Baccata \u2018Overeynderii\u2019 - Oszlopos tiszafa - T\u00e1jkert\u00e9sz","og_description":"Az oszlopos tiszafa \u00e1gai mereven elfel\u00e9 t\u00f6rnek, 3-5 m magasra n\u00f6v\u0151 sz\u00e9les \u00f6r\u00f6kz\u00f6ld n\u00f6v\u00e9ny. T\u0171levelei s\u00f6t\u00e9tz\u00f6ldek. Szoliternek \u00e9s s\u00f6v\u00e9nynek alkalmas.","og_url":"https:\/\/tajkertesz.com\/en_US\/product\/taxus-baccata-overeynderii-oszlopos-tiszafa-fl-100-125\/","og_site_name":"T\u00e1jkert\u00e9sz","article_publisher":"https:\/\/www.facebook.com\/Tajkertesz\/","article_modified_time":"2025-07-16T06:53:12+00:00","og_image":[{"width":1154,"height":2560,"url":"https:\/\/tajkertesz.com\/wp-content\/uploads\/2022\/10\/20221022_144600-scaled.jpg","type":"image\/jpeg"}],"twitter_card":"summary_large_image","twitter_misc":{"Est. reading time":"3 minutes"},"schema":{"@context":"https:\/\/schema.org","@graph":[{"@type":"WebPage","@id":"https:\/\/tajkertesz.com\/termek\/taxus-baccata-overeynderii-oszlopos-tiszafa-fl-100-125\/","url":"https:\/\/tajkertesz.com\/termek\/taxus-baccata-overeynderii-oszlopos-tiszafa-fl-100-125\/","name":"Taxus Baccata \u2018Overeynderii\u2019 - Oszlopos tiszafa - T\u00e1jkert\u00e9sz","isPartOf":{"@id":"https:\/\/tajkertesz.com\/#website"},"primaryImageOfPage":{"@id":"https:\/\/tajkertesz.com\/termek\/taxus-baccata-overeynderii-oszlopos-tiszafa-fl-100-125\/#primaryimage"},"image":{"@id":"https:\/\/tajkertesz.com\/termek\/taxus-baccata-overeynderii-oszlopos-tiszafa-fl-100-125\/#primaryimage"},"thumbnailUrl":"https:\/\/tajkertesz.com\/wp-content\/uploads\/2022\/10\/20221022_144600-scaled.jpg","datePublished":"2023-11-29T10:20:03+00:00","dateModified":"2025-07-16T06:53:12+00:00","description":"Az oszlopos tiszafa \u00e1gai mereven elfel\u00e9 t\u00f6rnek, 3-5 m magasra n\u00f6v\u0151 sz\u00e9les \u00f6r\u00f6kz\u00f6ld n\u00f6v\u00e9ny. T\u0171levelei s\u00f6t\u00e9tz\u00f6ldek. Szoliternek \u00e9s s\u00f6v\u00e9nynek alkalmas.","breadcrumb":{"@id":"https:\/\/tajkertesz.com\/termek\/taxus-baccata-overeynderii-oszlopos-tiszafa-fl-100-125\/#breadcrumb"},"inLanguage":"en-US","potentialAction":[{"@type":"ReadAction","target":["https:\/\/tajkertesz.com\/termek\/taxus-baccata-overeynderii-oszlopos-tiszafa-fl-100-125\/"]}]},{"@type":"ImageObject","inLanguage":"en-US","@id":"https:\/\/tajkertesz.com\/termek\/taxus-baccata-overeynderii-oszlopos-tiszafa-fl-100-125\/#primaryimage","url":"https:\/\/tajkertesz.com\/wp-content\/uploads\/2022\/10\/20221022_144600-scaled.jpg","contentUrl":"https:\/\/tajkertesz.com\/wp-content\/uploads\/2022\/10\/20221022_144600-scaled.jpg","width":1154,"height":2560,"caption":"Taxus baccata \u2018Overeynderii\u2019 - Oszlopos tiszafa"},{"@type":"BreadcrumbList","@id":"https:\/\/tajkertesz.com\/termek\/taxus-baccata-overeynderii-oszlopos-tiszafa-fl-100-125\/#breadcrumb","itemListElement":[{"@type":"ListItem","position":1,"name":"Home","item":"https:\/\/tajkertesz.com\/"},{"@type":"ListItem","position":2,"name":"Kezd\u0151lap","item":"https:\/\/tajkertesz.com\/"},{"@type":"ListItem","position":3,"name":"Taxus Baccata \u2018Overeynderii\u2019 &#8211; Oszlopos tiszafa"}]},{"@type":"WebSite","@id":"https:\/\/tajkertesz.com\/#website","url":"https:\/\/tajkertesz.com\/","name":"T\u00e1j-Kert\u00e9sz 84 Kft.","description":"Kert\u00e9szeti kis- \u00e9s nagykeresked\u00e9s, D\u00edszn\u00f6v\u00e9ny web\u00e1ruh\u00e1z orsz\u00e1gos h\u00e1zhozsz\u00e1ll\u00edt\u00e1ssal!","publisher":{"@id":"https:\/\/tajkertesz.com\/#organization"},"potentialAction":[{"@type":"SearchAction","target":{"@type":"EntryPoint","urlTemplate":"https:\/\/tajkertesz.com\/?s={search_term_string}"},"query-input":{"@type":"PropertyValueSpecification","valueRequired":true,"valueName":"search_term_string"}}],"inLanguage":"en-US"},{"@type":"Organization","@id":"https:\/\/tajkertesz.com\/#organization","name":"T\u00e1j-Kert\u00e9sz 84 Kft.","url":"https:\/\/tajkertesz.com\/","logo":{"@type":"ImageObject","inLanguage":"en-US","@id":"https:\/\/tajkertesz.com\/#\/schema\/logo\/image\/","url":"https:\/\/tajkertesz.com\/wp-content\/uploads\/2018\/02\/logo-2-e1518678052539.png","contentUrl":"https:\/\/tajkertesz.com\/wp-content\/uploads\/2018\/02\/logo-2-e1518678052539.png","width":81,"height":140,"caption":"T\u00e1j-Kert\u00e9sz 84 Kft."},"image":{"@id":"https:\/\/tajkertesz.com\/#\/schema\/logo\/image\/"},"sameAs":["https:\/\/www.facebook.com\/Tajkertesz\/"]}]}},"_links":{"self":[{"href":"https:\/\/tajkertesz.com\/en_US\/wp-json\/wp\/v2\/product\/18058","targetHints":{"allow":["GET"]}}],"collection":[{"href":"https:\/\/tajkertesz.com\/en_US\/wp-json\/wp\/v2\/product"}],"about":[{"href":"https:\/\/tajkertesz.com\/en_US\/wp-json\/wp\/v2\/types\/product"}],"wp:featuredmedia":[{"embeddable":true,"href":"https:\/\/tajkertesz.com\/en_US\/wp-json\/wp\/v2\/media\/13901"}],"wp:attachment":[{"href":"https:\/\/tajkertesz.com\/en_US\/wp-json\/wp\/v2\/media?parent=18058"}],"wp:term":[{"taxonomy":"product_brand","embeddable":true,"href":"https:\/\/tajkertesz.com\/en_US\/wp-json\/wp\/v2\/product_brand?post=18058"},{"taxonomy":"product_cat","embeddable":true,"href":"https:\/\/tajkertesz.com\/en_US\/wp-json\/wp\/v2\/product_cat?post=18058"},{"taxonomy":"product_tag","embeddable":true,"href":"https:\/\/tajkertesz.com\/en_US\/wp-json\/wp\/v2\/product_tag?post=18058"}],"curies":[{"name":"wp","href":"https:\/\/api.w.org\/{rel}","templated":true}]}}