{"id":18070,"date":"2023-12-01T14:09:56","date_gmt":"2023-12-01T14:09:56","guid":{"rendered":"https:\/\/tajkertesz.com\/?post_type=product&#038;p=18070"},"modified":"2025-10-29T08:19:18","modified_gmt":"2025-10-29T08:19:18","slug":"fraxinus-ornus-viragos-koris","status":"publish","type":"product","link":"https:\/\/tajkertesz.com\/en_US\/product\/fraxinus-ornus-viragos-koris\/","title":{"rendered":"Fraxinus ornus \/ vir\u00e1gos k\u0151ris"},"content":{"rendered":"<h2>Fraxinus ornus \/ vir\u00e1gos k\u0151ris<\/h2>\n<p>A Fraxinus ornus \/ vir\u00e1gos k\u0151ris\u00f3 10-12 m\u00e9teres magass\u00e1gig n\u0151, sz\u00e9les koron\u00e1t nevel\u0151 lombhullat\u00f3 d\u00edszfa. Eg\u00e9sz \u00e9vbe mutat\u00f3s d\u00edszfa, \u00e1prilis-m\u00e1jus h\u00f3napban hozza illatos, kr\u00e9m-feh\u00e9r termetes bugavir\u00e1gzatait&#8230;<\/p>\n<p>A vir\u00e1gos k\u0151ris \u00e1ltal\u00e1ban 6\u20138 m\u00e9ter magasra n\u0151 meg, a legnagyobb p\u00e9ld\u00e1nyok is legfeljebb 20 m\u00e9teresek, t\u00f6rzse szab\u00e1lytalan alak\u00fa.<\/p>\n<p>Lombozata laza, szab\u00e1lytalan, az \u00e1gak sugarasan sz\u00e9t\u00e1gaznak,\u00a0barn\u00e1sz\u00f6ld, z\u00f6ldeszsz\u00fcrke vagy hamusz\u00fcrke hajt\u00e1sokat finom paraszem\u00f6lcs\u00f6k pontozz\u00e1k.<\/p>\n<p><span style=\"text-decoration: underline;\"><strong>Levelei<\/strong><\/span> :\u00a015\u201320 centim\u00e9ter hossz\u00faak, 5\u201311 (t\u00f6bbnyire 7) lev\u00e9lk\u00e9b\u0151l \u00f6sszetettek, b\u0151rszer\u0171ek, a sz\u00e9l\u00fck szab\u00e1lytalanul f\u0171r\u00e9szelt, cs\u00facsuk hegyes. A lev\u00e9llemez a sz\u00edn\u00e9n k\u00f6z\u00e9pz\u00f6ld, a fon\u00e1k\u00e1n vil\u00e1gosabb, \u00e9s ott a f\u0151\u00e9r ment\u00e9n rozsd\u00e1s vagy feh\u00e9res sz\u0151r\u00f6k n\u0151nek. \u0150szi lombja a s\u00e1rg\u00e1t\u00f3l a lil\u00e1ig sokf\u00e9le sz\u00edn\u00e1rnyalatban pomp\u00e1zik.<\/p>\n<p><span style=\"text-decoration: underline;\"><strong>Vir\u00e1gzata:<\/strong> <\/span>S\u00e1rg\u00e1sfeh\u00e9r, d\u00fas bugavir\u00e1gzata az \u00faj hajt\u00e1sok v\u00e9g\u00e9n, laza, h\u00f3feh\u00e9r, pamacsszer\u0171 tollbokr\u00e9t\u00e1ban ny\u00edlik, majd hamar lehullik. Vir\u00e1gai a lombfakad\u00e1s ut\u00e1n, \u00e1prilis\u2013j\u00faniusban ny\u00edlnak. Rovarok porozz\u00e1k be. Term\u00e9se okt\u00f3berben \u00e9rik be.<\/p>\n<p><span style=\"text-decoration: underline;\"><strong>Term\u00e9se:<\/strong><\/span> 2-3 centim\u00e9ter hossz\u00fa, lecs\u00fcng\u0151, l\u00e1ndzsa alak\u00fa sz\u00e1rnyas lepend\u00e9k, kiss\u00e9 lekerek\u00edtett cs\u00faccsal, be\u00e9rve s\u00e1rg\u00e1s-barn\u00e1s sz\u00edn\u0171.<\/p>\n<p><span style=\"text-decoration: underline;\"><strong>Ig\u00e9nye:<\/strong> <\/span>Legink\u00e1bb a dolomitos, illetve\u00a0m\u00e9szk\u00f6ves ter\u00fcleteket kedveli, k\u00f6zepesen t\u00e1panyagig\u00e9nyes. Hegyvid\u00e9ki, fagy\u00e1ll\u00f3 \u00e9s az asz\u00e1lyt is j\u00f3l t\u0171r\u0151 fa, fiatalon \u00e1rny\u00e9kt\u0171r\u0151, k\u00e9s\u0151bb f\u00e9nyig\u00e9nyes.<\/p>\n<p><strong><span style=\"text-decoration: underline;\">Felhaszn\u00e1l\u00e1sa:<\/span>\u00a0<\/strong>Adotts\u00e1gai miatt f\u0151k\u00e9nt szoliterk\u00e9nt \u00e9rdemes \u00fcltetni, \u00edgy \u00e9rv\u00e9nyes\u00fclhet legink\u00e1bb sz\u00e9ps\u00e9ge.<\/p>\n<p><span style=\"text-decoration: underline;\"><strong>\u00c9rdekess\u00e9g:<\/strong> <\/span>K\u00e9rg\u00e9b\u0151l n\u00e9ha \u00e9des nedv, \u201emanna\u201d folyik, ez\u00e9rt szokt\u00e1k mannak\u0151risnek is nevezni, ezt a jelens\u00e9get a mannakab\u00f3ca <i>(Cicada orni) sz\u00far\u00e1sa okozza. A\u00a0gy\u0171jt\u00f6tt mann\u00e1t k\u00f6h\u00f6g\u00e9s ellen \u00e9s enyhe\u00a0hashajt\u00f3nak\u00a0(pl.\u00a0arany\u00e9r, v\u00e9gb\u00e9lreped\u00e9s kezel\u00e9s\u00e9re) haszn\u00e1lj\u00e1k. A mannitot\u00a0cukorbetegs\u00e9g\u00a0eset\u00e9n cukorhelyettes\u00edt\u0151 szerk\u00e9nt is alkalmazz\u00e1k.<\/i><\/p>\n<p>&nbsp;<\/p>\n<p>Jelen term\u00e9k\u00fcnk 18 literes kont\u00e9nerben kaphat\u00f3 \u00e9s 2m m\u00e9ter magass\u00e1g\u00fa. T\u00f6rzsk\u00f6rm\u00e9rete 6\/8<\/p>\n<p><strong>K\u00e9szlet\u00fcnk napi szinten v\u00e1ltozik, ez\u00e9rt k\u00e9rj\u00fck, \u00e9rdekl\u0151dj\u00f6n szem\u00e9lyesen, telefonon vagy email-en.<br \/>\nA v\u00e1ltoztat\u00e1s jog\u00e1t fenntartjuk!\u00a0<\/strong><\/p>\n<p>&nbsp;<\/p>\n<p><a href=\"https:\/\/tajkertesz.com\/\">https:\/\/tajkertesz.com\/<\/a><\/p>\n<p><a href=\"https:\/\/www.facebook.com\/tajkertesz\/\">https:\/\/www.facebook.com\/tajkertesz\/<\/a><\/p>\n<p>Kisz\u00e1ll\u00edt\u00e1s: 200cm-ig \u00a0\u00e9s 40 kg-ig a sz\u00e1ll\u00edt\u00e1s fut\u00e1rszolg\u00e1lattal \u00a0t\u00f6rt\u00e9nik.<\/p>\n<p>Szem\u00e9lyes \u00e1tv\u00e9tel nyitvatart\u00e1si id\u0151ben a 17. ker\u00fclet Bakancsos utca 7. sz\u00e1m alatti Kert\u00e9szeti \u00e1rud\u00e1ban.<\/p>\n<p>&nbsp;<\/p>\n<p>&nbsp;<\/p>\n<p>&nbsp;<\/p>","protected":false},"excerpt":{"rendered":"<h2>Fraxinus ornus \/ vir\u00e1gos k\u0151ris<\/h2>\n<p>10-12 m\u00e9teres magass\u00e1gig n\u0151,sz\u00e9les koron\u00e1t nevel\u0151 lombhullat\u00f3 d\u00edszfa. \u00e1prilis-m\u00e1jus h\u00f3napban hozza illatos, kr\u00e9m-feh\u00e9r termetes bugavir\u00e1gzatait&#8230;<\/p>\n<p>El\u00e9rhet\u0151 t\u00f6bbf\u00e9le m\u00e9retben \u00e9s \u00e1rban.<\/p>\n<p><span style=\"text-decoration: underline;\"><strong>Kiszerel\u00e9se:<\/strong> <\/span>kont\u00e9neres d\u00edszfa K.10L. 6\/8-as t\u00f6rszm\u00e9ret<\/p>\n<p>&nbsp;<\/p>\n<p><strong>K\u00e9szlet\u00fcnk napi szinten v\u00e1ltozik, ez\u00e9rt k\u00e9rj\u00fck, \u00e9rdekl\u0151dj\u00f6n szem\u00e9lyesen, telefonon vagy email-en.<br \/>\nA v\u00e1ltoztat\u00e1s jog\u00e1t fenntartjuk!\u00a0<\/strong><\/p>\n<p>&nbsp;<\/p>\n<p><a href=\"https:\/\/tajkertesz.com\/\">https:\/\/tajkertesz.com\/<\/a><\/p>\n<p><a href=\"https:\/\/www.facebook.com\/tajkertesz\/\">https:\/\/www.facebook.com\/tajkertesz\/<\/a><\/p>\n<p>Kisz\u00e1ll\u00edt\u00e1s: 200cm-ig \u00a0\u00e9s 40 kg-ig a sz\u00e1ll\u00edt\u00e1s fut\u00e1rszolg\u00e1lattal \u00a0t\u00f6rt\u00e9nik.<\/p>\n<p>Szem\u00e9lyes \u00e1tv\u00e9tel nyitvatart\u00e1si id\u0151ben a 17. ker\u00fclet Bakancsos utca 7. sz\u00e1m alatti Kert\u00e9szeti \u00e1rud\u00e1ban.<\/p>","protected":false},"featured_media":18072,"template":"","meta":{"_et_pb_use_builder":"","_et_pb_old_content":"","_et_gb_content_width":""},"product_brand":[],"product_cat":[28],"product_tag":[33,4489,92,4487],"class_list":{"0":"post-18070","1":"product","2":"type-product","3":"status-publish","4":"has-post-thumbnail","6":"product_cat-diszfak","7":"product_tag-diszfa","8":"product_tag-fraxinus-ornus","9":"product_tag-koris","10":"product_tag-lombos-fa","12":"first","13":"instock","14":"shipping-taxable","15":"purchasable","16":"product-type-simple"},"yoast_head":"<!-- This site is optimized with the Yoast SEO plugin v27.3 - https:\/\/yoast.com\/product\/yoast-seo-wordpress\/ -->\n<title>Fraxinus ornus \/ vir\u00e1gos k\u0151ris - T\u00e1jkert\u00e9sz<\/title>\n<meta name=\"description\" content=\"Fraxinus ornus \/ vir\u00e1gos k\u0151ris. Eg\u00e9sz \u00e9vbe mutat\u00f3s d\u00edszfa, \u00e1prilis-m\u00e1jus h\u00f3napban hozza illatos, kr\u00e9m-feh\u00e9r termetes bugavir\u00e1gzatait...\" \/>\n<meta name=\"robots\" content=\"index, follow, max-snippet:-1, max-image-preview:large, max-video-preview:-1\" \/>\n<link rel=\"canonical\" href=\"https:\/\/tajkertesz.com\/en_US\/product\/fraxinus-ornus-viragos-koris\/\" \/>\n<meta property=\"og:locale\" content=\"en_US\" \/>\n<meta property=\"og:type\" content=\"article\" \/>\n<meta property=\"og:title\" content=\"Fraxinus ornus \/ vir\u00e1gos k\u0151ris - T\u00e1jkert\u00e9sz\" \/>\n<meta property=\"og:description\" content=\"Fraxinus ornus \/ vir\u00e1gos k\u0151ris. Eg\u00e9sz \u00e9vbe mutat\u00f3s d\u00edszfa, \u00e1prilis-m\u00e1jus h\u00f3napban hozza illatos, kr\u00e9m-feh\u00e9r termetes bugavir\u00e1gzatait...\" \/>\n<meta property=\"og:url\" content=\"https:\/\/tajkertesz.com\/en_US\/product\/fraxinus-ornus-viragos-koris\/\" \/>\n<meta property=\"og:site_name\" content=\"T\u00e1jkert\u00e9sz\" \/>\n<meta property=\"article:publisher\" content=\"https:\/\/www.facebook.com\/Tajkertesz\/\" \/>\n<meta property=\"article:modified_time\" content=\"2025-10-29T08:19:18+00:00\" \/>\n<meta property=\"og:image\" content=\"https:\/\/tajkertesz.com\/wp-content\/uploads\/2023\/12\/fraxinusornus1_1400x.jpg\" \/>\n\t<meta property=\"og:image:width\" content=\"718\" \/>\n\t<meta property=\"og:image:height\" content=\"673\" \/>\n\t<meta property=\"og:image:type\" content=\"image\/jpeg\" \/>\n<meta name=\"twitter:card\" content=\"summary_large_image\" \/>\n<meta name=\"twitter:label1\" content=\"Est. reading time\" \/>\n\t<meta name=\"twitter:data1\" content=\"2 minutes\" \/>\n<script type=\"application\/ld+json\" class=\"yoast-schema-graph\">{\"@context\":\"https:\\\/\\\/schema.org\",\"@graph\":[{\"@type\":\"WebPage\",\"@id\":\"https:\\\/\\\/tajkertesz.com\\\/termek\\\/fraxinus-ornus-viragos-koris\\\/\",\"url\":\"https:\\\/\\\/tajkertesz.com\\\/termek\\\/fraxinus-ornus-viragos-koris\\\/\",\"name\":\"Fraxinus ornus \\\/ vir\u00e1gos k\u0151ris - T\u00e1jkert\u00e9sz\",\"isPartOf\":{\"@id\":\"https:\\\/\\\/tajkertesz.com\\\/#website\"},\"primaryImageOfPage\":{\"@id\":\"https:\\\/\\\/tajkertesz.com\\\/termek\\\/fraxinus-ornus-viragos-koris\\\/#primaryimage\"},\"image\":{\"@id\":\"https:\\\/\\\/tajkertesz.com\\\/termek\\\/fraxinus-ornus-viragos-koris\\\/#primaryimage\"},\"thumbnailUrl\":\"https:\\\/\\\/tajkertesz.com\\\/wp-content\\\/uploads\\\/2023\\\/12\\\/fraxinusornus1_1400x.jpg\",\"datePublished\":\"2023-12-01T14:09:56+00:00\",\"dateModified\":\"2025-10-29T08:19:18+00:00\",\"description\":\"Fraxinus ornus \\\/ vir\u00e1gos k\u0151ris. Eg\u00e9sz \u00e9vbe mutat\u00f3s d\u00edszfa, \u00e1prilis-m\u00e1jus h\u00f3napban hozza illatos, kr\u00e9m-feh\u00e9r termetes bugavir\u00e1gzatait...\",\"breadcrumb\":{\"@id\":\"https:\\\/\\\/tajkertesz.com\\\/termek\\\/fraxinus-ornus-viragos-koris\\\/#breadcrumb\"},\"inLanguage\":\"en-US\",\"potentialAction\":[{\"@type\":\"ReadAction\",\"target\":[\"https:\\\/\\\/tajkertesz.com\\\/termek\\\/fraxinus-ornus-viragos-koris\\\/\"]}]},{\"@type\":\"ImageObject\",\"inLanguage\":\"en-US\",\"@id\":\"https:\\\/\\\/tajkertesz.com\\\/termek\\\/fraxinus-ornus-viragos-koris\\\/#primaryimage\",\"url\":\"https:\\\/\\\/tajkertesz.com\\\/wp-content\\\/uploads\\\/2023\\\/12\\\/fraxinusornus1_1400x.jpg\",\"contentUrl\":\"https:\\\/\\\/tajkertesz.com\\\/wp-content\\\/uploads\\\/2023\\\/12\\\/fraxinusornus1_1400x.jpg\",\"width\":718,\"height\":673},{\"@type\":\"BreadcrumbList\",\"@id\":\"https:\\\/\\\/tajkertesz.com\\\/termek\\\/fraxinus-ornus-viragos-koris\\\/#breadcrumb\",\"itemListElement\":[{\"@type\":\"ListItem\",\"position\":1,\"name\":\"Home\",\"item\":\"https:\\\/\\\/tajkertesz.com\\\/\"},{\"@type\":\"ListItem\",\"position\":2,\"name\":\"Kezd\u0151lap\",\"item\":\"https:\\\/\\\/tajkertesz.com\\\/\"},{\"@type\":\"ListItem\",\"position\":3,\"name\":\"Fraxinus ornus \\\/ vir\u00e1gos k\u0151ris\"}]},{\"@type\":\"WebSite\",\"@id\":\"https:\\\/\\\/tajkertesz.com\\\/#website\",\"url\":\"https:\\\/\\\/tajkertesz.com\\\/\",\"name\":\"T\u00e1j-Kert\u00e9sz 84 Kft.\",\"description\":\"Kert\u00e9szeti kis- \u00e9s nagykeresked\u00e9s, D\u00edszn\u00f6v\u00e9ny web\u00e1ruh\u00e1z orsz\u00e1gos h\u00e1zhozsz\u00e1ll\u00edt\u00e1ssal!\",\"publisher\":{\"@id\":\"https:\\\/\\\/tajkertesz.com\\\/#organization\"},\"potentialAction\":[{\"@type\":\"SearchAction\",\"target\":{\"@type\":\"EntryPoint\",\"urlTemplate\":\"https:\\\/\\\/tajkertesz.com\\\/?s={search_term_string}\"},\"query-input\":{\"@type\":\"PropertyValueSpecification\",\"valueRequired\":true,\"valueName\":\"search_term_string\"}}],\"inLanguage\":\"en-US\"},{\"@type\":\"Organization\",\"@id\":\"https:\\\/\\\/tajkertesz.com\\\/#organization\",\"name\":\"T\u00e1j-Kert\u00e9sz 84 Kft.\",\"url\":\"https:\\\/\\\/tajkertesz.com\\\/\",\"logo\":{\"@type\":\"ImageObject\",\"inLanguage\":\"en-US\",\"@id\":\"https:\\\/\\\/tajkertesz.com\\\/#\\\/schema\\\/logo\\\/image\\\/\",\"url\":\"https:\\\/\\\/tajkertesz.com\\\/wp-content\\\/uploads\\\/2018\\\/02\\\/logo-2-e1518678052539.png\",\"contentUrl\":\"https:\\\/\\\/tajkertesz.com\\\/wp-content\\\/uploads\\\/2018\\\/02\\\/logo-2-e1518678052539.png\",\"width\":81,\"height\":140,\"caption\":\"T\u00e1j-Kert\u00e9sz 84 Kft.\"},\"image\":{\"@id\":\"https:\\\/\\\/tajkertesz.com\\\/#\\\/schema\\\/logo\\\/image\\\/\"},\"sameAs\":[\"https:\\\/\\\/www.facebook.com\\\/Tajkertesz\\\/\"]}]}<\/script>\n<!-- \/ Yoast SEO plugin. -->","yoast_head_json":{"title":"Fraxinus ornus \/ vir\u00e1gos k\u0151ris - T\u00e1jkert\u00e9sz","description":"Fraxinus ornus \/ vir\u00e1gos k\u0151ris. Eg\u00e9sz \u00e9vbe mutat\u00f3s d\u00edszfa, \u00e1prilis-m\u00e1jus h\u00f3napban hozza illatos, kr\u00e9m-feh\u00e9r termetes bugavir\u00e1gzatait...","robots":{"index":"index","follow":"follow","max-snippet":"max-snippet:-1","max-image-preview":"max-image-preview:large","max-video-preview":"max-video-preview:-1"},"canonical":"https:\/\/tajkertesz.com\/en_US\/product\/fraxinus-ornus-viragos-koris\/","og_locale":"en_US","og_type":"article","og_title":"Fraxinus ornus \/ vir\u00e1gos k\u0151ris - T\u00e1jkert\u00e9sz","og_description":"Fraxinus ornus \/ vir\u00e1gos k\u0151ris. Eg\u00e9sz \u00e9vbe mutat\u00f3s d\u00edszfa, \u00e1prilis-m\u00e1jus h\u00f3napban hozza illatos, kr\u00e9m-feh\u00e9r termetes bugavir\u00e1gzatait...","og_url":"https:\/\/tajkertesz.com\/en_US\/product\/fraxinus-ornus-viragos-koris\/","og_site_name":"T\u00e1jkert\u00e9sz","article_publisher":"https:\/\/www.facebook.com\/Tajkertesz\/","article_modified_time":"2025-10-29T08:19:18+00:00","og_image":[{"width":718,"height":673,"url":"https:\/\/tajkertesz.com\/wp-content\/uploads\/2023\/12\/fraxinusornus1_1400x.jpg","type":"image\/jpeg"}],"twitter_card":"summary_large_image","twitter_misc":{"Est. reading time":"2 minutes"},"schema":{"@context":"https:\/\/schema.org","@graph":[{"@type":"WebPage","@id":"https:\/\/tajkertesz.com\/termek\/fraxinus-ornus-viragos-koris\/","url":"https:\/\/tajkertesz.com\/termek\/fraxinus-ornus-viragos-koris\/","name":"Fraxinus ornus \/ vir\u00e1gos k\u0151ris - T\u00e1jkert\u00e9sz","isPartOf":{"@id":"https:\/\/tajkertesz.com\/#website"},"primaryImageOfPage":{"@id":"https:\/\/tajkertesz.com\/termek\/fraxinus-ornus-viragos-koris\/#primaryimage"},"image":{"@id":"https:\/\/tajkertesz.com\/termek\/fraxinus-ornus-viragos-koris\/#primaryimage"},"thumbnailUrl":"https:\/\/tajkertesz.com\/wp-content\/uploads\/2023\/12\/fraxinusornus1_1400x.jpg","datePublished":"2023-12-01T14:09:56+00:00","dateModified":"2025-10-29T08:19:18+00:00","description":"Fraxinus ornus \/ vir\u00e1gos k\u0151ris. Eg\u00e9sz \u00e9vbe mutat\u00f3s d\u00edszfa, \u00e1prilis-m\u00e1jus h\u00f3napban hozza illatos, kr\u00e9m-feh\u00e9r termetes bugavir\u00e1gzatait...","breadcrumb":{"@id":"https:\/\/tajkertesz.com\/termek\/fraxinus-ornus-viragos-koris\/#breadcrumb"},"inLanguage":"en-US","potentialAction":[{"@type":"ReadAction","target":["https:\/\/tajkertesz.com\/termek\/fraxinus-ornus-viragos-koris\/"]}]},{"@type":"ImageObject","inLanguage":"en-US","@id":"https:\/\/tajkertesz.com\/termek\/fraxinus-ornus-viragos-koris\/#primaryimage","url":"https:\/\/tajkertesz.com\/wp-content\/uploads\/2023\/12\/fraxinusornus1_1400x.jpg","contentUrl":"https:\/\/tajkertesz.com\/wp-content\/uploads\/2023\/12\/fraxinusornus1_1400x.jpg","width":718,"height":673},{"@type":"BreadcrumbList","@id":"https:\/\/tajkertesz.com\/termek\/fraxinus-ornus-viragos-koris\/#breadcrumb","itemListElement":[{"@type":"ListItem","position":1,"name":"Home","item":"https:\/\/tajkertesz.com\/"},{"@type":"ListItem","position":2,"name":"Kezd\u0151lap","item":"https:\/\/tajkertesz.com\/"},{"@type":"ListItem","position":3,"name":"Fraxinus ornus \/ vir\u00e1gos k\u0151ris"}]},{"@type":"WebSite","@id":"https:\/\/tajkertesz.com\/#website","url":"https:\/\/tajkertesz.com\/","name":"T\u00e1j-Kert\u00e9sz 84 Kft.","description":"Kert\u00e9szeti kis- \u00e9s nagykeresked\u00e9s, D\u00edszn\u00f6v\u00e9ny web\u00e1ruh\u00e1z orsz\u00e1gos h\u00e1zhozsz\u00e1ll\u00edt\u00e1ssal!","publisher":{"@id":"https:\/\/tajkertesz.com\/#organization"},"potentialAction":[{"@type":"SearchAction","target":{"@type":"EntryPoint","urlTemplate":"https:\/\/tajkertesz.com\/?s={search_term_string}"},"query-input":{"@type":"PropertyValueSpecification","valueRequired":true,"valueName":"search_term_string"}}],"inLanguage":"en-US"},{"@type":"Organization","@id":"https:\/\/tajkertesz.com\/#organization","name":"T\u00e1j-Kert\u00e9sz 84 Kft.","url":"https:\/\/tajkertesz.com\/","logo":{"@type":"ImageObject","inLanguage":"en-US","@id":"https:\/\/tajkertesz.com\/#\/schema\/logo\/image\/","url":"https:\/\/tajkertesz.com\/wp-content\/uploads\/2018\/02\/logo-2-e1518678052539.png","contentUrl":"https:\/\/tajkertesz.com\/wp-content\/uploads\/2018\/02\/logo-2-e1518678052539.png","width":81,"height":140,"caption":"T\u00e1j-Kert\u00e9sz 84 Kft."},"image":{"@id":"https:\/\/tajkertesz.com\/#\/schema\/logo\/image\/"},"sameAs":["https:\/\/www.facebook.com\/Tajkertesz\/"]}]}},"_links":{"self":[{"href":"https:\/\/tajkertesz.com\/en_US\/wp-json\/wp\/v2\/product\/18070","targetHints":{"allow":["GET"]}}],"collection":[{"href":"https:\/\/tajkertesz.com\/en_US\/wp-json\/wp\/v2\/product"}],"about":[{"href":"https:\/\/tajkertesz.com\/en_US\/wp-json\/wp\/v2\/types\/product"}],"wp:featuredmedia":[{"embeddable":true,"href":"https:\/\/tajkertesz.com\/en_US\/wp-json\/wp\/v2\/media\/18072"}],"wp:attachment":[{"href":"https:\/\/tajkertesz.com\/en_US\/wp-json\/wp\/v2\/media?parent=18070"}],"wp:term":[{"taxonomy":"product_brand","embeddable":true,"href":"https:\/\/tajkertesz.com\/en_US\/wp-json\/wp\/v2\/product_brand?post=18070"},{"taxonomy":"product_cat","embeddable":true,"href":"https:\/\/tajkertesz.com\/en_US\/wp-json\/wp\/v2\/product_cat?post=18070"},{"taxonomy":"product_tag","embeddable":true,"href":"https:\/\/tajkertesz.com\/en_US\/wp-json\/wp\/v2\/product_tag?post=18070"}],"curies":[{"name":"wp","href":"https:\/\/api.w.org\/{rel}","templated":true}]}}