{"id":18080,"date":"2023-12-01T15:17:16","date_gmt":"2023-12-01T15:17:16","guid":{"rendered":"https:\/\/tajkertesz.com\/?post_type=product&#038;p=18080"},"modified":"2025-09-12T11:43:05","modified_gmt":"2025-09-12T11:43:05","slug":"pyrus-communis-beach-hill-oszlopos-diszkorte","status":"publish","type":"product","link":"https:\/\/tajkertesz.com\/en_US\/product\/pyrus-communis-beach-hill-oszlopos-diszkorte\/","title":{"rendered":"Pyrus communis &#8216;Beach Hill&#8217; \/Oszlopos d\u00edszk\u00f6rte"},"content":{"rendered":"<h2>Pyrus communis &#8216;Beach Hill&#8217; \/Oszlopos d\u00edszk\u00f6rte<\/h2>\n<p>&nbsp;<\/p>\n<p>Eg\u00e9sz \u00e9vben \u00fcltethet\u0151 kont\u00e9neres d\u00edszfa a Pyrus communis &#8216;Beach Hill&#8217; \/Oszlopos d\u00edszk\u00f6rte<\/p>\n<p>Lombhullat\u00f3, karcs\u00fa, k\u00fap alak\u00fa fa, az egyik legcsod\u00e1latosabb alak\u00fa oszlopos k\u00f6rte. Magass\u00e1ga el\u00e9ri a 10 m-t. Ov\u00e1lis, f\u00e9nyes, s\u00f6t\u00e9tz\u00f6ld levelei \u0151sszel gyakran narancssz\u00edn\u0171re \u00e9s v\u00f6r\u00f6sre sz\u00ednez\u0151dnek. Amint a levelek a tavasz m\u00e1sodik fel\u00e9ben kihajtanak, megjelennek feh\u00e9r vir\u00e1gai is. term\u00e9se apr\u00f3, de ehet\u0151.<\/p>\n<p>Levelei b\u0151rszer\u0171ek, s\u00f6t\u00e9tz\u00f6ldek, \u0151sszel v\u00f6r\u00f6sek. K\u00f6rte-term\u00e9se kis m\u00e9ret\u0171, csoportosan \u00e1ll\u00f3, fak\u00f3 arany- illetve s\u00e1rg\u00e1sbarna sz\u00edn\u0171<\/p>\n<p>K\u00f6z\u00e9pk\u00f6t\u00f6tt meszes talajt kedvel. Gy\u00f6k\u00e9rzete a k\u00f6rt\u00e9kre jellemz\u0151en kar\u00f3szer\u0171, \u00edgy a sz\u00e1razabb, nehezebb talajokon is meg\u00e9l.<\/p>\n<p>F\u00e9nyig\u00e9ny: f\u00e9ny \u00e9s melegkedvel\u0151 d\u00edszk\u00f6rte fajta<br \/>\nAj\u00e1nlott term\u0151hely: \u00e1tlagos kerti talajba javasoljuk \u00fcltet\u00e9s\u00e9t<br \/>\n\u00dcltet\u00e9si t\u00e1vols\u00e1g: 5-7 m<br \/>\nEllen\u00e1ll\u00f3k\u00e9pess\u00e9g: eg\u00e9szs\u00e9ges fajta<br \/>\n\u00c1pol\u00e1si munk\u00e1i: gondoz\u00e1s mentes<\/p>\n<p>Kisebb kertek f\u00e1s\u00edt\u00e1s\u00e1ra alkalmas, korl\u00e1tozott keresztmetszet\u0171 utc\u00e1kban vagy z\u00f6lds\u00e1vokban fasorok kialak\u00edt\u00e1s\u00e1ra is megfelel\u0151.<\/p>\n<p>Egyenes t\u00f6rzs\u0171, 8-10 m magasra n\u00f6v\u0151 fa, szab\u00e1lyos felfel\u00e9 t\u00f6r\u0151 \u00e1gakkal, feh\u00e9r vir\u00e1gokkal. Term\u00e9se kism\u00e9ret\u0171 k\u00f6rte. Napos helyet, j\u00f3 v\u00edz\u00e1tereszt\u00e9s\u0171 talajt kedvel. V\u00e1rosok f\u00e1s\u00edt\u00e1s\u00e1ra, \u00e9s sorf\u00e1nak is alkalmas.<\/p>\n<h6><span style=\"color: #ffffff;\">Egyenes t\u00f6rzs\u0171, 8-10 m magasra n\u00f6v\u0151 fa, szab\u00e1lyos felfel\u00e9 t\u00f6r\u0151 \u00e1gakkal, feh\u00e9r vir\u00e1gokkal. Term\u00e9se kism\u00e9ret\u0171 k\u00f6rte. Napos helyet, j\u00f3 v\u00edz\u00e1tereszt\u00e9s\u0171 talajt kedvel. V\u00e1rosok f\u00e1s\u00edt\u00e1s\u00e1ra, \u00e9s sorf\u00e1nak is alkalmas.<\/span><\/h6>\n<p>Jelen term\u00e9k\u00fcnk 20 literes kont\u00e9nerben kaphat\u00f3 \u00e9s kb 2 magass\u00e1g\u00fa. T\u00f6rzsk\u00f6rm\u00e9rete 4\/6.<\/p>\n<p><strong>K\u00e9szlet\u00fcnk napi szinten v\u00e1ltozik, ez\u00e9rt k\u00e9rj\u00fck, \u00e9rdekl\u0151dj\u00f6n szem\u00e9lyesen, telefonon vagy email-en.<br \/>\nA v\u00e1ltoztat\u00e1s jog\u00e1t fenntartjuk!\u00a0<\/strong><\/p>\n<p>&nbsp;<\/p>\n<p><a href=\"https:\/\/tajkertesz.com\/\">https:\/\/tajkertesz.com\/<\/a><\/p>\n<p><a href=\"https:\/\/www.facebook.com\/tajkertesz\/\">https:\/\/www.facebook.com\/tajkertesz\/<\/a><\/p>\n<p>Kisz\u00e1ll\u00edt\u00e1s: 200cm-ig \u00a0\u00e9s 40 kg-ig a sz\u00e1ll\u00edt\u00e1s fut\u00e1rszolg\u00e1lattal \u00a0t\u00f6rt\u00e9nik.<\/p>\n<p>Szem\u00e9lyes \u00e1tv\u00e9tel nyitvatart\u00e1si id\u0151ben a 17. ker\u00fclet Bakancsos utca 7. sz\u00e1m alatti Kert\u00e9szeti \u00e1rud\u00e1ban.<\/p>","protected":false},"excerpt":{"rendered":"<h2>Pyrus communis &#8216;Beach Hill&#8217; \/Oszlopos d\u00edszk\u00f6rte<\/h2>\n<p>&nbsp;<\/p>\n<p>Lombhullat\u00f3, karcs\u00fa, k\u00fap alak\u00fa fa, az egyik legcsod\u00e1latosabb alak\u00fa oszlopos k\u00f6rte&#8230;.<\/p>\n<p>Kont\u00e9neres d\u00edszn\u00f6v\u00e9ny K20L<\/p>\n<p>T\u00f6rzsm\u00e9rete: 4\/6cm<\/p>\n<p>El\u00e9rhet\u0151 t\u00f6bbf\u00e9le m\u00e9retben \u00e9s \u00e1rban.<\/p>\n<p><strong>K\u00e9szlet\u00fcnk napi szinten v\u00e1ltozik, ez\u00e9rt k\u00e9rj\u00fck, \u00e9rdekl\u0151dj\u00f6n szem\u00e9lyesen, telefonon vagy email-en.<br \/>\nA v\u00e1ltoztat\u00e1s jog\u00e1t fenntartjuk!\u00a0<\/strong><\/p>\n<p>&nbsp;<\/p>\n<p><a href=\"https:\/\/tajkertesz.com\/\">https:\/\/tajkertesz.com\/<\/a><\/p>\n<p><a href=\"https:\/\/www.facebook.com\/tajkertesz\/\">https:\/\/www.facebook.com\/tajkertesz\/<\/a><\/p>\n<p>Kisz\u00e1ll\u00edt\u00e1s: 200cm-ig \u00a0\u00e9s 40 kg-ig a sz\u00e1ll\u00edt\u00e1s fut\u00e1rszolg\u00e1lattal \u00a0t\u00f6rt\u00e9nik.<\/p>\n<p>Szem\u00e9lyes \u00e1tv\u00e9tel nyitvatart\u00e1si id\u0151ben a 17. ker\u00fclet Bakancsos utca 7. sz\u00e1m alatti Kert\u00e9szeti \u00e1rud\u00e1ban.<\/p>","protected":false},"featured_media":18081,"template":"","meta":{"_et_pb_use_builder":"","_et_pb_old_content":"","_et_gb_content_width":""},"product_brand":[],"product_cat":[28],"product_tag":[33,4492,21,4493,4487],"class_list":{"0":"post-18080","1":"product","2":"type-product","3":"status-publish","4":"has-post-thumbnail","6":"product_cat-diszfak","7":"product_tag-diszfa","8":"product_tag-diszkorte","9":"product_tag-fa","10":"product_tag-korte","11":"product_tag-lombos-fa","13":"first","14":"instock","15":"shipping-taxable","16":"purchasable","17":"product-type-simple"},"yoast_head":"<!-- This site is optimized with the Yoast SEO plugin v27.4 - https:\/\/yoast.com\/product\/yoast-seo-wordpress\/ -->\n<title>Pyrus communis &#039;Beach Hill&#039; \/Oszlopos d\u00edszk\u00f6rte - T\u00e1jkert\u00e9sz<\/title>\n<meta name=\"description\" content=\"Pyrus communis &#039;Beach Hill&#039; \/Oszlopos d\u00edszk\u00f6rte. Lombhullat\u00f3, karcs\u00fa, k\u00fap alak\u00fa fa, az egyik legcsod\u00e1latosabb alak\u00fa oszlopos k\u00f6rte.\" \/>\n<meta name=\"robots\" content=\"index, follow, max-snippet:-1, max-image-preview:large, max-video-preview:-1\" \/>\n<link rel=\"canonical\" href=\"https:\/\/tajkertesz.com\/en_US\/product\/pyrus-communis-beach-hill-oszlopos-diszkorte\/\" \/>\n<meta property=\"og:locale\" content=\"en_US\" \/>\n<meta property=\"og:type\" content=\"article\" \/>\n<meta property=\"og:title\" content=\"Pyrus communis &#039;Beach Hill&#039; \/Oszlopos d\u00edszk\u00f6rte - T\u00e1jkert\u00e9sz\" \/>\n<meta property=\"og:description\" content=\"Pyrus communis &#039;Beach Hill&#039; \/Oszlopos d\u00edszk\u00f6rte. Lombhullat\u00f3, karcs\u00fa, k\u00fap alak\u00fa fa, az egyik legcsod\u00e1latosabb alak\u00fa oszlopos k\u00f6rte.\" \/>\n<meta property=\"og:url\" content=\"https:\/\/tajkertesz.com\/en_US\/product\/pyrus-communis-beach-hill-oszlopos-diszkorte\/\" \/>\n<meta property=\"og:site_name\" content=\"T\u00e1jkert\u00e9sz\" \/>\n<meta property=\"article:publisher\" content=\"https:\/\/www.facebook.com\/Tajkertesz\/\" \/>\n<meta property=\"article:modified_time\" content=\"2025-09-12T11:43:05+00:00\" \/>\n<meta property=\"og:image\" content=\"https:\/\/tajkertesz.com\/wp-content\/uploads\/2023\/12\/Pyrus-calleryana-Chanticlier-mass-2.jpg\" \/>\n\t<meta property=\"og:image:width\" content=\"1114\" \/>\n\t<meta property=\"og:image:height\" content=\"1064\" \/>\n\t<meta property=\"og:image:type\" content=\"image\/jpeg\" \/>\n<meta name=\"twitter:card\" content=\"summary_large_image\" \/>\n<meta name=\"twitter:label1\" content=\"Est. reading time\" \/>\n\t<meta name=\"twitter:data1\" content=\"2 minutes\" \/>\n<script type=\"application\/ld+json\" class=\"yoast-schema-graph\">{\"@context\":\"https:\\\/\\\/schema.org\",\"@graph\":[{\"@type\":\"WebPage\",\"@id\":\"https:\\\/\\\/tajkertesz.com\\\/termek\\\/pyrus-communis-beach-hill-oszlopos-diszkorte\\\/\",\"url\":\"https:\\\/\\\/tajkertesz.com\\\/termek\\\/pyrus-communis-beach-hill-oszlopos-diszkorte\\\/\",\"name\":\"Pyrus communis 'Beach Hill' \\\/Oszlopos d\u00edszk\u00f6rte - T\u00e1jkert\u00e9sz\",\"isPartOf\":{\"@id\":\"https:\\\/\\\/tajkertesz.com\\\/#website\"},\"primaryImageOfPage\":{\"@id\":\"https:\\\/\\\/tajkertesz.com\\\/termek\\\/pyrus-communis-beach-hill-oszlopos-diszkorte\\\/#primaryimage\"},\"image\":{\"@id\":\"https:\\\/\\\/tajkertesz.com\\\/termek\\\/pyrus-communis-beach-hill-oszlopos-diszkorte\\\/#primaryimage\"},\"thumbnailUrl\":\"https:\\\/\\\/tajkertesz.com\\\/wp-content\\\/uploads\\\/2023\\\/12\\\/Pyrus-calleryana-Chanticlier-mass-2.jpg\",\"datePublished\":\"2023-12-01T15:17:16+00:00\",\"dateModified\":\"2025-09-12T11:43:05+00:00\",\"description\":\"Pyrus communis 'Beach Hill' \\\/Oszlopos d\u00edszk\u00f6rte. Lombhullat\u00f3, karcs\u00fa, k\u00fap alak\u00fa fa, az egyik legcsod\u00e1latosabb alak\u00fa oszlopos k\u00f6rte.\",\"breadcrumb\":{\"@id\":\"https:\\\/\\\/tajkertesz.com\\\/termek\\\/pyrus-communis-beach-hill-oszlopos-diszkorte\\\/#breadcrumb\"},\"inLanguage\":\"en-US\",\"potentialAction\":[{\"@type\":\"ReadAction\",\"target\":[\"https:\\\/\\\/tajkertesz.com\\\/termek\\\/pyrus-communis-beach-hill-oszlopos-diszkorte\\\/\"]}]},{\"@type\":\"ImageObject\",\"inLanguage\":\"en-US\",\"@id\":\"https:\\\/\\\/tajkertesz.com\\\/termek\\\/pyrus-communis-beach-hill-oszlopos-diszkorte\\\/#primaryimage\",\"url\":\"https:\\\/\\\/tajkertesz.com\\\/wp-content\\\/uploads\\\/2023\\\/12\\\/Pyrus-calleryana-Chanticlier-mass-2.jpg\",\"contentUrl\":\"https:\\\/\\\/tajkertesz.com\\\/wp-content\\\/uploads\\\/2023\\\/12\\\/Pyrus-calleryana-Chanticlier-mass-2.jpg\",\"width\":1114,\"height\":1064},{\"@type\":\"BreadcrumbList\",\"@id\":\"https:\\\/\\\/tajkertesz.com\\\/termek\\\/pyrus-communis-beach-hill-oszlopos-diszkorte\\\/#breadcrumb\",\"itemListElement\":[{\"@type\":\"ListItem\",\"position\":1,\"name\":\"Home\",\"item\":\"https:\\\/\\\/tajkertesz.com\\\/\"},{\"@type\":\"ListItem\",\"position\":2,\"name\":\"Kezd\u0151lap\",\"item\":\"https:\\\/\\\/tajkertesz.com\\\/\"},{\"@type\":\"ListItem\",\"position\":3,\"name\":\"Pyrus communis &#8216;Beach Hill&#8217; \\\/Oszlopos d\u00edszk\u00f6rte\"}]},{\"@type\":\"WebSite\",\"@id\":\"https:\\\/\\\/tajkertesz.com\\\/#website\",\"url\":\"https:\\\/\\\/tajkertesz.com\\\/\",\"name\":\"T\u00e1j-Kert\u00e9sz 84 Kft.\",\"description\":\"Kert\u00e9szeti kis- \u00e9s nagykeresked\u00e9s, D\u00edszn\u00f6v\u00e9ny web\u00e1ruh\u00e1z orsz\u00e1gos h\u00e1zhozsz\u00e1ll\u00edt\u00e1ssal!\",\"publisher\":{\"@id\":\"https:\\\/\\\/tajkertesz.com\\\/#organization\"},\"potentialAction\":[{\"@type\":\"SearchAction\",\"target\":{\"@type\":\"EntryPoint\",\"urlTemplate\":\"https:\\\/\\\/tajkertesz.com\\\/?s={search_term_string}\"},\"query-input\":{\"@type\":\"PropertyValueSpecification\",\"valueRequired\":true,\"valueName\":\"search_term_string\"}}],\"inLanguage\":\"en-US\"},{\"@type\":\"Organization\",\"@id\":\"https:\\\/\\\/tajkertesz.com\\\/#organization\",\"name\":\"T\u00e1j-Kert\u00e9sz 84 Kft.\",\"url\":\"https:\\\/\\\/tajkertesz.com\\\/\",\"logo\":{\"@type\":\"ImageObject\",\"inLanguage\":\"en-US\",\"@id\":\"https:\\\/\\\/tajkertesz.com\\\/#\\\/schema\\\/logo\\\/image\\\/\",\"url\":\"https:\\\/\\\/tajkertesz.com\\\/wp-content\\\/uploads\\\/2018\\\/02\\\/logo-2-e1518678052539.png\",\"contentUrl\":\"https:\\\/\\\/tajkertesz.com\\\/wp-content\\\/uploads\\\/2018\\\/02\\\/logo-2-e1518678052539.png\",\"width\":81,\"height\":140,\"caption\":\"T\u00e1j-Kert\u00e9sz 84 Kft.\"},\"image\":{\"@id\":\"https:\\\/\\\/tajkertesz.com\\\/#\\\/schema\\\/logo\\\/image\\\/\"},\"sameAs\":[\"https:\\\/\\\/www.facebook.com\\\/Tajkertesz\\\/\"]}]}<\/script>\n<!-- \/ Yoast SEO plugin. -->","yoast_head_json":{"title":"Pyrus communis 'Beach Hill' \/Oszlopos d\u00edszk\u00f6rte - T\u00e1jkert\u00e9sz","description":"Pyrus communis 'Beach Hill' \/Oszlopos d\u00edszk\u00f6rte. Lombhullat\u00f3, karcs\u00fa, k\u00fap alak\u00fa fa, az egyik legcsod\u00e1latosabb alak\u00fa oszlopos k\u00f6rte.","robots":{"index":"index","follow":"follow","max-snippet":"max-snippet:-1","max-image-preview":"max-image-preview:large","max-video-preview":"max-video-preview:-1"},"canonical":"https:\/\/tajkertesz.com\/en_US\/product\/pyrus-communis-beach-hill-oszlopos-diszkorte\/","og_locale":"en_US","og_type":"article","og_title":"Pyrus communis 'Beach Hill' \/Oszlopos d\u00edszk\u00f6rte - T\u00e1jkert\u00e9sz","og_description":"Pyrus communis 'Beach Hill' \/Oszlopos d\u00edszk\u00f6rte. Lombhullat\u00f3, karcs\u00fa, k\u00fap alak\u00fa fa, az egyik legcsod\u00e1latosabb alak\u00fa oszlopos k\u00f6rte.","og_url":"https:\/\/tajkertesz.com\/en_US\/product\/pyrus-communis-beach-hill-oszlopos-diszkorte\/","og_site_name":"T\u00e1jkert\u00e9sz","article_publisher":"https:\/\/www.facebook.com\/Tajkertesz\/","article_modified_time":"2025-09-12T11:43:05+00:00","og_image":[{"width":1114,"height":1064,"url":"https:\/\/tajkertesz.com\/wp-content\/uploads\/2023\/12\/Pyrus-calleryana-Chanticlier-mass-2.jpg","type":"image\/jpeg"}],"twitter_card":"summary_large_image","twitter_misc":{"Est. reading time":"2 minutes"},"schema":{"@context":"https:\/\/schema.org","@graph":[{"@type":"WebPage","@id":"https:\/\/tajkertesz.com\/termek\/pyrus-communis-beach-hill-oszlopos-diszkorte\/","url":"https:\/\/tajkertesz.com\/termek\/pyrus-communis-beach-hill-oszlopos-diszkorte\/","name":"Pyrus communis 'Beach Hill' \/Oszlopos d\u00edszk\u00f6rte - T\u00e1jkert\u00e9sz","isPartOf":{"@id":"https:\/\/tajkertesz.com\/#website"},"primaryImageOfPage":{"@id":"https:\/\/tajkertesz.com\/termek\/pyrus-communis-beach-hill-oszlopos-diszkorte\/#primaryimage"},"image":{"@id":"https:\/\/tajkertesz.com\/termek\/pyrus-communis-beach-hill-oszlopos-diszkorte\/#primaryimage"},"thumbnailUrl":"https:\/\/tajkertesz.com\/wp-content\/uploads\/2023\/12\/Pyrus-calleryana-Chanticlier-mass-2.jpg","datePublished":"2023-12-01T15:17:16+00:00","dateModified":"2025-09-12T11:43:05+00:00","description":"Pyrus communis 'Beach Hill' \/Oszlopos d\u00edszk\u00f6rte. Lombhullat\u00f3, karcs\u00fa, k\u00fap alak\u00fa fa, az egyik legcsod\u00e1latosabb alak\u00fa oszlopos k\u00f6rte.","breadcrumb":{"@id":"https:\/\/tajkertesz.com\/termek\/pyrus-communis-beach-hill-oszlopos-diszkorte\/#breadcrumb"},"inLanguage":"en-US","potentialAction":[{"@type":"ReadAction","target":["https:\/\/tajkertesz.com\/termek\/pyrus-communis-beach-hill-oszlopos-diszkorte\/"]}]},{"@type":"ImageObject","inLanguage":"en-US","@id":"https:\/\/tajkertesz.com\/termek\/pyrus-communis-beach-hill-oszlopos-diszkorte\/#primaryimage","url":"https:\/\/tajkertesz.com\/wp-content\/uploads\/2023\/12\/Pyrus-calleryana-Chanticlier-mass-2.jpg","contentUrl":"https:\/\/tajkertesz.com\/wp-content\/uploads\/2023\/12\/Pyrus-calleryana-Chanticlier-mass-2.jpg","width":1114,"height":1064},{"@type":"BreadcrumbList","@id":"https:\/\/tajkertesz.com\/termek\/pyrus-communis-beach-hill-oszlopos-diszkorte\/#breadcrumb","itemListElement":[{"@type":"ListItem","position":1,"name":"Home","item":"https:\/\/tajkertesz.com\/"},{"@type":"ListItem","position":2,"name":"Kezd\u0151lap","item":"https:\/\/tajkertesz.com\/"},{"@type":"ListItem","position":3,"name":"Pyrus communis &#8216;Beach Hill&#8217; \/Oszlopos d\u00edszk\u00f6rte"}]},{"@type":"WebSite","@id":"https:\/\/tajkertesz.com\/#website","url":"https:\/\/tajkertesz.com\/","name":"T\u00e1j-Kert\u00e9sz 84 Kft.","description":"Kert\u00e9szeti kis- \u00e9s nagykeresked\u00e9s, D\u00edszn\u00f6v\u00e9ny web\u00e1ruh\u00e1z orsz\u00e1gos h\u00e1zhozsz\u00e1ll\u00edt\u00e1ssal!","publisher":{"@id":"https:\/\/tajkertesz.com\/#organization"},"potentialAction":[{"@type":"SearchAction","target":{"@type":"EntryPoint","urlTemplate":"https:\/\/tajkertesz.com\/?s={search_term_string}"},"query-input":{"@type":"PropertyValueSpecification","valueRequired":true,"valueName":"search_term_string"}}],"inLanguage":"en-US"},{"@type":"Organization","@id":"https:\/\/tajkertesz.com\/#organization","name":"T\u00e1j-Kert\u00e9sz 84 Kft.","url":"https:\/\/tajkertesz.com\/","logo":{"@type":"ImageObject","inLanguage":"en-US","@id":"https:\/\/tajkertesz.com\/#\/schema\/logo\/image\/","url":"https:\/\/tajkertesz.com\/wp-content\/uploads\/2018\/02\/logo-2-e1518678052539.png","contentUrl":"https:\/\/tajkertesz.com\/wp-content\/uploads\/2018\/02\/logo-2-e1518678052539.png","width":81,"height":140,"caption":"T\u00e1j-Kert\u00e9sz 84 Kft."},"image":{"@id":"https:\/\/tajkertesz.com\/#\/schema\/logo\/image\/"},"sameAs":["https:\/\/www.facebook.com\/Tajkertesz\/"]}]}},"_links":{"self":[{"href":"https:\/\/tajkertesz.com\/en_US\/wp-json\/wp\/v2\/product\/18080","targetHints":{"allow":["GET"]}}],"collection":[{"href":"https:\/\/tajkertesz.com\/en_US\/wp-json\/wp\/v2\/product"}],"about":[{"href":"https:\/\/tajkertesz.com\/en_US\/wp-json\/wp\/v2\/types\/product"}],"wp:featuredmedia":[{"embeddable":true,"href":"https:\/\/tajkertesz.com\/en_US\/wp-json\/wp\/v2\/media\/18081"}],"wp:attachment":[{"href":"https:\/\/tajkertesz.com\/en_US\/wp-json\/wp\/v2\/media?parent=18080"}],"wp:term":[{"taxonomy":"product_brand","embeddable":true,"href":"https:\/\/tajkertesz.com\/en_US\/wp-json\/wp\/v2\/product_brand?post=18080"},{"taxonomy":"product_cat","embeddable":true,"href":"https:\/\/tajkertesz.com\/en_US\/wp-json\/wp\/v2\/product_cat?post=18080"},{"taxonomy":"product_tag","embeddable":true,"href":"https:\/\/tajkertesz.com\/en_US\/wp-json\/wp\/v2\/product_tag?post=18080"}],"curies":[{"name":"wp","href":"https:\/\/api.w.org\/{rel}","templated":true}]}}