{"id":18105,"date":"2023-12-05T10:10:16","date_gmt":"2023-12-05T10:10:16","guid":{"rendered":"https:\/\/tajkertesz.com\/?post_type=product&#038;p=18105"},"modified":"2026-02-19T10:36:33","modified_gmt":"2026-02-19T10:36:33","slug":"szobanoveny-viragfold","status":"publish","type":"product","link":"https:\/\/tajkertesz.com\/en_US\/product\/szobanoveny-viragfold\/","title":{"rendered":"FLORIMO\u00ae Szoban\u00f6v\u00e9ny vir\u00e1gf\u00f6ld \u201cA\u201d t\u00edpus\u00fa 3 literes"},"content":{"rendered":"<div class=\"elementor-element elementor-element-2c0d12cd elementor-widget elementor-widget-theme-page-title elementor-page-title elementor-widget-heading animated fadeInDown\" data-id=\"2c0d12cd\" data-element_type=\"widget\" data-settings=\"{&quot;_animation&quot;:&quot;fadeInDown&quot;}\" data-widget_type=\"theme-page-title.default\">\n<div class=\"elementor-widget-container\">\n<h1 class=\"elementor-heading-title elementor-size-default\">FLORIMO<sup>\u00ae <\/sup>Szoban\u00f6v\u00e9ny vir\u00e1gf\u00f6ld \u201cA\u201d t\u00edpus\u00fa 3 literes<\/h1>\n<p>A FLORIMO\u00ae Szoban\u00f6v\u00e9ny vir\u00e1gf\u00f6ld \u201cA\u201d t\u00edpus\u00fa 3 literes t\u00f6k\u00e9letes v\u00e1laszt\u00e1s\u00a0 Afrikai ibolya, Alok\u00e1zia, Anan\u00e1sz, Beg\u00f3nia (leveles), Calathea, Flamingo, Gard\u00e9nia, Gloxinia, Hortenzia, Ix\u00f3ra, Kankalin, P\u00e1fr\u00e1nyok \u00e1ltal\u00e1ban, Szobafeny\u0151 sz\u00e1m\u00e1ra.<\/p>\n<\/div>\n<\/div>\n<div class=\"elementor-element elementor-element-7a1d302a elementor-widget elementor-widget-text-editor\" data-id=\"7a1d302a\" data-element_type=\"widget\" data-widget_type=\"text-editor.default\">\n<div class=\"elementor-widget-container\">\n<p>A talaj pH \u00e9rt\u00e9ke nagyon fontos a kert \u00e9let\u00e9ben, mert alapvet\u0151en meghat\u00e1rozza a n\u00f6v\u00e9nyek fejl\u0151d\u00e9s\u00e9t, t\u00e1panyag felvev\u0151 k\u00e9pess\u00e9g\u00e9t. Savany\u00fa k\u00e9mhat\u00e1s\u00fa talaj el\u0151fordul\u00e1sa haz\u00e1nkban viszonylag ritka, ez\u00e9rt k\u00fcl\u00f6nb\u00f6z\u0151 m\u00f3dokon kell biztos\u00edtanunk a f\u00f6ld savas pH \u00e9rt\u00e9k\u00e9t, ha ragaszkodunk kedvenc n\u00f6v\u00e9nyeinkhez.<\/p>\n<p>Savany\u00fa vir\u00e1gf\u00f6ldet kedvel\u0151 n\u00f6v\u00e9nyek: Afrikai ibolya, Alok\u00e1zia, Anan\u00e1sz, Beg\u00f3nia (leveles), Calathea, Flamingo, Gard\u00e9nia, Gloxinia, Hortenzia, Ix\u00f3ra, Kankalin, P\u00e1fr\u00e1nyok \u00e1ltal\u00e1ban, Szobafeny\u0151 stb.<\/p>\n<p>Ezek a n\u00f6v\u00e9nyek kiz\u00e1r\u00f3lag savany\u00fa k\u00f6zegben fejl\u0151dnek megfelel\u0151en, ennek h\u00edj\u00e1n fejl\u0151d\u00e9s\u00fck megreked, t\u00e1panyag hi\u00e1nnyal k\u00fczdenek, \u00e1llapotuk folyamatosan leromlik. A Szoban\u00f6v\u00e9ny \u201cA\u201d t\u00edpus\u00fa vir\u00e1gf\u00f6ldet savany\u00fa k\u00e9mhat\u00e1s\u00fa vir\u00e1gf\u00f6ld ide\u00e1lis k\u00f6zeg sz\u00e1mukra.<\/p>\n<p>Nem mindegy milyen min\u0151s\u00e9g\u0171 vir\u00e1gf\u00f6ldet v\u00e1s\u00e1rol. V\u00e1lassza az ellen\u0151rz\u00f6tt min\u0151s\u00e9get!<\/p>\n<p><strong>Kiszerel\u00e9s:<\/strong> 3 liter<\/p>\n<p>&nbsp;<\/p>\n<\/div>\n<\/div>\n<p>El\u00e9rhet\u0151 t\u00f6bbf\u00e9le m\u00e9retben \u00e9s \u00e1rban.<\/p>\n<p><strong>K\u00e9szlet\u00fcnk napi szinten v\u00e1ltozik, ez\u00e9rt k\u00e9rj\u00fck, \u00e9rdekl\u0151dj\u00f6n szem\u00e9lyesen, telefonon vagy email-en.<br \/>\nA v\u00e1ltoztat\u00e1s jog\u00e1t fenntartjuk!\u00a0<\/strong><\/p>\n<p><a href=\"https:\/\/tajkertesz.com\/\">https:\/\/tajkertesz.com\/<\/a><\/p>\n<p><a href=\"https:\/\/www.facebook.com\/tajkertesz\/\">https:\/\/www.facebook.com\/tajkertesz\/<\/a><\/p>\n<p>Kisz\u00e1ll\u00edt\u00e1s: 200cm-ig \u00a0\u00e9s 40 kg-ig a sz\u00e1ll\u00edt\u00e1s fut\u00e1rszolg\u00e1lattal \u00a0t\u00f6rt\u00e9nik.<\/p>\n<p>Szem\u00e9lyes \u00e1tv\u00e9tel nyitvatart\u00e1si id\u0151ben a 17. ker\u00fclet Bakancsos utca 7. sz\u00e1m alatti Kert\u00e9szeti \u00e1rud\u00e1ban.<\/p>\n<div class=\"elementor-element elementor-element-2c0d12cd elementor-widget elementor-widget-theme-page-title elementor-page-title elementor-widget-heading animated fadeInDown\" data-id=\"2c0d12cd\" data-element_type=\"widget\" data-settings=\"{&quot;_animation&quot;:&quot;fadeInDown&quot;}\" data-widget_type=\"theme-page-title.default\">\n<div class=\"elementor-widget-container\">\n<h1 class=\"elementor-heading-title elementor-size-default\">FLORIMO<sup>\u00ae<\/sup><br \/>\nSzoban\u00f6v\u00e9ny vir\u00e1gf\u00f6ld \u201cA\u201d t\u00edpus\u00fa 3 literes<\/h1>\n<\/div>\n<\/div>","protected":false},"excerpt":{"rendered":"<p style=\"text-align: center;\">A FLORIMO\u00ae Szoban\u00f6v\u00e9ny vir\u00e1gf\u00f6ld \u201cA\u201d t\u00edpus\u00fa 3 literes t\u00f6k\u00e9letes v\u00e1laszt\u00e1s\u00a0 Afrikai ibolya, Alok\u00e1zia, Anan\u00e1sz, Beg\u00f3nia (leveles), Calathea, Flamingo, Gard\u00e9nia, Gloxinia, Hortenzia, Ix\u00f3ra, Kankalin, P\u00e1fr\u00e1nyok \u00e1ltal\u00e1ban, Szobafeny\u0151 sz\u00e1m\u00e1ra.<\/p>","protected":false},"featured_media":18106,"template":"","meta":{"_et_pb_use_builder":"","_et_pb_old_content":"","_et_gb_content_width":""},"product_brand":[],"product_cat":[4129],"product_tag":[4497,4496,1460],"class_list":{"0":"post-18105","1":"product","2":"type-product","3":"status-publish","4":"has-post-thumbnail","6":"product_cat-florimo-viragfoldek","7":"product_tag-a-tipusu","8":"product_tag-florimo-szobanoveny","9":"product_tag-viragfold","11":"first","12":"instock","13":"shipping-taxable","14":"purchasable","15":"product-type-simple"},"yoast_head":"<!-- This site is optimized with the Yoast SEO plugin v27.5 - https:\/\/yoast.com\/product\/yoast-seo-wordpress\/ -->\n<title>FLORIMO\u00ae Szoban\u00f6v\u00e9ny vir\u00e1gf\u00f6ld \u201cA\u201d t\u00edpus\u00fa 3 literes - T\u00e1jkert\u00e9sz<\/title>\n<meta name=\"description\" content=\"A FLORIMO\u00ae Szoban\u00f6v\u00e9ny vir\u00e1gf\u00f6ld \u201cA\u201d t\u00edpus\u00fa 3 literes t\u00f6k\u00e9letes v\u00e1laszt\u00e1s\u00a0 Afrikai ibolya, Alok\u00e1zia, Anan\u00e1sz, Beg\u00f3nia (leveles) stb: sz\u00e1m\u00e1ra.\" \/>\n<meta name=\"robots\" content=\"index, follow, max-snippet:-1, max-image-preview:large, max-video-preview:-1\" \/>\n<link rel=\"canonical\" href=\"https:\/\/tajkertesz.com\/en_US\/product\/szobanoveny-viragfold\/\" \/>\n<meta property=\"og:locale\" content=\"en_US\" \/>\n<meta property=\"og:type\" content=\"article\" \/>\n<meta property=\"og:title\" content=\"FLORIMO\u00ae Szoban\u00f6v\u00e9ny vir\u00e1gf\u00f6ld \u201cA\u201d t\u00edpus\u00fa 3 literes - T\u00e1jkert\u00e9sz\" \/>\n<meta property=\"og:description\" content=\"A FLORIMO\u00ae Szoban\u00f6v\u00e9ny vir\u00e1gf\u00f6ld \u201cA\u201d t\u00edpus\u00fa 3 literes t\u00f6k\u00e9letes v\u00e1laszt\u00e1s\u00a0 Afrikai ibolya, Alok\u00e1zia, Anan\u00e1sz, Beg\u00f3nia (leveles) stb: sz\u00e1m\u00e1ra.\" \/>\n<meta property=\"og:url\" content=\"https:\/\/tajkertesz.com\/en_US\/product\/szobanoveny-viragfold\/\" \/>\n<meta property=\"og:site_name\" content=\"T\u00e1jkert\u00e9sz\" \/>\n<meta property=\"article:publisher\" content=\"https:\/\/www.facebook.com\/Tajkertesz\/\" \/>\n<meta property=\"article:modified_time\" content=\"2026-02-19T10:36:33+00:00\" \/>\n<meta property=\"og:image\" content=\"https:\/\/tajkertesz.com\/wp-content\/uploads\/2023\/12\/florimo-szobanoveny-a-tipusu-20l.webp\" \/>\n\t<meta property=\"og:image:width\" content=\"1000\" \/>\n\t<meta property=\"og:image:height\" content=\"1000\" \/>\n\t<meta property=\"og:image:type\" content=\"image\/webp\" \/>\n<meta name=\"twitter:card\" content=\"summary_large_image\" \/>\n<meta name=\"twitter:label1\" content=\"Est. reading time\" \/>\n\t<meta name=\"twitter:data1\" content=\"2 minutes\" \/>\n<script type=\"application\/ld+json\" class=\"yoast-schema-graph\">{\"@context\":\"https:\\\/\\\/schema.org\",\"@graph\":[{\"@type\":\"WebPage\",\"@id\":\"https:\\\/\\\/tajkertesz.com\\\/termek\\\/szobanoveny-viragfold\\\/\",\"url\":\"https:\\\/\\\/tajkertesz.com\\\/termek\\\/szobanoveny-viragfold\\\/\",\"name\":\"FLORIMO\u00ae Szoban\u00f6v\u00e9ny vir\u00e1gf\u00f6ld \u201cA\u201d t\u00edpus\u00fa 3 literes - T\u00e1jkert\u00e9sz\",\"isPartOf\":{\"@id\":\"https:\\\/\\\/tajkertesz.com\\\/#website\"},\"primaryImageOfPage\":{\"@id\":\"https:\\\/\\\/tajkertesz.com\\\/termek\\\/szobanoveny-viragfold\\\/#primaryimage\"},\"image\":{\"@id\":\"https:\\\/\\\/tajkertesz.com\\\/termek\\\/szobanoveny-viragfold\\\/#primaryimage\"},\"thumbnailUrl\":\"https:\\\/\\\/tajkertesz.com\\\/wp-content\\\/uploads\\\/2023\\\/12\\\/florimo-szobanoveny-a-tipusu-20l.webp\",\"datePublished\":\"2023-12-05T10:10:16+00:00\",\"dateModified\":\"2026-02-19T10:36:33+00:00\",\"description\":\"A FLORIMO\u00ae Szoban\u00f6v\u00e9ny vir\u00e1gf\u00f6ld \u201cA\u201d t\u00edpus\u00fa 3 literes t\u00f6k\u00e9letes v\u00e1laszt\u00e1s\u00a0 Afrikai ibolya, Alok\u00e1zia, Anan\u00e1sz, Beg\u00f3nia (leveles) stb: sz\u00e1m\u00e1ra.\",\"breadcrumb\":{\"@id\":\"https:\\\/\\\/tajkertesz.com\\\/termek\\\/szobanoveny-viragfold\\\/#breadcrumb\"},\"inLanguage\":\"en-US\",\"potentialAction\":[{\"@type\":\"ReadAction\",\"target\":[\"https:\\\/\\\/tajkertesz.com\\\/termek\\\/szobanoveny-viragfold\\\/\"]}]},{\"@type\":\"ImageObject\",\"inLanguage\":\"en-US\",\"@id\":\"https:\\\/\\\/tajkertesz.com\\\/termek\\\/szobanoveny-viragfold\\\/#primaryimage\",\"url\":\"https:\\\/\\\/tajkertesz.com\\\/wp-content\\\/uploads\\\/2023\\\/12\\\/florimo-szobanoveny-a-tipusu-20l.webp\",\"contentUrl\":\"https:\\\/\\\/tajkertesz.com\\\/wp-content\\\/uploads\\\/2023\\\/12\\\/florimo-szobanoveny-a-tipusu-20l.webp\",\"width\":1000,\"height\":1000},{\"@type\":\"BreadcrumbList\",\"@id\":\"https:\\\/\\\/tajkertesz.com\\\/termek\\\/szobanoveny-viragfold\\\/#breadcrumb\",\"itemListElement\":[{\"@type\":\"ListItem\",\"position\":1,\"name\":\"Home\",\"item\":\"https:\\\/\\\/tajkertesz.com\\\/\"},{\"@type\":\"ListItem\",\"position\":2,\"name\":\"Kezd\u0151lap\",\"item\":\"https:\\\/\\\/tajkertesz.com\\\/\"},{\"@type\":\"ListItem\",\"position\":3,\"name\":\"FLORIMO\u00ae Szoban\u00f6v\u00e9ny vir\u00e1gf\u00f6ld \u201cA\u201d t\u00edpus\u00fa 3 literes\"}]},{\"@type\":\"WebSite\",\"@id\":\"https:\\\/\\\/tajkertesz.com\\\/#website\",\"url\":\"https:\\\/\\\/tajkertesz.com\\\/\",\"name\":\"T\u00e1j-Kert\u00e9sz 84 Kft.\",\"description\":\"Kert\u00e9szeti kis- \u00e9s nagykeresked\u00e9s, D\u00edszn\u00f6v\u00e9ny web\u00e1ruh\u00e1z orsz\u00e1gos h\u00e1zhozsz\u00e1ll\u00edt\u00e1ssal!\",\"publisher\":{\"@id\":\"https:\\\/\\\/tajkertesz.com\\\/#organization\"},\"potentialAction\":[{\"@type\":\"SearchAction\",\"target\":{\"@type\":\"EntryPoint\",\"urlTemplate\":\"https:\\\/\\\/tajkertesz.com\\\/?s={search_term_string}\"},\"query-input\":{\"@type\":\"PropertyValueSpecification\",\"valueRequired\":true,\"valueName\":\"search_term_string\"}}],\"inLanguage\":\"en-US\"},{\"@type\":\"Organization\",\"@id\":\"https:\\\/\\\/tajkertesz.com\\\/#organization\",\"name\":\"T\u00e1j-Kert\u00e9sz 84 Kft.\",\"url\":\"https:\\\/\\\/tajkertesz.com\\\/\",\"logo\":{\"@type\":\"ImageObject\",\"inLanguage\":\"en-US\",\"@id\":\"https:\\\/\\\/tajkertesz.com\\\/#\\\/schema\\\/logo\\\/image\\\/\",\"url\":\"https:\\\/\\\/tajkertesz.com\\\/wp-content\\\/uploads\\\/2018\\\/02\\\/logo-2-e1518678052539.png\",\"contentUrl\":\"https:\\\/\\\/tajkertesz.com\\\/wp-content\\\/uploads\\\/2018\\\/02\\\/logo-2-e1518678052539.png\",\"width\":81,\"height\":140,\"caption\":\"T\u00e1j-Kert\u00e9sz 84 Kft.\"},\"image\":{\"@id\":\"https:\\\/\\\/tajkertesz.com\\\/#\\\/schema\\\/logo\\\/image\\\/\"},\"sameAs\":[\"https:\\\/\\\/www.facebook.com\\\/Tajkertesz\\\/\"]}]}<\/script>\n<!-- \/ Yoast SEO plugin. -->","yoast_head_json":{"title":"FLORIMO\u00ae Szoban\u00f6v\u00e9ny vir\u00e1gf\u00f6ld \u201cA\u201d t\u00edpus\u00fa 3 literes - T\u00e1jkert\u00e9sz","description":"A FLORIMO\u00ae Szoban\u00f6v\u00e9ny vir\u00e1gf\u00f6ld \u201cA\u201d t\u00edpus\u00fa 3 literes t\u00f6k\u00e9letes v\u00e1laszt\u00e1s\u00a0 Afrikai ibolya, Alok\u00e1zia, Anan\u00e1sz, Beg\u00f3nia (leveles) stb: sz\u00e1m\u00e1ra.","robots":{"index":"index","follow":"follow","max-snippet":"max-snippet:-1","max-image-preview":"max-image-preview:large","max-video-preview":"max-video-preview:-1"},"canonical":"https:\/\/tajkertesz.com\/en_US\/product\/szobanoveny-viragfold\/","og_locale":"en_US","og_type":"article","og_title":"FLORIMO\u00ae Szoban\u00f6v\u00e9ny vir\u00e1gf\u00f6ld \u201cA\u201d t\u00edpus\u00fa 3 literes - T\u00e1jkert\u00e9sz","og_description":"A FLORIMO\u00ae Szoban\u00f6v\u00e9ny vir\u00e1gf\u00f6ld \u201cA\u201d t\u00edpus\u00fa 3 literes t\u00f6k\u00e9letes v\u00e1laszt\u00e1s\u00a0 Afrikai ibolya, Alok\u00e1zia, Anan\u00e1sz, Beg\u00f3nia (leveles) stb: sz\u00e1m\u00e1ra.","og_url":"https:\/\/tajkertesz.com\/en_US\/product\/szobanoveny-viragfold\/","og_site_name":"T\u00e1jkert\u00e9sz","article_publisher":"https:\/\/www.facebook.com\/Tajkertesz\/","article_modified_time":"2026-02-19T10:36:33+00:00","og_image":[{"width":1000,"height":1000,"url":"https:\/\/tajkertesz.com\/wp-content\/uploads\/2023\/12\/florimo-szobanoveny-a-tipusu-20l.webp","type":"image\/webp"}],"twitter_card":"summary_large_image","twitter_misc":{"Est. reading time":"2 minutes"},"schema":{"@context":"https:\/\/schema.org","@graph":[{"@type":"WebPage","@id":"https:\/\/tajkertesz.com\/termek\/szobanoveny-viragfold\/","url":"https:\/\/tajkertesz.com\/termek\/szobanoveny-viragfold\/","name":"FLORIMO\u00ae Szoban\u00f6v\u00e9ny vir\u00e1gf\u00f6ld \u201cA\u201d t\u00edpus\u00fa 3 literes - T\u00e1jkert\u00e9sz","isPartOf":{"@id":"https:\/\/tajkertesz.com\/#website"},"primaryImageOfPage":{"@id":"https:\/\/tajkertesz.com\/termek\/szobanoveny-viragfold\/#primaryimage"},"image":{"@id":"https:\/\/tajkertesz.com\/termek\/szobanoveny-viragfold\/#primaryimage"},"thumbnailUrl":"https:\/\/tajkertesz.com\/wp-content\/uploads\/2023\/12\/florimo-szobanoveny-a-tipusu-20l.webp","datePublished":"2023-12-05T10:10:16+00:00","dateModified":"2026-02-19T10:36:33+00:00","description":"A FLORIMO\u00ae Szoban\u00f6v\u00e9ny vir\u00e1gf\u00f6ld \u201cA\u201d t\u00edpus\u00fa 3 literes t\u00f6k\u00e9letes v\u00e1laszt\u00e1s\u00a0 Afrikai ibolya, Alok\u00e1zia, Anan\u00e1sz, Beg\u00f3nia (leveles) stb: sz\u00e1m\u00e1ra.","breadcrumb":{"@id":"https:\/\/tajkertesz.com\/termek\/szobanoveny-viragfold\/#breadcrumb"},"inLanguage":"en-US","potentialAction":[{"@type":"ReadAction","target":["https:\/\/tajkertesz.com\/termek\/szobanoveny-viragfold\/"]}]},{"@type":"ImageObject","inLanguage":"en-US","@id":"https:\/\/tajkertesz.com\/termek\/szobanoveny-viragfold\/#primaryimage","url":"https:\/\/tajkertesz.com\/wp-content\/uploads\/2023\/12\/florimo-szobanoveny-a-tipusu-20l.webp","contentUrl":"https:\/\/tajkertesz.com\/wp-content\/uploads\/2023\/12\/florimo-szobanoveny-a-tipusu-20l.webp","width":1000,"height":1000},{"@type":"BreadcrumbList","@id":"https:\/\/tajkertesz.com\/termek\/szobanoveny-viragfold\/#breadcrumb","itemListElement":[{"@type":"ListItem","position":1,"name":"Home","item":"https:\/\/tajkertesz.com\/"},{"@type":"ListItem","position":2,"name":"Kezd\u0151lap","item":"https:\/\/tajkertesz.com\/"},{"@type":"ListItem","position":3,"name":"FLORIMO\u00ae Szoban\u00f6v\u00e9ny vir\u00e1gf\u00f6ld \u201cA\u201d t\u00edpus\u00fa 3 literes"}]},{"@type":"WebSite","@id":"https:\/\/tajkertesz.com\/#website","url":"https:\/\/tajkertesz.com\/","name":"T\u00e1j-Kert\u00e9sz 84 Kft.","description":"Kert\u00e9szeti kis- \u00e9s nagykeresked\u00e9s, D\u00edszn\u00f6v\u00e9ny web\u00e1ruh\u00e1z orsz\u00e1gos h\u00e1zhozsz\u00e1ll\u00edt\u00e1ssal!","publisher":{"@id":"https:\/\/tajkertesz.com\/#organization"},"potentialAction":[{"@type":"SearchAction","target":{"@type":"EntryPoint","urlTemplate":"https:\/\/tajkertesz.com\/?s={search_term_string}"},"query-input":{"@type":"PropertyValueSpecification","valueRequired":true,"valueName":"search_term_string"}}],"inLanguage":"en-US"},{"@type":"Organization","@id":"https:\/\/tajkertesz.com\/#organization","name":"T\u00e1j-Kert\u00e9sz 84 Kft.","url":"https:\/\/tajkertesz.com\/","logo":{"@type":"ImageObject","inLanguage":"en-US","@id":"https:\/\/tajkertesz.com\/#\/schema\/logo\/image\/","url":"https:\/\/tajkertesz.com\/wp-content\/uploads\/2018\/02\/logo-2-e1518678052539.png","contentUrl":"https:\/\/tajkertesz.com\/wp-content\/uploads\/2018\/02\/logo-2-e1518678052539.png","width":81,"height":140,"caption":"T\u00e1j-Kert\u00e9sz 84 Kft."},"image":{"@id":"https:\/\/tajkertesz.com\/#\/schema\/logo\/image\/"},"sameAs":["https:\/\/www.facebook.com\/Tajkertesz\/"]}]}},"_links":{"self":[{"href":"https:\/\/tajkertesz.com\/en_US\/wp-json\/wp\/v2\/product\/18105","targetHints":{"allow":["GET"]}}],"collection":[{"href":"https:\/\/tajkertesz.com\/en_US\/wp-json\/wp\/v2\/product"}],"about":[{"href":"https:\/\/tajkertesz.com\/en_US\/wp-json\/wp\/v2\/types\/product"}],"wp:featuredmedia":[{"embeddable":true,"href":"https:\/\/tajkertesz.com\/en_US\/wp-json\/wp\/v2\/media\/18106"}],"wp:attachment":[{"href":"https:\/\/tajkertesz.com\/en_US\/wp-json\/wp\/v2\/media?parent=18105"}],"wp:term":[{"taxonomy":"product_brand","embeddable":true,"href":"https:\/\/tajkertesz.com\/en_US\/wp-json\/wp\/v2\/product_brand?post=18105"},{"taxonomy":"product_cat","embeddable":true,"href":"https:\/\/tajkertesz.com\/en_US\/wp-json\/wp\/v2\/product_cat?post=18105"},{"taxonomy":"product_tag","embeddable":true,"href":"https:\/\/tajkertesz.com\/en_US\/wp-json\/wp\/v2\/product_tag?post=18105"}],"curies":[{"name":"wp","href":"https:\/\/api.w.org\/{rel}","templated":true}]}}