{"id":18120,"date":"2023-12-07T09:01:52","date_gmt":"2023-12-07T09:01:52","guid":{"rendered":"https:\/\/tajkertesz.com\/?post_type=product&#038;p=18120"},"modified":"2026-01-29T15:07:21","modified_gmt":"2026-01-29T15:07:21","slug":"mikulasvirag","status":"publish","type":"product","link":"https:\/\/tajkertesz.com\/en_US\/product\/mikulasvirag\/","title":{"rendered":"Mikul\u00e1svir\u00e1g"},"content":{"rendered":"<p>Mikul\u00e1svir\u00e1g<\/p>\n<p>&nbsp;<\/p>\n<p>&nbsp;<\/p>\n<p>A\u00a0 Mikul\u00e1svir\u00e1g \u00a0<i>(Euphorbia pulcherrima)<\/i> napjainkban a kar\u00e1csony egyik szimbolikus szoban\u00f6v\u00e9nye. A &#8217;60-as \u00e9vek elej\u00e9n m\u00e9g olyan magas n\u00f6v\u00e9s\u0171 cserjek\u00e9nt ismert\u00e9k, amelyet lak\u00e1sban neh\u00e9z levelei \u00e9s vir\u00e1gai megtart\u00e1s\u00e1ra k\u00e9sztetni. Mai nemes\u00edtett fajt\u00e1i viszont m\u00e1r bokrosabb n\u00f6v\u00e9s\u0171ek, dekorat\u00edvabbak \u00e9s ellen\u00e1ll\u00f3bbak, r\u00e1ad\u00e1sul a modern vegyszerekkel kisebb termet\u0171v\u00e9 alak\u00edthat\u00f3ak. Maximum 4 m\u00e9ter magasra n\u00f6v\u0151 cserje. Termesztett v\u00e1ltozatai t\u00f6m\u00f6tt, kb. 30\u201345 cm magas n\u00f6v\u00e9nyek, form\u00e1juk meg\u0151rz\u00e9s\u00e9hez \u00e9vente metszeni kell \u0151ket. Vir\u00e1gai (vagyis sz\u00ednes vir\u00e1gzati fellevelei) 2 h\u00f3napig tartanak. Legkedveltebb a piros sz\u00edn\u0171, b\u00e1r feh\u00e9r \u00e9s r\u00f3zsasz\u00edn fajt\u00e1i is kaphat\u00f3k. V\u00e1s\u00e1rl\u00e1skor \u00fcgyelni kell arra, hogy a vir\u00e1gzat k\u00f6zep\u00e9n l\u00e9v\u0151 apr\u00f3, s\u00e1rga, igazi vir\u00e1gai m\u00e9g bimb\u00f3sak legyenek.<\/p>\n<p>F\u00e9nyig\u00e9nye:<br \/>\nT\u00e9len maxim\u00e1lis f\u00e9nymennyis\u00e9get ig\u00e9nyel, ny\u00e1ron \u00f3vni kell a t\u0171z\u0151 napt\u00f3l.<\/p>\n<p>V\u00edzig\u00e9nye:<br \/>\n\u00c1tlagos, ny\u00e1ron kicsit b\u0151vebb \u00f6nt\u00f6z\u00e9st ig\u00e9nyel. Csak akkor kell locsolni, mikor f\u00f6ldje m\u00e1r kezd kiss\u00e9 kiszikkadni. Ne feledj\u00fck, a t\u00fal\u00f6nt\u00f6z\u00e9s sokkal k\u00e1rosabb sz\u00e1m\u00e1ra, mint a &#8222;szomjaz\u00e1s&#8221;.<\/p>\n<p>Gondoz\u00e1sa<br \/>\nSok figyelemmel \u00e9s \u00e1pol\u00e1ssal k\u00f6vetkez\u0151 t\u00e9len ism\u00e9t kivir\u00e1gozhat. \u0150sszel a vil\u00e1gos, de h\u0171v\u00f6s helyet kedveli. T\u00e9len a meleg, f\u0171t\u00f6tt lak\u00e1sban a n\u00f6v\u00e9ny gyorsan kisz\u00e1rad, \u00f6nt\u00f6z\u00e9se lehet\u0151leg m\u00e9sz mentes l\u00e1gy v\u00edzzel t\u00f6rt\u00e9njen. Szereti a magas p\u00e1ratartalmat, hetente egyszer t\u00e1poldatos v\u00edzzel \u00e9rdemes meglocsolni. Febru\u00e1r elej\u00e9n a n\u00f6v\u00e9ny elkezdi lehullatni a leveleit, ilyenkor vissza kell v\u00e1gni a fel\u00e9re, cs\u00f6kkenteni a locsol\u00e1st, t\u00e1poldatoz\u00e1st, a n\u00f6v\u00e9nyt pihentetni kell. Ny\u00e1ron az \u00e1rny\u00e9kos helyet kedveli, ekkor kell \u00fajra \u00f6nt\u00f6zni \u00e9s t\u00e1poldatozni. Els\u0151 hajt\u00e1sait ism\u00e9t vissza kell v\u00e1gni a fel\u00e9re. \u00d3vni kell a viaszos pajzstet\u0171t\u0151l \u00e9s az atk\u00e1kt\u00f3l.[2]<\/p>\n<p>El\u00e9rhet\u0151 t\u00f6bbf\u00e9le m\u00e9retben \u00e9s \u00e1rban.<\/p>\n<p>JELEN TERM\u00c9K\u00dcNK PIROS VIR\u00c1G\u00da \u00c9S KB:40\/60 CM MAGAS.<\/p>\n<p><strong>K\u00e9szlet\u00fcnk napi szinten v\u00e1ltozik, ez\u00e9rt k\u00e9rj\u00fck, \u00e9rdekl\u0151dj\u00f6n szem\u00e9lyesen, telefonon vagy email-en.<br \/>\nA v\u00e1ltoztat\u00e1s jog\u00e1t fenntartjuk!\u00a0<\/strong><\/p>\n<p>&nbsp;<\/p>\n<p><a href=\"https:\/\/tajkertesz.com\/\">https:\/\/tajkertesz.com\/<\/a><\/p>\n<p><a href=\"https:\/\/www.facebook.com\/tajkertesz\/\">https:\/\/www.facebook.com\/tajkertesz\/<\/a><\/p>\n<p>Kisz\u00e1ll\u00edt\u00e1s: 200cm-ig \u00a0\u00e9s 40 kg-ig a sz\u00e1ll\u00edt\u00e1s fut\u00e1rszolg\u00e1lattal \u00a0t\u00f6rt\u00e9nik.<\/p>\n<p>Szem\u00e9lyes \u00e1tv\u00e9tel nyitvatart\u00e1si id\u0151ben a 17. ker\u00fclet Bakancsos utca 7. sz\u00e1m alatti Kert\u00e9szeti \u00e1rud\u00e1ban.<\/p>\n<p>Forr\u00e1s:<a href=\"https:\/\/hu.wikipedia.org\/wiki\/Mikul%C3%A1svir%C3%A1g\">https:\/\/hu.wikipedia.org\/wiki\/Mikul%C3%A1svir%C3%A1g<\/a><\/p>\n","protected":false},"excerpt":{"rendered":"<p style=\"text-align: center;\">A\u00a0 Mikul\u00e1svir\u00e1g \u00a0(Euphorbia pulcherrima) napjainkban a kar\u00e1csony egyik szimbolikus szoban\u00f6v\u00e9nye.<\/p>\n<p>&nbsp;<\/p>\n<p style=\"text-align: center;\">A TERM\u00c9K\u00a0 CSAK SZEM\u00c9LYES \u00c1TV\u00c1TELLEL V\u00c1S\u00c1ROLHAT\u00d3 MEG!<\/p>","protected":false},"featured_media":18121,"template":"","meta":{"_et_pb_use_builder":"","_et_pb_old_content":"","_et_gb_content_width":""},"product_brand":[],"product_cat":[2523],"product_tag":[4499,4500,4501],"class_list":{"0":"post-18120","1":"product","2":"type-product","3":"status-publish","4":"has-post-thumbnail","6":"product_cat-szobanovenyek","7":"product_tag-miki","8":"product_tag-mikulas","9":"product_tag-mikulasvirag","11":"first","12":"outofstock","13":"shipping-taxable","14":"product-type-simple"},"yoast_head":"<!-- This site is optimized with the Yoast SEO plugin v27.5 - https:\/\/yoast.com\/product\/yoast-seo-wordpress\/ -->\n<title>Mikul\u00e1svir\u00e1g - T\u00e1jkert\u00e9sz<\/title>\n<meta name=\"description\" content=\"A\u00a0 Mikul\u00e1svir\u00e1g \u00a0(Euphorbia pulcherrima) napjainkban a kar\u00e1csony egyik szimbolikus szoban\u00f6v\u00e9nye.\" \/>\n<meta name=\"robots\" content=\"index, follow, max-snippet:-1, max-image-preview:large, max-video-preview:-1\" \/>\n<link rel=\"canonical\" href=\"https:\/\/tajkertesz.com\/en_US\/product\/mikulasvirag\/\" \/>\n<meta property=\"og:locale\" content=\"en_US\" \/>\n<meta property=\"og:type\" content=\"article\" \/>\n<meta property=\"og:title\" content=\"Mikul\u00e1svir\u00e1g - T\u00e1jkert\u00e9sz\" \/>\n<meta property=\"og:description\" content=\"A\u00a0 Mikul\u00e1svir\u00e1g \u00a0(Euphorbia pulcherrima) napjainkban a kar\u00e1csony egyik szimbolikus szoban\u00f6v\u00e9nye.\" \/>\n<meta property=\"og:url\" content=\"https:\/\/tajkertesz.com\/en_US\/product\/mikulasvirag\/\" \/>\n<meta property=\"og:site_name\" content=\"T\u00e1jkert\u00e9sz\" \/>\n<meta property=\"article:publisher\" content=\"https:\/\/www.facebook.com\/Tajkertesz\/\" \/>\n<meta property=\"article:modified_time\" content=\"2026-01-29T15:07:21+00:00\" \/>\n<meta property=\"og:image\" content=\"https:\/\/tajkertesz.com\/wp-content\/uploads\/2023\/12\/Mikulasvirag-scaled.jpg\" \/>\n\t<meta property=\"og:image:width\" content=\"1920\" \/>\n\t<meta property=\"og:image:height\" content=\"2320\" \/>\n\t<meta property=\"og:image:type\" content=\"image\/jpeg\" \/>\n<meta name=\"twitter:card\" content=\"summary_large_image\" \/>\n<meta name=\"twitter:label1\" content=\"Est. reading time\" \/>\n\t<meta name=\"twitter:data1\" content=\"2 minutes\" \/>\n<script type=\"application\/ld+json\" class=\"yoast-schema-graph\">{\"@context\":\"https:\\\/\\\/schema.org\",\"@graph\":[{\"@type\":\"WebPage\",\"@id\":\"https:\\\/\\\/tajkertesz.com\\\/termek\\\/mikulasvirag\\\/\",\"url\":\"https:\\\/\\\/tajkertesz.com\\\/termek\\\/mikulasvirag\\\/\",\"name\":\"Mikul\u00e1svir\u00e1g - T\u00e1jkert\u00e9sz\",\"isPartOf\":{\"@id\":\"https:\\\/\\\/tajkertesz.com\\\/#website\"},\"primaryImageOfPage\":{\"@id\":\"https:\\\/\\\/tajkertesz.com\\\/termek\\\/mikulasvirag\\\/#primaryimage\"},\"image\":{\"@id\":\"https:\\\/\\\/tajkertesz.com\\\/termek\\\/mikulasvirag\\\/#primaryimage\"},\"thumbnailUrl\":\"https:\\\/\\\/tajkertesz.com\\\/wp-content\\\/uploads\\\/2023\\\/12\\\/Mikulasvirag-scaled.jpg\",\"datePublished\":\"2023-12-07T09:01:52+00:00\",\"dateModified\":\"2026-01-29T15:07:21+00:00\",\"description\":\"A\u00a0 Mikul\u00e1svir\u00e1g \u00a0(Euphorbia pulcherrima) napjainkban a kar\u00e1csony egyik szimbolikus szoban\u00f6v\u00e9nye.\",\"breadcrumb\":{\"@id\":\"https:\\\/\\\/tajkertesz.com\\\/termek\\\/mikulasvirag\\\/#breadcrumb\"},\"inLanguage\":\"en-US\",\"potentialAction\":[{\"@type\":\"ReadAction\",\"target\":[\"https:\\\/\\\/tajkertesz.com\\\/termek\\\/mikulasvirag\\\/\"]}]},{\"@type\":\"ImageObject\",\"inLanguage\":\"en-US\",\"@id\":\"https:\\\/\\\/tajkertesz.com\\\/termek\\\/mikulasvirag\\\/#primaryimage\",\"url\":\"https:\\\/\\\/tajkertesz.com\\\/wp-content\\\/uploads\\\/2023\\\/12\\\/Mikulasvirag-scaled.jpg\",\"contentUrl\":\"https:\\\/\\\/tajkertesz.com\\\/wp-content\\\/uploads\\\/2023\\\/12\\\/Mikulasvirag-scaled.jpg\",\"width\":1920,\"height\":2320},{\"@type\":\"BreadcrumbList\",\"@id\":\"https:\\\/\\\/tajkertesz.com\\\/termek\\\/mikulasvirag\\\/#breadcrumb\",\"itemListElement\":[{\"@type\":\"ListItem\",\"position\":1,\"name\":\"Home\",\"item\":\"https:\\\/\\\/tajkertesz.com\\\/\"},{\"@type\":\"ListItem\",\"position\":2,\"name\":\"Kezd\u0151lap\",\"item\":\"https:\\\/\\\/tajkertesz.com\\\/\"},{\"@type\":\"ListItem\",\"position\":3,\"name\":\"Mikul\u00e1svir\u00e1g\"}]},{\"@type\":\"WebSite\",\"@id\":\"https:\\\/\\\/tajkertesz.com\\\/#website\",\"url\":\"https:\\\/\\\/tajkertesz.com\\\/\",\"name\":\"T\u00e1j-Kert\u00e9sz 84 Kft.\",\"description\":\"Kert\u00e9szeti kis- \u00e9s nagykeresked\u00e9s, D\u00edszn\u00f6v\u00e9ny web\u00e1ruh\u00e1z orsz\u00e1gos h\u00e1zhozsz\u00e1ll\u00edt\u00e1ssal!\",\"publisher\":{\"@id\":\"https:\\\/\\\/tajkertesz.com\\\/#organization\"},\"potentialAction\":[{\"@type\":\"SearchAction\",\"target\":{\"@type\":\"EntryPoint\",\"urlTemplate\":\"https:\\\/\\\/tajkertesz.com\\\/?s={search_term_string}\"},\"query-input\":{\"@type\":\"PropertyValueSpecification\",\"valueRequired\":true,\"valueName\":\"search_term_string\"}}],\"inLanguage\":\"en-US\"},{\"@type\":\"Organization\",\"@id\":\"https:\\\/\\\/tajkertesz.com\\\/#organization\",\"name\":\"T\u00e1j-Kert\u00e9sz 84 Kft.\",\"url\":\"https:\\\/\\\/tajkertesz.com\\\/\",\"logo\":{\"@type\":\"ImageObject\",\"inLanguage\":\"en-US\",\"@id\":\"https:\\\/\\\/tajkertesz.com\\\/#\\\/schema\\\/logo\\\/image\\\/\",\"url\":\"https:\\\/\\\/tajkertesz.com\\\/wp-content\\\/uploads\\\/2018\\\/02\\\/logo-2-e1518678052539.png\",\"contentUrl\":\"https:\\\/\\\/tajkertesz.com\\\/wp-content\\\/uploads\\\/2018\\\/02\\\/logo-2-e1518678052539.png\",\"width\":81,\"height\":140,\"caption\":\"T\u00e1j-Kert\u00e9sz 84 Kft.\"},\"image\":{\"@id\":\"https:\\\/\\\/tajkertesz.com\\\/#\\\/schema\\\/logo\\\/image\\\/\"},\"sameAs\":[\"https:\\\/\\\/www.facebook.com\\\/Tajkertesz\\\/\"]}]}<\/script>\n<!-- \/ Yoast SEO plugin. -->","yoast_head_json":{"title":"Mikul\u00e1svir\u00e1g - T\u00e1jkert\u00e9sz","description":"A\u00a0 Mikul\u00e1svir\u00e1g \u00a0(Euphorbia pulcherrima) napjainkban a kar\u00e1csony egyik szimbolikus szoban\u00f6v\u00e9nye.","robots":{"index":"index","follow":"follow","max-snippet":"max-snippet:-1","max-image-preview":"max-image-preview:large","max-video-preview":"max-video-preview:-1"},"canonical":"https:\/\/tajkertesz.com\/en_US\/product\/mikulasvirag\/","og_locale":"en_US","og_type":"article","og_title":"Mikul\u00e1svir\u00e1g - T\u00e1jkert\u00e9sz","og_description":"A\u00a0 Mikul\u00e1svir\u00e1g \u00a0(Euphorbia pulcherrima) napjainkban a kar\u00e1csony egyik szimbolikus szoban\u00f6v\u00e9nye.","og_url":"https:\/\/tajkertesz.com\/en_US\/product\/mikulasvirag\/","og_site_name":"T\u00e1jkert\u00e9sz","article_publisher":"https:\/\/www.facebook.com\/Tajkertesz\/","article_modified_time":"2026-01-29T15:07:21+00:00","og_image":[{"width":1920,"height":2320,"url":"https:\/\/tajkertesz.com\/wp-content\/uploads\/2023\/12\/Mikulasvirag-scaled.jpg","type":"image\/jpeg"}],"twitter_card":"summary_large_image","twitter_misc":{"Est. reading time":"2 minutes"},"schema":{"@context":"https:\/\/schema.org","@graph":[{"@type":"WebPage","@id":"https:\/\/tajkertesz.com\/termek\/mikulasvirag\/","url":"https:\/\/tajkertesz.com\/termek\/mikulasvirag\/","name":"Mikul\u00e1svir\u00e1g - T\u00e1jkert\u00e9sz","isPartOf":{"@id":"https:\/\/tajkertesz.com\/#website"},"primaryImageOfPage":{"@id":"https:\/\/tajkertesz.com\/termek\/mikulasvirag\/#primaryimage"},"image":{"@id":"https:\/\/tajkertesz.com\/termek\/mikulasvirag\/#primaryimage"},"thumbnailUrl":"https:\/\/tajkertesz.com\/wp-content\/uploads\/2023\/12\/Mikulasvirag-scaled.jpg","datePublished":"2023-12-07T09:01:52+00:00","dateModified":"2026-01-29T15:07:21+00:00","description":"A\u00a0 Mikul\u00e1svir\u00e1g \u00a0(Euphorbia pulcherrima) napjainkban a kar\u00e1csony egyik szimbolikus szoban\u00f6v\u00e9nye.","breadcrumb":{"@id":"https:\/\/tajkertesz.com\/termek\/mikulasvirag\/#breadcrumb"},"inLanguage":"en-US","potentialAction":[{"@type":"ReadAction","target":["https:\/\/tajkertesz.com\/termek\/mikulasvirag\/"]}]},{"@type":"ImageObject","inLanguage":"en-US","@id":"https:\/\/tajkertesz.com\/termek\/mikulasvirag\/#primaryimage","url":"https:\/\/tajkertesz.com\/wp-content\/uploads\/2023\/12\/Mikulasvirag-scaled.jpg","contentUrl":"https:\/\/tajkertesz.com\/wp-content\/uploads\/2023\/12\/Mikulasvirag-scaled.jpg","width":1920,"height":2320},{"@type":"BreadcrumbList","@id":"https:\/\/tajkertesz.com\/termek\/mikulasvirag\/#breadcrumb","itemListElement":[{"@type":"ListItem","position":1,"name":"Home","item":"https:\/\/tajkertesz.com\/"},{"@type":"ListItem","position":2,"name":"Kezd\u0151lap","item":"https:\/\/tajkertesz.com\/"},{"@type":"ListItem","position":3,"name":"Mikul\u00e1svir\u00e1g"}]},{"@type":"WebSite","@id":"https:\/\/tajkertesz.com\/#website","url":"https:\/\/tajkertesz.com\/","name":"T\u00e1j-Kert\u00e9sz 84 Kft.","description":"Kert\u00e9szeti kis- \u00e9s nagykeresked\u00e9s, D\u00edszn\u00f6v\u00e9ny web\u00e1ruh\u00e1z orsz\u00e1gos h\u00e1zhozsz\u00e1ll\u00edt\u00e1ssal!","publisher":{"@id":"https:\/\/tajkertesz.com\/#organization"},"potentialAction":[{"@type":"SearchAction","target":{"@type":"EntryPoint","urlTemplate":"https:\/\/tajkertesz.com\/?s={search_term_string}"},"query-input":{"@type":"PropertyValueSpecification","valueRequired":true,"valueName":"search_term_string"}}],"inLanguage":"en-US"},{"@type":"Organization","@id":"https:\/\/tajkertesz.com\/#organization","name":"T\u00e1j-Kert\u00e9sz 84 Kft.","url":"https:\/\/tajkertesz.com\/","logo":{"@type":"ImageObject","inLanguage":"en-US","@id":"https:\/\/tajkertesz.com\/#\/schema\/logo\/image\/","url":"https:\/\/tajkertesz.com\/wp-content\/uploads\/2018\/02\/logo-2-e1518678052539.png","contentUrl":"https:\/\/tajkertesz.com\/wp-content\/uploads\/2018\/02\/logo-2-e1518678052539.png","width":81,"height":140,"caption":"T\u00e1j-Kert\u00e9sz 84 Kft."},"image":{"@id":"https:\/\/tajkertesz.com\/#\/schema\/logo\/image\/"},"sameAs":["https:\/\/www.facebook.com\/Tajkertesz\/"]}]}},"_links":{"self":[{"href":"https:\/\/tajkertesz.com\/en_US\/wp-json\/wp\/v2\/product\/18120","targetHints":{"allow":["GET"]}}],"collection":[{"href":"https:\/\/tajkertesz.com\/en_US\/wp-json\/wp\/v2\/product"}],"about":[{"href":"https:\/\/tajkertesz.com\/en_US\/wp-json\/wp\/v2\/types\/product"}],"wp:featuredmedia":[{"embeddable":true,"href":"https:\/\/tajkertesz.com\/en_US\/wp-json\/wp\/v2\/media\/18121"}],"wp:attachment":[{"href":"https:\/\/tajkertesz.com\/en_US\/wp-json\/wp\/v2\/media?parent=18120"}],"wp:term":[{"taxonomy":"product_brand","embeddable":true,"href":"https:\/\/tajkertesz.com\/en_US\/wp-json\/wp\/v2\/product_brand?post=18120"},{"taxonomy":"product_cat","embeddable":true,"href":"https:\/\/tajkertesz.com\/en_US\/wp-json\/wp\/v2\/product_cat?post=18120"},{"taxonomy":"product_tag","embeddable":true,"href":"https:\/\/tajkertesz.com\/en_US\/wp-json\/wp\/v2\/product_tag?post=18120"}],"curies":[{"name":"wp","href":"https:\/\/api.w.org\/{rel}","templated":true}]}}