{"id":18137,"date":"2023-12-07T15:27:03","date_gmt":"2023-12-07T15:27:03","guid":{"rendered":"https:\/\/tajkertesz.com\/?post_type=product&#038;p=18137"},"modified":"2024-11-22T14:43:33","modified_gmt":"2024-11-22T14:43:33","slug":"szanko-alaku-fenyotalp-karacsonyfatalp","status":"publish","type":"product","link":"https:\/\/tajkertesz.com\/en_US\/product\/szanko-alaku-fenyotalp-karacsonyfatalp\/","title":{"rendered":"Sz\u00e1nk\u00f3 alak\u00fa Feny\u0151talp -Kar\u00e1csonyfatalp\u00a0"},"content":{"rendered":"<p>Sz\u00e1nk\u00f3 alak\u00fa Feny\u0151talp -Kar\u00e1csonyfatalp<\/p>\n<p>&nbsp;<\/p>\n<p>A tart\u00f3 \u00e1tm\u00e9r\u0151je\u00a0 6 cm\u00a0 , hossza: 77 cm.<\/p>\n<p>&nbsp;<\/p>\n<p>&nbsp;<\/p>\n<p>A f\u00e9m Feny\u0151talp -Kar\u00e1csonyfatalpak t\u00f6bb m\u00e9retben kaphat\u00f3ak .<\/p>\n<p style=\"text-align: center;\">Kert\u00e9szet\u00fcnkben zalai termeszt\u00e9s\u0171 \u00e1ltalunk v\u00e1logatott v\u00e1gott \u00e9s gy\u00f6keres feny\u0151f\u00e1kat \u00e9rt\u00e9kes\u00edt\u00fcnk az 1m-es p\u00e9ld\u00e1nyokt\u00f3l az extra m\u00e9ret\u0171 4,5m-es p\u00e9ld\u00e1nyokig.<\/p>\n<p style=\"text-align: center;\">Gy\u00f6keres feny\u0151f\u00e1ink 50cm-t\u0151l a 2m-es magass\u00e1gig megv\u00e1s\u00e1rolhat\u00f3.<\/p>\n<h4 style=\"text-align: center;\">A megv\u00e1s\u00e1rolt f\u00e1kat ig\u00e9ny szerint befaragjuk a feny\u0151fa talpba, becsomagoljuk \u00e9s ak\u00e1r h\u00e1zhoz is sz\u00e1ll\u00edtjuk!<\/h4>\n<p style=\"text-align: center;\">L\u00e1togassa meg kert\u00e9szet\u00fcnket szem\u00e9lyesen vagy rendeljen web\u00e1ruh\u00e1zunkb\u00f3l!<\/p>\n<p><strong>Kisz\u00e1ll\u00edt\u00e1s: 200cm-ig \u00a0\u00e9s 40 kg-ig a sz\u00e1ll\u00edt\u00e1s fut\u00e1rszolg\u00e1lattal \u00a0t\u00f6rt\u00e9nik!<\/strong><\/p>\n<p><strong>Amennyiben 200cm-n\u00e9l magasabb feny\u0151f\u00e1t szeretne v\u00e1s\u00e1rolni l\u00e1togassa meg kert\u00e9szet\u00fcnket szem\u00e9lyesen!<\/strong><\/p>\n<p><b>K\u00e9szlet\u00fcnk napi szinten v\u00e1ltozik, ez\u00e9rt k\u00e9rj\u00fck, \u00e9rdekl\u0151dj\u00f6n szem\u00e9lyesen, telefonon vagy email-en.<br \/>\nA v\u00e1ltoztat\u00e1s jog\u00e1t fenntartjuk!\u00a0<\/b><\/p>\n<p>&nbsp;<\/p>\n<p>&nbsp;<\/p>\n<p>El\u00e9rhet\u0151 t\u00f6bbf\u00e9le m\u00e9retben \u00e9s \u00e1rban.<\/p>\n<p><strong>K\u00e9szlet\u00fcnk napi szinten v\u00e1ltozik, ez\u00e9rt k\u00e9rj\u00fck, \u00e9rdekl\u0151dj\u00f6n szem\u00e9lyesen, telefonon vagy email-en.<br \/>\nA v\u00e1ltoztat\u00e1s jog\u00e1t fenntartjuk!\u00a0<\/strong><\/p>\n<p>&nbsp;<\/p>\n<p><a href=\"https:\/\/tajkertesz.com\/\">https:\/\/tajkertesz.com\/<\/a><\/p>\n<p><a href=\"https:\/\/www.facebook.com\/tajkertesz\/\">https:\/\/www.facebook.com\/tajkertesz\/<\/a><\/p>\n<p>Kisz\u00e1ll\u00edt\u00e1s: 200cm-ig \u00a0\u00e9s 40 kg-ig a sz\u00e1ll\u00edt\u00e1s fut\u00e1rszolg\u00e1lattal \u00a0t\u00f6rt\u00e9nik.<\/p>\n<p>Szem\u00e9lyes \u00e1tv\u00e9tel nyitvatart\u00e1si id\u0151ben a 17. ker\u00fclet Bakancsos utca 7. sz\u00e1m alatti Kert\u00e9szeti \u00e1rud\u00e1ban.<\/p>\n<h6><span style=\"color: #ffffff;\">A Kauk\u00e1zusi jegenyefeny\u0151 (Abies Nordmanniana) kifejlett kor\u00e1ban el\u00e9rheti a 15\/20 (30 !!!) m\u00e9teres magass\u00e1got is! T\u00f6m\u00f6tt, k\u00fapos koron\u00e1j\u00fa fa. \u00c1gai enyh\u00e9n fel\u00e1llnak, \u00e1grendszere t\u00f6m\u00f6tt. Levelei (2-3,5 cm) a hajt\u00e1s fels\u0151 r\u00e9sz\u00e9n f\u00e9lk\u00f6rben kefeszer\u0171en \u00e1llnak alul feh\u00e9r cs\u00edkkal, megd\u00f6rzs\u00f6lve kellemesen narancsos illat\u00faak. A levelek f\u00e9nyesz\u00f6ldek, alul feh\u00e9r cs\u00edkkal, megd\u00f6rzs\u00f6lve kellemesen narancsos illat\u00faak. \u00c9rett tobozai pikkelyekre hullanak sz\u00e9t. Fiatal kor\u00e1ban lassan n\u0151. Mivel tavasszal viszonylag k\u00e9s\u0151n indul, a kora tavaszi fagyok nem k\u00e1ros\u00edtj\u00e1k. K\u00e9s\u0151n fordul term\u0151re. V\u00e1gott z\u00f6ldje els\u0151 oszt\u00e1ly\u00fa k\u00f6t\u00e9szeti anyag; a\u00a0vir\u00e1gk\u00f6t\u00e9szetek ig\u00e9nyeit k\u00fcl\u00f6n e c\u00e9lra telep\u00edtett \u00fcltetv\u00e9nyek szolg\u00e1lj\u00e1k. Kar\u00e1csonyf\u00e1nak is gyakran nevelik.<\/span><\/h6>","protected":false},"excerpt":{"rendered":"<p>Sz\u00e1nk\u00f3 alak\u00fa Feny\u0151talp -Kar\u00e1csonyfatalp<\/p>\n<p>A tart\u00f3 \u00e1tm\u00e9r\u0151je\u00a0 6 cm\u00a0 , hossza: 77 cm.<\/p>\n<p>A f\u00e9m Feny\u0151talp -Kar\u00e1csonyfatalpak t\u00f6bb m\u00e9retben kaphat\u00f3ak .<\/p>","protected":false},"featured_media":18138,"template":"","meta":{"_et_pb_use_builder":"","_et_pb_old_content":"","_et_gb_content_width":""},"product_brand":[],"product_cat":[3472],"product_tag":[4505,4502,4506,4504],"class_list":{"0":"post-18137","1":"product","2":"type-product","3":"status-publish","4":"has-post-thumbnail","6":"product_cat-fenyofatalp","7":"product_tag-alaku","8":"product_tag-fenyotalp","9":"product_tag-karacsonyfatalp","10":"product_tag-szanko","12":"first","13":"outofstock","14":"shipping-taxable","15":"product-type-simple"},"yoast_head":"<!-- This site is optimized with the Yoast SEO plugin v27.3 - https:\/\/yoast.com\/product\/yoast-seo-wordpress\/ -->\n<title>Sz\u00e1nk\u00f3 alak\u00fa Feny\u0151talp -Kar\u00e1csonyfatalp\u00a0 - T\u00e1jkert\u00e9sz<\/title>\n<meta name=\"description\" content=\"Sz\u00e1nk\u00f3 alak\u00fa Feny\u0151talp -Kar\u00e1csonyfatalp\u00a0A tart\u00f3 \u00e1tm\u00e9r\u0151je\u00a0 6 cm\u00a0 , hossza: 77 cm. A f\u00e9m Feny\u0151talp -Kar\u00e1csonyfatalpak t\u00f6bb m\u00e9retben kaphat\u00f3ak .\" \/>\n<meta name=\"robots\" content=\"index, follow, max-snippet:-1, max-image-preview:large, max-video-preview:-1\" \/>\n<link rel=\"canonical\" href=\"https:\/\/tajkertesz.com\/en_US\/product\/szanko-alaku-fenyotalp-karacsonyfatalp\/\" \/>\n<meta property=\"og:locale\" content=\"en_US\" \/>\n<meta property=\"og:type\" content=\"article\" \/>\n<meta property=\"og:title\" content=\"Sz\u00e1nk\u00f3 alak\u00fa Feny\u0151talp -Kar\u00e1csonyfatalp\u00a0 - T\u00e1jkert\u00e9sz\" \/>\n<meta property=\"og:description\" content=\"Sz\u00e1nk\u00f3 alak\u00fa Feny\u0151talp -Kar\u00e1csonyfatalp\u00a0A tart\u00f3 \u00e1tm\u00e9r\u0151je\u00a0 6 cm\u00a0 , hossza: 77 cm. A f\u00e9m Feny\u0151talp -Kar\u00e1csonyfatalpak t\u00f6bb m\u00e9retben kaphat\u00f3ak .\" \/>\n<meta property=\"og:url\" content=\"https:\/\/tajkertesz.com\/en_US\/product\/szanko-alaku-fenyotalp-karacsonyfatalp\/\" \/>\n<meta property=\"og:site_name\" content=\"T\u00e1jkert\u00e9sz\" \/>\n<meta property=\"article:publisher\" content=\"https:\/\/www.facebook.com\/Tajkertesz\/\" \/>\n<meta property=\"article:modified_time\" content=\"2024-11-22T14:43:33+00:00\" \/>\n<meta property=\"og:image\" content=\"https:\/\/tajkertesz.com\/wp-content\/uploads\/2023\/12\/szanko.jpg\" \/>\n\t<meta property=\"og:image:width\" content=\"403\" \/>\n\t<meta property=\"og:image:height\" content=\"893\" \/>\n\t<meta property=\"og:image:type\" content=\"image\/jpeg\" \/>\n<meta name=\"twitter:card\" content=\"summary_large_image\" \/>\n<meta name=\"twitter:label1\" content=\"Est. reading time\" \/>\n\t<meta name=\"twitter:data1\" content=\"2 minutes\" \/>\n<script type=\"application\/ld+json\" class=\"yoast-schema-graph\">{\"@context\":\"https:\\\/\\\/schema.org\",\"@graph\":[{\"@type\":\"WebPage\",\"@id\":\"https:\\\/\\\/tajkertesz.com\\\/termek\\\/szanko-alaku-fenyotalp-karacsonyfatalp\\\/\",\"url\":\"https:\\\/\\\/tajkertesz.com\\\/termek\\\/szanko-alaku-fenyotalp-karacsonyfatalp\\\/\",\"name\":\"Sz\u00e1nk\u00f3 alak\u00fa Feny\u0151talp -Kar\u00e1csonyfatalp\u00a0 - T\u00e1jkert\u00e9sz\",\"isPartOf\":{\"@id\":\"https:\\\/\\\/tajkertesz.com\\\/#website\"},\"primaryImageOfPage\":{\"@id\":\"https:\\\/\\\/tajkertesz.com\\\/termek\\\/szanko-alaku-fenyotalp-karacsonyfatalp\\\/#primaryimage\"},\"image\":{\"@id\":\"https:\\\/\\\/tajkertesz.com\\\/termek\\\/szanko-alaku-fenyotalp-karacsonyfatalp\\\/#primaryimage\"},\"thumbnailUrl\":\"https:\\\/\\\/tajkertesz.com\\\/wp-content\\\/uploads\\\/2023\\\/12\\\/szanko.jpg\",\"datePublished\":\"2023-12-07T15:27:03+00:00\",\"dateModified\":\"2024-11-22T14:43:33+00:00\",\"description\":\"Sz\u00e1nk\u00f3 alak\u00fa Feny\u0151talp -Kar\u00e1csonyfatalp\u00a0A tart\u00f3 \u00e1tm\u00e9r\u0151je\u00a0 6 cm\u00a0 , hossza: 77 cm. A f\u00e9m Feny\u0151talp -Kar\u00e1csonyfatalpak t\u00f6bb m\u00e9retben kaphat\u00f3ak .\",\"breadcrumb\":{\"@id\":\"https:\\\/\\\/tajkertesz.com\\\/termek\\\/szanko-alaku-fenyotalp-karacsonyfatalp\\\/#breadcrumb\"},\"inLanguage\":\"en-US\",\"potentialAction\":[{\"@type\":\"ReadAction\",\"target\":[\"https:\\\/\\\/tajkertesz.com\\\/termek\\\/szanko-alaku-fenyotalp-karacsonyfatalp\\\/\"]}]},{\"@type\":\"ImageObject\",\"inLanguage\":\"en-US\",\"@id\":\"https:\\\/\\\/tajkertesz.com\\\/termek\\\/szanko-alaku-fenyotalp-karacsonyfatalp\\\/#primaryimage\",\"url\":\"https:\\\/\\\/tajkertesz.com\\\/wp-content\\\/uploads\\\/2023\\\/12\\\/szanko.jpg\",\"contentUrl\":\"https:\\\/\\\/tajkertesz.com\\\/wp-content\\\/uploads\\\/2023\\\/12\\\/szanko.jpg\",\"width\":403,\"height\":893},{\"@type\":\"BreadcrumbList\",\"@id\":\"https:\\\/\\\/tajkertesz.com\\\/termek\\\/szanko-alaku-fenyotalp-karacsonyfatalp\\\/#breadcrumb\",\"itemListElement\":[{\"@type\":\"ListItem\",\"position\":1,\"name\":\"Home\",\"item\":\"https:\\\/\\\/tajkertesz.com\\\/\"},{\"@type\":\"ListItem\",\"position\":2,\"name\":\"Kezd\u0151lap\",\"item\":\"https:\\\/\\\/tajkertesz.com\\\/\"},{\"@type\":\"ListItem\",\"position\":3,\"name\":\"Sz\u00e1nk\u00f3 alak\u00fa Feny\u0151talp -Kar\u00e1csonyfatalp\u00a0\"}]},{\"@type\":\"WebSite\",\"@id\":\"https:\\\/\\\/tajkertesz.com\\\/#website\",\"url\":\"https:\\\/\\\/tajkertesz.com\\\/\",\"name\":\"T\u00e1j-Kert\u00e9sz 84 Kft.\",\"description\":\"Kert\u00e9szeti kis- \u00e9s nagykeresked\u00e9s, D\u00edszn\u00f6v\u00e9ny web\u00e1ruh\u00e1z orsz\u00e1gos h\u00e1zhozsz\u00e1ll\u00edt\u00e1ssal!\",\"publisher\":{\"@id\":\"https:\\\/\\\/tajkertesz.com\\\/#organization\"},\"potentialAction\":[{\"@type\":\"SearchAction\",\"target\":{\"@type\":\"EntryPoint\",\"urlTemplate\":\"https:\\\/\\\/tajkertesz.com\\\/?s={search_term_string}\"},\"query-input\":{\"@type\":\"PropertyValueSpecification\",\"valueRequired\":true,\"valueName\":\"search_term_string\"}}],\"inLanguage\":\"en-US\"},{\"@type\":\"Organization\",\"@id\":\"https:\\\/\\\/tajkertesz.com\\\/#organization\",\"name\":\"T\u00e1j-Kert\u00e9sz 84 Kft.\",\"url\":\"https:\\\/\\\/tajkertesz.com\\\/\",\"logo\":{\"@type\":\"ImageObject\",\"inLanguage\":\"en-US\",\"@id\":\"https:\\\/\\\/tajkertesz.com\\\/#\\\/schema\\\/logo\\\/image\\\/\",\"url\":\"https:\\\/\\\/tajkertesz.com\\\/wp-content\\\/uploads\\\/2018\\\/02\\\/logo-2-e1518678052539.png\",\"contentUrl\":\"https:\\\/\\\/tajkertesz.com\\\/wp-content\\\/uploads\\\/2018\\\/02\\\/logo-2-e1518678052539.png\",\"width\":81,\"height\":140,\"caption\":\"T\u00e1j-Kert\u00e9sz 84 Kft.\"},\"image\":{\"@id\":\"https:\\\/\\\/tajkertesz.com\\\/#\\\/schema\\\/logo\\\/image\\\/\"},\"sameAs\":[\"https:\\\/\\\/www.facebook.com\\\/Tajkertesz\\\/\"]}]}<\/script>\n<!-- \/ Yoast SEO plugin. -->","yoast_head_json":{"title":"Sz\u00e1nk\u00f3 alak\u00fa Feny\u0151talp -Kar\u00e1csonyfatalp\u00a0 - T\u00e1jkert\u00e9sz","description":"Sz\u00e1nk\u00f3 alak\u00fa Feny\u0151talp -Kar\u00e1csonyfatalp\u00a0A tart\u00f3 \u00e1tm\u00e9r\u0151je\u00a0 6 cm\u00a0 , hossza: 77 cm. A f\u00e9m Feny\u0151talp -Kar\u00e1csonyfatalpak t\u00f6bb m\u00e9retben kaphat\u00f3ak .","robots":{"index":"index","follow":"follow","max-snippet":"max-snippet:-1","max-image-preview":"max-image-preview:large","max-video-preview":"max-video-preview:-1"},"canonical":"https:\/\/tajkertesz.com\/en_US\/product\/szanko-alaku-fenyotalp-karacsonyfatalp\/","og_locale":"en_US","og_type":"article","og_title":"Sz\u00e1nk\u00f3 alak\u00fa Feny\u0151talp -Kar\u00e1csonyfatalp\u00a0 - T\u00e1jkert\u00e9sz","og_description":"Sz\u00e1nk\u00f3 alak\u00fa Feny\u0151talp -Kar\u00e1csonyfatalp\u00a0A tart\u00f3 \u00e1tm\u00e9r\u0151je\u00a0 6 cm\u00a0 , hossza: 77 cm. A f\u00e9m Feny\u0151talp -Kar\u00e1csonyfatalpak t\u00f6bb m\u00e9retben kaphat\u00f3ak .","og_url":"https:\/\/tajkertesz.com\/en_US\/product\/szanko-alaku-fenyotalp-karacsonyfatalp\/","og_site_name":"T\u00e1jkert\u00e9sz","article_publisher":"https:\/\/www.facebook.com\/Tajkertesz\/","article_modified_time":"2024-11-22T14:43:33+00:00","og_image":[{"width":403,"height":893,"url":"https:\/\/tajkertesz.com\/wp-content\/uploads\/2023\/12\/szanko.jpg","type":"image\/jpeg"}],"twitter_card":"summary_large_image","twitter_misc":{"Est. reading time":"2 minutes"},"schema":{"@context":"https:\/\/schema.org","@graph":[{"@type":"WebPage","@id":"https:\/\/tajkertesz.com\/termek\/szanko-alaku-fenyotalp-karacsonyfatalp\/","url":"https:\/\/tajkertesz.com\/termek\/szanko-alaku-fenyotalp-karacsonyfatalp\/","name":"Sz\u00e1nk\u00f3 alak\u00fa Feny\u0151talp -Kar\u00e1csonyfatalp\u00a0 - T\u00e1jkert\u00e9sz","isPartOf":{"@id":"https:\/\/tajkertesz.com\/#website"},"primaryImageOfPage":{"@id":"https:\/\/tajkertesz.com\/termek\/szanko-alaku-fenyotalp-karacsonyfatalp\/#primaryimage"},"image":{"@id":"https:\/\/tajkertesz.com\/termek\/szanko-alaku-fenyotalp-karacsonyfatalp\/#primaryimage"},"thumbnailUrl":"https:\/\/tajkertesz.com\/wp-content\/uploads\/2023\/12\/szanko.jpg","datePublished":"2023-12-07T15:27:03+00:00","dateModified":"2024-11-22T14:43:33+00:00","description":"Sz\u00e1nk\u00f3 alak\u00fa Feny\u0151talp -Kar\u00e1csonyfatalp\u00a0A tart\u00f3 \u00e1tm\u00e9r\u0151je\u00a0 6 cm\u00a0 , hossza: 77 cm. A f\u00e9m Feny\u0151talp -Kar\u00e1csonyfatalpak t\u00f6bb m\u00e9retben kaphat\u00f3ak .","breadcrumb":{"@id":"https:\/\/tajkertesz.com\/termek\/szanko-alaku-fenyotalp-karacsonyfatalp\/#breadcrumb"},"inLanguage":"en-US","potentialAction":[{"@type":"ReadAction","target":["https:\/\/tajkertesz.com\/termek\/szanko-alaku-fenyotalp-karacsonyfatalp\/"]}]},{"@type":"ImageObject","inLanguage":"en-US","@id":"https:\/\/tajkertesz.com\/termek\/szanko-alaku-fenyotalp-karacsonyfatalp\/#primaryimage","url":"https:\/\/tajkertesz.com\/wp-content\/uploads\/2023\/12\/szanko.jpg","contentUrl":"https:\/\/tajkertesz.com\/wp-content\/uploads\/2023\/12\/szanko.jpg","width":403,"height":893},{"@type":"BreadcrumbList","@id":"https:\/\/tajkertesz.com\/termek\/szanko-alaku-fenyotalp-karacsonyfatalp\/#breadcrumb","itemListElement":[{"@type":"ListItem","position":1,"name":"Home","item":"https:\/\/tajkertesz.com\/"},{"@type":"ListItem","position":2,"name":"Kezd\u0151lap","item":"https:\/\/tajkertesz.com\/"},{"@type":"ListItem","position":3,"name":"Sz\u00e1nk\u00f3 alak\u00fa Feny\u0151talp -Kar\u00e1csonyfatalp\u00a0"}]},{"@type":"WebSite","@id":"https:\/\/tajkertesz.com\/#website","url":"https:\/\/tajkertesz.com\/","name":"T\u00e1j-Kert\u00e9sz 84 Kft.","description":"Kert\u00e9szeti kis- \u00e9s nagykeresked\u00e9s, D\u00edszn\u00f6v\u00e9ny web\u00e1ruh\u00e1z orsz\u00e1gos h\u00e1zhozsz\u00e1ll\u00edt\u00e1ssal!","publisher":{"@id":"https:\/\/tajkertesz.com\/#organization"},"potentialAction":[{"@type":"SearchAction","target":{"@type":"EntryPoint","urlTemplate":"https:\/\/tajkertesz.com\/?s={search_term_string}"},"query-input":{"@type":"PropertyValueSpecification","valueRequired":true,"valueName":"search_term_string"}}],"inLanguage":"en-US"},{"@type":"Organization","@id":"https:\/\/tajkertesz.com\/#organization","name":"T\u00e1j-Kert\u00e9sz 84 Kft.","url":"https:\/\/tajkertesz.com\/","logo":{"@type":"ImageObject","inLanguage":"en-US","@id":"https:\/\/tajkertesz.com\/#\/schema\/logo\/image\/","url":"https:\/\/tajkertesz.com\/wp-content\/uploads\/2018\/02\/logo-2-e1518678052539.png","contentUrl":"https:\/\/tajkertesz.com\/wp-content\/uploads\/2018\/02\/logo-2-e1518678052539.png","width":81,"height":140,"caption":"T\u00e1j-Kert\u00e9sz 84 Kft."},"image":{"@id":"https:\/\/tajkertesz.com\/#\/schema\/logo\/image\/"},"sameAs":["https:\/\/www.facebook.com\/Tajkertesz\/"]}]}},"_links":{"self":[{"href":"https:\/\/tajkertesz.com\/en_US\/wp-json\/wp\/v2\/product\/18137","targetHints":{"allow":["GET"]}}],"collection":[{"href":"https:\/\/tajkertesz.com\/en_US\/wp-json\/wp\/v2\/product"}],"about":[{"href":"https:\/\/tajkertesz.com\/en_US\/wp-json\/wp\/v2\/types\/product"}],"wp:featuredmedia":[{"embeddable":true,"href":"https:\/\/tajkertesz.com\/en_US\/wp-json\/wp\/v2\/media\/18138"}],"wp:attachment":[{"href":"https:\/\/tajkertesz.com\/en_US\/wp-json\/wp\/v2\/media?parent=18137"}],"wp:term":[{"taxonomy":"product_brand","embeddable":true,"href":"https:\/\/tajkertesz.com\/en_US\/wp-json\/wp\/v2\/product_brand?post=18137"},{"taxonomy":"product_cat","embeddable":true,"href":"https:\/\/tajkertesz.com\/en_US\/wp-json\/wp\/v2\/product_cat?post=18137"},{"taxonomy":"product_tag","embeddable":true,"href":"https:\/\/tajkertesz.com\/en_US\/wp-json\/wp\/v2\/product_tag?post=18137"}],"curies":[{"name":"wp","href":"https:\/\/api.w.org\/{rel}","templated":true}]}}