{"id":18151,"date":"2023-12-11T13:29:02","date_gmt":"2023-12-11T13:29:02","guid":{"rendered":"https:\/\/tajkertesz.com\/?post_type=product&#038;p=18151"},"modified":"2026-01-09T08:04:36","modified_gmt":"2026-01-09T08:04:36","slug":"petimeszso","status":"publish","type":"product","link":"https:\/\/tajkertesz.com\/en_US\/product\/petimeszso\/","title":{"rendered":"P\u00e9tim\u00e9szs\u00f3 \u00faj nev\u00e9n: Genezis GreenMax 5 kg"},"content":{"rendered":"<p>P\u00e9tim\u00e9szs\u00f3 \u00faj nev\u00e9n: Genezis GreenMax 5kg<\/p>\n<p>\u00daj n\u00e9v, \u00faj csomagol\u00e1s, azonos beltartalom!<\/p>\n<h3>A P\u00e9tim\u00e9szs\u00f3 a j\u00f6v\u0151ben Green Max term\u00e9kn\u00e9v alatt ker\u00fcl forgalmaz\u00e1sra.<\/h3>\n<p>A\u00a0<strong>Green Max<\/strong>\u00a0nitrog\u00e9n, kalcium \u00e9s magn\u00e9zium egyidej\u0171 p\u00f3tl\u00e1s\u00e1sra alkalmas granul\u00e1lt \u00e1sv\u00e1nyi nitrog\u00e9n m\u0171tr\u00e1gya. A maximumot hozza ki kertj\u00e9b\u0151l, gy\u00fcm\u00f6lcs, z\u00f6lds\u00e9g \u00e9s vir\u00e1g term\u00e9s\u00e9b\u0151l!<\/p>\n<p>Nitrog\u00e9n, kalcium \u00e9s magn\u00e9zium egyidej\u0171 p\u00f3tl\u00e1s\u00e1ra alkalmas granul\u00e1lt \u00e1sv\u00e1nyi nitrog\u00e9nm\u0171tr\u00e1gya.<\/p>\n<p>A nagy \u00e9s biztons\u00e1gos term\u00e9s alapfelt\u00e9tele a harmonikus t\u00e1panyagell\u00e1t\u00e1s, melyhez a n\u00f6v\u00e9nyeknek az \u00f6sszes t\u00e1pelemet biztos\u00edtani kell. \u00c9rdemes olyan nitrog\u00e9nterm\u00e9keket el\u0151nyben r\u00e9szes\u00edteni, amelyek egyszerre t\u00f6bb makroelemet is tartalmaznak, mert \u00edgy azok k\u00fcl\u00f6n k\u00f6lts\u00e9g n\u00e9lk\u00fcl egy menetben juttathat\u00f3k ki.<\/p>\n<p><strong><em>A Green Max term\u00e9kel\u0151nyei:<\/em><\/strong><\/p>\n<ul>\n<li>A Green Max-ban l\u00e9v\u0151 talajjav\u00edt\u00f3-hat\u00f3anyag alkalikus, \u00edgy nagyon j\u00f3l alkalmazhat\u00f3 savany\u00fa talajok pH-j\u00e1nak emel\u00e9s\u00e9re<\/li>\n<li>Kalcium tartalma hozz\u00e1j\u00e1rul a kedvez\u0151 talajszerkezet kialak\u00edt\u00e1s\u00e1hoz, a v\u00edz\u00e1ll\u00f3 talajmorzs\u00e1k k\u00e9pz\u0151d\u00e9s\u00e9hez, ez\u00e1ltal a n\u00f6v\u00e9nyek kedvez\u0151bb v\u00edzfelv\u00e9tel\u00e9hez.<\/li>\n<li>Alkalmaz\u00e1s\u00e1val a talaj felvehet\u0151 foszformennyis\u00e9ge ak\u00e1r 20%-kal is n\u0151het, \u00edgy nagyobb term\u00e9smennyis\u00e9get \u00e9s jobb term\u00e9smin\u0151s\u00e9get \u00e9rhet\u00fcnk el<\/li>\n<li>A benne l\u00e9v\u0151 finomra \u0151r\u00f6lt dolomit biztos\u00edtja a kalcium \u00e9s a magn\u00e9zium gyors hasznosul\u00e1s\u00e1t<\/li>\n<li>Nagy szemcsem\u00e9ret\u00e9nek k\u00f6sz\u00f6nhet\u0151en 24 m-n\u00e9l nagyobb t\u00e1vols\u00e1gra is kiv\u00e1l\u00f3 sz\u00f3r\u00e1sk\u00e9ppel juttathat\u00f3 ki<\/li>\n<li>T\u00f6k\u00e9letesen g\u00f6mb\u00f6ly\u0171 szemcs\u00e9i kev\u00e9sb\u00e9 koptatj\u00e1k a g\u00e9pek f\u00e9m alkatr\u00e9szeit.<\/li>\n<li>Nem tartozik a prekurzor rendelet hat\u00e1lya al\u00e1.<\/li>\n<\/ul>\n<p><strong>Felhaszn\u00e1l\u00e1si javaslat:\u00a0<\/strong>Valamennyi kert\u00e9szeti \u00e9s sz\u00e1nt\u00f3f\u00f6ldi kult\u00far\u00e1ban, alap-, starter- \u00e9s fejtr\u00e1gyak\u00e9nt<\/p>\n<h2 class=\"heading-mimetic--section heading-mimetic--datasheet\">\u00d6sszetev\u0151k<\/h2>\n<ul class=\"datasheet__data-list\">\n<li class=\"clear-fix\">Nitrog\u00e9n (N)15.9%<\/li>\n<li class=\"clear-fix\">K\u00e1lcium &#8211; oxid (CaO)16.1%<\/li>\n<li class=\"clear-fix\">Magn\u00e9zium &#8211; oxid (MgO)11.6%<\/li>\n<\/ul>\n<p>El\u00e9rhet\u0151 t\u00f6bbf\u00e9le m\u00e9retben \u00e9s \u00e1rban.<\/p>\n<p><strong>K\u00e9szlet\u00fcnk napi szinten v\u00e1ltozik, ez\u00e9rt k\u00e9rj\u00fck, \u00e9rdekl\u0151dj\u00f6n szem\u00e9lyesen, telefonon vagy email-en.<br \/>\nA v\u00e1ltoztat\u00e1s jog\u00e1t fenntartjuk!\u00a0<\/strong><\/p>\n<p>&nbsp;<\/p>\n<p><a href=\"https:\/\/tajkertesz.com\/\">https:\/\/tajkertesz.com\/<\/a><\/p>\n<p><a href=\"https:\/\/www.facebook.com\/tajkertesz\/\">https:\/\/www.facebook.com\/tajkertesz\/<\/a><\/p>\n<p>Kisz\u00e1ll\u00edt\u00e1s: 200cm-ig \u00a0\u00e9s 40 kg-ig a sz\u00e1ll\u00edt\u00e1s fut\u00e1rszolg\u00e1lattal \u00a0t\u00f6rt\u00e9nik.<\/p>\n<p>Szem\u00e9lyes \u00e1tv\u00e9tel nyitvatart\u00e1si id\u0151ben a 17. ker\u00fclet Bakancsos utca 7. sz\u00e1m alatti Kert\u00e9szeti \u00e1rud\u00e1ban.<\/p>\n<p>&nbsp;<\/p>\n<p><a href=\"https:\/\/webshop.bagikft.hu\/letoltottbtadatlapok\/1702300322.zip\">Biztons\u00e1gi adatlap<\/a><\/p>","protected":false},"excerpt":{"rendered":"<p>\u00daj n\u00e9v, \u00faj csomagol\u00e1s, azonos beltartalom!<\/p>\n<h3>A P\u00e9tim\u00e9szs\u00f3 a j\u00f6v\u0151ben Green Max term\u00e9kn\u00e9v alatt ker\u00fcl forgalmaz\u00e1sra.<\/h3>\n<p>A\u00a0<strong>Green Max<\/strong>\u00a0nitrog\u00e9n, kalcium \u00e9s magn\u00e9zium egyidej\u0171 p\u00f3tl\u00e1s\u00e1sra alkalmas granul\u00e1lt \u00e1sv\u00e1nyi nitrog\u00e9n m\u0171tr\u00e1gya. A maximumot hozza ki kertj\u00e9b\u0151l, gy\u00fcm\u00f6lcs, z\u00f6lds\u00e9g \u00e9s vir\u00e1g term\u00e9s\u00e9b\u0151l!<\/p>\n<p>Nitrog\u00e9n, kalcium \u00e9s magn\u00e9zium egyidej\u0171 p\u00f3tl\u00e1s\u00e1ra alkalmas granul\u00e1lt \u00e1sv\u00e1nyi nitrog\u00e9nm\u0171tr\u00e1gya.<\/p>","protected":false},"featured_media":18155,"template":"","meta":{"_et_pb_use_builder":"","_et_pb_old_content":"","_et_gb_content_width":""},"product_brand":[],"product_cat":[1457],"product_tag":[4510,4509,4508],"class_list":{"0":"post-18151","1":"product","2":"type-product","3":"status-publish","4":"has-post-thumbnail","6":"product_cat-npk-mutragyak-petiso","7":"product_tag-genezis-greenmax","8":"product_tag-greenmax","9":"product_tag-petimeszso","11":"first","12":"instock","13":"shipping-taxable","14":"purchasable","15":"product-type-simple"},"yoast_head":"<!-- This site is optimized with the Yoast SEO plugin v27.4 - https:\/\/yoast.com\/product\/yoast-seo-wordpress\/ -->\n<title>P\u00e9tim\u00e9szs\u00f3 \u00faj nev\u00e9n: Genezis GreenMax 5 kg - T\u00e1jkert\u00e9sz<\/title>\n<meta name=\"description\" content=\"A\u00a0Green Max\u00a0nitrog\u00e9n, kalcium \u00e9s magn\u00e9zium egyidej\u0171 p\u00f3tl\u00e1s\u00e1sra alkalmas granul\u00e1lt \u00e1sv\u00e1nyi nitrog\u00e9n m\u0171tr\u00e1gya. A maximumot hozza ki a kertj\u00e9b\u0151l.\" \/>\n<meta name=\"robots\" content=\"index, follow, max-snippet:-1, max-image-preview:large, max-video-preview:-1\" \/>\n<link rel=\"canonical\" href=\"https:\/\/tajkertesz.com\/en_US\/product\/petimeszso\/\" \/>\n<meta property=\"og:locale\" content=\"en_US\" \/>\n<meta property=\"og:type\" content=\"article\" \/>\n<meta property=\"og:title\" content=\"P\u00e9tim\u00e9szs\u00f3 \u00faj nev\u00e9n: Genezis GreenMax 5 kg - T\u00e1jkert\u00e9sz\" \/>\n<meta property=\"og:description\" content=\"A\u00a0Green Max\u00a0nitrog\u00e9n, kalcium \u00e9s magn\u00e9zium egyidej\u0171 p\u00f3tl\u00e1s\u00e1sra alkalmas granul\u00e1lt \u00e1sv\u00e1nyi nitrog\u00e9n m\u0171tr\u00e1gya. A maximumot hozza ki a kertj\u00e9b\u0151l.\" \/>\n<meta property=\"og:url\" content=\"https:\/\/tajkertesz.com\/en_US\/product\/petimeszso\/\" \/>\n<meta property=\"og:site_name\" content=\"T\u00e1jkert\u00e9sz\" \/>\n<meta property=\"article:publisher\" content=\"https:\/\/www.facebook.com\/Tajkertesz\/\" \/>\n<meta property=\"article:modified_time\" content=\"2026-01-09T08:04:36+00:00\" \/>\n<meta property=\"og:image\" content=\"https:\/\/tajkertesz.com\/wp-content\/uploads\/2023\/12\/petimeszso-1.webp\" \/>\n\t<meta property=\"og:image:width\" content=\"415\" \/>\n\t<meta property=\"og:image:height\" content=\"415\" \/>\n\t<meta property=\"og:image:type\" content=\"image\/webp\" \/>\n<meta name=\"twitter:card\" content=\"summary_large_image\" \/>\n<meta name=\"twitter:label1\" content=\"Est. reading time\" \/>\n\t<meta name=\"twitter:data1\" content=\"2 minutes\" \/>\n<script type=\"application\/ld+json\" class=\"yoast-schema-graph\">{\"@context\":\"https:\\\/\\\/schema.org\",\"@graph\":[{\"@type\":\"WebPage\",\"@id\":\"https:\\\/\\\/tajkertesz.com\\\/termek\\\/petimeszso\\\/\",\"url\":\"https:\\\/\\\/tajkertesz.com\\\/termek\\\/petimeszso\\\/\",\"name\":\"P\u00e9tim\u00e9szs\u00f3 \u00faj nev\u00e9n: Genezis GreenMax 5 kg - T\u00e1jkert\u00e9sz\",\"isPartOf\":{\"@id\":\"https:\\\/\\\/tajkertesz.com\\\/#website\"},\"primaryImageOfPage\":{\"@id\":\"https:\\\/\\\/tajkertesz.com\\\/termek\\\/petimeszso\\\/#primaryimage\"},\"image\":{\"@id\":\"https:\\\/\\\/tajkertesz.com\\\/termek\\\/petimeszso\\\/#primaryimage\"},\"thumbnailUrl\":\"https:\\\/\\\/tajkertesz.com\\\/wp-content\\\/uploads\\\/2023\\\/12\\\/petimeszso-1.webp\",\"datePublished\":\"2023-12-11T13:29:02+00:00\",\"dateModified\":\"2026-01-09T08:04:36+00:00\",\"description\":\"A\u00a0Green Max\u00a0nitrog\u00e9n, kalcium \u00e9s magn\u00e9zium egyidej\u0171 p\u00f3tl\u00e1s\u00e1sra alkalmas granul\u00e1lt \u00e1sv\u00e1nyi nitrog\u00e9n m\u0171tr\u00e1gya. A maximumot hozza ki a kertj\u00e9b\u0151l.\",\"breadcrumb\":{\"@id\":\"https:\\\/\\\/tajkertesz.com\\\/termek\\\/petimeszso\\\/#breadcrumb\"},\"inLanguage\":\"en-US\",\"potentialAction\":[{\"@type\":\"ReadAction\",\"target\":[\"https:\\\/\\\/tajkertesz.com\\\/termek\\\/petimeszso\\\/\"]}]},{\"@type\":\"ImageObject\",\"inLanguage\":\"en-US\",\"@id\":\"https:\\\/\\\/tajkertesz.com\\\/termek\\\/petimeszso\\\/#primaryimage\",\"url\":\"https:\\\/\\\/tajkertesz.com\\\/wp-content\\\/uploads\\\/2023\\\/12\\\/petimeszso-1.webp\",\"contentUrl\":\"https:\\\/\\\/tajkertesz.com\\\/wp-content\\\/uploads\\\/2023\\\/12\\\/petimeszso-1.webp\",\"width\":415,\"height\":415},{\"@type\":\"BreadcrumbList\",\"@id\":\"https:\\\/\\\/tajkertesz.com\\\/termek\\\/petimeszso\\\/#breadcrumb\",\"itemListElement\":[{\"@type\":\"ListItem\",\"position\":1,\"name\":\"Home\",\"item\":\"https:\\\/\\\/tajkertesz.com\\\/\"},{\"@type\":\"ListItem\",\"position\":2,\"name\":\"Kezd\u0151lap\",\"item\":\"https:\\\/\\\/tajkertesz.com\\\/\"},{\"@type\":\"ListItem\",\"position\":3,\"name\":\"P\u00e9tim\u00e9szs\u00f3 \u00faj nev\u00e9n: Genezis GreenMax 5 kg\"}]},{\"@type\":\"WebSite\",\"@id\":\"https:\\\/\\\/tajkertesz.com\\\/#website\",\"url\":\"https:\\\/\\\/tajkertesz.com\\\/\",\"name\":\"T\u00e1j-Kert\u00e9sz 84 Kft.\",\"description\":\"Kert\u00e9szeti kis- \u00e9s nagykeresked\u00e9s, D\u00edszn\u00f6v\u00e9ny web\u00e1ruh\u00e1z orsz\u00e1gos h\u00e1zhozsz\u00e1ll\u00edt\u00e1ssal!\",\"publisher\":{\"@id\":\"https:\\\/\\\/tajkertesz.com\\\/#organization\"},\"potentialAction\":[{\"@type\":\"SearchAction\",\"target\":{\"@type\":\"EntryPoint\",\"urlTemplate\":\"https:\\\/\\\/tajkertesz.com\\\/?s={search_term_string}\"},\"query-input\":{\"@type\":\"PropertyValueSpecification\",\"valueRequired\":true,\"valueName\":\"search_term_string\"}}],\"inLanguage\":\"en-US\"},{\"@type\":\"Organization\",\"@id\":\"https:\\\/\\\/tajkertesz.com\\\/#organization\",\"name\":\"T\u00e1j-Kert\u00e9sz 84 Kft.\",\"url\":\"https:\\\/\\\/tajkertesz.com\\\/\",\"logo\":{\"@type\":\"ImageObject\",\"inLanguage\":\"en-US\",\"@id\":\"https:\\\/\\\/tajkertesz.com\\\/#\\\/schema\\\/logo\\\/image\\\/\",\"url\":\"https:\\\/\\\/tajkertesz.com\\\/wp-content\\\/uploads\\\/2018\\\/02\\\/logo-2-e1518678052539.png\",\"contentUrl\":\"https:\\\/\\\/tajkertesz.com\\\/wp-content\\\/uploads\\\/2018\\\/02\\\/logo-2-e1518678052539.png\",\"width\":81,\"height\":140,\"caption\":\"T\u00e1j-Kert\u00e9sz 84 Kft.\"},\"image\":{\"@id\":\"https:\\\/\\\/tajkertesz.com\\\/#\\\/schema\\\/logo\\\/image\\\/\"},\"sameAs\":[\"https:\\\/\\\/www.facebook.com\\\/Tajkertesz\\\/\"]}]}<\/script>\n<!-- \/ Yoast SEO plugin. -->","yoast_head_json":{"title":"P\u00e9tim\u00e9szs\u00f3 \u00faj nev\u00e9n: Genezis GreenMax 5 kg - T\u00e1jkert\u00e9sz","description":"A\u00a0Green Max\u00a0nitrog\u00e9n, kalcium \u00e9s magn\u00e9zium egyidej\u0171 p\u00f3tl\u00e1s\u00e1sra alkalmas granul\u00e1lt \u00e1sv\u00e1nyi nitrog\u00e9n m\u0171tr\u00e1gya. A maximumot hozza ki a kertj\u00e9b\u0151l.","robots":{"index":"index","follow":"follow","max-snippet":"max-snippet:-1","max-image-preview":"max-image-preview:large","max-video-preview":"max-video-preview:-1"},"canonical":"https:\/\/tajkertesz.com\/en_US\/product\/petimeszso\/","og_locale":"en_US","og_type":"article","og_title":"P\u00e9tim\u00e9szs\u00f3 \u00faj nev\u00e9n: Genezis GreenMax 5 kg - T\u00e1jkert\u00e9sz","og_description":"A\u00a0Green Max\u00a0nitrog\u00e9n, kalcium \u00e9s magn\u00e9zium egyidej\u0171 p\u00f3tl\u00e1s\u00e1sra alkalmas granul\u00e1lt \u00e1sv\u00e1nyi nitrog\u00e9n m\u0171tr\u00e1gya. A maximumot hozza ki a kertj\u00e9b\u0151l.","og_url":"https:\/\/tajkertesz.com\/en_US\/product\/petimeszso\/","og_site_name":"T\u00e1jkert\u00e9sz","article_publisher":"https:\/\/www.facebook.com\/Tajkertesz\/","article_modified_time":"2026-01-09T08:04:36+00:00","og_image":[{"width":415,"height":415,"url":"https:\/\/tajkertesz.com\/wp-content\/uploads\/2023\/12\/petimeszso-1.webp","type":"image\/webp"}],"twitter_card":"summary_large_image","twitter_misc":{"Est. reading time":"2 minutes"},"schema":{"@context":"https:\/\/schema.org","@graph":[{"@type":"WebPage","@id":"https:\/\/tajkertesz.com\/termek\/petimeszso\/","url":"https:\/\/tajkertesz.com\/termek\/petimeszso\/","name":"P\u00e9tim\u00e9szs\u00f3 \u00faj nev\u00e9n: Genezis GreenMax 5 kg - T\u00e1jkert\u00e9sz","isPartOf":{"@id":"https:\/\/tajkertesz.com\/#website"},"primaryImageOfPage":{"@id":"https:\/\/tajkertesz.com\/termek\/petimeszso\/#primaryimage"},"image":{"@id":"https:\/\/tajkertesz.com\/termek\/petimeszso\/#primaryimage"},"thumbnailUrl":"https:\/\/tajkertesz.com\/wp-content\/uploads\/2023\/12\/petimeszso-1.webp","datePublished":"2023-12-11T13:29:02+00:00","dateModified":"2026-01-09T08:04:36+00:00","description":"A\u00a0Green Max\u00a0nitrog\u00e9n, kalcium \u00e9s magn\u00e9zium egyidej\u0171 p\u00f3tl\u00e1s\u00e1sra alkalmas granul\u00e1lt \u00e1sv\u00e1nyi nitrog\u00e9n m\u0171tr\u00e1gya. A maximumot hozza ki a kertj\u00e9b\u0151l.","breadcrumb":{"@id":"https:\/\/tajkertesz.com\/termek\/petimeszso\/#breadcrumb"},"inLanguage":"en-US","potentialAction":[{"@type":"ReadAction","target":["https:\/\/tajkertesz.com\/termek\/petimeszso\/"]}]},{"@type":"ImageObject","inLanguage":"en-US","@id":"https:\/\/tajkertesz.com\/termek\/petimeszso\/#primaryimage","url":"https:\/\/tajkertesz.com\/wp-content\/uploads\/2023\/12\/petimeszso-1.webp","contentUrl":"https:\/\/tajkertesz.com\/wp-content\/uploads\/2023\/12\/petimeszso-1.webp","width":415,"height":415},{"@type":"BreadcrumbList","@id":"https:\/\/tajkertesz.com\/termek\/petimeszso\/#breadcrumb","itemListElement":[{"@type":"ListItem","position":1,"name":"Home","item":"https:\/\/tajkertesz.com\/"},{"@type":"ListItem","position":2,"name":"Kezd\u0151lap","item":"https:\/\/tajkertesz.com\/"},{"@type":"ListItem","position":3,"name":"P\u00e9tim\u00e9szs\u00f3 \u00faj nev\u00e9n: Genezis GreenMax 5 kg"}]},{"@type":"WebSite","@id":"https:\/\/tajkertesz.com\/#website","url":"https:\/\/tajkertesz.com\/","name":"T\u00e1j-Kert\u00e9sz 84 Kft.","description":"Kert\u00e9szeti kis- \u00e9s nagykeresked\u00e9s, D\u00edszn\u00f6v\u00e9ny web\u00e1ruh\u00e1z orsz\u00e1gos h\u00e1zhozsz\u00e1ll\u00edt\u00e1ssal!","publisher":{"@id":"https:\/\/tajkertesz.com\/#organization"},"potentialAction":[{"@type":"SearchAction","target":{"@type":"EntryPoint","urlTemplate":"https:\/\/tajkertesz.com\/?s={search_term_string}"},"query-input":{"@type":"PropertyValueSpecification","valueRequired":true,"valueName":"search_term_string"}}],"inLanguage":"en-US"},{"@type":"Organization","@id":"https:\/\/tajkertesz.com\/#organization","name":"T\u00e1j-Kert\u00e9sz 84 Kft.","url":"https:\/\/tajkertesz.com\/","logo":{"@type":"ImageObject","inLanguage":"en-US","@id":"https:\/\/tajkertesz.com\/#\/schema\/logo\/image\/","url":"https:\/\/tajkertesz.com\/wp-content\/uploads\/2018\/02\/logo-2-e1518678052539.png","contentUrl":"https:\/\/tajkertesz.com\/wp-content\/uploads\/2018\/02\/logo-2-e1518678052539.png","width":81,"height":140,"caption":"T\u00e1j-Kert\u00e9sz 84 Kft."},"image":{"@id":"https:\/\/tajkertesz.com\/#\/schema\/logo\/image\/"},"sameAs":["https:\/\/www.facebook.com\/Tajkertesz\/"]}]}},"_links":{"self":[{"href":"https:\/\/tajkertesz.com\/en_US\/wp-json\/wp\/v2\/product\/18151","targetHints":{"allow":["GET"]}}],"collection":[{"href":"https:\/\/tajkertesz.com\/en_US\/wp-json\/wp\/v2\/product"}],"about":[{"href":"https:\/\/tajkertesz.com\/en_US\/wp-json\/wp\/v2\/types\/product"}],"wp:featuredmedia":[{"embeddable":true,"href":"https:\/\/tajkertesz.com\/en_US\/wp-json\/wp\/v2\/media\/18155"}],"wp:attachment":[{"href":"https:\/\/tajkertesz.com\/en_US\/wp-json\/wp\/v2\/media?parent=18151"}],"wp:term":[{"taxonomy":"product_brand","embeddable":true,"href":"https:\/\/tajkertesz.com\/en_US\/wp-json\/wp\/v2\/product_brand?post=18151"},{"taxonomy":"product_cat","embeddable":true,"href":"https:\/\/tajkertesz.com\/en_US\/wp-json\/wp\/v2\/product_cat?post=18151"},{"taxonomy":"product_tag","embeddable":true,"href":"https:\/\/tajkertesz.com\/en_US\/wp-json\/wp\/v2\/product_tag?post=18151"}],"curies":[{"name":"wp","href":"https:\/\/api.w.org\/{rel}","templated":true}]}}