{"id":18164,"date":"2023-12-11T15:12:34","date_gmt":"2023-12-11T15:12:34","guid":{"rendered":"https:\/\/tajkertesz.com\/?post_type=product&#038;p=18164"},"modified":"2024-05-21T07:46:35","modified_gmt":"2024-05-21T07:46:35","slug":"mikramid-45-n-genezis","status":"publish","type":"product","link":"https:\/\/tajkertesz.com\/en_US\/product\/mikramid-45-n-genezis\/","title":{"rendered":"Mikramid 45% N Genezis"},"content":{"rendered":"<p>Mikramid 45% N Genezis<\/p>\n<p>Mikramid h<u>aszn\u00e1lat\u00e1nak el\u0151nyei:<\/u><\/p>\n<p><u>\u00a0Mivel m<\/u><u>agas a nitrog\u00e9n tartalma \u00edgy kert\u00e9szeti v\u00edzoldhat\u00f3 lombtr\u00e1gya, fejtr\u00e1gya talajtr\u00e1gyak\u00e9nt alkalmazhatjuk.<\/u><\/p>\n<p>&nbsp;<\/p>\n<p>Nagyon gyorsan hat\u00f3 magas nitrog\u00e9n forma, mikroelemekkek kieg\u00e9sz\u00edtve, fejtr\u00e1gyak\u00e9nt kijuttatva paprik\u00e1sok kifejezetten kedvelik, mert gyorsan n\u00f6veli a bogy\u00f3 m\u00e9retet.<br \/>\n<u>F\u0151 jellemz\u0151k:<\/u><\/p>\n<p>A Mikramid a n\u00f6v\u00e9nyek level\u00e9n kereszt\u00fcl is k\u00f6nnyen felsz\u00edv\u00f3dik, ez\u00e9rt egyar\u00e1nt alkalmazhat\u00f3 talaj-, fej- \u00e9s lombtr\u00e1gya form\u00e1j\u00e1ban, nitrog\u00e9n- \u00e9s mikro t\u00e1pelem-forr\u00e1sk\u00e9nt. M\u00e1s t\u00e1pelemekkel, m\u0171tr\u00e1gy\u00e1kkal \u00e9s n\u00f6v\u00e9nyv\u00e9d\u0151 szerekkel is keverhet\u0151, \u00edgy felhaszn\u00e1l\u00e1sa k\u00fcl\u00f6n munkam\u0171veletet nem ig\u00e9nyel.<br \/>\nV\u00edzben gyorsan \u00e9s marad\u00e9k n\u00e9lk\u00fcl old\u00f3dik. Az oldatform\u00e1j\u00fa mikramid k\u00e1rosod\u00e1s n\u00e9lk\u00fcl keverhet\u0151 szinte b\u00e1rmilyen n\u00f6v\u00e9nyv\u00e9d\u0151 szerrel \u00e9s m\u0171tr\u00e1gy\u00e1val, de haszn\u00e1lat el\u0151tt pr\u00f3bakever\u00e9s elv\u00e9gz\u00e9s\u00e9t javasoljuk!<\/p>\n<p>Mikramidot\u00a0<u>Javasoljuk:<\/u><\/p>\n<ul>\n<li>Z\u00f6lds\u00e9gf\u00e9l\u00e9khez<\/li>\n<li>D\u00edszn\u00f6v\u00e9nyekhez<\/li>\n<li>Sz\u0151l\u0151re \u00e9s gy\u00fcm\u00f6lcsh\u00f6z<\/li>\n<li>Gabonaf\u00e9l\u00e9khez<\/li>\n<li>Egy\u00e9b nitrog\u00e9nig\u00e9nyes n\u00f6v\u00e9nyekhez<\/li>\n<li>Az amid k\u00f6t\u00e9s\u0171 nitrog\u00e9n a gy\u00f6k\u00e9ren \u00e9s a lev\u00e9len \u00e1t gyorsan felsz\u00edv\u00f3dva k\u00f6zvetlen\u00fcl be\u00e9p\u00fcl a n\u00f6veked\u00e9sben fontos szerepet j\u00e1tsz\u00f3 aminosavakba<\/li>\n<li>A nyomelemek hat\u00e1s\u00e1ra \u00e9l\u00e9nk\u00fcl a klorofill k\u00e9pz\u0151d\u00e9s<\/li>\n<li>Minden talajt\u00edpuson alkalmazhat\u00f3<\/li>\n<li>V\u00edzben t\u00f6k\u00e9letesen old\u00f3d\u00f3 m\u0171tr\u00e1gya<\/li>\n<li>K\u00e1ros perzsel\u00e9st nem id\u00e9z el\u0151 a leveleken<\/li>\n<li>N\u00f6v\u00e9nyv\u00e9delmi kezel\u00e9sekkel egy menetben is hat\u00e9konyan kijuttathat\u00f3.<\/li>\n<\/ul>\n<p>Mikramid\u00a0Javasolt mennyis\u00e9gek<\/p>\n<p>Talaj-, illetve fejtr\u00e1gyak\u00e9nt: 100-200 kg\/ha Mikramid, amely kisz\u00f3r\u00e1sa a szok\u00e1sos m\u00f3don, a nitrog\u00e9n m\u0171tr\u00e1gy\u00e1z\u00e1s id\u0151pontj\u00e1ban t\u00f6rt\u00e9nhet.<\/p>\n<p>Lombtr\u00e1gyak\u00e9nt javasolt oldat koncentr\u00e1ci\u00f3 (3-6 alkalommal a veget\u00e1ci\u00f3s id\u0151szak alatt):<\/p>\n<p>&nbsp;<\/p>\n<p>&nbsp;<\/p>\n<p>El\u00e9rhet\u0151 t\u00f6bbf\u00e9le m\u00e9retben \u00e9s \u00e1rban.<\/p>\n<p><strong>K\u00e9szlet\u00fcnk napi szinten v\u00e1ltozik, ez\u00e9rt k\u00e9rj\u00fck, \u00e9rdekl\u0151dj\u00f6n szem\u00e9lyesen, telefonon vagy email-en.<br \/>\nA v\u00e1ltoztat\u00e1s jog\u00e1t fenntartjuk!\u00a0<\/strong><\/p>\n<p>&nbsp;<\/p>\n<p><a href=\"https:\/\/tajkertesz.com\/\">https:\/\/tajkertesz.com\/<\/a><\/p>\n<p><a href=\"https:\/\/www.facebook.com\/tajkertesz\/\">https:\/\/www.facebook.com\/tajkertesz\/<\/a><\/p>\n<p><a href=\"https:\/\/webshop.bagikft.hu\/btadatlapok\/Mikramid_biztons%C3%A1gi_%C3%BAtmutat%C3%B3_2019.01.19.pdf\">Biztons\u00e1gi adatlap<\/a><\/p>\n<p>&nbsp;<\/p>\n<p>Kisz\u00e1ll\u00edt\u00e1s: 200cm-ig \u00a0\u00e9s 40 kg-ig a sz\u00e1ll\u00edt\u00e1s fut\u00e1rszolg\u00e1lattal \u00a0t\u00f6rt\u00e9nik.<\/p>\n<p>Szem\u00e9lyes \u00e1tv\u00e9tel nyitvatart\u00e1si id\u0151ben a 17. ker\u00fclet Bakancsos utca 7. sz\u00e1m alatti Kert\u00e9szeti \u00e1rud\u00e1ban.<\/p>","protected":false},"excerpt":{"rendered":"<p>Kiszerel\u00e9s: 2kg.<\/p>","protected":false},"featured_media":18165,"template":"","meta":{"_et_pb_use_builder":"","_et_pb_old_content":"","_et_gb_content_width":""},"product_brand":[],"product_cat":[1457],"product_tag":[4513,4515,4512,4514],"class_list":{"0":"post-18164","1":"product","2":"type-product","3":"status-publish","4":"has-post-thumbnail","6":"product_cat-npk-mutragyak-petiso","7":"product_tag-4513","8":"product_tag-genezis","9":"product_tag-mikramid","10":"product_tag-n","12":"first","13":"instock","14":"shipping-taxable","15":"purchasable","16":"product-type-simple"},"yoast_head":"<!-- This site is optimized with the Yoast SEO plugin v27.4 - https:\/\/yoast.com\/product\/yoast-seo-wordpress\/ -->\n<title>Mikramid 45% N Genezis - T\u00e1jkert\u00e9sz<\/title>\n<meta name=\"description\" content=\"Mikramid haszn\u00e1lat\u00e1nak el\u0151nyei:\u00a0Mivel magas a nitrog\u00e9n tartalma \u00edgy kert\u00e9szeti v\u00edzoldhat\u00f3 lombtr\u00e1gya, fejtr\u00e1gya talajtr\u00e1gyak\u00e9nt alkalmazhatjuk.\" \/>\n<meta name=\"robots\" content=\"index, follow, max-snippet:-1, max-image-preview:large, max-video-preview:-1\" \/>\n<link rel=\"canonical\" href=\"https:\/\/tajkertesz.com\/en_US\/product\/mikramid-45-n-genezis\/\" \/>\n<meta property=\"og:locale\" content=\"en_US\" \/>\n<meta property=\"og:type\" content=\"article\" \/>\n<meta property=\"og:title\" content=\"Mikramid 45% N Genezis - T\u00e1jkert\u00e9sz\" \/>\n<meta property=\"og:description\" content=\"Mikramid haszn\u00e1lat\u00e1nak el\u0151nyei:\u00a0Mivel magas a nitrog\u00e9n tartalma \u00edgy kert\u00e9szeti v\u00edzoldhat\u00f3 lombtr\u00e1gya, fejtr\u00e1gya talajtr\u00e1gyak\u00e9nt alkalmazhatjuk.\" \/>\n<meta property=\"og:url\" content=\"https:\/\/tajkertesz.com\/en_US\/product\/mikramid-45-n-genezis\/\" \/>\n<meta property=\"og:site_name\" content=\"T\u00e1jkert\u00e9sz\" \/>\n<meta property=\"article:publisher\" content=\"https:\/\/www.facebook.com\/Tajkertesz\/\" \/>\n<meta property=\"article:modified_time\" content=\"2024-05-21T07:46:35+00:00\" \/>\n<meta property=\"og:image\" content=\"https:\/\/tajkertesz.com\/wp-content\/uploads\/2023\/12\/Mikramid-.jpg\" \/>\n\t<meta property=\"og:image:width\" content=\"390\" \/>\n\t<meta property=\"og:image:height\" content=\"585\" \/>\n\t<meta property=\"og:image:type\" content=\"image\/jpeg\" \/>\n<meta name=\"twitter:card\" content=\"summary_large_image\" \/>\n<meta name=\"twitter:label1\" content=\"Est. reading time\" \/>\n\t<meta name=\"twitter:data1\" content=\"2 minutes\" \/>\n<script type=\"application\/ld+json\" class=\"yoast-schema-graph\">{\"@context\":\"https:\\\/\\\/schema.org\",\"@graph\":[{\"@type\":\"WebPage\",\"@id\":\"https:\\\/\\\/tajkertesz.com\\\/termek\\\/mikramid-45-n-genezis\\\/\",\"url\":\"https:\\\/\\\/tajkertesz.com\\\/termek\\\/mikramid-45-n-genezis\\\/\",\"name\":\"Mikramid 45% N Genezis - T\u00e1jkert\u00e9sz\",\"isPartOf\":{\"@id\":\"https:\\\/\\\/tajkertesz.com\\\/#website\"},\"primaryImageOfPage\":{\"@id\":\"https:\\\/\\\/tajkertesz.com\\\/termek\\\/mikramid-45-n-genezis\\\/#primaryimage\"},\"image\":{\"@id\":\"https:\\\/\\\/tajkertesz.com\\\/termek\\\/mikramid-45-n-genezis\\\/#primaryimage\"},\"thumbnailUrl\":\"https:\\\/\\\/tajkertesz.com\\\/wp-content\\\/uploads\\\/2023\\\/12\\\/Mikramid-.jpg\",\"datePublished\":\"2023-12-11T15:12:34+00:00\",\"dateModified\":\"2024-05-21T07:46:35+00:00\",\"description\":\"Mikramid haszn\u00e1lat\u00e1nak el\u0151nyei:\u00a0Mivel magas a nitrog\u00e9n tartalma \u00edgy kert\u00e9szeti v\u00edzoldhat\u00f3 lombtr\u00e1gya, fejtr\u00e1gya talajtr\u00e1gyak\u00e9nt alkalmazhatjuk.\",\"breadcrumb\":{\"@id\":\"https:\\\/\\\/tajkertesz.com\\\/termek\\\/mikramid-45-n-genezis\\\/#breadcrumb\"},\"inLanguage\":\"en-US\",\"potentialAction\":[{\"@type\":\"ReadAction\",\"target\":[\"https:\\\/\\\/tajkertesz.com\\\/termek\\\/mikramid-45-n-genezis\\\/\"]}]},{\"@type\":\"ImageObject\",\"inLanguage\":\"en-US\",\"@id\":\"https:\\\/\\\/tajkertesz.com\\\/termek\\\/mikramid-45-n-genezis\\\/#primaryimage\",\"url\":\"https:\\\/\\\/tajkertesz.com\\\/wp-content\\\/uploads\\\/2023\\\/12\\\/Mikramid-.jpg\",\"contentUrl\":\"https:\\\/\\\/tajkertesz.com\\\/wp-content\\\/uploads\\\/2023\\\/12\\\/Mikramid-.jpg\",\"width\":390,\"height\":585},{\"@type\":\"BreadcrumbList\",\"@id\":\"https:\\\/\\\/tajkertesz.com\\\/termek\\\/mikramid-45-n-genezis\\\/#breadcrumb\",\"itemListElement\":[{\"@type\":\"ListItem\",\"position\":1,\"name\":\"Home\",\"item\":\"https:\\\/\\\/tajkertesz.com\\\/\"},{\"@type\":\"ListItem\",\"position\":2,\"name\":\"Kezd\u0151lap\",\"item\":\"https:\\\/\\\/tajkertesz.com\\\/\"},{\"@type\":\"ListItem\",\"position\":3,\"name\":\"Mikramid 45% N Genezis\"}]},{\"@type\":\"WebSite\",\"@id\":\"https:\\\/\\\/tajkertesz.com\\\/#website\",\"url\":\"https:\\\/\\\/tajkertesz.com\\\/\",\"name\":\"T\u00e1j-Kert\u00e9sz 84 Kft.\",\"description\":\"Kert\u00e9szeti kis- \u00e9s nagykeresked\u00e9s, D\u00edszn\u00f6v\u00e9ny web\u00e1ruh\u00e1z orsz\u00e1gos h\u00e1zhozsz\u00e1ll\u00edt\u00e1ssal!\",\"publisher\":{\"@id\":\"https:\\\/\\\/tajkertesz.com\\\/#organization\"},\"potentialAction\":[{\"@type\":\"SearchAction\",\"target\":{\"@type\":\"EntryPoint\",\"urlTemplate\":\"https:\\\/\\\/tajkertesz.com\\\/?s={search_term_string}\"},\"query-input\":{\"@type\":\"PropertyValueSpecification\",\"valueRequired\":true,\"valueName\":\"search_term_string\"}}],\"inLanguage\":\"en-US\"},{\"@type\":\"Organization\",\"@id\":\"https:\\\/\\\/tajkertesz.com\\\/#organization\",\"name\":\"T\u00e1j-Kert\u00e9sz 84 Kft.\",\"url\":\"https:\\\/\\\/tajkertesz.com\\\/\",\"logo\":{\"@type\":\"ImageObject\",\"inLanguage\":\"en-US\",\"@id\":\"https:\\\/\\\/tajkertesz.com\\\/#\\\/schema\\\/logo\\\/image\\\/\",\"url\":\"https:\\\/\\\/tajkertesz.com\\\/wp-content\\\/uploads\\\/2018\\\/02\\\/logo-2-e1518678052539.png\",\"contentUrl\":\"https:\\\/\\\/tajkertesz.com\\\/wp-content\\\/uploads\\\/2018\\\/02\\\/logo-2-e1518678052539.png\",\"width\":81,\"height\":140,\"caption\":\"T\u00e1j-Kert\u00e9sz 84 Kft.\"},\"image\":{\"@id\":\"https:\\\/\\\/tajkertesz.com\\\/#\\\/schema\\\/logo\\\/image\\\/\"},\"sameAs\":[\"https:\\\/\\\/www.facebook.com\\\/Tajkertesz\\\/\"]}]}<\/script>\n<!-- \/ Yoast SEO plugin. -->","yoast_head_json":{"title":"Mikramid 45% N Genezis - T\u00e1jkert\u00e9sz","description":"Mikramid haszn\u00e1lat\u00e1nak el\u0151nyei:\u00a0Mivel magas a nitrog\u00e9n tartalma \u00edgy kert\u00e9szeti v\u00edzoldhat\u00f3 lombtr\u00e1gya, fejtr\u00e1gya talajtr\u00e1gyak\u00e9nt alkalmazhatjuk.","robots":{"index":"index","follow":"follow","max-snippet":"max-snippet:-1","max-image-preview":"max-image-preview:large","max-video-preview":"max-video-preview:-1"},"canonical":"https:\/\/tajkertesz.com\/en_US\/product\/mikramid-45-n-genezis\/","og_locale":"en_US","og_type":"article","og_title":"Mikramid 45% N Genezis - T\u00e1jkert\u00e9sz","og_description":"Mikramid haszn\u00e1lat\u00e1nak el\u0151nyei:\u00a0Mivel magas a nitrog\u00e9n tartalma \u00edgy kert\u00e9szeti v\u00edzoldhat\u00f3 lombtr\u00e1gya, fejtr\u00e1gya talajtr\u00e1gyak\u00e9nt alkalmazhatjuk.","og_url":"https:\/\/tajkertesz.com\/en_US\/product\/mikramid-45-n-genezis\/","og_site_name":"T\u00e1jkert\u00e9sz","article_publisher":"https:\/\/www.facebook.com\/Tajkertesz\/","article_modified_time":"2024-05-21T07:46:35+00:00","og_image":[{"width":390,"height":585,"url":"https:\/\/tajkertesz.com\/wp-content\/uploads\/2023\/12\/Mikramid-.jpg","type":"image\/jpeg"}],"twitter_card":"summary_large_image","twitter_misc":{"Est. reading time":"2 minutes"},"schema":{"@context":"https:\/\/schema.org","@graph":[{"@type":"WebPage","@id":"https:\/\/tajkertesz.com\/termek\/mikramid-45-n-genezis\/","url":"https:\/\/tajkertesz.com\/termek\/mikramid-45-n-genezis\/","name":"Mikramid 45% N Genezis - T\u00e1jkert\u00e9sz","isPartOf":{"@id":"https:\/\/tajkertesz.com\/#website"},"primaryImageOfPage":{"@id":"https:\/\/tajkertesz.com\/termek\/mikramid-45-n-genezis\/#primaryimage"},"image":{"@id":"https:\/\/tajkertesz.com\/termek\/mikramid-45-n-genezis\/#primaryimage"},"thumbnailUrl":"https:\/\/tajkertesz.com\/wp-content\/uploads\/2023\/12\/Mikramid-.jpg","datePublished":"2023-12-11T15:12:34+00:00","dateModified":"2024-05-21T07:46:35+00:00","description":"Mikramid haszn\u00e1lat\u00e1nak el\u0151nyei:\u00a0Mivel magas a nitrog\u00e9n tartalma \u00edgy kert\u00e9szeti v\u00edzoldhat\u00f3 lombtr\u00e1gya, fejtr\u00e1gya talajtr\u00e1gyak\u00e9nt alkalmazhatjuk.","breadcrumb":{"@id":"https:\/\/tajkertesz.com\/termek\/mikramid-45-n-genezis\/#breadcrumb"},"inLanguage":"en-US","potentialAction":[{"@type":"ReadAction","target":["https:\/\/tajkertesz.com\/termek\/mikramid-45-n-genezis\/"]}]},{"@type":"ImageObject","inLanguage":"en-US","@id":"https:\/\/tajkertesz.com\/termek\/mikramid-45-n-genezis\/#primaryimage","url":"https:\/\/tajkertesz.com\/wp-content\/uploads\/2023\/12\/Mikramid-.jpg","contentUrl":"https:\/\/tajkertesz.com\/wp-content\/uploads\/2023\/12\/Mikramid-.jpg","width":390,"height":585},{"@type":"BreadcrumbList","@id":"https:\/\/tajkertesz.com\/termek\/mikramid-45-n-genezis\/#breadcrumb","itemListElement":[{"@type":"ListItem","position":1,"name":"Home","item":"https:\/\/tajkertesz.com\/"},{"@type":"ListItem","position":2,"name":"Kezd\u0151lap","item":"https:\/\/tajkertesz.com\/"},{"@type":"ListItem","position":3,"name":"Mikramid 45% N Genezis"}]},{"@type":"WebSite","@id":"https:\/\/tajkertesz.com\/#website","url":"https:\/\/tajkertesz.com\/","name":"T\u00e1j-Kert\u00e9sz 84 Kft.","description":"Kert\u00e9szeti kis- \u00e9s nagykeresked\u00e9s, D\u00edszn\u00f6v\u00e9ny web\u00e1ruh\u00e1z orsz\u00e1gos h\u00e1zhozsz\u00e1ll\u00edt\u00e1ssal!","publisher":{"@id":"https:\/\/tajkertesz.com\/#organization"},"potentialAction":[{"@type":"SearchAction","target":{"@type":"EntryPoint","urlTemplate":"https:\/\/tajkertesz.com\/?s={search_term_string}"},"query-input":{"@type":"PropertyValueSpecification","valueRequired":true,"valueName":"search_term_string"}}],"inLanguage":"en-US"},{"@type":"Organization","@id":"https:\/\/tajkertesz.com\/#organization","name":"T\u00e1j-Kert\u00e9sz 84 Kft.","url":"https:\/\/tajkertesz.com\/","logo":{"@type":"ImageObject","inLanguage":"en-US","@id":"https:\/\/tajkertesz.com\/#\/schema\/logo\/image\/","url":"https:\/\/tajkertesz.com\/wp-content\/uploads\/2018\/02\/logo-2-e1518678052539.png","contentUrl":"https:\/\/tajkertesz.com\/wp-content\/uploads\/2018\/02\/logo-2-e1518678052539.png","width":81,"height":140,"caption":"T\u00e1j-Kert\u00e9sz 84 Kft."},"image":{"@id":"https:\/\/tajkertesz.com\/#\/schema\/logo\/image\/"},"sameAs":["https:\/\/www.facebook.com\/Tajkertesz\/"]}]}},"_links":{"self":[{"href":"https:\/\/tajkertesz.com\/en_US\/wp-json\/wp\/v2\/product\/18164","targetHints":{"allow":["GET"]}}],"collection":[{"href":"https:\/\/tajkertesz.com\/en_US\/wp-json\/wp\/v2\/product"}],"about":[{"href":"https:\/\/tajkertesz.com\/en_US\/wp-json\/wp\/v2\/types\/product"}],"wp:featuredmedia":[{"embeddable":true,"href":"https:\/\/tajkertesz.com\/en_US\/wp-json\/wp\/v2\/media\/18165"}],"wp:attachment":[{"href":"https:\/\/tajkertesz.com\/en_US\/wp-json\/wp\/v2\/media?parent=18164"}],"wp:term":[{"taxonomy":"product_brand","embeddable":true,"href":"https:\/\/tajkertesz.com\/en_US\/wp-json\/wp\/v2\/product_brand?post=18164"},{"taxonomy":"product_cat","embeddable":true,"href":"https:\/\/tajkertesz.com\/en_US\/wp-json\/wp\/v2\/product_cat?post=18164"},{"taxonomy":"product_tag","embeddable":true,"href":"https:\/\/tajkertesz.com\/en_US\/wp-json\/wp\/v2\/product_tag?post=18164"}],"curies":[{"name":"wp","href":"https:\/\/api.w.org\/{rel}","templated":true}]}}