{"id":18168,"date":"2023-12-12T08:12:55","date_gmt":"2023-12-12T08:12:55","guid":{"rendered":"https:\/\/tajkertesz.com\/?post_type=product&#038;p=18168"},"modified":"2024-02-06T14:23:29","modified_gmt":"2024-02-06T14:23:29","slug":"rezszulfat-1-kg","status":"publish","type":"product","link":"https:\/\/tajkertesz.com\/en_US\/product\/rezszulfat-1-kg\/","title":{"rendered":"R\u00e9zszulf\u00e1t  1 kg"},"content":{"rendered":"<p>R\u00e9zszulf\u00e1t 1 kg<\/p>\n<p>H\u00e1zikerti felhaszn\u00e1l\u00e1s: 25 g\/10 l v\u00edz.<\/p>\n<p>R\u00e9zszulf\u00e1t pentahidr\u00e1t<\/p>\n<p>\u201eEK-m\u0171tr\u00e1gya\u201d<br \/>\nR\u00e9zhi\u00e1ny kezel\u00e9s\u00e9re alkalmas talaj- \u00e9s lev\u00e9ltr\u00e1gya.<br \/>\nMinden sz\u00e1nt\u00f3f\u00f6ldi \u00e9s kert\u00e9szeti kult\u00far\u00e1hoz alkalmazhat\u00f3.<br \/>\nHat\u00f3anyag tartalom (CuSO4-5H2O): V\u00edzoldhat\u00f3 r\u00e9z (Cu) 25%<\/p>\n<p>Felhaszn\u00e1l\u00e1s, adagol\u00e1s: A r\u00e9zszulf\u00e1t a n\u00f6v\u00e9nyek r\u00e9zhi\u00e1ny t\u00fcneteinek kezel\u00e9s\u00e9re, kialakul\u00e1s\u00e1nak megel\u0151z\u00e9s\u00e9re alkalmas m\u0171tr\u00e1gya, er\u0151s\u00edti a n\u00f6v\u00e9nyek v\u00e9dekez\u0151k\u00e9pess\u00e9g\u00e9t. Adagol\u00e1sa szaktan\u00e1csad\u00f3 v\u00e9lem\u00e9nye, vagy pontos anal\u00edzis alapj\u00e1n t\u00f6rt\u00e9nhet. Alkalmazhat\u00f3 talaj,- \u00e9s lev\u00e9ltr\u00e1gyak\u00e9nt. \u00c1ltal\u00e1nos adagja talajtr\u00e1gyak\u00e9nt, melynek hat\u00e9konys\u00e1g\u00e1t a be\u00f6nt\u00f6z\u00e9s nagyban seg\u00edti 1-5 kg\/ha, lev\u00e9ltr\u00e1gyak\u00e9nt 0,05-0,3 %-os t\u00f6m\u00e9nys\u00e9gben. Ker\u00fclje a szer t\u00faladagol\u00e1s\u00e1t.<\/p>\n<p>T\u00e1rol\u00e1s: Eredeti, z\u00e1rt csomagol\u00e1sban, m\u00e1s anyagokt\u00f3l elk\u00fcl\u00f6n\u00edtve, j\u00f3l szell\u0151ztetett, sz\u00e1raz, h\u0171v\u00f6s, de fagymentes helyen t\u00e1rolhat\u00f3.<\/p>\n<p>K\u00f6rnyezetv\u00e9delmi figyelmeztet\u00e9s: Tilos a k\u00e9sz\u00edtm\u00e9nyeket, azok fel nem haszn\u00e1lt marad\u00e9k\u00e1t, azzal szennyezett csomagol\u00f3 burkolat\u00e1t foly\u00f3kba, \u00e1ll\u00f3vizekbe, v\u00edzfoly\u00e1sokba, t\u00e1roz\u00f3kba juttatni.<\/p>\n<p>Munkaeg\u00e9szs\u00e9g\u00fcgyi v\u00e1rakoz\u00e1si id\u0151: 0 nap<\/p>\n<p>&nbsp;<\/p>\n<p>El\u00e9rhet\u0151 t\u00f6bbf\u00e9le m\u00e9retben \u00e9s \u00e1rban.<\/p>\n<p><strong>K\u00e9szlet\u00fcnk napi szinten v\u00e1ltozik, ez\u00e9rt k\u00e9rj\u00fck, \u00e9rdekl\u0151dj\u00f6n szem\u00e9lyesen, telefonon vagy email-en.<br \/>\nA v\u00e1ltoztat\u00e1s jog\u00e1t fenntartjuk!\u00a0<\/strong><\/p>\n<p>&nbsp;<\/p>\n<p><a href=\"https:\/\/tajkertesz.com\/\">https:\/\/tajkertesz.com\/<\/a><\/p>\n<p><a href=\"https:\/\/www.facebook.com\/tajkertesz\/\">https:\/\/www.facebook.com\/tajkertesz\/<\/a><\/p>\n<p><a href=\"https:\/\/webshop.bagikft.hu\/btadatlapok\/R%C3%A9zszulf%C3%A1t%202016.01.04..pdf\">Biztons\u00e1gi adatlap<\/a><\/p>\n<p>Kisz\u00e1ll\u00edt\u00e1s: 200cm-ig \u00a0\u00e9s 40 kg-ig a sz\u00e1ll\u00edt\u00e1s fut\u00e1rszolg\u00e1lattal \u00a0t\u00f6rt\u00e9nik.<\/p>\n<p>Szem\u00e9lyes \u00e1tv\u00e9tel nyitvatart\u00e1si id\u0151ben a 17. ker\u00fclet Bakancsos utca 7. sz\u00e1m alatti Kert\u00e9szeti \u00e1rud\u00e1ban.<\/p>\n<h6><span style=\"color: #ffffff;\">EK-m\u0171tr\u00e1gya\u201d R\u00e9zhi\u00e1ny kezel\u00e9s\u00e9re alkalmas talaj- \u00e9s lev\u00e9ltr\u00e1gya. Minden sz\u00e1nt\u00f3f\u00f6ldi \u00e9s kert\u00e9szeti kult\u00far\u00e1hoz alkalmazhat\u00f3. Hat\u00f3anyag tartalom (CuSO4-5H2O): V\u00edzoldhat\u00f3 r\u00e9z (Cu) 25%\u00a0Felhaszn\u00e1l\u00e1s, adagol\u00e1s: A r\u00e9zszulf\u00e1t a n\u00f6v\u00e9nyek r\u00e9zhi\u00e1ny t\u00fcneteinek kezel\u00e9s\u00e9re, kialakul\u00e1s\u00e1nak megel\u0151z\u00e9s\u00e9re alkalmas m\u0171tr\u00e1gya, er\u0151s\u00edti a n\u00f6v\u00e9nyek v\u00e9dekez\u0151k\u00e9pess\u00e9g\u00e9t. Adagol\u00e1sa szaktan\u00e1csad\u00f3 v\u00e9lem\u00e9nye, vagy pontos anal\u00edzis alapj\u00e1n t\u00f6rt\u00e9nhet. Alkalmazhat\u00f3 talaj,- \u00e9s lev\u00e9ltr\u00e1gyak\u00e9nt. \u00c1ltal\u00e1nos adagja talajtr\u00e1gyak\u00e9nt, melynek hat\u00e9konys\u00e1g\u00e1t a be\u00f6nt\u00f6z\u00e9s nagyban seg\u00edti 1-5 kg\/ha, lev\u00e9ltr\u00e1gyak\u00e9nt 0,05-0,3 %-os t\u00f6m\u00e9nys\u00e9gben. Ker\u00fclje a szer t\u00faladagol\u00e1s\u00e1t.\u00a0T\u00e1rol\u00e1s: Eredeti, z\u00e1rt csomagol\u00e1sban, m\u00e1s anyagokt\u00f3l elk\u00fcl\u00f6n\u00edtve, j\u00f3l szell\u0151ztetett, sz\u00e1raz, h\u0171v\u00f6s, de fagymentes helyen t\u00e1rolhat\u00f3.\u00a0K\u00f6rnyezetv\u00e9delmi figyelmeztet\u00e9s: Tilos a k\u00e9sz\u00edtm\u00e9nyeket, azok fel nem haszn\u00e1lt marad\u00e9k\u00e1t, azzal szennyezett csomagol\u00f3 burkolat\u00e1t foly\u00f3kba, \u00e1ll\u00f3vizekbe, v\u00edzfoly\u00e1sokba, t\u00e1roz\u00f3kba juttatni.\u00a0Munkaeg\u00e9szs\u00e9g\u00fcgyi v\u00e1rakoz\u00e1si id\u0151: 0 nap<\/span><\/h6>\n<p>&nbsp;<\/p>\n<p>&nbsp;<\/p>","protected":false},"excerpt":{"rendered":"<p>R\u00e9zszulf\u00e1t 1 kg<\/p>\n<p>H\u00e1zikerti felhaszn\u00e1l\u00e1s: 25 g\/10 l v\u00edz.<\/p>\n<p>R\u00e9zszulf\u00e1t pentahidr\u00e1t<\/p>\n<p>\u201eEK-m\u0171tr\u00e1gya\u201d<br \/>\nR\u00e9zhi\u00e1ny kezel\u00e9s\u00e9re alkalmas talaj- \u00e9s lev\u00e9ltr\u00e1gya.<br \/>\nMinden sz\u00e1nt\u00f3f\u00f6ldi \u00e9s kert\u00e9szeti kult\u00far\u00e1hoz alkalmazhat\u00f3.<br \/>\nHat\u00f3anyag tartalom (CuSO4-5H2O): V\u00edzoldhat\u00f3 r\u00e9z (Cu) 25%<\/p>","protected":false},"featured_media":18169,"template":"","meta":{"_et_pb_use_builder":"","_et_pb_old_content":"","_et_gb_content_width":""},"product_brand":[],"product_cat":[3389],"product_tag":[706,4517],"class_list":{"0":"post-18168","1":"product","2":"type-product","3":"status-publish","4":"has-post-thumbnail","6":"product_cat-novenyvedo-szerek","7":"product_tag-1-kg","8":"product_tag-rezszulfat","10":"first","11":"instock","12":"shipping-taxable","13":"purchasable","14":"product-type-simple"},"yoast_head":"<!-- This site is optimized with the Yoast SEO plugin v27.5 - https:\/\/yoast.com\/product\/yoast-seo-wordpress\/ -->\n<title>R\u00e9zszulf\u00e1t 1 kg - T\u00e1jkert\u00e9sz<\/title>\n<meta name=\"description\" content=\"R\u00e9zszulf\u00e1t pentahidr\u00e1t\u201eEK-m\u0171tr\u00e1gya\u201d R\u00e9zhi\u00e1ny kezel\u00e9s\u00e9re alkalmas talaj- \u00e9s lev\u00e9ltr\u00e1gya. A r\u00e9zszulf\u00e1t r\u00e9zhi\u00e1ny t\u00fcneteinek kezel\u00e9s\u00e9re alkalmas m\u0171tr\u00e1gya.\" \/>\n<meta name=\"robots\" content=\"index, follow, max-snippet:-1, max-image-preview:large, max-video-preview:-1\" \/>\n<link rel=\"canonical\" href=\"https:\/\/tajkertesz.com\/en_US\/product\/rezszulfat-1-kg\/\" \/>\n<meta property=\"og:locale\" content=\"en_US\" \/>\n<meta property=\"og:type\" content=\"article\" \/>\n<meta property=\"og:title\" content=\"R\u00e9zszulf\u00e1t 1 kg - T\u00e1jkert\u00e9sz\" \/>\n<meta property=\"og:description\" content=\"R\u00e9zszulf\u00e1t pentahidr\u00e1t\u201eEK-m\u0171tr\u00e1gya\u201d R\u00e9zhi\u00e1ny kezel\u00e9s\u00e9re alkalmas talaj- \u00e9s lev\u00e9ltr\u00e1gya. A r\u00e9zszulf\u00e1t r\u00e9zhi\u00e1ny t\u00fcneteinek kezel\u00e9s\u00e9re alkalmas m\u0171tr\u00e1gya.\" \/>\n<meta property=\"og:url\" content=\"https:\/\/tajkertesz.com\/en_US\/product\/rezszulfat-1-kg\/\" \/>\n<meta property=\"og:site_name\" content=\"T\u00e1jkert\u00e9sz\" \/>\n<meta property=\"article:publisher\" content=\"https:\/\/www.facebook.com\/Tajkertesz\/\" \/>\n<meta property=\"article:modified_time\" content=\"2024-02-06T14:23:29+00:00\" \/>\n<meta property=\"og:image\" content=\"https:\/\/tajkertesz.com\/wp-content\/uploads\/2023\/12\/Rezszulfat.jpg\" \/>\n\t<meta property=\"og:image:width\" content=\"308\" \/>\n\t<meta property=\"og:image:height\" content=\"500\" \/>\n\t<meta property=\"og:image:type\" content=\"image\/jpeg\" \/>\n<meta name=\"twitter:card\" content=\"summary_large_image\" \/>\n<meta name=\"twitter:label1\" content=\"Est. reading time\" \/>\n\t<meta name=\"twitter:data1\" content=\"2 minutes\" \/>\n<script type=\"application\/ld+json\" class=\"yoast-schema-graph\">{\"@context\":\"https:\\\/\\\/schema.org\",\"@graph\":[{\"@type\":\"WebPage\",\"@id\":\"https:\\\/\\\/tajkertesz.com\\\/termek\\\/rezszulfat-1-kg\\\/\",\"url\":\"https:\\\/\\\/tajkertesz.com\\\/termek\\\/rezszulfat-1-kg\\\/\",\"name\":\"R\u00e9zszulf\u00e1t 1 kg - T\u00e1jkert\u00e9sz\",\"isPartOf\":{\"@id\":\"https:\\\/\\\/tajkertesz.com\\\/#website\"},\"primaryImageOfPage\":{\"@id\":\"https:\\\/\\\/tajkertesz.com\\\/termek\\\/rezszulfat-1-kg\\\/#primaryimage\"},\"image\":{\"@id\":\"https:\\\/\\\/tajkertesz.com\\\/termek\\\/rezszulfat-1-kg\\\/#primaryimage\"},\"thumbnailUrl\":\"https:\\\/\\\/tajkertesz.com\\\/wp-content\\\/uploads\\\/2023\\\/12\\\/Rezszulfat.jpg\",\"datePublished\":\"2023-12-12T08:12:55+00:00\",\"dateModified\":\"2024-02-06T14:23:29+00:00\",\"description\":\"R\u00e9zszulf\u00e1t pentahidr\u00e1t\u201eEK-m\u0171tr\u00e1gya\u201d R\u00e9zhi\u00e1ny kezel\u00e9s\u00e9re alkalmas talaj- \u00e9s lev\u00e9ltr\u00e1gya. A r\u00e9zszulf\u00e1t r\u00e9zhi\u00e1ny t\u00fcneteinek kezel\u00e9s\u00e9re alkalmas m\u0171tr\u00e1gya.\",\"breadcrumb\":{\"@id\":\"https:\\\/\\\/tajkertesz.com\\\/termek\\\/rezszulfat-1-kg\\\/#breadcrumb\"},\"inLanguage\":\"en-US\",\"potentialAction\":[{\"@type\":\"ReadAction\",\"target\":[\"https:\\\/\\\/tajkertesz.com\\\/termek\\\/rezszulfat-1-kg\\\/\"]}]},{\"@type\":\"ImageObject\",\"inLanguage\":\"en-US\",\"@id\":\"https:\\\/\\\/tajkertesz.com\\\/termek\\\/rezszulfat-1-kg\\\/#primaryimage\",\"url\":\"https:\\\/\\\/tajkertesz.com\\\/wp-content\\\/uploads\\\/2023\\\/12\\\/Rezszulfat.jpg\",\"contentUrl\":\"https:\\\/\\\/tajkertesz.com\\\/wp-content\\\/uploads\\\/2023\\\/12\\\/Rezszulfat.jpg\",\"width\":308,\"height\":500},{\"@type\":\"BreadcrumbList\",\"@id\":\"https:\\\/\\\/tajkertesz.com\\\/termek\\\/rezszulfat-1-kg\\\/#breadcrumb\",\"itemListElement\":[{\"@type\":\"ListItem\",\"position\":1,\"name\":\"Home\",\"item\":\"https:\\\/\\\/tajkertesz.com\\\/\"},{\"@type\":\"ListItem\",\"position\":2,\"name\":\"Kezd\u0151lap\",\"item\":\"https:\\\/\\\/tajkertesz.com\\\/\"},{\"@type\":\"ListItem\",\"position\":3,\"name\":\"R\u00e9zszulf\u00e1t 1 kg\"}]},{\"@type\":\"WebSite\",\"@id\":\"https:\\\/\\\/tajkertesz.com\\\/#website\",\"url\":\"https:\\\/\\\/tajkertesz.com\\\/\",\"name\":\"T\u00e1j-Kert\u00e9sz 84 Kft.\",\"description\":\"Kert\u00e9szeti kis- \u00e9s nagykeresked\u00e9s, D\u00edszn\u00f6v\u00e9ny web\u00e1ruh\u00e1z orsz\u00e1gos h\u00e1zhozsz\u00e1ll\u00edt\u00e1ssal!\",\"publisher\":{\"@id\":\"https:\\\/\\\/tajkertesz.com\\\/#organization\"},\"potentialAction\":[{\"@type\":\"SearchAction\",\"target\":{\"@type\":\"EntryPoint\",\"urlTemplate\":\"https:\\\/\\\/tajkertesz.com\\\/?s={search_term_string}\"},\"query-input\":{\"@type\":\"PropertyValueSpecification\",\"valueRequired\":true,\"valueName\":\"search_term_string\"}}],\"inLanguage\":\"en-US\"},{\"@type\":\"Organization\",\"@id\":\"https:\\\/\\\/tajkertesz.com\\\/#organization\",\"name\":\"T\u00e1j-Kert\u00e9sz 84 Kft.\",\"url\":\"https:\\\/\\\/tajkertesz.com\\\/\",\"logo\":{\"@type\":\"ImageObject\",\"inLanguage\":\"en-US\",\"@id\":\"https:\\\/\\\/tajkertesz.com\\\/#\\\/schema\\\/logo\\\/image\\\/\",\"url\":\"https:\\\/\\\/tajkertesz.com\\\/wp-content\\\/uploads\\\/2018\\\/02\\\/logo-2-e1518678052539.png\",\"contentUrl\":\"https:\\\/\\\/tajkertesz.com\\\/wp-content\\\/uploads\\\/2018\\\/02\\\/logo-2-e1518678052539.png\",\"width\":81,\"height\":140,\"caption\":\"T\u00e1j-Kert\u00e9sz 84 Kft.\"},\"image\":{\"@id\":\"https:\\\/\\\/tajkertesz.com\\\/#\\\/schema\\\/logo\\\/image\\\/\"},\"sameAs\":[\"https:\\\/\\\/www.facebook.com\\\/Tajkertesz\\\/\"]}]}<\/script>\n<!-- \/ Yoast SEO plugin. -->","yoast_head_json":{"title":"R\u00e9zszulf\u00e1t 1 kg - T\u00e1jkert\u00e9sz","description":"R\u00e9zszulf\u00e1t pentahidr\u00e1t\u201eEK-m\u0171tr\u00e1gya\u201d R\u00e9zhi\u00e1ny kezel\u00e9s\u00e9re alkalmas talaj- \u00e9s lev\u00e9ltr\u00e1gya. A r\u00e9zszulf\u00e1t r\u00e9zhi\u00e1ny t\u00fcneteinek kezel\u00e9s\u00e9re alkalmas m\u0171tr\u00e1gya.","robots":{"index":"index","follow":"follow","max-snippet":"max-snippet:-1","max-image-preview":"max-image-preview:large","max-video-preview":"max-video-preview:-1"},"canonical":"https:\/\/tajkertesz.com\/en_US\/product\/rezszulfat-1-kg\/","og_locale":"en_US","og_type":"article","og_title":"R\u00e9zszulf\u00e1t 1 kg - T\u00e1jkert\u00e9sz","og_description":"R\u00e9zszulf\u00e1t pentahidr\u00e1t\u201eEK-m\u0171tr\u00e1gya\u201d R\u00e9zhi\u00e1ny kezel\u00e9s\u00e9re alkalmas talaj- \u00e9s lev\u00e9ltr\u00e1gya. A r\u00e9zszulf\u00e1t r\u00e9zhi\u00e1ny t\u00fcneteinek kezel\u00e9s\u00e9re alkalmas m\u0171tr\u00e1gya.","og_url":"https:\/\/tajkertesz.com\/en_US\/product\/rezszulfat-1-kg\/","og_site_name":"T\u00e1jkert\u00e9sz","article_publisher":"https:\/\/www.facebook.com\/Tajkertesz\/","article_modified_time":"2024-02-06T14:23:29+00:00","og_image":[{"width":308,"height":500,"url":"https:\/\/tajkertesz.com\/wp-content\/uploads\/2023\/12\/Rezszulfat.jpg","type":"image\/jpeg"}],"twitter_card":"summary_large_image","twitter_misc":{"Est. reading time":"2 minutes"},"schema":{"@context":"https:\/\/schema.org","@graph":[{"@type":"WebPage","@id":"https:\/\/tajkertesz.com\/termek\/rezszulfat-1-kg\/","url":"https:\/\/tajkertesz.com\/termek\/rezszulfat-1-kg\/","name":"R\u00e9zszulf\u00e1t 1 kg - T\u00e1jkert\u00e9sz","isPartOf":{"@id":"https:\/\/tajkertesz.com\/#website"},"primaryImageOfPage":{"@id":"https:\/\/tajkertesz.com\/termek\/rezszulfat-1-kg\/#primaryimage"},"image":{"@id":"https:\/\/tajkertesz.com\/termek\/rezszulfat-1-kg\/#primaryimage"},"thumbnailUrl":"https:\/\/tajkertesz.com\/wp-content\/uploads\/2023\/12\/Rezszulfat.jpg","datePublished":"2023-12-12T08:12:55+00:00","dateModified":"2024-02-06T14:23:29+00:00","description":"R\u00e9zszulf\u00e1t pentahidr\u00e1t\u201eEK-m\u0171tr\u00e1gya\u201d R\u00e9zhi\u00e1ny kezel\u00e9s\u00e9re alkalmas talaj- \u00e9s lev\u00e9ltr\u00e1gya. A r\u00e9zszulf\u00e1t r\u00e9zhi\u00e1ny t\u00fcneteinek kezel\u00e9s\u00e9re alkalmas m\u0171tr\u00e1gya.","breadcrumb":{"@id":"https:\/\/tajkertesz.com\/termek\/rezszulfat-1-kg\/#breadcrumb"},"inLanguage":"en-US","potentialAction":[{"@type":"ReadAction","target":["https:\/\/tajkertesz.com\/termek\/rezszulfat-1-kg\/"]}]},{"@type":"ImageObject","inLanguage":"en-US","@id":"https:\/\/tajkertesz.com\/termek\/rezszulfat-1-kg\/#primaryimage","url":"https:\/\/tajkertesz.com\/wp-content\/uploads\/2023\/12\/Rezszulfat.jpg","contentUrl":"https:\/\/tajkertesz.com\/wp-content\/uploads\/2023\/12\/Rezszulfat.jpg","width":308,"height":500},{"@type":"BreadcrumbList","@id":"https:\/\/tajkertesz.com\/termek\/rezszulfat-1-kg\/#breadcrumb","itemListElement":[{"@type":"ListItem","position":1,"name":"Home","item":"https:\/\/tajkertesz.com\/"},{"@type":"ListItem","position":2,"name":"Kezd\u0151lap","item":"https:\/\/tajkertesz.com\/"},{"@type":"ListItem","position":3,"name":"R\u00e9zszulf\u00e1t 1 kg"}]},{"@type":"WebSite","@id":"https:\/\/tajkertesz.com\/#website","url":"https:\/\/tajkertesz.com\/","name":"T\u00e1j-Kert\u00e9sz 84 Kft.","description":"Kert\u00e9szeti kis- \u00e9s nagykeresked\u00e9s, D\u00edszn\u00f6v\u00e9ny web\u00e1ruh\u00e1z orsz\u00e1gos h\u00e1zhozsz\u00e1ll\u00edt\u00e1ssal!","publisher":{"@id":"https:\/\/tajkertesz.com\/#organization"},"potentialAction":[{"@type":"SearchAction","target":{"@type":"EntryPoint","urlTemplate":"https:\/\/tajkertesz.com\/?s={search_term_string}"},"query-input":{"@type":"PropertyValueSpecification","valueRequired":true,"valueName":"search_term_string"}}],"inLanguage":"en-US"},{"@type":"Organization","@id":"https:\/\/tajkertesz.com\/#organization","name":"T\u00e1j-Kert\u00e9sz 84 Kft.","url":"https:\/\/tajkertesz.com\/","logo":{"@type":"ImageObject","inLanguage":"en-US","@id":"https:\/\/tajkertesz.com\/#\/schema\/logo\/image\/","url":"https:\/\/tajkertesz.com\/wp-content\/uploads\/2018\/02\/logo-2-e1518678052539.png","contentUrl":"https:\/\/tajkertesz.com\/wp-content\/uploads\/2018\/02\/logo-2-e1518678052539.png","width":81,"height":140,"caption":"T\u00e1j-Kert\u00e9sz 84 Kft."},"image":{"@id":"https:\/\/tajkertesz.com\/#\/schema\/logo\/image\/"},"sameAs":["https:\/\/www.facebook.com\/Tajkertesz\/"]}]}},"_links":{"self":[{"href":"https:\/\/tajkertesz.com\/en_US\/wp-json\/wp\/v2\/product\/18168","targetHints":{"allow":["GET"]}}],"collection":[{"href":"https:\/\/tajkertesz.com\/en_US\/wp-json\/wp\/v2\/product"}],"about":[{"href":"https:\/\/tajkertesz.com\/en_US\/wp-json\/wp\/v2\/types\/product"}],"wp:featuredmedia":[{"embeddable":true,"href":"https:\/\/tajkertesz.com\/en_US\/wp-json\/wp\/v2\/media\/18169"}],"wp:attachment":[{"href":"https:\/\/tajkertesz.com\/en_US\/wp-json\/wp\/v2\/media?parent=18168"}],"wp:term":[{"taxonomy":"product_brand","embeddable":true,"href":"https:\/\/tajkertesz.com\/en_US\/wp-json\/wp\/v2\/product_brand?post=18168"},{"taxonomy":"product_cat","embeddable":true,"href":"https:\/\/tajkertesz.com\/en_US\/wp-json\/wp\/v2\/product_cat?post=18168"},{"taxonomy":"product_tag","embeddable":true,"href":"https:\/\/tajkertesz.com\/en_US\/wp-json\/wp\/v2\/product_tag?post=18168"}],"curies":[{"name":"wp","href":"https:\/\/api.w.org\/{rel}","templated":true}]}}