{"id":18173,"date":"2023-12-13T08:38:28","date_gmt":"2023-12-13T08:38:28","guid":{"rendered":"https:\/\/tajkertesz.com\/?post_type=product&#038;p=18173"},"modified":"2023-12-15T09:09:58","modified_gmt":"2023-12-15T09:09:58","slug":"malus-red-sentinel-diszalma","status":"publish","type":"product","link":"https:\/\/tajkertesz.com\/en_US\/product\/malus-red-sentinel-diszalma\/","title":{"rendered":"Malus &#8216;Red Sentinel&#8217;\u00a0 d\u00edszalma"},"content":{"rendered":"<div>\n<div dir=\"auto\">Malus &#8216;Red Sentinel&#8217;\u00a0 d\u00edszalma<\/div>\n<div dir=\"auto\"><\/div>\n<\/div>\n<div>\n<div dir=\"auto\">Kisebb termet\u0171 4-6m magasra n\u00f6v\u0151 kev\u00e9s v\u00edzig\u00e9ny\u0171 fajta.<\/div>\n<div dir=\"auto\">\u00c1prilis-m\u00e1jusban vir\u00e1gzik, \u0151szi lomb sz\u00edne s\u00e1rga. Term\u00e9se kerekded \u00e9l\u00e9nk piros sz\u00edn\u0171.<\/div>\n<div dir=\"auto\">Nagy f\u00e9nyig\u00e9ny\u0171 n\u00f6v\u00e9ny, semleges j\u00f3 v\u00edzgazd\u00e1lkod\u00e1s\u00fa talajt kedvel.<\/div>\n<\/div>\n<div>\n<div dir=\"auto\">A fot\u00f3k kert\u00e9szet\u00fcnkben k\u00e9sz\u00fcltek !<\/div>\n<\/div>\n<div dir=\"auto\">Jelen term\u00e9k\u00fcnk kb:4m+ magas\u00a0 \u00e9s kb: 35 literes kont\u00e9nerben kaphat\u00f3.<\/div>\n<div dir=\"auto\">\n<p><strong>K\u00e9szlet\u00fcnk napi szinten v\u00e1ltozik, ez\u00e9rt k\u00e9rj\u00fck, \u00e9rdekl\u0151dj\u00f6n szem\u00e9lyesen, telefonon vagy email-en.<br \/>\nA v\u00e1ltoztat\u00e1s jog\u00e1t fenntartjuk!\u00a0<\/strong><\/p>\n<p>&nbsp;<\/p>\n<p><a href=\"https:\/\/tajkertesz.com\/\">https:\/\/tajkertesz.com\/<\/a><\/p>\n<p><a href=\"https:\/\/www.facebook.com\/tajkertesz\/\">https:\/\/www.facebook.com\/tajkertesz\/<\/a><\/p>\n<p>Kisz\u00e1ll\u00edt\u00e1s: 200cm-ig \u00a0\u00e9s 40 kg-ig a sz\u00e1ll\u00edt\u00e1s fut\u00e1rszolg\u00e1lattal \u00a0t\u00f6rt\u00e9nik.<\/p>\n<p>Szem\u00e9lyes \u00e1tv\u00e9tel nyitvatart\u00e1si id\u0151ben a 17. ker\u00fclet Bakancsos utca 7. sz\u00e1m alatti Kert\u00e9szeti \u00e1rud\u00e1ban.<\/p>\n<h2>Hogyan \u00e9s mivel d\u00edsz\u00edtenek a d\u00edszalmaf\u00e1k?<\/h2>\n<p>A d\u00edszalmaf\u00e1k (Malus) n\u00e9pszer\u0171 d\u00edszn\u00f6v\u00e9nyek, amelyeknek sz\u00e1mos dekorat\u00edv jellemz\u0151je van. Ezek k\u00f6z\u00fcl a legfontosabbak a k\u00f6vetkez\u0151k:<\/p>\n<ul>\n<li>Tavasszal b\u0151s\u00e9gesen vir\u00e1goznak, \u00e9s gy\u00f6ny\u00f6r\u0171 feh\u00e9r, r\u00f3zsasz\u00edn vagy piros vir\u00e1gokat hoznak. Ez a l\u00e1tv\u00e1ny igaz\u00e1n szemet gy\u00f6ny\u00f6rk\u00f6dtet\u0151 lehet.<\/li>\n<li>Gy\u00fcm\u00f6lcsei is d\u00edsz\u00edt\u0151 \u00e9rt\u00e9kkel b\u00edrnak, k\u00fcl\u00f6n\u00f6sen az \u0151szi h\u00f3napokban, amikor a f\u00e1k tele vannak alm\u00e1kkal. Az almaf\u00e1k k\u00fcl\u00f6nb\u00f6z\u0151 fajt\u00e1i k\u00fcl\u00f6nb\u00f6z\u0151 sz\u00edn\u0171 \u00e9s form\u00e1j\u00fa alm\u00e1kat hoznak, \u00edgy a kert\u00e9sz sz\u00e1mos lehet\u0151s\u00e9ggel rendelkezik a d\u00edsz\u00edt\u00e9shez.<\/li>\n<li>Lombozata ny\u00e1ron s\u0171r\u0171 \u00e9s z\u00f6ld, majd az \u0151sszel s\u00e1rg\u00e1ra vagy pirosra v\u00e1ltozik, ami szint\u00e9n nagyon dekorat\u00edv lehet.<\/li>\n<li>K\u00e9rg\u00e9nek sz\u00edne \u00e9s text\u00far\u00e1ja is d\u00edsz\u00edt\u0151 \u00e9rt\u00e9kkel b\u00edrhat. Az id\u0151sebb f\u00e1k k\u00e9rg\u00e9nek sz\u00edne \u00e9s mint\u00e1zata gyakran nagyon vonz\u00f3.<\/li>\n<li>K\u00fcl\u00f6nb\u00f6z\u0151 m\u00e9ret\u0171ek lehetnek, \u00e9s k\u00fcl\u00f6nb\u00f6z\u0151 form\u00e1kat \u00f6lthetnek. N\u00e9h\u00e1ny fajta t\u00f6rpe m\u00e9ret\u0171, \u00e9s ide\u00e1lis azoknak a kert\u00e9szeknek, akik kisebb kertekkel rendelkeznek. M\u00e1s fajt\u00e1k magasabbak \u00e9s sz\u00e9lesebbek, \u00e9s kiv\u00e1l\u00f3 \u00e1rny\u00e9kot ny\u00fajtanak a kertben.<\/li>\n<\/ul>\n<h2>Hova \u00e9rdemes d\u00edszalma f\u00e1t \u00fcltetni?<\/h2>\n<div class=\"flex-1 overflow-hidden\">\n<div class=\"react-scroll-to-bottom--css-nbbtk-79elbk h-full dark:bg-gray-800\">\n<div class=\"react-scroll-to-bottom--css-nbbtk-1n7m0yu\">\n<div class=\"flex flex-col items-center text-sm dark:bg-gray-800\">\n<div class=\"group w-full text-gray-800 dark:text-gray-100 border-b border-black\/10 dark:border-gray-900\/50 bg-gray-50 dark:bg-[#444654]\">\n<div class=\"text-base gap-4 md:gap-6 md:max-w-2xl lg:max-w-2xl xl:max-w-3xl p-4 md:py-6 flex lg:px-0 m-auto\">\n<div class=\"relative flex w-[calc(100%-50px)] flex-col gap-1 md:gap-3 lg:w-[calc(100%-115px)]\">\n<div class=\"flex flex-grow flex-col gap-3\">\n<div class=\"min-h-[20px] flex flex-col items-start gap-4 whitespace-pre-wrap\">\n<div class=\"markdown prose w-full break-words dark:prose-invert light\">\n<p>A\u00a0d\u00edszalm\u00e1k viszonylag k\u00f6nnyen nevelhet\u0151k \u00e9s gondozhat\u00f3k, \u00e9s a megfelel\u0151 k\u00f6rnyezeti felt\u00e9telek biztos\u00edt\u00e1sa eset\u00e9n hossz\u00fa \u00e9let\u0171 \u00e9s sz\u00e9p d\u00edszn\u00f6v\u00e9nyekk\u00e9 v\u00e1lhatnak.\u00a0\u00c1ltal\u00e1ban j\u00f3l alkalmazkodnak a k\u00fcl\u00f6nb\u00f6z\u0151 k\u00f6rnyezeti felt\u00e9telekhez, de van n\u00e9h\u00e1ny fontos k\u00f6rnyezeti ig\u00e9ny\u00fck, amit \u00e9rdemes figyelembe venni, ha \u00fcltetni szeretn\u00e9nk \u0151ket.<\/p>\n<p>F\u00e9nyig\u00e9ny: A d\u00edszalm\u00e1k sz\u00e1m\u00e1ra optim\u00e1lis n\u00f6veked\u00e9shez \u00e9s vir\u00e1gz\u00e1sukhoz napos vagy f\u00e9l\u00e1rny\u00e9kos helyre van sz\u00fcks\u00e9g\u00fck. Teljes \u00e1rny\u00e9kban nem fejl\u0151dnek j\u00f3l, \u00e9s kev\u00e9sb\u00e9 d\u00edsz\u00edt\u0151 hat\u00e1s\u00faak.<\/p>\n<p>H\u0151m\u00e9rs\u00e9klet: \u00c1ltal\u00e1ban j\u00f3l b\u00edrj\u00e1k a hideget, \u00e9s ellen\u00e1ll\u00f3ak a fagyokkal szemben is. Azonban a t\u00falzott h\u0151 \u00e9s sz\u00e1razs\u00e1g k\u00e1ros hat\u00e1ssal lehet r\u00e1juk.<\/p>\n<p>Talaj: A d\u00edszalm\u00e1k sz\u00e1m\u00e1ra a j\u00f3 v\u00edzelvezet\u00e9s\u0171, t\u00e1panyagban gazdag talaj a legmegfelel\u0151bb. A t\u00falzott nedvess\u00e9g \u00e9s a pang\u00f3 v\u00edz elker\u00fcl\u00e9se \u00e9rdek\u00e9ben \u00e9rdemes j\u00f3 v\u00edzelvezet\u00e9ssel rendelkez\u0151 ter\u00fcletre \u00fcltetni \u0151ket. A talaj pH-\u00e9rt\u00e9k\u00e9t tekintve sem t\u00fal magasan, sem t\u00fal alacsonyan kell lennie.<\/p>\n<p>\u00dcltet\u00e9s: Az \u00fcltet\u00e9s hely\u00e9nek kiv\u00e1laszt\u00e1sakor \u00fcgyelni kell arra, hogy a n\u00f6v\u00e9nyek ne zavarj\u00e1k a j\u00e1rd\u00e1kat, a vezet\u00e9keket, vagy a szomsz\u00e9dos n\u00f6v\u00e9nyeket. A fajt\u00e1t\u00f3l f\u00fcgg\u0151en a n\u00f6v\u00e9nyeket 2-3 m\u00e9teres t\u00e1vols\u00e1gra \u00fcltess\u00fck egym\u00e1st\u00f3l.<\/p>\n<\/div>\n<\/div>\n<\/div>\n<\/div>\n<\/div>\n<\/div>\n<\/div>\n<\/div>\n<\/div>\n<\/div>\n<p>Forr\u00e1s:https:\/\/kertnet.hu\/diszalma<\/p>\n<\/div>\n","protected":false},"excerpt":{"rendered":"<div>\n<div dir=\"auto\">Malus &#8216;Red Sentinel&#8217;\u00a0 d\u00edszalma<\/div>\n<div dir=\"auto\"><\/div>\n<\/div>\n<div>\n<div dir=\"auto\">Kisebb termet\u0171 4-6m magasra n\u00f6v\u0151 kev\u00e9s v\u00edzig\u00e9ny\u0171 fajta.<\/div>\n<div dir=\"auto\">\u00c1prilis-m\u00e1jusban vir\u00e1gzik, \u0151szi lomb sz\u00edne s\u00e1rga. Term\u00e9se kerekded \u00e9l\u00e9nk piros sz\u00edn\u0171.<\/div>\n<div dir=\"auto\">Nagy f\u00e9nyig\u00e9ny\u0171 n\u00f6v\u00e9ny, semleges j\u00f3 v\u00edzgazd\u00e1lkod\u00e1s\u00fa talajt kedvel.<\/div>\n<\/div>\n<div>\n<div dir=\"auto\">A fot\u00f3k kert\u00e9szet\u00fcnkben k\u00e9sz\u00fcltek !<\/div>\n<div dir=\"auto\">Jelen term\u00e9k\u00fcnk kb 4m+\u00a0 magas\u00a0 \u00e9s kb: 35 literes kont\u00e9nerben kaphat\u00f3<\/div>\n<h2 dir=\"auto\"><span style=\"color: #ff0000;\">Fut\u00e1rszolg\u00e1lattal m\u00e9rete miatt nem sz\u00e1ll\u00edthat\u00f3!<\/span><\/h2>\n<\/div>\n<div dir=\"auto\"><\/div>","protected":false},"featured_media":18174,"template":"","meta":{"_et_pb_use_builder":"","_et_pb_old_content":"","_et_gb_content_width":""},"product_brand":[],"product_cat":[28],"product_tag":[106,107,4399,4518],"class_list":{"0":"post-18173","1":"product","2":"type-product","3":"status-publish","4":"has-post-thumbnail","6":"product_cat-diszfak","7":"product_tag-diszalma","8":"product_tag-malus","9":"product_tag-red","10":"product_tag-sentinel","12":"first","13":"instock","14":"shipping-taxable","15":"purchasable","16":"product-type-simple"},"yoast_head":"<!-- This site is optimized with the Yoast SEO plugin v27.3 - https:\/\/yoast.com\/product\/yoast-seo-wordpress\/ -->\n<title>Malus &#039;Red Sentinel&#039;\u00a0 d\u00edszalma - T\u00e1jkert\u00e9sz<\/title>\n<meta name=\"description\" content=\"Malus &#039;Red Sentinel&#039;\u00a0 d\u00edszalma. Kisebb termet\u0171 4-6m magasra n\u00f6v\u0151 kev\u00e9s v\u00edzig\u00e9ny\u0171 fajta. \u00c1prilis-m\u00e1jusban vir\u00e1gzik, \u0151szi lomb sz\u00edne s\u00e1rga.\" \/>\n<meta name=\"robots\" content=\"index, follow, max-snippet:-1, max-image-preview:large, max-video-preview:-1\" \/>\n<link rel=\"canonical\" href=\"https:\/\/tajkertesz.com\/en_US\/product\/malus-red-sentinel-diszalma\/\" \/>\n<meta property=\"og:locale\" content=\"en_US\" \/>\n<meta property=\"og:type\" content=\"article\" \/>\n<meta property=\"og:title\" content=\"Malus &#039;Red Sentinel&#039;\u00a0 d\u00edszalma - T\u00e1jkert\u00e9sz\" \/>\n<meta property=\"og:description\" content=\"Malus &#039;Red Sentinel&#039;\u00a0 d\u00edszalma. Kisebb termet\u0171 4-6m magasra n\u00f6v\u0151 kev\u00e9s v\u00edzig\u00e9ny\u0171 fajta. \u00c1prilis-m\u00e1jusban vir\u00e1gzik, \u0151szi lomb sz\u00edne s\u00e1rga.\" \/>\n<meta property=\"og:url\" content=\"https:\/\/tajkertesz.com\/en_US\/product\/malus-red-sentinel-diszalma\/\" \/>\n<meta property=\"og:site_name\" content=\"T\u00e1jkert\u00e9sz\" \/>\n<meta property=\"article:publisher\" content=\"https:\/\/www.facebook.com\/Tajkertesz\/\" \/>\n<meta property=\"article:modified_time\" content=\"2023-12-15T09:09:58+00:00\" \/>\n<meta property=\"og:image\" content=\"https:\/\/tajkertesz.com\/wp-content\/uploads\/2023\/12\/alma4-1.jpg\" \/>\n\t<meta property=\"og:image:width\" content=\"923\" \/>\n\t<meta property=\"og:image:height\" content=\"2048\" \/>\n\t<meta property=\"og:image:type\" content=\"image\/jpeg\" \/>\n<meta name=\"twitter:card\" content=\"summary_large_image\" \/>\n<meta name=\"twitter:label1\" content=\"Est. reading time\" \/>\n\t<meta name=\"twitter:data1\" content=\"3 minutes\" \/>\n<script type=\"application\/ld+json\" class=\"yoast-schema-graph\">{\"@context\":\"https:\\\/\\\/schema.org\",\"@graph\":[{\"@type\":\"WebPage\",\"@id\":\"https:\\\/\\\/tajkertesz.com\\\/termek\\\/malus-red-sentinel-diszalma\\\/\",\"url\":\"https:\\\/\\\/tajkertesz.com\\\/termek\\\/malus-red-sentinel-diszalma\\\/\",\"name\":\"Malus 'Red Sentinel'\u00a0 d\u00edszalma - T\u00e1jkert\u00e9sz\",\"isPartOf\":{\"@id\":\"https:\\\/\\\/tajkertesz.com\\\/#website\"},\"primaryImageOfPage\":{\"@id\":\"https:\\\/\\\/tajkertesz.com\\\/termek\\\/malus-red-sentinel-diszalma\\\/#primaryimage\"},\"image\":{\"@id\":\"https:\\\/\\\/tajkertesz.com\\\/termek\\\/malus-red-sentinel-diszalma\\\/#primaryimage\"},\"thumbnailUrl\":\"https:\\\/\\\/tajkertesz.com\\\/wp-content\\\/uploads\\\/2023\\\/12\\\/alma4-1.jpg\",\"datePublished\":\"2023-12-13T08:38:28+00:00\",\"dateModified\":\"2023-12-15T09:09:58+00:00\",\"description\":\"Malus 'Red Sentinel'\u00a0 d\u00edszalma. Kisebb termet\u0171 4-6m magasra n\u00f6v\u0151 kev\u00e9s v\u00edzig\u00e9ny\u0171 fajta. \u00c1prilis-m\u00e1jusban vir\u00e1gzik, \u0151szi lomb sz\u00edne s\u00e1rga.\",\"breadcrumb\":{\"@id\":\"https:\\\/\\\/tajkertesz.com\\\/termek\\\/malus-red-sentinel-diszalma\\\/#breadcrumb\"},\"inLanguage\":\"en-US\",\"potentialAction\":[{\"@type\":\"ReadAction\",\"target\":[\"https:\\\/\\\/tajkertesz.com\\\/termek\\\/malus-red-sentinel-diszalma\\\/\"]}]},{\"@type\":\"ImageObject\",\"inLanguage\":\"en-US\",\"@id\":\"https:\\\/\\\/tajkertesz.com\\\/termek\\\/malus-red-sentinel-diszalma\\\/#primaryimage\",\"url\":\"https:\\\/\\\/tajkertesz.com\\\/wp-content\\\/uploads\\\/2023\\\/12\\\/alma4-1.jpg\",\"contentUrl\":\"https:\\\/\\\/tajkertesz.com\\\/wp-content\\\/uploads\\\/2023\\\/12\\\/alma4-1.jpg\",\"width\":923,\"height\":2048},{\"@type\":\"BreadcrumbList\",\"@id\":\"https:\\\/\\\/tajkertesz.com\\\/termek\\\/malus-red-sentinel-diszalma\\\/#breadcrumb\",\"itemListElement\":[{\"@type\":\"ListItem\",\"position\":1,\"name\":\"Home\",\"item\":\"https:\\\/\\\/tajkertesz.com\\\/\"},{\"@type\":\"ListItem\",\"position\":2,\"name\":\"Kezd\u0151lap\",\"item\":\"https:\\\/\\\/tajkertesz.com\\\/\"},{\"@type\":\"ListItem\",\"position\":3,\"name\":\"Malus &#8216;Red Sentinel&#8217;\u00a0 d\u00edszalma\"}]},{\"@type\":\"WebSite\",\"@id\":\"https:\\\/\\\/tajkertesz.com\\\/#website\",\"url\":\"https:\\\/\\\/tajkertesz.com\\\/\",\"name\":\"T\u00e1j-Kert\u00e9sz 84 Kft.\",\"description\":\"Kert\u00e9szeti kis- \u00e9s nagykeresked\u00e9s, D\u00edszn\u00f6v\u00e9ny web\u00e1ruh\u00e1z orsz\u00e1gos h\u00e1zhozsz\u00e1ll\u00edt\u00e1ssal!\",\"publisher\":{\"@id\":\"https:\\\/\\\/tajkertesz.com\\\/#organization\"},\"potentialAction\":[{\"@type\":\"SearchAction\",\"target\":{\"@type\":\"EntryPoint\",\"urlTemplate\":\"https:\\\/\\\/tajkertesz.com\\\/?s={search_term_string}\"},\"query-input\":{\"@type\":\"PropertyValueSpecification\",\"valueRequired\":true,\"valueName\":\"search_term_string\"}}],\"inLanguage\":\"en-US\"},{\"@type\":\"Organization\",\"@id\":\"https:\\\/\\\/tajkertesz.com\\\/#organization\",\"name\":\"T\u00e1j-Kert\u00e9sz 84 Kft.\",\"url\":\"https:\\\/\\\/tajkertesz.com\\\/\",\"logo\":{\"@type\":\"ImageObject\",\"inLanguage\":\"en-US\",\"@id\":\"https:\\\/\\\/tajkertesz.com\\\/#\\\/schema\\\/logo\\\/image\\\/\",\"url\":\"https:\\\/\\\/tajkertesz.com\\\/wp-content\\\/uploads\\\/2018\\\/02\\\/logo-2-e1518678052539.png\",\"contentUrl\":\"https:\\\/\\\/tajkertesz.com\\\/wp-content\\\/uploads\\\/2018\\\/02\\\/logo-2-e1518678052539.png\",\"width\":81,\"height\":140,\"caption\":\"T\u00e1j-Kert\u00e9sz 84 Kft.\"},\"image\":{\"@id\":\"https:\\\/\\\/tajkertesz.com\\\/#\\\/schema\\\/logo\\\/image\\\/\"},\"sameAs\":[\"https:\\\/\\\/www.facebook.com\\\/Tajkertesz\\\/\"]}]}<\/script>\n<!-- \/ Yoast SEO plugin. -->","yoast_head_json":{"title":"Malus 'Red Sentinel'\u00a0 d\u00edszalma - T\u00e1jkert\u00e9sz","description":"Malus 'Red Sentinel'\u00a0 d\u00edszalma. Kisebb termet\u0171 4-6m magasra n\u00f6v\u0151 kev\u00e9s v\u00edzig\u00e9ny\u0171 fajta. \u00c1prilis-m\u00e1jusban vir\u00e1gzik, \u0151szi lomb sz\u00edne s\u00e1rga.","robots":{"index":"index","follow":"follow","max-snippet":"max-snippet:-1","max-image-preview":"max-image-preview:large","max-video-preview":"max-video-preview:-1"},"canonical":"https:\/\/tajkertesz.com\/en_US\/product\/malus-red-sentinel-diszalma\/","og_locale":"en_US","og_type":"article","og_title":"Malus 'Red Sentinel'\u00a0 d\u00edszalma - T\u00e1jkert\u00e9sz","og_description":"Malus 'Red Sentinel'\u00a0 d\u00edszalma. Kisebb termet\u0171 4-6m magasra n\u00f6v\u0151 kev\u00e9s v\u00edzig\u00e9ny\u0171 fajta. \u00c1prilis-m\u00e1jusban vir\u00e1gzik, \u0151szi lomb sz\u00edne s\u00e1rga.","og_url":"https:\/\/tajkertesz.com\/en_US\/product\/malus-red-sentinel-diszalma\/","og_site_name":"T\u00e1jkert\u00e9sz","article_publisher":"https:\/\/www.facebook.com\/Tajkertesz\/","article_modified_time":"2023-12-15T09:09:58+00:00","og_image":[{"width":923,"height":2048,"url":"https:\/\/tajkertesz.com\/wp-content\/uploads\/2023\/12\/alma4-1.jpg","type":"image\/jpeg"}],"twitter_card":"summary_large_image","twitter_misc":{"Est. reading time":"3 minutes"},"schema":{"@context":"https:\/\/schema.org","@graph":[{"@type":"WebPage","@id":"https:\/\/tajkertesz.com\/termek\/malus-red-sentinel-diszalma\/","url":"https:\/\/tajkertesz.com\/termek\/malus-red-sentinel-diszalma\/","name":"Malus 'Red Sentinel'\u00a0 d\u00edszalma - T\u00e1jkert\u00e9sz","isPartOf":{"@id":"https:\/\/tajkertesz.com\/#website"},"primaryImageOfPage":{"@id":"https:\/\/tajkertesz.com\/termek\/malus-red-sentinel-diszalma\/#primaryimage"},"image":{"@id":"https:\/\/tajkertesz.com\/termek\/malus-red-sentinel-diszalma\/#primaryimage"},"thumbnailUrl":"https:\/\/tajkertesz.com\/wp-content\/uploads\/2023\/12\/alma4-1.jpg","datePublished":"2023-12-13T08:38:28+00:00","dateModified":"2023-12-15T09:09:58+00:00","description":"Malus 'Red Sentinel'\u00a0 d\u00edszalma. Kisebb termet\u0171 4-6m magasra n\u00f6v\u0151 kev\u00e9s v\u00edzig\u00e9ny\u0171 fajta. \u00c1prilis-m\u00e1jusban vir\u00e1gzik, \u0151szi lomb sz\u00edne s\u00e1rga.","breadcrumb":{"@id":"https:\/\/tajkertesz.com\/termek\/malus-red-sentinel-diszalma\/#breadcrumb"},"inLanguage":"en-US","potentialAction":[{"@type":"ReadAction","target":["https:\/\/tajkertesz.com\/termek\/malus-red-sentinel-diszalma\/"]}]},{"@type":"ImageObject","inLanguage":"en-US","@id":"https:\/\/tajkertesz.com\/termek\/malus-red-sentinel-diszalma\/#primaryimage","url":"https:\/\/tajkertesz.com\/wp-content\/uploads\/2023\/12\/alma4-1.jpg","contentUrl":"https:\/\/tajkertesz.com\/wp-content\/uploads\/2023\/12\/alma4-1.jpg","width":923,"height":2048},{"@type":"BreadcrumbList","@id":"https:\/\/tajkertesz.com\/termek\/malus-red-sentinel-diszalma\/#breadcrumb","itemListElement":[{"@type":"ListItem","position":1,"name":"Home","item":"https:\/\/tajkertesz.com\/"},{"@type":"ListItem","position":2,"name":"Kezd\u0151lap","item":"https:\/\/tajkertesz.com\/"},{"@type":"ListItem","position":3,"name":"Malus &#8216;Red Sentinel&#8217;\u00a0 d\u00edszalma"}]},{"@type":"WebSite","@id":"https:\/\/tajkertesz.com\/#website","url":"https:\/\/tajkertesz.com\/","name":"T\u00e1j-Kert\u00e9sz 84 Kft.","description":"Kert\u00e9szeti kis- \u00e9s nagykeresked\u00e9s, D\u00edszn\u00f6v\u00e9ny web\u00e1ruh\u00e1z orsz\u00e1gos h\u00e1zhozsz\u00e1ll\u00edt\u00e1ssal!","publisher":{"@id":"https:\/\/tajkertesz.com\/#organization"},"potentialAction":[{"@type":"SearchAction","target":{"@type":"EntryPoint","urlTemplate":"https:\/\/tajkertesz.com\/?s={search_term_string}"},"query-input":{"@type":"PropertyValueSpecification","valueRequired":true,"valueName":"search_term_string"}}],"inLanguage":"en-US"},{"@type":"Organization","@id":"https:\/\/tajkertesz.com\/#organization","name":"T\u00e1j-Kert\u00e9sz 84 Kft.","url":"https:\/\/tajkertesz.com\/","logo":{"@type":"ImageObject","inLanguage":"en-US","@id":"https:\/\/tajkertesz.com\/#\/schema\/logo\/image\/","url":"https:\/\/tajkertesz.com\/wp-content\/uploads\/2018\/02\/logo-2-e1518678052539.png","contentUrl":"https:\/\/tajkertesz.com\/wp-content\/uploads\/2018\/02\/logo-2-e1518678052539.png","width":81,"height":140,"caption":"T\u00e1j-Kert\u00e9sz 84 Kft."},"image":{"@id":"https:\/\/tajkertesz.com\/#\/schema\/logo\/image\/"},"sameAs":["https:\/\/www.facebook.com\/Tajkertesz\/"]}]}},"_links":{"self":[{"href":"https:\/\/tajkertesz.com\/en_US\/wp-json\/wp\/v2\/product\/18173","targetHints":{"allow":["GET"]}}],"collection":[{"href":"https:\/\/tajkertesz.com\/en_US\/wp-json\/wp\/v2\/product"}],"about":[{"href":"https:\/\/tajkertesz.com\/en_US\/wp-json\/wp\/v2\/types\/product"}],"wp:featuredmedia":[{"embeddable":true,"href":"https:\/\/tajkertesz.com\/en_US\/wp-json\/wp\/v2\/media\/18174"}],"wp:attachment":[{"href":"https:\/\/tajkertesz.com\/en_US\/wp-json\/wp\/v2\/media?parent=18173"}],"wp:term":[{"taxonomy":"product_brand","embeddable":true,"href":"https:\/\/tajkertesz.com\/en_US\/wp-json\/wp\/v2\/product_brand?post=18173"},{"taxonomy":"product_cat","embeddable":true,"href":"https:\/\/tajkertesz.com\/en_US\/wp-json\/wp\/v2\/product_cat?post=18173"},{"taxonomy":"product_tag","embeddable":true,"href":"https:\/\/tajkertesz.com\/en_US\/wp-json\/wp\/v2\/product_tag?post=18173"}],"curies":[{"name":"wp","href":"https:\/\/api.w.org\/{rel}","templated":true}]}}